{"id":99,"date":"2025-12-20T08:18:49","date_gmt":"2025-12-20T08:18:49","guid":{"rendered":"https:\/\/laerkeryge.maktechagency.com\/?page_id=99"},"modified":"2026-01-15T03:42:31","modified_gmt":"2026-01-15T03:42:31","slug":"cap-4-vocabulario","status":"publish","type":"page","link":"https:\/\/laerkeryge.maktechagency.com\/index.php\/cap-4-vocabulario\/","title":{"rendered":"Cap 4 Vocabulario"},"content":{"rendered":"\t\t<div data-elementor-type=\"wp-page\" data-elementor-id=\"99\" class=\"elementor elementor-99\" data-elementor-post-type=\"page\">\n\t\t\t\t<div class=\"elementor-element elementor-element-305d37b e-con-full e-flex e-con e-parent\" data-id=\"305d37b\" data-element_type=\"container\" data-settings=\"{&quot;background_background&quot;:&quot;classic&quot;}\">\n\t\t\t\t<\/div>\n\t\t<div class=\"elementor-element elementor-element-5911a18 e-con-full e-flex e-con e-parent\" data-id=\"5911a18\" data-element_type=\"container\">\n\t\t<div class=\"elementor-element elementor-element-6230f9a e-con-full e-flex e-con e-child\" data-id=\"6230f9a\" data-element_type=\"container\">\n\t\t<div class=\"elementor-element elementor-element-1381bb5 e-con-full e-flex e-con e-child\" data-id=\"1381bb5\" data-element_type=\"container\">\n\t\t<div class=\"elementor-element elementor-element-64220c2 e-con-full e-flex e-con e-child\" data-id=\"64220c2\" data-element_type=\"container\">\n\t\t\t\t<div class=\"elementor-element elementor-element-4921c07 elementor-widget elementor-widget-heading\" data-id=\"4921c07\" data-element_type=\"widget\" data-widget_type=\"heading.default\">\n\t\t\t\t\t<h2 class=\"elementor-heading-title elementor-size-default\">Opgave 1: Vocabulario para expresar opini\u00f3n y para discutir  \u270f\ufe0f\n\n\n<\/h2>\t\t\t\t<\/div>\n\t\t\t\t<div class=\"elementor-element elementor-element-9897296 elementor-widget elementor-widget-text-editor\" data-id=\"9897296\" data-element_type=\"widget\" data-widget_type=\"text-editor.default\">\n\t\t\t\t\t\t\t\t\t<p>\u200b<em>Pensar que<\/em>: at synes, at<br \/><em>En mi opini\u00f3n<\/em>: efter min mening<br \/><em>Creer que<\/em>: at tro, at<br \/><em>Por un lado \u2026 por otro lado<\/em>: p\u00e5 den ene side \u2026 p\u00e5 den anden side<br \/><em>A lo mejor<\/em>: m\u00e5ske<\/p>\t\t\t\t\t\t\t\t<\/div>\n\t\t\t\t<div class=\"elementor-element elementor-element-6853a17 elementor-widget elementor-widget-text-editor\" data-id=\"6853a17\" data-element_type=\"widget\" data-widget_type=\"text-editor.default\">\n\t\t\t\t\t\t\t\t\t<p>a) Terminar las frases<br \/>\u200bKig p\u00e5 billedet herunder, og afslut selv s\u00e6tningerne:<\/p>\t\t\t\t\t\t\t\t<\/div>\n\t\t\t\t<div class=\"elementor-element elementor-element-5d464f5 elementor-widget elementor-widget-text-editor\" data-id=\"5d464f5\" data-element_type=\"widget\" data-widget_type=\"text-editor.default\">\n\t\t\t\t\t\t\t\t\t<ol><li>Pienso que \u2026<\/li><li>En mi opinion \u2026<\/li><li>Creo que \u2026<\/li><li>Por un lado \u2026<\/li><li>A lo mejor \u2026<\/li><\/ol>\t\t\t\t\t\t\t\t<\/div>\n\t\t\t\t<\/div>\n\t\t<div class=\"elementor-element elementor-element-0d7bf44 e-con-full e-flex e-con e-child\" data-id=\"0d7bf44\" data-element_type=\"container\">\n\t\t\t\t<div class=\"elementor-element elementor-element-d9ee3d3 elementor-widget elementor-widget-image\" data-id=\"d9ee3d3\" data-element_type=\"widget\" data-widget_type=\"image.default\">\n\t\t\t\t\t\t\t\t\t\t\t\t\t\t\t\t<a href=\"https:\/\/laerkeryge.maktechagency.com\/wp-content\/uploads\/2025\/12\/waterfight-ORIGINAL-600x505-1.jpg\" data-elementor-open-lightbox=\"yes\" data-e-action-hash=\"#elementor-action%3Aaction%3Dlightbox%26settings%3DeyJpZCI6NDYzOCwidXJsIjoiaHR0cHM6XC9cL2xhZXJrZXJ5Z2UubWFrdGVjaGFnZW5jeS5jb21cL3dwLWNvbnRlbnRcL3VwbG9hZHNcLzIwMjVcLzEyXC93YXRlcmZpZ2h0LU9SSUdJTkFMLTYwMHg1MDUtMS5qcGcifQ%3D%3D\">\n\t\t\t\t\t\t\t<img fetchpriority=\"high\" decoding=\"async\" width=\"600\" height=\"505\" src=\"https:\/\/laerkeryge.maktechagency.com\/wp-content\/uploads\/2025\/12\/waterfight-ORIGINAL-600x505-1.jpg\" class=\"attachment-full size-full wp-image-4638\" alt=\"\" srcset=\"https:\/\/laerkeryge.maktechagency.com\/wp-content\/uploads\/2025\/12\/waterfight-ORIGINAL-600x505-1.jpg 600w, https:\/\/laerkeryge.maktechagency.com\/wp-content\/uploads\/2025\/12\/waterfight-ORIGINAL-600x505-1-300x253.jpg 300w\" sizes=\"(max-width: 600px) 100vw, 600px\" \/>\t\t\t\t\t\t\t\t<\/a>\n\t\t\t\t\t\t\t\t\t\t\t\t\t\t\t<\/div>\n\t\t\t\t<\/div>\n\t\t\t\t<\/div>\n\t\t\t\t<div class=\"elementor-element elementor-element-30d3974 elementor-widget elementor-widget-text-editor\" data-id=\"30d3974\" data-element_type=\"widget\" data-widget_type=\"text-editor.default\">\n\t\t\t\t\t\t\t\t\t<p>b) Ventajas y desventajas<br \/>Fordele og ulemper\u00a0ved at v\u00e6re ung i M\u00e1laga.<br \/>Manuel Gallardo Plaza fort\u00e6ller ogs\u00e5, at han godt kan lide M\u00e1laga. Du skal nu med udgangspunkt i artiklen og nedenst\u00e5ende citat skrive 3-4 linjer, hvor du n\u00e6vner b\u00e5de fordele og ulemper ved at v\u00e6re ung i M\u00e1laga. Du skal benytte dig af udtrykket\u00a0<em>por un lado \u2026 por otro lado\u00a0<\/em>i din argumentation.<\/p>\t\t\t\t\t\t\t\t<\/div>\n\t\t\t\t<div class=\"elementor-element elementor-element-6b46df0 elementor-widget elementor-widget-text-editor\" data-id=\"6b46df0\" data-element_type=\"widget\" data-widget_type=\"text-editor.default\">\n\t\t\t\t\t\t\t\t\t<p>Citat:<br \/>\u201cM\u00e1laga es una ciudad tur\u00edstica porque tiene muchas cosas para hacer de sol y playa; a m\u00ed me encanta la playa y hacer deporte. Me gusta tambi\u00e9n hacer turismo por los pueblos malague\u00f1os que tienen historia. Otra de las cosas que me gusta hacer en M\u00e1laga es visitar los museos, ya que pienso que tiene muchos y de gran variedad.\u201d<\/p>\t\t\t\t\t\t\t\t<\/div>\n\t\t\t\t<div class=\"elementor-element elementor-element-984b198 elementor-widget elementor-widget-text-editor\" data-id=\"984b198\" data-element_type=\"widget\" data-widget_type=\"text-editor.default\">\n\t\t\t\t\t\t\t\t\t<p>c) Tu ciudad<br \/>Hvad synes du om din egen by? Skriv 4 linjer, der b\u00e5de indeholder fordele og ulemper ved at bo i netop din by. Du skal igen benytte udtrykket\u00a0<em>por un lado \u2026 por otro lado<\/em>\u00a0samt minimum to af f\u00f8lgende udtryk:\u00a0<em>pensar que\/en mi opini\u00f3n\/<\/em><em>creer que\/a lo mejor<\/em>\u00a0i din tekst. N\u00e5r du er f\u00e6rdig med at skrive, l\u00e6ser du din argumentation op for andre elever, der bor i samme by. Er I enige med hinanden?<\/p>\t\t\t\t\t\t\t\t<\/div>\n\t\t\t\t<\/div>\n\t\t<div class=\"elementor-element elementor-element-87ef4e0 e-con-full e-flex e-con e-child\" data-id=\"87ef4e0\" data-element_type=\"container\">\n\t\t\t\t<div class=\"elementor-element elementor-element-26eb805 elementor-widget elementor-widget-heading\" data-id=\"26eb805\" data-element_type=\"widget\" data-widget_type=\"heading.default\">\n\t\t\t\t\t<h2 class=\"elementor-heading-title elementor-size-default\">Opgave 2: Mis sue\u00f1os \u2013 \u00bfCon qu\u00e9 sue\u00f1as?  \n\n\n\n\n<\/h2>\t\t\t\t<\/div>\n\t\t\t\t<div class=\"elementor-element elementor-element-e1af5c8 elementor-widget elementor-widget-text-editor\" data-id=\"e1af5c8\" data-element_type=\"widget\" data-widget_type=\"text-editor.default\">\n\t\t\t\t\t\t\t\t\t<p><em>so\u00f1ar con<\/em>\u00a0= at dr\u00f8mme om\u00a0<\/p>\t\t\t\t\t\t\t\t<\/div>\n\t\t\t\t<div class=\"elementor-element elementor-element-37a80de elementor-widget elementor-widget-text-editor\" data-id=\"37a80de\" data-element_type=\"widget\" data-widget_type=\"text-editor.default\">\n\t\t\t\t\t\t\t\t\t<p>a) Lluvia de ideas\u00a0\u00a0\u270f\ufe0f<br \/>Tag et stykke papir og en blyant, og lav en kort brainstorm over dine egne fremtidsdr\u00f8mme (minimum to) p\u00e5 dansk.<\/p>\t\t\t\t\t\t\t\t<\/div>\n\t\t\t\t<div class=\"elementor-element elementor-element-9d75509 elementor-widget elementor-widget-text-editor\" data-id=\"9d75509\" data-element_type=\"widget\" data-widget_type=\"text-editor.default\">\n\t\t\t\t\t\t\t\t\t<p>b) Traducci\u00f3n de sue\u00f1os\u00a0\u00a0\u270f\ufe0f<br \/>Overs\u00e6t disse dr\u00f8mme til spansk. L\u00e6r dem udenad.<\/p>\t\t\t\t\t\t\t\t<\/div>\n\t\t\t\t<div class=\"elementor-element elementor-element-4a5b35c elementor-widget elementor-widget-text-editor\" data-id=\"4a5b35c\" data-element_type=\"widget\" data-widget_type=\"text-editor.default\">\n\t\t\t\t\t\t\t\t\t<p>c) Hablar en un c\u00edrculo\u00a0\u00a0<img decoding=\"async\" class=\" ls-is-cached lazyloaded\" src=\"https:\/\/www.unmesenmalaga.com\/wp-content\/uploads\/2019\/02\/comment-icon.jpg\" data-src=\"https:\/\/www.unmesenmalaga.com\/wp-content\/uploads\/2019\/02\/comment-icon.jpg\" \/><br \/>\u200bHalvdelen af klassens elever former en cirkel og vender ryggen mod cirklens centrum. De \u00f8vrige elever stiller sig overfor, s\u00e5ledes at alle har en samtalepartner. Personerne over for hinanden sp\u00f8rger nu til hinandens fremtidsdr\u00f8mme.<br \/>Begge sp\u00f8rger\u00a0<em>\u00bfCon qu\u00e9 sue\u00f1as?,<\/em>\u00a0og begge skal svare p\u00e5 sp\u00f8rgsm\u00e5let. N\u00e5r l\u00e6reren giver besked, rykker ydercirklen en person til h\u00f8jre. S\u00e5ledes f\u00e5r du mulighed for at gentage dine egne dr\u00f8mme mange gange, samtidig med at du h\u00f8rer de andre elever fort\u00e6lle om deres fremtidsdr\u00f8mme.<\/p>\t\t\t\t\t\t\t\t<\/div>\n\t\t\t\t<\/div>\n\t\t<div class=\"elementor-element elementor-element-ad9c2a6 e-con-full e-flex e-con e-child\" data-id=\"ad9c2a6\" data-element_type=\"container\">\n\t\t<div class=\"elementor-element elementor-element-26355e3 e-con-full e-flex e-con e-child\" data-id=\"26355e3\" data-element_type=\"container\">\n\t\t<div class=\"elementor-element elementor-element-55cc01b e-con-full e-flex e-con e-child\" data-id=\"55cc01b\" data-element_type=\"container\">\n\t\t\t\t<div class=\"elementor-element elementor-element-43f9786 elementor-widget elementor-widget-heading\" data-id=\"43f9786\" data-element_type=\"widget\" data-widget_type=\"heading.default\">\n\t\t\t\t\t<h2 class=\"elementor-heading-title elementor-size-default\">Opgave 3: La palabra porque  \u270f\ufe0f\n\n<\/h2>\t\t\t\t<\/div>\n\t\t\t\t<div class=\"elementor-element elementor-element-310ac64 elementor-widget elementor-widget-text-editor\" data-id=\"310ac64\" data-element_type=\"widget\" data-widget_type=\"text-editor.default\">\n\t\t\t\t\t\t\t\t\t<p>Kend dit porque<br \/>porque: fordi<br \/>\u200bpor qu\u00e9: sp\u00f8rgeord eller udr\u00e5bsord<\/p>\t\t\t\t\t\t\t\t<\/div>\n\t\t\t\t<div class=\"elementor-element elementor-element-8819e3f elementor-widget elementor-widget-text-editor\" data-id=\"8819e3f\" data-element_type=\"widget\" data-widget_type=\"text-editor.default\">\n\t\t\t\t\t\t\t\t\t<p>a) Traducci\u00f3n de frases<br \/>Overs\u00e6t disse to s\u00e6tninger til dansk:<br \/>1.\u00a0\u00bfPor qu\u00e9 es dif\u00edcil ser joven en M\u00e1laga?<br \/>2. Es complicado\u00a0porque tenemos una dif\u00edcil situaci\u00f3n laboral en M\u00e1laga.<\/p>\t\t\t\t\t\t\t\t<\/div>\n\t\t\t\t<\/div>\n\t\t<div class=\"elementor-element elementor-element-1cd193b e-con-full e-flex e-con e-child\" data-id=\"1cd193b\" data-element_type=\"container\">\n\t\t\t\t<div class=\"elementor-element elementor-element-cb19bea elementor-widget elementor-widget-image\" data-id=\"cb19bea\" data-element_type=\"widget\" data-widget_type=\"image.default\">\n\t\t\t\t\t\t\t\t\t\t\t\t\t\t\t\t<a href=\"https:\/\/laerkeryge.maktechagency.com\/wp-content\/uploads\/2025\/12\/wordcloud-1-300x111-1.webp\" data-elementor-open-lightbox=\"yes\" data-e-action-hash=\"#elementor-action%3Aaction%3Dlightbox%26settings%3DeyJpZCI6NDY1NywidXJsIjoiaHR0cHM6XC9cL2xhZXJrZXJ5Z2UubWFrdGVjaGFnZW5jeS5jb21cL3dwLWNvbnRlbnRcL3VwbG9hZHNcLzIwMjVcLzEyXC93b3JkY2xvdWQtMS0zMDB4MTExLTEud2VicCJ9\">\n\t\t\t\t\t\t\t<img decoding=\"async\" width=\"300\" height=\"111\" src=\"https:\/\/laerkeryge.maktechagency.com\/wp-content\/uploads\/2025\/12\/wordcloud-1-300x111-1.webp\" class=\"attachment-full size-full wp-image-4657\" alt=\"\" \/>\t\t\t\t\t\t\t\t<\/a>\n\t\t\t\t\t\t\t\t\t\t\t\t\t\t\t<\/div>\n\t\t\t\t<\/div>\n\t\t\t\t<\/div>\n\t\t\t\t<div class=\"elementor-element elementor-element-a4627ef elementor-widget elementor-widget-text-editor\" data-id=\"a4627ef\" data-element_type=\"widget\" data-widget_type=\"text-editor.default\">\n\t\t\t\t\t\t\t\t\t<p>b) Tu ciudad con frases extras<br \/>Du har i opgave 1 under punkt c skrevet 4 linjer om, hvad du mener om din egen by. Du skal nu udvide denne beskrivelse med minimum to begrundelser, hvor du bruger bis\u00e6tningsindlederen\u00a0<em>porque\u00a0<\/em>og laver en udvidet argumentation for dine overvejelser.\u00a0\u200b\u200b<\/p>\t\t\t\t\t\t\t\t<\/div>\n\t\t\t\t<\/div>\n\t\t\t\t<\/div>\n\t\t\t\t<\/div>\n\t\t","protected":false},"excerpt":{"rendered":"<p>Opgave 1: Vocabulario para expresar opini\u00f3n y para discutir \u270f\ufe0f \u200bPensar que: at synes, atEn mi opini\u00f3n: efter min meningCreer [&hellip;]<\/p>\n","protected":false},"author":1,"featured_media":0,"parent":0,"menu_order":0,"comment_status":"closed","ping_status":"closed","template":"elementor_header_footer","meta":{"site-sidebar-layout":"no-sidebar","site-content-layout":"","ast-site-content-layout":"full-width-container","site-content-style":"default","site-sidebar-style":"default","ast-global-header-display":"","ast-banner-title-visibility":"","ast-main-header-display":"","ast-hfb-above-header-display":"","ast-hfb-below-header-display":"","ast-hfb-mobile-header-display":"","site-post-title":"","ast-breadcrumbs-content":"","ast-featured-img":"disabled","footer-sml-layout":"","ast-disable-related-posts":"","theme-transparent-header-meta":"","adv-header-id-meta":"","stick-header-meta":"","header-above-stick-meta":"","header-main-stick-meta":"","header-below-stick-meta":"","astra-migrate-meta-layouts":"default","ast-page-background-enabled":"default","ast-page-background-meta":{"desktop":{"background-color":"var(--ast-global-color-5)","background-image":"","background-repeat":"repeat","background-position":"center center","background-size":"auto","background-attachment":"scroll","background-type":"","background-media":"","overlay-type":"","overlay-color":"","overlay-opacity":"","overlay-gradient":""},"tablet":{"background-color":"","background-image":"","background-repeat":"repeat","background-position":"center center","background-size":"auto","background-attachment":"scroll","background-type":"","background-media":"","overlay-type":"","overlay-color":"","overlay-opacity":"","overlay-gradient":""},"mobile":{"background-color":"","background-image":"","background-repeat":"repeat","background-position":"center center","background-size":"auto","background-attachment":"scroll","background-type":"","background-media":"","overlay-type":"","overlay-color":"","overlay-opacity":"","overlay-gradient":""}},"ast-content-background-meta":{"desktop":{"background-color":"var(--ast-global-color-4)","background-image":"","background-repeat":"repeat","background-position":"center center","background-size":"auto","background-attachment":"scroll","background-type":"","background-media":"","overlay-type":"","overlay-color":"","overlay-opacity":"","overlay-gradient":""},"tablet":{"background-color":"var(--ast-global-color-4)","background-image":"","background-repeat":"repeat","background-position":"center center","background-size":"auto","background-attachment":"scroll","background-type":"","background-media":"","overlay-type":"","overlay-color":"","overlay-opacity":"","overlay-gradient":""},"mobile":{"background-color":"var(--ast-global-color-4)","background-image":"","background-repeat":"repeat","background-position":"center center","background-size":"auto","background-attachment":"scroll","background-type":"","background-media":"","overlay-type":"","overlay-color":"","overlay-opacity":"","overlay-gradient":""}},"footnotes":""},"class_list":["post-99","page","type-page","status-publish","hentry"],"_links":{"self":[{"href":"https:\/\/laerkeryge.maktechagency.com\/index.php\/wp-json\/wp\/v2\/pages\/99","targetHints":{"allow":["GET"]}}],"collection":[{"href":"https:\/\/laerkeryge.maktechagency.com\/index.php\/wp-json\/wp\/v2\/pages"}],"about":[{"href":"https:\/\/laerkeryge.maktechagency.com\/index.php\/wp-json\/wp\/v2\/types\/page"}],"author":[{"embeddable":true,"href":"https:\/\/laerkeryge.maktechagency.com\/index.php\/wp-json\/wp\/v2\/users\/1"}],"replies":[{"embeddable":true,"href":"https:\/\/laerkeryge.maktechagency.com\/index.php\/wp-json\/wp\/v2\/comments?post=99"}],"version-history":[{"count":85,"href":"https:\/\/laerkeryge.maktechagency.com\/index.php\/wp-json\/wp\/v2\/pages\/99\/revisions"}],"predecessor-version":[{"id":9053,"href":"https:\/\/laerkeryge.maktechagency.com\/index.php\/wp-json\/wp\/v2\/pages\/99\/revisions\/9053"}],"wp:attachment":[{"href":"https:\/\/laerkeryge.maktechagency.com\/index.php\/wp-json\/wp\/v2\/media?parent=99"}],"curies":[{"name":"wp","href":"https:\/\/api.w.org\/{rel}","templated":true}]}}