{"id":97,"date":"2025-12-20T08:18:38","date_gmt":"2025-12-20T08:18:38","guid":{"rendered":"https:\/\/laerkeryge.maktechagency.com\/?page_id=97"},"modified":"2026-01-20T02:49:37","modified_gmt":"2026-01-20T02:49:37","slug":"cap-4-gramatica","status":"publish","type":"page","link":"https:\/\/laerkeryge.maktechagency.com\/index.php\/cap-4-gramatica\/","title":{"rendered":"Cap 4 Gram\u00e1tica"},"content":{"rendered":"\t\t<div data-elementor-type=\"wp-page\" data-elementor-id=\"97\" class=\"elementor elementor-97\" data-elementor-post-type=\"page\">\n\t\t\t\t<div class=\"elementor-element elementor-element-257c985 e-con-full e-flex e-con e-parent\" data-id=\"257c985\" data-element_type=\"container\" data-settings=\"{&quot;background_background&quot;:&quot;classic&quot;}\">\n\t\t\t\t<\/div>\n\t\t<div class=\"elementor-element elementor-element-db08f6b e-con-full e-flex e-con e-parent\" data-id=\"db08f6b\" data-element_type=\"container\">\n\t\t<div class=\"elementor-element elementor-element-8d318ef e-con-full e-flex e-con e-child\" data-id=\"8d318ef\" data-element_type=\"container\">\n\t\t<div class=\"elementor-element elementor-element-77d52a5 e-con-full e-flex e-con e-child\" data-id=\"77d52a5\" data-element_type=\"container\">\n\t\t<div class=\"elementor-element elementor-element-a030fab e-con-full e-flex e-con e-child\" data-id=\"a030fab\" data-element_type=\"container\">\n\t\t<div class=\"elementor-element elementor-element-79f57da e-con-full e-flex e-con e-child\" data-id=\"79f57da\" data-element_type=\"container\">\n\t\t\t\t<div class=\"elementor-element elementor-element-c593d17 elementor-widget elementor-widget-heading\" data-id=\"c593d17\" data-element_type=\"widget\" data-widget_type=\"heading.default\">\n\t\t\t\t\t<h2 class=\"elementor-heading-title elementor-size-default\">\u200bOpgave 1: Diftongerende og vokalskiftende verber i pr\u00e6sens (nutid) \ud83d\udcac   \n<\/h2>\t\t\t\t<\/div>\n\t\t\t\t<div class=\"elementor-element elementor-element-837ed27 elementor-widget elementor-widget-text-editor\" data-id=\"837ed27\" data-element_type=\"widget\" data-widget_type=\"text-editor.default\">\n\t\t\t\t\t\t\t\t\t<p>a) Diftongerende verber<br \/>Kig p\u00e5 b\u00f8jningen af de diftongerende verber i din grammatikbog. Unders\u00f8g, i hvilke personer diftongen forekommer (e\u00a0\u2192 ie\u00a0og o\u00a0\u2192\u00a0ue).<\/p>\t\t\t\t\t\t\t\t<\/div>\n\t\t\t\t<div class=\"elementor-element elementor-element-fd90837 elementor-widget elementor-widget-text-editor\" data-id=\"fd90837\" data-element_type=\"widget\" data-widget_type=\"text-editor.default\">\n\t\t\t\t\t\t\t\t\t<p>b) Verber med vokalskifte<br \/>Kig p\u00e5 b\u00f8jningen af verberne med vokalskifte i din grammatikbog. Unders\u00f8g, i hvilke personer vokalskiftet forekommer (e\u00a0\u2192\u00a0i).<\/p>\t\t\t\t\t\t\t\t<\/div>\n\t\t\t\t<div class=\"elementor-element elementor-element-be972d8 elementor-widget elementor-widget-text-editor\" data-id=\"be972d8\" data-element_type=\"widget\" data-widget_type=\"text-editor.default\">\n\t\t\t\t\t\t\t\t\t<p>c) Tr\u00e6n b\u00f8jningerne<br \/>Find to terninger i forskellige farver.\u00a0I skiftes til at sl\u00e5 terningerne og sige den korrekte b\u00f8jning af verbet.<\/p>\t\t\t\t\t\t\t\t<\/div>\n\t\t\t\t<div class=\"elementor-element elementor-element-e773d38 elementor-widget elementor-widget-text-editor\" data-id=\"e773d38\" data-element_type=\"widget\" data-widget_type=\"text-editor.default\">\n\t\t\t\t\t\t\t\t\t<p>Den ene terning (fx den r\u00f8de) indikerer, hvilket verbum der skal b\u00f8jes:<br \/>\u200b(1) \u2013 encontrar: at finde (diftong)<br \/>(2) \u2013 poder: at kunne (diftong)<br \/>(3) \u2013 pensar: at t\u00e6nke\/at synes (diftong)<br \/>(4) \u2013 so\u00f1ar: at dr\u00f8mme (diftong)<br \/>(5) \u2013 pedir: at bede (om) (vokalskifte)<br \/>(6) \u2013 perseguir: at forf\u00f8lge (vokalskifte)<\/p>\t\t\t\t\t\t\t\t<\/div>\n\t\t\t\t<div class=\"elementor-element elementor-element-0ed5dc9 elementor-widget elementor-widget-text-editor\" data-id=\"0ed5dc9\" data-element_type=\"widget\" data-widget_type=\"text-editor.default\">\n\t\t\t\t\t\t\t\t\t<p>Den anden terning (fx den bl\u00e5) indikerer, hvilken person verbet skal b\u00f8jes i:<br \/>(1) \u2013 1. pers.\/sing. (yo)<br \/>(2) \u2013 2. pers.\/sing. (t\u00fa)<br \/>(3) \u2013 3. pers.\/sing. (\u00e9l\/ella\/usted)<br \/>(4) \u2013 1. pers.\/plur. (nosotros\/nosotras)<br \/>(5) \u2013 2. pers.\/plur. (vosotros\/vosotras)<br \/>(6) \u2013 3. pers.\/plur. (ellos\/ellas\/ustedes)<\/p>\t\t\t\t\t\t\t\t<\/div>\n\t\t\t\t<div class=\"elementor-element elementor-element-d3088cc elementor-widget elementor-widget-text-editor\" data-id=\"d3088cc\" data-element_type=\"widget\" data-widget_type=\"text-editor.default\">\n\t\t\t\t\t\t\t\t\t<p>d)\u00a0Lav flere opgaver om emnet her.<br \/>\u200bVerber med diftong. Pulse\u00a0<strong><a href=\"https:\/\/www.quia.com\/quiz\/6427964.html\" target=\"_blank\" rel=\"noopener noreferrer\">aqu\u00ed<\/a><\/strong><br \/>Verber med vokalskifte. Pulse\u00a0<strong><a href=\"https:\/\/www.quia.com\/quiz\/6427675.html\" target=\"_blank\" rel=\"noopener noreferrer\">aqu\u00ed<\/a><\/strong><\/p>\t\t\t\t\t\t\t\t<\/div>\n\t\t\t\t<\/div>\n\t\t<div class=\"elementor-element elementor-element-8a043df e-con-full e-flex e-con e-child\" data-id=\"8a043df\" data-element_type=\"container\">\n\t\t\t\t<div class=\"elementor-element elementor-element-9f2b736 elementor-widget elementor-widget-image\" data-id=\"9f2b736\" data-element_type=\"widget\" data-widget_type=\"image.default\">\n\t\t\t\t\t\t\t\t\t\t\t\t\t\t\t\t<a href=\"https:\/\/laerkeryge.maktechagency.com\/wp-content\/uploads\/2025\/12\/Kopi-af-Cap-1-dices-ORIGINAL-300x226-1.webp\" data-elementor-open-lightbox=\"yes\" data-e-action-hash=\"#elementor-action%3Aaction%3Dlightbox%26settings%3DeyJpZCI6NDU1MiwidXJsIjoiaHR0cHM6XC9cL2xhZXJrZXJ5Z2UubWFrdGVjaGFnZW5jeS5jb21cL3dwLWNvbnRlbnRcL3VwbG9hZHNcLzIwMjVcLzEyXC9Lb3BpLWFmLUNhcC0xLWRpY2VzLU9SSUdJTkFMLTMwMHgyMjYtMS53ZWJwIn0%3D\">\n\t\t\t\t\t\t\t<img fetchpriority=\"high\" decoding=\"async\" width=\"300\" height=\"226\" src=\"https:\/\/laerkeryge.maktechagency.com\/wp-content\/uploads\/2025\/12\/Kopi-af-Cap-1-dices-ORIGINAL-300x226-1.webp\" class=\"attachment-full size-full wp-image-4552\" alt=\"\" \/>\t\t\t\t\t\t\t\t<\/a>\n\t\t\t\t\t\t\t\t\t\t\t\t\t\t\t<\/div>\n\t\t\t\t<\/div>\n\t\t\t\t<\/div>\n\t\t<div class=\"elementor-element elementor-element-801bafb e-con-full e-flex e-con e-child\" data-id=\"801bafb\" data-element_type=\"container\">\n\t\t<div class=\"elementor-element elementor-element-535ec55 e-con-full e-flex e-con e-child\" data-id=\"535ec55\" data-element_type=\"container\">\n\t\t<div class=\"elementor-element elementor-element-b8646cb e-con-full e-flex e-con e-child\" data-id=\"b8646cb\" data-element_type=\"container\" data-settings=\"{&quot;background_background&quot;:&quot;classic&quot;}\">\n\t\t<div class=\"elementor-element elementor-element-f91f682 e-con-full e-flex e-con e-child\" data-id=\"f91f682\" data-element_type=\"container\" data-settings=\"{&quot;background_background&quot;:&quot;classic&quot;}\">\n\t\t\t\t<div class=\"elementor-element elementor-element-9ba9dbb elementor-widget elementor-widget-text-editor\" data-id=\"9ba9dbb\" data-element_type=\"widget\" data-widget_type=\"text-editor.default\">\n\t\t\t\t\t\t\t\t\t<p><strong>\u00bfRecuerdas que?\u00a0<\/strong><\/p>\t\t\t\t\t\t\t\t<\/div>\n\t\t\t\t<div class=\"elementor-element elementor-element-c89c895 elementor-widget elementor-widget-text-editor\" data-id=\"c89c895\" data-element_type=\"widget\" data-widget_type=\"text-editor.default\">\n\t\t\t\t\t\t\t\t\t<p>Verbet<em>\u00a0jugar<\/em>\u00a0(at lege\/at spille) diftongerer ogs\u00e5.<br \/>Her bliver\u00a0<strong>u<\/strong>\u00a0til\u00a0<strong>ue<\/strong>.<\/p>\t\t\t\t\t\t\t\t<\/div>\n\t\t\t\t<div class=\"elementor-element elementor-element-40d34c2 elementor-widget elementor-widget-text-editor\" data-id=\"40d34c2\" data-element_type=\"widget\" data-widget_type=\"text-editor.default\">\n\t\t\t\t\t\t\t\t\t<p>Singularis<br \/>1. j<strong>ue<\/strong>go<br \/>2. j<strong>ue<\/strong>gas<br \/>3. j<strong>ue<\/strong>ga<\/p>\t\t\t\t\t\t\t\t<\/div>\n\t\t\t\t<div class=\"elementor-element elementor-element-0edf050 elementor-widget elementor-widget-text-editor\" data-id=\"0edf050\" data-element_type=\"widget\" data-widget_type=\"text-editor.default\">\n\t\t\t\t\t\t\t\t\t<p>Pluralis<br \/>1. jugamos<br \/>2. jug\u00e1is<br \/>3. j<strong>ue<\/strong>gan<\/p>\t\t\t\t\t\t\t\t<\/div>\n\t\t\t\t<div class=\"elementor-element elementor-element-772bb67 elementor-widget elementor-widget-text-editor\" data-id=\"772bb67\" data-element_type=\"widget\" data-widget_type=\"text-editor.default\">\n\t\t\t\t\t\t\t\t\t<p><em>Jugar<\/em>\u00a0er det eneste verbum, hvor\u00a0<strong>u<\/strong>\u00a0bliver til\u00a0<strong>ue<\/strong>.<\/p>\t\t\t\t\t\t\t\t<\/div>\n\t\t\t\t<\/div>\n\t\t\t\t<\/div>\n\t\t\t\t<\/div>\n\t\t\t\t<\/div>\n\t\t\t\t<\/div>\n\t\t\t\t<\/div>\n\t\t<div class=\"elementor-element elementor-element-248019a e-con-full e-flex e-con e-child\" data-id=\"248019a\" data-element_type=\"container\">\n\t\t\t\t<div class=\"elementor-element elementor-element-d3e7850 elementor-widget elementor-widget-heading\" data-id=\"d3e7850\" data-element_type=\"widget\" data-widget_type=\"heading.default\">\n\t\t\t\t\t<h2 class=\"elementor-heading-title elementor-size-default\">Opgave 2: Genitiv  \n\n<\/h2>\t\t\t\t<\/div>\n\t\t\t\t<div class=\"elementor-element elementor-element-46282d6 elementor-widget elementor-widget-text-editor\" data-id=\"46282d6\" data-element_type=\"widget\" data-widget_type=\"text-editor.default\">\n\t\t\t\t\t\t\t\t\t<p>a) De grammatiske regler\u00a0\u00a0\u270f\ufe0f<br \/>Kan du huske, hvordan man konstruerer en genitiv (et ejefald) p\u00e5 spansk? Hvad hedder fx \u201cMaries ven\u201d p\u00e5 spansk? Skriv reglerne ned med dine egne ord.<\/p>\t\t\t\t\t\t\t\t<\/div>\n\t\t\t\t<div class=\"elementor-element elementor-element-0c38013 elementor-widget elementor-widget-text-editor\" data-id=\"0c38013\" data-element_type=\"widget\" data-widget_type=\"text-editor.default\">\n\t\t\t\t\t\t\t\t\t<p>b) Find genitiven <span class=\"TextRun SCXW23509110 BCX0\" lang=\"DA-DK\" xml:lang=\"DA-DK\" data-contrast=\"auto\"><span class=\"NormalTextRun SCXW23509110 BCX0\">\ud83d\udcac<\/span><\/span><br \/>I dette afsnit er der \u00e9n genitivkonstruktion. Kan du finde den?<\/p>\t\t\t\t\t\t\t\t<\/div>\n\t\t\t\t<div class=\"elementor-element elementor-element-47c6c40 elementor-widget elementor-widget-text-editor\" data-id=\"47c6c40\" data-element_type=\"widget\" data-widget_type=\"text-editor.default\">\n\t\t\t\t\t\t\t\t\t<p>\u201cTambi\u00e9n es una ciudad peque\u00f1a en comparaci\u00f3n con otras ciudades espa\u00f1olas. Hay m\u00e1s oportunidades en Madrid o en Barcelona, ciudades m\u00e1s grandes. Pero s\u00ed, voy a encontrar un trabajo. No quiero seguir viviendo en la casa de mis padres.\u201d<\/p>\t\t\t\t\t\t\t\t<\/div>\n\t\t\t\t<div class=\"elementor-element elementor-element-456da17 elementor-widget elementor-widget-text-editor\" data-id=\"456da17\" data-element_type=\"widget\" data-widget_type=\"text-editor.default\">\n\t\t\t\t\t\t\t\t\t<p>c) Lav \u00f8velser med genitiv. Pulse\u00a0<strong><a href=\"https:\/\/www.quia.com\/quiz\/6427670.html\" target=\"_blank\" rel=\"noopener noreferrer\">aqu\u00ed<\/a><\/strong><\/p>\t\t\t\t\t\t\t\t<\/div>\n\t\t\t\t<div class=\"elementor-element elementor-element-2d82a00 elementor-widget elementor-widget-text-editor\" data-id=\"2d82a00\" data-element_type=\"widget\" data-widget_type=\"text-editor.default\">\n\t\t\t\t\t\t\t\t\t<p>d) Nedskriv selv fire genitiver p\u00e5 dansk, som du selv overs\u00e6tter til spansk\u00a0\u00a0\u270f\ufe0f\u00a0\u00a0\u200b<br \/>L\u00e6s dem h\u00f8jt for din sidemand p\u00e5 spansk. Kan din makker overs\u00e6tte dem til dansk, og er I enige om, at de er grammatisk korrekte?<\/p>\t\t\t\t\t\t\t\t<\/div>\n\t\t\t\t<\/div>\n\t\t<div class=\"elementor-element elementor-element-226adb9 e-con-full e-flex e-con e-child\" data-id=\"226adb9\" data-element_type=\"container\">\n\t\t<div class=\"elementor-element elementor-element-ec1bff7 e-con-full e-flex e-con e-child\" data-id=\"ec1bff7\" data-element_type=\"container\">\n\t\t<div class=\"elementor-element elementor-element-5afaf92 e-con-full e-flex e-con e-child\" data-id=\"5afaf92\" data-element_type=\"container\">\n\t\t<div class=\"elementor-element elementor-element-d8f65cd e-con-full e-flex e-con e-child\" data-id=\"d8f65cd\" data-element_type=\"container\" data-settings=\"{&quot;background_background&quot;:&quot;classic&quot;}\">\n\t\t<div class=\"elementor-element elementor-element-10ece52 e-con-full e-flex e-con e-child\" data-id=\"10ece52\" data-element_type=\"container\" data-settings=\"{&quot;background_background&quot;:&quot;classic&quot;}\">\n\t\t\t\t<div class=\"elementor-element elementor-element-75bd3d7 elementor-widget elementor-widget-text-editor\" data-id=\"75bd3d7\" data-element_type=\"widget\" data-widget_type=\"text-editor.default\">\n\t\t\t\t\t\t\t\t\t<p><strong>\u00bfSabes que?\u00a0<\/strong><\/p>\t\t\t\t\t\t\t\t<\/div>\n\t\t\t\t<div class=\"elementor-element elementor-element-107196e elementor-widget elementor-widget-text-editor\" data-id=\"107196e\" data-element_type=\"widget\" data-widget_type=\"text-editor.default\">\n\t\t\t\t\t\t\t\t\t<p>Hvis du skal angive en procent, skal du p\u00e5 spansk altid have en bestemt eller ubestemt artikel foran tallet.<br \/><em>El 67 % piensa que es interesante.<\/em><br \/><em>Un 67 % piensa que es interesante.<\/em><br \/>Tegnet % udtales\u00a0<em>por ciento.<\/em><\/p>\t\t\t\t\t\t\t\t<\/div>\n\t\t\t\t<div class=\"elementor-element elementor-element-9c6b6bf elementor-widget elementor-widget-text-editor\" data-id=\"9c6b6bf\" data-element_type=\"widget\" data-widget_type=\"text-editor.default\">\n\t\t\t\t\t\t\t\t\t<p><strong>Br\u00f8ker og \u201cdele\u201d<\/strong><br \/>la mitad: halvdelen<br \/>un tercio: en tredjedel<br \/>un cuarto: en fjerdedel<br \/>la mayor\u00eda: st\u00f8rstedelen<br \/><em>La mitad\/un tercio\/un cuarto\/la mayor\u00eda piensa que es interesante.<\/em><\/p>\t\t\t\t\t\t\t\t<\/div>\n\t\t\t\t<\/div>\n\t\t\t\t<\/div>\n\t\t\t\t<\/div>\n\t\t<div class=\"elementor-element elementor-element-8323141 e-con-full e-flex e-con e-child\" data-id=\"8323141\" data-element_type=\"container\">\n\t\t<div class=\"elementor-element elementor-element-8555953 e-con-full e-flex e-con e-child\" data-id=\"8555953\" data-element_type=\"container\" data-settings=\"{&quot;background_background&quot;:&quot;classic&quot;}\">\n\t\t<div class=\"elementor-element elementor-element-7ee036f e-con-full e-flex e-con e-child\" data-id=\"7ee036f\" data-element_type=\"container\" data-settings=\"{&quot;background_background&quot;:&quot;classic&quot;}\">\n\t\t\t\t<div class=\"elementor-element elementor-element-52f1095 elementor-widget elementor-widget-text-editor\" data-id=\"52f1095\" data-element_type=\"widget\" data-widget_type=\"text-editor.default\">\n\t\t\t\t\t\t\t\t\t<p><strong>\u00bfRecuerdas que?\u00a0<\/strong><\/p>\t\t\t\t\t\t\t\t<\/div>\n\t\t\t\t<div class=\"elementor-element elementor-element-5ea804e elementor-widget elementor-widget-text-editor\" data-id=\"5ea804e\" data-element_type=\"widget\" data-widget_type=\"text-editor.default\">\n\t\t\t\t\t\t\t\t\t<p>Hvis du \u00f8nsker at lave et sammensat ord p\u00e5 spansk, kan du ofte (ligesom ved genitiv) placere ordene omvendt i forhold til den danske s\u00e6tningskonstruktion med\u00a0<em>de\u00a0<\/em>mellem de to ord:\u00a0<em>sopa de tomate<\/em>\/<em>ensalada de patatas.<\/em><\/p>\t\t\t\t\t\t\t\t<\/div>\n\t\t<div class=\"elementor-element elementor-element-7eed5cd e-con-full e-flex e-con e-child\" data-id=\"7eed5cd\" data-element_type=\"container\">\n\t\t<div class=\"elementor-element elementor-element-79d69e7 e-con-full e-flex e-con e-child\" data-id=\"79d69e7\" data-element_type=\"container\">\n\t\t\t\t<div class=\"elementor-element elementor-element-671c08b elementor-widget elementor-widget-text-editor\" data-id=\"671c08b\" data-element_type=\"widget\" data-widget_type=\"text-editor.default\">\n\t\t\t\t\t\t\t\t\t<strong>Sammensat ord<\/strong>\ngr\u00f8ntsagssuppe<\/br>\n\u2931<\/br>\n\nsopa de verduras\t\t\t\t\t\t\t\t<\/div>\n\t\t\t\t<\/div>\n\t\t<div class=\"elementor-element elementor-element-7470c04 e-con-full e-flex e-con e-child\" data-id=\"7470c04\" data-element_type=\"container\">\n\t\t\t\t<div class=\"elementor-element elementor-element-42d7eef elementor-widget elementor-widget-text-editor\" data-id=\"42d7eef\" data-element_type=\"widget\" data-widget_type=\"text-editor.default\">\n\t\t\t\t\t\t\t\t\t<p><strong>Genitiv<\/strong><br \/>Maries ven<br \/>\u2931<\/p><p>el amigo de Marie<\/p>\t\t\t\t\t\t\t\t<\/div>\n\t\t\t\t<\/div>\n\t\t\t\t<\/div>\n\t\t\t\t<\/div>\n\t\t\t\t<\/div>\n\t\t\t\t<\/div>\n\t\t\t\t<\/div>\n\t\t\t\t<\/div>\n\t\t\t\t<\/div>\n\t\t\t\t<\/div>\n\t\t","protected":false},"excerpt":{"rendered":"<p>\u200bOpgave 1: Diftongerende og vokalskiftende verber i pr\u00e6sens (nutid) \ud83d\udcac a) Diftongerende verberKig p\u00e5 b\u00f8jningen af de diftongerende verber i [&hellip;]<\/p>\n","protected":false},"author":1,"featured_media":0,"parent":0,"menu_order":0,"comment_status":"closed","ping_status":"closed","template":"elementor_header_footer","meta":{"site-sidebar-layout":"no-sidebar","site-content-layout":"","ast-site-content-layout":"full-width-container","site-content-style":"default","site-sidebar-style":"default","ast-global-header-display":"","ast-banner-title-visibility":"","ast-main-header-display":"","ast-hfb-above-header-display":"","ast-hfb-below-header-display":"","ast-hfb-mobile-header-display":"","site-post-title":"","ast-breadcrumbs-content":"","ast-featured-img":"disabled","footer-sml-layout":"","ast-disable-related-posts":"","theme-transparent-header-meta":"","adv-header-id-meta":"","stick-header-meta":"","header-above-stick-meta":"","header-main-stick-meta":"","header-below-stick-meta":"","astra-migrate-meta-layouts":"default","ast-page-background-enabled":"default","ast-page-background-meta":{"desktop":{"background-color":"var(--ast-global-color-5)","background-image":"","background-repeat":"repeat","background-position":"center center","background-size":"auto","background-attachment":"scroll","background-type":"","background-media":"","overlay-type":"","overlay-color":"","overlay-opacity":"","overlay-gradient":""},"tablet":{"background-color":"","background-image":"","background-repeat":"repeat","background-position":"center center","background-size":"auto","background-attachment":"scroll","background-type":"","background-media":"","overlay-type":"","overlay-color":"","overlay-opacity":"","overlay-gradient":""},"mobile":{"background-color":"","background-image":"","background-repeat":"repeat","background-position":"center center","background-size":"auto","background-attachment":"scroll","background-type":"","background-media":"","overlay-type":"","overlay-color":"","overlay-opacity":"","overlay-gradient":""}},"ast-content-background-meta":{"desktop":{"background-color":"var(--ast-global-color-4)","background-image":"","background-repeat":"repeat","background-position":"center center","background-size":"auto","background-attachment":"scroll","background-type":"","background-media":"","overlay-type":"","overlay-color":"","overlay-opacity":"","overlay-gradient":""},"tablet":{"background-color":"var(--ast-global-color-4)","background-image":"","background-repeat":"repeat","background-position":"center center","background-size":"auto","background-attachment":"scroll","background-type":"","background-media":"","overlay-type":"","overlay-color":"","overlay-opacity":"","overlay-gradient":""},"mobile":{"background-color":"var(--ast-global-color-4)","background-image":"","background-repeat":"repeat","background-position":"center center","background-size":"auto","background-attachment":"scroll","background-type":"","background-media":"","overlay-type":"","overlay-color":"","overlay-opacity":"","overlay-gradient":""}},"footnotes":""},"class_list":["post-97","page","type-page","status-publish","hentry"],"_links":{"self":[{"href":"https:\/\/laerkeryge.maktechagency.com\/index.php\/wp-json\/wp\/v2\/pages\/97","targetHints":{"allow":["GET"]}}],"collection":[{"href":"https:\/\/laerkeryge.maktechagency.com\/index.php\/wp-json\/wp\/v2\/pages"}],"about":[{"href":"https:\/\/laerkeryge.maktechagency.com\/index.php\/wp-json\/wp\/v2\/types\/page"}],"author":[{"embeddable":true,"href":"https:\/\/laerkeryge.maktechagency.com\/index.php\/wp-json\/wp\/v2\/users\/1"}],"replies":[{"embeddable":true,"href":"https:\/\/laerkeryge.maktechagency.com\/index.php\/wp-json\/wp\/v2\/comments?post=97"}],"version-history":[{"count":364,"href":"https:\/\/laerkeryge.maktechagency.com\/index.php\/wp-json\/wp\/v2\/pages\/97\/revisions"}],"predecessor-version":[{"id":9516,"href":"https:\/\/laerkeryge.maktechagency.com\/index.php\/wp-json\/wp\/v2\/pages\/97\/revisions\/9516"}],"wp:attachment":[{"href":"https:\/\/laerkeryge.maktechagency.com\/index.php\/wp-json\/wp\/v2\/media?parent=97"}],"curies":[{"name":"wp","href":"https:\/\/api.w.org\/{rel}","templated":true}]}}