{"id":93,"date":"2025-12-20T08:17:10","date_gmt":"2025-12-20T08:17:10","guid":{"rendered":"https:\/\/laerkeryge.maktechagency.com\/?page_id=93"},"modified":"2026-01-15T03:33:58","modified_gmt":"2026-01-15T03:33:58","slug":"cap-3-vocabulario","status":"publish","type":"page","link":"https:\/\/laerkeryge.maktechagency.com\/index.php\/cap-3-vocabulario\/","title":{"rendered":"Cap 3 Vocabulario"},"content":{"rendered":"\t\t<div data-elementor-type=\"wp-page\" data-elementor-id=\"93\" class=\"elementor elementor-93\" data-elementor-post-type=\"page\">\n\t\t\t\t<div class=\"elementor-element elementor-element-e7336d5 e-con-full e-flex e-con e-parent\" data-id=\"e7336d5\" data-element_type=\"container\" data-settings=\"{&quot;background_background&quot;:&quot;classic&quot;}\">\n\t\t\t\t<\/div>\n\t\t<div class=\"elementor-element elementor-element-8f501f9 e-con-full e-flex e-con e-parent\" data-id=\"8f501f9\" data-element_type=\"container\">\n\t\t<div class=\"elementor-element elementor-element-257dc9d e-con-full e-flex e-con e-child\" data-id=\"257dc9d\" data-element_type=\"container\">\n\t\t<div class=\"elementor-element elementor-element-4062ae4 e-con-full e-flex e-con e-child\" data-id=\"4062ae4\" data-element_type=\"container\">\n\t\t<div class=\"elementor-element elementor-element-570a646 e-con-full e-flex e-con e-child\" data-id=\"570a646\" data-element_type=\"container\">\n\t\t<div class=\"elementor-element elementor-element-e0a0532 e-con-full e-flex e-con e-child\" data-id=\"e0a0532\" data-element_type=\"container\">\n\t\t<div class=\"elementor-element elementor-element-20c7830 e-con-full e-flex e-con e-child\" data-id=\"20c7830\" data-element_type=\"container\">\n\t\t\t\t<div class=\"elementor-element elementor-element-797a0f7 elementor-widget elementor-widget-heading\" data-id=\"797a0f7\" data-element_type=\"widget\" data-widget_type=\"heading.default\">\n\t\t\t\t\t<h2 class=\"elementor-heading-title elementor-size-default\">Opgave 1: La hora y la rutina diaria\n\n\n<\/h2>\t\t\t\t<\/div>\n\t\t\t\t<div class=\"elementor-element elementor-element-c4f1173 elementor-widget elementor-widget-text-editor\" data-id=\"c4f1173\" data-element_type=\"widget\" data-widget_type=\"text-editor.default\">\n\t\t\t\t\t\t\t\t\t<p>a)\u00a0Entrenamiento de vocabulario<br \/>Tr\u00e6n gloser til\u00a0<em>la hora<\/em>\u00a0(klokken). Pulse\u00a0<strong><a href=\"http:\/\/www.quia.com\/quiz\/6615893.html\" target=\"_blank\" rel=\"noopener noreferrer\">aqu\u00ed<\/a><\/strong>\u200b<\/p>\t\t\t\t\t\t\t\t<\/div>\n\t\t\t\t<div class=\"elementor-element elementor-element-635443b elementor-widget elementor-widget-text-editor\" data-id=\"635443b\" data-element_type=\"widget\" data-widget_type=\"text-editor.default\">\n\t\t\t\t\t\t\t\t\t<p>b) Son las\/ a las <span class=\"TextRun SCXW23509110 BCX0\" lang=\"DA-DK\" xml:lang=\"DA-DK\" data-contrast=\"auto\"><span class=\"NormalTextRun SCXW23509110 BCX0\">\ud83d\udcac<\/span><\/span><strong>\u00a0<\/strong><br \/>Hvad er forskellen p\u00e5 f\u00f8lgende to s\u00e6tninger:<br \/>Son las ocho de la ma\u00f1ana y voy a la escuela.<br \/>A las ocho de la ma\u00f1ana voy a la escuela.<\/p>\t\t\t\t\t\t\t\t<\/div>\n\t\t\t\t<div class=\"elementor-element elementor-element-d7a0eee elementor-widget elementor-widget-text-editor\" data-id=\"d7a0eee\" data-element_type=\"widget\" data-widget_type=\"text-editor.default\">\n\t\t\t\t\t\t\t\t\t<p>c) Pregunta a tu compa\u00f1ero\u00a0 <span class=\"TextRun SCXW23509110 BCX0\" lang=\"DA-DK\" xml:lang=\"DA-DK\" data-contrast=\"auto\"><span class=\"NormalTextRun SCXW23509110 BCX0\">\ud83d\udcac<\/span><\/span><strong>\u00a0<\/strong><br \/>1. \u00bfA qu\u00e9 hora te levantas?<br \/>2. \u00bfA qu\u00e9 hora desayunas?<br \/>3. \u00bfA qu\u00e9 hora vas al colegio?<br \/>4. \u00bfA qu\u00e9 hora almuerzas?<br \/>5. \u00bfA qu\u00e9 hora vuelves a casa?<br \/>6. \u00bfA qu\u00e9 hora cenas?<br \/>7. \u00bfA qu\u00e9 hora te acuestas?<br \/>8. \u00bfA qu\u00e9 hora te duermes?<\/p>\t\t\t\t\t\t\t\t<\/div>\n\t\t\t\t<div class=\"elementor-element elementor-element-c15682e elementor-widget elementor-widget-text-editor\" data-id=\"c15682e\" data-element_type=\"widget\" data-widget_type=\"text-editor.default\">\n\t\t\t\t\t\t\t\t\t<p>d) Entrenamiento de vocabulario<br \/>Tr\u00e6n gloser til<em>\u00a0la rutina diaria\u00a0<\/em>(dagligdagsrutiner).\u00a0Pulse\u00a0<strong><a href=\"https:\/\/quizlet.com\/_3kixh7\" target=\"_blank\" rel=\"noopener noreferrer\">aqu\u00ed<\/a><\/strong><\/p>\t\t\t\t\t\t\t\t<\/div>\n\t\t\t\t<\/div>\n\t\t<div class=\"elementor-element elementor-element-b77dfb4 e-con-full e-flex e-con e-child\" data-id=\"b77dfb4\" data-element_type=\"container\">\n\t\t\t\t<div class=\"elementor-element elementor-element-729e300 elementor-widget elementor-widget-image\" data-id=\"729e300\" data-element_type=\"widget\" data-widget_type=\"image.default\">\n\t\t\t\t\t\t\t\t\t\t\t\t\t\t\t\t<a href=\"https:\/\/laerkeryge.maktechagency.com\/wp-content\/uploads\/2025\/12\/3.voc_.clock_ORIGINAL-300x300-1.webp\" data-elementor-open-lightbox=\"yes\" data-e-action-hash=\"#elementor-action%3Aaction%3Dlightbox%26settings%3DeyJpZCI6NDQyMywidXJsIjoiaHR0cHM6XC9cL2xhZXJrZXJ5Z2UubWFrdGVjaGFnZW5jeS5jb21cL3dwLWNvbnRlbnRcL3VwbG9hZHNcLzIwMjVcLzEyXC8zLnZvY18uY2xvY2tfT1JJR0lOQUwtMzAweDMwMC0xLndlYnAifQ%3D%3D\">\n\t\t\t\t\t\t\t<img fetchpriority=\"high\" decoding=\"async\" width=\"300\" height=\"300\" src=\"https:\/\/laerkeryge.maktechagency.com\/wp-content\/uploads\/2025\/12\/3.voc_.clock_ORIGINAL-300x300-1.webp\" class=\"attachment-full size-full wp-image-4423\" alt=\"\" srcset=\"https:\/\/laerkeryge.maktechagency.com\/wp-content\/uploads\/2025\/12\/3.voc_.clock_ORIGINAL-300x300-1.webp 300w, https:\/\/laerkeryge.maktechagency.com\/wp-content\/uploads\/2025\/12\/3.voc_.clock_ORIGINAL-300x300-1-150x150.webp 150w\" sizes=\"(max-width: 300px) 100vw, 300px\" \/>\t\t\t\t\t\t\t\t<\/a>\n\t\t\t\t\t\t\t\t\t\t\t\t\t\t\t<\/div>\n\t\t\t\t<\/div>\n\t\t\t\t<\/div>\n\t\t<div class=\"elementor-element elementor-element-683c085 e-con-full e-flex e-con e-child\" data-id=\"683c085\" data-element_type=\"container\">\n\t\t\t\t<div class=\"elementor-element elementor-element-429547b elementor-widget elementor-widget-heading\" data-id=\"429547b\" data-element_type=\"widget\" data-widget_type=\"heading.default\">\n\t\t\t\t\t<h2 class=\"elementor-heading-title elementor-size-default\">Opgave 2: La comida  \n\n<\/h2>\t\t\t\t<\/div>\n\t\t\t\t<div class=\"elementor-element elementor-element-83a9035 elementor-widget elementor-widget-text-editor\" data-id=\"83a9035\" data-element_type=\"widget\" data-widget_type=\"text-editor.default\">\n\t\t\t\t\t\t\t\t\t<p>Se p\u00e5 madgloserne i boksene til h\u00f8jre.<\/p>\t\t\t\t\t\t\t\t<\/div>\n\t\t\t\t<div class=\"elementor-element elementor-element-12aa5da elementor-widget elementor-widget-text-editor\" data-id=\"12aa5da\" data-element_type=\"widget\" data-widget_type=\"text-editor.default\">\n\t\t\t\t\t\t\t\t\t<p>a) Vocabulario <span class=\"TextRun SCXW23509110 BCX0\" lang=\"DA-DK\" xml:lang=\"DA-DK\" data-contrast=\"auto\"><span class=\"NormalTextRun SCXW23509110 BCX0\">\ud83d\udcac<\/span><\/span><br \/>Hvilke gloser kender du? Tr\u00e6n gloserne. Pulse\u00a0<strong><a href=\"https:\/\/quizlet.com\/_4cz15w\" target=\"_blank\" rel=\"noopener noreferrer\">aqu\u00ed<\/a><\/strong>.<br \/>Hvilke nye gloser har du l\u00e6rt?<\/p>\t\t\t\t\t\t\t\t<\/div>\n\t\t\t\t<div class=\"elementor-element elementor-element-769161c elementor-widget elementor-widget-text-editor\" data-id=\"769161c\" data-element_type=\"widget\" data-widget_type=\"text-editor.default\">\n\t\t\t\t\t\t\t\t\t<p>b) Mis platos favoritos <span class=\"TextRun SCXW23509110 BCX0\" lang=\"DA-DK\" xml:lang=\"DA-DK\" data-contrast=\"auto\"><span class=\"NormalTextRun SCXW23509110 BCX0\">\ud83d\udcac<\/span><\/span><br \/>1. \u00bfQu\u00e9 desayunas normalmente?<br \/>2. \u00bfCu\u00e1l es tu plato favorito para el almuerzo? \u00bfY para la cena?<\/p>\t\t\t\t\t\t\t\t<\/div>\n\t\t\t\t<div class=\"elementor-element elementor-element-6b32761 elementor-widget elementor-widget-text-editor\" data-id=\"6b32761\" data-element_type=\"widget\" data-widget_type=\"text-editor.default\">\n\t\t\t\t\t\t\t\t\t<p>c) \u00bfEn qu\u00e9 estoy pensando?<strong> <span class=\"TextRun SCXW23509110 BCX0\" lang=\"DA-DK\" xml:lang=\"DA-DK\" data-contrast=\"auto\"><span class=\"NormalTextRun SCXW23509110 BCX0\">\ud83d\udcac<\/span><\/span><\/strong><br \/>T\u00e6nk p\u00e5 en madvare fra gloserne til h\u00f8jre.<br \/>Din makker skal nu g\u00e6tte, hvad du t\u00e6nker p\u00e5, ved at stille\u00a0<em>s\u00ed\/no-<\/em>sp\u00f8rgsm\u00e5l.<\/p>\t\t\t\t\t\t\t\t<\/div>\n\t\t\t\t<div class=\"elementor-element elementor-element-5b309e8 elementor-widget elementor-widget-text-editor\" data-id=\"5b309e8\" data-element_type=\"widget\" data-widget_type=\"text-editor.default\">\n\t\t\t\t\t\t\t\t\t<p>Eksempler p\u00e5 sp\u00f8rgsm\u00e5l:<br \/><em>\u00bfEs un tipo de verdura\/fruta\/carne\/pescado?<br \/>\u00bfEs grande\/peque\u00f1o\/redondo\/largo?\u00a0<\/em><br \/><em>\u00bfEs rojo\/verde\/amarillo\/blanco?\u00a0\u00a0<\/em><br \/><em>\u00bfEs dulce\/picante\/salado?<br \/>\u00bfSe come normalmente para el desayuno\/el almuerzo\/la cena?<\/em><\/p>\t\t\t\t\t\t\t\t<\/div>\n\t\t\t\t<\/div>\n\t\t<div class=\"elementor-element elementor-element-7ae5aff e-con-full e-flex e-con e-child\" data-id=\"7ae5aff\" data-element_type=\"container\">\n\t\t\t\t<div class=\"elementor-element elementor-element-83202ef elementor-widget elementor-widget-heading\" data-id=\"83202ef\" data-element_type=\"widget\" data-widget_type=\"heading.default\">\n\t\t\t\t\t<h2 class=\"elementor-heading-title elementor-size-default\">Opgave 3: Expresiones de tiempo\n\n<\/h2>\t\t\t\t<\/div>\n\t\t\t\t<div class=\"elementor-element elementor-element-3c02a58 elementor-widget elementor-widget-text-editor\" data-id=\"3c02a58\" data-element_type=\"widget\" data-widget_type=\"text-editor.default\">\n\t\t\t\t\t\t\t\t\t<p>a) Entrenamiento de vocabulario<br \/>Tr\u00e6n nyttige tidsudtryk. Pulse\u00a0<strong><a href=\"https:\/\/quizlet.com\/_3ndfax\" target=\"_blank\" rel=\"noopener noreferrer\">aqu\u00ed\u00a0<\/a><\/strong><\/p>\t\t\t\t\t\t\t\t<\/div>\n\t\t\t\t<div class=\"elementor-element elementor-element-edd4b0a elementor-widget elementor-widget-text-editor\" data-id=\"edd4b0a\" data-element_type=\"widget\" data-widget_type=\"text-editor.default\">\n\t\t\t\t\t\t\t\t\t<p>b) Competici\u00f3n <span class=\"TextRun SCXW23509110 BCX0\" lang=\"DA-DK\" xml:lang=\"DA-DK\" data-contrast=\"auto\"><span class=\"NormalTextRun SCXW23509110 BCX0\">\ud83d\udcac<\/span><\/span><strong>\u00a0<\/strong><br \/>Hvem kan huske flest tidsudtryk fra opgave a?<\/p>\t\t\t\t\t\t\t\t<\/div>\n\t\t\t\t<div class=\"elementor-element elementor-element-e4d2286 elementor-widget elementor-widget-text-editor\" data-id=\"e4d2286\" data-element_type=\"widget\" data-widget_type=\"text-editor.default\">\n\t\t\t\t\t\t\t\t\t<p>c) Frases con las expresiones de tiempo\u00a0\u00a0\u270f\ufe0f<br \/>Skriv s\u00e6tninger med 5 udvalgte tidsudtryk fra opgave a.<\/p>\t\t\t\t\t\t\t\t<\/div>\n\t\t\t\t<\/div>\n\t\t\t\t<\/div>\n\t\t<div class=\"elementor-element elementor-element-a0db9f7 e-con-full e-flex e-con e-child\" data-id=\"a0db9f7\" data-element_type=\"container\">\n\t\t<div class=\"elementor-element elementor-element-285d2f8 e-con-full e-flex e-con e-child\" data-id=\"285d2f8\" data-element_type=\"container\" data-settings=\"{&quot;background_background&quot;:&quot;classic&quot;}\">\n\t\t<div class=\"elementor-element elementor-element-1a80ba6 e-con-full e-flex e-con e-child\" data-id=\"1a80ba6\" data-element_type=\"container\" data-settings=\"{&quot;background_background&quot;:&quot;classic&quot;}\">\n\t\t\t\t<div class=\"elementor-element elementor-element-95031f4 elementor-widget elementor-widget-text-editor\" data-id=\"95031f4\" data-element_type=\"widget\" data-widget_type=\"text-editor.default\">\n\t\t\t\t\t\t\t\t\t<p><strong>\u00bfSabes que?\u00a0<\/strong><\/p>\t\t\t\t\t\t\t\t<\/div>\n\t\t\t\t<div class=\"elementor-element elementor-element-3fcd2f6 elementor-widget elementor-widget-text-editor\" data-id=\"3fcd2f6\" data-element_type=\"widget\" data-widget_type=\"text-editor.default\">\n\t\t\t\t\t\t\t\t\t<p>I tv-programmer m.m. bruger man tidsangivelserne 20.15, 22.35 osv. Man siger det bare ikke. Kl. 20.15 hedder<em>\u00a0a las ocho y cuarto de la noche.<\/em><\/p>\t\t\t\t\t\t\t\t<\/div>\n\t\t\t\t<\/div>\n\t\t\t\t<\/div>\n\t\t<div class=\"elementor-element elementor-element-242e345 e-con-full e-flex e-con e-child\" data-id=\"242e345\" data-element_type=\"container\" data-settings=\"{&quot;background_background&quot;:&quot;classic&quot;}\">\n\t\t<div class=\"elementor-element elementor-element-bf56a35 e-con-full e-flex e-con e-child\" data-id=\"bf56a35\" data-element_type=\"container\" data-settings=\"{&quot;background_background&quot;:&quot;classic&quot;}\">\n\t\t\t\t<div class=\"elementor-element elementor-element-564b2b9 elementor-widget elementor-widget-text-editor\" data-id=\"564b2b9\" data-element_type=\"widget\" data-widget_type=\"text-editor.default\">\n\t\t\t\t\t\t\t\t\t<p><strong>\u00bfSabes que?\u00a0<\/strong><\/p>\t\t\t\t\t\t\t\t<\/div>\n\t\t\t\t<div class=\"elementor-element elementor-element-152a2ff elementor-widget elementor-widget-text-editor\" data-id=\"152a2ff\" data-element_type=\"widget\" data-widget_type=\"text-editor.default\">\n\t\t\t\t\t\t\t\t\t<p>I Spanien siger man ikke \u201ctak for mad\u201d, som det er normalt at g\u00f8re i Danmark.<br \/>I stedet for er det god skik at rose maden, fx ved at sige:\u00a0<em>\u00a1<\/em><em>Qu\u00e9 rica est\u00e1 la comida<\/em><em>!\u00a0<\/em><\/p>\t\t\t\t\t\t\t\t<\/div>\n\t\t\t\t<\/div>\n\t\t\t\t<\/div>\n\t\t<div class=\"elementor-element elementor-element-cb47c95 e-con-full e-flex e-con e-child\" data-id=\"cb47c95\" data-element_type=\"container\">\n\t\t\t\t<div class=\"elementor-element elementor-element-5424386 elementor-widget elementor-widget-image\" data-id=\"5424386\" data-element_type=\"widget\" data-widget_type=\"image.default\">\n\t\t\t\t\t\t\t\t\t\t\t\t\t\t\t\t<a href=\"https:\/\/laerkeryge.maktechagency.com\/wp-content\/uploads\/2025\/12\/Cap3.voc_.wordcloud_food.webp\" data-elementor-open-lightbox=\"yes\" data-e-action-hash=\"#elementor-action%3Aaction%3Dlightbox%26settings%3DeyJpZCI6NDQ1MSwidXJsIjoiaHR0cHM6XC9cL2xhZXJrZXJ5Z2UubWFrdGVjaGFnZW5jeS5jb21cL3dwLWNvbnRlbnRcL3VwbG9hZHNcLzIwMjVcLzEyXC9DYXAzLnZvY18ud29yZGNsb3VkX2Zvb2Qud2VicCJ9\">\n\t\t\t\t\t\t\t<img decoding=\"async\" width=\"1020\" height=\"698\" src=\"https:\/\/laerkeryge.maktechagency.com\/wp-content\/uploads\/2025\/12\/Cap3.voc_.wordcloud_food.webp\" class=\"attachment-full size-full wp-image-4451\" alt=\"\" srcset=\"https:\/\/laerkeryge.maktechagency.com\/wp-content\/uploads\/2025\/12\/Cap3.voc_.wordcloud_food.webp 1020w, https:\/\/laerkeryge.maktechagency.com\/wp-content\/uploads\/2025\/12\/Cap3.voc_.wordcloud_food-300x205.webp 300w, https:\/\/laerkeryge.maktechagency.com\/wp-content\/uploads\/2025\/12\/Cap3.voc_.wordcloud_food-768x526.webp 768w\" sizes=\"(max-width: 1020px) 100vw, 1020px\" \/>\t\t\t\t\t\t\t\t<\/a>\n\t\t\t\t\t\t\t\t\t\t\t\t\t\t\t<\/div>\n\t\t\t\t<\/div>\n\t\t<div class=\"elementor-element elementor-element-8982b13 e-con-full e-flex e-con e-child\" data-id=\"8982b13\" data-element_type=\"container\">\n\t\t\t\t<div class=\"elementor-element elementor-element-ef3f1ea elementor-widget elementor-widget-image\" data-id=\"ef3f1ea\" data-element_type=\"widget\" data-widget_type=\"image.default\">\n\t\t\t\t\t\t\t\t\t\t\t\t\t\t\t\t<a href=\"https:\/\/laerkeryge.maktechagency.com\/wp-content\/uploads\/2025\/12\/Cap3voc_wordcloud-breakfast-1024x687-1.webp\" data-elementor-open-lightbox=\"yes\" data-e-action-hash=\"#elementor-action%3Aaction%3Dlightbox%26settings%3DeyJpZCI6NDQ2MSwidXJsIjoiaHR0cHM6XC9cL2xhZXJrZXJ5Z2UubWFrdGVjaGFnZW5jeS5jb21cL3dwLWNvbnRlbnRcL3VwbG9hZHNcLzIwMjVcLzEyXC9DYXAzdm9jX3dvcmRjbG91ZC1icmVha2Zhc3QtMTAyNHg2ODctMS53ZWJwIn0%3D\">\n\t\t\t\t\t\t\t<img decoding=\"async\" width=\"1024\" height=\"687\" src=\"https:\/\/laerkeryge.maktechagency.com\/wp-content\/uploads\/2025\/12\/Cap3voc_wordcloud-breakfast-1024x687-1.webp\" class=\"attachment-full size-full wp-image-4461\" alt=\"\" srcset=\"https:\/\/laerkeryge.maktechagency.com\/wp-content\/uploads\/2025\/12\/Cap3voc_wordcloud-breakfast-1024x687-1.webp 1024w, https:\/\/laerkeryge.maktechagency.com\/wp-content\/uploads\/2025\/12\/Cap3voc_wordcloud-breakfast-1024x687-1-300x201.webp 300w, https:\/\/laerkeryge.maktechagency.com\/wp-content\/uploads\/2025\/12\/Cap3voc_wordcloud-breakfast-1024x687-1-768x515.webp 768w\" sizes=\"(max-width: 1024px) 100vw, 1024px\" \/>\t\t\t\t\t\t\t\t<\/a>\n\t\t\t\t\t\t\t\t\t\t\t\t\t\t\t<\/div>\n\t\t\t\t<\/div>\n\t\t<div class=\"elementor-element elementor-element-3aed280 e-con-full e-flex e-con e-child\" data-id=\"3aed280\" data-element_type=\"container\" data-settings=\"{&quot;background_background&quot;:&quot;classic&quot;}\">\n\t\t<div class=\"elementor-element elementor-element-9ad28d1 e-con-full e-flex e-con e-child\" data-id=\"9ad28d1\" data-element_type=\"container\" data-settings=\"{&quot;background_background&quot;:&quot;classic&quot;}\">\n\t\t\t\t<div class=\"elementor-element elementor-element-c22d12c elementor-widget elementor-widget-text-editor\" data-id=\"c22d12c\" data-element_type=\"widget\" data-widget_type=\"text-editor.default\">\n\t\t\t\t\t\t\t\t\t<p><strong>\u00bfSabes que?<\/strong><\/p>\t\t\t\t\t\t\t\t<\/div>\n\t\t\t\t<div class=\"elementor-element elementor-element-e85d396 elementor-widget elementor-widget-text-editor\" data-id=\"e85d396\" data-element_type=\"widget\" data-widget_type=\"text-editor.default\">\n\t\t\t\t\t\t\t\t\t<p>Hvis du vil sige, at du fast g\u00f8r noget ugentligt, skal ugedagen st\u00e5 i pluralis.<br \/>Fx\u00a0<em>l<\/em><em>os viernes juego al f\u00fatbol<\/em>\u00a0(om fredagen\/hver fredag spiller jeg fodbold).<br \/>Taler du derimod om en specifik dag, skal ugedagen st\u00e5 i singularis.<br \/>Fx\u00a0<em>e<\/em><em>l viernes juego al f\u00fatbol<\/em>\u00a0(p\u00e5 fredag spiller jeg fodbold).<\/p>\t\t\t\t\t\t\t\t<\/div>\n\t\t\t\t<\/div>\n\t\t\t\t<\/div>\n\t\t\t\t<\/div>\n\t\t\t\t<\/div>\n\t\t\t\t<\/div>\n\t\t<div class=\"elementor-element elementor-element-fb3ea2c e-con-full e-flex e-con e-child\" data-id=\"fb3ea2c\" data-element_type=\"container\">\n\t\t<div class=\"elementor-element elementor-element-fc98726 e-con-full e-flex e-con e-child\" data-id=\"fc98726\" data-element_type=\"container\">\n\t\t<div class=\"elementor-element elementor-element-077a3e0 e-con-full e-flex e-con e-child\" data-id=\"077a3e0\" data-element_type=\"container\">\n\t\t\t\t<div class=\"elementor-element elementor-element-b31e6a9 elementor-widget elementor-widget-heading\" data-id=\"b31e6a9\" data-element_type=\"widget\" data-widget_type=\"heading.default\">\n\t\t\t\t\t<h2 class=\"elementor-heading-title elementor-size-default\">Opgave 4: La ciudad \n\n\n\n<\/h2>\t\t\t\t<\/div>\n\t\t\t\t<div class=\"elementor-element elementor-element-ad73963 elementor-widget elementor-widget-text-editor\" data-id=\"ad73963\" data-element_type=\"widget\" data-widget_type=\"text-editor.default\">\n\t\t\t\t\t\t\t\t\t<p>a) Entrenamiento de vocabulario<br \/>Tr\u00e6n nyttige gloser til byen. Pulse\u00a0<strong><a href=\"https:\/\/quizlet.com\/_4dk82g\" target=\"_blank\" rel=\"noopener noreferrer\">aqu\u00ed<\/a><\/strong><\/p>\t\t\t\t\t\t\t\t<\/div>\n\t\t\t\t<div class=\"elementor-element elementor-element-b3296d5 elementor-widget elementor-widget-text-editor\" data-id=\"b3296d5\" data-element_type=\"widget\" data-widget_type=\"text-editor.default\">\n\t\t\t\t\t\t\t\t\t<p>b) Explicar en espa\u00f1ol <span class=\"TextRun SCXW23509110 BCX0\" lang=\"DA-DK\" xml:lang=\"DA-DK\" data-contrast=\"auto\"><span class=\"NormalTextRun SCXW23509110 BCX0\">\ud83d\udcac<\/span><\/span><br \/>Forklar ordet p\u00e5 spansk. Fx \u201cRestaurante\u201d:\u00a0<em>un lugar donde puedes comer con la familia o los amigos.<\/em><br \/>\u200bForklar f\u00f8lgende ord p\u00e5 spansk:\u00a0<em>banco, parque, tienda, hotel, museo.\u00a0<\/em><\/p>\t\t\t\t\t\t\t\t<\/div>\n\t\t\t\t<\/div>\n\t\t<div class=\"elementor-element elementor-element-f19f85d e-con-full e-flex e-con e-child\" data-id=\"f19f85d\" data-element_type=\"container\">\n\t\t\t\t<div class=\"elementor-element elementor-element-07646e8 elementor-widget elementor-widget-image\" data-id=\"07646e8\" data-element_type=\"widget\" data-widget_type=\"image.default\">\n\t\t\t\t\t\t\t\t\t\t\t\t\t\t\t\t<a href=\"https:\/\/laerkeryge.maktechagency.com\/wp-content\/uploads\/2025\/12\/3.voc_.sign_ORIGINAL-1024x576-1.webp\" data-elementor-open-lightbox=\"yes\" data-e-action-hash=\"#elementor-action%3Aaction%3Dlightbox%26settings%3DeyJpZCI6NDQ2OCwidXJsIjoiaHR0cHM6XC9cL2xhZXJrZXJ5Z2UubWFrdGVjaGFnZW5jeS5jb21cL3dwLWNvbnRlbnRcL3VwbG9hZHNcLzIwMjVcLzEyXC8zLnZvY18uc2lnbl9PUklHSU5BTC0xMDI0eDU3Ni0xLndlYnAifQ%3D%3D\">\n\t\t\t\t\t\t\t<img loading=\"lazy\" decoding=\"async\" width=\"1024\" height=\"576\" src=\"https:\/\/laerkeryge.maktechagency.com\/wp-content\/uploads\/2025\/12\/3.voc_.sign_ORIGINAL-1024x576-1.webp\" class=\"attachment-full size-full wp-image-4468\" alt=\"\" srcset=\"https:\/\/laerkeryge.maktechagency.com\/wp-content\/uploads\/2025\/12\/3.voc_.sign_ORIGINAL-1024x576-1.webp 1024w, https:\/\/laerkeryge.maktechagency.com\/wp-content\/uploads\/2025\/12\/3.voc_.sign_ORIGINAL-1024x576-1-300x169.webp 300w, https:\/\/laerkeryge.maktechagency.com\/wp-content\/uploads\/2025\/12\/3.voc_.sign_ORIGINAL-1024x576-1-768x432.webp 768w\" sizes=\"(max-width: 1024px) 100vw, 1024px\" \/>\t\t\t\t\t\t\t\t<\/a>\n\t\t\t\t\t\t\t\t\t\t\t\t\t\t\t<\/div>\n\t\t\t\t<\/div>\n\t\t\t\t<\/div>\n\t\t\t\t<\/div>\n\t\t\t\t<\/div>\n\t\t\t\t<\/div>\n\t\t","protected":false},"excerpt":{"rendered":"<p>Opgave 1: La hora y la rutina diaria a)\u00a0Entrenamiento de vocabularioTr\u00e6n gloser til\u00a0la hora\u00a0(klokken). Pulse\u00a0aqu\u00ed\u200b b) Son las\/ a las [&hellip;]<\/p>\n","protected":false},"author":1,"featured_media":0,"parent":0,"menu_order":0,"comment_status":"closed","ping_status":"closed","template":"elementor_header_footer","meta":{"site-sidebar-layout":"no-sidebar","site-content-layout":"","ast-site-content-layout":"full-width-container","site-content-style":"default","site-sidebar-style":"default","ast-global-header-display":"","ast-banner-title-visibility":"","ast-main-header-display":"","ast-hfb-above-header-display":"","ast-hfb-below-header-display":"","ast-hfb-mobile-header-display":"","site-post-title":"","ast-breadcrumbs-content":"","ast-featured-img":"disabled","footer-sml-layout":"","ast-disable-related-posts":"","theme-transparent-header-meta":"","adv-header-id-meta":"","stick-header-meta":"","header-above-stick-meta":"","header-main-stick-meta":"","header-below-stick-meta":"","astra-migrate-meta-layouts":"default","ast-page-background-enabled":"default","ast-page-background-meta":{"desktop":{"background-color":"var(--ast-global-color-5)","background-image":"","background-repeat":"repeat","background-position":"center center","background-size":"auto","background-attachment":"scroll","background-type":"","background-media":"","overlay-type":"","overlay-color":"","overlay-opacity":"","overlay-gradient":""},"tablet":{"background-color":"","background-image":"","background-repeat":"repeat","background-position":"center center","background-size":"auto","background-attachment":"scroll","background-type":"","background-media":"","overlay-type":"","overlay-color":"","overlay-opacity":"","overlay-gradient":""},"mobile":{"background-color":"","background-image":"","background-repeat":"repeat","background-position":"center center","background-size":"auto","background-attachment":"scroll","background-type":"","background-media":"","overlay-type":"","overlay-color":"","overlay-opacity":"","overlay-gradient":""}},"ast-content-background-meta":{"desktop":{"background-color":"var(--ast-global-color-4)","background-image":"","background-repeat":"repeat","background-position":"center center","background-size":"auto","background-attachment":"scroll","background-type":"","background-media":"","overlay-type":"","overlay-color":"","overlay-opacity":"","overlay-gradient":""},"tablet":{"background-color":"var(--ast-global-color-4)","background-image":"","background-repeat":"repeat","background-position":"center center","background-size":"auto","background-attachment":"scroll","background-type":"","background-media":"","overlay-type":"","overlay-color":"","overlay-opacity":"","overlay-gradient":""},"mobile":{"background-color":"var(--ast-global-color-4)","background-image":"","background-repeat":"repeat","background-position":"center center","background-size":"auto","background-attachment":"scroll","background-type":"","background-media":"","overlay-type":"","overlay-color":"","overlay-opacity":"","overlay-gradient":""}},"footnotes":""},"class_list":["post-93","page","type-page","status-publish","hentry"],"_links":{"self":[{"href":"https:\/\/laerkeryge.maktechagency.com\/index.php\/wp-json\/wp\/v2\/pages\/93","targetHints":{"allow":["GET"]}}],"collection":[{"href":"https:\/\/laerkeryge.maktechagency.com\/index.php\/wp-json\/wp\/v2\/pages"}],"about":[{"href":"https:\/\/laerkeryge.maktechagency.com\/index.php\/wp-json\/wp\/v2\/types\/page"}],"author":[{"embeddable":true,"href":"https:\/\/laerkeryge.maktechagency.com\/index.php\/wp-json\/wp\/v2\/users\/1"}],"replies":[{"embeddable":true,"href":"https:\/\/laerkeryge.maktechagency.com\/index.php\/wp-json\/wp\/v2\/comments?post=93"}],"version-history":[{"count":145,"href":"https:\/\/laerkeryge.maktechagency.com\/index.php\/wp-json\/wp\/v2\/pages\/93\/revisions"}],"predecessor-version":[{"id":9029,"href":"https:\/\/laerkeryge.maktechagency.com\/index.php\/wp-json\/wp\/v2\/pages\/93\/revisions\/9029"}],"wp:attachment":[{"href":"https:\/\/laerkeryge.maktechagency.com\/index.php\/wp-json\/wp\/v2\/media?parent=93"}],"curies":[{"name":"wp","href":"https:\/\/api.w.org\/{rel}","templated":true}]}}