{"id":91,"date":"2025-12-20T08:16:55","date_gmt":"2025-12-20T08:16:55","guid":{"rendered":"https:\/\/laerkeryge.maktechagency.com\/?page_id=91"},"modified":"2026-01-15T03:29:11","modified_gmt":"2026-01-15T03:29:11","slug":"cap-3-gramatica","status":"publish","type":"page","link":"https:\/\/laerkeryge.maktechagency.com\/index.php\/cap-3-gramatica\/","title":{"rendered":"Cap 3 Gram\u00e1tica"},"content":{"rendered":"\t\t<div data-elementor-type=\"wp-page\" data-elementor-id=\"91\" class=\"elementor elementor-91\" data-elementor-post-type=\"page\">\n\t\t\t\t<div class=\"elementor-element elementor-element-f821dd3 e-con-full e-flex e-con e-parent\" data-id=\"f821dd3\" data-element_type=\"container\" data-settings=\"{&quot;background_background&quot;:&quot;classic&quot;}\">\n\t\t\t\t<\/div>\n\t\t<div class=\"elementor-element elementor-element-1f44b39 e-con-full e-flex e-con e-parent\" data-id=\"1f44b39\" data-element_type=\"container\">\n\t\t<div class=\"elementor-element elementor-element-9a015cd e-con-full e-flex e-con e-child\" data-id=\"9a015cd\" data-element_type=\"container\">\n\t\t<div class=\"elementor-element elementor-element-1948a9c e-con-full e-flex e-con e-child\" data-id=\"1948a9c\" data-element_type=\"container\">\n\t\t<div class=\"elementor-element elementor-element-ae6a6e5 e-con-full e-flex e-con e-child\" data-id=\"ae6a6e5\" data-element_type=\"container\">\n\t\t\t\t<div class=\"elementor-element elementor-element-ae287e3 elementor-widget elementor-widget-heading\" data-id=\"ae287e3\" data-element_type=\"widget\" data-widget_type=\"heading.default\">\n\t\t\t\t\t<h2 class=\"elementor-heading-title elementor-size-default\">Opgave 1: Refleksive verber   \n\n\n<\/h2>\t\t\t\t<\/div>\n\t\t\t\t<div class=\"elementor-element elementor-element-f7113fe elementor-widget elementor-widget-text-editor\" data-id=\"f7113fe\" data-element_type=\"widget\" data-widget_type=\"text-editor.default\">\n\t\t\t\t\t\t\t\t\t<p>a) Refleksive verber p\u00e5 dansk og spansk\u00a0\u00a0<strong>\u270f\ufe0f\u00a0<\/strong>\u200b<\/p>\t\t\t\t\t\t\t\t<\/div>\n\t\t\t\t<div class=\"elementor-element elementor-element-6e07986 elementor-widget elementor-widget-text-editor\" data-id=\"6e07986\" data-element_type=\"widget\" data-widget_type=\"text-editor.default\">\n\t\t\t\t\t\t\t\t\t<ul><li>B\u00f8j verberne\u00a0<em>at vaske\u00a0<\/em>og<em>\u00a0at vaske\u00a0sig<\/em>\u00a0p\u00e5 dansk.<\/li><li>Hvilken betydningsforskel er der p\u00e5 de to danske verber?<\/li><li>Hvad sker der med det refleksive pronomen\u00a0<em>sig,\u00a0<\/em>n\u00e5r verbet b\u00f8jes p\u00e5 dansk?<\/li><li>B\u00f8j nu verberne\u00a0<em>lavar<\/em>\u00a0og\u00a0<em>lava<\/em><em>rse\u00a0<\/em>p\u00e5 spansk.<\/li><li>Hvad sker der med det refleksive pronomen\u00a0<em>se,<\/em><em>\u00a0<\/em>n\u00e5r verbet b\u00f8jes?<\/li><\/ul>\t\t\t\t\t\t\t\t<\/div>\n\t\t\t\t<div class=\"elementor-element elementor-element-3afe630 elementor-widget elementor-widget-text-editor\" data-id=\"3afe630\" data-element_type=\"widget\" data-widget_type=\"text-editor.default\">\n\t\t\t\t\t\t\t\t\t<p>b) Betydningsforskelle <span class=\"TextRun SCXW23509110 BCX0\" lang=\"DA-DK\" xml:lang=\"DA-DK\" data-contrast=\"auto\"><span class=\"NormalTextRun SCXW23509110 BCX0\">\ud83d\udcac<\/span><\/span><strong>\u00a0<\/strong><br \/>Nogle verber f\u00e5r en anden betydning, n\u00e5r de er refleksive.<br \/>Forklar betydningsforskellene p\u00e5 verberne herunder:<\/p>\t\t\t\t\t\t\t\t<\/div>\n\t\t\t\t<div class=\"elementor-element elementor-element-af01d0b elementor-widget elementor-widget-text-editor\" data-id=\"af01d0b\" data-element_type=\"widget\" data-widget_type=\"text-editor.default\">\n\t\t\t\t\t\t\t\t\t<p>despertar \u2013 despertarse<br \/>dormir \u2013 dormirse<br \/>llamar \u2013 llamarse<br \/>levantar \u2013 levantarse<\/p>\t\t\t\t\t\t\t\t<\/div>\n\t\t\t\t<div class=\"elementor-element elementor-element-e593838 elementor-widget elementor-widget-text-editor\" data-id=\"e593838\" data-element_type=\"widget\" data-widget_type=\"text-editor.default\">\n\t\t\t\t\t\t\t\t\t<p>c) De refleksive verbers b\u00f8jning<br \/>Tr\u00e6n b\u00f8jningen af f\u00f8lgende refleksive verber.<br \/><em>lavarse\u00a0<\/em>(at vaske sig)<br \/><em>levantarse\u00a0<\/em>(at st\u00e5 op)<br \/><em>llamarse\u00a0<\/em>(at hedde)<br \/><em>casarse\u00a0<\/em>(at gifte sig)<br \/>Pulse\u00a0<strong><a href=\"https:\/\/quizlet.com\/_3kiu79\" target=\"_blank\" rel=\"noopener noreferrer\">aqu\u00ed<\/a><\/strong><\/p>\t\t\t\t\t\t\t\t<\/div>\n\t\t\t\t<\/div>\n\t\t<div class=\"elementor-element elementor-element-ddf8c68 e-con-full e-flex e-con e-child\" data-id=\"ddf8c68\" data-element_type=\"container\">\n\t\t\t\t<div class=\"elementor-element elementor-element-cc6317c elementor-widget elementor-widget-heading\" data-id=\"cc6317c\" data-element_type=\"widget\" data-widget_type=\"heading.default\">\n\t\t\t\t\t<h2 class=\"elementor-heading-title elementor-size-default\">Det refleksive pronomen\n\n\n\n<\/h2>\t\t\t\t<\/div>\n\t\t\t\t<div class=\"elementor-element elementor-element-e2698ca elementor-widget elementor-widget-image\" data-id=\"e2698ca\" data-element_type=\"widget\" data-widget_type=\"image.default\">\n\t\t\t\t\t\t\t\t\t\t\t\t\t\t\t\t<a href=\"https:\/\/laerkeryge.maktechagency.com\/wp-content\/uploads\/2025\/12\/cap3-wordings-1-265x580-1.png\" data-elementor-open-lightbox=\"yes\" data-e-action-hash=\"#elementor-action%3Aaction%3Dlightbox%26settings%3DeyJpZCI6NDM3NywidXJsIjoiaHR0cHM6XC9cL2xhZXJrZXJ5Z2UubWFrdGVjaGFnZW5jeS5jb21cL3dwLWNvbnRlbnRcL3VwbG9hZHNcLzIwMjVcLzEyXC9jYXAzLXdvcmRpbmdzLTEtMjY1eDU4MC0xLnBuZyJ9\">\n\t\t\t\t\t\t\t<img fetchpriority=\"high\" decoding=\"async\" width=\"265\" height=\"580\" src=\"https:\/\/laerkeryge.maktechagency.com\/wp-content\/uploads\/2025\/12\/cap3-wordings-1-265x580-1.png\" class=\"attachment-full size-full wp-image-4377\" alt=\"\" srcset=\"https:\/\/laerkeryge.maktechagency.com\/wp-content\/uploads\/2025\/12\/cap3-wordings-1-265x580-1.png 265w, https:\/\/laerkeryge.maktechagency.com\/wp-content\/uploads\/2025\/12\/cap3-wordings-1-265x580-1-137x300.png 137w\" sizes=\"(max-width: 265px) 100vw, 265px\" \/>\t\t\t\t\t\t\t\t<\/a>\n\t\t\t\t\t\t\t\t\t\t\t\t\t\t\t<\/div>\n\t\t\t\t<\/div>\n\t\t\t\t<\/div>\n\t\t\t\t<div class=\"elementor-element elementor-element-6956f75 elementor-widget elementor-widget-text-editor\" data-id=\"6956f75\" data-element_type=\"widget\" data-widget_type=\"text-editor.default\">\n\t\t\t\t\t\t\t\t\t<p>d) Skriv en e-mail\u00a0\u00a0<strong>\u270f\ufe0f\u00a0<\/strong><br \/>Skriv en kort e-mail til din spanske ven, hvor du fort\u00e6ller om en typisk dag i dit liv. Mindst tre af f\u00f8lgende verber i 1. pers.\/sing. pr\u00e6sens (nutid) skal inddrages:<\/p>\t\t\t\t\t\t\t\t<\/div>\n\t\t\t\t<div class=\"elementor-element elementor-element-d244c36 elementor-widget elementor-widget-text-editor\" data-id=\"d244c36\" data-element_type=\"widget\" data-widget_type=\"text-editor.default\">\n\t\t\t\t\t\t\t\t\t<p>\u200b<em>despertarse\/ie\/\u00a0 \u00a0 \u00a0 \u00a0 ducharse\u00a0 \u00a0\u00a0\u00a0 \u00a0 \u00a0desayunar\u00a0 \u00a0 \u00a0 \u00a0 \u00a0 \u00a0 cepillarse los dientes<br \/>almorzar\/ue\/\u00a0 \u00a0 \u00a0 \u00a0 \u00a0 \u00a0cenar\u00a0 \u00a0 \u00a0 \u00a0 \u00a0 \u00a0 \u00a0 \u00a0acostarse\/ue\/\u00a0 \u00a0 \u00a0 dormirse \/ue\/\u00a0<\/em><\/p>\t\t\t\t\t\t\t\t<\/div>\n\t\t\t\t<div class=\"elementor-element elementor-element-cd2d1c7 elementor-widget elementor-widget-text-editor\" data-id=\"cd2d1c7\" data-element_type=\"widget\" data-widget_type=\"text-editor.default\">\n\t\t\t\t\t\t\t\t\tSend mailen til din makker, der nu skal genfort\u00e6lle din dag. Husk, at nu skal verberne b\u00f8jes i 2. pers.\/sing., fx te levantas (du st\u00e5r op) osv.\t\t\t\t\t\t\t\t<\/div>\n\t\t\t\t<\/div>\n\t\t<div class=\"elementor-element elementor-element-9c015fa e-con-full e-flex e-con e-child\" data-id=\"9c015fa\" data-element_type=\"container\">\n\t\t<div class=\"elementor-element elementor-element-a107f80 e-con-full e-flex e-con e-child\" data-id=\"a107f80\" data-element_type=\"container\">\n\t\t<div class=\"elementor-element elementor-element-7b0e528 e-con-full e-flex e-con e-child\" data-id=\"7b0e528\" data-element_type=\"container\">\n\t\t\t\t<div class=\"elementor-element elementor-element-26f2cff elementor-widget elementor-widget-heading\" data-id=\"26f2cff\" data-element_type=\"widget\" data-widget_type=\"heading.default\">\n\t\t\t\t\t<h2 class=\"elementor-heading-title elementor-size-default\">Opgave 2: Ser\/estar\/hay  \n\n<\/h2>\t\t\t\t<\/div>\n\t\t\t\t<div class=\"elementor-element elementor-element-d3eea91 elementor-widget elementor-widget-text-editor\" data-id=\"d3eea91\" data-element_type=\"widget\" data-widget_type=\"text-editor.default\">\n\t\t\t\t\t\t\t\t\t<p>a) Ser, estar og hay\u00a0 <span class=\"TextRun SCXW23509110 BCX0\" lang=\"DA-DK\" xml:lang=\"DA-DK\" data-contrast=\"auto\"><span class=\"NormalTextRun SCXW23509110 BCX0\">\ud83d\udcac<\/span><\/span><strong>\u00a0<\/strong><\/p>\t\t\t\t\t\t\t\t<\/div>\n\t\t\t\t<div class=\"elementor-element elementor-element-d6b14c4 elementor-widget elementor-widget-text-editor\" data-id=\"d6b14c4\" data-element_type=\"widget\" data-widget_type=\"text-editor.default\">\n\t\t\t\t\t\t\t\t\t<ul><li>Hvorn\u00e5r bruger man typisk\u00a0<em>ser<\/em>?<\/li><li>Hvorn\u00e5r bruger man\u00a0<em>estar<\/em>?<\/li><li>Hvorn\u00e5r bruger man\u00a0<em>hay<\/em>?<\/li><\/ul>\t\t\t\t\t\t\t\t<\/div>\n\t\t\t\t<div class=\"elementor-element elementor-element-23c257a elementor-widget elementor-widget-text-editor\" data-id=\"23c257a\" data-element_type=\"widget\" data-widget_type=\"text-editor.default\">\n\t\t\t\t\t\t\t\t\t<p>b) Tr\u00e6n ser, estar og hay.\u00a0Pulse\u00a0<strong><a href=\"http:\/\/www.quia.com\/quiz\/6413695.html\" target=\"_blank\" rel=\"noopener noreferrer\">aqu\u00ed<\/a><\/strong><\/p>\t\t\t\t\t\t\t\t<\/div>\n\t\t\t\t<div class=\"elementor-element elementor-element-f0b280b elementor-widget elementor-widget-text-editor\" data-id=\"f0b280b\" data-element_type=\"widget\" data-widget_type=\"text-editor.default\">\n\t\t\t\t\t\t\t\t\t<p>c)<strong>\u00a0<\/strong>Find ser\/estar\/hay\u00a0 <span class=\"TextRun SCXW23509110 BCX0\" lang=\"DA-DK\" xml:lang=\"DA-DK\" data-contrast=\"auto\"><span class=\"NormalTextRun SCXW23509110 BCX0\">\ud83d\udcac<\/span><\/span><strong>\u00a0<\/strong><br \/>Find b\u00f8jninger af<em>\u00a0ser<\/em>,<em>\u00a0estar\u00a0<\/em>og\u00a0<em>hay<\/em>\u00a0i teksten nedenfor. Tal med din makker om brugen af\u00a0<em>ser<\/em>,\u00a0<em>estar<\/em>\u00a0og\u00a0<em>hay<\/em>\u00a0med udgangspunkt i eksemplerne.\u00a0\u00a0<\/p>\t\t\t\t\t\t\t\t<\/div>\n\t\t\t\t<div class=\"elementor-element elementor-element-aa885d7 elementor-widget elementor-widget-text-editor\" data-id=\"aa885d7\" data-element_type=\"widget\" data-widget_type=\"text-editor.default\">\n\t\t\t\t\t\t\t\t\t<p>La escuela de idiomas est\u00e1 en el centro de M\u00e1laga muy cerca de la catedral.\u00a0Es un edificio antiguo y muy bonito. Hay estudiantes de todo el mundo en la escuela y es muy divertido, y un poco raro, hablar con un japon\u00e9s en espa\u00f1ol. En mi clase somos unos 10 estudiantes y nuestra profesora se llama Luc\u00eda. Es muy simp\u00e1tica y entusiasta.<\/p>\t\t\t\t\t\t\t\t<\/div>\n\t\t\t\t<div class=\"elementor-element elementor-element-db82ffc elementor-widget elementor-widget-text-editor\" data-id=\"db82ffc\" data-element_type=\"widget\" data-widget_type=\"text-editor.default\">\n\t\t\t\t\t\t\t\t\t<p>d) Billedbeskrivelse\u00a0\u00a0<strong>\u270f\ufe0f\u00a0<\/strong><br \/>Se p\u00e5 billedet\u00a0til h\u00f8jre.<\/p>\t\t\t\t\t\t\t\t<\/div>\n\t\t\t\t<div class=\"elementor-element elementor-element-6edb9e0 elementor-widget elementor-widget-text-editor\" data-id=\"6edb9e0\" data-element_type=\"widget\" data-widget_type=\"text-editor.default\">\n\t\t\t\t\t\t\t\t\t<ul><li>Lav 2\u00a0s\u00e6tninger med hhv.\u00a0<em>ser<\/em>,\u00a0<em>estar<\/em>\u00a0og\u00a0<em>hay<\/em>.<\/li><li>L\u00e6s dem h\u00f8jt for din makker.<\/li><li>Er I enige om, at\u00a0<em>ser<\/em>,\u00a0<em>estar<\/em>\u00a0og\u00a0<em>hay<\/em>\u00a0er brugt korrekt i alle s\u00e6tninger?<\/li><\/ul>\t\t\t\t\t\t\t\t<\/div>\n\t\t\t\t<\/div>\n\t\t<div class=\"elementor-element elementor-element-46b3f48 e-con-full e-flex e-con e-child\" data-id=\"46b3f48\" data-element_type=\"container\">\n\t\t\t\t<div class=\"elementor-element elementor-element-15d4390 elementor-widget elementor-widget-image\" data-id=\"15d4390\" data-element_type=\"widget\" data-widget_type=\"image.default\">\n\t\t\t\t\t\t\t\t\t\t\t\t\t\t\t\t<a href=\"https:\/\/laerkeryge.maktechagency.com\/wp-content\/uploads\/2025\/12\/Cap.3.gram_.ser_estar_hay.webp\" data-elementor-open-lightbox=\"yes\" data-e-action-hash=\"#elementor-action%3Aaction%3Dlightbox%26settings%3DeyJpZCI6NDM5MCwidXJsIjoiaHR0cHM6XC9cL2xhZXJrZXJ5Z2UubWFrdGVjaGFnZW5jeS5jb21cL3dwLWNvbnRlbnRcL3VwbG9hZHNcLzIwMjVcLzEyXC9DYXAuMy5ncmFtXy5zZXJfZXN0YXJfaGF5LndlYnAifQ%3D%3D\">\n\t\t\t\t\t\t\t<img decoding=\"async\" width=\"904\" height=\"670\" src=\"https:\/\/laerkeryge.maktechagency.com\/wp-content\/uploads\/2025\/12\/Cap.3.gram_.ser_estar_hay.webp\" class=\"attachment-full size-full wp-image-4390\" alt=\"\" srcset=\"https:\/\/laerkeryge.maktechagency.com\/wp-content\/uploads\/2025\/12\/Cap.3.gram_.ser_estar_hay.webp 904w, https:\/\/laerkeryge.maktechagency.com\/wp-content\/uploads\/2025\/12\/Cap.3.gram_.ser_estar_hay-300x222.webp 300w, https:\/\/laerkeryge.maktechagency.com\/wp-content\/uploads\/2025\/12\/Cap.3.gram_.ser_estar_hay-768x569.webp 768w\" sizes=\"(max-width: 904px) 100vw, 904px\" \/>\t\t\t\t\t\t\t\t<\/a>\n\t\t\t\t\t\t\t\t\t\t\t\t\t\t\t<\/div>\n\t\t\t\t<div class=\"elementor-element elementor-element-717e1ca elementor-widget elementor-widget-image\" data-id=\"717e1ca\" data-element_type=\"widget\" data-widget_type=\"image.default\">\n\t\t\t\t\t\t\t\t\t\t\t\t\t\t\t\t<a href=\"https:\/\/laerkeryge.maktechagency.com\/wp-content\/uploads\/2025\/12\/Cap.3.gram_.smiling_girl-1024x663-1.png\" data-elementor-open-lightbox=\"yes\" data-e-action-hash=\"#elementor-action%3Aaction%3Dlightbox%26settings%3DeyJpZCI6NDM5NCwidXJsIjoiaHR0cHM6XC9cL2xhZXJrZXJ5Z2UubWFrdGVjaGFnZW5jeS5jb21cL3dwLWNvbnRlbnRcL3VwbG9hZHNcLzIwMjVcLzEyXC9DYXAuMy5ncmFtXy5zbWlsaW5nX2dpcmwtMTAyNHg2NjMtMS5wbmcifQ%3D%3D\">\n\t\t\t\t\t\t\t<img decoding=\"async\" width=\"1024\" height=\"663\" src=\"https:\/\/laerkeryge.maktechagency.com\/wp-content\/uploads\/2025\/12\/Cap.3.gram_.smiling_girl-1024x663-1.png\" class=\"attachment-full size-full wp-image-4394\" alt=\"\" srcset=\"https:\/\/laerkeryge.maktechagency.com\/wp-content\/uploads\/2025\/12\/Cap.3.gram_.smiling_girl-1024x663-1.png 1024w, https:\/\/laerkeryge.maktechagency.com\/wp-content\/uploads\/2025\/12\/Cap.3.gram_.smiling_girl-1024x663-1-300x194.png 300w, https:\/\/laerkeryge.maktechagency.com\/wp-content\/uploads\/2025\/12\/Cap.3.gram_.smiling_girl-1024x663-1-768x497.png 768w\" sizes=\"(max-width: 1024px) 100vw, 1024px\" \/>\t\t\t\t\t\t\t\t<\/a>\n\t\t\t\t\t\t\t\t\t\t\t\t\t\t\t<\/div>\n\t\t\t\t<\/div>\n\t\t\t\t<\/div>\n\t\t\t\t<\/div>\n\t\t\t\t<\/div>\n\t\t\t\t<\/div>\n\t\t","protected":false},"excerpt":{"rendered":"<p>Opgave 1: Refleksive verber a) Refleksive verber p\u00e5 dansk og spansk\u00a0\u00a0\u270f\ufe0f\u00a0\u200b B\u00f8j verberne\u00a0at vaske\u00a0og\u00a0at vaske\u00a0sig\u00a0p\u00e5 dansk. Hvilken betydningsforskel er der [&hellip;]<\/p>\n","protected":false},"author":1,"featured_media":0,"parent":0,"menu_order":0,"comment_status":"closed","ping_status":"closed","template":"elementor_header_footer","meta":{"site-sidebar-layout":"no-sidebar","site-content-layout":"","ast-site-content-layout":"full-width-container","site-content-style":"default","site-sidebar-style":"default","ast-global-header-display":"","ast-banner-title-visibility":"","ast-main-header-display":"","ast-hfb-above-header-display":"","ast-hfb-below-header-display":"","ast-hfb-mobile-header-display":"","site-post-title":"","ast-breadcrumbs-content":"","ast-featured-img":"disabled","footer-sml-layout":"","ast-disable-related-posts":"","theme-transparent-header-meta":"","adv-header-id-meta":"","stick-header-meta":"","header-above-stick-meta":"","header-main-stick-meta":"","header-below-stick-meta":"","astra-migrate-meta-layouts":"default","ast-page-background-enabled":"default","ast-page-background-meta":{"desktop":{"background-color":"var(--ast-global-color-5)","background-image":"","background-repeat":"repeat","background-position":"center center","background-size":"auto","background-attachment":"scroll","background-type":"","background-media":"","overlay-type":"","overlay-color":"","overlay-opacity":"","overlay-gradient":""},"tablet":{"background-color":"","background-image":"","background-repeat":"repeat","background-position":"center center","background-size":"auto","background-attachment":"scroll","background-type":"","background-media":"","overlay-type":"","overlay-color":"","overlay-opacity":"","overlay-gradient":""},"mobile":{"background-color":"","background-image":"","background-repeat":"repeat","background-position":"center center","background-size":"auto","background-attachment":"scroll","background-type":"","background-media":"","overlay-type":"","overlay-color":"","overlay-opacity":"","overlay-gradient":""}},"ast-content-background-meta":{"desktop":{"background-color":"var(--ast-global-color-4)","background-image":"","background-repeat":"repeat","background-position":"center center","background-size":"auto","background-attachment":"scroll","background-type":"","background-media":"","overlay-type":"","overlay-color":"","overlay-opacity":"","overlay-gradient":""},"tablet":{"background-color":"var(--ast-global-color-4)","background-image":"","background-repeat":"repeat","background-position":"center center","background-size":"auto","background-attachment":"scroll","background-type":"","background-media":"","overlay-type":"","overlay-color":"","overlay-opacity":"","overlay-gradient":""},"mobile":{"background-color":"var(--ast-global-color-4)","background-image":"","background-repeat":"repeat","background-position":"center center","background-size":"auto","background-attachment":"scroll","background-type":"","background-media":"","overlay-type":"","overlay-color":"","overlay-opacity":"","overlay-gradient":""}},"footnotes":""},"class_list":["post-91","page","type-page","status-publish","hentry"],"_links":{"self":[{"href":"https:\/\/laerkeryge.maktechagency.com\/index.php\/wp-json\/wp\/v2\/pages\/91","targetHints":{"allow":["GET"]}}],"collection":[{"href":"https:\/\/laerkeryge.maktechagency.com\/index.php\/wp-json\/wp\/v2\/pages"}],"about":[{"href":"https:\/\/laerkeryge.maktechagency.com\/index.php\/wp-json\/wp\/v2\/types\/page"}],"author":[{"embeddable":true,"href":"https:\/\/laerkeryge.maktechagency.com\/index.php\/wp-json\/wp\/v2\/users\/1"}],"replies":[{"embeddable":true,"href":"https:\/\/laerkeryge.maktechagency.com\/index.php\/wp-json\/wp\/v2\/comments?post=91"}],"version-history":[{"count":103,"href":"https:\/\/laerkeryge.maktechagency.com\/index.php\/wp-json\/wp\/v2\/pages\/91\/revisions"}],"predecessor-version":[{"id":9026,"href":"https:\/\/laerkeryge.maktechagency.com\/index.php\/wp-json\/wp\/v2\/pages\/91\/revisions\/9026"}],"wp:attachment":[{"href":"https:\/\/laerkeryge.maktechagency.com\/index.php\/wp-json\/wp\/v2\/media?parent=91"}],"curies":[{"name":"wp","href":"https:\/\/api.w.org\/{rel}","templated":true}]}}