{"id":89,"date":"2025-12-20T08:14:44","date_gmt":"2025-12-20T08:14:44","guid":{"rendered":"https:\/\/laerkeryge.maktechagency.com\/?page_id=89"},"modified":"2026-01-07T05:14:33","modified_gmt":"2026-01-07T05:14:33","slug":"cap-2-traduccion","status":"publish","type":"page","link":"https:\/\/laerkeryge.maktechagency.com\/index.php\/cap-2-traduccion\/","title":{"rendered":"Cap 2 Traducci\u00f3n"},"content":{"rendered":"\t\t<div data-elementor-type=\"wp-page\" data-elementor-id=\"89\" class=\"elementor elementor-89\" data-elementor-post-type=\"page\">\n\t\t\t\t<div class=\"elementor-element elementor-element-06ebc20 e-con-full e-flex e-con e-parent\" data-id=\"06ebc20\" data-element_type=\"container\" data-settings=\"{&quot;background_background&quot;:&quot;classic&quot;}\">\n\t\t\t\t<\/div>\n\t\t<div class=\"elementor-element elementor-element-2b8fde9 e-con-full e-flex e-con e-parent\" data-id=\"2b8fde9\" data-element_type=\"container\">\n\t\t<div class=\"elementor-element elementor-element-3a219d5 e-con-full e-flex e-con e-child\" data-id=\"3a219d5\" data-element_type=\"container\">\n\t\t\t\t<div class=\"elementor-element elementor-element-aac3ca5 elementor-widget elementor-widget-heading\" data-id=\"aac3ca5\" data-element_type=\"widget\" data-widget_type=\"heading.default\">\n\t\t\t\t\t<h2 class=\"elementor-heading-title elementor-size-default\">Opsamlende overs\u00e6ttelse til CAP. 2 \u270f\ufe0f \n<\/h2>\t\t\t\t<\/div>\n\t\t\t\t<div class=\"elementor-element elementor-element-a6f5c1f elementor-widget elementor-widget-text-editor\" data-id=\"a6f5c1f\" data-element_type=\"widget\" data-widget_type=\"text-editor.default\">\n\t\t\t\t\t\t\t\t\t<p><strong>Traducci\u00f3n normal<\/strong><br \/>1. Samuel sidder og spiller klaver. Han er ambiti\u00f8s.<br \/>2. Min danske veninde har lyst h\u00e5r og bl\u00e5 \u00f8jne.<br \/>3. I dag har Silvia travlt, men hun er ogs\u00e5 glad.<br \/>\u200b4. Vores hus har m\u00f8bler, for eksempel en sort kl\u00e6deskab og otte stole.<br \/>5. Til venstre for sengen er der et vindue.<br \/>6. Bedstefor\u00e6ldrene bliver n\u00f8dt til at passe (<em>cuidar a<\/em>) Samuel i dag.<br \/>7. Til h\u00f8jre er der en lampe og et gult bord.<br \/>8. Silvia er p\u00e6n. Hun er m\u00f8rkh\u00e5ret. Hun har p\u00e6ne \u00f8jne.<\/p>\t\t\t\t\t\t\t\t<\/div>\n\t\t\t\t<div class=\"elementor-element elementor-element-6d1212a elementor-widget elementor-widget-text-editor\" data-id=\"6d1212a\" data-element_type=\"widget\" data-widget_type=\"text-editor.default\">\n\t\t\t\t\t\t\t\t\t<p><strong>Traducci\u00f3n avanzada<\/strong><br \/>1. Hunden ligger og sover, fordi den er s\u00f8vnig. Samuel sidder og spiller klaver, fordi han er ambiti\u00f8s.<br \/>2. Mine danske venner kysser ikke hinanden p\u00e5 kinderne (<em>mejilla f.<\/em>) ligesom (<em>como<\/em>) spanierne.<br \/>3. I dag har Silvia travlt, men hendes s\u00f8n er glad og har det godt.<br \/>4. Vores hus er stort. P\u00e5 mit v\u00e6relse er der en seng, et r\u00f8dt bord og et sort kl\u00e6deskab.<br \/>5. Til venstre for (<em>de<\/em>) sengen er der et vindue og en lampe.<br \/>6. Vennerne sidder og spiser p\u00e5 en restaurant, og deres maver vokser og vokser (<em>crecer\/ir + gerundium<\/em>).<br \/>7. Bedstefor\u00e6ldrene og deres datter st\u00e5r og venter i k\u00f8kkenet. De er sultne.<br \/>8. Silvia er p\u00e6n og lav. Hun er en m\u00f8rkh\u00e5ret kvinde med p\u00e6ne m\u00f8rke \u00f8jne.<\/p>\t\t\t\t\t\t\t\t<\/div>\n\t\t\t\t<\/div>\n\t\t\t\t<\/div>\n\t\t\t\t<\/div>\n\t\t","protected":false},"excerpt":{"rendered":"<p>Opsamlende overs\u00e6ttelse til CAP. 2 \u270f\ufe0f Traducci\u00f3n normal1. Samuel sidder og spiller klaver. Han er ambiti\u00f8s.2. Min danske veninde har [&hellip;]<\/p>\n","protected":false},"author":1,"featured_media":0,"parent":0,"menu_order":0,"comment_status":"closed","ping_status":"closed","template":"elementor_header_footer","meta":{"site-sidebar-layout":"no-sidebar","site-content-layout":"","ast-site-content-layout":"full-width-container","site-content-style":"default","site-sidebar-style":"default","ast-global-header-display":"","ast-banner-title-visibility":"","ast-main-header-display":"","ast-hfb-above-header-display":"","ast-hfb-below-header-display":"","ast-hfb-mobile-header-display":"","site-post-title":"","ast-breadcrumbs-content":"","ast-featured-img":"disabled","footer-sml-layout":"","ast-disable-related-posts":"","theme-transparent-header-meta":"","adv-header-id-meta":"","stick-header-meta":"","header-above-stick-meta":"","header-main-stick-meta":"","header-below-stick-meta":"","astra-migrate-meta-layouts":"default","ast-page-background-enabled":"default","ast-page-background-meta":{"desktop":{"background-color":"var(--ast-global-color-5)","background-image":"","background-repeat":"repeat","background-position":"center center","background-size":"auto","background-attachment":"scroll","background-type":"","background-media":"","overlay-type":"","overlay-color":"","overlay-opacity":"","overlay-gradient":""},"tablet":{"background-color":"","background-image":"","background-repeat":"repeat","background-position":"center center","background-size":"auto","background-attachment":"scroll","background-type":"","background-media":"","overlay-type":"","overlay-color":"","overlay-opacity":"","overlay-gradient":""},"mobile":{"background-color":"","background-image":"","background-repeat":"repeat","background-position":"center center","background-size":"auto","background-attachment":"scroll","background-type":"","background-media":"","overlay-type":"","overlay-color":"","overlay-opacity":"","overlay-gradient":""}},"ast-content-background-meta":{"desktop":{"background-color":"var(--ast-global-color-4)","background-image":"","background-repeat":"repeat","background-position":"center center","background-size":"auto","background-attachment":"scroll","background-type":"","background-media":"","overlay-type":"","overlay-color":"","overlay-opacity":"","overlay-gradient":""},"tablet":{"background-color":"var(--ast-global-color-4)","background-image":"","background-repeat":"repeat","background-position":"center center","background-size":"auto","background-attachment":"scroll","background-type":"","background-media":"","overlay-type":"","overlay-color":"","overlay-opacity":"","overlay-gradient":""},"mobile":{"background-color":"var(--ast-global-color-4)","background-image":"","background-repeat":"repeat","background-position":"center center","background-size":"auto","background-attachment":"scroll","background-type":"","background-media":"","overlay-type":"","overlay-color":"","overlay-opacity":"","overlay-gradient":""}},"footnotes":""},"class_list":["post-89","page","type-page","status-publish","hentry"],"_links":{"self":[{"href":"https:\/\/laerkeryge.maktechagency.com\/index.php\/wp-json\/wp\/v2\/pages\/89","targetHints":{"allow":["GET"]}}],"collection":[{"href":"https:\/\/laerkeryge.maktechagency.com\/index.php\/wp-json\/wp\/v2\/pages"}],"about":[{"href":"https:\/\/laerkeryge.maktechagency.com\/index.php\/wp-json\/wp\/v2\/types\/page"}],"author":[{"embeddable":true,"href":"https:\/\/laerkeryge.maktechagency.com\/index.php\/wp-json\/wp\/v2\/users\/1"}],"replies":[{"embeddable":true,"href":"https:\/\/laerkeryge.maktechagency.com\/index.php\/wp-json\/wp\/v2\/comments?post=89"}],"version-history":[{"count":40,"href":"https:\/\/laerkeryge.maktechagency.com\/index.php\/wp-json\/wp\/v2\/pages\/89\/revisions"}],"predecessor-version":[{"id":8397,"href":"https:\/\/laerkeryge.maktechagency.com\/index.php\/wp-json\/wp\/v2\/pages\/89\/revisions\/8397"}],"wp:attachment":[{"href":"https:\/\/laerkeryge.maktechagency.com\/index.php\/wp-json\/wp\/v2\/media?parent=89"}],"curies":[{"name":"wp","href":"https:\/\/api.w.org\/{rel}","templated":true}]}}