{"id":85,"date":"2025-12-20T08:14:28","date_gmt":"2025-12-20T08:14:28","guid":{"rendered":"https:\/\/laerkeryge.maktechagency.com\/?page_id=85"},"modified":"2026-01-15T03:21:51","modified_gmt":"2026-01-15T03:21:51","slug":"cap-2-gramatica","status":"publish","type":"page","link":"https:\/\/laerkeryge.maktechagency.com\/index.php\/cap-2-gramatica\/","title":{"rendered":"Cap 2 Gram\u00e1tica"},"content":{"rendered":"\t\t<div data-elementor-type=\"wp-page\" data-elementor-id=\"85\" class=\"elementor elementor-85\" data-elementor-post-type=\"page\">\n\t\t\t\t<div class=\"elementor-element elementor-element-e05703d e-con-full e-flex e-con e-parent\" data-id=\"e05703d\" data-element_type=\"container\" data-settings=\"{&quot;background_background&quot;:&quot;classic&quot;}\">\n\t\t\t\t<\/div>\n\t\t<div class=\"elementor-element elementor-element-411a5c0 e-con-full e-flex e-con e-parent\" data-id=\"411a5c0\" data-element_type=\"container\">\n\t\t<div class=\"elementor-element elementor-element-b4742d1 e-con-full e-flex e-con e-child\" data-id=\"b4742d1\" data-element_type=\"container\">\n\t\t<div class=\"elementor-element elementor-element-00a63cb e-con-full e-flex e-con e-child\" data-id=\"00a63cb\" data-element_type=\"container\">\n\t\t<div class=\"elementor-element elementor-element-b659a60 e-con-full e-flex e-con e-child\" data-id=\"b659a60\" data-element_type=\"container\">\n\t\t\t\t<div class=\"elementor-element elementor-element-8510a63 elementor-widget elementor-widget-heading\" data-id=\"8510a63\" data-element_type=\"widget\" data-widget_type=\"heading.default\">\n\t\t\t\t\t<h2 class=\"elementor-heading-title elementor-size-default\">Opgave 1: Tener-udtryk  \ud83d\udcac<\/h2>\t\t\t\t<\/div>\n\t\t\t\t<div class=\"elementor-element elementor-element-50a792f elementor-widget elementor-widget-text-editor\" data-id=\"50a792f\" data-element_type=\"widget\" data-widget_type=\"text-editor.default\">\n\t\t\t\t\t\t\t\t\t<p>a) Tr\u00e6n b\u00f8jningen af\u00a0<em>tener<\/em>\u00a0med din sidemand, eller tr\u00e6n ordene her. Pulse\u00a0<a href=\"https:\/\/quizlet.com\/_3lbf7l\" target=\"_blank\" rel=\"noopener noreferrer\"><strong>aqu\u00ed<\/strong>\u00a0<\/a><\/p>\t\t\t\t\t\t\t\t<\/div>\n\t\t\t\t<div class=\"elementor-element elementor-element-afaaeb0 elementor-widget elementor-widget-text-editor\" data-id=\"afaaeb0\" data-element_type=\"widget\" data-widget_type=\"text-editor.default\">\n\t\t\t\t\t\t\t\t\t<p>b) Tr\u00e6n\u00a0<em>tener<\/em>-udtryk.\u00a0Pulse\u00a0<strong><a href=\"https:\/\/quizlet.com\/103348945\/kap-2-udtryk-med-tener-flash-cards\/\" target=\"_blank\" rel=\"noopener noreferrer\">aqu\u00ed<\/a><\/strong><\/p>\t\t\t\t\t\t\t\t<\/div>\n\t\t\t\t<div class=\"elementor-element elementor-element-5eaece9 elementor-widget elementor-widget-text-editor\" data-id=\"5eaece9\" data-element_type=\"widget\" data-widget_type=\"text-editor.default\">\n\t\t\t\t\t\t\t\t\t<p>c) Lav \u00f8velser med verbet\u00a0<em>tener<\/em>. Pulse\u00a0<a href=\"https:\/\/www.quia.com\/quiz\/6422811.html\" target=\"_blank\" rel=\"noopener noreferrer\"><strong>aqu\u00ed<\/strong><\/a><\/p>\t\t\t\t\t\t\t\t<\/div>\n\t\t\t\t<\/div>\n\t\t<div class=\"elementor-element elementor-element-3c8f454 e-con-full e-flex e-con e-child\" data-id=\"3c8f454\" data-element_type=\"container\">\n\t\t<div class=\"elementor-element elementor-element-8afbaa1 e-con-full e-flex e-con e-child\" data-id=\"8afbaa1\" data-element_type=\"container\" data-settings=\"{&quot;background_background&quot;:&quot;classic&quot;}\">\n\t\t<div class=\"elementor-element elementor-element-29bfcc8 e-con-full e-flex e-con e-child\" data-id=\"29bfcc8\" data-element_type=\"container\" data-settings=\"{&quot;background_background&quot;:&quot;classic&quot;}\">\n\t\t\t\t<div class=\"elementor-element elementor-element-8c55425 elementor-widget elementor-widget-text-editor\" data-id=\"8c55425\" data-element_type=\"widget\" data-widget_type=\"text-editor.default\">\n\t\t\t\t\t\t\t\t\t<p><strong>\u00bfSabes que?\u00a0<\/strong><\/p>\t\t\t\t\t\t\t\t<\/div>\n\t\t\t\t<div class=\"elementor-element elementor-element-7ee3c7b elementor-widget elementor-widget-text-editor\" data-id=\"7ee3c7b\" data-element_type=\"widget\" data-widget_type=\"text-editor.default\">\n\t\t\t\t\t\t\t\t\t<p>Hvis du \u00f8nsker, at nogen g\u00f8r noget ved hinanden p\u00e5 spansk, er der et smart trick. S\u00e6t et refleksivt pronomen i pluralis foran verbet, s\u00e5 bliver handlingen gensidig.<br \/>Nos ayudamos.\u00a0\u2192 Vi hj\u00e6lper hinanden.<br \/>Os abraz\u00e1is.\u00a0\u2192\u00a0I krammer hinanden.<br \/>Se besan.<em>\u00a0<\/em>\u2192 De kysser hinanden.<\/p>\t\t\t\t\t\t\t\t<\/div>\n\t\t\t\t<\/div>\n\t\t\t\t<\/div>\n\t\t\t\t<\/div>\n\t\t\t\t<\/div>\n\t\t\t\t<\/div>\n\t\t<div class=\"elementor-element elementor-element-3915241 e-con-full e-flex e-con e-child\" data-id=\"3915241\" data-element_type=\"container\">\n\t\t<div class=\"elementor-element elementor-element-95e2a12 e-con-full e-flex e-con e-child\" data-id=\"95e2a12\" data-element_type=\"container\">\n\t\t<div class=\"elementor-element elementor-element-a3ae247 e-con-full e-flex e-con e-child\" data-id=\"a3ae247\" data-element_type=\"container\">\n\t\t\t\t<div class=\"elementor-element elementor-element-7a62d6a elementor-widget elementor-widget-heading\" data-id=\"7a62d6a\" data-element_type=\"widget\" data-widget_type=\"heading.default\">\n\t\t\t\t\t<h2 class=\"elementor-heading-title elementor-size-default\">Opgave 2: Possessive pronominer \ud83d\udcac     \u270f\ufe0f\n\n<\/h2>\t\t\t\t<\/div>\n\t\t\t\t<div class=\"elementor-element elementor-element-a590bff elementor-widget elementor-widget-text-editor\" data-id=\"a590bff\" data-element_type=\"widget\" data-widget_type=\"text-editor.default\">\n\t\t\t\t\t\t\t\t\t<p>a) Kig p\u00e5 de spanske konstruktioner til h\u00f8jre. Kan du forklare de\u00a0grammatiske regler for de possessive pronominer p\u00e5 spansk blot ved at forklare konstruktionerne?<\/p>\t\t\t\t\t\t\t\t<\/div>\n\t\t\t\t<div class=\"elementor-element elementor-element-7e92175 elementor-widget elementor-widget-text-editor\" data-id=\"7e92175\" data-element_type=\"widget\" data-widget_type=\"text-editor.default\">\n\t\t\t\t\t\t\t\t\t<p>\u200bb) Lav f\u00f8lgende grammatiske opgaver. Pulse\u00a0<strong><a href=\"https:\/\/www.quia.com\/quiz\/6422819.html\" target=\"_blank\" rel=\"noopener noreferrer\">aqu\u00ed<\/a><\/strong><\/p>\t\t\t\t\t\t\t\t<\/div>\n\t\t\t\t<\/div>\n\t\t<div class=\"elementor-element elementor-element-5e9ed20 e-con-full e-flex e-con e-child\" data-id=\"5e9ed20\" data-element_type=\"container\">\n\t\t\t\t<div class=\"elementor-element elementor-element-0feae5e elementor-widget elementor-widget-image\" data-id=\"0feae5e\" data-element_type=\"widget\" data-widget_type=\"image.default\">\n\t\t\t\t\t\t\t\t\t\t\t\t\t\t\t\t<a href=\"https:\/\/laerkeryge.maktechagency.com\/wp-content\/uploads\/2025\/12\/wordcloud-1024x635-1.webp\" data-elementor-open-lightbox=\"yes\" data-e-action-hash=\"#elementor-action%3Aaction%3Dlightbox%26settings%3DeyJpZCI6MzkwNSwidXJsIjoiaHR0cHM6XC9cL2xhZXJrZXJ5Z2UubWFrdGVjaGFnZW5jeS5jb21cL3dwLWNvbnRlbnRcL3VwbG9hZHNcLzIwMjVcLzEyXC93b3JkY2xvdWQtMTAyNHg2MzUtMS53ZWJwIn0%3D\">\n\t\t\t\t\t\t\t<img fetchpriority=\"high\" decoding=\"async\" width=\"1024\" height=\"635\" src=\"https:\/\/laerkeryge.maktechagency.com\/wp-content\/uploads\/2025\/12\/wordcloud-1024x635-1.webp\" class=\"attachment-full size-full wp-image-3905\" alt=\"\" srcset=\"https:\/\/laerkeryge.maktechagency.com\/wp-content\/uploads\/2025\/12\/wordcloud-1024x635-1.webp 1024w, https:\/\/laerkeryge.maktechagency.com\/wp-content\/uploads\/2025\/12\/wordcloud-1024x635-1-300x186.webp 300w, https:\/\/laerkeryge.maktechagency.com\/wp-content\/uploads\/2025\/12\/wordcloud-1024x635-1-768x476.webp 768w\" sizes=\"(max-width: 1024px) 100vw, 1024px\" \/>\t\t\t\t\t\t\t\t<\/a>\n\t\t\t\t\t\t\t\t\t\t\t\t\t\t\t<\/div>\n\t\t\t\t<\/div>\n\t\t\t\t<\/div>\n\t\t\t\t<\/div>\n\t\t<div class=\"elementor-element elementor-element-0d1b0a8 e-con-full e-flex e-con e-child\" data-id=\"0d1b0a8\" data-element_type=\"container\">\n\t\t<div class=\"elementor-element elementor-element-64ace6a e-con-full e-flex e-con e-child\" data-id=\"64ace6a\" data-element_type=\"container\">\n\t\t<div class=\"elementor-element elementor-element-21e6de9 e-con-full e-flex e-con e-child\" data-id=\"21e6de9\" data-element_type=\"container\">\n\t\t<div class=\"elementor-element elementor-element-c77ab2e e-con-full e-flex e-con e-child\" data-id=\"c77ab2e\" data-element_type=\"container\" data-settings=\"{&quot;background_background&quot;:&quot;classic&quot;}\">\n\t\t<div class=\"elementor-element elementor-element-3cbffc4 e-con-full e-flex e-con e-child\" data-id=\"3cbffc4\" data-element_type=\"container\" data-settings=\"{&quot;background_background&quot;:&quot;classic&quot;}\">\n\t\t\t\t<div class=\"elementor-element elementor-element-e15c563 elementor-widget elementor-widget-text-editor\" data-id=\"e15c563\" data-element_type=\"widget\" data-widget_type=\"text-editor.default\">\n\t\t\t\t\t\t\t\t\t<p><strong>\u00bfSabes que?\u00a0<\/strong><\/p>\t\t\t\t\t\t\t\t<\/div>\n\t\t\t\t<div class=\"elementor-element elementor-element-6d24116 elementor-widget elementor-widget-text-editor\" data-id=\"6d24116\" data-element_type=\"widget\" data-widget_type=\"text-editor.default\">\n\t\t\t\t\t\t\t\t\t<p>Verbalperifrasen\u00a0<em>ir + gerundium<\/em>\u00a0giver en betydning af noget, der sker gradvist.<\/p>\t\t\t\t\t\t\t\t<\/div>\n\t\t\t\t<div class=\"elementor-element elementor-element-7f91a45 elementor-widget elementor-widget-text-editor\" data-id=\"7f91a45\" data-element_type=\"widget\" data-widget_type=\"text-editor.default\">\n\t\t\t\t\t\t\t\t\t<p>Hvordan tror du, at\u00a0<em>voy aprendiendo<\/em>\u00a0og\u00a0<em>el chico va creciendo<\/em>\u00a0skal overs\u00e6ttes til dansk?<\/p>\t\t\t\t\t\t\t\t<\/div>\n\t\t\t\t<\/div>\n\t\t\t\t<\/div>\n\t\t\t\t<\/div>\n\t\t<div class=\"elementor-element elementor-element-70d1e98 e-con-full e-flex e-con e-child\" data-id=\"70d1e98\" data-element_type=\"container\">\n\t\t<div class=\"elementor-element elementor-element-4897b25 e-con-full e-flex e-con e-child\" data-id=\"4897b25\" data-element_type=\"container\" data-settings=\"{&quot;background_background&quot;:&quot;classic&quot;}\">\n\t\t<div class=\"elementor-element elementor-element-991057b e-con-full e-flex e-con e-child\" data-id=\"991057b\" data-element_type=\"container\" data-settings=\"{&quot;background_background&quot;:&quot;classic&quot;}\">\n\t\t\t\t<div class=\"elementor-element elementor-element-9cce109 elementor-widget elementor-widget-text-editor\" data-id=\"9cce109\" data-element_type=\"widget\" data-widget_type=\"text-editor.default\">\n\t\t\t\t\t\t\t\t\t<p><strong>\u00bfRecuerdas que?<\/strong><\/p>\t\t\t\t\t\t\t\t<\/div>\n\t\t\t\t<div class=\"elementor-element elementor-element-5a0f88b elementor-widget elementor-widget-text-editor\" data-id=\"5a0f88b\" data-element_type=\"widget\" data-widget_type=\"text-editor.default\">\n\t\t\t\t\t\t\t\t\t<p>Kan du huske, hvorfor der skal st\u00e5 et \u201ca\u201d foran det direkte objekt i denne s\u00e6tning?\u00a0<em>Las mujeres cocinan, limpian y cuidan\u00a0<\/em><em>a los ni\u00f1os.<\/em><\/p>\t\t\t\t\t\t\t\t<\/div>\n\t\t\t\t<div class=\"elementor-element elementor-element-9b2cddf elementor-widget elementor-widget-text-editor\" data-id=\"9b2cddf\" data-element_type=\"widget\" data-widget_type=\"text-editor.default\">\n\t\t\t\t\t\t\t\t\t<p>N\u00e5r det direkte objekt er en bestemt person, skal der p\u00e5 spansk altid s\u00e6ttes \u201ca\u201d foran, fx\u00a0<em>Amo a mi madre.\u00a0<\/em><\/p>\t\t\t\t\t\t\t\t<\/div>\n\t\t\t\t<\/div>\n\t\t\t\t<\/div>\n\t\t\t\t<\/div>\n\t\t\t\t<\/div>\n\t\t\t\t<\/div>\n\t\t<div class=\"elementor-element elementor-element-5009fcf e-con-full e-flex e-con e-child\" data-id=\"5009fcf\" data-element_type=\"container\">\n\t\t\t\t<div class=\"elementor-element elementor-element-05fe5a8 elementor-widget elementor-widget-heading\" data-id=\"05fe5a8\" data-element_type=\"widget\" data-widget_type=\"heading.default\">\n\t\t\t\t\t<h2 class=\"elementor-heading-title elementor-size-default\">Opgave 3: Verbalperifrasen Estar + gerundium  \ud83d\udcac\n\n\n\n\n<\/h2>\t\t\t\t<\/div>\n\t\t\t\t<div class=\"elementor-element elementor-element-0f7f28b elementor-widget elementor-widget-text-editor\" data-id=\"0f7f28b\" data-element_type=\"widget\" data-widget_type=\"text-editor.default\">\n\t\t\t\t\t\t\t\t\t<p>a) Hvilken betydning l\u00e6gger verbalperifrasen\u00a0<em>estar + gerundium<\/em>\u00a0ned over konstruktionen?<\/p>\t\t\t\t\t\t\t\t<\/div>\n\t\t\t\t<div class=\"elementor-element elementor-element-82afbf1 elementor-widget elementor-widget-text-editor\" data-id=\"82afbf1\" data-element_type=\"widget\" data-widget_type=\"text-editor.default\">\n\t\t\t\t\t\t\t\t\t<p>b) Overs\u00e6t f\u00f8lgende s\u00e6tninger til dansk:<br \/>El perro est\u00e1 durmiendo.<br \/>La familia est\u00e1 cenando.<br \/>Marie\u00a0y sus amigos est\u00e1n escribiendo en espa\u00f1ol.b) Overs\u00e6t f\u00f8lgende s\u00e6tninger til dansk:<br \/>El perro est\u00e1 durmiendo.<br \/>La familia est\u00e1 cenando.<br \/>Marie\u00a0y sus amigos est\u00e1n escribiendo en espa\u00f1ol.<\/p>\t\t\t\t\t\t\t\t<\/div>\n\t\t\t\t<div class=\"elementor-element elementor-element-567411b elementor-widget elementor-widget-text-editor\" data-id=\"567411b\" data-element_type=\"widget\" data-widget_type=\"text-editor.default\">\n\t\t\t\t\t\t\t\t\t<p>c) Beskriv personernes handling.<\/p>\t\t\t\t\t\t\t\t<\/div>\n\t\t\t\t<div class=\"elementor-element elementor-element-1790f98 elementor-widget elementor-widget-text-editor\" data-id=\"1790f98\" data-element_type=\"widget\" data-widget_type=\"text-editor.default\">\n\t\t\t\t\t\t\t\t\t<p><em>\u00bfQu\u00e9 est\u00e1n haciendo las personas?<\/em><\/p>\t\t\t\t\t\t\t\t<\/div>\n\t\t\t\t<div class=\"elementor-element elementor-element-470b2ac elementor-widget elementor-widget-text-editor\" data-id=\"470b2ac\" data-element_type=\"widget\" data-widget_type=\"text-editor.default\">\n\t\t\t\t\t\t\t\t\t<p>Skriv \u00e9n s\u00e6tning ned til hvert billede, hvor du bruger\u00a0<em>estar + gerundium\u00a0<\/em>(den igangv\u00e6rende handling). Efterf\u00f8lgende s\u00e6ttes mark\u00f8ren (cursoren) p\u00e5 billedet. Har du skrevet samme igangv\u00e6rende handling som Marie? Du kan ogs\u00e5 \u00e5bne galleriet ved at klikke p\u00e5 et tilf\u00e6ldigt billede, hvis du \u00f8nsker at se billedteksterne i et st\u00f8rre format.<\/p>\t\t\t\t\t\t\t\t<\/div>\n\t\t<div class=\"elementor-element elementor-element-1b92181 e-grid e-con-full e-con e-child\" data-id=\"1b92181\" data-element_type=\"container\">\n\t\t<div class=\"elementor-element elementor-element-6c309d5 e-con-full e-flex e-con e-child\" data-id=\"6c309d5\" data-element_type=\"container\">\n\t\t\t\t<div class=\"elementor-element elementor-element-78c67c8 elementor-widget elementor-widget-image\" data-id=\"78c67c8\" data-element_type=\"widget\" data-widget_type=\"image.default\">\n\t\t\t\t\t\t\t\t\t\t\t\t\t\t\t\t<a href=\"https:\/\/laerkeryge.maktechagency.com\/wp-content\/uploads\/2025\/12\/Photo-1-1024x768-1.webp\" data-elementor-open-lightbox=\"yes\" data-elementor-lightbox-description=\"Javier est\u00e1 dibujando.\nImage 1 of 6\" data-e-action-hash=\"#elementor-action%3Aaction%3Dlightbox%26settings%3DeyJpZCI6MzkzMCwidXJsIjoiaHR0cHM6XC9cL2xhZXJrZXJ5Z2UubWFrdGVjaGFnZW5jeS5jb21cL3dwLWNvbnRlbnRcL3VwbG9hZHNcLzIwMjVcLzEyXC9QaG90by0xLTEwMjR4NzY4LTEud2VicCJ9\">\n\t\t\t\t\t\t\t<img decoding=\"async\" width=\"1024\" height=\"768\" src=\"https:\/\/laerkeryge.maktechagency.com\/wp-content\/uploads\/2025\/12\/Photo-1-1024x768-1.webp\" class=\"attachment-full size-full wp-image-3930\" alt=\"\" srcset=\"https:\/\/laerkeryge.maktechagency.com\/wp-content\/uploads\/2025\/12\/Photo-1-1024x768-1.webp 1024w, https:\/\/laerkeryge.maktechagency.com\/wp-content\/uploads\/2025\/12\/Photo-1-1024x768-1-300x225.webp 300w, https:\/\/laerkeryge.maktechagency.com\/wp-content\/uploads\/2025\/12\/Photo-1-1024x768-1-768x576.webp 768w\" sizes=\"(max-width: 1024px) 100vw, 1024px\" \/>\t\t\t\t\t\t\t\t<\/a>\n\t\t\t\t\t\t\t\t\t\t\t\t\t\t\t<\/div>\n\t\t\t\t<\/div>\n\t\t<div class=\"elementor-element elementor-element-e7e40d5 e-con-full e-flex e-con e-child\" data-id=\"e7e40d5\" data-element_type=\"container\">\n\t\t\t\t<div class=\"elementor-element elementor-element-6078e38 elementor-widget elementor-widget-image\" data-id=\"6078e38\" data-element_type=\"widget\" data-widget_type=\"image.default\">\n\t\t\t\t\t\t\t\t\t\t\t\t\t\t\t\t<a href=\"https:\/\/laerkeryge.maktechagency.com\/wp-content\/uploads\/2025\/12\/Photo-2.webp\" data-elementor-open-lightbox=\"yes\" data-elementor-lightbox-description=\"Javier y Samuel est\u00e1n sonriendo.\nImage 2 of 6\" data-e-action-hash=\"#elementor-action%3Aaction%3Dlightbox%26settings%3DeyJpZCI6MzkzNCwidXJsIjoiaHR0cHM6XC9cL2xhZXJrZXJ5Z2UubWFrdGVjaGFnZW5jeS5jb21cL3dwLWNvbnRlbnRcL3VwbG9hZHNcLzIwMjVcLzEyXC9QaG90by0yLndlYnAifQ%3D%3D\">\n\t\t\t\t\t\t\t<img decoding=\"async\" width=\"518\" height=\"496\" src=\"https:\/\/laerkeryge.maktechagency.com\/wp-content\/uploads\/2025\/12\/Photo-2.webp\" class=\"attachment-full size-full wp-image-3934\" alt=\"\" srcset=\"https:\/\/laerkeryge.maktechagency.com\/wp-content\/uploads\/2025\/12\/Photo-2.webp 518w, https:\/\/laerkeryge.maktechagency.com\/wp-content\/uploads\/2025\/12\/Photo-2-300x287.webp 300w\" sizes=\"(max-width: 518px) 100vw, 518px\" \/>\t\t\t\t\t\t\t\t<\/a>\n\t\t\t\t\t\t\t\t\t\t\t\t\t\t\t<\/div>\n\t\t\t\t<\/div>\n\t\t<div class=\"elementor-element elementor-element-44c860f e-con-full e-flex e-con e-child\" data-id=\"44c860f\" data-element_type=\"container\">\n\t\t\t\t<div class=\"elementor-element elementor-element-71ae5ad elementor-widget elementor-widget-image\" data-id=\"71ae5ad\" data-element_type=\"widget\" data-widget_type=\"image.default\">\n\t\t\t\t\t\t\t\t\t\t\t\t\t\t\t\t<a href=\"https:\/\/laerkeryge.maktechagency.com\/wp-content\/uploads\/2025\/12\/Photo-3.webp\" data-elementor-open-lightbox=\"yes\" data-elementor-lightbox-description=\"Silvia est\u00e1 mirando a la c\u00e1mara.\nImage 3 of 6\" data-e-action-hash=\"#elementor-action%3Aaction%3Dlightbox%26settings%3DeyJpZCI6MzkzNSwidXJsIjoiaHR0cHM6XC9cL2xhZXJrZXJ5Z2UubWFrdGVjaGFnZW5jeS5jb21cL3dwLWNvbnRlbnRcL3VwbG9hZHNcLzIwMjVcLzEyXC9QaG90by0zLndlYnAifQ%3D%3D\">\n\t\t\t\t\t\t\t<img loading=\"lazy\" decoding=\"async\" width=\"524\" height=\"476\" src=\"https:\/\/laerkeryge.maktechagency.com\/wp-content\/uploads\/2025\/12\/Photo-3.webp\" class=\"attachment-full size-full wp-image-3935\" alt=\"\" srcset=\"https:\/\/laerkeryge.maktechagency.com\/wp-content\/uploads\/2025\/12\/Photo-3.webp 524w, https:\/\/laerkeryge.maktechagency.com\/wp-content\/uploads\/2025\/12\/Photo-3-300x273.webp 300w\" sizes=\"(max-width: 524px) 100vw, 524px\" \/>\t\t\t\t\t\t\t\t<\/a>\n\t\t\t\t\t\t\t\t\t\t\t\t\t\t\t<\/div>\n\t\t\t\t<\/div>\n\t\t<div class=\"elementor-element elementor-element-70daafe e-con-full e-flex e-con e-child\" data-id=\"70daafe\" data-element_type=\"container\">\n\t\t\t\t<div class=\"elementor-element elementor-element-3df6c49 elementor-widget elementor-widget-image\" data-id=\"3df6c49\" data-element_type=\"widget\" data-widget_type=\"image.default\">\n\t\t\t\t\t\t\t\t\t\t\t\t\t\t\t\t<a href=\"https:\/\/laerkeryge.maktechagency.com\/wp-content\/uploads\/2025\/12\/Photo-4.webp\" data-elementor-open-lightbox=\"yes\" data-elementor-lightbox-description=\"Samuel est\u00e1 comiendo.\nImage 4 of 6\" data-e-action-hash=\"#elementor-action%3Aaction%3Dlightbox%26settings%3DeyJpZCI6MzkzOSwidXJsIjoiaHR0cHM6XC9cL2xhZXJrZXJ5Z2UubWFrdGVjaGFnZW5jeS5jb21cL3dwLWNvbnRlbnRcL3VwbG9hZHNcLzIwMjVcLzEyXC9QaG90by00LndlYnAifQ%3D%3D\">\n\t\t\t\t\t\t\t<img loading=\"lazy\" decoding=\"async\" width=\"367\" height=\"412\" src=\"https:\/\/laerkeryge.maktechagency.com\/wp-content\/uploads\/2025\/12\/Photo-4.webp\" class=\"attachment-full size-full wp-image-3939\" alt=\"\" srcset=\"https:\/\/laerkeryge.maktechagency.com\/wp-content\/uploads\/2025\/12\/Photo-4.webp 367w, https:\/\/laerkeryge.maktechagency.com\/wp-content\/uploads\/2025\/12\/Photo-4-267x300.webp 267w\" sizes=\"(max-width: 367px) 100vw, 367px\" \/>\t\t\t\t\t\t\t\t<\/a>\n\t\t\t\t\t\t\t\t\t\t\t\t\t\t\t<\/div>\n\t\t\t\t<\/div>\n\t\t<div class=\"elementor-element elementor-element-2744123 e-con-full e-flex e-con e-child\" data-id=\"2744123\" data-element_type=\"container\">\n\t\t\t\t<div class=\"elementor-element elementor-element-148f9e6 elementor-widget elementor-widget-image\" data-id=\"148f9e6\" data-element_type=\"widget\" data-widget_type=\"image.default\">\n\t\t\t\t\t\t\t\t\t\t\t\t\t\t\t\t<a href=\"https:\/\/laerkeryge.maktechagency.com\/wp-content\/uploads\/2025\/12\/Photo-5-1024x768-1.webp\" data-elementor-open-lightbox=\"yes\" data-elementor-lightbox-description=\"La familia est\u00e1 tomando caf\u00e9.\nImage 5 of 6\" data-e-action-hash=\"#elementor-action%3Aaction%3Dlightbox%26settings%3DeyJpZCI6Mzk0MCwidXJsIjoiaHR0cHM6XC9cL2xhZXJrZXJ5Z2UubWFrdGVjaGFnZW5jeS5jb21cL3dwLWNvbnRlbnRcL3VwbG9hZHNcLzIwMjVcLzEyXC9QaG90by01LTEwMjR4NzY4LTEud2VicCJ9\">\n\t\t\t\t\t\t\t<img loading=\"lazy\" decoding=\"async\" width=\"1024\" height=\"768\" src=\"https:\/\/laerkeryge.maktechagency.com\/wp-content\/uploads\/2025\/12\/Photo-5-1024x768-1.webp\" class=\"attachment-full size-full wp-image-3940\" alt=\"\" srcset=\"https:\/\/laerkeryge.maktechagency.com\/wp-content\/uploads\/2025\/12\/Photo-5-1024x768-1.webp 1024w, https:\/\/laerkeryge.maktechagency.com\/wp-content\/uploads\/2025\/12\/Photo-5-1024x768-1-300x225.webp 300w, https:\/\/laerkeryge.maktechagency.com\/wp-content\/uploads\/2025\/12\/Photo-5-1024x768-1-768x576.webp 768w\" sizes=\"(max-width: 1024px) 100vw, 1024px\" \/>\t\t\t\t\t\t\t\t<\/a>\n\t\t\t\t\t\t\t\t\t\t\t\t\t\t\t<\/div>\n\t\t\t\t<\/div>\n\t\t<div class=\"elementor-element elementor-element-f56752f e-con-full e-flex e-con e-child\" data-id=\"f56752f\" data-element_type=\"container\">\n\t\t\t\t<div class=\"elementor-element elementor-element-ce77c34 elementor-widget elementor-widget-image\" data-id=\"ce77c34\" data-element_type=\"widget\" data-widget_type=\"image.default\">\n\t\t\t\t\t\t\t\t\t\t\t\t\t\t\t\t<a href=\"https:\/\/laerkeryge.maktechagency.com\/wp-content\/uploads\/2025\/12\/Photo-6.webp\" data-elementor-open-lightbox=\"yes\" data-elementor-lightbox-description=\"Silvia est\u00e1 comprando comida.\nImage 6 of 6\" data-e-action-hash=\"#elementor-action%3Aaction%3Dlightbox%26settings%3DeyJpZCI6Mzk0NCwidXJsIjoiaHR0cHM6XC9cL2xhZXJrZXJ5Z2UubWFrdGVjaGFnZW5jeS5jb21cL3dwLWNvbnRlbnRcL3VwbG9hZHNcLzIwMjVcLzEyXC9QaG90by02LndlYnAifQ%3D%3D\">\n\t\t\t\t\t\t\t<img loading=\"lazy\" decoding=\"async\" width=\"792\" height=\"615\" src=\"https:\/\/laerkeryge.maktechagency.com\/wp-content\/uploads\/2025\/12\/Photo-6.webp\" class=\"attachment-full size-full wp-image-3944\" alt=\"\" srcset=\"https:\/\/laerkeryge.maktechagency.com\/wp-content\/uploads\/2025\/12\/Photo-6.webp 792w, https:\/\/laerkeryge.maktechagency.com\/wp-content\/uploads\/2025\/12\/Photo-6-300x233.webp 300w, https:\/\/laerkeryge.maktechagency.com\/wp-content\/uploads\/2025\/12\/Photo-6-768x596.webp 768w\" sizes=\"(max-width: 792px) 100vw, 792px\" \/>\t\t\t\t\t\t\t\t<\/a>\n\t\t\t\t\t\t\t\t\t\t\t\t\t\t\t<\/div>\n\t\t\t\t<\/div>\n\t\t\t\t<\/div>\n\t\t\t\t<\/div>\n\t\t\t\t<\/div>\n\t\t\t\t<\/div>\n\t\t","protected":false},"excerpt":{"rendered":"<p>Opgave 1: Tener-udtryk \ud83d\udcac a) Tr\u00e6n b\u00f8jningen af\u00a0tener\u00a0med din sidemand, eller tr\u00e6n ordene her. Pulse\u00a0aqu\u00ed\u00a0 b) Tr\u00e6n\u00a0tener-udtryk.\u00a0Pulse\u00a0aqu\u00ed c) Lav \u00f8velser [&hellip;]<\/p>\n","protected":false},"author":1,"featured_media":0,"parent":0,"menu_order":0,"comment_status":"closed","ping_status":"closed","template":"elementor_header_footer","meta":{"site-sidebar-layout":"no-sidebar","site-content-layout":"","ast-site-content-layout":"full-width-container","site-content-style":"default","site-sidebar-style":"default","ast-global-header-display":"","ast-banner-title-visibility":"","ast-main-header-display":"","ast-hfb-above-header-display":"","ast-hfb-below-header-display":"","ast-hfb-mobile-header-display":"","site-post-title":"","ast-breadcrumbs-content":"","ast-featured-img":"disabled","footer-sml-layout":"","ast-disable-related-posts":"","theme-transparent-header-meta":"","adv-header-id-meta":"","stick-header-meta":"","header-above-stick-meta":"","header-main-stick-meta":"","header-below-stick-meta":"","astra-migrate-meta-layouts":"default","ast-page-background-enabled":"default","ast-page-background-meta":{"desktop":{"background-color":"var(--ast-global-color-5)","background-image":"","background-repeat":"repeat","background-position":"center center","background-size":"auto","background-attachment":"scroll","background-type":"","background-media":"","overlay-type":"","overlay-color":"","overlay-opacity":"","overlay-gradient":""},"tablet":{"background-color":"","background-image":"","background-repeat":"repeat","background-position":"center center","background-size":"auto","background-attachment":"scroll","background-type":"","background-media":"","overlay-type":"","overlay-color":"","overlay-opacity":"","overlay-gradient":""},"mobile":{"background-color":"","background-image":"","background-repeat":"repeat","background-position":"center center","background-size":"auto","background-attachment":"scroll","background-type":"","background-media":"","overlay-type":"","overlay-color":"","overlay-opacity":"","overlay-gradient":""}},"ast-content-background-meta":{"desktop":{"background-color":"var(--ast-global-color-4)","background-image":"","background-repeat":"repeat","background-position":"center center","background-size":"auto","background-attachment":"scroll","background-type":"","background-media":"","overlay-type":"","overlay-color":"","overlay-opacity":"","overlay-gradient":""},"tablet":{"background-color":"var(--ast-global-color-4)","background-image":"","background-repeat":"repeat","background-position":"center center","background-size":"auto","background-attachment":"scroll","background-type":"","background-media":"","overlay-type":"","overlay-color":"","overlay-opacity":"","overlay-gradient":""},"mobile":{"background-color":"var(--ast-global-color-4)","background-image":"","background-repeat":"repeat","background-position":"center center","background-size":"auto","background-attachment":"scroll","background-type":"","background-media":"","overlay-type":"","overlay-color":"","overlay-opacity":"","overlay-gradient":""}},"footnotes":""},"class_list":["post-85","page","type-page","status-publish","hentry"],"_links":{"self":[{"href":"https:\/\/laerkeryge.maktechagency.com\/index.php\/wp-json\/wp\/v2\/pages\/85","targetHints":{"allow":["GET"]}}],"collection":[{"href":"https:\/\/laerkeryge.maktechagency.com\/index.php\/wp-json\/wp\/v2\/pages"}],"about":[{"href":"https:\/\/laerkeryge.maktechagency.com\/index.php\/wp-json\/wp\/v2\/types\/page"}],"author":[{"embeddable":true,"href":"https:\/\/laerkeryge.maktechagency.com\/index.php\/wp-json\/wp\/v2\/users\/1"}],"replies":[{"embeddable":true,"href":"https:\/\/laerkeryge.maktechagency.com\/index.php\/wp-json\/wp\/v2\/comments?post=85"}],"version-history":[{"count":190,"href":"https:\/\/laerkeryge.maktechagency.com\/index.php\/wp-json\/wp\/v2\/pages\/85\/revisions"}],"predecessor-version":[{"id":8996,"href":"https:\/\/laerkeryge.maktechagency.com\/index.php\/wp-json\/wp\/v2\/pages\/85\/revisions\/8996"}],"wp:attachment":[{"href":"https:\/\/laerkeryge.maktechagency.com\/index.php\/wp-json\/wp\/v2\/media?parent=85"}],"curies":[{"name":"wp","href":"https:\/\/api.w.org\/{rel}","templated":true}]}}