{"id":81,"date":"2025-12-20T08:12:58","date_gmt":"2025-12-20T08:12:58","guid":{"rendered":"https:\/\/laerkeryge.maktechagency.com\/?page_id=81"},"modified":"2026-01-15T03:07:01","modified_gmt":"2026-01-15T03:07:01","slug":"cap-1-vocabulario","status":"publish","type":"page","link":"https:\/\/laerkeryge.maktechagency.com\/index.php\/cap-1-vocabulario\/","title":{"rendered":"Cap 1 Vocabulario"},"content":{"rendered":"\t\t<div data-elementor-type=\"wp-page\" data-elementor-id=\"81\" class=\"elementor elementor-81\" data-elementor-post-type=\"page\">\n\t\t\t\t<div class=\"elementor-element elementor-element-62dfc2c e-con-full e-flex e-con e-parent\" data-id=\"62dfc2c\" data-element_type=\"container\" data-settings=\"{&quot;background_background&quot;:&quot;classic&quot;}\">\n\t\t\t\t<\/div>\n\t\t<div class=\"elementor-element elementor-element-520f63e e-con-full e-flex e-con e-parent\" data-id=\"520f63e\" data-element_type=\"container\">\n\t\t<div class=\"elementor-element elementor-element-9b544b9 e-con-full e-flex e-con e-child\" data-id=\"9b544b9\" data-element_type=\"container\">\n\t\t<div class=\"elementor-element elementor-element-4ec1f0d e-con-full e-flex e-con e-child\" data-id=\"4ec1f0d\" data-element_type=\"container\">\n\t\t<div class=\"elementor-element elementor-element-37c24fc e-con-full e-flex e-con e-child\" data-id=\"37c24fc\" data-element_type=\"container\">\n\t\t<div class=\"elementor-element elementor-element-07ddc25 e-grid e-con-full e-con e-child\" data-id=\"07ddc25\" data-element_type=\"container\">\n\t\t<div class=\"elementor-element elementor-element-32b1c0d e-con-full e-flex e-con e-child\" data-id=\"32b1c0d\" data-element_type=\"container\">\n\t\t\t\t<div class=\"elementor-element elementor-element-edb071c elementor-widget elementor-widget-image\" data-id=\"edb071c\" data-element_type=\"widget\" data-widget_type=\"image.default\">\n\t\t\t\t\t\t\t\t\t\t\t\t\t\t\t\t<a href=\"https:\/\/laerkeryge.maktechagency.com\/wp-content\/uploads\/2025\/12\/cap-1-rain-200x200-1.png\" data-elementor-open-lightbox=\"yes\" data-e-action-hash=\"#elementor-action%3Aaction%3Dlightbox%26settings%3DeyJpZCI6MzcxNiwidXJsIjoiaHR0cHM6XC9cL2xhZXJrZXJ5Z2UubWFrdGVjaGFnZW5jeS5jb21cL3dwLWNvbnRlbnRcL3VwbG9hZHNcLzIwMjVcLzEyXC9jYXAtMS1yYWluLTIwMHgyMDAtMS5wbmcifQ%3D%3D\">\n\t\t\t\t\t\t\t<img decoding=\"async\" width=\"200\" height=\"200\" src=\"https:\/\/laerkeryge.maktechagency.com\/wp-content\/uploads\/2025\/12\/cap-1-rain-200x200-1.png\" class=\"attachment-full size-full wp-image-3716\" alt=\"\" srcset=\"https:\/\/laerkeryge.maktechagency.com\/wp-content\/uploads\/2025\/12\/cap-1-rain-200x200-1.png 200w, https:\/\/laerkeryge.maktechagency.com\/wp-content\/uploads\/2025\/12\/cap-1-rain-200x200-1-150x150.png 150w\" sizes=\"(max-width: 200px) 100vw, 200px\" \/>\t\t\t\t\t\t\t\t<\/a>\n\t\t\t\t\t\t\t\t\t\t\t\t\t\t\t<\/div>\n\t\t\t\t<\/div>\n\t\t<div class=\"elementor-element elementor-element-a76dc05 e-con-full e-flex e-con e-child\" data-id=\"a76dc05\" data-element_type=\"container\">\n\t\t\t\t<div class=\"elementor-element elementor-element-f6824f1 elementor-widget elementor-widget-image\" data-id=\"f6824f1\" data-element_type=\"widget\" data-widget_type=\"image.default\">\n\t\t\t\t\t\t\t\t\t\t\t\t\t\t\t\t<a href=\"https:\/\/laerkeryge.maktechagency.com\/wp-content\/uploads\/2025\/12\/cap-1-sun-200x200-1.png\" data-elementor-open-lightbox=\"yes\" data-e-action-hash=\"#elementor-action%3Aaction%3Dlightbox%26settings%3DeyJpZCI6MzcyMywidXJsIjoiaHR0cHM6XC9cL2xhZXJrZXJ5Z2UubWFrdGVjaGFnZW5jeS5jb21cL3dwLWNvbnRlbnRcL3VwbG9hZHNcLzIwMjVcLzEyXC9jYXAtMS1zdW4tMjAweDIwMC0xLnBuZyJ9\">\n\t\t\t\t\t\t\t<img decoding=\"async\" width=\"200\" height=\"200\" src=\"https:\/\/laerkeryge.maktechagency.com\/wp-content\/uploads\/2025\/12\/cap-1-sun-200x200-1.png\" class=\"attachment-full size-full wp-image-3723\" alt=\"\" srcset=\"https:\/\/laerkeryge.maktechagency.com\/wp-content\/uploads\/2025\/12\/cap-1-sun-200x200-1.png 200w, https:\/\/laerkeryge.maktechagency.com\/wp-content\/uploads\/2025\/12\/cap-1-sun-200x200-1-150x150.png 150w\" sizes=\"(max-width: 200px) 100vw, 200px\" \/>\t\t\t\t\t\t\t\t<\/a>\n\t\t\t\t\t\t\t\t\t\t\t\t\t\t\t<\/div>\n\t\t\t\t<\/div>\n\t\t<div class=\"elementor-element elementor-element-b6556e5 e-con-full e-flex e-con e-child\" data-id=\"b6556e5\" data-element_type=\"container\">\n\t\t\t\t<div class=\"elementor-element elementor-element-3f7bb9c elementor-widget elementor-widget-image\" data-id=\"3f7bb9c\" data-element_type=\"widget\" data-widget_type=\"image.default\">\n\t\t\t\t\t\t\t\t\t\t\t\t\t\t\t\t<a href=\"https:\/\/laerkeryge.maktechagency.com\/wp-content\/uploads\/2025\/12\/cap-1-cloud-200x200-1.png\" data-elementor-open-lightbox=\"yes\" data-e-action-hash=\"#elementor-action%3Aaction%3Dlightbox%26settings%3DeyJpZCI6MzcyNywidXJsIjoiaHR0cHM6XC9cL2xhZXJrZXJ5Z2UubWFrdGVjaGFnZW5jeS5jb21cL3dwLWNvbnRlbnRcL3VwbG9hZHNcLzIwMjVcLzEyXC9jYXAtMS1jbG91ZC0yMDB4MjAwLTEucG5nIn0%3D\">\n\t\t\t\t\t\t\t<img decoding=\"async\" width=\"200\" height=\"200\" src=\"https:\/\/laerkeryge.maktechagency.com\/wp-content\/uploads\/2025\/12\/cap-1-cloud-200x200-1.png\" class=\"attachment-full size-full wp-image-3727\" alt=\"\" srcset=\"https:\/\/laerkeryge.maktechagency.com\/wp-content\/uploads\/2025\/12\/cap-1-cloud-200x200-1.png 200w, https:\/\/laerkeryge.maktechagency.com\/wp-content\/uploads\/2025\/12\/cap-1-cloud-200x200-1-150x150.png 150w\" sizes=\"(max-width: 200px) 100vw, 200px\" \/>\t\t\t\t\t\t\t\t<\/a>\n\t\t\t\t\t\t\t\t\t\t\t\t\t\t\t<\/div>\n\t\t\t\t<\/div>\n\t\t<div class=\"elementor-element elementor-element-cc82b92 e-con-full e-flex e-con e-child\" data-id=\"cc82b92\" data-element_type=\"container\">\n\t\t\t\t<div class=\"elementor-element elementor-element-5208582 elementor-widget elementor-widget-image\" data-id=\"5208582\" data-element_type=\"widget\" data-widget_type=\"image.default\">\n\t\t\t\t\t\t\t\t\t\t\t\t\t\t\t\t<a href=\"https:\/\/laerkeryge.maktechagency.com\/wp-content\/uploads\/2025\/12\/cap-1-snow-200x200-1.png\" data-elementor-open-lightbox=\"yes\" data-e-action-hash=\"#elementor-action%3Aaction%3Dlightbox%26settings%3DeyJpZCI6MzczMSwidXJsIjoiaHR0cHM6XC9cL2xhZXJrZXJ5Z2UubWFrdGVjaGFnZW5jeS5jb21cL3dwLWNvbnRlbnRcL3VwbG9hZHNcLzIwMjVcLzEyXC9jYXAtMS1zbm93LTIwMHgyMDAtMS5wbmcifQ%3D%3D\">\n\t\t\t\t\t\t\t<img loading=\"lazy\" decoding=\"async\" width=\"200\" height=\"200\" src=\"https:\/\/laerkeryge.maktechagency.com\/wp-content\/uploads\/2025\/12\/cap-1-snow-200x200-1.png\" class=\"attachment-full size-full wp-image-3731\" alt=\"\" srcset=\"https:\/\/laerkeryge.maktechagency.com\/wp-content\/uploads\/2025\/12\/cap-1-snow-200x200-1.png 200w, https:\/\/laerkeryge.maktechagency.com\/wp-content\/uploads\/2025\/12\/cap-1-snow-200x200-1-150x150.png 150w\" sizes=\"(max-width: 200px) 100vw, 200px\" \/>\t\t\t\t\t\t\t\t<\/a>\n\t\t\t\t\t\t\t\t\t\t\t\t\t\t\t<\/div>\n\t\t\t\t<\/div>\n\t\t<div class=\"elementor-element elementor-element-ac533ab e-con-full e-flex e-con e-child\" data-id=\"ac533ab\" data-element_type=\"container\">\n\t\t\t\t<div class=\"elementor-element elementor-element-b289e19 elementor-widget elementor-widget-image\" data-id=\"b289e19\" data-element_type=\"widget\" data-widget_type=\"image.default\">\n\t\t\t\t\t\t\t\t\t\t\t\t\t\t\t\t<a href=\"https:\/\/laerkeryge.maktechagency.com\/wp-content\/uploads\/2025\/12\/cap-1-cloudy-200x200-1.png\" data-elementor-open-lightbox=\"yes\" data-e-action-hash=\"#elementor-action%3Aaction%3Dlightbox%26settings%3DeyJpZCI6MzczNSwidXJsIjoiaHR0cHM6XC9cL2xhZXJrZXJ5Z2UubWFrdGVjaGFnZW5jeS5jb21cL3dwLWNvbnRlbnRcL3VwbG9hZHNcLzIwMjVcLzEyXC9jYXAtMS1jbG91ZHktMjAweDIwMC0xLnBuZyJ9\">\n\t\t\t\t\t\t\t<img loading=\"lazy\" decoding=\"async\" width=\"200\" height=\"200\" src=\"https:\/\/laerkeryge.maktechagency.com\/wp-content\/uploads\/2025\/12\/cap-1-cloudy-200x200-1.png\" class=\"attachment-full size-full wp-image-3735\" alt=\"\" srcset=\"https:\/\/laerkeryge.maktechagency.com\/wp-content\/uploads\/2025\/12\/cap-1-cloudy-200x200-1.png 200w, https:\/\/laerkeryge.maktechagency.com\/wp-content\/uploads\/2025\/12\/cap-1-cloudy-200x200-1-150x150.png 150w\" sizes=\"(max-width: 200px) 100vw, 200px\" \/>\t\t\t\t\t\t\t\t<\/a>\n\t\t\t\t\t\t\t\t\t\t\t\t\t\t\t<\/div>\n\t\t\t\t<\/div>\n\t\t\t\t<\/div>\n\t\t\t\t<\/div>\n\t\t<div class=\"elementor-element elementor-element-f66d83b e-con-full e-flex e-con e-child\" data-id=\"f66d83b\" data-element_type=\"container\">\n\t\t\t\t<div class=\"elementor-element elementor-element-fb3414a elementor-widget elementor-widget-heading\" data-id=\"fb3414a\" data-element_type=\"widget\" data-widget_type=\"heading.default\">\n\t\t\t\t\t<h2 class=\"elementor-heading-title elementor-size-default\">Opgave 1: El tiempo (vejret) \n\n\n<\/h2>\t\t\t\t<\/div>\n\t\t\t\t<div class=\"elementor-element elementor-element-da5075a elementor-widget elementor-widget-text-editor\" data-id=\"da5075a\" data-element_type=\"widget\" data-widget_type=\"text-editor.default\">\n\t\t\t\t\t\t\t\t\t<p>a) Vocabulario <span class=\"TextRun SCXW263863915 BCX0\" lang=\"DA-DK\" xml:lang=\"DA-DK\" data-contrast=\"auto\"><span class=\"NormalTextRun SCXW263863915 BCX0\">\ud83d\udcac<\/span><\/span><br \/>Hvad betyder f\u00f8lgende vejrudtryk p\u00e5 spansk?<\/p>\t\t\t\t\t\t\t\t<\/div>\n\t\t\t\t<div class=\"elementor-element elementor-element-bbbbc93 elementor-widget elementor-widget-text-editor\" data-id=\"bbbbc93\" data-element_type=\"widget\" data-widget_type=\"text-editor.default\">\n\t\t\t\t\t\t\t\t\t<p>Hace calor<br \/>Hace fr\u00edo<br \/>Hace sol<br \/>Hace 35 grados<br \/>Hace viento<br \/>Llueve<br \/>Nieva<br \/>Est\u00e1 nublado<\/p>\t\t\t\t\t\t\t\t<\/div>\n\t\t\t\t<div class=\"elementor-element elementor-element-96f8dd3 elementor-widget elementor-widget-text-editor\" data-id=\"96f8dd3\" data-element_type=\"widget\" data-widget_type=\"text-editor.default\">\n\t\t\t\t\t\t\t\t\t<p>Tr\u00e6n evt. gloserne. Pulse\u00a0<strong><a href=\"https:\/\/quizlet.com\/_4dapx7\" target=\"_blank\" rel=\"noopener noreferrer\">aqu\u00ed<\/a><\/strong><\/p>\t\t\t\t\t\t\t\t<\/div>\n\t\t\t\t<div class=\"elementor-element elementor-element-321ef78 elementor-widget elementor-widget-text-editor\" data-id=\"321ef78\" data-element_type=\"widget\" data-widget_type=\"text-editor.default\">\n\t\t\t\t\t\t\t\t\t<p>b) Preguntas generales <span class=\"TextRun SCXW263863915 BCX0\" lang=\"DA-DK\" xml:lang=\"DA-DK\" data-contrast=\"auto\"><span class=\"NormalTextRun SCXW263863915 BCX0\">\ud83d\udcac<\/span><\/span>\u00a0 \u00a0\u270f\ufe0f<br \/>\u200b1. \u200b\u00bfQu\u00e9 tiempo hace en primavera en Dinamarca?<br \/>2. \u00bfQu\u00e9 tiempo hace en\u00a0verano en Dinamarca?<br \/>3.\u00a0\u00bfQu\u00e9 tiempo hace en\u00a0oto\u00f1o en Dinamarca?<br \/>4. \u00bfQu\u00e9 tiempo hace en invierno en Dinamarca?<br \/>5. \u00bfCu\u00e1ntos grados hace en Dinamarca hoy?<br \/>6.\u00a0\u00bfQu\u00e9 tiempo hace hoy en M\u00e1laga? Buscar por Internet.<\/p>\t\t\t\t\t\t\t\t<\/div>\n\t\t\t\t<\/div>\n\t\t\t\t<\/div>\n\t\t\t\t<\/div>\n\t\t<div class=\"elementor-element elementor-element-6cdf37e e-con-full e-flex e-con e-child\" data-id=\"6cdf37e\" data-element_type=\"container\">\n\t\t<div class=\"elementor-element elementor-element-85a5c42 e-con-full e-flex e-con e-child\" data-id=\"85a5c42\" data-element_type=\"container\">\n\t\t<div class=\"elementor-element elementor-element-23fb459 e-con-full e-flex e-con e-child\" data-id=\"23fb459\" data-element_type=\"container\">\n\t\t\t\t<div class=\"elementor-element elementor-element-a52b260 elementor-widget elementor-widget-heading\" data-id=\"a52b260\" data-element_type=\"widget\" data-widget_type=\"heading.default\">\n\t\t\t\t\t<h2 class=\"elementor-heading-title elementor-size-default\">Opgave 2: Los adjetivos \n\n\n<\/h2>\t\t\t\t<\/div>\n\t\t\t\t<div class=\"elementor-element elementor-element-f126c6e elementor-widget elementor-widget-text-editor\" data-id=\"f126c6e\" data-element_type=\"widget\" data-widget_type=\"text-editor.default\">\n\t\t\t\t\t\t\t\t\t<p>a) Entrenamiento de vocabulario<br \/>Tr\u00e6n tekstens adjektiver. Pulse\u00a0<strong><a href=\"https:\/\/quizlet.com\/212981211\/adjektiver-til-kap-1-flash-cards\/\" target=\"_blank\" rel=\"noopener noreferrer\">aqu\u00ed<\/a>\u00a0<\/strong><\/p>\t\t\t\t\t\t\t\t<\/div>\n\t\t\t\t<div class=\"elementor-element elementor-element-7231744 elementor-widget elementor-widget-text-editor\" data-id=\"7231744\" data-element_type=\"widget\" data-widget_type=\"text-editor.default\">\n\t\t\t\t\t\t\t\t\t<p>b) Competici\u00f3n\u00a0<strong> <span class=\"TextRun SCXW263863915 BCX0\" lang=\"DA-DK\" xml:lang=\"DA-DK\" data-contrast=\"auto\"><span class=\"NormalTextRun SCXW263863915 BCX0\">\ud83d\udcac<\/span><\/span><\/strong><br \/>S\u00e6t dig sammen med din makker med hvert sit papir og en blyant\/kuglepen. Hvem kan skrive flest adjektiver ned p\u00e5 2 minutter? Hvem vandt?<\/p>\t\t\t\t\t\t\t\t<\/div>\n\t\t\t\t<\/div>\n\t\t\t\t<\/div>\n\t\t\t\t<\/div>\n\t\t<div class=\"elementor-element elementor-element-96bf299 e-con-full e-flex e-con e-child\" data-id=\"96bf299\" data-element_type=\"container\">\n\t\t<div class=\"elementor-element elementor-element-aeeeb37 e-con-full e-flex e-con e-child\" data-id=\"aeeeb37\" data-element_type=\"container\">\n\t\t<div class=\"elementor-element elementor-element-7072d49 e-con-full e-flex e-con e-child\" data-id=\"7072d49\" data-element_type=\"container\">\n\t\t\t\t<div class=\"elementor-element elementor-element-bbdce0c elementor-widget elementor-widget-heading\" data-id=\"bbdce0c\" data-element_type=\"widget\" data-widget_type=\"heading.default\">\n\t\t\t\t\t<h2 class=\"elementor-heading-title elementor-size-default\">Opgave 3: Vocabulario del tiempo (tiden) \ud83d\udcac  \n\n\n<\/h2>\t\t\t\t<\/div>\n\t\t\t\t<div class=\"elementor-element elementor-element-710a1f7 elementor-widget elementor-widget-text-editor\" data-id=\"710a1f7\" data-element_type=\"widget\" data-widget_type=\"text-editor.default\">\n\t\t\t\t\t\t\t\t\t<p>a) Vocabulario<br \/>Tr\u00e6n gloser til temaet\u00a0<em>el tiempo<\/em>. Se ogs\u00e5 gerne videoerne, s\u00e5 du bedre kan huske ordene.<\/p>\t\t\t\t\t\t\t\t<\/div>\n\t\t\t\t<div class=\"elementor-element elementor-element-169c8db elementor-widget elementor-widget-text-editor\" data-id=\"169c8db\" data-element_type=\"widget\" data-widget_type=\"text-editor.default\">\n\t\t\t\t\t\t\t\t\t<p>1. Los d\u00edas de la semana:\u00a0<em>lunes, martes, mi\u00e9rcoles, jueves, viernes, s\u00e1bado, domingo\u00a0<\/em>y los meses del a\u00f1o<strong>:<\/strong>\u00a0<em>enero, febrero, marzo, abril, mayo, junio, julio, agosto, septiembre, octubre, noviembre, diciembre<\/em><br \/>Se en video p\u00e5 Youtube. Pulse\u00a0<strong><a href=\"https:\/\/www.youtube.com\/watch?v=3v-RsOeURAY\" target=\"_blank\" rel=\"noopener noreferrer\">aqu\u00ed<\/a><\/strong><\/p>\t\t\t\t\t\t\t\t<\/div>\n\t\t\t\t<div class=\"elementor-element elementor-element-64e4ad5 elementor-widget elementor-widget-text-editor\" data-id=\"64e4ad5\" data-element_type=\"widget\" data-widget_type=\"text-editor.default\">\n\t\t\t\t\t\t\t\t\t<p>2. Las estaciones del a\u00f1o:\u00a0<em>primavera, verano, oto\u00f1o, invierno<\/em><br \/>Se en video p\u00e5 Youtube. Pulse\u00a0<strong><a href=\"https:\/\/www.youtube.com\/watch?v=4PcHHPZM5fI&amp;t=2s\" target=\"_blank\" rel=\"noopener noreferrer\">aqu\u00ed<\/a><\/strong><\/p>\t\t\t\t\t\t\t\t<\/div>\n\t\t\t\t<div class=\"elementor-element elementor-element-0d1e173 elementor-widget elementor-widget-text-editor\" data-id=\"0d1e173\" data-element_type=\"widget\" data-widget_type=\"text-editor.default\">\n\t\t\t\t\t\t\t\t\t<p>3. Entrenamiento de vocabulario<br \/>\u200bIndividuel tr\u00e6ning af gloserne. Pulse\u00a0<strong><a href=\"https:\/\/quizlet.com\/_3kglir\" target=\"_blank\" rel=\"noopener noreferrer\">aqu\u00ed<\/a><\/strong><\/p>\t\t\t\t\t\t\t\t<\/div>\n\t\t<div class=\"elementor-element elementor-element-f0d407d e-con-full e-flex e-con e-child\" data-id=\"f0d407d\" data-element_type=\"container\">\n\t\t<div class=\"elementor-element elementor-element-1eb6cd6 e-con-full e-flex e-con e-child\" data-id=\"1eb6cd6\" data-element_type=\"container\">\n\t\t\t\t<div class=\"elementor-element elementor-element-4141428 elementor-widget elementor-widget-text-editor\" data-id=\"4141428\" data-element_type=\"widget\" data-widget_type=\"text-editor.default\">\n\t\t\t\t\t\t\t\t\t<p>b) Preguntas generales<br \/>Du og din makker skiftes til at stille hinanden sp\u00f8rgsm\u00e5l.<br \/>1. \u00bfQu\u00e9 d\u00eda es \u201choy\u201d?<br \/>2. \u00bfQu\u00e9 d\u00eda es \u201cma\u00f1ana\u201d?<br \/>3. \u00bfC\u00f3mo se llama el d\u00eda antes de \u201choy\u201d?<br \/>4. \u00bfQu\u00e9 estaci\u00f3n es tu favorita? \u00bfpor qu\u00e9?<br \/>5. \u00bfEn qu\u00e9 estaci\u00f3n se puede esquiar?<br \/>6. \u00bfEn qu\u00e9 mes cumples a\u00f1os? (<em>cumplir a\u00f1os<\/em>: at fylde \u00e5r)<br \/>7. \u00bfEn qu\u00e9 mes cumple a\u00f1os tu madre\/padre?<br \/>8. \u00bfC\u00f3mo se llama el d\u00eda antes del jueves?<br \/>9. \u00bfC\u00f3mo se llama el mes despu\u00e9s de diciembre?<br \/>10. \u00bfC\u00f3mo se llama el mes antes de julio?<\/p>\t\t\t\t\t\t\t\t<\/div>\n\t\t\t\t<div class=\"elementor-element elementor-element-367c9d3 elementor-widget elementor-widget-text-editor\" data-id=\"367c9d3\" data-element_type=\"widget\" data-widget_type=\"text-editor.default\">\n\t\t\t\t\t\t\t\t\t<p>c)\u00a0La palabra\u00a0<em>tiempo<\/em><br \/>Det spanske ord\u00a0<em>tiempo<\/em>\u00a0har to betydninger. Hvilke?<\/p>\t\t\t\t\t\t\t\t<\/div>\n\t\t\t\t<\/div>\n\t\t<div class=\"elementor-element elementor-element-0afd524 e-con-full e-flex e-con e-child\" data-id=\"0afd524\" data-element_type=\"container\">\n\t\t\t\t<div class=\"elementor-element elementor-element-3cfa266 elementor-widget elementor-widget-image\" data-id=\"3cfa266\" data-element_type=\"widget\" data-widget_type=\"image.default\">\n\t\t\t\t\t\t\t\t\t\t\t\t\t\t\t\t<a href=\"https:\/\/laerkeryge.maktechagency.com\/wp-content\/uploads\/2025\/12\/cap-1-wordcloud-1024x518-1.webp\" data-elementor-open-lightbox=\"yes\" data-e-action-hash=\"#elementor-action%3Aaction%3Dlightbox%26settings%3DeyJpZCI6Mzc3MSwidXJsIjoiaHR0cHM6XC9cL2xhZXJrZXJ5Z2UubWFrdGVjaGFnZW5jeS5jb21cL3dwLWNvbnRlbnRcL3VwbG9hZHNcLzIwMjVcLzEyXC9jYXAtMS13b3JkY2xvdWQtMTAyNHg1MTgtMS53ZWJwIn0%3D\">\n\t\t\t\t\t\t\t<img loading=\"lazy\" decoding=\"async\" width=\"1024\" height=\"518\" src=\"https:\/\/laerkeryge.maktechagency.com\/wp-content\/uploads\/2025\/12\/cap-1-wordcloud-1024x518-1.webp\" class=\"attachment-full size-full wp-image-3771\" alt=\"\" srcset=\"https:\/\/laerkeryge.maktechagency.com\/wp-content\/uploads\/2025\/12\/cap-1-wordcloud-1024x518-1.webp 1024w, https:\/\/laerkeryge.maktechagency.com\/wp-content\/uploads\/2025\/12\/cap-1-wordcloud-1024x518-1-300x152.webp 300w, https:\/\/laerkeryge.maktechagency.com\/wp-content\/uploads\/2025\/12\/cap-1-wordcloud-1024x518-1-768x389.webp 768w\" sizes=\"(max-width: 1024px) 100vw, 1024px\" \/>\t\t\t\t\t\t\t\t<\/a>\n\t\t\t\t\t\t\t\t\t\t\t\t\t\t\t<\/div>\n\t\t\t\t<\/div>\n\t\t\t\t<\/div>\n\t\t\t\t<\/div>\n\t\t\t\t<\/div>\n\t\t\t\t<\/div>\n\t\t<div class=\"elementor-element elementor-element-86b77ba e-con-full e-flex e-con e-child\" data-id=\"86b77ba\" data-element_type=\"container\">\n\t\t\t\t<div class=\"elementor-element elementor-element-71a5684 elementor-widget elementor-widget-heading\" data-id=\"71a5684\" data-element_type=\"widget\" data-widget_type=\"heading.default\">\n\t\t\t\t\t<h2 class=\"elementor-heading-title elementor-size-default\">Opgave 4: Actividades en la ciudad    \ud83d\udcac      \u270f\ufe0f \u200b\n<\/h2>\t\t\t\t<\/div>\n\t\t\t\t<div class=\"elementor-element elementor-element-69c6613 elementor-widget elementor-widget-text-editor\" data-id=\"69c6613\" data-element_type=\"widget\" data-widget_type=\"text-editor.default\">\n\t\t\t\t\t\t\t\t\t<p>a) Las actividades en M\u00e1laga<br \/>\u200bTr\u00e6n aktiviteter i M\u00e1laga. B\u00e5de ordene fra teksten og nye gloser indg\u00e5r i tr\u00e6ningen. Pulse\u00a0<strong><a href=\"https:\/\/quizlet.com\/215543970\/las-actividades-en-malaga-flash-cards\/\" target=\"_blank\" rel=\"noopener noreferrer\">aqu\u00ed<\/a><\/strong><\/p>\t\t\t\t\t\t\t\t<\/div>\n\t\t\t\t<div class=\"elementor-element elementor-element-8799733 elementor-widget elementor-widget-text-editor\" data-id=\"8799733\" data-element_type=\"widget\" data-widget_type=\"text-editor.default\">\n\t\t\t\t\t\t\t\t\t<p>b) Preguntas generales<br \/>\u200b1. \u00bfQu\u00e9 actividades se puede hacer en tu pueblo o ciudad?<br \/>2. \u00bfQu\u00e9 actividades haces por la ma\u00f1ana?<br \/>3. \u00bfQu\u00e9 actividades haces por la tarde?<br \/>4. \u00bfQu\u00e9 actividades haces por la noche?<br \/>5. \u00bfQu\u00e9 actividades hace tu madre?<br \/>6. \u00bfQu\u00e9 actividades hace tu padre?<\/p>\t\t\t\t\t\t\t\t<\/div>\n\t\t\t\t<\/div>\n\t\t\t\t<\/div>\n\t\t\t\t<\/div>\n\t\t","protected":false},"excerpt":{"rendered":"<p>Opgave 1: El tiempo (vejret) a) Vocabulario \ud83d\udcacHvad betyder f\u00f8lgende vejrudtryk p\u00e5 spansk? Hace calorHace fr\u00edoHace solHace 35 gradosHace vientoLlueveNievaEst\u00e1 [&hellip;]<\/p>\n","protected":false},"author":1,"featured_media":0,"parent":0,"menu_order":0,"comment_status":"closed","ping_status":"closed","template":"elementor_header_footer","meta":{"site-sidebar-layout":"no-sidebar","site-content-layout":"","ast-site-content-layout":"full-width-container","site-content-style":"default","site-sidebar-style":"default","ast-global-header-display":"","ast-banner-title-visibility":"","ast-main-header-display":"","ast-hfb-above-header-display":"","ast-hfb-below-header-display":"","ast-hfb-mobile-header-display":"","site-post-title":"","ast-breadcrumbs-content":"","ast-featured-img":"disabled","footer-sml-layout":"","ast-disable-related-posts":"","theme-transparent-header-meta":"","adv-header-id-meta":"","stick-header-meta":"","header-above-stick-meta":"","header-main-stick-meta":"","header-below-stick-meta":"","astra-migrate-meta-layouts":"default","ast-page-background-enabled":"default","ast-page-background-meta":{"desktop":{"background-color":"var(--ast-global-color-5)","background-image":"","background-repeat":"repeat","background-position":"center center","background-size":"auto","background-attachment":"scroll","background-type":"","background-media":"","overlay-type":"","overlay-color":"","overlay-opacity":"","overlay-gradient":""},"tablet":{"background-color":"","background-image":"","background-repeat":"repeat","background-position":"center center","background-size":"auto","background-attachment":"scroll","background-type":"","background-media":"","overlay-type":"","overlay-color":"","overlay-opacity":"","overlay-gradient":""},"mobile":{"background-color":"","background-image":"","background-repeat":"repeat","background-position":"center center","background-size":"auto","background-attachment":"scroll","background-type":"","background-media":"","overlay-type":"","overlay-color":"","overlay-opacity":"","overlay-gradient":""}},"ast-content-background-meta":{"desktop":{"background-color":"var(--ast-global-color-4)","background-image":"","background-repeat":"repeat","background-position":"center center","background-size":"auto","background-attachment":"scroll","background-type":"","background-media":"","overlay-type":"","overlay-color":"","overlay-opacity":"","overlay-gradient":""},"tablet":{"background-color":"var(--ast-global-color-4)","background-image":"","background-repeat":"repeat","background-position":"center center","background-size":"auto","background-attachment":"scroll","background-type":"","background-media":"","overlay-type":"","overlay-color":"","overlay-opacity":"","overlay-gradient":""},"mobile":{"background-color":"var(--ast-global-color-4)","background-image":"","background-repeat":"repeat","background-position":"center center","background-size":"auto","background-attachment":"scroll","background-type":"","background-media":"","overlay-type":"","overlay-color":"","overlay-opacity":"","overlay-gradient":""}},"footnotes":""},"class_list":["post-81","page","type-page","status-publish","hentry"],"_links":{"self":[{"href":"https:\/\/laerkeryge.maktechagency.com\/index.php\/wp-json\/wp\/v2\/pages\/81","targetHints":{"allow":["GET"]}}],"collection":[{"href":"https:\/\/laerkeryge.maktechagency.com\/index.php\/wp-json\/wp\/v2\/pages"}],"about":[{"href":"https:\/\/laerkeryge.maktechagency.com\/index.php\/wp-json\/wp\/v2\/types\/page"}],"author":[{"embeddable":true,"href":"https:\/\/laerkeryge.maktechagency.com\/index.php\/wp-json\/wp\/v2\/users\/1"}],"replies":[{"embeddable":true,"href":"https:\/\/laerkeryge.maktechagency.com\/index.php\/wp-json\/wp\/v2\/comments?post=81"}],"version-history":[{"count":166,"href":"https:\/\/laerkeryge.maktechagency.com\/index.php\/wp-json\/wp\/v2\/pages\/81\/revisions"}],"predecessor-version":[{"id":8977,"href":"https:\/\/laerkeryge.maktechagency.com\/index.php\/wp-json\/wp\/v2\/pages\/81\/revisions\/8977"}],"wp:attachment":[{"href":"https:\/\/laerkeryge.maktechagency.com\/index.php\/wp-json\/wp\/v2\/media?parent=81"}],"curies":[{"name":"wp","href":"https:\/\/api.w.org\/{rel}","templated":true}]}}