{"id":79,"date":"2025-12-20T08:12:48","date_gmt":"2025-12-20T08:12:48","guid":{"rendered":"https:\/\/laerkeryge.maktechagency.com\/?page_id=79"},"modified":"2026-01-15T03:01:34","modified_gmt":"2026-01-15T03:01:34","slug":"cap-1-gramatica","status":"publish","type":"page","link":"https:\/\/laerkeryge.maktechagency.com\/index.php\/cap-1-gramatica\/","title":{"rendered":"Cap 1 Gram\u00e1tica"},"content":{"rendered":"\t\t<div data-elementor-type=\"wp-page\" data-elementor-id=\"79\" class=\"elementor elementor-79\" data-elementor-post-type=\"page\">\n\t\t\t\t<div class=\"elementor-element elementor-element-aec1eb4 e-con-full e-flex e-con e-parent\" data-id=\"aec1eb4\" data-element_type=\"container\" data-settings=\"{&quot;background_background&quot;:&quot;classic&quot;}\">\n\t\t\t\t<\/div>\n\t\t<div class=\"elementor-element elementor-element-cfc0ca9 e-con-full e-flex e-con e-parent\" data-id=\"cfc0ca9\" data-element_type=\"container\">\n\t\t<div class=\"elementor-element elementor-element-07ce55d e-con-full e-flex e-con e-child\" data-id=\"07ce55d\" data-element_type=\"container\">\n\t\t<div class=\"elementor-element elementor-element-204995b e-con-full e-flex e-con e-child\" data-id=\"204995b\" data-element_type=\"container\">\n\t\t<div class=\"elementor-element elementor-element-fbaeef9 e-con-full e-flex e-con e-child\" data-id=\"fbaeef9\" data-element_type=\"container\">\n\t\t\t\t<div class=\"elementor-element elementor-element-8d211ee elementor-widget elementor-widget-image\" data-id=\"8d211ee\" data-element_type=\"widget\" data-widget_type=\"image.default\">\n\t\t\t\t\t\t\t\t\t\t\t\t\t\t\t\t<a href=\"https:\/\/laerkeryge.maktechagency.com\/wp-content\/uploads\/2025\/12\/Cap-1-hands-ORIGINAL-1024x683-1.webp\" data-elementor-open-lightbox=\"yes\" data-e-action-hash=\"#elementor-action%3Aaction%3Dlightbox%26settings%3DeyJpZCI6MzU5NCwidXJsIjoiaHR0cHM6XC9cL2xhZXJrZXJ5Z2UubWFrdGVjaGFnZW5jeS5jb21cL3dwLWNvbnRlbnRcL3VwbG9hZHNcLzIwMjVcLzEyXC9DYXAtMS1oYW5kcy1PUklHSU5BTC0xMDI0eDY4My0xLndlYnAifQ%3D%3D\">\n\t\t\t\t\t\t\t<img fetchpriority=\"high\" decoding=\"async\" width=\"1024\" height=\"683\" src=\"https:\/\/laerkeryge.maktechagency.com\/wp-content\/uploads\/2025\/12\/Cap-1-hands-ORIGINAL-1024x683-1.webp\" class=\"attachment-full size-full wp-image-3594\" alt=\"\" srcset=\"https:\/\/laerkeryge.maktechagency.com\/wp-content\/uploads\/2025\/12\/Cap-1-hands-ORIGINAL-1024x683-1.webp 1024w, https:\/\/laerkeryge.maktechagency.com\/wp-content\/uploads\/2025\/12\/Cap-1-hands-ORIGINAL-1024x683-1-300x200.webp 300w, https:\/\/laerkeryge.maktechagency.com\/wp-content\/uploads\/2025\/12\/Cap-1-hands-ORIGINAL-1024x683-1-768x512.webp 768w\" sizes=\"(max-width: 1024px) 100vw, 1024px\" \/>\t\t\t\t\t\t\t\t<\/a>\n\t\t\t\t\t\t\t\t\t\t\t\t\t\t\t<\/div>\n\t\t\t\t<div class=\"elementor-element elementor-element-16ae6f2 elementor-widget elementor-widget-text-editor\" data-id=\"16ae6f2\" data-element_type=\"widget\" data-widget_type=\"text-editor.default\">\n\t\t\t\t\t\t\t\t\t<p>En h\u00e5nd p\u00e5 spansk hedder \u201cmano\u201d og snyder! Det er nemlig femininum, selv om det ender p\u00e5 \u201co\u201d. Fingre hedder \u201cdedos\u201d, og negle hedder \u201cu\u00f1as\u201d. De snyder ikke \u2026..<\/p>\t\t\t\t\t\t\t\t<\/div>\n\t\t\t\t<\/div>\n\t\t<div class=\"elementor-element elementor-element-dc3bcde e-con-full e-flex e-con e-child\" data-id=\"dc3bcde\" data-element_type=\"container\">\n\t\t\t\t<div class=\"elementor-element elementor-element-b2f235e elementor-widget elementor-widget-heading\" data-id=\"b2f235e\" data-element_type=\"widget\" data-widget_type=\"heading.default\">\n\t\t\t\t\t<h2 class=\"elementor-heading-title elementor-size-default\">Opgave 1: Lande og nationalitetsadjektiver  \ud83d\udcac \n\n<\/h2>\t\t\t\t<\/div>\n\t\t\t\t<div class=\"elementor-element elementor-element-ca93299 elementor-widget elementor-widget-text-editor\" data-id=\"ca93299\" data-element_type=\"widget\" data-widget_type=\"text-editor.default\">\n\t\t\t\t\t\t\t\t\t<p>a) Nationalitetsadjektiver<br \/>\u200bHvordan adskiller nationalitetsadjektivernes b\u00f8jning sig fra de almindelige adjektivers b\u00f8jning? Kan du huske reglerne?<\/p>\t\t\t\t\t\t\t\t<\/div>\n\t\t\t\t<div class=\"elementor-element elementor-element-4a4abf9 elementor-widget elementor-widget-text-editor\" data-id=\"4a4abf9\" data-element_type=\"widget\" data-widget_type=\"text-editor.default\">\n\t\t\t\t\t\t\t\t\t<p>b) Kend dine gloser.<br \/>\u200bAlemania \u2192\u00a0alem\u00e1n\/alemana<br \/>Francia \u2192\u00a0franc\u00e9s\/francesa<br \/>Espa\u00f1a \u2192\u00a0espa\u00f1ol\/espa\u00f1ola<br \/>Dinamarca \u2192\u00a0dan\u00e9s\/danesa<br \/>Italia \u2192\u00a0italiano\/italiana<br \/>China \u2192\u00a0chino\/china<br \/>Argentina \u2192\u00a0argentino\/argentina<br \/>Inglaterra \u2192\u00a0ingl\u00e9s\/inglesa<br \/>Jap\u00f3n \u2192\u00a0japon\u00e9s\/japonesa<br \/>Portugal \u2192\u00a0portugu\u00e9s\/portuguesa<br \/>Brasil \u2192\u00a0brasile\u00f1o\/brasile\u00f1a<br \/>Colombia \u2192\u00a0colombiano\/colombiana<br \/>M\u00e9xico \u2192\u00a0mexicano\/mexicana<br \/>B\u00e9lgica \u2192\u00a0belga\/belga<br \/>Marruecos \u2192\u00a0marroqu\u00ed\/marroqu\u00ed<br \/>Estados Unidos \u2192\u00a0estadounidense\/estadounidense<\/p>\t\t\t\t\t\t\t\t<\/div>\n\t\t\t\t<\/div>\n\t\t\t\t<\/div>\n\t\t<div class=\"elementor-element elementor-element-404639b e-con-full e-flex e-con e-child\" data-id=\"404639b\" data-element_type=\"container\">\n\t\t\t\t<div class=\"elementor-element elementor-element-3858982 elementor-widget elementor-widget-text-editor\" data-id=\"3858982\" data-element_type=\"widget\" data-widget_type=\"text-editor.default\">\n\t\t\t\t\t\t\t\t\t<p>c) G\u00e6tteleg 90 sekunder pr. par.<\/p>\t\t\t\t\t\t\t\t<\/div>\n\t\t\t\t<div class=\"elementor-element elementor-element-abec063 elementor-widget elementor-widget-text-editor\" data-id=\"abec063\" data-element_type=\"widget\" data-widget_type=\"text-editor.default\">\n\t\t\t\t\t\t\t\t\t<p>Fire personer s\u00e6tter sig sammen. To hold dannes med to personer.<\/p>\t\t\t\t\t\t\t\t<\/div>\n\t\t\t\t<div class=\"elementor-element elementor-element-991678b elementor-widget elementor-widget-text-editor\" data-id=\"991678b\" data-element_type=\"widget\" data-widget_type=\"text-editor.default\">\n\t\t\t\t\t\t\t\t\t<p>Den ene person p\u00e5 holdet nedskriver 7 forskellige lande efterfulgt af \u201cm\u201d (maskulinum) eller \u201cf\u201d (femininum) og begynder fra toppen af listen. Personen skal nu vise \u2013 uden at sige noget og kun ved hj\u00e6lp af fagter og mimik \u2013 hvilket land der er tale om, samt om der er tale om en mand eller kvinde. Brug din fantasi og skuespilletalent! Makkeren g\u00e6tter ved at sp\u00f8rge p\u00e5 spansk: \u00bfEres espa\u00f1ola?, og personen svarer: \u201cS\u00ed, soy espa\u00f1ola\u201d eller \u201cNo, no soy espa\u00f1ola\u201d.<\/p>\t\t\t\t\t\t\t\t<\/div>\n\t\t\t\t<div class=\"elementor-element elementor-element-f9d7641 elementor-widget elementor-widget-text-editor\" data-id=\"f9d7641\" data-element_type=\"widget\" data-widget_type=\"text-editor.default\">\n\t\t\t\t\t\t\t\t\t<p>Hvis makkeren g\u00e6tter rigtigt, markeres dette p\u00e5 papiret. Hvert korrekt svar t\u00e6ller \u00e9t point. G\u00e6tter makkeren forkert, bliver ens partner n\u00f8dt til at tage det n\u00e6ste land\/k\u00f8n p\u00e5 listen. Det g\u00e6lder om at n\u00e5 at g\u00e6tte s\u00e5 mange personer som muligt i l\u00f8bet af 90 sekunder. Efter begge par har v\u00e6ret gennem en runde, t\u00e6lles pointene sammen. Hvem vandt?<\/p>\t\t\t\t\t\t\t\t<\/div>\n\t\t\t\t<div class=\"elementor-element elementor-element-06a3836 elementor-widget elementor-widget-text-editor\" data-id=\"06a3836\" data-element_type=\"widget\" data-widget_type=\"text-editor.default\">\n\t\t\t\t\t\t\t\t\t<p>Tag evt. et par ekstra runder efter den f\u00f8rste.<\/p>\t\t\t\t\t\t\t\t<\/div>\n\t\t\t\t<div class=\"elementor-element elementor-element-f08cdb4 elementor-widget elementor-widget-text-editor\" data-id=\"f08cdb4\" data-element_type=\"widget\" data-widget_type=\"text-editor.default\">\n\t\t\t\t\t\t\t\t\t<p>Refleksion: Du har nu med din krop vist klassiske stereotyper.<br \/>1. Overvej, hvorfor I har en f\u00e6lles forst\u00e5else af, hvad der repr\u00e6senterer fx en tysker eller en italiener.<br \/>2. Synes I, at det er retvisende at beskrive et helt folkef\u00e6rd ved eksempelvis at tegne en pizza p\u00e5 bordet eller ved at placere pegefingeren mellem din n\u00e6se og overl\u00e6be for at fremvise et \u201cHitler-oversk\u00e6g\u201d?<\/p>\t\t\t\t\t\t\t\t<\/div>\n\t\t\t\t<\/div>\n\t\t\t\t<\/div>\n\t\t<div class=\"elementor-element elementor-element-bf28f47 e-con-full e-flex e-con e-child\" data-id=\"bf28f47\" data-element_type=\"container\">\n\t\t<div class=\"elementor-element elementor-element-50e1745 e-con-full e-flex e-con e-child\" data-id=\"50e1745\" data-element_type=\"container\">\n\t\t<div class=\"elementor-element elementor-element-6824eba e-con-full e-flex e-con e-child\" data-id=\"6824eba\" data-element_type=\"container\">\n\t\t\t\t<div class=\"elementor-element elementor-element-3f7eb64 elementor-widget elementor-widget-heading\" data-id=\"3f7eb64\" data-element_type=\"widget\" data-widget_type=\"heading.default\">\n\t\t\t\t\t<h2 class=\"elementor-heading-title elementor-size-default\">Opgave 1: Lande og nationalitetsadjektiver \ud83d\udcac  \n\n<\/h2>\t\t\t\t<\/div>\n\t\t\t\t<div class=\"elementor-element elementor-element-cbdf708 elementor-widget elementor-widget-text-editor\" data-id=\"cbdf708\" data-element_type=\"widget\" data-widget_type=\"text-editor.default\">\n\t\t\t\t\t\t\t\t\t<p>Eleverne arbejder sammen i par.<\/p>\t\t\t\t\t\t\t\t<\/div>\n\t\t\t\t<div class=\"elementor-element elementor-element-603b4d0 elementor-widget elementor-widget-text-editor\" data-id=\"603b4d0\" data-element_type=\"widget\" data-widget_type=\"text-editor.default\">\n\t\t\t\t\t\t\t\t\t<p>a) Kig p\u00e5 b\u00f8jningen af de regelm\u00e6ssige verber (-ar\/-er\/-ir)\u00a0 i din grammatikbog og l\u00e6r b\u00f8jningerne i person og tal udenad.<\/p>\t\t\t\t\t\t\t\t<\/div>\n\t\t\t\t<div class=\"elementor-element elementor-element-9367671 elementor-widget elementor-widget-text-editor\" data-id=\"9367671\" data-element_type=\"widget\" data-widget_type=\"text-editor.default\">\n\t\t\t\t\t\t\t\t\t<p>b) Find to terninger, gerne i forskellige farver.<\/p>\t\t\t\t\t\t\t\t<\/div>\n\t\t\t\t<div class=\"elementor-element elementor-element-4aee5a8 elementor-widget elementor-widget-text-editor\" data-id=\"4aee5a8\" data-element_type=\"widget\" data-widget_type=\"text-editor.default\">\n\t\t\t\t\t\t\t\t\t<p>Den ene terning (fx den r\u00f8de) indikerer, hvilket verbum der skal b\u00f8jes:<br \/>\u200b(1) \u2013 escribir: at skrive<br \/>(2) \u2013 aprender: at l\u00e6re<br \/>(3) \u2013 visitar: at bes\u00f8ge<br \/>(4) \u2013 hablar: at tale<br \/>(5) \u2013 vivir: at bo<br \/>(6) \u2013 practicar: at tr\u00e6ne<\/p>\t\t\t\t\t\t\t\t<\/div>\n\t\t\t\t<div class=\"elementor-element elementor-element-ba2895a elementor-widget elementor-widget-text-editor\" data-id=\"ba2895a\" data-element_type=\"widget\" data-widget_type=\"text-editor.default\">\n\t\t\t\t\t\t\t\t\t<p>Den anden terning\u00a0(fx den bl\u00e5)\u00a0indikerer, hvilken person og tal verbet skal b\u00f8jes i:<br \/>(1) \u2013 \u00a01. pers.\/sing. (yo)<br \/>(2) \u2013 2. pers.\/sing. (t\u00fa)<br \/>(3) \u2013 3. pers.\/sing. (\u00e9l\/ella\/usted)<br \/>(4) \u2013 1. pers.\/plur. (nosotros\/nosotras)<br \/>(5) \u2013 2. pers.\/plur. (vosotros\/vosotras)<br \/>(6) \u2013 3. pers.\/plur. (ellos\/ellas\/ustedes)<\/p>\t\t\t\t\t\t\t\t<\/div>\n\t\t\t\t<div class=\"elementor-element elementor-element-915b9a0 elementor-widget elementor-widget-text-editor\" data-id=\"915b9a0\" data-element_type=\"widget\" data-widget_type=\"text-editor.default\">\n\t\t\t\t\t\t\t\t\t<p>I skiftes til at sl\u00e5 terningerne og sige de korrekte b\u00f8jninger, til alle b\u00f8jninger er l\u00e6rt udenad!<\/p>\t\t\t\t\t\t\t\t<\/div>\n\t\t\t\t<div class=\"elementor-element elementor-element-4be0ebe elementor-widget elementor-widget-text-editor\" data-id=\"4be0ebe\" data-element_type=\"widget\" data-widget_type=\"text-editor.default\">\n\t\t\t\t\t\t\t\t\t<p><strong>Husk:<\/strong>\u00a0<em>yo, t\u00fa, \u00e9l, ella, usted, nosotros, nosotras, vosotros, vosotras, ellos, ellas, ustedes\u00a0<\/em>er alle personlige pronominer i deres subjektsform.<br \/>Oftest udelades de personlige pronominer, n\u00e5r de st\u00e5r som subjekt p\u00e5 spansk, da verbet personb\u00f8jes (1. \u2013 2. \u2013 3. pers. sing. og 1. \u2013 2. \u2013 3. pers. plur.), og du derved kan se p\u00e5 endelsen, hvilken person der er subjekt i s\u00e6tningen, fx\u00a0<em>hablas\u00a0<\/em>f\u00e5r endelsen \u201c-as\u201d \u00a0(2. pers. sing.) og viser, at subjektet netop er\u00a0<em>t\u00fa<\/em>.<\/p>\t\t\t\t\t\t\t\t<\/div>\n\t\t\t\t<\/div>\n\t\t<div class=\"elementor-element elementor-element-c105640 e-con-full e-flex e-con e-child\" data-id=\"c105640\" data-element_type=\"container\">\n\t\t\t\t<div class=\"elementor-element elementor-element-8e8adfb elementor-widget elementor-widget-image\" data-id=\"8e8adfb\" data-element_type=\"widget\" data-widget_type=\"image.default\">\n\t\t\t\t\t\t\t\t\t\t\t\t\t\t\t\t<a href=\"https:\/\/laerkeryge.maktechagency.com\/wp-content\/uploads\/2025\/12\/Cap-1-dices-ORIGINAL-300x226-1.webp\" data-elementor-open-lightbox=\"yes\" data-e-action-hash=\"#elementor-action%3Aaction%3Dlightbox%26settings%3DeyJpZCI6MzY1MiwidXJsIjoiaHR0cHM6XC9cL2xhZXJrZXJ5Z2UubWFrdGVjaGFnZW5jeS5jb21cL3dwLWNvbnRlbnRcL3VwbG9hZHNcLzIwMjVcLzEyXC9DYXAtMS1kaWNlcy1PUklHSU5BTC0zMDB4MjI2LTEud2VicCJ9\">\n\t\t\t\t\t\t\t<img decoding=\"async\" width=\"300\" height=\"226\" src=\"https:\/\/laerkeryge.maktechagency.com\/wp-content\/uploads\/2025\/12\/Cap-1-dices-ORIGINAL-300x226-1.webp\" class=\"attachment-full size-full wp-image-3652\" alt=\"\" \/>\t\t\t\t\t\t\t\t<\/a>\n\t\t\t\t\t\t\t\t\t\t\t\t\t\t\t<\/div>\n\t\t\t\t<\/div>\n\t\t\t\t<\/div>\n\t\t\t\t<\/div>\n\t\t<div class=\"elementor-element elementor-element-c74dfd3 e-con-full e-flex e-con e-child\" data-id=\"c74dfd3\" data-element_type=\"container\">\n\t\t\t\t<div class=\"elementor-element elementor-element-32b2201 elementor-widget elementor-widget-heading\" data-id=\"32b2201\" data-element_type=\"widget\" data-widget_type=\"heading.default\">\n\t\t\t\t\t<h2 class=\"elementor-heading-title elementor-size-default\">Opgave 3: Fra pr\u00e6sens (nutid) til n\u00e6r fremtid  \ud83d\udcac    \u270f\ufe0f\n\n\n<\/h2>\t\t\t\t<\/div>\n\t\t\t\t<div class=\"elementor-element elementor-element-7dca85f elementor-widget elementor-widget-text-editor\" data-id=\"7dca85f\" data-element_type=\"widget\" data-widget_type=\"text-editor.default\">\n\t\t\t\t\t\t\t\t\t<p>a) Oms\u00e6t f\u00f8lgende s\u00e6tninger fra pr\u00e6sens (nutid) til futurum (fremtid) p\u00e5 dansk.<br \/>1. Marie bes\u00f8ger museer\u00a0\u2192\u00a0Fremtid p\u00e5 dansk:<br \/>2. Marie og Marcel\u00a0bor i M\u00e1laga\u00a0\u2192\u00a0Fremtid p\u00e5 dansk:<br \/>3. Marie danser p\u00e5 diskoteket\u00a0\u2192\u200b\u00a0Fremtid p\u00e5 dansk:<\/p>\t\t\t\t\t\t\t\t<\/div>\n\t\t\t\t<div class=\"elementor-element elementor-element-233806e elementor-widget elementor-widget-text-editor\" data-id=\"233806e\" data-element_type=\"widget\" data-widget_type=\"text-editor.default\">\n\t\t\t\t\t\t\t\t\t<p>b) Overs\u00e6t s\u00e6tningerne til spansk: omskrivning fra pr\u00e6sens (nutid) til n\u00e6r fremtid (ir + a + inf).<br \/>1. Marie bes\u00f8ger museer.<br \/>2. Marie vil\/skal bes\u00f8ge museer.<\/p>\t\t\t\t\t\t\t\t<\/div>\n\t\t\t\t<div class=\"elementor-element elementor-element-113066c elementor-widget elementor-widget-text-editor\" data-id=\"113066c\" data-element_type=\"widget\" data-widget_type=\"text-editor.default\">\n\t\t\t\t\t\t\t\t\t<p>3. Marie og Marcel\u00a0bor i M\u00e1laga.<br \/>4. Marie og Marcel vil\/skal bo\u00a0i M\u00e1laga.<\/p>\t\t\t\t\t\t\t\t<\/div>\n\t\t\t\t<div class=\"elementor-element elementor-element-819ded1 elementor-widget elementor-widget-text-editor\" data-id=\"819ded1\" data-element_type=\"widget\" data-widget_type=\"text-editor.default\">\n\t\t\t\t\t\t\t\t\t<p>5. Marie danser p\u00e5 diskoteket.<br \/>6. \u200bMarie vil\/skal danse p\u00e5 diskoteket.<\/p>\t\t\t\t\t\t\t\t<\/div>\n\t\t\t\t<\/div>\n\t\t\t\t<\/div>\n\t\t\t\t<\/div>\n\t\t","protected":false},"excerpt":{"rendered":"<p>En h\u00e5nd p\u00e5 spansk hedder \u201cmano\u201d og snyder! Det er nemlig femininum, selv om det ender p\u00e5 \u201co\u201d. Fingre hedder [&hellip;]<\/p>\n","protected":false},"author":1,"featured_media":0,"parent":0,"menu_order":0,"comment_status":"closed","ping_status":"closed","template":"elementor_header_footer","meta":{"site-sidebar-layout":"no-sidebar","site-content-layout":"","ast-site-content-layout":"full-width-container","site-content-style":"default","site-sidebar-style":"default","ast-global-header-display":"","ast-banner-title-visibility":"","ast-main-header-display":"","ast-hfb-above-header-display":"","ast-hfb-below-header-display":"","ast-hfb-mobile-header-display":"","site-post-title":"","ast-breadcrumbs-content":"","ast-featured-img":"disabled","footer-sml-layout":"","ast-disable-related-posts":"","theme-transparent-header-meta":"","adv-header-id-meta":"","stick-header-meta":"","header-above-stick-meta":"","header-main-stick-meta":"","header-below-stick-meta":"","astra-migrate-meta-layouts":"default","ast-page-background-enabled":"default","ast-page-background-meta":{"desktop":{"background-color":"var(--ast-global-color-5)","background-image":"","background-repeat":"repeat","background-position":"center center","background-size":"auto","background-attachment":"scroll","background-type":"","background-media":"","overlay-type":"","overlay-color":"","overlay-opacity":"","overlay-gradient":""},"tablet":{"background-color":"","background-image":"","background-repeat":"repeat","background-position":"center center","background-size":"auto","background-attachment":"scroll","background-type":"","background-media":"","overlay-type":"","overlay-color":"","overlay-opacity":"","overlay-gradient":""},"mobile":{"background-color":"","background-image":"","background-repeat":"repeat","background-position":"center center","background-size":"auto","background-attachment":"scroll","background-type":"","background-media":"","overlay-type":"","overlay-color":"","overlay-opacity":"","overlay-gradient":""}},"ast-content-background-meta":{"desktop":{"background-color":"var(--ast-global-color-4)","background-image":"","background-repeat":"repeat","background-position":"center center","background-size":"auto","background-attachment":"scroll","background-type":"","background-media":"","overlay-type":"","overlay-color":"","overlay-opacity":"","overlay-gradient":""},"tablet":{"background-color":"var(--ast-global-color-4)","background-image":"","background-repeat":"repeat","background-position":"center center","background-size":"auto","background-attachment":"scroll","background-type":"","background-media":"","overlay-type":"","overlay-color":"","overlay-opacity":"","overlay-gradient":""},"mobile":{"background-color":"var(--ast-global-color-4)","background-image":"","background-repeat":"repeat","background-position":"center center","background-size":"auto","background-attachment":"scroll","background-type":"","background-media":"","overlay-type":"","overlay-color":"","overlay-opacity":"","overlay-gradient":""}},"footnotes":""},"class_list":["post-79","page","type-page","status-publish","hentry"],"_links":{"self":[{"href":"https:\/\/laerkeryge.maktechagency.com\/index.php\/wp-json\/wp\/v2\/pages\/79","targetHints":{"allow":["GET"]}}],"collection":[{"href":"https:\/\/laerkeryge.maktechagency.com\/index.php\/wp-json\/wp\/v2\/pages"}],"about":[{"href":"https:\/\/laerkeryge.maktechagency.com\/index.php\/wp-json\/wp\/v2\/types\/page"}],"author":[{"embeddable":true,"href":"https:\/\/laerkeryge.maktechagency.com\/index.php\/wp-json\/wp\/v2\/users\/1"}],"replies":[{"embeddable":true,"href":"https:\/\/laerkeryge.maktechagency.com\/index.php\/wp-json\/wp\/v2\/comments?post=79"}],"version-history":[{"count":205,"href":"https:\/\/laerkeryge.maktechagency.com\/index.php\/wp-json\/wp\/v2\/pages\/79\/revisions"}],"predecessor-version":[{"id":8971,"href":"https:\/\/laerkeryge.maktechagency.com\/index.php\/wp-json\/wp\/v2\/pages\/79\/revisions\/8971"}],"wp:attachment":[{"href":"https:\/\/laerkeryge.maktechagency.com\/index.php\/wp-json\/wp\/v2\/media?parent=79"}],"curies":[{"name":"wp","href":"https:\/\/api.w.org\/{rel}","templated":true}]}}