{"id":77,"date":"2025-12-20T08:09:31","date_gmt":"2025-12-20T08:09:31","guid":{"rendered":"https:\/\/laerkeryge.maktechagency.com\/?page_id=77"},"modified":"2026-01-07T04:06:56","modified_gmt":"2026-01-07T04:06:56","slug":"spil-til-opsamling","status":"publish","type":"page","link":"https:\/\/laerkeryge.maktechagency.com\/index.php\/spil-til-opsamling\/","title":{"rendered":"Spil til opsamling"},"content":{"rendered":"\t\t<div data-elementor-type=\"wp-page\" data-elementor-id=\"77\" class=\"elementor elementor-77\" data-elementor-post-type=\"page\">\n\t\t\t\t<div class=\"elementor-element elementor-element-7a43509 e-con-full e-flex e-con e-parent\" data-id=\"7a43509\" data-element_type=\"container\" data-settings=\"{&quot;background_background&quot;:&quot;classic&quot;}\">\n\t\t\t\t<\/div>\n\t\t<div class=\"elementor-element elementor-element-7bab2ab e-con-full e-flex e-con e-parent\" data-id=\"7bab2ab\" data-element_type=\"container\">\n\t\t<div class=\"elementor-element elementor-element-f78f442 e-con-full e-flex e-con e-child\" data-id=\"f78f442\" data-element_type=\"container\">\n\t\t\t\t<div class=\"elementor-element elementor-element-bcf2876 elementor-widget elementor-widget-text-editor\" data-id=\"bcf2876\" data-element_type=\"widget\" data-widget_type=\"text-editor.default\">\n\t\t\t\t\t\t\t\t\t<p>Her p\u00e5 siden findes 4 spil, der skal downloades og printes. De 4 spil er en opsamling p\u00e5 grammatik og ordforr\u00e5d, der er gennemg\u00e5et i de p\u00e5g\u00e6ldende kapitler. Man kan med fordel investere den tid, det tager at laminere spilleplade og spillebrikker, s\u00e5 det kan genbruges.<\/p>\t\t\t\t\t\t\t\t<\/div>\n\t\t\t\t<div class=\"elementor-element elementor-element-316eb2e elementor-widget elementor-widget-text-editor\" data-id=\"316eb2e\" data-element_type=\"widget\" data-widget_type=\"text-editor.default\">\n\t\t\t\t\t\t\t\t\t<p>Kap. 1-3: El laberinto \u2013 download\u00a0<strong><a href=\"https:\/\/www.unmesenmalaga.com\/wp-content\/uploads\/2019\/01\/el_laberinto_-_un_mes_en_ma%CC%81laga_cap._1-3.pdf\" target=\"_blank\" rel=\"noopener noreferrer\">HER<\/a><\/strong><\/p>\t\t\t\t\t\t\t\t<\/div>\n\t\t\t\t<div class=\"elementor-element elementor-element-4728659 elementor-widget elementor-widget-text-editor\" data-id=\"4728659\" data-element_type=\"widget\" data-widget_type=\"text-editor.default\">\n\t\t\t\t\t\t\t\t\t<p>Kap. 4-6: Palabra prohibida \u2013 download\u00a0<strong><a href=\"https:\/\/www.unmesenmalaga.com\/wp-content\/uploads\/2019\/01\/palabra_prohibida_-_un_mes_en_ma%CC%81laga_cap._4_-_6.pdf\" target=\"_blank\" rel=\"noopener noreferrer\">HER<\/a><\/strong><\/p>\t\t\t\t\t\t\t\t<\/div>\n\t\t\t\t<div class=\"elementor-element elementor-element-6077de2 elementor-widget elementor-widget-text-editor\" data-id=\"6077de2\" data-element_type=\"widget\" data-widget_type=\"text-editor.default\">\n\t\t\t\t\t\t\t\t\t<p>Kap. 7-9: Juego de dados \u2013 download\u00a0<strong><a href=\"https:\/\/www.unmesenmalaga.com\/wp-content\/uploads\/2019\/01\/juego_de_dados_-_un_mes_en_ma%CC%81laga__cap._7_-_9_.pdf\" target=\"_blank\" rel=\"noopener noreferrer\">HER<\/a><\/strong><\/p>\t\t\t\t\t\t\t\t<\/div>\n\t\t\t\t<div class=\"elementor-element elementor-element-4623f4c elementor-widget elementor-widget-text-editor\" data-id=\"4623f4c\" data-element_type=\"widget\" data-widget_type=\"text-editor.default\">\n\t\t\t\t\t\t\t\t\t<p>Kap. 10-11:\u00a0Paso a paso \u2013 download\u00a0<strong><a href=\"https:\/\/www.unmesenmalaga.com\/wp-content\/uploads\/2019\/01\/paso_a_paso-_un_mes_en_ma%CC%81laga__cap._10_-_11_.pdf\" target=\"_blank\" rel=\"noopener noreferrer\">HER<\/a><\/strong><\/p>\t\t\t\t\t\t\t\t<\/div>\n\t\t\t\t<\/div>\n\t\t\t\t<\/div>\n\t\t\t\t<\/div>\n\t\t","protected":false},"excerpt":{"rendered":"<p>Her p\u00e5 siden findes 4 spil, der skal downloades og printes. De 4 spil er en opsamling p\u00e5 grammatik og [&hellip;]<\/p>\n","protected":false},"author":1,"featured_media":0,"parent":0,"menu_order":0,"comment_status":"closed","ping_status":"closed","template":"elementor_header_footer","meta":{"site-sidebar-layout":"no-sidebar","site-content-layout":"","ast-site-content-layout":"full-width-container","site-content-style":"default","site-sidebar-style":"default","ast-global-header-display":"","ast-banner-title-visibility":"","ast-main-header-display":"","ast-hfb-above-header-display":"","ast-hfb-below-header-display":"","ast-hfb-mobile-header-display":"","site-post-title":"","ast-breadcrumbs-content":"","ast-featured-img":"disabled","footer-sml-layout":"","ast-disable-related-posts":"","theme-transparent-header-meta":"","adv-header-id-meta":"","stick-header-meta":"","header-above-stick-meta":"","header-main-stick-meta":"","header-below-stick-meta":"","astra-migrate-meta-layouts":"default","ast-page-background-enabled":"default","ast-page-background-meta":{"desktop":{"background-color":"var(--ast-global-color-5)","background-image":"","background-repeat":"repeat","background-position":"center center","background-size":"auto","background-attachment":"scroll","background-type":"","background-media":"","overlay-type":"","overlay-color":"","overlay-opacity":"","overlay-gradient":""},"tablet":{"background-color":"","background-image":"","background-repeat":"repeat","background-position":"center center","background-size":"auto","background-attachment":"scroll","background-type":"","background-media":"","overlay-type":"","overlay-color":"","overlay-opacity":"","overlay-gradient":""},"mobile":{"background-color":"","background-image":"","background-repeat":"repeat","background-position":"center center","background-size":"auto","background-attachment":"scroll","background-type":"","background-media":"","overlay-type":"","overlay-color":"","overlay-opacity":"","overlay-gradient":""}},"ast-content-background-meta":{"desktop":{"background-color":"var(--ast-global-color-4)","background-image":"","background-repeat":"repeat","background-position":"center center","background-size":"auto","background-attachment":"scroll","background-type":"","background-media":"","overlay-type":"","overlay-color":"","overlay-opacity":"","overlay-gradient":""},"tablet":{"background-color":"var(--ast-global-color-4)","background-image":"","background-repeat":"repeat","background-position":"center center","background-size":"auto","background-attachment":"scroll","background-type":"","background-media":"","overlay-type":"","overlay-color":"","overlay-opacity":"","overlay-gradient":""},"mobile":{"background-color":"var(--ast-global-color-4)","background-image":"","background-repeat":"repeat","background-position":"center center","background-size":"auto","background-attachment":"scroll","background-type":"","background-media":"","overlay-type":"","overlay-color":"","overlay-opacity":"","overlay-gradient":""}},"footnotes":""},"class_list":["post-77","page","type-page","status-publish","hentry"],"_links":{"self":[{"href":"https:\/\/laerkeryge.maktechagency.com\/index.php\/wp-json\/wp\/v2\/pages\/77","targetHints":{"allow":["GET"]}}],"collection":[{"href":"https:\/\/laerkeryge.maktechagency.com\/index.php\/wp-json\/wp\/v2\/pages"}],"about":[{"href":"https:\/\/laerkeryge.maktechagency.com\/index.php\/wp-json\/wp\/v2\/types\/page"}],"author":[{"embeddable":true,"href":"https:\/\/laerkeryge.maktechagency.com\/index.php\/wp-json\/wp\/v2\/users\/1"}],"replies":[{"embeddable":true,"href":"https:\/\/laerkeryge.maktechagency.com\/index.php\/wp-json\/wp\/v2\/comments?post=77"}],"version-history":[{"count":16,"href":"https:\/\/laerkeryge.maktechagency.com\/index.php\/wp-json\/wp\/v2\/pages\/77\/revisions"}],"predecessor-version":[{"id":8235,"href":"https:\/\/laerkeryge.maktechagency.com\/index.php\/wp-json\/wp\/v2\/pages\/77\/revisions\/8235"}],"wp:attachment":[{"href":"https:\/\/laerkeryge.maktechagency.com\/index.php\/wp-json\/wp\/v2\/media?parent=77"}],"curies":[{"name":"wp","href":"https:\/\/api.w.org\/{rel}","templated":true}]}}