{"id":63,"date":"2025-12-20T08:04:02","date_gmt":"2025-12-20T08:04:02","guid":{"rendered":"https:\/\/laerkeryge.maktechagency.com\/?page_id=63"},"modified":"2026-01-15T04:30:17","modified_gmt":"2026-01-15T04:30:17","slug":"cap-12","status":"publish","type":"page","link":"https:\/\/laerkeryge.maktechagency.com\/index.php\/cap-12\/","title":{"rendered":"Cap 12"},"content":{"rendered":"\t\t<div data-elementor-type=\"wp-page\" data-elementor-id=\"63\" class=\"elementor elementor-63\" data-elementor-post-type=\"page\">\n\t\t\t\t<div class=\"elementor-element elementor-element-51e48d3 e-con-full e-flex e-con e-parent\" data-id=\"51e48d3\" data-element_type=\"container\" data-settings=\"{&quot;background_background&quot;:&quot;classic&quot;}\">\n\t\t\t\t<\/div>\n\t\t<div class=\"elementor-element elementor-element-aa3c3fb e-con-full e-flex e-con e-parent\" data-id=\"aa3c3fb\" data-element_type=\"container\">\n\t\t<div class=\"elementor-element elementor-element-ce67585 e-con-full e-flex e-con e-child\" data-id=\"ce67585\" data-element_type=\"container\">\n\t\t\t\t<div class=\"elementor-element elementor-element-8b8bd1d elementor-widget elementor-widget-heading\" data-id=\"8b8bd1d\" data-element_type=\"widget\" data-widget_type=\"heading.default\">\n\t\t\t\t\t<h2 class=\"elementor-heading-title elementor-size-default\">JOBANS\u00d8GNING: Maestro de educaci\u00f3n infantil\n\n\n<\/h2>\t\t\t\t<\/div>\n\t\t\t\t<div class=\"elementor-element elementor-element-d753f32 elementor-widget elementor-widget-text-editor\" data-id=\"d753f32\" data-element_type=\"widget\" data-widget_type=\"text-editor.default\">\n\t\t\t\t\t\t\t\t\t<p>Marie Jensen<br \/>Smedeg\u00e5rds Alle 37<br \/>8330 Malling<br \/>0045 24678905<\/p>\t\t\t\t\t\t\t\t<\/div>\n\t\t\t\t<div class=\"elementor-element elementor-element-ef3c350 elementor-widget elementor-widget-text-editor\" data-id=\"ef3c350\" data-element_type=\"widget\" data-widget_type=\"text-editor.default\">\n\t\t\t\t\t\t\t\t\t<p>Colegio Miramar<br \/>Plaza Andalucia, 2 \u2013 bajo<br \/>29620 Torremolinos<br \/>M\u00e1laga, Espa\u00f1a<\/p>\t\t\t\t\t\t\t\t<\/div>\n\t\t<div class=\"elementor-element elementor-element-d0ccac2 e-con-full e-flex e-con e-child\" data-id=\"d0ccac2\" data-element_type=\"container\">\n\t\t\t\t<div class=\"elementor-element elementor-element-73ff409 elementor-widget elementor-widget-text-editor\" data-id=\"73ff409\" data-element_type=\"widget\" data-widget_type=\"text-editor.default\">\n\t\t\t\t\t\t\t\t\t<p>Malling, 7 de abril de 2018<\/p>\t\t\t\t\t\t\t\t<\/div>\n\t\t\t\t<\/div>\n\t\t\t\t<div class=\"elementor-element elementor-element-7591865 elementor-widget elementor-widget-text-editor\" data-id=\"7591865\" data-element_type=\"widget\" data-widget_type=\"text-editor.default\">\n\t\t\t\t\t\t\t\t\t<p>Se\u00f1ores,<\/p>\t\t\t\t\t\t\t\t<\/div>\n\t\t\t\t<div class=\"elementor-element elementor-element-f39804a elementor-widget elementor-widget-text-editor\" data-id=\"f39804a\" data-element_type=\"widget\" data-widget_type=\"text-editor.default\">\n\t\t\t\t\t\t\t\t\t<p>\u200bRefiri\u00e9ndome a su anuncio en Diario Sur el 2 de abril de 2018, me permito enviarles una solicitud para el trabajo como maestro de apoyo de educaci\u00f3n infantil en su colegio en Torremolinos. Solicito el trabajo porque hablo ingl\u00e9s y espa\u00f1ol y tengo experiencia con este tipo de trabajo en Dinamarca.<\/p>\t\t\t\t\t\t\t\t<\/div>\n\t\t\t\t<div class=\"elementor-element elementor-element-005c990 elementor-widget elementor-widget-text-editor\" data-id=\"005c990\" data-element_type=\"widget\" data-widget_type=\"text-editor.default\">\n\t\t\t\t\t\t\t\t\t<p>Soy una mujer danesa de 20 a\u00f1os. En Dinamarca he trabajado 8 meses en una guarder\u00eda como maestra de apoyo de ni\u00f1os entre 3 y 6 a\u00f1os. Adem\u00e1s de esto, en mi tiempo libre he trabajado como entrenadora voluntaria en un club de baloncesto en mi pueblo. De esta manera tambi\u00e9n puedo formar parte del equipo deportivo a diferentes niveles.<\/p>\t\t\t\t\t\t\t\t<\/div>\n\t\t\t\t<div class=\"elementor-element elementor-element-fc9fdc1 elementor-widget elementor-widget-text-editor\" data-id=\"fc9fdc1\" data-element_type=\"widget\" data-widget_type=\"text-editor.default\">\n\t\t\t\t\t\t\t\t\t<p>Adem\u00e1s, quiero destacar que soy una persona sociable, extrovertida y deportiva y me gusta pasar tiempo tanto con ni\u00f1os como con compa\u00f1eros de trabajo.<\/p>\t\t\t\t\t\t\t\t<\/div>\n\t\t\t\t<div class=\"elementor-element elementor-element-448a737 elementor-widget elementor-widget-text-editor\" data-id=\"448a737\" data-element_type=\"widget\" data-widget_type=\"text-editor.default\">\n\t\t\t\t\t\t\t\t\t<p>Espero que me tengan en consideraci\u00f3n y me gustar\u00eda participar en una entrevista personal en Torremolinos.<\/p>\t\t\t\t\t\t\t\t<\/div>\n\t\t\t\t<div class=\"elementor-element elementor-element-bd67100 elementor-widget elementor-widget-text-editor\" data-id=\"bd67100\" data-element_type=\"widget\" data-widget_type=\"text-editor.default\">\n\t\t\t\t\t\t\t\t\t<p>Adjunto tambi\u00e9n mi curr\u00edculo.<\/p>\t\t\t\t\t\t\t\t<\/div>\n\t\t\t\t<div class=\"elementor-element elementor-element-fd2cbe0 elementor-widget elementor-widget-text-editor\" data-id=\"fd2cbe0\" data-element_type=\"widget\" data-widget_type=\"text-editor.default\">\n\t\t\t\t\t\t\t\t\t<p>Atentamente,<br \/>Marie Jensen<\/p>\t\t\t\t\t\t\t\t<\/div>\n\t\t\t\t<\/div>\n\t\t<div class=\"elementor-element elementor-element-ecb9801 e-con-full e-flex e-con e-child\" data-id=\"ecb9801\" data-element_type=\"container\">\n\t\t<div class=\"elementor-element elementor-element-7b4f864 e-con-full e-flex e-con e-child\" data-id=\"7b4f864\" data-element_type=\"container\">\n\t\t\t\t<div class=\"elementor-element elementor-element-84afe82 elementor-widget elementor-widget-presto_video\" data-id=\"84afe82\" data-element_type=\"widget\" data-widget_type=\"presto_video.default\">\n\t\t\t\t<div class=\"elementor-widget-container\">\n\t\t\t\t\t<!--presto-player:video_id=23--><figure class=\"wp-block-video presto-block-video  presto-provider-audio\" style=\"--plyr-color-main: var(--presto-player-highlight-color, #000000); --presto-player-logo-width: 150px; --plyr-audio-controls-background: #000000;--plyr-audio-control-color: #ffffff;--plyr-range-thumb-background: #ffffff;--plyr-range-fill-background: #ffffff;--plyr-audio-progress-buffered-background: rgba(220,220,220,0.35); --presto-curtain-size: 25%\">\n\t<presto-player \n\t\tpreset='{&quot;id&quot;:1,&quot;name&quot;:&quot;Default&quot;,&quot;slug&quot;:&quot;default&quot;,&quot;icon&quot;:&quot;format-audio&quot;,&quot;skin&quot;:&quot;default&quot;,&quot;rewind&quot;:true,&quot;play&quot;:true,&quot;play-large&quot;:true,&quot;fast-forward&quot;:true,&quot;progress&quot;:true,&quot;current-time&quot;:true,&quot;mute&quot;:true,&quot;volume&quot;:true,&quot;speed&quot;:true,&quot;pip&quot;:false,&quot;reset_on_end&quot;:true,&quot;save_player_position&quot;:true,&quot;sticky_scroll&quot;:false,&quot;sticky_scroll_position&quot;:&quot;bottom right&quot;,&quot;on_video_end&quot;:&quot;select&quot;,&quot;play_video_viewport&quot;:false,&quot;show_time_elapsed&quot;:false,&quot;hide_logo&quot;:&quot;0&quot;,&quot;border_radius&quot;:0,&quot;background_color&quot;:&quot;&quot;,&quot;control_color&quot;:&quot;&quot;,&quot;is_locked&quot;:true,&quot;cta&quot;:[&quot;&quot;],&quot;email_collection&quot;:[&quot;&quot;],&quot;action_bar&quot;:[&quot;&quot;],&quot;created_by&quot;:1,&quot;created_at&quot;:&quot;2026-01-05 08:20:16&quot;,&quot;updated_at&quot;:&quot;2026-01-05 08:20:16&quot;,&quot;deleted_at&quot;:&quot;&quot;,&quot;type&quot;:&quot;audio&quot;}'\n\t\tbranding='{&quot;logo&quot;:&quot;&quot;,&quot;logo_width&quot;:150,&quot;color&quot;:&quot;#000000&quot;,&quot;player_css&quot;:&quot;&quot;}'\n\t\tchapters='[]'\n\t\toverlays='[]'\n\t\ttracks='[]'\n\t\tblock-attributes='{&quot;playsInline&quot;:true,&quot;src&quot;:&quot;https:\\\/\\\/laerkeryge.maktechagency.com\\\/wp-content\\\/uploads\\\/2025\\\/12\\\/Cap-12-Lento.mp3&quot;,&quot;title&quot;:&quot;Cap-12-Lento&quot;,&quot;preset&quot;:1,&quot;id&quot;:23,&quot;attachment_id&quot;:null}'\n\t\tanalytics=''\n\t\tautomations\t\tprovider='audio'\n\t\t\t\tid=\"presto-player-1\"\n\t\tsrc=\"https:\/\/laerkeryge.maktechagency.com\/wp-content\/uploads\/2025\/12\/Cap-12-Lento.mp3\"\n\t\tmedia-title=\"Cap-12-Lento\"\n\t\tcss=\"\"\n\t\tclass=\"presto-video-id-23 presto-preset-id-1 skin-default\"\n\t\tskin=\"default\" \n\t\ticon-url=\"https:\/\/laerkeryge.maktechagency.com\/wp-content\/plugins\/presto-player\/img\/sprite.svg\" \n\t\tpreload=\"\" \n\t\tposter=\"\"\n\t\tyoutube=\"{&quot;noCookie&quot;:false,&quot;channelId&quot;:&quot;&quot;,&quot;show_count&quot;:false}\"\n\t\tprovider-video-id=\"\"\n\t\tvideo-id=\"23\"\n\t\t\t\tplaysinline \n\t\t\t\t>\n\t\t\n\n\t<\/presto-player>\n<\/figure>\t\t\t\t<\/div>\n\t\t\t\t<\/div>\n\t\t\t\t<div class=\"elementor-element elementor-element-9aeeb8c elementor-widget elementor-widget-heading\" data-id=\"9aeeb8c\" data-element_type=\"widget\" data-widget_type=\"heading.default\">\n\t\t\t\t\t<h2 class=\"elementor-heading-title elementor-size-default\">Lento\n\n<\/h2>\t\t\t\t<\/div>\n\t\t\t\t<\/div>\n\t\t<div class=\"elementor-element elementor-element-41ca7eb e-con-full e-flex e-con e-child\" data-id=\"41ca7eb\" data-element_type=\"container\">\n\t\t<div class=\"elementor-element elementor-element-385ad1c e-con-full e-flex e-con e-child\" data-id=\"385ad1c\" data-element_type=\"container\">\n\t\t\t\t<div class=\"elementor-element elementor-element-fea07d0 elementor-widget elementor-widget-presto_video\" data-id=\"fea07d0\" data-element_type=\"widget\" data-widget_type=\"presto_video.default\">\n\t\t\t\t<div class=\"elementor-widget-container\">\n\t\t\t\t\t<!--presto-player:video_id=24--><figure class=\"wp-block-video presto-block-video  presto-provider-audio\" style=\"--plyr-color-main: var(--presto-player-highlight-color, #000000); --presto-player-logo-width: 150px; --plyr-audio-controls-background: #000000;--plyr-audio-control-color: #ffffff;--plyr-range-thumb-background: #ffffff;--plyr-range-fill-background: #ffffff;--plyr-audio-progress-buffered-background: rgba(220,220,220,0.35); --presto-curtain-size: 25%\">\n\t<presto-player \n\t\tpreset='{&quot;id&quot;:1,&quot;name&quot;:&quot;Default&quot;,&quot;slug&quot;:&quot;default&quot;,&quot;icon&quot;:&quot;format-audio&quot;,&quot;skin&quot;:&quot;default&quot;,&quot;rewind&quot;:true,&quot;play&quot;:true,&quot;play-large&quot;:true,&quot;fast-forward&quot;:true,&quot;progress&quot;:true,&quot;current-time&quot;:true,&quot;mute&quot;:true,&quot;volume&quot;:true,&quot;speed&quot;:true,&quot;pip&quot;:false,&quot;reset_on_end&quot;:true,&quot;save_player_position&quot;:true,&quot;sticky_scroll&quot;:false,&quot;sticky_scroll_position&quot;:&quot;bottom right&quot;,&quot;on_video_end&quot;:&quot;select&quot;,&quot;play_video_viewport&quot;:false,&quot;show_time_elapsed&quot;:false,&quot;hide_logo&quot;:&quot;0&quot;,&quot;border_radius&quot;:0,&quot;background_color&quot;:&quot;&quot;,&quot;control_color&quot;:&quot;&quot;,&quot;is_locked&quot;:true,&quot;cta&quot;:[&quot;&quot;],&quot;email_collection&quot;:[&quot;&quot;],&quot;action_bar&quot;:[&quot;&quot;],&quot;created_by&quot;:1,&quot;created_at&quot;:&quot;2026-01-05 08:20:16&quot;,&quot;updated_at&quot;:&quot;2026-01-05 08:20:16&quot;,&quot;deleted_at&quot;:&quot;&quot;,&quot;type&quot;:&quot;audio&quot;}'\n\t\tbranding='{&quot;logo&quot;:&quot;&quot;,&quot;logo_width&quot;:150,&quot;color&quot;:&quot;#000000&quot;,&quot;player_css&quot;:&quot;&quot;}'\n\t\tchapters='[]'\n\t\toverlays='[]'\n\t\ttracks='[]'\n\t\tblock-attributes='{&quot;playsInline&quot;:true,&quot;src&quot;:&quot;https:\\\/\\\/laerkeryge.maktechagency.com\\\/wp-content\\\/uploads\\\/2025\\\/12\\\/Cap-12-Normal.mp3&quot;,&quot;title&quot;:&quot;Cap-12-Normal&quot;,&quot;preset&quot;:1,&quot;id&quot;:24,&quot;attachment_id&quot;:null}'\n\t\tanalytics=''\n\t\tautomations\t\tprovider='audio'\n\t\t\t\tid=\"presto-player-2\"\n\t\tsrc=\"https:\/\/laerkeryge.maktechagency.com\/wp-content\/uploads\/2025\/12\/Cap-12-Normal.mp3\"\n\t\tmedia-title=\"Cap-12-Normal\"\n\t\tcss=\"\"\n\t\tclass=\"presto-video-id-24 presto-preset-id-1 skin-default\"\n\t\tskin=\"default\" \n\t\ticon-url=\"https:\/\/laerkeryge.maktechagency.com\/wp-content\/plugins\/presto-player\/img\/sprite.svg\" \n\t\tpreload=\"\" \n\t\tposter=\"\"\n\t\tyoutube=\"{&quot;noCookie&quot;:false,&quot;channelId&quot;:&quot;&quot;,&quot;show_count&quot;:false}\"\n\t\tprovider-video-id=\"\"\n\t\tvideo-id=\"24\"\n\t\t\t\tplaysinline \n\t\t\t\t>\n\t\t\n\n\t<\/presto-player>\n<\/figure>\t\t\t\t<\/div>\n\t\t\t\t<\/div>\n\t\t\t\t<div class=\"elementor-element elementor-element-d969b63 elementor-widget elementor-widget-heading\" data-id=\"d969b63\" data-element_type=\"widget\" data-widget_type=\"heading.default\">\n\t\t\t\t\t<h2 class=\"elementor-heading-title elementor-size-default\">Normal\n\n<\/h2>\t\t\t\t<\/div>\n\t\t\t\t<\/div>\n\t\t\t\t<\/div>\n\t\t\t\t<\/div>\n\t\t<div class=\"elementor-element elementor-element-bb8945e e-con-full e-flex e-con e-child\" data-id=\"bb8945e\" data-element_type=\"container\">\n\t\t<div class=\"elementor-element elementor-element-9a6de6a e-con-full e-flex e-con e-child\" data-id=\"9a6de6a\" data-element_type=\"container\">\n\t\t<div class=\"elementor-element elementor-element-a080d89 e-con-full e-flex e-con e-child\" data-id=\"a080d89\" data-element_type=\"container\">\n\t\t<div class=\"elementor-element elementor-element-bba6f8c e-con-full e-flex e-con e-child\" data-id=\"bba6f8c\" data-element_type=\"container\">\n\t\t\t\t<div class=\"elementor-element elementor-element-4c29f5b elementor-widget elementor-widget-text-editor\" data-id=\"4c29f5b\" data-element_type=\"widget\" data-widget_type=\"text-editor.default\">\n\t\t\t\t\t\t\t\t\t<p><strong>Preguntas sobre el texto<\/strong><br \/>1. \u00bfC\u00f3mo se llama el pueblo donde vive Marie en Dinamarca?<br \/>2. \u00bfEn qu\u00e9 fecha manda Marie esta solicitud?<br \/>3. \u00bfQu\u00e9 tipo de trabajo busca Marie?<br \/>4. \u00bfQu\u00e9 idiomas habla Marie?<br \/>5. \u00bfQu\u00e9 experiencia anterior tiene Marie?<br \/>6. \u00bfC\u00f3mo describe Marie su personalidad?<br \/>7. \u00bfEst\u00e1 lista Marie para viajar a Espa\u00f1a para participar en una entrevista personal?<br \/>8. \u00bfQu\u00e9 ha adjuntado Marie en la solicitud?<\/p>\t\t\t\t\t\t\t\t<\/div>\n\t\t\t\t<\/div>\n\t\t<div class=\"elementor-element elementor-element-ff71d15 e-con-full e-flex e-con e-child\" data-id=\"ff71d15\" data-element_type=\"container\">\n\t\t\t\t<div class=\"elementor-element elementor-element-ad93b02 elementor-widget elementor-widget-image\" data-id=\"ad93b02\" data-element_type=\"widget\" data-widget_type=\"image.default\">\n\t\t\t\t\t\t\t\t\t\t\t\t\t\t\t\t<a href=\"https:\/\/laerkeryge.maktechagency.com\/wp-content\/uploads\/2025\/12\/Kindergarden.png\" data-elementor-open-lightbox=\"yes\" data-e-action-hash=\"#elementor-action%3Aaction%3Dlightbox%26settings%3DeyJpZCI6NTk0NiwidXJsIjoiaHR0cHM6XC9cL2xhZXJrZXJ5Z2UubWFrdGVjaGFnZW5jeS5jb21cL3dwLWNvbnRlbnRcL3VwbG9hZHNcLzIwMjVcLzEyXC9LaW5kZXJnYXJkZW4ucG5nIn0%3D\">\n\t\t\t\t\t\t\t<img fetchpriority=\"high\" decoding=\"async\" width=\"914\" height=\"610\" src=\"https:\/\/laerkeryge.maktechagency.com\/wp-content\/uploads\/2025\/12\/Kindergarden.png\" class=\"attachment-full size-full wp-image-5946\" alt=\"\" srcset=\"https:\/\/laerkeryge.maktechagency.com\/wp-content\/uploads\/2025\/12\/Kindergarden.png 914w, https:\/\/laerkeryge.maktechagency.com\/wp-content\/uploads\/2025\/12\/Kindergarden-300x200.png 300w, https:\/\/laerkeryge.maktechagency.com\/wp-content\/uploads\/2025\/12\/Kindergarden-768x513.png 768w\" sizes=\"(max-width: 914px) 100vw, 914px\" \/>\t\t\t\t\t\t\t\t<\/a>\n\t\t\t\t\t\t\t\t\t\t\t\t\t\t\t<\/div>\n\t\t\t\t<div class=\"elementor-element elementor-element-18c1749 elementor-widget elementor-widget-text-editor\" data-id=\"18c1749\" data-element_type=\"widget\" data-widget_type=\"text-editor.default\">\n\t\t\t\t\t\t\t\t\t<strong>Aqu\u00ed los ni\u00f1os est\u00e1n jugando en el Colegio Miramar.<\/strong>\n\n\t\t\t\t\t\t\t\t<\/div>\n\t\t\t\t<\/div>\n\t\t\t\t<\/div>\n\t\t<div class=\"elementor-element elementor-element-3f0191f e-con-full e-flex e-con e-child\" data-id=\"3f0191f\" data-element_type=\"container\">\n\t\t<div class=\"elementor-element elementor-element-0b3aeb0 e-con-full e-flex e-con e-child\" data-id=\"0b3aeb0\" data-element_type=\"container\">\n\t\t\t\t<div class=\"elementor-element elementor-element-2d9714d elementor-widget elementor-widget-text-editor\" data-id=\"2d9714d\" data-element_type=\"widget\" data-widget_type=\"text-editor.default\">\n\t\t\t\t\t\t\t\t\t<p><strong>Entrenamiento de vocabulario<\/strong><br \/>Lista completa. Pulse\u00a0<strong><a href=\"https:\/\/quizlet.com\/_48lldm\" target=\"_blank\" rel=\"noopener noreferrer\">aqu\u00ed<\/a><\/strong><br \/><strong><a href=\"https:\/\/quizlet.com\/_3lcuzo\" target=\"_blank\" rel=\"noopener noreferrer\">\u200b<\/a><\/strong>Lista reducida. Pulse\u00a0<strong><a href=\"https:\/\/quizlet.com\/_50fzz7\" target=\"_blank\" rel=\"noopener noreferrer\">aqu\u00ed<\/a><\/strong><\/p>\t\t\t\t\t\t\t\t<\/div>\n\t\t\t\t<\/div>\n\t\t<div class=\"elementor-element elementor-element-4113312 e-con-full e-flex e-con e-child\" data-id=\"4113312\" data-element_type=\"container\">\n\t\t\t\t<div class=\"elementor-element elementor-element-17df477 elementor-widget elementor-widget-text-editor\" data-id=\"17df477\" data-element_type=\"widget\" data-widget_type=\"text-editor.default\">\n\t\t\t\t\t\t\t\t\t<p><strong>Vocabulario para el texto<\/strong><br \/>maestro (m): l\u00e6rer<br \/>refiri\u00e9ndome: Idet jeg refererer til<br \/>permitir: at tillade<br \/>enviar: at sende<br \/>solicitud (f): ans\u00f8gning<br \/>maestro de apoyo (f): st\u00f8ttel\u00e6rer<br \/>colegio (m): skole<br \/>guarder\u00eda (f): b\u00f8rnehave<br \/>adem\u00e1s: desuden<br \/>entrenador (m): tr\u00e6ner<br \/>baloncesto (m): basketball<br \/>manera (f): m\u00e5de<br \/>formar parte de: at v\u00e6re en del af<br \/>equipo (m): hold<br \/>destacar: at fremh\u00e6ve<br \/>tanto \u2026 como: b\u00e5de \u2026 og<br \/>compa\u00f1ero de trabajo (m): kollega<br \/>me tengan en consideraci\u00f3n: De tager mig i betragtning (konjunktiv er verbet\u00a0<em>tener<\/em>)<br \/>gustar\u00eda: vil gerne (konditionalis af verbet\u00a0<em>gustar<\/em>)<br \/>entrevista (f): samtale<br \/>adjuntar: at vedh\u00e6fte<br \/>curr\u00edculo (m): curriculum<\/p>\t\t\t\t\t\t\t\t<\/div>\n\t\t\t\t<\/div>\n\t\t\t\t<\/div>\n\t\t\t\t<\/div>\n\t\t\t\t<\/div>\n\t\t<div class=\"elementor-element elementor-element-b06a909 e-con-full e-flex e-con e-child\" data-id=\"b06a909\" data-element_type=\"container\">\n\t\t\t\t<div class=\"elementor-element elementor-element-39e69d1 elementor-widget elementor-widget-text-editor\" data-id=\"39e69d1\" data-element_type=\"widget\" data-widget_type=\"text-editor.default\">\n\t\t\t\t\t\t\t\t\t<p><strong>Quiz para el texto<\/strong><strong>.<\/strong>\u00a0Pulse\u00a0<strong><a href=\"https:\/\/www.quia.com\/quiz\/6616569.html\" target=\"_blank\" rel=\"noopener noreferrer\">aqu\u00ed<\/a><\/strong><\/p>\t\t\t\t\t\t\t\t<\/div>\n\t\t\t\t<\/div>\n\t\t\t\t<\/div>\n\t\t\t\t<\/div>\n\t\t","protected":false},"excerpt":{"rendered":"<p>JOBANS\u00d8GNING: Maestro de educaci\u00f3n infantil Marie JensenSmedeg\u00e5rds Alle 378330 Malling0045 24678905 Colegio MiramarPlaza Andalucia, 2 \u2013 bajo29620 TorremolinosM\u00e1laga, Espa\u00f1a Malling, [&hellip;]<\/p>\n","protected":false},"author":1,"featured_media":0,"parent":0,"menu_order":0,"comment_status":"closed","ping_status":"closed","template":"elementor_header_footer","meta":{"site-sidebar-layout":"no-sidebar","site-content-layout":"","ast-site-content-layout":"full-width-container","site-content-style":"default","site-sidebar-style":"default","ast-global-header-display":"","ast-banner-title-visibility":"","ast-main-header-display":"","ast-hfb-above-header-display":"","ast-hfb-below-header-display":"","ast-hfb-mobile-header-display":"","site-post-title":"","ast-breadcrumbs-content":"","ast-featured-img":"disabled","footer-sml-layout":"","ast-disable-related-posts":"","theme-transparent-header-meta":"","adv-header-id-meta":"","stick-header-meta":"","header-above-stick-meta":"","header-main-stick-meta":"","header-below-stick-meta":"","astra-migrate-meta-layouts":"default","ast-page-background-enabled":"default","ast-page-background-meta":{"desktop":{"background-color":"var(--ast-global-color-5)","background-image":"","background-repeat":"repeat","background-position":"center center","background-size":"auto","background-attachment":"scroll","background-type":"","background-media":"","overlay-type":"","overlay-color":"","overlay-opacity":"","overlay-gradient":""},"tablet":{"background-color":"","background-image":"","background-repeat":"repeat","background-position":"center center","background-size":"auto","background-attachment":"scroll","background-type":"","background-media":"","overlay-type":"","overlay-color":"","overlay-opacity":"","overlay-gradient":""},"mobile":{"background-color":"","background-image":"","background-repeat":"repeat","background-position":"center center","background-size":"auto","background-attachment":"scroll","background-type":"","background-media":"","overlay-type":"","overlay-color":"","overlay-opacity":"","overlay-gradient":""}},"ast-content-background-meta":{"desktop":{"background-color":"var(--ast-global-color-4)","background-image":"","background-repeat":"repeat","background-position":"center center","background-size":"auto","background-attachment":"scroll","background-type":"","background-media":"","overlay-type":"","overlay-color":"","overlay-opacity":"","overlay-gradient":""},"tablet":{"background-color":"var(--ast-global-color-4)","background-image":"","background-repeat":"repeat","background-position":"center center","background-size":"auto","background-attachment":"scroll","background-type":"","background-media":"","overlay-type":"","overlay-color":"","overlay-opacity":"","overlay-gradient":""},"mobile":{"background-color":"var(--ast-global-color-4)","background-image":"","background-repeat":"repeat","background-position":"center center","background-size":"auto","background-attachment":"scroll","background-type":"","background-media":"","overlay-type":"","overlay-color":"","overlay-opacity":"","overlay-gradient":""}},"footnotes":""},"class_list":["post-63","page","type-page","status-publish","hentry"],"_links":{"self":[{"href":"https:\/\/laerkeryge.maktechagency.com\/index.php\/wp-json\/wp\/v2\/pages\/63","targetHints":{"allow":["GET"]}}],"collection":[{"href":"https:\/\/laerkeryge.maktechagency.com\/index.php\/wp-json\/wp\/v2\/pages"}],"about":[{"href":"https:\/\/laerkeryge.maktechagency.com\/index.php\/wp-json\/wp\/v2\/types\/page"}],"author":[{"embeddable":true,"href":"https:\/\/laerkeryge.maktechagency.com\/index.php\/wp-json\/wp\/v2\/users\/1"}],"replies":[{"embeddable":true,"href":"https:\/\/laerkeryge.maktechagency.com\/index.php\/wp-json\/wp\/v2\/comments?post=63"}],"version-history":[{"count":91,"href":"https:\/\/laerkeryge.maktechagency.com\/index.php\/wp-json\/wp\/v2\/pages\/63\/revisions"}],"predecessor-version":[{"id":9215,"href":"https:\/\/laerkeryge.maktechagency.com\/index.php\/wp-json\/wp\/v2\/pages\/63\/revisions\/9215"}],"wp:attachment":[{"href":"https:\/\/laerkeryge.maktechagency.com\/index.php\/wp-json\/wp\/v2\/media?parent=63"}],"curies":[{"name":"wp","href":"https:\/\/api.w.org\/{rel}","templated":true}]}}