{"id":61,"date":"2025-12-20T08:02:32","date_gmt":"2025-12-20T08:02:32","guid":{"rendered":"https:\/\/laerkeryge.maktechagency.com\/?page_id=61"},"modified":"2026-01-15T04:26:13","modified_gmt":"2026-01-15T04:26:13","slug":"cap-11","status":"publish","type":"page","link":"https:\/\/laerkeryge.maktechagency.com\/index.php\/cap-11\/","title":{"rendered":"Cap 11"},"content":{"rendered":"\t\t<div data-elementor-type=\"wp-page\" data-elementor-id=\"61\" class=\"elementor elementor-61\" data-elementor-post-type=\"page\">\n\t\t\t\t<div class=\"elementor-element elementor-element-4b0b265 e-con-full e-flex e-con e-parent\" data-id=\"4b0b265\" data-element_type=\"container\" data-settings=\"{&quot;background_background&quot;:&quot;classic&quot;}\">\n\t\t\t\t<\/div>\n\t\t<div class=\"elementor-element elementor-element-25b13f5 e-con-full e-flex e-con e-parent\" data-id=\"25b13f5\" data-element_type=\"container\">\n\t\t<div class=\"elementor-element elementor-element-328f71c e-con-full e-flex e-con e-child\" data-id=\"328f71c\" data-element_type=\"container\">\n\t\t\t\t<div class=\"elementor-element elementor-element-39639e5 elementor-widget elementor-widget-heading\" data-id=\"39639e5\" data-element_type=\"widget\" data-widget_type=\"heading.default\">\n\t\t\t\t\t<h2 class=\"elementor-heading-title elementor-size-default\">EMAIL: La despedida\n\n\n<\/h2>\t\t\t\t<\/div>\n\t\t\t\t<div class=\"elementor-element elementor-element-8739511 elementor-widget elementor-widget-text-editor\" data-id=\"8739511\" data-element_type=\"widget\" data-widget_type=\"text-editor.default\">\n\t\t\t\t\t\t\t\t\t<p>de: Marie Jensen &lt;mariejensen99@gmail.com<br \/>para: Luis Puig Martinez &lt;lpmartinez@gmail.com<br \/>fecha: El 31 de julio de 2017, 20.45<br \/>asunto: Adi\u00f3s<\/p>\t\t\t\t\t\t\t\t<\/div>\n\t\t\t\t<div class=\"elementor-element elementor-element-afa1082 elementor-widget elementor-widget-text-editor\" data-id=\"afa1082\" data-element_type=\"widget\" data-widget_type=\"text-editor.default\">\n\t\t\t\t\t\t\t\t\t<p>Querido Luis,<br \/>Es mi \u00faltima noche en M\u00e1laga. Acabo de hacer la maleta que est\u00e1 llena de regalos: vino dulce para mi madre, una camiseta para mi padre y mucha ropa para m\u00ed. \ud83d\ude02<\/p>\t\t\t\t\t\t\t\t<\/div>\n\t\t\t\t<div class=\"elementor-element elementor-element-390c582 elementor-widget elementor-widget-text-editor\" data-id=\"390c582\" data-element_type=\"widget\" data-widget_type=\"text-editor.default\">\n\t\t\t\t\t\t\t\t\t<p>Ha sido un mes fant\u00e1stico. He conocido a muchos chicos y chicas s\u00faper simp\u00e1ticos, mi espa\u00f1ol ha mejorado much\u00edsimo, he aprendido muchas cosas sobre Espa\u00f1a y los espa\u00f1oles y, por supuesto, he tenido la mejor familia espa\u00f1ola. \u2764\ufe0f<\/p>\t\t\t\t\t\t\t\t<\/div>\n\t\t\t\t<div class=\"elementor-element elementor-element-30cecb4 elementor-widget elementor-widget-text-editor\" data-id=\"30cecb4\" data-element_type=\"widget\" data-widget_type=\"text-editor.default\">\n\t\t\t\t\t\t\t\t\t<p>Voy a echar de menos muchas cosas: las clases de conversaci\u00f3n con Luc\u00eda (much\u00edsimas risas), acompa\u00f1ar a Samuel a la escuela, salir con los amigos y mucho m\u00e1s.<\/p>\t\t\t\t\t\t\t\t<\/div>\n\t\t\t\t<div class=\"elementor-element elementor-element-9b8c6b2 elementor-widget elementor-widget-text-editor\" data-id=\"9b8c6b2\" data-element_type=\"widget\" data-widget_type=\"text-editor.default\">\n\t\t\t\t\t\t\t\t\t<p>Samuel me ha preguntado qu\u00e9 me gusta m\u00e1s de Espa\u00f1a. \u00bfSabes qu\u00e9?, creo que es la franqueza de los espa\u00f1oles: lo de hablar con la persona al lado en el autob\u00fas o detr\u00e1s de ti en la cola. Es algo que quiero llevar conmigo a Dinamarca.<\/p>\t\t\t\t\t\t\t\t<\/div>\n\t\t\t\t<div class=\"elementor-element elementor-element-4ff26fc elementor-widget elementor-widget-text-editor\" data-id=\"4ff26fc\" data-element_type=\"widget\" data-widget_type=\"text-editor.default\">\n\t\t\t\t\t\t\t\t\t<p>La semana que viene voy a empezar a trabajar en una guarder\u00eda en Dinamarca. Quiero ahorrar dinero para poder volver a M\u00e1laga el a\u00f1o que viene. Silvia y Javier me han ofrecido vivir con ellos. La idea es trabajar, pero ahora en M\u00e1laga. \u00a0A lo mejor como maestra de ingl\u00e9s o como camarera en un restaurante. Me encanta la idea de vivir aqu\u00ed por ejemplo un a\u00f1o porque, \u00a1en un mes puedes conocer la vida espa\u00f1ola, pero en un a\u00f1o puedes vivirla!<\/p>\t\t\t\t\t\t\t\t<\/div>\n\t\t\t\t<div class=\"elementor-element elementor-element-2ec175f elementor-widget elementor-widget-text-editor\" data-id=\"2ec175f\" data-element_type=\"widget\" data-widget_type=\"text-editor.default\">\n\t\t\t\t\t\t\t\t\t<p>Bueno, Luis, voy a salir con mis amigos nuevos. \u00bfPor qu\u00e9 est\u00e1s en Barcelona y no puedes estar con nosotros? \u00a1Buaaa!\u00a0\ud83d\ude2d<\/p>\t\t\t\t\t\t\t\t<\/div>\n\t\t\t\t<div class=\"elementor-element elementor-element-16e17a9 elementor-widget elementor-widget-text-editor\" data-id=\"16e17a9\" data-element_type=\"widget\" data-widget_type=\"text-editor.default\">\n\t\t\t\t\t\t\t\t\t<p>\u200bUn abrazo enorme.<br \/>Marie<\/p>\t\t\t\t\t\t\t\t<\/div>\n\t\t\t\t<\/div>\n\t\t<div class=\"elementor-element elementor-element-9775a26 e-con-full e-flex e-con e-child\" data-id=\"9775a26\" data-element_type=\"container\">\n\t\t<div class=\"elementor-element elementor-element-79b23b4 e-con-full e-flex e-con e-child\" data-id=\"79b23b4\" data-element_type=\"container\">\n\t\t\t\t<div class=\"elementor-element elementor-element-b05034b elementor-widget elementor-widget-presto_video\" data-id=\"b05034b\" data-element_type=\"widget\" data-widget_type=\"presto_video.default\">\n\t\t\t\t<div class=\"elementor-widget-container\">\n\t\t\t\t\t<!--presto-player:video_id=21--><figure class=\"wp-block-video presto-block-video  presto-provider-audio\" style=\"--plyr-color-main: var(--presto-player-highlight-color, #000000); --presto-player-logo-width: 150px; --plyr-audio-controls-background: #000000;--plyr-audio-control-color: #ffffff;--plyr-range-thumb-background: #ffffff;--plyr-range-fill-background: #ffffff;--plyr-audio-progress-buffered-background: rgba(220,220,220,0.35); --presto-curtain-size: 25%\">\n\t<presto-player \n\t\tpreset='{&quot;id&quot;:1,&quot;name&quot;:&quot;Default&quot;,&quot;slug&quot;:&quot;default&quot;,&quot;icon&quot;:&quot;format-audio&quot;,&quot;skin&quot;:&quot;default&quot;,&quot;rewind&quot;:true,&quot;play&quot;:true,&quot;play-large&quot;:true,&quot;fast-forward&quot;:true,&quot;progress&quot;:true,&quot;current-time&quot;:true,&quot;mute&quot;:true,&quot;volume&quot;:true,&quot;speed&quot;:true,&quot;pip&quot;:false,&quot;reset_on_end&quot;:true,&quot;save_player_position&quot;:true,&quot;sticky_scroll&quot;:false,&quot;sticky_scroll_position&quot;:&quot;bottom right&quot;,&quot;on_video_end&quot;:&quot;select&quot;,&quot;play_video_viewport&quot;:false,&quot;show_time_elapsed&quot;:false,&quot;hide_logo&quot;:&quot;0&quot;,&quot;border_radius&quot;:0,&quot;background_color&quot;:&quot;&quot;,&quot;control_color&quot;:&quot;&quot;,&quot;is_locked&quot;:true,&quot;cta&quot;:[&quot;&quot;],&quot;email_collection&quot;:[&quot;&quot;],&quot;action_bar&quot;:[&quot;&quot;],&quot;created_by&quot;:1,&quot;created_at&quot;:&quot;2026-01-05 08:20:16&quot;,&quot;updated_at&quot;:&quot;2026-01-05 08:20:16&quot;,&quot;deleted_at&quot;:&quot;&quot;,&quot;type&quot;:&quot;audio&quot;}'\n\t\tbranding='{&quot;logo&quot;:&quot;&quot;,&quot;logo_width&quot;:150,&quot;color&quot;:&quot;#000000&quot;,&quot;player_css&quot;:&quot;&quot;}'\n\t\tchapters='[]'\n\t\toverlays='[]'\n\t\ttracks='[]'\n\t\tblock-attributes='{&quot;playsInline&quot;:true,&quot;src&quot;:&quot;https:\\\/\\\/laerkeryge.maktechagency.com\\\/wp-content\\\/uploads\\\/2025\\\/12\\\/Cap-11-Lento.mp3&quot;,&quot;title&quot;:&quot;Cap-11-Lento&quot;,&quot;preset&quot;:1,&quot;id&quot;:21,&quot;attachment_id&quot;:null}'\n\t\tanalytics=''\n\t\tautomations\t\tprovider='audio'\n\t\t\t\tid=\"presto-player-1\"\n\t\tsrc=\"https:\/\/laerkeryge.maktechagency.com\/wp-content\/uploads\/2025\/12\/Cap-11-Lento.mp3\"\n\t\tmedia-title=\"Cap-11-Lento\"\n\t\tcss=\"\"\n\t\tclass=\"presto-video-id-21 presto-preset-id-1 skin-default\"\n\t\tskin=\"default\" \n\t\ticon-url=\"https:\/\/laerkeryge.maktechagency.com\/wp-content\/plugins\/presto-player\/img\/sprite.svg\" \n\t\tpreload=\"\" \n\t\tposter=\"\"\n\t\tyoutube=\"{&quot;noCookie&quot;:false,&quot;channelId&quot;:&quot;&quot;,&quot;show_count&quot;:false}\"\n\t\tprovider-video-id=\"\"\n\t\tvideo-id=\"21\"\n\t\t\t\tplaysinline \n\t\t\t\t>\n\t\t\n\n\t<\/presto-player>\n<\/figure>\t\t\t\t<\/div>\n\t\t\t\t<\/div>\n\t\t\t\t<div class=\"elementor-element elementor-element-0e840f8 elementor-widget elementor-widget-heading\" data-id=\"0e840f8\" data-element_type=\"widget\" data-widget_type=\"heading.default\">\n\t\t\t\t\t<h2 class=\"elementor-heading-title elementor-size-default\">Lento\n\n<\/h2>\t\t\t\t<\/div>\n\t\t\t\t<\/div>\n\t\t<div class=\"elementor-element elementor-element-06c64d7 e-con-full e-flex e-con e-child\" data-id=\"06c64d7\" data-element_type=\"container\">\n\t\t<div class=\"elementor-element elementor-element-b98e356 e-con-full e-flex e-con e-child\" data-id=\"b98e356\" data-element_type=\"container\">\n\t\t\t\t<div class=\"elementor-element elementor-element-57d21dd elementor-widget elementor-widget-presto_video\" data-id=\"57d21dd\" data-element_type=\"widget\" data-widget_type=\"presto_video.default\">\n\t\t\t\t<div class=\"elementor-widget-container\">\n\t\t\t\t\t<!--presto-player:video_id=22--><figure class=\"wp-block-video presto-block-video  presto-provider-audio\" style=\"--plyr-color-main: var(--presto-player-highlight-color, #000000); --presto-player-logo-width: 150px; --plyr-audio-controls-background: #000000;--plyr-audio-control-color: #ffffff;--plyr-range-thumb-background: #ffffff;--plyr-range-fill-background: #ffffff;--plyr-audio-progress-buffered-background: rgba(220,220,220,0.35); --presto-curtain-size: 25%\">\n\t<presto-player \n\t\tpreset='{&quot;id&quot;:1,&quot;name&quot;:&quot;Default&quot;,&quot;slug&quot;:&quot;default&quot;,&quot;icon&quot;:&quot;format-audio&quot;,&quot;skin&quot;:&quot;default&quot;,&quot;rewind&quot;:true,&quot;play&quot;:true,&quot;play-large&quot;:true,&quot;fast-forward&quot;:true,&quot;progress&quot;:true,&quot;current-time&quot;:true,&quot;mute&quot;:true,&quot;volume&quot;:true,&quot;speed&quot;:true,&quot;pip&quot;:false,&quot;reset_on_end&quot;:true,&quot;save_player_position&quot;:true,&quot;sticky_scroll&quot;:false,&quot;sticky_scroll_position&quot;:&quot;bottom right&quot;,&quot;on_video_end&quot;:&quot;select&quot;,&quot;play_video_viewport&quot;:false,&quot;show_time_elapsed&quot;:false,&quot;hide_logo&quot;:&quot;0&quot;,&quot;border_radius&quot;:0,&quot;background_color&quot;:&quot;&quot;,&quot;control_color&quot;:&quot;&quot;,&quot;is_locked&quot;:true,&quot;cta&quot;:[&quot;&quot;],&quot;email_collection&quot;:[&quot;&quot;],&quot;action_bar&quot;:[&quot;&quot;],&quot;created_by&quot;:1,&quot;created_at&quot;:&quot;2026-01-05 08:20:16&quot;,&quot;updated_at&quot;:&quot;2026-01-05 08:20:16&quot;,&quot;deleted_at&quot;:&quot;&quot;,&quot;type&quot;:&quot;audio&quot;}'\n\t\tbranding='{&quot;logo&quot;:&quot;&quot;,&quot;logo_width&quot;:150,&quot;color&quot;:&quot;#000000&quot;,&quot;player_css&quot;:&quot;&quot;}'\n\t\tchapters='[]'\n\t\toverlays='[]'\n\t\ttracks='[]'\n\t\tblock-attributes='{&quot;playsInline&quot;:true,&quot;src&quot;:&quot;https:\\\/\\\/laerkeryge.maktechagency.com\\\/wp-content\\\/uploads\\\/2025\\\/12\\\/Cap-11-Normal.mp3&quot;,&quot;title&quot;:&quot;Cap-11-Normal&quot;,&quot;preset&quot;:1,&quot;id&quot;:22,&quot;attachment_id&quot;:null}'\n\t\tanalytics=''\n\t\tautomations\t\tprovider='audio'\n\t\t\t\tid=\"presto-player-2\"\n\t\tsrc=\"https:\/\/laerkeryge.maktechagency.com\/wp-content\/uploads\/2025\/12\/Cap-11-Normal.mp3\"\n\t\tmedia-title=\"Cap-11-Normal\"\n\t\tcss=\"\"\n\t\tclass=\"presto-video-id-22 presto-preset-id-1 skin-default\"\n\t\tskin=\"default\" \n\t\ticon-url=\"https:\/\/laerkeryge.maktechagency.com\/wp-content\/plugins\/presto-player\/img\/sprite.svg\" \n\t\tpreload=\"\" \n\t\tposter=\"\"\n\t\tyoutube=\"{&quot;noCookie&quot;:false,&quot;channelId&quot;:&quot;&quot;,&quot;show_count&quot;:false}\"\n\t\tprovider-video-id=\"\"\n\t\tvideo-id=\"22\"\n\t\t\t\tplaysinline \n\t\t\t\t>\n\t\t\n\n\t<\/presto-player>\n<\/figure>\t\t\t\t<\/div>\n\t\t\t\t<\/div>\n\t\t\t\t<div class=\"elementor-element elementor-element-7fc7533 elementor-widget elementor-widget-heading\" data-id=\"7fc7533\" data-element_type=\"widget\" data-widget_type=\"heading.default\">\n\t\t\t\t\t<h2 class=\"elementor-heading-title elementor-size-default\">Normal\n\n<\/h2>\t\t\t\t<\/div>\n\t\t\t\t<\/div>\n\t\t\t\t<\/div>\n\t\t\t\t<\/div>\n\t\t<div class=\"elementor-element elementor-element-42e6f70 e-con-full e-flex e-con e-child\" data-id=\"42e6f70\" data-element_type=\"container\">\n\t\t<div class=\"elementor-element elementor-element-bbc9615 e-con-full e-flex e-con e-child\" data-id=\"bbc9615\" data-element_type=\"container\">\n\t\t<div class=\"elementor-element elementor-element-17d8ccb e-con-full e-flex e-con e-child\" data-id=\"17d8ccb\" data-element_type=\"container\">\n\t\t<div class=\"elementor-element elementor-element-ce38783 e-con-full e-flex e-con e-child\" data-id=\"ce38783\" data-element_type=\"container\">\n\t\t\t\t<div class=\"elementor-element elementor-element-77b37a9 elementor-widget elementor-widget-text-editor\" data-id=\"77b37a9\" data-element_type=\"widget\" data-widget_type=\"text-editor.default\">\n\t\t\t\t\t\t\t\t\t<p><strong>Preguntas sobre el texto<\/strong><br \/>1. \u00bfA qui\u00e9n escribe Marie?<br \/>2. \u00bfQu\u00e9 ha comprado Marie para sus padres?<br \/>3. \u00bfQu\u00e9 va a echar de menos Marie?<br \/>4. \u00bfQu\u00e9 le gusta m\u00e1s de Espa\u00f1a a Marie?<br \/>5. \u00bfD\u00f3nde va a trabajar Marie?<br \/>6. \u00bfQu\u00e9 planes tiene Marie para el futuro?<br \/>7. \u00bfD\u00f3nde est\u00e1 Luis?<\/p>\t\t\t\t\t\t\t\t<\/div>\n\t\t\t\t<\/div>\n\t\t<div class=\"elementor-element elementor-element-331ef74 e-con-full e-flex e-con e-child\" data-id=\"331ef74\" data-element_type=\"container\">\n\t\t\t\t<div class=\"elementor-element elementor-element-aca7e3c elementor-widget elementor-widget-image\" data-id=\"aca7e3c\" data-element_type=\"widget\" data-widget_type=\"image.default\">\n\t\t\t\t\t\t\t\t\t\t\t\t\t\t\t\t<a href=\"https:\/\/laerkeryge.maktechagency.com\/wp-content\/uploads\/2025\/12\/Cap.11.souvenirs.png\" data-elementor-open-lightbox=\"yes\" data-e-action-hash=\"#elementor-action%3Aaction%3Dlightbox%26settings%3DeyJpZCI6NTgwNSwidXJsIjoiaHR0cHM6XC9cL2xhZXJrZXJ5Z2UubWFrdGVjaGFnZW5jeS5jb21cL3dwLWNvbnRlbnRcL3VwbG9hZHNcLzIwMjVcLzEyXC9DYXAuMTEuc291dmVuaXJzLnBuZyJ9\">\n\t\t\t\t\t\t\t<img fetchpriority=\"high\" decoding=\"async\" width=\"723\" height=\"677\" src=\"https:\/\/laerkeryge.maktechagency.com\/wp-content\/uploads\/2025\/12\/Cap.11.souvenirs.png\" class=\"attachment-full size-full wp-image-5805\" alt=\"\" srcset=\"https:\/\/laerkeryge.maktechagency.com\/wp-content\/uploads\/2025\/12\/Cap.11.souvenirs.png 723w, https:\/\/laerkeryge.maktechagency.com\/wp-content\/uploads\/2025\/12\/Cap.11.souvenirs-300x281.png 300w\" sizes=\"(max-width: 723px) 100vw, 723px\" \/>\t\t\t\t\t\t\t\t<\/a>\n\t\t\t\t\t\t\t\t\t\t\t\t\t\t\t<\/div>\n\t\t\t\t<div class=\"elementor-element elementor-element-3419895 elementor-widget elementor-widget-text-editor\" data-id=\"3419895\" data-element_type=\"widget\" data-widget_type=\"text-editor.default\">\n\t\t\t\t\t\t\t\t\t<div class=\"wpb_column vc_column_container vc_col-sm-7\"><div class=\"vc_column-inner\"><div class=\"wpb_wrapper\"><div class=\"vc_row wpb_row vc_inner vc_row-fluid vc_custom_1546602385506 vc_row-has-fill\"><div class=\"wpb_column vc_column_container vc_col-sm-12\"><div class=\"vc_column-inner\"><div class=\"wpb_wrapper\"><div class=\"wpb_text_column wpb_content_element \"><div class=\"wpb_wrapper\"><p><strong>\u200b\u00bfQu\u00e9 recuerdos compras t\u00fa en las vacaciones?<\/strong><\/p><\/div><\/div><\/div><\/div><\/div><\/div><\/div><\/div><\/div>\t\t\t\t\t\t\t\t<\/div>\n\t\t\t\t<\/div>\n\t\t\t\t<\/div>\n\t\t<div class=\"elementor-element elementor-element-843e435 e-con-full e-flex e-con e-child\" data-id=\"843e435\" data-element_type=\"container\">\n\t\t<div class=\"elementor-element elementor-element-a547e92 e-con-full e-flex e-con e-child\" data-id=\"a547e92\" data-element_type=\"container\">\n\t\t\t\t<div class=\"elementor-element elementor-element-6d1d113 elementor-widget elementor-widget-text-editor\" data-id=\"6d1d113\" data-element_type=\"widget\" data-widget_type=\"text-editor.default\">\n\t\t\t\t\t\t\t\t\t<p><strong>Entrenamiento de vocabulario\u00a0<\/strong><br \/>Lista completa.\u00a0Pulse<strong>\u00a0<a href=\"https:\/\/quizlet.com\/_3rjkm0\" target=\"_blank\" rel=\"noopener noreferrer\">aqu\u00ed<\/a><\/strong><br \/>Lista reducida. Pulse\u00a0<strong><a href=\"https:\/\/quizlet.com\/_50fya9\" target=\"_blank\" rel=\"noopener noreferrer\">aqu\u00ed<\/a><\/strong><\/p>\t\t\t\t\t\t\t\t<\/div>\n\t\t\t\t<\/div>\n\t\t<div class=\"elementor-element elementor-element-6341323 e-con-full e-flex e-con e-child\" data-id=\"6341323\" data-element_type=\"container\">\n\t\t\t\t<div class=\"elementor-element elementor-element-3cf4b05 elementor-widget elementor-widget-text-editor\" data-id=\"3cf4b05\" data-element_type=\"widget\" data-widget_type=\"text-editor.default\">\n\t\t\t\t\t\t\t\t\t<p><strong>Vocabulario para el texto<\/strong><br \/>despedida (f): afsked<br \/>\u00faltimo: sidste<br \/>acabar de + infinitiv: lige at have gjort noget<br \/>hacer la maleta: at pakke kufferten<br \/>lleno: fyldt<br \/>regalo (m): gave<br \/>dulce: s\u00f8d<br \/>camiseta (f): t-shirt<br \/>conocer: at l\u00e6re at kende<br \/>mejorar: at blive bedre<br \/>much\u00edsimo: rigtigt meget<br \/>aprender: at l\u00e6re<br \/>\u200bpor supuesto: selvf\u00f8lgelig<br \/>echar de menos: at savne<br \/>risa (f): grin<br \/>acompa\u00f1ar: at f\u00f8lge<br \/>preguntar: at sp\u00f8rge<br \/>franqueza (f): \u00e5benhjertighed<br \/>al lado: ved siden af<br \/>detr\u00e1s de: bag ved<br \/>cola (f): k\u00f8<br \/>algo: noget<br \/>llevar: at tage med<br \/>la semana que viene: i n\u00e6ste uge<br \/>empezar\/ie\/: at begynde<br \/>guarder\u00eda (f): b\u00f8rnehave<br \/>ahorrar: at spare op<br \/>volver\/ue\/: at vende tilbage<br \/>ofrecer: at tilbyde<br \/>a lo mejor: m\u00e5ske<br \/>maestra (f): l\u00e6rerinde<br \/>\u200babrazo (m): knus<\/p>\t\t\t\t\t\t\t\t<\/div>\n\t\t\t\t<\/div>\n\t\t\t\t<\/div>\n\t\t\t\t<\/div>\n\t\t\t\t<\/div>\n\t\t<div class=\"elementor-element elementor-element-993915d e-con-full e-flex e-con e-child\" data-id=\"993915d\" data-element_type=\"container\">\n\t\t\t\t<div class=\"elementor-element elementor-element-d7c605e elementor-widget elementor-widget-text-editor\" data-id=\"d7c605e\" data-element_type=\"widget\" data-widget_type=\"text-editor.default\">\n\t\t\t\t\t\t\t\t\t<p><strong>Quiz para el texto<\/strong><strong>.<\/strong>\u00a0Pulse<strong>\u00a0<\/strong><strong><a href=\"http:\/\/www.quia.com\/quiz\/6502042.html\" target=\"_blank\" rel=\"noopener noreferrer\">aqu\u00ed<\/a><\/strong><\/p>\t\t\t\t\t\t\t\t<\/div>\n\t\t\t\t<\/div>\n\t\t\t\t<\/div>\n\t\t\t\t<\/div>\n\t\t","protected":false},"excerpt":{"rendered":"<p>EMAIL: La despedida de: Marie Jensen &lt;mariejensen99@gmail.compara: Luis Puig Martinez &lt;lpmartinez@gmail.comfecha: El 31 de julio de 2017, 20.45asunto: Adi\u00f3s Querido [&hellip;]<\/p>\n","protected":false},"author":1,"featured_media":0,"parent":0,"menu_order":0,"comment_status":"closed","ping_status":"closed","template":"elementor_header_footer","meta":{"site-sidebar-layout":"no-sidebar","site-content-layout":"","ast-site-content-layout":"full-width-container","site-content-style":"default","site-sidebar-style":"default","ast-global-header-display":"","ast-banner-title-visibility":"","ast-main-header-display":"","ast-hfb-above-header-display":"","ast-hfb-below-header-display":"","ast-hfb-mobile-header-display":"","site-post-title":"","ast-breadcrumbs-content":"","ast-featured-img":"disabled","footer-sml-layout":"","ast-disable-related-posts":"","theme-transparent-header-meta":"","adv-header-id-meta":"","stick-header-meta":"","header-above-stick-meta":"","header-main-stick-meta":"","header-below-stick-meta":"","astra-migrate-meta-layouts":"default","ast-page-background-enabled":"default","ast-page-background-meta":{"desktop":{"background-color":"var(--ast-global-color-5)","background-image":"","background-repeat":"repeat","background-position":"center center","background-size":"auto","background-attachment":"scroll","background-type":"","background-media":"","overlay-type":"","overlay-color":"","overlay-opacity":"","overlay-gradient":""},"tablet":{"background-color":"","background-image":"","background-repeat":"repeat","background-position":"center center","background-size":"auto","background-attachment":"scroll","background-type":"","background-media":"","overlay-type":"","overlay-color":"","overlay-opacity":"","overlay-gradient":""},"mobile":{"background-color":"","background-image":"","background-repeat":"repeat","background-position":"center center","background-size":"auto","background-attachment":"scroll","background-type":"","background-media":"","overlay-type":"","overlay-color":"","overlay-opacity":"","overlay-gradient":""}},"ast-content-background-meta":{"desktop":{"background-color":"var(--ast-global-color-4)","background-image":"","background-repeat":"repeat","background-position":"center center","background-size":"auto","background-attachment":"scroll","background-type":"","background-media":"","overlay-type":"","overlay-color":"","overlay-opacity":"","overlay-gradient":""},"tablet":{"background-color":"var(--ast-global-color-4)","background-image":"","background-repeat":"repeat","background-position":"center center","background-size":"auto","background-attachment":"scroll","background-type":"","background-media":"","overlay-type":"","overlay-color":"","overlay-opacity":"","overlay-gradient":""},"mobile":{"background-color":"var(--ast-global-color-4)","background-image":"","background-repeat":"repeat","background-position":"center center","background-size":"auto","background-attachment":"scroll","background-type":"","background-media":"","overlay-type":"","overlay-color":"","overlay-opacity":"","overlay-gradient":""}},"footnotes":""},"class_list":["post-61","page","type-page","status-publish","hentry"],"_links":{"self":[{"href":"https:\/\/laerkeryge.maktechagency.com\/index.php\/wp-json\/wp\/v2\/pages\/61","targetHints":{"allow":["GET"]}}],"collection":[{"href":"https:\/\/laerkeryge.maktechagency.com\/index.php\/wp-json\/wp\/v2\/pages"}],"about":[{"href":"https:\/\/laerkeryge.maktechagency.com\/index.php\/wp-json\/wp\/v2\/types\/page"}],"author":[{"embeddable":true,"href":"https:\/\/laerkeryge.maktechagency.com\/index.php\/wp-json\/wp\/v2\/users\/1"}],"replies":[{"embeddable":true,"href":"https:\/\/laerkeryge.maktechagency.com\/index.php\/wp-json\/wp\/v2\/comments?post=61"}],"version-history":[{"count":124,"href":"https:\/\/laerkeryge.maktechagency.com\/index.php\/wp-json\/wp\/v2\/pages\/61\/revisions"}],"predecessor-version":[{"id":9203,"href":"https:\/\/laerkeryge.maktechagency.com\/index.php\/wp-json\/wp\/v2\/pages\/61\/revisions\/9203"}],"wp:attachment":[{"href":"https:\/\/laerkeryge.maktechagency.com\/index.php\/wp-json\/wp\/v2\/media?parent=61"}],"curies":[{"name":"wp","href":"https:\/\/api.w.org\/{rel}","templated":true}]}}