{"id":59,"date":"2025-12-20T08:00:29","date_gmt":"2025-12-20T08:00:29","guid":{"rendered":"https:\/\/laerkeryge.maktechagency.com\/?page_id=59"},"modified":"2026-01-15T04:21:12","modified_gmt":"2026-01-15T04:21:12","slug":"cap-10","status":"publish","type":"page","link":"https:\/\/laerkeryge.maktechagency.com\/index.php\/cap-10\/","title":{"rendered":"Cap 10"},"content":{"rendered":"\t\t<div data-elementor-type=\"wp-page\" data-elementor-id=\"59\" class=\"elementor elementor-59\" data-elementor-post-type=\"page\">\n\t\t\t\t<div class=\"elementor-element elementor-element-c256635 e-con-full e-flex e-con e-parent\" data-id=\"c256635\" data-element_type=\"container\" data-settings=\"{&quot;background_background&quot;:&quot;classic&quot;}\">\n\t\t\t\t<\/div>\n\t\t<div class=\"elementor-element elementor-element-ae28787 e-con-full e-flex e-con e-parent\" data-id=\"ae28787\" data-element_type=\"container\">\n\t\t<div class=\"elementor-element elementor-element-112c3f3 e-con-full e-flex e-con e-child\" data-id=\"112c3f3\" data-element_type=\"container\">\n\t\t\t\t<div class=\"elementor-element elementor-element-0713f0a elementor-widget elementor-widget-heading\" data-id=\"0713f0a\" data-element_type=\"widget\" data-widget_type=\"heading.default\">\n\t\t\t\t\t<h2 class=\"elementor-heading-title elementor-size-default\">DAGBOG: El viaje a Barcelona\n\n<\/h2>\t\t\t\t<\/div>\n\t\t\t\t<div class=\"elementor-element elementor-element-a649cb6 elementor-widget elementor-widget-text-editor\" data-id=\"a649cb6\" data-element_type=\"widget\" data-widget_type=\"text-editor.default\">\n\t\t\t\t\t\t\t\t\t<p>M\u00e1laga, 26 de julio a las diez y media de la noche.<\/p>\t\t\t\t\t\t\t\t<\/div>\n\t\t\t\t<div class=\"elementor-element elementor-element-c6493ac elementor-widget elementor-widget-text-editor\" data-id=\"c6493ac\" data-element_type=\"widget\" data-widget_type=\"text-editor.default\">\n\t\t\t\t\t\t\t\t\t<p>Acabo de volver de Barcelona despu\u00e9s de pasar tres d\u00edas en la ciudad con Hannah. Es bastante f\u00e1cil encontrar billetes baratos en un tren \u201cde alta velocidad\u201d que se llama AVE. \u00a1El viaje dura solamente 6 horas! Es casi como viajar en avi\u00f3n y he disfrutado de ver los cambios del paisaje. La naturaleza en el sur es muy diferente a la naturaleza en el norte.<\/p>\t\t\t\t\t\t\t\t<\/div>\n\t\t\t\t<div class=\"elementor-element elementor-element-d1635f6 elementor-widget elementor-widget-text-editor\" data-id=\"d1635f6\" data-element_type=\"widget\" data-widget_type=\"text-editor.default\">\n\t\t\t\t\t\t\t\t\t<p>Han sido unos d\u00edas interesantes pero tambi\u00e9n estoy muy cansada ahora. A Hannah no le gusta gastar mucho dinero en un hotel por eso hemos vivido en una peque\u00f1a habitaci\u00f3n privada. Ha sido muy intenso vivir as\u00ed. Pero bueno\u2026 he sobrevivido. Por suerte nos llevamos muy bien Hannah y yo.<\/p>\t\t\t\t\t\t\t\t<\/div>\n\t\t\t\t<div class=\"elementor-element elementor-element-ed6e09f elementor-widget elementor-widget-text-editor\" data-id=\"ed6e09f\" data-element_type=\"widget\" data-widget_type=\"text-editor.default\">\n\t\t\t\t\t\t\t\t\t<p>Barcelona me ha sorprendido mucho. Por un lado todo es muy espa\u00f1ol, pero por otro lado el pulso de la ciudad es diferente al pulso malague\u00f1o. Hay muchas atracciones interesantes en Barcelona. Especialmente, me encantan el Parc G\u00fcell y La Sagrada Familia que Antonio Gaud\u00ed ha creado.<\/p>\t\t\t\t\t\t\t\t<\/div>\n\t\t\t\t<div class=\"elementor-element elementor-element-02e59a7 elementor-widget elementor-widget-text-editor\" data-id=\"02e59a7\" data-element_type=\"widget\" data-widget_type=\"text-editor.default\">\n\t\t\t\t\t\t\t\t\t<p>Tambi\u00e9n se nota en todos los lugares que mucha gente se siente catalana. Hay banderas catalanas en los balcones que dan a las calles y hay mucho grafiti con declaraciones catalanas en esta ciudad. Esto\u00a0me ha sorprendido mucho. Mi amigo Luis es de Barcelona originalmente y ahora estudia en M\u00e1laga. \u00c9l me dice que es muy complicado ser catal\u00e1n actualmente y no quiere hablar mucho de este asunto. Creo que se siente dividido.<\/p>\t\t\t\t\t\t\t\t<\/div>\n\t\t\t\t<div class=\"elementor-element elementor-element-7ba9312 elementor-widget elementor-widget-text-editor\" data-id=\"7ba9312\" data-element_type=\"widget\" data-widget_type=\"text-editor.default\">\n\t\t\t\t\t\t\t\t\t<p>Tambi\u00e9n hemos ido de compras. Hay muchas tiendas de ropa y he gastado mucho dinero y ahora tengo una maleta demasiado llena. La mayor\u00eda de las cosas son m\u00e1s caras que en M\u00e1laga. He comprado pantalones, sandalias, una rebeca y unos pendientes preciosos. Tambi\u00e9n he comprado un vestido de color plata que es incre\u00edble. Lo voy a guardar para la nochevieja.<\/p>\t\t\t\t\t\t\t\t<\/div>\n\t\t\t\t<div class=\"elementor-element elementor-element-e2ff8d3 elementor-widget elementor-widget-text-editor\" data-id=\"e2ff8d3\" data-element_type=\"widget\" data-widget_type=\"text-editor.default\">\n\t\t\t\t\t\t\t\t\t<p>Hasta ma\u00f1ana.<\/p>\t\t\t\t\t\t\t\t<\/div>\n\t\t\t\t<\/div>\n\t\t<div class=\"elementor-element elementor-element-1b8a586 e-con-full e-flex e-con e-child\" data-id=\"1b8a586\" data-element_type=\"container\">\n\t\t<div class=\"elementor-element elementor-element-565fdcd e-con-full e-flex e-con e-child\" data-id=\"565fdcd\" data-element_type=\"container\">\n\t\t\t\t<div class=\"elementor-element elementor-element-bdca79e elementor-widget elementor-widget-presto_video\" data-id=\"bdca79e\" data-element_type=\"widget\" data-widget_type=\"presto_video.default\">\n\t\t\t\t<div class=\"elementor-widget-container\">\n\t\t\t\t\t<!--presto-player:video_id=19--><figure class=\"wp-block-video presto-block-video  presto-provider-audio\" style=\"--plyr-color-main: var(--presto-player-highlight-color, #000000); --presto-player-logo-width: 150px; --plyr-audio-controls-background: #000000;--plyr-audio-control-color: #ffffff;--plyr-range-thumb-background: #ffffff;--plyr-range-fill-background: #ffffff;--plyr-audio-progress-buffered-background: rgba(220,220,220,0.35); --presto-curtain-size: 25%\">\n\t<presto-player \n\t\tpreset='{&quot;id&quot;:1,&quot;name&quot;:&quot;Default&quot;,&quot;slug&quot;:&quot;default&quot;,&quot;icon&quot;:&quot;format-audio&quot;,&quot;skin&quot;:&quot;default&quot;,&quot;rewind&quot;:true,&quot;play&quot;:true,&quot;play-large&quot;:true,&quot;fast-forward&quot;:true,&quot;progress&quot;:true,&quot;current-time&quot;:true,&quot;mute&quot;:true,&quot;volume&quot;:true,&quot;speed&quot;:true,&quot;pip&quot;:false,&quot;reset_on_end&quot;:true,&quot;save_player_position&quot;:true,&quot;sticky_scroll&quot;:false,&quot;sticky_scroll_position&quot;:&quot;bottom right&quot;,&quot;on_video_end&quot;:&quot;select&quot;,&quot;play_video_viewport&quot;:false,&quot;show_time_elapsed&quot;:false,&quot;hide_logo&quot;:&quot;0&quot;,&quot;border_radius&quot;:0,&quot;background_color&quot;:&quot;&quot;,&quot;control_color&quot;:&quot;&quot;,&quot;is_locked&quot;:true,&quot;cta&quot;:[&quot;&quot;],&quot;email_collection&quot;:[&quot;&quot;],&quot;action_bar&quot;:[&quot;&quot;],&quot;created_by&quot;:1,&quot;created_at&quot;:&quot;2026-01-05 08:20:16&quot;,&quot;updated_at&quot;:&quot;2026-01-05 08:20:16&quot;,&quot;deleted_at&quot;:&quot;&quot;,&quot;type&quot;:&quot;audio&quot;}'\n\t\tbranding='{&quot;logo&quot;:&quot;&quot;,&quot;logo_width&quot;:150,&quot;color&quot;:&quot;#000000&quot;,&quot;player_css&quot;:&quot;&quot;}'\n\t\tchapters='[]'\n\t\toverlays='[]'\n\t\ttracks='[]'\n\t\tblock-attributes='{&quot;playsInline&quot;:true,&quot;src&quot;:&quot;https:\\\/\\\/laerkeryge.maktechagency.com\\\/wp-content\\\/uploads\\\/2025\\\/12\\\/Cap-10-Lento.mp3&quot;,&quot;title&quot;:&quot;Cap-10-Lento&quot;,&quot;preset&quot;:1,&quot;id&quot;:19,&quot;attachment_id&quot;:null}'\n\t\tanalytics=''\n\t\tautomations\t\tprovider='audio'\n\t\t\t\tid=\"presto-player-1\"\n\t\tsrc=\"https:\/\/laerkeryge.maktechagency.com\/wp-content\/uploads\/2025\/12\/Cap-10-Lento.mp3\"\n\t\tmedia-title=\"Cap-10-Lento\"\n\t\tcss=\"\"\n\t\tclass=\"presto-video-id-19 presto-preset-id-1 skin-default\"\n\t\tskin=\"default\" \n\t\ticon-url=\"https:\/\/laerkeryge.maktechagency.com\/wp-content\/plugins\/presto-player\/img\/sprite.svg\" \n\t\tpreload=\"\" \n\t\tposter=\"\"\n\t\tyoutube=\"{&quot;noCookie&quot;:false,&quot;channelId&quot;:&quot;&quot;,&quot;show_count&quot;:false}\"\n\t\tprovider-video-id=\"\"\n\t\tvideo-id=\"19\"\n\t\t\t\tplaysinline \n\t\t\t\t>\n\t\t\n\n\t<\/presto-player>\n<\/figure>\t\t\t\t<\/div>\n\t\t\t\t<\/div>\n\t\t\t\t<div class=\"elementor-element elementor-element-f9f0f42 elementor-widget elementor-widget-heading\" data-id=\"f9f0f42\" data-element_type=\"widget\" data-widget_type=\"heading.default\">\n\t\t\t\t\t<h2 class=\"elementor-heading-title elementor-size-default\">Lento\n\n<\/h2>\t\t\t\t<\/div>\n\t\t\t\t<\/div>\n\t\t<div class=\"elementor-element elementor-element-a60237c e-con-full e-flex e-con e-child\" data-id=\"a60237c\" data-element_type=\"container\">\n\t\t<div class=\"elementor-element elementor-element-5c26da0 e-con-full e-flex e-con e-child\" data-id=\"5c26da0\" data-element_type=\"container\">\n\t\t\t\t<div class=\"elementor-element elementor-element-e026143 elementor-widget elementor-widget-presto_video\" data-id=\"e026143\" data-element_type=\"widget\" data-widget_type=\"presto_video.default\">\n\t\t\t\t<div class=\"elementor-widget-container\">\n\t\t\t\t\t<!--presto-player:video_id=20--><figure class=\"wp-block-video presto-block-video  presto-provider-audio\" style=\"--plyr-color-main: var(--presto-player-highlight-color, #000000); --presto-player-logo-width: 150px; --plyr-audio-controls-background: #000000;--plyr-audio-control-color: #ffffff;--plyr-range-thumb-background: #ffffff;--plyr-range-fill-background: #ffffff;--plyr-audio-progress-buffered-background: rgba(220,220,220,0.35); --presto-curtain-size: 25%\">\n\t<presto-player \n\t\tpreset='{&quot;id&quot;:1,&quot;name&quot;:&quot;Default&quot;,&quot;slug&quot;:&quot;default&quot;,&quot;icon&quot;:&quot;format-audio&quot;,&quot;skin&quot;:&quot;default&quot;,&quot;rewind&quot;:true,&quot;play&quot;:true,&quot;play-large&quot;:true,&quot;fast-forward&quot;:true,&quot;progress&quot;:true,&quot;current-time&quot;:true,&quot;mute&quot;:true,&quot;volume&quot;:true,&quot;speed&quot;:true,&quot;pip&quot;:false,&quot;reset_on_end&quot;:true,&quot;save_player_position&quot;:true,&quot;sticky_scroll&quot;:false,&quot;sticky_scroll_position&quot;:&quot;bottom right&quot;,&quot;on_video_end&quot;:&quot;select&quot;,&quot;play_video_viewport&quot;:false,&quot;show_time_elapsed&quot;:false,&quot;hide_logo&quot;:&quot;0&quot;,&quot;border_radius&quot;:0,&quot;background_color&quot;:&quot;&quot;,&quot;control_color&quot;:&quot;&quot;,&quot;is_locked&quot;:true,&quot;cta&quot;:[&quot;&quot;],&quot;email_collection&quot;:[&quot;&quot;],&quot;action_bar&quot;:[&quot;&quot;],&quot;created_by&quot;:1,&quot;created_at&quot;:&quot;2026-01-05 08:20:16&quot;,&quot;updated_at&quot;:&quot;2026-01-05 08:20:16&quot;,&quot;deleted_at&quot;:&quot;&quot;,&quot;type&quot;:&quot;audio&quot;}'\n\t\tbranding='{&quot;logo&quot;:&quot;&quot;,&quot;logo_width&quot;:150,&quot;color&quot;:&quot;#000000&quot;,&quot;player_css&quot;:&quot;&quot;}'\n\t\tchapters='[]'\n\t\toverlays='[]'\n\t\ttracks='[]'\n\t\tblock-attributes='{&quot;playsInline&quot;:true,&quot;src&quot;:&quot;https:\\\/\\\/laerkeryge.maktechagency.com\\\/wp-content\\\/uploads\\\/2025\\\/12\\\/Cap-10-Normal.mp3&quot;,&quot;title&quot;:&quot;Cap-10-Normal&quot;,&quot;preset&quot;:1,&quot;id&quot;:20,&quot;attachment_id&quot;:null}'\n\t\tanalytics=''\n\t\tautomations\t\tprovider='audio'\n\t\t\t\tid=\"presto-player-2\"\n\t\tsrc=\"https:\/\/laerkeryge.maktechagency.com\/wp-content\/uploads\/2025\/12\/Cap-10-Normal.mp3\"\n\t\tmedia-title=\"Cap-10-Normal\"\n\t\tcss=\"\"\n\t\tclass=\"presto-video-id-20 presto-preset-id-1 skin-default\"\n\t\tskin=\"default\" \n\t\ticon-url=\"https:\/\/laerkeryge.maktechagency.com\/wp-content\/plugins\/presto-player\/img\/sprite.svg\" \n\t\tpreload=\"\" \n\t\tposter=\"\"\n\t\tyoutube=\"{&quot;noCookie&quot;:false,&quot;channelId&quot;:&quot;&quot;,&quot;show_count&quot;:false}\"\n\t\tprovider-video-id=\"\"\n\t\tvideo-id=\"20\"\n\t\t\t\tplaysinline \n\t\t\t\t>\n\t\t\n\n\t<\/presto-player>\n<\/figure>\t\t\t\t<\/div>\n\t\t\t\t<\/div>\n\t\t\t\t<div class=\"elementor-element elementor-element-e59622b elementor-widget elementor-widget-heading\" data-id=\"e59622b\" data-element_type=\"widget\" data-widget_type=\"heading.default\">\n\t\t\t\t\t<h2 class=\"elementor-heading-title elementor-size-default\">Normal\n\n<\/h2>\t\t\t\t<\/div>\n\t\t\t\t<\/div>\n\t\t\t\t<\/div>\n\t\t\t\t<\/div>\n\t\t<div class=\"elementor-element elementor-element-0d2b3de e-con-full e-flex e-con e-child\" data-id=\"0d2b3de\" data-element_type=\"container\">\n\t\t<div class=\"elementor-element elementor-element-f5e241b e-con-full e-flex e-con e-child\" data-id=\"f5e241b\" data-element_type=\"container\">\n\t\t<div class=\"elementor-element elementor-element-6189293 e-con-full e-flex e-con e-child\" data-id=\"6189293\" data-element_type=\"container\">\n\t\t<div class=\"elementor-element elementor-element-0a11939 e-con-full e-flex e-con e-child\" data-id=\"0a11939\" data-element_type=\"container\">\n\t\t\t\t<div class=\"elementor-element elementor-element-239ce09 elementor-widget elementor-widget-text-editor\" data-id=\"239ce09\" data-element_type=\"widget\" data-widget_type=\"text-editor.default\">\n\t\t\t\t\t\t\t\t\t<p><strong>Preguntas sobre el texto<\/strong><br \/>a. \u00bfCu\u00e1ntos d\u00edas ha pasado Marie en Barcelona?<br \/>b. \u00bfEn qu\u00e9 medio de transporte ha viajado?<br \/>c. \u00bfPor qu\u00e9 le gusta viajar as\u00ed?<br \/>d. \u00bfPor qu\u00e9 ha sido intenso vivir en Barcelona?<br \/>e. \u00bfPor qu\u00e9 no quiere hablar Luis sobre el conflicto catal\u00e1n?<br \/>f. \u00bfQu\u00e9 cosas ha comprado Marie en Barcelona?<br \/>g. \u00bfQu\u00e9 va a llevar Marie para nochevieja?<\/p>\t\t\t\t\t\t\t\t<\/div>\n\t\t\t\t<\/div>\n\t\t<div class=\"elementor-element elementor-element-a4d48e4 e-con-full e-grid e-con e-child\" data-id=\"a4d48e4\" data-element_type=\"container\">\n\t\t<div class=\"elementor-element elementor-element-83ac9ae e-con-full e-flex e-con e-child\" data-id=\"83ac9ae\" data-element_type=\"container\">\n\t\t\t\t<div class=\"elementor-element elementor-element-5e45a8e elementor-widget elementor-widget-image\" data-id=\"5e45a8e\" data-element_type=\"widget\" data-widget_type=\"image.default\">\n\t\t\t\t\t\t\t\t\t\t\t\t\t\t\t\t<a href=\"https:\/\/laerkeryge.maktechagency.com\/wp-content\/uploads\/2025\/12\/Photo-1-ORIGINAL-2-1024x768-1.webp\" data-elementor-open-lightbox=\"yes\" data-e-action-hash=\"#elementor-action%3Aaction%3Dlightbox%26settings%3DeyJpZCI6NTYzMSwidXJsIjoiaHR0cHM6XC9cL2xhZXJrZXJ5Z2UubWFrdGVjaGFnZW5jeS5jb21cL3dwLWNvbnRlbnRcL3VwbG9hZHNcLzIwMjVcLzEyXC9QaG90by0xLU9SSUdJTkFMLTItMTAyNHg3NjgtMS53ZWJwIn0%3D\">\n\t\t\t\t\t\t\t<img fetchpriority=\"high\" decoding=\"async\" width=\"1024\" height=\"768\" src=\"https:\/\/laerkeryge.maktechagency.com\/wp-content\/uploads\/2025\/12\/Photo-1-ORIGINAL-2-1024x768-1.webp\" class=\"attachment-full size-full wp-image-5631\" alt=\"\" srcset=\"https:\/\/laerkeryge.maktechagency.com\/wp-content\/uploads\/2025\/12\/Photo-1-ORIGINAL-2-1024x768-1.webp 1024w, https:\/\/laerkeryge.maktechagency.com\/wp-content\/uploads\/2025\/12\/Photo-1-ORIGINAL-2-1024x768-1-300x225.webp 300w, https:\/\/laerkeryge.maktechagency.com\/wp-content\/uploads\/2025\/12\/Photo-1-ORIGINAL-2-1024x768-1-768x576.webp 768w\" sizes=\"(max-width: 1024px) 100vw, 1024px\" \/>\t\t\t\t\t\t\t\t<\/a>\n\t\t\t\t\t\t\t\t\t\t\t\t\t\t\t<\/div>\n\t\t\t\t<\/div>\n\t\t<div class=\"elementor-element elementor-element-0ef13d0 e-con-full e-flex e-con e-child\" data-id=\"0ef13d0\" data-element_type=\"container\">\n\t\t\t\t<div class=\"elementor-element elementor-element-88cd10a elementor-widget elementor-widget-image\" data-id=\"88cd10a\" data-element_type=\"widget\" data-widget_type=\"image.default\">\n\t\t\t\t\t\t\t\t\t\t\t\t\t\t\t\t<a href=\"https:\/\/laerkeryge.maktechagency.com\/wp-content\/uploads\/2025\/12\/Photo-2-1.webp\" data-elementor-open-lightbox=\"yes\" data-e-action-hash=\"#elementor-action%3Aaction%3Dlightbox%26settings%3DeyJpZCI6NTYzMiwidXJsIjoiaHR0cHM6XC9cL2xhZXJrZXJ5Z2UubWFrdGVjaGFnZW5jeS5jb21cL3dwLWNvbnRlbnRcL3VwbG9hZHNcLzIwMjVcLzEyXC9QaG90by0yLTEud2VicCJ9\">\n\t\t\t\t\t\t\t<img decoding=\"async\" width=\"831\" height=\"616\" src=\"https:\/\/laerkeryge.maktechagency.com\/wp-content\/uploads\/2025\/12\/Photo-2-1.webp\" class=\"attachment-full size-full wp-image-5632\" alt=\"\" srcset=\"https:\/\/laerkeryge.maktechagency.com\/wp-content\/uploads\/2025\/12\/Photo-2-1.webp 831w, https:\/\/laerkeryge.maktechagency.com\/wp-content\/uploads\/2025\/12\/Photo-2-1-300x222.webp 300w, https:\/\/laerkeryge.maktechagency.com\/wp-content\/uploads\/2025\/12\/Photo-2-1-768x569.webp 768w\" sizes=\"(max-width: 831px) 100vw, 831px\" \/>\t\t\t\t\t\t\t\t<\/a>\n\t\t\t\t\t\t\t\t\t\t\t\t\t\t\t<\/div>\n\t\t\t\t<\/div>\n\t\t<div class=\"elementor-element elementor-element-e726733 e-con-full e-flex e-con e-child\" data-id=\"e726733\" data-element_type=\"container\">\n\t\t\t\t<div class=\"elementor-element elementor-element-9aa3ad1 elementor-widget elementor-widget-image\" data-id=\"9aa3ad1\" data-element_type=\"widget\" data-widget_type=\"image.default\">\n\t\t\t\t\t\t\t\t\t\t\t\t\t\t\t\t<a href=\"https:\/\/laerkeryge.maktechagency.com\/wp-content\/uploads\/2025\/12\/Photo-3-ORIGINAL-1-1024x768-1.webp\" data-elementor-open-lightbox=\"yes\" data-e-action-hash=\"#elementor-action%3Aaction%3Dlightbox%26settings%3DeyJpZCI6NTYzMywidXJsIjoiaHR0cHM6XC9cL2xhZXJrZXJ5Z2UubWFrdGVjaGFnZW5jeS5jb21cL3dwLWNvbnRlbnRcL3VwbG9hZHNcLzIwMjVcLzEyXC9QaG90by0zLU9SSUdJTkFMLTEtMTAyNHg3NjgtMS53ZWJwIn0%3D\">\n\t\t\t\t\t\t\t<img decoding=\"async\" width=\"1024\" height=\"768\" src=\"https:\/\/laerkeryge.maktechagency.com\/wp-content\/uploads\/2025\/12\/Photo-3-ORIGINAL-1-1024x768-1.webp\" class=\"attachment-full size-full wp-image-5633\" alt=\"\" srcset=\"https:\/\/laerkeryge.maktechagency.com\/wp-content\/uploads\/2025\/12\/Photo-3-ORIGINAL-1-1024x768-1.webp 1024w, https:\/\/laerkeryge.maktechagency.com\/wp-content\/uploads\/2025\/12\/Photo-3-ORIGINAL-1-1024x768-1-300x225.webp 300w, https:\/\/laerkeryge.maktechagency.com\/wp-content\/uploads\/2025\/12\/Photo-3-ORIGINAL-1-1024x768-1-768x576.webp 768w\" sizes=\"(max-width: 1024px) 100vw, 1024px\" \/>\t\t\t\t\t\t\t\t<\/a>\n\t\t\t\t\t\t\t\t\t\t\t\t\t\t\t<\/div>\n\t\t\t\t<\/div>\n\t\t\t\t<\/div>\n\t\t<div class=\"elementor-element elementor-element-ed03392 e-con-full e-flex e-con e-child\" data-id=\"ed03392\" data-element_type=\"container\">\n\t\t\t\t<div class=\"elementor-element elementor-element-221b191 elementor-widget elementor-widget-text-editor\" data-id=\"221b191\" data-element_type=\"widget\" data-widget_type=\"text-editor.default\">\n\t\t\t\t\t\t\t\t\t<p>\u200b<strong>\u00bfCu\u00e1l es la diferencia?\u00a0<\/strong><\/p>\t\t\t\t\t\t\t\t<\/div>\n\t\t\t\t<div class=\"elementor-element elementor-element-d22bbc3 elementor-widget elementor-widget-text-editor\" data-id=\"d22bbc3\" data-element_type=\"widget\" data-widget_type=\"text-editor.default\">\n\t\t\t\t\t\t\t\t\t<p>Forklar overs\u00e6ttelsen p\u00e5 dansk uden at bruge den korrekte danske glose.<br \/>\u200bponerse pantalones \u2013 llevar pantalones<br \/>bastante f\u00e1cil \u2013 demasiado f\u00e1cil<\/p>\t\t\t\t\t\t\t\t<\/div>\n\t\t\t\t<div class=\"elementor-element elementor-element-1e014fd elementor-widget elementor-widget-text-editor\" data-id=\"1e014fd\" data-element_type=\"widget\" data-widget_type=\"text-editor.default\">\n\t\t\t\t\t\t\t\t\t<p>Forklar ordet p\u00e5 spansk uden at bruge den korrekte spansk glose.<br \/>comprar \u2013 vender<br \/>interesante \u2013 aburrido<br \/>trabajar \u2013 estudiar<\/p>\t\t\t\t\t\t\t\t<\/div>\n\t\t\t\t<\/div>\n\t\t\t\t<\/div>\n\t\t<div class=\"elementor-element elementor-element-d0d6439 e-con-full e-flex e-con e-child\" data-id=\"d0d6439\" data-element_type=\"container\">\n\t\t<div class=\"elementor-element elementor-element-08e19b0 e-con-full e-flex e-con e-child\" data-id=\"08e19b0\" data-element_type=\"container\">\n\t\t\t\t<div class=\"elementor-element elementor-element-9f69562 elementor-widget elementor-widget-text-editor\" data-id=\"9f69562\" data-element_type=\"widget\" data-widget_type=\"text-editor.default\">\n\t\t\t\t\t\t\t\t\t<p><strong>Entrenamiento de vocabulari<\/strong><strong>o<\/strong><br \/>Lista completa. Pulse\u00a0<strong><a href=\"https:\/\/quizlet.com\/_3w9iay\" target=\"_blank\" rel=\"noopener noreferrer\">aqu\u00ed<\/a>\u00a0<\/strong><br \/><strong><a href=\"https:\/\/quizlet.com\/_3lcuzo\" target=\"_blank\" rel=\"noopener noreferrer\">\u200b<\/a><\/strong>Lista reducida. Pulse\u00a0<strong><a href=\"https:\/\/quizlet.com\/_50fzji\" target=\"_blank\" rel=\"noopener noreferrer\">aqu\u00ed<\/a><\/strong><\/p>\t\t\t\t\t\t\t\t<\/div>\n\t\t\t\t<\/div>\n\t\t<div class=\"elementor-element elementor-element-060e49a e-con-full e-flex e-con e-child\" data-id=\"060e49a\" data-element_type=\"container\">\n\t\t\t\t<div class=\"elementor-element elementor-element-b8b161c elementor-widget elementor-widget-text-editor\" data-id=\"b8b161c\" data-element_type=\"widget\" data-widget_type=\"text-editor.default\">\n\t\t\t\t\t\t\t\t\t<p><strong>Vocabulario para el texto<\/strong><br \/>acabar de + infinitiv: lige at have gjort noget<br \/>volver\/ue\/: at vende tilbage<br \/>pasar: at tilbringe<br \/>bastante: temmelig<br \/>tren (m): tog<br \/>velocidad (f): hastighed<br \/>durar: at vare<br \/>casi: n\u00e6sten<br \/>avi\u00f3n (m): fly<br \/>disfrutar: at nyde<br \/>cambio (m): \u00e6ndring<br \/>paisaje (m): landskab<br \/>cansado: tr\u00e6t<br \/>gastar dinero: at bruge penge<br \/>sobrevivir: at overleve<br \/>por suerte: heldigvis<br \/>llevarse muy bien: at have det meget godt sammen<br \/>sorprender: at overraske<br \/>lugar (m): sted<br \/>sentirse\/ie\/: at f\u00f8le sig<br \/>bandera (f): flag<br \/>dar a: at vende ud mod<br \/>asunto (m): tema<br \/>tienda de ropa (f): t\u00f8jbutik<br \/>maleta (f): kuffert<br \/>demasiado: alt for<br \/>lleno: fuld<br \/>mayor\u00eda (f): st\u00f8rstedel<br \/>\u200brebeca (f): cardigan<br \/>pendiente (m): \u00f8rering<br \/>plata (f): s\u00f8lv<br \/>guardar: at gemme<br \/>nochevieja (f): nyt\u00e5rsaften<\/p>\t\t\t\t\t\t\t\t<\/div>\n\t\t\t\t<\/div>\n\t\t\t\t<\/div>\n\t\t\t\t<\/div>\n\t\t\t\t<\/div>\n\t\t<div class=\"elementor-element elementor-element-2be7497 e-con-full e-flex e-con e-child\" data-id=\"2be7497\" data-element_type=\"container\">\n\t\t\t\t<div class=\"elementor-element elementor-element-cb9a52c elementor-widget elementor-widget-text-editor\" data-id=\"cb9a52c\" data-element_type=\"widget\" data-widget_type=\"text-editor.default\">\n\t\t\t\t\t\t\t\t\t<p><strong>Quiz para el texto.<\/strong>\u00a0Pulse\u00a0<strong><a href=\"https:\/\/www.quia.com\/quiz\/6532354.html\" target=\"_blank\" rel=\"noopener noreferrer\">aqu\u00ed<\/a><\/strong><\/p>\t\t\t\t\t\t\t\t<\/div>\n\t\t\t\t<\/div>\n\t\t\t\t<\/div>\n\t\t\t\t<\/div>\n\t\t","protected":false},"excerpt":{"rendered":"<p>DAGBOG: El viaje a Barcelona M\u00e1laga, 26 de julio a las diez y media de la noche. Acabo de volver [&hellip;]<\/p>\n","protected":false},"author":1,"featured_media":0,"parent":0,"menu_order":0,"comment_status":"closed","ping_status":"closed","template":"elementor_header_footer","meta":{"site-sidebar-layout":"no-sidebar","site-content-layout":"","ast-site-content-layout":"full-width-container","site-content-style":"default","site-sidebar-style":"default","ast-global-header-display":"","ast-banner-title-visibility":"","ast-main-header-display":"","ast-hfb-above-header-display":"","ast-hfb-below-header-display":"","ast-hfb-mobile-header-display":"","site-post-title":"","ast-breadcrumbs-content":"","ast-featured-img":"disabled","footer-sml-layout":"","ast-disable-related-posts":"","theme-transparent-header-meta":"","adv-header-id-meta":"","stick-header-meta":"","header-above-stick-meta":"","header-main-stick-meta":"","header-below-stick-meta":"","astra-migrate-meta-layouts":"default","ast-page-background-enabled":"default","ast-page-background-meta":{"desktop":{"background-color":"var(--ast-global-color-5)","background-image":"","background-repeat":"repeat","background-position":"center center","background-size":"auto","background-attachment":"scroll","background-type":"","background-media":"","overlay-type":"","overlay-color":"","overlay-opacity":"","overlay-gradient":""},"tablet":{"background-color":"","background-image":"","background-repeat":"repeat","background-position":"center center","background-size":"auto","background-attachment":"scroll","background-type":"","background-media":"","overlay-type":"","overlay-color":"","overlay-opacity":"","overlay-gradient":""},"mobile":{"background-color":"","background-image":"","background-repeat":"repeat","background-position":"center center","background-size":"auto","background-attachment":"scroll","background-type":"","background-media":"","overlay-type":"","overlay-color":"","overlay-opacity":"","overlay-gradient":""}},"ast-content-background-meta":{"desktop":{"background-color":"var(--ast-global-color-4)","background-image":"","background-repeat":"repeat","background-position":"center center","background-size":"auto","background-attachment":"scroll","background-type":"","background-media":"","overlay-type":"","overlay-color":"","overlay-opacity":"","overlay-gradient":""},"tablet":{"background-color":"var(--ast-global-color-4)","background-image":"","background-repeat":"repeat","background-position":"center center","background-size":"auto","background-attachment":"scroll","background-type":"","background-media":"","overlay-type":"","overlay-color":"","overlay-opacity":"","overlay-gradient":""},"mobile":{"background-color":"var(--ast-global-color-4)","background-image":"","background-repeat":"repeat","background-position":"center center","background-size":"auto","background-attachment":"scroll","background-type":"","background-media":"","overlay-type":"","overlay-color":"","overlay-opacity":"","overlay-gradient":""}},"footnotes":""},"class_list":["post-59","page","type-page","status-publish","hentry"],"_links":{"self":[{"href":"https:\/\/laerkeryge.maktechagency.com\/index.php\/wp-json\/wp\/v2\/pages\/59","targetHints":{"allow":["GET"]}}],"collection":[{"href":"https:\/\/laerkeryge.maktechagency.com\/index.php\/wp-json\/wp\/v2\/pages"}],"about":[{"href":"https:\/\/laerkeryge.maktechagency.com\/index.php\/wp-json\/wp\/v2\/types\/page"}],"author":[{"embeddable":true,"href":"https:\/\/laerkeryge.maktechagency.com\/index.php\/wp-json\/wp\/v2\/users\/1"}],"replies":[{"embeddable":true,"href":"https:\/\/laerkeryge.maktechagency.com\/index.php\/wp-json\/wp\/v2\/comments?post=59"}],"version-history":[{"count":136,"href":"https:\/\/laerkeryge.maktechagency.com\/index.php\/wp-json\/wp\/v2\/pages\/59\/revisions"}],"predecessor-version":[{"id":9185,"href":"https:\/\/laerkeryge.maktechagency.com\/index.php\/wp-json\/wp\/v2\/pages\/59\/revisions\/9185"}],"wp:attachment":[{"href":"https:\/\/laerkeryge.maktechagency.com\/index.php\/wp-json\/wp\/v2\/media?parent=59"}],"curies":[{"name":"wp","href":"https:\/\/api.w.org\/{rel}","templated":true}]}}