{"id":57,"date":"2025-12-20T08:00:18","date_gmt":"2025-12-20T08:00:18","guid":{"rendered":"https:\/\/laerkeryge.maktechagency.com\/?page_id=57"},"modified":"2026-01-15T04:15:55","modified_gmt":"2026-01-15T04:15:55","slug":"cap-9","status":"publish","type":"page","link":"https:\/\/laerkeryge.maktechagency.com\/index.php\/cap-9\/","title":{"rendered":"Cap 9"},"content":{"rendered":"\t\t<div data-elementor-type=\"wp-page\" data-elementor-id=\"57\" class=\"elementor elementor-57\" data-elementor-post-type=\"page\">\n\t\t\t\t<div class=\"elementor-element elementor-element-889f585 e-con-full e-flex e-con e-parent\" data-id=\"889f585\" data-element_type=\"container\" data-settings=\"{&quot;background_background&quot;:&quot;classic&quot;}\">\n\t\t\t\t<\/div>\n\t\t<div class=\"elementor-element elementor-element-db4f187 e-con-full e-flex e-con e-parent\" data-id=\"db4f187\" data-element_type=\"container\">\n\t\t<div class=\"elementor-element elementor-element-61a2a4e e-con-full e-flex e-con e-child\" data-id=\"61a2a4e\" data-element_type=\"container\">\n\t\t\t\t<div class=\"elementor-element elementor-element-b9c8ea0 elementor-widget elementor-widget-heading\" data-id=\"b9c8ea0\" data-element_type=\"widget\" data-widget_type=\"heading.default\">\n\t\t\t\t\t<h2 class=\"elementor-heading-title elementor-size-default\">L\u00c6SERBREV: La pobreza en M\u00e1laga\n<\/h2>\t\t\t\t<\/div>\n\t\t\t\t<div class=\"elementor-element elementor-element-2439e73 elementor-widget elementor-widget-heading\" data-id=\"2439e73\" data-element_type=\"widget\" data-widget_type=\"heading.default\">\n\t\t\t\t\t<h2 class=\"elementor-heading-title elementor-size-default\">\u00bfSon los mendigos un problema?\n\n<\/h2>\t\t\t\t<\/div>\n\t\t\t\t<div class=\"elementor-element elementor-element-0efbeba elementor-widget elementor-widget-text-editor\" data-id=\"0efbeba\" data-element_type=\"widget\" data-widget_type=\"text-editor.default\">\n\t\t\t\t\t\t\t\t\t<p>Marie Jensen, 23 de julio de 2017<\/p>\t\t\t\t\t\t\t\t<\/div>\n\t\t\t\t<div class=\"elementor-element elementor-element-68da69b elementor-widget elementor-widget-text-editor\" data-id=\"68da69b\" data-element_type=\"widget\" data-widget_type=\"text-editor.default\">\n\t\t\t\t\t\t\t\t\t<p>\u00a1Deja de dar limosnas!, propone el se\u00f1or Ram\u00edrez en el peri\u00f3dico \u201cM\u00e1laga hoy\u201d. Seg\u00fan \u00e9l, los mendigos son personas perezosas que no quieren trabajar y hay que dejar de dar dinero a los mendigos para acabar con el problema. Estoy de acuerdo con el se\u00f1or Ram\u00edrez: la mendicidad es un problema. Pero no estoy de acuerdo con su soluci\u00f3n.<\/p>\t\t\t\t\t\t\t\t<\/div>\n\t\t\t\t<div class=\"elementor-element elementor-element-1aea00f elementor-widget elementor-widget-text-editor\" data-id=\"1aea00f\" data-element_type=\"widget\" data-widget_type=\"text-editor.default\">\n\t\t\t\t\t\t\t\t\t<p>Yo soy de un pueblo de Dinamarca y ver a las personas que piden dinero en las calles en M\u00e1laga ha sido un choque para m\u00ed: mujeres con beb\u00e9s, personas con discapacidad y chicos\u00a0j\u00f3venes con ropa sucia. Todo el d\u00eda en la calle, frente al supermercado y en el parque, est\u00e1n pidiendo dinero para poder comprar comida. Creo que la mayor\u00eda de ellos son personas sin hogar, sin trabajo y sin familia. Muchos de ellos tambi\u00e9n tienen problemas de drogas o alcohol y no quieren ser mendigos. \u00a1Son mendigos porque no hay otra soluci\u00f3n!\u00a0<\/p>\t\t\t\t\t\t\t\t<\/div>\n\t\t\t\t<div class=\"elementor-element elementor-element-7ca7841 elementor-widget elementor-widget-text-editor\" data-id=\"7ca7841\" data-element_type=\"widget\" data-widget_type=\"text-editor.default\">\n\t\t\t\t\t\t\t\t\t<p>La actitud del se\u00f1or Ram\u00edrez me ha sorprendido. En mi opini\u00f3n muchos espa\u00f1oles son personas generosas que ayudan a personas sin recursos. Creo que el se\u00f1or Ram\u00edrez simplemente se ha acostumbrado a ver a los mendigos en las calles.\u00a0El verdadero problema es cuando vemos a los mendigos como problemas y no como personas.<\/p>\t\t\t\t\t\t\t\t<\/div>\n\t\t\t\t<div class=\"elementor-element elementor-element-b25ad5a elementor-widget elementor-widget-text-editor\" data-id=\"b25ad5a\" data-element_type=\"widget\" data-widget_type=\"text-editor.default\">\n\t\t\t\t\t\t\t\t\t<p>Querido se\u00f1or Ram\u00edrez. Si usted no quiere dar dinero a los mendigos, hay otras maneras de ayudar. Por ejemplo puede hacer un donativo a la iglesia o a organizaciones como Los \u00c1ngeles Malague\u00f1os de la Noche que ayudan a las personas marginadas. \u00a1Cerrar los ojos no es la soluci\u00f3n!<\/p>\t\t\t\t\t\t\t\t<\/div>\n\t\t\t\t<\/div>\n\t\t<div class=\"elementor-element elementor-element-4cd90b8 e-con-full e-flex e-con e-child\" data-id=\"4cd90b8\" data-element_type=\"container\">\n\t\t<div class=\"elementor-element elementor-element-ec1b4dd e-con-full e-flex e-con e-child\" data-id=\"ec1b4dd\" data-element_type=\"container\">\n\t\t\t\t<div class=\"elementor-element elementor-element-be1b363 elementor-widget elementor-widget-presto_video\" data-id=\"be1b363\" data-element_type=\"widget\" data-widget_type=\"presto_video.default\">\n\t\t\t\t<div class=\"elementor-widget-container\">\n\t\t\t\t\t<!--presto-player:video_id=17--><figure class=\"wp-block-video presto-block-video  presto-provider-audio\" style=\"--plyr-color-main: var(--presto-player-highlight-color, #000000); --presto-player-logo-width: 150px; --plyr-audio-controls-background: #000000;--plyr-audio-control-color: #ffffff;--plyr-range-thumb-background: #ffffff;--plyr-range-fill-background: #ffffff;--plyr-audio-progress-buffered-background: rgba(220,220,220,0.35); --presto-curtain-size: 25%\">\n\t<presto-player \n\t\tpreset='{&quot;id&quot;:1,&quot;name&quot;:&quot;Default&quot;,&quot;slug&quot;:&quot;default&quot;,&quot;icon&quot;:&quot;format-audio&quot;,&quot;skin&quot;:&quot;default&quot;,&quot;rewind&quot;:true,&quot;play&quot;:true,&quot;play-large&quot;:true,&quot;fast-forward&quot;:true,&quot;progress&quot;:true,&quot;current-time&quot;:true,&quot;mute&quot;:true,&quot;volume&quot;:true,&quot;speed&quot;:true,&quot;pip&quot;:false,&quot;reset_on_end&quot;:true,&quot;save_player_position&quot;:true,&quot;sticky_scroll&quot;:false,&quot;sticky_scroll_position&quot;:&quot;bottom right&quot;,&quot;on_video_end&quot;:&quot;select&quot;,&quot;play_video_viewport&quot;:false,&quot;show_time_elapsed&quot;:false,&quot;hide_logo&quot;:&quot;0&quot;,&quot;border_radius&quot;:0,&quot;background_color&quot;:&quot;&quot;,&quot;control_color&quot;:&quot;&quot;,&quot;is_locked&quot;:true,&quot;cta&quot;:[&quot;&quot;],&quot;email_collection&quot;:[&quot;&quot;],&quot;action_bar&quot;:[&quot;&quot;],&quot;created_by&quot;:1,&quot;created_at&quot;:&quot;2026-01-05 08:20:16&quot;,&quot;updated_at&quot;:&quot;2026-01-05 08:20:16&quot;,&quot;deleted_at&quot;:&quot;&quot;,&quot;type&quot;:&quot;audio&quot;}'\n\t\tbranding='{&quot;logo&quot;:&quot;&quot;,&quot;logo_width&quot;:150,&quot;color&quot;:&quot;#000000&quot;,&quot;player_css&quot;:&quot;&quot;}'\n\t\tchapters='[]'\n\t\toverlays='[]'\n\t\ttracks='[]'\n\t\tblock-attributes='{&quot;playsInline&quot;:true,&quot;src&quot;:&quot;https:\\\/\\\/laerkeryge.maktechagency.com\\\/wp-content\\\/uploads\\\/2025\\\/12\\\/Cap-9-Lento.mp3&quot;,&quot;title&quot;:&quot;Cap-9-Lento&quot;,&quot;preset&quot;:1,&quot;id&quot;:17,&quot;attachment_id&quot;:null}'\n\t\tanalytics=''\n\t\tautomations\t\tprovider='audio'\n\t\t\t\tid=\"presto-player-1\"\n\t\tsrc=\"https:\/\/laerkeryge.maktechagency.com\/wp-content\/uploads\/2025\/12\/Cap-9-Lento.mp3\"\n\t\tmedia-title=\"Cap-9-Lento\"\n\t\tcss=\"\"\n\t\tclass=\"presto-video-id-17 presto-preset-id-1 skin-default\"\n\t\tskin=\"default\" \n\t\ticon-url=\"https:\/\/laerkeryge.maktechagency.com\/wp-content\/plugins\/presto-player\/img\/sprite.svg\" \n\t\tpreload=\"\" \n\t\tposter=\"\"\n\t\tyoutube=\"{&quot;noCookie&quot;:false,&quot;channelId&quot;:&quot;&quot;,&quot;show_count&quot;:false}\"\n\t\tprovider-video-id=\"\"\n\t\tvideo-id=\"17\"\n\t\t\t\tplaysinline \n\t\t\t\t>\n\t\t\n\n\t<\/presto-player>\n<\/figure>\t\t\t\t<\/div>\n\t\t\t\t<\/div>\n\t\t\t\t<div class=\"elementor-element elementor-element-282e7af elementor-widget elementor-widget-heading\" data-id=\"282e7af\" data-element_type=\"widget\" data-widget_type=\"heading.default\">\n\t\t\t\t\t<h2 class=\"elementor-heading-title elementor-size-default\">Lento\n\n<\/h2>\t\t\t\t<\/div>\n\t\t\t\t<\/div>\n\t\t<div class=\"elementor-element elementor-element-fe0536d e-con-full e-flex e-con e-child\" data-id=\"fe0536d\" data-element_type=\"container\">\n\t\t<div class=\"elementor-element elementor-element-65669b6 e-con-full e-flex e-con e-child\" data-id=\"65669b6\" data-element_type=\"container\">\n\t\t\t\t<div class=\"elementor-element elementor-element-58acb98 elementor-widget elementor-widget-presto_video\" data-id=\"58acb98\" data-element_type=\"widget\" data-widget_type=\"presto_video.default\">\n\t\t\t\t<div class=\"elementor-widget-container\">\n\t\t\t\t\t<!--presto-player:video_id=18--><figure class=\"wp-block-video presto-block-video  presto-provider-audio\" style=\"--plyr-color-main: var(--presto-player-highlight-color, #000000); --presto-player-logo-width: 150px; --plyr-audio-controls-background: #000000;--plyr-audio-control-color: #ffffff;--plyr-range-thumb-background: #ffffff;--plyr-range-fill-background: #ffffff;--plyr-audio-progress-buffered-background: rgba(220,220,220,0.35); --presto-curtain-size: 25%\">\n\t<presto-player \n\t\tpreset='{&quot;id&quot;:1,&quot;name&quot;:&quot;Default&quot;,&quot;slug&quot;:&quot;default&quot;,&quot;icon&quot;:&quot;format-audio&quot;,&quot;skin&quot;:&quot;default&quot;,&quot;rewind&quot;:true,&quot;play&quot;:true,&quot;play-large&quot;:true,&quot;fast-forward&quot;:true,&quot;progress&quot;:true,&quot;current-time&quot;:true,&quot;mute&quot;:true,&quot;volume&quot;:true,&quot;speed&quot;:true,&quot;pip&quot;:false,&quot;reset_on_end&quot;:true,&quot;save_player_position&quot;:true,&quot;sticky_scroll&quot;:false,&quot;sticky_scroll_position&quot;:&quot;bottom right&quot;,&quot;on_video_end&quot;:&quot;select&quot;,&quot;play_video_viewport&quot;:false,&quot;show_time_elapsed&quot;:false,&quot;hide_logo&quot;:&quot;0&quot;,&quot;border_radius&quot;:0,&quot;background_color&quot;:&quot;&quot;,&quot;control_color&quot;:&quot;&quot;,&quot;is_locked&quot;:true,&quot;cta&quot;:[&quot;&quot;],&quot;email_collection&quot;:[&quot;&quot;],&quot;action_bar&quot;:[&quot;&quot;],&quot;created_by&quot;:1,&quot;created_at&quot;:&quot;2026-01-05 08:20:16&quot;,&quot;updated_at&quot;:&quot;2026-01-05 08:20:16&quot;,&quot;deleted_at&quot;:&quot;&quot;,&quot;type&quot;:&quot;audio&quot;}'\n\t\tbranding='{&quot;logo&quot;:&quot;&quot;,&quot;logo_width&quot;:150,&quot;color&quot;:&quot;#000000&quot;,&quot;player_css&quot;:&quot;&quot;}'\n\t\tchapters='[]'\n\t\toverlays='[]'\n\t\ttracks='[]'\n\t\tblock-attributes='{&quot;playsInline&quot;:true,&quot;src&quot;:&quot;https:\\\/\\\/laerkeryge.maktechagency.com\\\/wp-content\\\/uploads\\\/2025\\\/12\\\/Cap-9-Normal.mp3&quot;,&quot;title&quot;:&quot;Cap-9-Normal&quot;,&quot;preset&quot;:1,&quot;id&quot;:18,&quot;attachment_id&quot;:null}'\n\t\tanalytics=''\n\t\tautomations\t\tprovider='audio'\n\t\t\t\tid=\"presto-player-2\"\n\t\tsrc=\"https:\/\/laerkeryge.maktechagency.com\/wp-content\/uploads\/2025\/12\/Cap-9-Normal.mp3\"\n\t\tmedia-title=\"Cap-9-Normal\"\n\t\tcss=\"\"\n\t\tclass=\"presto-video-id-18 presto-preset-id-1 skin-default\"\n\t\tskin=\"default\" \n\t\ticon-url=\"https:\/\/laerkeryge.maktechagency.com\/wp-content\/plugins\/presto-player\/img\/sprite.svg\" \n\t\tpreload=\"\" \n\t\tposter=\"\"\n\t\tyoutube=\"{&quot;noCookie&quot;:false,&quot;channelId&quot;:&quot;&quot;,&quot;show_count&quot;:false}\"\n\t\tprovider-video-id=\"\"\n\t\tvideo-id=\"18\"\n\t\t\t\tplaysinline \n\t\t\t\t>\n\t\t\n\n\t<\/presto-player>\n<\/figure>\t\t\t\t<\/div>\n\t\t\t\t<\/div>\n\t\t\t\t<div class=\"elementor-element elementor-element-120aca5 elementor-widget elementor-widget-heading\" data-id=\"120aca5\" data-element_type=\"widget\" data-widget_type=\"heading.default\">\n\t\t\t\t\t<h2 class=\"elementor-heading-title elementor-size-default\">Normal\n\n<\/h2>\t\t\t\t<\/div>\n\t\t\t\t<\/div>\n\t\t\t\t<\/div>\n\t\t\t\t<\/div>\n\t\t<div class=\"elementor-element elementor-element-c8fc69b e-con-full e-flex e-con e-child\" data-id=\"c8fc69b\" data-element_type=\"container\">\n\t\t<div class=\"elementor-element elementor-element-a199a30 e-con-full e-flex e-con e-child\" data-id=\"a199a30\" data-element_type=\"container\">\n\t\t<div class=\"elementor-element elementor-element-61ae541 e-con-full e-flex e-con e-child\" data-id=\"61ae541\" data-element_type=\"container\">\n\t\t<div class=\"elementor-element elementor-element-5f0ec33 e-con-full e-flex e-con e-child\" data-id=\"5f0ec33\" data-element_type=\"container\">\n\t\t\t\t<div class=\"elementor-element elementor-element-e18ba8e elementor-widget elementor-widget-image\" data-id=\"e18ba8e\" data-element_type=\"widget\" data-widget_type=\"image.default\">\n\t\t\t\t\t\t\t\t\t\t\t\t\t\t\t\t<a href=\"https:\/\/laerkeryge.maktechagency.com\/wp-content\/uploads\/2025\/12\/9.frontpage.beggar_ORIGINAL-1024x682-1.webp\" data-elementor-open-lightbox=\"yes\" data-e-action-hash=\"#elementor-action%3Aaction%3Dlightbox%26settings%3DeyJpZCI6NTQxOSwidXJsIjoiaHR0cHM6XC9cL2xhZXJrZXJ5Z2UubWFrdGVjaGFnZW5jeS5jb21cL3dwLWNvbnRlbnRcL3VwbG9hZHNcLzIwMjVcLzEyXC85LmZyb250cGFnZS5iZWdnYXJfT1JJR0lOQUwtMTAyNHg2ODItMS53ZWJwIn0%3D\">\n\t\t\t\t\t\t\t<img fetchpriority=\"high\" decoding=\"async\" width=\"1024\" height=\"682\" src=\"https:\/\/laerkeryge.maktechagency.com\/wp-content\/uploads\/2025\/12\/9.frontpage.beggar_ORIGINAL-1024x682-1.webp\" class=\"attachment-full size-full wp-image-5419\" alt=\"\" srcset=\"https:\/\/laerkeryge.maktechagency.com\/wp-content\/uploads\/2025\/12\/9.frontpage.beggar_ORIGINAL-1024x682-1.webp 1024w, https:\/\/laerkeryge.maktechagency.com\/wp-content\/uploads\/2025\/12\/9.frontpage.beggar_ORIGINAL-1024x682-1-300x200.webp 300w, https:\/\/laerkeryge.maktechagency.com\/wp-content\/uploads\/2025\/12\/9.frontpage.beggar_ORIGINAL-1024x682-1-768x512.webp 768w\" sizes=\"(max-width: 1024px) 100vw, 1024px\" \/>\t\t\t\t\t\t\t\t<\/a>\n\t\t\t\t\t\t\t\t\t\t\t\t\t\t\t<\/div>\n\t\t\t\t<div class=\"elementor-element elementor-element-e61738b elementor-widget elementor-widget-text-editor\" data-id=\"e61738b\" data-element_type=\"widget\" data-widget_type=\"text-editor.default\">\n\t\t\t\t\t\t\t\t\t<div class=\"vc_row wpb_row vc_inner vc_row-fluid vc_custom_1546602385506 vc_row-has-fill\"><div class=\"wpb_column vc_column_container vc_col-sm-12\"><div class=\"vc_column-inner\"><div class=\"wpb_wrapper\"><div class=\"wpb_text_column wpb_content_element \"><div class=\"wpb_wrapper\"><p><strong>Un hombre que est\u00e1 pidiendo dinero en la calle.\u00a0<\/strong><\/p><\/div><\/div><\/div><\/div><\/div><\/div>\t\t\t\t\t\t\t\t<\/div>\n\t\t\t\t<\/div>\n\t\t<div class=\"elementor-element elementor-element-0d3d30a e-con-full e-flex e-con e-child\" data-id=\"0d3d30a\" data-element_type=\"container\">\n\t\t\t\t<div class=\"elementor-element elementor-element-8942668 elementor-widget elementor-widget-text-editor\" data-id=\"8942668\" data-element_type=\"widget\" data-widget_type=\"text-editor.default\">\n\t\t\t\t\t\t\t\t\t<p><strong>Preguntas sobre el texto<br \/>\u200b<\/strong>a. \u00bfQui\u00e9nes son los mendigos, seg\u00fan el se\u00f1or Ram\u00edrez?<br \/>b. \u00bfQu\u00e9 piensa el se\u00f1or Ram\u00edrez de la mendicidad?<br \/>c. \u00bfPor qu\u00e9 ha sido un choque para Marie ver la mendicidad en M\u00e1laga?<br \/>d. \u00bfQui\u00e9nes son los mendigos, seg\u00fan Marie?<br \/>e. \u00bfC\u00f3mo son muchos espa\u00f1oles, seg\u00fan Marie?<br \/>f. \u00bfCu\u00e1l es el verdadero problema?<br \/>g. \u00bfC\u00f3mo puede\u00a0el se\u00f1or Ram\u00edrez ayudar\u00a0a las personas sin recursos?<\/p>\t\t\t\t\t\t\t\t<\/div>\n\t\t\t\t<\/div>\n\t\t<div class=\"elementor-element elementor-element-3d611a4 e-con-full e-flex e-con e-child\" data-id=\"3d611a4\" data-element_type=\"container\">\n\t\t\t\t<div class=\"elementor-element elementor-element-9d5d184 elementor-widget elementor-widget-text-editor\" data-id=\"9d5d184\" data-element_type=\"widget\" data-widget_type=\"text-editor.default\">\n\t\t\t\t\t\t\t\t\t<p>\u200b<strong>Skriv korrekte s\u00e6tninger ved at s\u00e6tte ordene\/klynger af ord i den rigtige r\u00e6kkef\u00f8lge. Der kan v\u00e6re flere muligheder.\u00a0<\/strong><\/p>\t\t\t\t\t\t\t\t<\/div>\n\t\t\t\t<div class=\"elementor-element elementor-element-f7b472b elementor-widget elementor-widget-text-editor\" data-id=\"f7b472b\" data-element_type=\"widget\" data-widget_type=\"text-editor.default\">\n\t\t\t\t\t\t\t\t\t<p>1. en Marie pueblo Dinamarca es de un<br \/>2. muchos cerca hay supermercado del mendigos<br \/>3. \u00bfhacer donativo a vas\u00a0un?<br \/>4. perezosos mendigos Marie no son piensa los que<\/p>\t\t\t\t\t\t\t\t<\/div>\n\t\t\t\t<\/div>\n\t\t<div class=\"elementor-element elementor-element-8643c52 e-con-full e-flex e-con e-child\" data-id=\"8643c52\" data-element_type=\"container\">\n\t\t\t\t<div class=\"elementor-element elementor-element-acc57a4 elementor-widget elementor-widget-image\" data-id=\"acc57a4\" data-element_type=\"widget\" data-widget_type=\"image.default\">\n\t\t\t\t\t\t\t\t\t\t\t\t\t\t\t\t<a href=\"https:\/\/www.angelesdelanoche.org\/\" target=\"_blank\">\n\t\t\t\t\t\t\t<img decoding=\"async\" width=\"344\" height=\"123\" src=\"https:\/\/laerkeryge.maktechagency.com\/wp-content\/uploads\/2025\/12\/Cap.9.logo_.webp\" class=\"attachment-full size-full wp-image-5444\" alt=\"\" srcset=\"https:\/\/laerkeryge.maktechagency.com\/wp-content\/uploads\/2025\/12\/Cap.9.logo_.webp 344w, https:\/\/laerkeryge.maktechagency.com\/wp-content\/uploads\/2025\/12\/Cap.9.logo_-300x107.webp 300w\" sizes=\"(max-width: 344px) 100vw, 344px\" \/>\t\t\t\t\t\t\t\t<\/a>\n\t\t\t\t\t\t\t\t\t\t\t\t\t\t\t<\/div>\n\t\t\t\t<\/div>\n\t\t\t\t<\/div>\n\t\t<div class=\"elementor-element elementor-element-99fbcec e-con-full e-flex e-con e-child\" data-id=\"99fbcec\" data-element_type=\"container\">\n\t\t<div class=\"elementor-element elementor-element-e45c3aa e-con-full e-flex e-con e-child\" data-id=\"e45c3aa\" data-element_type=\"container\">\n\t\t\t\t<div class=\"elementor-element elementor-element-50e1bad elementor-widget elementor-widget-text-editor\" data-id=\"50e1bad\" data-element_type=\"widget\" data-widget_type=\"text-editor.default\">\n\t\t\t\t\t\t\t\t\t<p><strong>Entrenamiento de vocabulari<\/strong><strong>o<\/strong><br \/>Lista completa. Pulse \u200b<strong><a href=\"https:\/\/quizlet.com\/_3ozgpt\" target=\"_blank\" rel=\"noopener noreferrer\">aqu\u00ed<br \/>\u200b<\/a><\/strong>Lista reducida. Pulse\u00a0<strong><a href=\"https:\/\/quizlet.com\/_50fy40\" target=\"_blank\" rel=\"noopener noreferrer\">aqu\u00ed<\/a><\/strong><\/p>\t\t\t\t\t\t\t\t<\/div>\n\t\t\t\t<\/div>\n\t\t<div class=\"elementor-element elementor-element-b532c4d e-con-full e-flex e-con e-child\" data-id=\"b532c4d\" data-element_type=\"container\">\n\t\t\t\t<div class=\"elementor-element elementor-element-cb10de7 elementor-widget elementor-widget-text-editor\" data-id=\"cb10de7\" data-element_type=\"widget\" data-widget_type=\"text-editor.default\">\n\t\t\t\t\t\t\t\t\t<div class=\"wpb_text_column wpb_content_element  vc_custom_1546951520343\"><div class=\"wpb_wrapper\"><p><strong>Vocabulario para el texto<\/strong><br \/>mendigo (m): tigger<br \/>dejar de: at holde op med<br \/>dar: at give<br \/>limosna (f): almisse<br \/>proponer: at foresl\u00e5<br \/>seg\u00fan: if\u00f8lge<br \/>perezoso: doven<br \/>acabar con: at g\u00f8re det af med<br \/>estar de acuerdo: at v\u00e6re enig<br \/>mendicidad (f): tiggeri<br \/>ver: at se<br \/>pedir: at bede om<br \/>discapacidad (f): handicap<br \/>sucio: beskidt<br \/>frente a: foran<br \/>mayor\u00eda (f): st\u00f8rstedel<br \/>sin: uden<br \/>hogar (m): hjem<br \/>droga (f): narkotika\u00a0\u200b<br \/>actitud (f): holdning<br \/>sorprender: at overraske<br \/>ayudar: at hj\u00e6lpe<br \/>sin recursos: ubemidlet<br \/>acostumbrarse a: at v\u00e6nne sig til<br \/>verdadero: sand<br \/>manera (f): m\u00e5de<br \/>donativo (m): donation<br \/>marginado: marginaliseret<br \/>cerrar\/ie\/: at lukke<br \/>ojo (m): \u00f8je<\/p><\/div><\/div><div class=\"wpb_text_column wpb_content_element  vc_custom_1548065275652 yellow-box\"><div class=\"wpb_wrapper\">\u00a0<\/div><\/div>\t\t\t\t\t\t\t\t<\/div>\n\t\t\t\t<\/div>\n\t\t<div class=\"elementor-element elementor-element-c10ef0f e-con-full e-flex e-con e-child\" data-id=\"c10ef0f\" data-element_type=\"container\" data-settings=\"{&quot;background_background&quot;:&quot;classic&quot;}\">\n\t\t<div class=\"elementor-element elementor-element-15dce84 e-con-full e-flex e-con e-child\" data-id=\"15dce84\" data-element_type=\"container\" data-settings=\"{&quot;background_background&quot;:&quot;classic&quot;}\">\n\t\t\t\t<div class=\"elementor-element elementor-element-e288046 elementor-widget elementor-widget-text-editor\" data-id=\"e288046\" data-element_type=\"widget\" data-widget_type=\"text-editor.default\">\n\t\t\t\t\t\t\t\t\t<p><strong>\u00bfSabes que?\u00a0<\/strong><\/p>\t\t\t\t\t\t\t\t<\/div>\n\t\t\t\t<div class=\"elementor-element elementor-element-8e147af elementor-widget elementor-widget-text-editor\" data-id=\"8e147af\" data-element_type=\"widget\" data-widget_type=\"text-editor.default\">\n\t\t\t\t\t\t\t\t\t<p><em>Los \u00c1ngeles Malague\u00f1os de la Noche<\/em>\u00a0er en organisation af frivillige, der deler mad ud til M\u00e1lagas fattige og hjeml\u00f8se. Organisationens logo kan du se i boksen til venstre. Klik p\u00e5 logoet, hvis du vil dirigeres videre til organisationens hjemmeside<\/p>\t\t\t\t\t\t\t\t<\/div>\n\t\t\t\t<\/div>\n\t\t\t\t<\/div>\n\t\t\t\t<\/div>\n\t\t\t\t<\/div>\n\t\t\t\t<\/div>\n\t\t<div class=\"elementor-element elementor-element-70cb27f e-con-full e-flex e-con e-child\" data-id=\"70cb27f\" data-element_type=\"container\">\n\t\t\t\t<div class=\"elementor-element elementor-element-c692749 elementor-widget elementor-widget-text-editor\" data-id=\"c692749\" data-element_type=\"widget\" data-widget_type=\"text-editor.default\">\n\t\t\t\t\t\t\t\t\t<p><strong>Quiz para el texto<\/strong>. Pulse <strong><a href=\"http:\/\/www.quia.com\/quiz\/6487878.html\" target=\"_blank\" rel=\"noopener\">aqu\u00ed \u200b<\/a><\/strong><\/p>\t\t\t\t\t\t\t\t<\/div>\n\t\t\t\t<\/div>\n\t\t\t\t<\/div>\n\t\t\t\t<\/div>\n\t\t","protected":false},"excerpt":{"rendered":"<p>L\u00c6SERBREV: La pobreza en M\u00e1laga \u00bfSon los mendigos un problema? Marie Jensen, 23 de julio de 2017 \u00a1Deja de dar [&hellip;]<\/p>\n","protected":false},"author":1,"featured_media":0,"parent":0,"menu_order":0,"comment_status":"closed","ping_status":"closed","template":"elementor_header_footer","meta":{"site-sidebar-layout":"no-sidebar","site-content-layout":"","ast-site-content-layout":"full-width-container","site-content-style":"default","site-sidebar-style":"default","ast-global-header-display":"","ast-banner-title-visibility":"","ast-main-header-display":"","ast-hfb-above-header-display":"","ast-hfb-below-header-display":"","ast-hfb-mobile-header-display":"","site-post-title":"","ast-breadcrumbs-content":"","ast-featured-img":"disabled","footer-sml-layout":"","ast-disable-related-posts":"","theme-transparent-header-meta":"","adv-header-id-meta":"","stick-header-meta":"","header-above-stick-meta":"","header-main-stick-meta":"","header-below-stick-meta":"","astra-migrate-meta-layouts":"default","ast-page-background-enabled":"default","ast-page-background-meta":{"desktop":{"background-color":"var(--ast-global-color-5)","background-image":"","background-repeat":"repeat","background-position":"center center","background-size":"auto","background-attachment":"scroll","background-type":"","background-media":"","overlay-type":"","overlay-color":"","overlay-opacity":"","overlay-gradient":""},"tablet":{"background-color":"","background-image":"","background-repeat":"repeat","background-position":"center center","background-size":"auto","background-attachment":"scroll","background-type":"","background-media":"","overlay-type":"","overlay-color":"","overlay-opacity":"","overlay-gradient":""},"mobile":{"background-color":"","background-image":"","background-repeat":"repeat","background-position":"center center","background-size":"auto","background-attachment":"scroll","background-type":"","background-media":"","overlay-type":"","overlay-color":"","overlay-opacity":"","overlay-gradient":""}},"ast-content-background-meta":{"desktop":{"background-color":"var(--ast-global-color-4)","background-image":"","background-repeat":"repeat","background-position":"center center","background-size":"auto","background-attachment":"scroll","background-type":"","background-media":"","overlay-type":"","overlay-color":"","overlay-opacity":"","overlay-gradient":""},"tablet":{"background-color":"var(--ast-global-color-4)","background-image":"","background-repeat":"repeat","background-position":"center center","background-size":"auto","background-attachment":"scroll","background-type":"","background-media":"","overlay-type":"","overlay-color":"","overlay-opacity":"","overlay-gradient":""},"mobile":{"background-color":"var(--ast-global-color-4)","background-image":"","background-repeat":"repeat","background-position":"center center","background-size":"auto","background-attachment":"scroll","background-type":"","background-media":"","overlay-type":"","overlay-color":"","overlay-opacity":"","overlay-gradient":""}},"footnotes":""},"class_list":["post-57","page","type-page","status-publish","hentry"],"_links":{"self":[{"href":"https:\/\/laerkeryge.maktechagency.com\/index.php\/wp-json\/wp\/v2\/pages\/57","targetHints":{"allow":["GET"]}}],"collection":[{"href":"https:\/\/laerkeryge.maktechagency.com\/index.php\/wp-json\/wp\/v2\/pages"}],"about":[{"href":"https:\/\/laerkeryge.maktechagency.com\/index.php\/wp-json\/wp\/v2\/types\/page"}],"author":[{"embeddable":true,"href":"https:\/\/laerkeryge.maktechagency.com\/index.php\/wp-json\/wp\/v2\/users\/1"}],"replies":[{"embeddable":true,"href":"https:\/\/laerkeryge.maktechagency.com\/index.php\/wp-json\/wp\/v2\/comments?post=57"}],"version-history":[{"count":124,"href":"https:\/\/laerkeryge.maktechagency.com\/index.php\/wp-json\/wp\/v2\/pages\/57\/revisions"}],"predecessor-version":[{"id":9161,"href":"https:\/\/laerkeryge.maktechagency.com\/index.php\/wp-json\/wp\/v2\/pages\/57\/revisions\/9161"}],"wp:attachment":[{"href":"https:\/\/laerkeryge.maktechagency.com\/index.php\/wp-json\/wp\/v2\/media?parent=57"}],"curies":[{"name":"wp","href":"https:\/\/api.w.org\/{rel}","templated":true}]}}