{"id":53,"date":"2025-12-20T08:00:00","date_gmt":"2025-12-20T08:00:00","guid":{"rendered":"https:\/\/laerkeryge.maktechagency.com\/?page_id=53"},"modified":"2026-01-15T03:58:50","modified_gmt":"2026-01-15T03:58:50","slug":"cap-7","status":"publish","type":"page","link":"https:\/\/laerkeryge.maktechagency.com\/index.php\/cap-7\/","title":{"rendered":"Cap 7"},"content":{"rendered":"\t\t<div data-elementor-type=\"wp-page\" data-elementor-id=\"53\" class=\"elementor elementor-53\" data-elementor-post-type=\"page\">\n\t\t\t\t<div class=\"elementor-element elementor-element-1815cc3 e-con-full e-flex e-con e-parent\" data-id=\"1815cc3\" data-element_type=\"container\" data-settings=\"{&quot;background_background&quot;:&quot;classic&quot;}\">\n\t\t\t\t<\/div>\n\t\t<div class=\"elementor-element elementor-element-70bd239 e-con-full e-flex e-con e-parent\" data-id=\"70bd239\" data-element_type=\"container\">\n\t\t<div class=\"elementor-element elementor-element-4940900 e-con-full e-flex e-con e-child\" data-id=\"4940900\" data-element_type=\"container\">\n\t\t<div class=\"elementor-element elementor-element-df5b51c e-con-full e-flex e-con e-child\" data-id=\"df5b51c\" data-element_type=\"container\">\n\t\t\t\t<div class=\"elementor-element elementor-element-287a217 elementor-widget elementor-widget-heading\" data-id=\"287a217\" data-element_type=\"widget\" data-widget_type=\"heading.default\">\n\t\t\t\t\t<h2 class=\"elementor-heading-title elementor-size-default\">L\u00c6SERBREV: La adaptaci\u00f3n es necesaria\n\n<\/h2>\t\t\t\t<\/div>\n\t\t\t\t<div class=\"elementor-element elementor-element-8f6150f elementor-widget elementor-widget-image\" data-id=\"8f6150f\" data-element_type=\"widget\" data-widget_type=\"image.default\">\n\t\t\t\t\t\t\t\t\t\t\t\t\t\t\t\t<a href=\"https:\/\/laerkeryge.maktechagency.com\/wp-content\/uploads\/2025\/12\/Bakery-1024x407-1.webp\" data-elementor-open-lightbox=\"yes\" data-e-action-hash=\"#elementor-action%3Aaction%3Dlightbox%26settings%3DeyJpZCI6NTA3NCwidXJsIjoiaHR0cHM6XC9cL2xhZXJrZXJ5Z2UubWFrdGVjaGFnZW5jeS5jb21cL3dwLWNvbnRlbnRcL3VwbG9hZHNcLzIwMjVcLzEyXC9CYWtlcnktMTAyNHg0MDctMS53ZWJwIn0%3D\">\n\t\t\t\t\t\t\t<img fetchpriority=\"high\" decoding=\"async\" width=\"1024\" height=\"407\" src=\"https:\/\/laerkeryge.maktechagency.com\/wp-content\/uploads\/2025\/12\/Bakery-1024x407-1.webp\" class=\"attachment-full size-full wp-image-5074\" alt=\"\" srcset=\"https:\/\/laerkeryge.maktechagency.com\/wp-content\/uploads\/2025\/12\/Bakery-1024x407-1.webp 1024w, https:\/\/laerkeryge.maktechagency.com\/wp-content\/uploads\/2025\/12\/Bakery-1024x407-1-300x119.webp 300w, https:\/\/laerkeryge.maktechagency.com\/wp-content\/uploads\/2025\/12\/Bakery-1024x407-1-768x305.webp 768w\" sizes=\"(max-width: 1024px) 100vw, 1024px\" \/>\t\t\t\t\t\t\t\t<\/a>\n\t\t\t\t\t\t\t\t\t\t\t\t\t\t\t<\/div>\n\t\t\t\t<div class=\"elementor-element elementor-element-d46d70e elementor-widget elementor-widget-text-editor\" data-id=\"d46d70e\" data-element_type=\"widget\" data-widget_type=\"text-editor.default\">\n\t\t\t\t\t\t\t\t\t<div class=\"wpb_text_column wpb_content_element \"><div class=\"wpb_wrapper\"><p><strong>Tres ancianas que hablan con el panadero en la panader\u00eda.\u00a0<\/strong><\/p><\/div><\/div>\t\t\t\t\t\t\t\t<\/div>\n\t\t\t\t<div class=\"elementor-element elementor-element-a65003f elementor-widget elementor-widget-heading\" data-id=\"a65003f\" data-element_type=\"widget\" data-widget_type=\"heading.default\">\n\t\t\t\t\t<h2 class=\"elementor-heading-title elementor-size-default\">\u00a1Los extranjeros nos debemos adaptar a la cultura malague\u00f1a!\n\n\n<\/h2>\t\t\t\t<\/div>\n\t\t\t\t<div class=\"elementor-element elementor-element-79065c1 elementor-widget elementor-widget-text-editor\" data-id=\"79065c1\" data-element_type=\"widget\" data-widget_type=\"text-editor.default\">\n\t\t\t\t\t\t\t\t\t<p>Marie Jensen, 18 de julio de 2017<\/p>\t\t\t\t\t\t\t\t<\/div>\n\t\t\t\t<div class=\"elementor-element elementor-element-3166f5d elementor-widget elementor-widget-text-editor\" data-id=\"3166f5d\" data-element_type=\"widget\" data-widget_type=\"text-editor.default\">\n\t\t\t\t\t\t\t\t\t<p>Muchos extranjeros viajan a M\u00e1laga solamente para pasarlo bien y olvidan que tambi\u00e9n tienen que adaptarse a una cultura diferente y nueva.<\/p>\t\t\t\t\t\t\t\t<\/div>\n\t\t\t\t<div class=\"elementor-element elementor-element-f3cc3d7 elementor-widget elementor-widget-text-editor\" data-id=\"f3cc3d7\" data-element_type=\"widget\" data-widget_type=\"text-editor.default\">\n\t\t\t\t\t\t\t\t\t<p>Una cultura nueva tambi\u00e9n significa nuevas normas no escritas. Tenemos que conocer y tambi\u00e9n aceptar estas normas. Nosotros somos los visitantes y no podemos hacer todo al estilo dan\u00e9s o al estilo alem\u00e1n.<\/p>\t\t\t\t\t\t\t\t<\/div>\n\t\t\t\t<div class=\"elementor-element elementor-element-2523ebc elementor-widget elementor-widget-text-editor\" data-id=\"2523ebc\" data-element_type=\"widget\" data-widget_type=\"text-editor.default\">\n\t\t\t\t\t\t\t\t\t<p>Los n\u00f3rdicos, por ejemplo, pensamos que la puntualidad es muy importante. Para un espa\u00f1ol un tiempo fijo es otra cosa y si un amigo espa\u00f1ol llega tarde, no es para ofenderte. Su concepto de la hora simplemente es diferente a tu concepto de la hora.<\/p>\t\t\t\t\t\t\t\t<\/div>\n\t\t\t\t<div class=\"elementor-element elementor-element-14a1c38 elementor-widget elementor-widget-text-editor\" data-id=\"14a1c38\" data-element_type=\"widget\" data-widget_type=\"text-editor.default\">\n\t\t\t\t\t\t\t\t\t<p>Tambi\u00e9n hay que tratar a los ancianos con respeto, porque los espa\u00f1oles realmente respetan a los ancianos. En Espa\u00f1a puedes encontrar a un grupo de ancianas que bloquean una acera o una se\u00f1ora que habla 10 minutos con el panadero. Es importante mostrar paciencia y buenos modales. \u00a1Y siempre hay que decir\u00a0usted\u00a0en vez de\u00a0t\u00fa\u00a0a una persona mayor!<\/p>\t\t\t\t\t\t\t\t<\/div>\n\t\t\t\t<div class=\"elementor-element elementor-element-9e3b575 elementor-widget elementor-widget-text-editor\" data-id=\"9e3b575\" data-element_type=\"widget\" data-widget_type=\"text-editor.default\">\n\t\t\t\t\t\t\t\t\t<p>Los espa\u00f1oles tambi\u00e9n se visten de otra forma que los n\u00f3rdicos. Muchas veces he visto a un extranjero ir al Chiringuito en ba\u00f1ador o a una extranjera en un vestido demasiado sexy en una iglesia. Eso no se hace, y muestra una falta de respeto por estas normas no escritas. Como dicen los espa\u00f1oles:\u00a0\u201d\u00a1Hay que ir presentable!\u201d<\/p>\t\t\t\t\t\t\t\t<\/div>\n\t\t\t\t<div class=\"elementor-element elementor-element-8728c78 elementor-widget elementor-widget-text-editor\" data-id=\"8728c78\" data-element_type=\"widget\" data-widget_type=\"text-editor.default\">\n\t\t\t\t\t\t\t\t\t<p>En las paradas de autob\u00fas tambi\u00e9n hay normas no escritas. Los espa\u00f1oles hacen cola aunque a veces es dif\u00edcil ver una cola real. Pero las personas que est\u00e1n esperando cerca de la parada, saben cuando es su turno y entran en este orden en el autob\u00fas.<\/p>\t\t\t\t\t\t\t\t<\/div>\n\t\t\t\t<div class=\"elementor-element elementor-element-5fab98b elementor-widget elementor-widget-text-editor\" data-id=\"5fab98b\" data-element_type=\"widget\" data-widget_type=\"text-editor.default\">\n\t\t\t\t\t\t\t\t\t<p>Por eso \u2013 queridos amigos extranjeros \u2013 tenemos que dejar de quejarnos de las cosas diferentes. Es mejor\u00a0respirar profundamente y adaptarnos. Es simplemente una cultura nueva y estamos de visita.\u00a0\u200b<\/p>\t\t\t\t\t\t\t\t<\/div>\n\t\t\t\t<\/div>\n\t\t<div class=\"elementor-element elementor-element-baafea0 e-con-full e-flex e-con e-child\" data-id=\"baafea0\" data-element_type=\"container\">\n\t\t<div class=\"elementor-element elementor-element-40c1c4a e-con-full e-flex e-con e-child\" data-id=\"40c1c4a\" data-element_type=\"container\">\n\t\t\t\t<div class=\"elementor-element elementor-element-cd1b726 elementor-widget elementor-widget-presto_video\" data-id=\"cd1b726\" data-element_type=\"widget\" data-widget_type=\"presto_video.default\">\n\t\t\t\t<div class=\"elementor-widget-container\">\n\t\t\t\t\t<!--presto-player:video_id=13--><figure class=\"wp-block-video presto-block-video  presto-provider-audio\" style=\"--plyr-color-main: var(--presto-player-highlight-color, #000000); --presto-player-logo-width: 150px; --plyr-audio-controls-background: #000000;--plyr-audio-control-color: #ffffff;--plyr-range-thumb-background: #ffffff;--plyr-range-fill-background: #ffffff;--plyr-audio-progress-buffered-background: rgba(220,220,220,0.35); --presto-curtain-size: 25%\">\n\t<presto-player \n\t\tpreset='{&quot;id&quot;:1,&quot;name&quot;:&quot;Default&quot;,&quot;slug&quot;:&quot;default&quot;,&quot;icon&quot;:&quot;format-audio&quot;,&quot;skin&quot;:&quot;default&quot;,&quot;rewind&quot;:true,&quot;play&quot;:true,&quot;play-large&quot;:true,&quot;fast-forward&quot;:true,&quot;progress&quot;:true,&quot;current-time&quot;:true,&quot;mute&quot;:true,&quot;volume&quot;:true,&quot;speed&quot;:true,&quot;pip&quot;:false,&quot;reset_on_end&quot;:true,&quot;save_player_position&quot;:true,&quot;sticky_scroll&quot;:false,&quot;sticky_scroll_position&quot;:&quot;bottom right&quot;,&quot;on_video_end&quot;:&quot;select&quot;,&quot;play_video_viewport&quot;:false,&quot;show_time_elapsed&quot;:false,&quot;hide_logo&quot;:&quot;0&quot;,&quot;border_radius&quot;:0,&quot;background_color&quot;:&quot;&quot;,&quot;control_color&quot;:&quot;&quot;,&quot;is_locked&quot;:true,&quot;cta&quot;:[&quot;&quot;],&quot;email_collection&quot;:[&quot;&quot;],&quot;action_bar&quot;:[&quot;&quot;],&quot;created_by&quot;:1,&quot;created_at&quot;:&quot;2026-01-05 08:20:16&quot;,&quot;updated_at&quot;:&quot;2026-01-05 08:20:16&quot;,&quot;deleted_at&quot;:&quot;&quot;,&quot;type&quot;:&quot;audio&quot;}'\n\t\tbranding='{&quot;logo&quot;:&quot;&quot;,&quot;logo_width&quot;:150,&quot;color&quot;:&quot;#000000&quot;,&quot;player_css&quot;:&quot;&quot;}'\n\t\tchapters='[]'\n\t\toverlays='[]'\n\t\ttracks='[]'\n\t\tblock-attributes='{&quot;playsInline&quot;:true,&quot;src&quot;:&quot;https:\\\/\\\/laerkeryge.maktechagency.com\\\/wp-content\\\/uploads\\\/2025\\\/12\\\/Cap-7-Lento.mp3&quot;,&quot;title&quot;:&quot;Cap-7-Lento&quot;,&quot;preset&quot;:1,&quot;id&quot;:13,&quot;attachment_id&quot;:null}'\n\t\tanalytics=''\n\t\tautomations\t\tprovider='audio'\n\t\t\t\tid=\"presto-player-1\"\n\t\tsrc=\"https:\/\/laerkeryge.maktechagency.com\/wp-content\/uploads\/2025\/12\/Cap-7-Lento.mp3\"\n\t\tmedia-title=\"Cap-7-Lento\"\n\t\tcss=\"\"\n\t\tclass=\"presto-video-id-13 presto-preset-id-1 skin-default\"\n\t\tskin=\"default\" \n\t\ticon-url=\"https:\/\/laerkeryge.maktechagency.com\/wp-content\/plugins\/presto-player\/img\/sprite.svg\" \n\t\tpreload=\"\" \n\t\tposter=\"\"\n\t\tyoutube=\"{&quot;noCookie&quot;:false,&quot;channelId&quot;:&quot;&quot;,&quot;show_count&quot;:false}\"\n\t\tprovider-video-id=\"\"\n\t\tvideo-id=\"13\"\n\t\t\t\tplaysinline \n\t\t\t\t>\n\t\t\n\n\t<\/presto-player>\n<\/figure>\t\t\t\t<\/div>\n\t\t\t\t<\/div>\n\t\t\t\t<div class=\"elementor-element elementor-element-7761e1f elementor-widget elementor-widget-heading\" data-id=\"7761e1f\" data-element_type=\"widget\" data-widget_type=\"heading.default\">\n\t\t\t\t\t<h2 class=\"elementor-heading-title elementor-size-default\">Lento\n\n<\/h2>\t\t\t\t<\/div>\n\t\t\t\t<\/div>\n\t\t<div class=\"elementor-element elementor-element-9adbac4 e-con-full e-flex e-con e-child\" data-id=\"9adbac4\" data-element_type=\"container\">\n\t\t<div class=\"elementor-element elementor-element-f50eee3 e-con-full e-flex e-con e-child\" data-id=\"f50eee3\" data-element_type=\"container\">\n\t\t\t\t<div class=\"elementor-element elementor-element-6721f61 elementor-widget elementor-widget-presto_video\" data-id=\"6721f61\" data-element_type=\"widget\" data-widget_type=\"presto_video.default\">\n\t\t\t\t<div class=\"elementor-widget-container\">\n\t\t\t\t\t<!--presto-player:video_id=14--><figure class=\"wp-block-video presto-block-video  presto-provider-audio\" style=\"--plyr-color-main: var(--presto-player-highlight-color, #000000); --presto-player-logo-width: 150px; --plyr-audio-controls-background: #000000;--plyr-audio-control-color: #ffffff;--plyr-range-thumb-background: #ffffff;--plyr-range-fill-background: #ffffff;--plyr-audio-progress-buffered-background: rgba(220,220,220,0.35); --presto-curtain-size: 25%\">\n\t<presto-player \n\t\tpreset='{&quot;id&quot;:1,&quot;name&quot;:&quot;Default&quot;,&quot;slug&quot;:&quot;default&quot;,&quot;icon&quot;:&quot;format-audio&quot;,&quot;skin&quot;:&quot;default&quot;,&quot;rewind&quot;:true,&quot;play&quot;:true,&quot;play-large&quot;:true,&quot;fast-forward&quot;:true,&quot;progress&quot;:true,&quot;current-time&quot;:true,&quot;mute&quot;:true,&quot;volume&quot;:true,&quot;speed&quot;:true,&quot;pip&quot;:false,&quot;reset_on_end&quot;:true,&quot;save_player_position&quot;:true,&quot;sticky_scroll&quot;:false,&quot;sticky_scroll_position&quot;:&quot;bottom right&quot;,&quot;on_video_end&quot;:&quot;select&quot;,&quot;play_video_viewport&quot;:false,&quot;show_time_elapsed&quot;:false,&quot;hide_logo&quot;:&quot;0&quot;,&quot;border_radius&quot;:0,&quot;background_color&quot;:&quot;&quot;,&quot;control_color&quot;:&quot;&quot;,&quot;is_locked&quot;:true,&quot;cta&quot;:[&quot;&quot;],&quot;email_collection&quot;:[&quot;&quot;],&quot;action_bar&quot;:[&quot;&quot;],&quot;created_by&quot;:1,&quot;created_at&quot;:&quot;2026-01-05 08:20:16&quot;,&quot;updated_at&quot;:&quot;2026-01-05 08:20:16&quot;,&quot;deleted_at&quot;:&quot;&quot;,&quot;type&quot;:&quot;audio&quot;}'\n\t\tbranding='{&quot;logo&quot;:&quot;&quot;,&quot;logo_width&quot;:150,&quot;color&quot;:&quot;#000000&quot;,&quot;player_css&quot;:&quot;&quot;}'\n\t\tchapters='[]'\n\t\toverlays='[]'\n\t\ttracks='[]'\n\t\tblock-attributes='{&quot;playsInline&quot;:true,&quot;src&quot;:&quot;https:\\\/\\\/laerkeryge.maktechagency.com\\\/wp-content\\\/uploads\\\/2025\\\/12\\\/Cap-7-Normal.mp3&quot;,&quot;title&quot;:&quot;Cap-7-Normal&quot;,&quot;preset&quot;:1,&quot;id&quot;:14,&quot;attachment_id&quot;:null}'\n\t\tanalytics=''\n\t\tautomations\t\tprovider='audio'\n\t\t\t\tid=\"presto-player-2\"\n\t\tsrc=\"https:\/\/laerkeryge.maktechagency.com\/wp-content\/uploads\/2025\/12\/Cap-7-Normal.mp3\"\n\t\tmedia-title=\"Cap-7-Normal\"\n\t\tcss=\"\"\n\t\tclass=\"presto-video-id-14 presto-preset-id-1 skin-default\"\n\t\tskin=\"default\" \n\t\ticon-url=\"https:\/\/laerkeryge.maktechagency.com\/wp-content\/plugins\/presto-player\/img\/sprite.svg\" \n\t\tpreload=\"\" \n\t\tposter=\"\"\n\t\tyoutube=\"{&quot;noCookie&quot;:false,&quot;channelId&quot;:&quot;&quot;,&quot;show_count&quot;:false}\"\n\t\tprovider-video-id=\"\"\n\t\tvideo-id=\"14\"\n\t\t\t\tplaysinline \n\t\t\t\t>\n\t\t\n\n\t<\/presto-player>\n<\/figure>\t\t\t\t<\/div>\n\t\t\t\t<\/div>\n\t\t\t\t<div class=\"elementor-element elementor-element-dc2fb29 elementor-widget elementor-widget-heading\" data-id=\"dc2fb29\" data-element_type=\"widget\" data-widget_type=\"heading.default\">\n\t\t\t\t\t<h2 class=\"elementor-heading-title elementor-size-default\">Normal\n\n<\/h2>\t\t\t\t<\/div>\n\t\t\t\t<\/div>\n\t\t\t\t<\/div>\n\t\t\t\t<\/div>\n\t\t<div class=\"elementor-element elementor-element-98019c6 e-con-full e-flex e-con e-child\" data-id=\"98019c6\" data-element_type=\"container\">\n\t\t<div class=\"elementor-element elementor-element-47f7618 e-con-full e-flex e-con e-child\" data-id=\"47f7618\" data-element_type=\"container\">\n\t\t<div class=\"elementor-element elementor-element-91d7f09 e-con-full e-flex e-con e-child\" data-id=\"91d7f09\" data-element_type=\"container\">\n\t\t<div class=\"elementor-element elementor-element-0ffe9f9 e-con-full e-flex e-con e-child\" data-id=\"0ffe9f9\" data-element_type=\"container\">\n\t\t\t\t<div class=\"elementor-element elementor-element-96b2d01 elementor-widget elementor-widget-text-editor\" data-id=\"96b2d01\" data-element_type=\"widget\" data-widget_type=\"text-editor.default\">\n\t\t\t\t\t\t\t\t\t<p><strong>Preguntas sobre el texto<\/strong><br \/>a. \u00bfA qu\u00e9 tienen que adaptarse los extranjeros?<br \/>b. \u00bfQu\u00e9 piensan los n\u00f3rdicos sobre la puntualidad?<br \/>c. \u00bfQu\u00e9 piensan los espa\u00f1oles sobre la puntualidad?<br \/>d. \u00bfC\u00f3mo se debe tratar a los ancianos en Espa\u00f1a?<br \/>e. \u00bfA qui\u00e9n es importante decir\u00a0<em>usted<\/em>?<br \/>f. \u00bfC\u00f3mo se visten los n\u00f3rdicos a veces?<br \/>g. \u00bfQu\u00e9 reglas existen en la parada de autob\u00fas?<br \/>h. Marie tiene un consejo para sus amigos extranjeros en el \u00faltimo p\u00e1rrafo. \u00bfCu\u00e1l?<\/p>\t\t\t\t\t\t\t\t<\/div>\n\t\t\t\t<\/div>\n\t\t<div class=\"elementor-element elementor-element-0a627e2 e-con-full e-flex e-con e-child\" data-id=\"0a627e2\" data-element_type=\"container\">\n\t\t\t\t<div class=\"elementor-element elementor-element-22baea4 elementor-widget elementor-widget-image\" data-id=\"22baea4\" data-element_type=\"widget\" data-widget_type=\"image.default\">\n\t\t\t\t\t\t\t\t\t\t\t\t\t\t\t\t<a href=\"https:\/\/laerkeryge.maktechagency.com\/wp-content\/uploads\/2025\/12\/girl-and-dog-ORIGINAL-1024x678-1.webp\" data-elementor-open-lightbox=\"yes\" data-e-action-hash=\"#elementor-action%3Aaction%3Dlightbox%26settings%3DeyJpZCI6NTA4NCwidXJsIjoiaHR0cHM6XC9cL2xhZXJrZXJ5Z2UubWFrdGVjaGFnZW5jeS5jb21cL3dwLWNvbnRlbnRcL3VwbG9hZHNcLzIwMjVcLzEyXC9naXJsLWFuZC1kb2ctT1JJR0lOQUwtMTAyNHg2NzgtMS53ZWJwIn0%3D\">\n\t\t\t\t\t\t\t<img decoding=\"async\" width=\"1024\" height=\"678\" src=\"https:\/\/laerkeryge.maktechagency.com\/wp-content\/uploads\/2025\/12\/girl-and-dog-ORIGINAL-1024x678-1.webp\" class=\"attachment-full size-full wp-image-5084\" alt=\"\" srcset=\"https:\/\/laerkeryge.maktechagency.com\/wp-content\/uploads\/2025\/12\/girl-and-dog-ORIGINAL-1024x678-1.webp 1024w, https:\/\/laerkeryge.maktechagency.com\/wp-content\/uploads\/2025\/12\/girl-and-dog-ORIGINAL-1024x678-1-300x199.webp 300w, https:\/\/laerkeryge.maktechagency.com\/wp-content\/uploads\/2025\/12\/girl-and-dog-ORIGINAL-1024x678-1-768x509.webp 768w\" sizes=\"(max-width: 1024px) 100vw, 1024px\" \/>\t\t\t\t\t\t\t\t<\/a>\n\t\t\t\t\t\t\t\t\t\t\t\t\t\t\t<\/div>\n\t\t\t\t<div class=\"elementor-element elementor-element-9f8e4d6 elementor-widget elementor-widget-text-editor\" data-id=\"9f8e4d6\" data-element_type=\"widget\" data-widget_type=\"text-editor.default\">\n\t\t\t\t\t\t\t\t\t<p><strong>\u00a1Tambi\u00e9n hay que tratar bien a los perros!<\/strong><\/p>\t\t\t\t\t\t\t\t<\/div>\n\t\t\t\t<\/div>\n\t\t<div class=\"elementor-element elementor-element-b1544d2 e-con-full e-flex e-con e-child\" data-id=\"b1544d2\" data-element_type=\"container\">\n\t\t\t\t<div class=\"elementor-element elementor-element-d43fd3c elementor-widget elementor-widget-text-editor\" data-id=\"d43fd3c\" data-element_type=\"widget\" data-widget_type=\"text-editor.default\">\n\t\t\t\t\t\t\t\t\t<p><strong>\u00bfCu\u00e1l es la diferencia?\u00a0<\/strong><\/p>\t\t\t\t\t\t\t\t<\/div>\n\t\t\t\t<div class=\"elementor-element elementor-element-4524ac4 elementor-widget elementor-widget-text-editor\" data-id=\"4524ac4\" data-element_type=\"widget\" data-widget_type=\"text-editor.default\">\n\t\t\t\t\t\t\t\t\t<p>\u200bForklar ordet p\u00e5 spansk uden at bruge den korrekte spansk glose.<br \/>extranjero \u2013 espa\u00f1ol<br \/>olvidar \u2013 recordar<br \/>joven \u2013 mayor<\/p>\t\t\t\t\t\t\t\t<\/div>\n\t\t\t\t<\/div>\n\t\t\t\t<\/div>\n\t\t<div class=\"elementor-element elementor-element-4acc7ab e-con-full e-flex e-con e-child\" data-id=\"4acc7ab\" data-element_type=\"container\">\n\t\t<div class=\"elementor-element elementor-element-6db12af e-con-full e-flex e-con e-child\" data-id=\"6db12af\" data-element_type=\"container\">\n\t\t\t\t<div class=\"elementor-element elementor-element-bc3e2a8 elementor-widget elementor-widget-text-editor\" data-id=\"bc3e2a8\" data-element_type=\"widget\" data-widget_type=\"text-editor.default\">\n\t\t\t\t\t\t\t\t\t<p><strong>Entrenamiento de vocabulario\u00a0<\/strong><br \/>Lista completa. Pulse\u00a0<strong><a href=\"https:\/\/quizlet.com\/_3m6lq7\" target=\"_blank\" rel=\"noopener noreferrer\">aqu\u00ed<\/a><\/strong><br \/><strong><a href=\"https:\/\/quizlet.com\/_3lcuzo\" target=\"_blank\" rel=\"noopener noreferrer\">\u200b<\/a><\/strong>Lista reducida. Pulse\u00a0<strong><a href=\"https:\/\/quizlet.com\/_50fz2u\" target=\"_blank\" rel=\"noopener noreferrer\">aqu\u00ed<\/a><\/strong><\/p>\t\t\t\t\t\t\t\t<\/div>\n\t\t\t\t<\/div>\n\t\t<div class=\"elementor-element elementor-element-b42b57f e-con-full e-flex e-con e-child\" data-id=\"b42b57f\" data-element_type=\"container\">\n\t\t\t\t<div class=\"elementor-element elementor-element-39ea6e3 elementor-widget elementor-widget-text-editor\" data-id=\"39ea6e3\" data-element_type=\"widget\" data-widget_type=\"text-editor.default\">\n\t\t\t\t\t\t\t\t\t<div class=\"vc_row wpb_row vc_row-fluid\"><div class=\"wpb_column vc_column_container vc_col-sm-5\"><div class=\"vc_column-inner\"><div class=\"wpb_wrapper\"><div class=\"wpb_text_column wpb_content_element vc_custom_1546946402608\"><div class=\"wpb_wrapper\"><div id=\"615159709880933335\"><div id=\"element-67611eeb-be61-4e09-9f19-d646640e3da0\" class=\"platform-element-contents\" data-platform-element-id=\"821742489464575470-1.1.1\"><div class=\"border-box-wrap box_shadow_outset\"><div class=\"element-border-box border-box-background-none \"><div class=\"paragraph\"><strong>Vocabulario para el texto\u00a0<\/strong><br \/>extranjero (m): udl\u00e6nding<br \/>adaptarse a: at tilpasse sig<br \/>pasarlo bien: at have det godt<br \/>olvidar: at glemme<br \/>norma no escrita (f): uskreven regel<br \/>al estilo: p\u00e5 samme m\u00e5de som<br \/>puntualidad (f): punktlighed<br \/>fijo: fast<br \/>hora (f): klokken<br \/>simplemente: simpelthen<br \/>tratar: at behandle<br \/>anciano (m): \u00e6ldre menneske<br \/>encontrar\/ue\/: at m\u00f8de<br \/>bloquear: at blokere<br \/>acera (f): fortov<br \/>panadero (m): bager<br \/>mostrar: at udvise<br \/>modales (m\/plur): manerer<br \/>mayor: \u00e6ldre<br \/>vestirse: at kl\u00e6de sig<br \/>muchas veces: ofte<br \/>chiringuito (m): strandbar<br \/>ba\u00f1ador (m): badebukser<br \/>eso: dette<br \/>falta (f): mangel<br \/>parada de autob\u00fas (f): busstoppested<br \/>hacer cola: at st\u00e5 i k\u00f8<br \/>aunque: selv om<br \/>\u200ba veces: nogle gange<br \/>esperar: at vente<br \/>turno (m): tur<br \/>orden (m): r\u00e6kkef\u00f8lge<br \/>\u200bdejar de + infinitiv: at holde op med<br \/>quejarse: at brokke sig<br \/>\u200bprofundamente: dybt<\/div><\/div><\/div><\/div><\/div><\/div><\/div><\/div><\/div><\/div><\/div>\t\t\t\t\t\t\t\t<\/div>\n\t\t\t\t<\/div>\n\t\t\t\t<\/div>\n\t\t\t\t<\/div>\n\t\t\t\t<\/div>\n\t\t<div class=\"elementor-element elementor-element-8c08aa3 e-con-full e-flex e-con e-child\" data-id=\"8c08aa3\" data-element_type=\"container\">\n\t\t\t\t<div class=\"elementor-element elementor-element-bfd0bfe elementor-widget elementor-widget-text-editor\" data-id=\"bfd0bfe\" data-element_type=\"widget\" data-widget_type=\"text-editor.default\">\n\t\t\t\t\t\t\t\t\t<p><strong>Quiz para el texto.<\/strong>\u00a0Pulse\u00a0<strong><a href=\"https:\/\/www.quia.com\/quiz\/6468672.html\" target=\"_blank\" rel=\"noopener noreferrer\">aqu\u00ed<\/a><\/strong><\/p>\t\t\t\t\t\t\t\t<\/div>\n\t\t\t\t<\/div>\n\t\t\t\t<\/div>\n\t\t\t\t<\/div>\n\t\t\t\t<\/div>\n\t\t","protected":false},"excerpt":{"rendered":"<p>L\u00c6SERBREV: La adaptaci\u00f3n es necesaria Tres ancianas que hablan con el panadero en la panader\u00eda.\u00a0 \u00a1Los extranjeros nos debemos adaptar [&hellip;]<\/p>\n","protected":false},"author":1,"featured_media":0,"parent":0,"menu_order":0,"comment_status":"closed","ping_status":"closed","template":"elementor_header_footer","meta":{"site-sidebar-layout":"no-sidebar","site-content-layout":"","ast-site-content-layout":"full-width-container","site-content-style":"default","site-sidebar-style":"default","ast-global-header-display":"","ast-banner-title-visibility":"","ast-main-header-display":"","ast-hfb-above-header-display":"","ast-hfb-below-header-display":"","ast-hfb-mobile-header-display":"","site-post-title":"","ast-breadcrumbs-content":"","ast-featured-img":"disabled","footer-sml-layout":"","ast-disable-related-posts":"","theme-transparent-header-meta":"","adv-header-id-meta":"","stick-header-meta":"","header-above-stick-meta":"","header-main-stick-meta":"","header-below-stick-meta":"","astra-migrate-meta-layouts":"default","ast-page-background-enabled":"default","ast-page-background-meta":{"desktop":{"background-color":"var(--ast-global-color-5)","background-image":"","background-repeat":"repeat","background-position":"center center","background-size":"auto","background-attachment":"scroll","background-type":"","background-media":"","overlay-type":"","overlay-color":"","overlay-opacity":"","overlay-gradient":""},"tablet":{"background-color":"","background-image":"","background-repeat":"repeat","background-position":"center center","background-size":"auto","background-attachment":"scroll","background-type":"","background-media":"","overlay-type":"","overlay-color":"","overlay-opacity":"","overlay-gradient":""},"mobile":{"background-color":"","background-image":"","background-repeat":"repeat","background-position":"center center","background-size":"auto","background-attachment":"scroll","background-type":"","background-media":"","overlay-type":"","overlay-color":"","overlay-opacity":"","overlay-gradient":""}},"ast-content-background-meta":{"desktop":{"background-color":"var(--ast-global-color-4)","background-image":"","background-repeat":"repeat","background-position":"center center","background-size":"auto","background-attachment":"scroll","background-type":"","background-media":"","overlay-type":"","overlay-color":"","overlay-opacity":"","overlay-gradient":""},"tablet":{"background-color":"var(--ast-global-color-4)","background-image":"","background-repeat":"repeat","background-position":"center center","background-size":"auto","background-attachment":"scroll","background-type":"","background-media":"","overlay-type":"","overlay-color":"","overlay-opacity":"","overlay-gradient":""},"mobile":{"background-color":"var(--ast-global-color-4)","background-image":"","background-repeat":"repeat","background-position":"center center","background-size":"auto","background-attachment":"scroll","background-type":"","background-media":"","overlay-type":"","overlay-color":"","overlay-opacity":"","overlay-gradient":""}},"footnotes":""},"class_list":["post-53","page","type-page","status-publish","hentry"],"_links":{"self":[{"href":"https:\/\/laerkeryge.maktechagency.com\/index.php\/wp-json\/wp\/v2\/pages\/53","targetHints":{"allow":["GET"]}}],"collection":[{"href":"https:\/\/laerkeryge.maktechagency.com\/index.php\/wp-json\/wp\/v2\/pages"}],"about":[{"href":"https:\/\/laerkeryge.maktechagency.com\/index.php\/wp-json\/wp\/v2\/types\/page"}],"author":[{"embeddable":true,"href":"https:\/\/laerkeryge.maktechagency.com\/index.php\/wp-json\/wp\/v2\/users\/1"}],"replies":[{"embeddable":true,"href":"https:\/\/laerkeryge.maktechagency.com\/index.php\/wp-json\/wp\/v2\/comments?post=53"}],"version-history":[{"count":133,"href":"https:\/\/laerkeryge.maktechagency.com\/index.php\/wp-json\/wp\/v2\/pages\/53\/revisions"}],"predecessor-version":[{"id":9089,"href":"https:\/\/laerkeryge.maktechagency.com\/index.php\/wp-json\/wp\/v2\/pages\/53\/revisions\/9089"}],"wp:attachment":[{"href":"https:\/\/laerkeryge.maktechagency.com\/index.php\/wp-json\/wp\/v2\/media?parent=53"}],"curies":[{"name":"wp","href":"https:\/\/api.w.org\/{rel}","templated":true}]}}