{"id":49,"date":"2025-12-20T07:59:35","date_gmt":"2025-12-20T07:59:35","guid":{"rendered":"https:\/\/laerkeryge.maktechagency.com\/?page_id=49"},"modified":"2026-01-15T03:43:32","modified_gmt":"2026-01-15T03:43:32","slug":"cap-5","status":"publish","type":"page","link":"https:\/\/laerkeryge.maktechagency.com\/index.php\/cap-5\/","title":{"rendered":"Cap 5"},"content":{"rendered":"\t\t<div data-elementor-type=\"wp-page\" data-elementor-id=\"49\" class=\"elementor elementor-49\" data-elementor-post-type=\"page\">\n\t\t\t\t<div class=\"elementor-element elementor-element-8708421 e-con-full e-flex e-con e-parent\" data-id=\"8708421\" data-element_type=\"container\" data-settings=\"{&quot;background_background&quot;:&quot;classic&quot;}\">\n\t\t\t\t<\/div>\n\t\t<div class=\"elementor-element elementor-element-c4924aa e-con-full e-flex e-con e-parent\" data-id=\"c4924aa\" data-element_type=\"container\">\n\t\t<div class=\"elementor-element elementor-element-61be5d2 e-con-full e-flex e-con e-child\" data-id=\"61be5d2\" data-element_type=\"container\">\n\t\t\t\t<div class=\"elementor-element elementor-element-208ef90 elementor-widget elementor-widget-heading\" data-id=\"208ef90\" data-element_type=\"widget\" data-widget_type=\"heading.default\">\n\t\t\t\t\t<h2 class=\"elementor-heading-title elementor-size-default\">DAGBOG: Ir de tapas\n\n<\/h2>\t\t\t\t<\/div>\n\t\t\t\t<div class=\"elementor-element elementor-element-763c8e6 elementor-widget elementor-widget-text-editor\" data-id=\"763c8e6\" data-element_type=\"widget\" data-widget_type=\"text-editor.default\">\n\t\t\t\t\t\t\t\t\t<p>M\u00e1laga, 13 de julio a las once y media de la noche.<\/p>\t\t\t\t\t\t\t\t<\/div>\n\t\t\t\t<div class=\"elementor-element elementor-element-f151b34 elementor-widget elementor-widget-text-editor\" data-id=\"f151b34\" data-element_type=\"widget\" data-widget_type=\"text-editor.default\">\n\t\t\t\t\t\t\t\t\t<p>Hoy ha sido otro d\u00eda muy bueno. He tenido clases por la ma\u00f1ana en la escuela de idiomas: conversaci\u00f3n y la historia moderna de Espa\u00f1a. Despu\u00e9s Hannah y yo hemos ido un rato a la playa donde hemos tomado el sol y hemos comido un bocadillo con el jam\u00f3n y el queso que hemos comprado en el supermercado.<\/p>\t\t\t\t\t\t\t\t<\/div>\n\t\t\t\t<div class=\"elementor-element elementor-element-5da487b elementor-widget elementor-widget-text-editor\" data-id=\"5da487b\" data-element_type=\"widget\" data-widget_type=\"text-editor.default\">\n\t\t\t\t\t\t\t\t\t<p>Esta noche he salido con mi familia espa\u00f1ola porque me han querido mostrar sus tapas favoritas. Ahora estoy tumbada en mi cama y estoy pensando en este famoso fen\u00f3meno espa\u00f1ol: las tapas.<\/p>\t\t\t\t\t\t\t\t<\/div>\n\t\t\t\t<div class=\"elementor-element elementor-element-55acc1f elementor-widget elementor-widget-text-editor\" data-id=\"55acc1f\" data-element_type=\"widget\" data-widget_type=\"text-editor.default\">\n\t\t\t\t\t\t\t\t\t<p>La historia de las tapas es bastante interesante: supuestamente hace mucho tiempo un rey espa\u00f1ol, harto de la gente borracha, manda servir un poco de comida con las cervezas y el vino. Otros dicen que originalmente los camareros empiezan a tapar la bebida con un trozo de pan o jam\u00f3n para evitar moscas y polvo en la bebida.<\/p>\t\t\t\t\t\t\t\t<\/div>\n\t\t\t\t<div class=\"elementor-element elementor-element-cc8fd58 elementor-widget elementor-widget-text-editor\" data-id=\"cc8fd58\" data-element_type=\"widget\" data-widget_type=\"text-editor.default\">\n\t\t\t\t\t\t\t\t\t<p>En M\u00e1laga hay muchos lugares fant\u00e1sticos para comer tapas. La tapa favorita de Silvia es la tortilla espa\u00f1ola y la tapa favorita de Javier es el pulpo frito. Aqu\u00ed en la costa, por supuesto, hay muchas tapas con pescado y marisco.<\/p>\t\t\t\t\t\t\t\t<\/div>\n\t\t\t\t<div class=\"elementor-element elementor-element-d679209 elementor-widget elementor-widget-text-editor\" data-id=\"d679209\" data-element_type=\"widget\" data-widget_type=\"text-editor.default\">\n\t\t\t\t\t\t\t\t\t<p>Me encanta la costumbre de pedir muchas tapas diferentes y compartirlas \u2026 es una manera muy social de comer. Pero para m\u00ed es demasiado social cuando Javier y Silvia meten sus tenedores en MI plato para probar. No me gusta nada, pero \u00bfqu\u00e9 puedo decir? Para ellos es normal.<\/p>\t\t\t\t\t\t\t\t<\/div>\n\t\t\t\t<div class=\"elementor-element elementor-element-d8f7658 elementor-widget elementor-widget-text-editor\" data-id=\"d8f7658\" data-element_type=\"widget\" data-widget_type=\"text-editor.default\">\n\t\t\t\t\t\t\t\t\t<p>Buenas noches.<\/p>\t\t\t\t\t\t\t\t<\/div>\n\t\t\t\t<\/div>\n\t\t<div class=\"elementor-element elementor-element-69c9206 e-con-full e-flex e-con e-child\" data-id=\"69c9206\" data-element_type=\"container\">\n\t\t<div class=\"elementor-element elementor-element-ed54fa6 e-con-full e-flex e-con e-child\" data-id=\"ed54fa6\" data-element_type=\"container\">\n\t\t\t\t<div class=\"elementor-element elementor-element-44fd3b8 elementor-widget elementor-widget-presto_video\" data-id=\"44fd3b8\" data-element_type=\"widget\" data-widget_type=\"presto_video.default\">\n\t\t\t\t<div class=\"elementor-widget-container\">\n\t\t\t\t\t<!--presto-player:video_id=9--><figure class=\"wp-block-video presto-block-video  presto-provider-audio\" style=\"--plyr-color-main: var(--presto-player-highlight-color, #000000); --presto-player-logo-width: 150px; --plyr-audio-controls-background: #000000;--plyr-audio-control-color: #ffffff;--plyr-range-thumb-background: #ffffff;--plyr-range-fill-background: #ffffff;--plyr-audio-progress-buffered-background: rgba(220,220,220,0.35); --presto-curtain-size: 25%\">\n\t<presto-player \n\t\tpreset='{&quot;id&quot;:1,&quot;name&quot;:&quot;Default&quot;,&quot;slug&quot;:&quot;default&quot;,&quot;icon&quot;:&quot;format-audio&quot;,&quot;skin&quot;:&quot;default&quot;,&quot;rewind&quot;:true,&quot;play&quot;:true,&quot;play-large&quot;:true,&quot;fast-forward&quot;:true,&quot;progress&quot;:true,&quot;current-time&quot;:true,&quot;mute&quot;:true,&quot;volume&quot;:true,&quot;speed&quot;:true,&quot;pip&quot;:false,&quot;reset_on_end&quot;:true,&quot;save_player_position&quot;:true,&quot;sticky_scroll&quot;:false,&quot;sticky_scroll_position&quot;:&quot;bottom right&quot;,&quot;on_video_end&quot;:&quot;select&quot;,&quot;play_video_viewport&quot;:false,&quot;show_time_elapsed&quot;:false,&quot;hide_logo&quot;:&quot;0&quot;,&quot;border_radius&quot;:0,&quot;background_color&quot;:&quot;&quot;,&quot;control_color&quot;:&quot;&quot;,&quot;is_locked&quot;:true,&quot;cta&quot;:[&quot;&quot;],&quot;email_collection&quot;:[&quot;&quot;],&quot;action_bar&quot;:[&quot;&quot;],&quot;created_by&quot;:1,&quot;created_at&quot;:&quot;2026-01-05 08:20:16&quot;,&quot;updated_at&quot;:&quot;2026-01-05 08:20:16&quot;,&quot;deleted_at&quot;:&quot;&quot;,&quot;type&quot;:&quot;audio&quot;}'\n\t\tbranding='{&quot;logo&quot;:&quot;&quot;,&quot;logo_width&quot;:150,&quot;color&quot;:&quot;#000000&quot;,&quot;player_css&quot;:&quot;&quot;}'\n\t\tchapters='[]'\n\t\toverlays='[]'\n\t\ttracks='[]'\n\t\tblock-attributes='{&quot;playsInline&quot;:true,&quot;src&quot;:&quot;https:\\\/\\\/laerkeryge.maktechagency.com\\\/wp-content\\\/uploads\\\/2025\\\/12\\\/Cap-5-Lento.mp3&quot;,&quot;title&quot;:&quot;Cap-5-Lento&quot;,&quot;preset&quot;:1,&quot;id&quot;:9,&quot;attachment_id&quot;:null}'\n\t\tanalytics=''\n\t\tautomations\t\tprovider='audio'\n\t\t\t\tid=\"presto-player-1\"\n\t\tsrc=\"https:\/\/laerkeryge.maktechagency.com\/wp-content\/uploads\/2025\/12\/Cap-5-Lento.mp3\"\n\t\tmedia-title=\"Cap-5-Lento\"\n\t\tcss=\"\"\n\t\tclass=\"presto-video-id-9 presto-preset-id-1 skin-default\"\n\t\tskin=\"default\" \n\t\ticon-url=\"https:\/\/laerkeryge.maktechagency.com\/wp-content\/plugins\/presto-player\/img\/sprite.svg\" \n\t\tpreload=\"\" \n\t\tposter=\"\"\n\t\tyoutube=\"{&quot;noCookie&quot;:false,&quot;channelId&quot;:&quot;&quot;,&quot;show_count&quot;:false}\"\n\t\tprovider-video-id=\"\"\n\t\tvideo-id=\"9\"\n\t\t\t\tplaysinline \n\t\t\t\t>\n\t\t\n\n\t<\/presto-player>\n<\/figure>\t\t\t\t<\/div>\n\t\t\t\t<\/div>\n\t\t\t\t<div class=\"elementor-element elementor-element-727610a elementor-widget elementor-widget-heading\" data-id=\"727610a\" data-element_type=\"widget\" data-widget_type=\"heading.default\">\n\t\t\t\t\t<h2 class=\"elementor-heading-title elementor-size-default\">Lento\n\n<\/h2>\t\t\t\t<\/div>\n\t\t\t\t<\/div>\n\t\t<div class=\"elementor-element elementor-element-82cf202 e-con-full e-flex e-con e-child\" data-id=\"82cf202\" data-element_type=\"container\">\n\t\t<div class=\"elementor-element elementor-element-c707cc6 e-con-full e-flex e-con e-child\" data-id=\"c707cc6\" data-element_type=\"container\">\n\t\t\t\t<div class=\"elementor-element elementor-element-6129bc4 elementor-widget elementor-widget-presto_video\" data-id=\"6129bc4\" data-element_type=\"widget\" data-widget_type=\"presto_video.default\">\n\t\t\t\t<div class=\"elementor-widget-container\">\n\t\t\t\t\t<!--presto-player:video_id=10--><figure class=\"wp-block-video presto-block-video  presto-provider-audio\" style=\"--plyr-color-main: var(--presto-player-highlight-color, #000000); --presto-player-logo-width: 150px; --plyr-audio-controls-background: #000000;--plyr-audio-control-color: #ffffff;--plyr-range-thumb-background: #ffffff;--plyr-range-fill-background: #ffffff;--plyr-audio-progress-buffered-background: rgba(220,220,220,0.35); --presto-curtain-size: 25%\">\n\t<presto-player \n\t\tpreset='{&quot;id&quot;:1,&quot;name&quot;:&quot;Default&quot;,&quot;slug&quot;:&quot;default&quot;,&quot;icon&quot;:&quot;format-audio&quot;,&quot;skin&quot;:&quot;default&quot;,&quot;rewind&quot;:true,&quot;play&quot;:true,&quot;play-large&quot;:true,&quot;fast-forward&quot;:true,&quot;progress&quot;:true,&quot;current-time&quot;:true,&quot;mute&quot;:true,&quot;volume&quot;:true,&quot;speed&quot;:true,&quot;pip&quot;:false,&quot;reset_on_end&quot;:true,&quot;save_player_position&quot;:true,&quot;sticky_scroll&quot;:false,&quot;sticky_scroll_position&quot;:&quot;bottom right&quot;,&quot;on_video_end&quot;:&quot;select&quot;,&quot;play_video_viewport&quot;:false,&quot;show_time_elapsed&quot;:false,&quot;hide_logo&quot;:&quot;0&quot;,&quot;border_radius&quot;:0,&quot;background_color&quot;:&quot;&quot;,&quot;control_color&quot;:&quot;&quot;,&quot;is_locked&quot;:true,&quot;cta&quot;:[&quot;&quot;],&quot;email_collection&quot;:[&quot;&quot;],&quot;action_bar&quot;:[&quot;&quot;],&quot;created_by&quot;:1,&quot;created_at&quot;:&quot;2026-01-05 08:20:16&quot;,&quot;updated_at&quot;:&quot;2026-01-05 08:20:16&quot;,&quot;deleted_at&quot;:&quot;&quot;,&quot;type&quot;:&quot;audio&quot;}'\n\t\tbranding='{&quot;logo&quot;:&quot;&quot;,&quot;logo_width&quot;:150,&quot;color&quot;:&quot;#000000&quot;,&quot;player_css&quot;:&quot;&quot;}'\n\t\tchapters='[]'\n\t\toverlays='[]'\n\t\ttracks='[]'\n\t\tblock-attributes='{&quot;playsInline&quot;:true,&quot;src&quot;:&quot;https:\\\/\\\/laerkeryge.maktechagency.com\\\/wp-content\\\/uploads\\\/2025\\\/12\\\/Cap-5-Normal.mp3&quot;,&quot;title&quot;:&quot;Cap-5-Normal&quot;,&quot;preset&quot;:1,&quot;id&quot;:10,&quot;attachment_id&quot;:null}'\n\t\tanalytics=''\n\t\tautomations\t\tprovider='audio'\n\t\t\t\tid=\"presto-player-2\"\n\t\tsrc=\"https:\/\/laerkeryge.maktechagency.com\/wp-content\/uploads\/2025\/12\/Cap-5-Normal.mp3\"\n\t\tmedia-title=\"Cap-5-Normal\"\n\t\tcss=\"\"\n\t\tclass=\"presto-video-id-10 presto-preset-id-1 skin-default\"\n\t\tskin=\"default\" \n\t\ticon-url=\"https:\/\/laerkeryge.maktechagency.com\/wp-content\/plugins\/presto-player\/img\/sprite.svg\" \n\t\tpreload=\"\" \n\t\tposter=\"\"\n\t\tyoutube=\"{&quot;noCookie&quot;:false,&quot;channelId&quot;:&quot;&quot;,&quot;show_count&quot;:false}\"\n\t\tprovider-video-id=\"\"\n\t\tvideo-id=\"10\"\n\t\t\t\tplaysinline \n\t\t\t\t>\n\t\t\n\n\t<\/presto-player>\n<\/figure>\t\t\t\t<\/div>\n\t\t\t\t<\/div>\n\t\t\t\t<div class=\"elementor-element elementor-element-ed1fe89 elementor-widget elementor-widget-heading\" data-id=\"ed1fe89\" data-element_type=\"widget\" data-widget_type=\"heading.default\">\n\t\t\t\t\t<h2 class=\"elementor-heading-title elementor-size-default\">Normal\n\n<\/h2>\t\t\t\t<\/div>\n\t\t\t\t<\/div>\n\t\t\t\t<\/div>\n\t\t\t\t<\/div>\n\t\t<div class=\"elementor-element elementor-element-8bb8450 e-con-full e-flex e-con e-child\" data-id=\"8bb8450\" data-element_type=\"container\">\n\t\t<div class=\"elementor-element elementor-element-25802cc e-con-full e-flex e-con e-child\" data-id=\"25802cc\" data-element_type=\"container\">\n\t\t<div class=\"elementor-element elementor-element-aa4b040 e-con-full e-flex e-con e-child\" data-id=\"aa4b040\" data-element_type=\"container\">\n\t\t<div class=\"elementor-element elementor-element-8e93644 e-con-full e-flex e-con e-child\" data-id=\"8e93644\" data-element_type=\"container\">\n\t\t\t\t<div class=\"elementor-element elementor-element-0ccf19e elementor-widget elementor-widget-image\" data-id=\"0ccf19e\" data-element_type=\"widget\" data-widget_type=\"image.default\">\n\t\t\t\t\t\t\t\t\t\t\t\t\t\t\t\t<a href=\"https:\/\/laerkeryge.maktechagency.com\/wp-content\/uploads\/2025\/12\/5.frontpage.bar_ORIGINAL.webp\" data-elementor-open-lightbox=\"yes\" data-e-action-hash=\"#elementor-action%3Aaction%3Dlightbox%26settings%3DeyJpZCI6NDcxNSwidXJsIjoiaHR0cHM6XC9cL2xhZXJrZXJ5Z2UubWFrdGVjaGFnZW5jeS5jb21cL3dwLWNvbnRlbnRcL3VwbG9hZHNcLzIwMjVcLzEyXC81LmZyb250cGFnZS5iYXJfT1JJR0lOQUwud2VicCJ9\">\n\t\t\t\t\t\t\t<img fetchpriority=\"high\" decoding=\"async\" width=\"1024\" height=\"683\" src=\"https:\/\/laerkeryge.maktechagency.com\/wp-content\/uploads\/2025\/12\/5.frontpage.bar_ORIGINAL.webp\" class=\"attachment-full size-full wp-image-4715\" alt=\"\" srcset=\"https:\/\/laerkeryge.maktechagency.com\/wp-content\/uploads\/2025\/12\/5.frontpage.bar_ORIGINAL.webp 1024w, https:\/\/laerkeryge.maktechagency.com\/wp-content\/uploads\/2025\/12\/5.frontpage.bar_ORIGINAL-300x200.webp 300w, https:\/\/laerkeryge.maktechagency.com\/wp-content\/uploads\/2025\/12\/5.frontpage.bar_ORIGINAL-768x512.webp 768w\" sizes=\"(max-width: 1024px) 100vw, 1024px\" \/>\t\t\t\t\t\t\t\t<\/a>\n\t\t\t\t\t\t\t\t\t\t\t\t\t\t\t<\/div>\n\t\t\t\t<div class=\"elementor-element elementor-element-78d199f elementor-widget elementor-widget-text-editor\" data-id=\"78d199f\" data-element_type=\"widget\" data-widget_type=\"text-editor.default\">\n\t\t\t\t\t\t\t\t\t<div class=\"vc_row wpb_row vc_inner vc_row-fluid vc_custom_1546602388245 vc_row-has-fill\"><div class=\"wpb_column vc_column_container vc_col-sm-12\"><div class=\"vc_column-inner\"><div class=\"wpb_wrapper\"><div class=\"wpb_text_column wpb_content_element \"><div class=\"wpb_wrapper\"><div id=\"746257861900461706\"><div id=\"element-ea90ddc0-2145-43ea-8afe-52e644189f76\" class=\"platform-element-contents\" data-platform-element-id=\"821742489464575470-1.1.1\"><div class=\"border-box-wrap box_shadow_outset\"><div class=\"element-border-box border-box-background-none \"><div class=\"paragraph\"><strong>Bar de tapas.<\/strong><\/div><\/div><\/div><\/div><\/div><\/div><\/div><\/div><\/div><\/div><\/div>\t\t\t\t\t\t\t\t<\/div>\n\t\t\t\t<\/div>\n\t\t<div class=\"elementor-element elementor-element-d210bf0 e-con-full e-flex e-con e-child\" data-id=\"d210bf0\" data-element_type=\"container\">\n\t\t\t\t<div class=\"elementor-element elementor-element-bb6586d elementor-widget elementor-widget-text-editor\" data-id=\"bb6586d\" data-element_type=\"widget\" data-widget_type=\"text-editor.default\">\n\t\t\t\t\t\t\t\t\t<p><strong>Preguntas sobre el texto\u00a0<\/strong><br \/>a. \u00bfQu\u00e9 ha hecho Marie este d\u00eda?<br \/>b. \u00bfQu\u00e9 tipo de comida ha comprado Marie en el supermercado?<br \/>c. \u00bfQu\u00e9 han hecho Marie y su familia espa\u00f1ola esta noche?<br \/>d. \u00bfDe qu\u00e9 est\u00e1 harto el rey?<br \/>\u200be. \u00bfCu\u00e1l es la tapa favorita de Silvia? \u00bfy de Javier?<br \/>f. \u00bfPor qu\u00e9 a Marie le encanta la costumbre de las tapas?<br \/>g. \u00bfQu\u00e9 no le gusta a Marie?<br \/>h. \u00bfPor qu\u00e9 crees t\u00fa que Marie no dice nada a Javier y Silvia cuando meten sus tenedores en su plato?<\/p>\t\t\t\t\t\t\t\t<\/div>\n\t\t\t\t<\/div>\n\t\t<div class=\"elementor-element elementor-element-f225284 e-con-full e-flex e-con e-child\" data-id=\"f225284\" data-element_type=\"container\">\n\t\t\t\t<div class=\"elementor-element elementor-element-f9e96bc elementor-widget elementor-widget-text-editor\" data-id=\"f9e96bc\" data-element_type=\"widget\" data-widget_type=\"text-editor.default\">\n\t\t\t\t\t\t\t\t\t<p><strong>Skriv korrekte s\u00e6tninger ved at s\u00e6tte ordene\/klynger af ord i den rigtige r\u00e6kkef\u00f8lge. Der kan v\u00e6re flere muligheder<\/strong><\/p>\t\t\t\t\t\t\t\t<\/div>\n\t\t\t\t<div class=\"elementor-element elementor-element-67465ed elementor-widget elementor-widget-text-editor\" data-id=\"67465ed\" data-element_type=\"widget\" data-widget_type=\"text-editor.default\">\n\t\t\t\t\t\t\t\t\t<p>1. M\u00e1laga restaurantes en hay muchos<br \/>2. salido noche esta ha familia la<br \/>3. tapas Espa\u00f1a t\u00edpicas en las son<br \/>4. los Marie playa con la est\u00e1 en amigos<\/p>\t\t\t\t\t\t\t\t<\/div>\n\t\t\t\t<\/div>\n\t\t\t\t<\/div>\n\t\t<div class=\"elementor-element elementor-element-a208efe e-con-full e-flex e-con e-child\" data-id=\"a208efe\" data-element_type=\"container\">\n\t\t<div class=\"elementor-element elementor-element-6dc32d4 e-con-full e-flex e-con e-child\" data-id=\"6dc32d4\" data-element_type=\"container\">\n\t\t\t\t<div class=\"elementor-element elementor-element-2b9e2fc elementor-widget elementor-widget-text-editor\" data-id=\"2b9e2fc\" data-element_type=\"widget\" data-widget_type=\"text-editor.default\">\n\t\t\t\t\t\t\t\t\t<p><strong>Entrenamiento de vocabulario<\/strong><br \/>Lista completa.<strong>\u00a0<\/strong>Pulse\u00a0<strong><a href=\"https:\/\/quizlet.com\/_3l3go1\" target=\"_blank\" rel=\"noopener noreferrer\">aqu\u00ed<\/a>\u00a0<\/strong><br \/>Lista reducida. Pulse\u00a0<strong><a href=\"http:\/\/quizlet.com\/_50fxfb\" target=\"_blank\" rel=\"noopener noreferrer\">aqu\u00ed<\/a><\/strong><\/p>\t\t\t\t\t\t\t\t<\/div>\n\t\t\t\t<\/div>\n\t\t<div class=\"elementor-element elementor-element-1e03f41 e-con-full e-flex e-con e-child\" data-id=\"1e03f41\" data-element_type=\"container\">\n\t\t\t\t<div class=\"elementor-element elementor-element-e034a17 elementor-widget elementor-widget-text-editor\" data-id=\"e034a17\" data-element_type=\"widget\" data-widget_type=\"text-editor.default\">\n\t\t\t\t\t\t\t\t\t<p><strong>Vocabulario para el texto\u00a0<\/strong><br \/>rato (m): et stykke tid<br \/>bocadillo (m): sandwich<br \/>queso (m): ost<br \/>mostrar\/ue\/: at vise<br \/>\u200bestar tumbado: at ligge<br \/>bastante: temmelig<br \/>supuestamente: tilsyneladende<br \/>\u200bhace mucho tiempo: for l\u00e6nge siden<br \/>harto de: tr\u00e6t af<br \/>borracho: fuld<br \/>mandar: at forlange<br \/>originalmente: oprindeligt<br \/>empezar\/ie\/: at begynde<br \/>tapar: at d\u00e6kke<br \/>trozo (m): stykke<br \/>\u200bevitar: at undg\u00e5<br \/>mosca (f): flue<br \/>polvo (m): st\u00f8v<br \/>tortilla (f) espa\u00f1ola: spansk \u00e6ggekage<br \/>pulpo (m): bl\u00e6ksprutte<br \/>por supuesto: selvf\u00f8lgelig<br \/>\u200bpescado (m): fisk<br \/>marisco (m): skaldyr<br \/>encantar: at v\u00e6re vild med<br \/>pedir: at bestille<br \/>compartir: at dele<br \/>demasiado: for meget<br \/>meter: at anbringe<br \/>tenedor (m): gaffel<br \/>plato (m): tallerken<br \/>\u200bprobar\/ue\/: at smage<\/p>\t\t\t\t\t\t\t\t<\/div>\n\t\t\t\t<\/div>\n\t\t<div class=\"elementor-element elementor-element-e5f2c1f e-con-full e-flex e-con e-child\" data-id=\"e5f2c1f\" data-element_type=\"container\" data-settings=\"{&quot;background_background&quot;:&quot;classic&quot;}\">\n\t\t<div class=\"elementor-element elementor-element-a26556c e-con-full e-flex e-con e-child\" data-id=\"a26556c\" data-element_type=\"container\" data-settings=\"{&quot;background_background&quot;:&quot;classic&quot;}\">\n\t\t\t\t<div class=\"elementor-element elementor-element-267b20c elementor-widget elementor-widget-text-editor\" data-id=\"267b20c\" data-element_type=\"widget\" data-widget_type=\"text-editor.default\">\n\t\t\t\t\t\t\t\t\t<p><strong>\u00bfSabes que?\u00a0<\/strong><\/p>\t\t\t\t\t\t\t\t<\/div>\n\t\t\t\t<div class=\"elementor-element elementor-element-4b795b9 elementor-widget elementor-widget-text-editor\" data-id=\"4b795b9\" data-element_type=\"widget\" data-widget_type=\"text-editor.default\">\n\t\t\t\t\t\t\t\t\t<p>Hvis tjeneren siger\u00a0<em>guapo<\/em>\/<em>guapa<\/em>\u00a0eller\u00a0<em>mi amor<\/em>\u00a0til dig, er vedkommende blot h\u00f8flig. Det er alts\u00e5 ikke fordi tjeneren flirter med dig!<\/p>\t\t\t\t\t\t\t\t<\/div>\n\t\t\t\t<\/div>\n\t\t\t\t<\/div>\n\t\t\t\t<\/div>\n\t\t\t\t<\/div>\n\t\t\t\t<\/div>\n\t\t<div class=\"elementor-element elementor-element-7cb15f1 e-con-full e-flex e-con e-child\" data-id=\"7cb15f1\" data-element_type=\"container\">\n\t\t\t\t<div class=\"elementor-element elementor-element-580511b elementor-widget elementor-widget-text-editor\" data-id=\"580511b\" data-element_type=\"widget\" data-widget_type=\"text-editor.default\">\n\t\t\t\t\t\t\t\t\t<p><strong>Quiz para el texto<\/strong>. Pulse <strong><a href=\"https:\/\/www.quia.com\/quiz\/6413850.html\" target=\"_blank\" rel=\"noopener\">aqu\u00ed<\/a><\/strong><\/p>\t\t\t\t\t\t\t\t<\/div>\n\t\t\t\t<\/div>\n\t\t\t\t<\/div>\n\t\t\t\t<\/div>\n\t\t","protected":false},"excerpt":{"rendered":"<p>DAGBOG: Ir de tapas M\u00e1laga, 13 de julio a las once y media de la noche. Hoy ha sido otro [&hellip;]<\/p>\n","protected":false},"author":1,"featured_media":0,"parent":0,"menu_order":0,"comment_status":"closed","ping_status":"closed","template":"elementor_header_footer","meta":{"site-sidebar-layout":"no-sidebar","site-content-layout":"","ast-site-content-layout":"full-width-container","site-content-style":"default","site-sidebar-style":"default","ast-global-header-display":"","ast-banner-title-visibility":"","ast-main-header-display":"","ast-hfb-above-header-display":"","ast-hfb-below-header-display":"","ast-hfb-mobile-header-display":"","site-post-title":"","ast-breadcrumbs-content":"","ast-featured-img":"disabled","footer-sml-layout":"","ast-disable-related-posts":"","theme-transparent-header-meta":"","adv-header-id-meta":"","stick-header-meta":"","header-above-stick-meta":"","header-main-stick-meta":"","header-below-stick-meta":"","astra-migrate-meta-layouts":"default","ast-page-background-enabled":"default","ast-page-background-meta":{"desktop":{"background-color":"var(--ast-global-color-5)","background-image":"","background-repeat":"repeat","background-position":"center center","background-size":"auto","background-attachment":"scroll","background-type":"","background-media":"","overlay-type":"","overlay-color":"","overlay-opacity":"","overlay-gradient":""},"tablet":{"background-color":"","background-image":"","background-repeat":"repeat","background-position":"center center","background-size":"auto","background-attachment":"scroll","background-type":"","background-media":"","overlay-type":"","overlay-color":"","overlay-opacity":"","overlay-gradient":""},"mobile":{"background-color":"","background-image":"","background-repeat":"repeat","background-position":"center center","background-size":"auto","background-attachment":"scroll","background-type":"","background-media":"","overlay-type":"","overlay-color":"","overlay-opacity":"","overlay-gradient":""}},"ast-content-background-meta":{"desktop":{"background-color":"var(--ast-global-color-4)","background-image":"","background-repeat":"repeat","background-position":"center center","background-size":"auto","background-attachment":"scroll","background-type":"","background-media":"","overlay-type":"","overlay-color":"","overlay-opacity":"","overlay-gradient":""},"tablet":{"background-color":"var(--ast-global-color-4)","background-image":"","background-repeat":"repeat","background-position":"center center","background-size":"auto","background-attachment":"scroll","background-type":"","background-media":"","overlay-type":"","overlay-color":"","overlay-opacity":"","overlay-gradient":""},"mobile":{"background-color":"var(--ast-global-color-4)","background-image":"","background-repeat":"repeat","background-position":"center center","background-size":"auto","background-attachment":"scroll","background-type":"","background-media":"","overlay-type":"","overlay-color":"","overlay-opacity":"","overlay-gradient":""}},"footnotes":""},"class_list":["post-49","page","type-page","status-publish","hentry"],"_links":{"self":[{"href":"https:\/\/laerkeryge.maktechagency.com\/index.php\/wp-json\/wp\/v2\/pages\/49","targetHints":{"allow":["GET"]}}],"collection":[{"href":"https:\/\/laerkeryge.maktechagency.com\/index.php\/wp-json\/wp\/v2\/pages"}],"about":[{"href":"https:\/\/laerkeryge.maktechagency.com\/index.php\/wp-json\/wp\/v2\/types\/page"}],"author":[{"embeddable":true,"href":"https:\/\/laerkeryge.maktechagency.com\/index.php\/wp-json\/wp\/v2\/users\/1"}],"replies":[{"embeddable":true,"href":"https:\/\/laerkeryge.maktechagency.com\/index.php\/wp-json\/wp\/v2\/comments?post=49"}],"version-history":[{"count":109,"href":"https:\/\/laerkeryge.maktechagency.com\/index.php\/wp-json\/wp\/v2\/pages\/49\/revisions"}],"predecessor-version":[{"id":9056,"href":"https:\/\/laerkeryge.maktechagency.com\/index.php\/wp-json\/wp\/v2\/pages\/49\/revisions\/9056"}],"wp:attachment":[{"href":"https:\/\/laerkeryge.maktechagency.com\/index.php\/wp-json\/wp\/v2\/media?parent=49"}],"curies":[{"name":"wp","href":"https:\/\/api.w.org\/{rel}","templated":true}]}}