{"id":47,"date":"2025-12-20T07:59:22","date_gmt":"2025-12-20T07:59:22","guid":{"rendered":"https:\/\/laerkeryge.maktechagency.com\/?page_id=47"},"modified":"2026-01-15T03:35:01","modified_gmt":"2026-01-15T03:35:01","slug":"cap-4","status":"publish","type":"page","link":"https:\/\/laerkeryge.maktechagency.com\/index.php\/cap-4\/","title":{"rendered":"Cap 4"},"content":{"rendered":"\t\t<div data-elementor-type=\"wp-page\" data-elementor-id=\"47\" class=\"elementor elementor-47\" data-elementor-post-type=\"page\">\n\t\t\t\t<div class=\"elementor-element elementor-element-7d476c4 e-con-full e-flex e-con e-parent\" data-id=\"7d476c4\" data-element_type=\"container\" data-settings=\"{&quot;background_background&quot;:&quot;classic&quot;}\">\n\t\t\t\t<\/div>\n\t\t<div class=\"elementor-element elementor-element-bfdcf94 e-con-full e-flex e-con e-parent\" data-id=\"bfdcf94\" data-element_type=\"container\">\n\t\t<div class=\"elementor-element elementor-element-6e54d2d e-con-full e-flex e-con e-child\" data-id=\"6e54d2d\" data-element_type=\"container\">\n\t\t<div class=\"elementor-element elementor-element-973d1a7 e-con-full e-flex e-con e-child\" data-id=\"973d1a7\" data-element_type=\"container\">\n\t\t\t\t<div class=\"elementor-element elementor-element-c6886e7 elementor-widget elementor-widget-heading\" data-id=\"c6886e7\" data-element_type=\"widget\" data-widget_type=\"heading.default\">\n\t\t\t\t\t<h2 class=\"elementor-heading-title elementor-size-default\">ARTIKEL: Los j\u00f3venes malague\u00f1os\n\n<\/h2>\t\t\t\t<\/div>\n\t\t\t\t<div class=\"elementor-element elementor-element-ded8026 elementor-widget elementor-widget-image\" data-id=\"ded8026\" data-element_type=\"widget\" data-widget_type=\"image.default\">\n\t\t\t\t\t\t\t\t\t\t\t\t\t\t\t\t<a href=\"https:\/\/laerkeryge.maktechagency.com\/wp-content\/uploads\/2025\/12\/Manuel.png\" data-elementor-open-lightbox=\"yes\" data-e-action-hash=\"#elementor-action%3Aaction%3Dlightbox%26settings%3DeyJpZCI6NDUwMiwidXJsIjoiaHR0cHM6XC9cL2xhZXJrZXJ5Z2UubWFrdGVjaGFnZW5jeS5jb21cL3dwLWNvbnRlbnRcL3VwbG9hZHNcLzIwMjVcLzEyXC9NYW51ZWwucG5nIn0%3D\">\n\t\t\t\t\t\t\t<img fetchpriority=\"high\" decoding=\"async\" width=\"947\" height=\"567\" src=\"https:\/\/laerkeryge.maktechagency.com\/wp-content\/uploads\/2025\/12\/Manuel.png\" class=\"attachment-full size-full wp-image-4502\" alt=\"\" srcset=\"https:\/\/laerkeryge.maktechagency.com\/wp-content\/uploads\/2025\/12\/Manuel.png 947w, https:\/\/laerkeryge.maktechagency.com\/wp-content\/uploads\/2025\/12\/Manuel-300x180.png 300w, https:\/\/laerkeryge.maktechagency.com\/wp-content\/uploads\/2025\/12\/Manuel-768x460.png 768w\" sizes=\"(max-width: 947px) 100vw, 947px\" \/>\t\t\t\t\t\t\t\t<\/a>\n\t\t\t\t\t\t\t\t\t\t\t\t\t\t\t<\/div>\n\t\t\t\t<div class=\"elementor-element elementor-element-ac05756 elementor-widget elementor-widget-text-editor\" data-id=\"ac05756\" data-element_type=\"widget\" data-widget_type=\"text-editor.default\">\n\t\t\t\t\t\t\t\t\t<p><strong>Manuel Gallardo Plaza es un t\u00edpico joven malague\u00f1o. Foto: Marie Jensen<\/strong><\/p>\t\t\t\t\t\t\t\t<\/div>\n\t\t\t\t<div class=\"elementor-element elementor-element-c13b941 elementor-widget elementor-widget-heading\" data-id=\"c13b941\" data-element_type=\"widget\" data-widget_type=\"heading.default\">\n\t\t\t\t\t<h2 class=\"elementor-heading-title elementor-size-default\">Los j\u00f3venes pobres con esperanza\n\n\n<\/h2>\t\t\t\t<\/div>\n\t\t\t\t<div class=\"elementor-element elementor-element-462f262 elementor-widget elementor-widget-text-editor\" data-id=\"462f262\" data-element_type=\"widget\" data-widget_type=\"text-editor.default\">\n\t\t\t\t\t\t\t\t\t<p>Marie Jensen, 9 de julio de 2017<\/p>\t\t\t\t\t\t\t\t<\/div>\n\t\t\t\t<div class=\"elementor-element elementor-element-f35348e elementor-widget elementor-widget-text-editor\" data-id=\"f35348e\" data-element_type=\"widget\" data-widget_type=\"text-editor.default\">\n\t\t\t\t\t\t\t\t\t<p>Espa\u00f1a no es un pa\u00eds para j\u00f3venes. Un 43 por ciento de los j\u00f3venes andaluces menores de 30 a\u00f1os est\u00e1 en paro y no tiene dinero para irse de casa. Aunque la realidad es dif\u00edcil, los j\u00f3venes todav\u00eda tienen esperanza y buscan alternativas para tener un buen futuro.<\/p>\t\t\t\t\t\t\t\t<\/div>\n\t\t\t\t<div class=\"elementor-element elementor-element-47c8f5e elementor-widget elementor-widget-text-editor\" data-id=\"47c8f5e\" data-element_type=\"widget\" data-widget_type=\"text-editor.default\">\n\t\t\t\t\t\t\t\t\t<p>En Andaluc\u00eda, muchos de los j\u00f3venes empiezan a estudiar para tener una buena formaci\u00f3n. Desgraciadamente, es dif\u00edcil conseguir un trabajo despu\u00e9s de terminar los estudios. Hoy en d\u00eda, un 80 por ciento de los j\u00f3venes est\u00e1 pensando en dejar Espa\u00f1a y probar fortuna en otro pa\u00eds. Manuel Gallardo Plaza es uno de ellos y tiene tanto desaf\u00edos como sue\u00f1os. Estudia Geograf\u00eda en la Universidad de M\u00e1laga y durante este verano ha encontrado un trabajo en TGB que es una cadena de comida r\u00e1pida.<\/p>\t\t\t\t\t\t\t\t<\/div>\n\t\t\t\t<div class=\"elementor-element elementor-element-38aaaf1 elementor-widget elementor-widget-text-editor\" data-id=\"38aaaf1\" data-element_type=\"widget\" data-widget_type=\"text-editor.default\">\n\t\t\t\t\t\t\t\t\t<p>\u00bfPor qu\u00e9 es dif\u00edcil ser joven en M\u00e1laga?<br \/>\u201cEn M\u00e1laga, ser joven es m\u00e1s complicado que en otras ciudades europeas, donde los estudiantes tienen m\u00e1s posibilidades.\u201d<\/p>\t\t\t\t\t\t\t\t<\/div>\n\t\t\t\t<div class=\"elementor-element elementor-element-994269c elementor-widget elementor-widget-text-editor\" data-id=\"994269c\" data-element_type=\"widget\" data-widget_type=\"text-editor.default\">\n\t\t\t\t\t\t\t\t\t<p>\u00bfHay futuro para ti en M\u00e1laga?<br \/>\u201cEncontrar el trabajo de mis sue\u00f1os es complicado en M\u00e1laga porque la situaci\u00f3n laboral es dif\u00edcil. Tambi\u00e9n es una ciudad peque\u00f1a en comparaci\u00f3n con otras ciudades espa\u00f1olas. Hay m\u00e1s oportunidades en Madrid o en Barcelona, ciudades m\u00e1s grandes. Pero s\u00ed, voy a encontrar un trabajo en Espa\u00f1a o en el extranjero. No quiero seguir viviendo en la casa de mis padres\u201d.<\/p>\t\t\t\t\t\t\t\t<\/div>\n\t\t\t\t<div class=\"elementor-element elementor-element-9d4a9e7 elementor-widget elementor-widget-text-editor\" data-id=\"9d4a9e7\" data-element_type=\"widget\" data-widget_type=\"text-editor.default\">\n\t\t\t\t\t\t\t\t\t<p>El optimismo es algo que destaca entre los j\u00f3venes andaluces. Un informe reci\u00e9n publicado muestra que el 67 por ciento de los preuniversitarios considera que en cinco a\u00f1os la situaci\u00f3n laboral va a mejorar.<\/p>\t\t\t\t\t\t\t\t<\/div>\n\t\t\t\t<\/div>\n\t\t<div class=\"elementor-element elementor-element-4f2153a e-con-full e-flex e-con e-child\" data-id=\"4f2153a\" data-element_type=\"container\">\n\t\t<div class=\"elementor-element elementor-element-6bc0dd6 e-con-full e-flex e-con e-child\" data-id=\"6bc0dd6\" data-element_type=\"container\">\n\t\t\t\t<div class=\"elementor-element elementor-element-c2aef3c elementor-widget elementor-widget-presto_video\" data-id=\"c2aef3c\" data-element_type=\"widget\" data-widget_type=\"presto_video.default\">\n\t\t\t\t<div class=\"elementor-widget-container\">\n\t\t\t\t\t<!--presto-player:video_id=7--><figure class=\"wp-block-video presto-block-video  presto-provider-audio\" style=\"--plyr-color-main: var(--presto-player-highlight-color, #000000); --presto-player-logo-width: 150px; --plyr-audio-controls-background: #000000;--plyr-audio-control-color: #ffffff;--plyr-range-thumb-background: #ffffff;--plyr-range-fill-background: #ffffff;--plyr-audio-progress-buffered-background: rgba(220,220,220,0.35); --presto-curtain-size: 25%\">\n\t<presto-player \n\t\tpreset='{&quot;id&quot;:1,&quot;name&quot;:&quot;Default&quot;,&quot;slug&quot;:&quot;default&quot;,&quot;icon&quot;:&quot;format-audio&quot;,&quot;skin&quot;:&quot;default&quot;,&quot;rewind&quot;:true,&quot;play&quot;:true,&quot;play-large&quot;:true,&quot;fast-forward&quot;:true,&quot;progress&quot;:true,&quot;current-time&quot;:true,&quot;mute&quot;:true,&quot;volume&quot;:true,&quot;speed&quot;:true,&quot;pip&quot;:false,&quot;reset_on_end&quot;:true,&quot;save_player_position&quot;:true,&quot;sticky_scroll&quot;:false,&quot;sticky_scroll_position&quot;:&quot;bottom right&quot;,&quot;on_video_end&quot;:&quot;select&quot;,&quot;play_video_viewport&quot;:false,&quot;show_time_elapsed&quot;:false,&quot;hide_logo&quot;:&quot;0&quot;,&quot;border_radius&quot;:0,&quot;background_color&quot;:&quot;&quot;,&quot;control_color&quot;:&quot;&quot;,&quot;is_locked&quot;:true,&quot;cta&quot;:[&quot;&quot;],&quot;email_collection&quot;:[&quot;&quot;],&quot;action_bar&quot;:[&quot;&quot;],&quot;created_by&quot;:1,&quot;created_at&quot;:&quot;2026-01-05 08:20:16&quot;,&quot;updated_at&quot;:&quot;2026-01-05 08:20:16&quot;,&quot;deleted_at&quot;:&quot;&quot;,&quot;type&quot;:&quot;audio&quot;}'\n\t\tbranding='{&quot;logo&quot;:&quot;&quot;,&quot;logo_width&quot;:150,&quot;color&quot;:&quot;#000000&quot;,&quot;player_css&quot;:&quot;&quot;}'\n\t\tchapters='[]'\n\t\toverlays='[]'\n\t\ttracks='[]'\n\t\tblock-attributes='{&quot;playsInline&quot;:true,&quot;src&quot;:&quot;https:\\\/\\\/laerkeryge.maktechagency.com\\\/wp-content\\\/uploads\\\/2025\\\/12\\\/Cap-4-Lento.mp3&quot;,&quot;title&quot;:&quot;Cap-4-Lento&quot;,&quot;preset&quot;:1,&quot;id&quot;:7,&quot;attachment_id&quot;:null}'\n\t\tanalytics=''\n\t\tautomations\t\tprovider='audio'\n\t\t\t\tid=\"presto-player-1\"\n\t\tsrc=\"https:\/\/laerkeryge.maktechagency.com\/wp-content\/uploads\/2025\/12\/Cap-4-Lento.mp3\"\n\t\tmedia-title=\"Cap-4-Lento\"\n\t\tcss=\"\"\n\t\tclass=\"presto-video-id-7 presto-preset-id-1 skin-default\"\n\t\tskin=\"default\" \n\t\ticon-url=\"https:\/\/laerkeryge.maktechagency.com\/wp-content\/plugins\/presto-player\/img\/sprite.svg\" \n\t\tpreload=\"\" \n\t\tposter=\"\"\n\t\tyoutube=\"{&quot;noCookie&quot;:false,&quot;channelId&quot;:&quot;&quot;,&quot;show_count&quot;:false}\"\n\t\tprovider-video-id=\"\"\n\t\tvideo-id=\"7\"\n\t\t\t\tplaysinline \n\t\t\t\t>\n\t\t\n\n\t<\/presto-player>\n<\/figure>\t\t\t\t<\/div>\n\t\t\t\t<\/div>\n\t\t\t\t<div class=\"elementor-element elementor-element-fc13eaa elementor-widget elementor-widget-heading\" data-id=\"fc13eaa\" data-element_type=\"widget\" data-widget_type=\"heading.default\">\n\t\t\t\t\t<h2 class=\"elementor-heading-title elementor-size-default\">Lento\n\n<\/h2>\t\t\t\t<\/div>\n\t\t\t\t<\/div>\n\t\t<div class=\"elementor-element elementor-element-9af9454 e-con-full e-flex e-con e-child\" data-id=\"9af9454\" data-element_type=\"container\">\n\t\t<div class=\"elementor-element elementor-element-bccccbb e-con-full e-flex e-con e-child\" data-id=\"bccccbb\" data-element_type=\"container\">\n\t\t\t\t<div class=\"elementor-element elementor-element-7b80a2b elementor-widget elementor-widget-presto_video\" data-id=\"7b80a2b\" data-element_type=\"widget\" data-widget_type=\"presto_video.default\">\n\t\t\t\t<div class=\"elementor-widget-container\">\n\t\t\t\t\t<!--presto-player:video_id=8--><figure class=\"wp-block-video presto-block-video  presto-provider-audio\" style=\"--plyr-color-main: var(--presto-player-highlight-color, #000000); --presto-player-logo-width: 150px; --plyr-audio-controls-background: #000000;--plyr-audio-control-color: #ffffff;--plyr-range-thumb-background: #ffffff;--plyr-range-fill-background: #ffffff;--plyr-audio-progress-buffered-background: rgba(220,220,220,0.35); --presto-curtain-size: 25%\">\n\t<presto-player \n\t\tpreset='{&quot;id&quot;:1,&quot;name&quot;:&quot;Default&quot;,&quot;slug&quot;:&quot;default&quot;,&quot;icon&quot;:&quot;format-audio&quot;,&quot;skin&quot;:&quot;default&quot;,&quot;rewind&quot;:true,&quot;play&quot;:true,&quot;play-large&quot;:true,&quot;fast-forward&quot;:true,&quot;progress&quot;:true,&quot;current-time&quot;:true,&quot;mute&quot;:true,&quot;volume&quot;:true,&quot;speed&quot;:true,&quot;pip&quot;:false,&quot;reset_on_end&quot;:true,&quot;save_player_position&quot;:true,&quot;sticky_scroll&quot;:false,&quot;sticky_scroll_position&quot;:&quot;bottom right&quot;,&quot;on_video_end&quot;:&quot;select&quot;,&quot;play_video_viewport&quot;:false,&quot;show_time_elapsed&quot;:false,&quot;hide_logo&quot;:&quot;0&quot;,&quot;border_radius&quot;:0,&quot;background_color&quot;:&quot;&quot;,&quot;control_color&quot;:&quot;&quot;,&quot;is_locked&quot;:true,&quot;cta&quot;:[&quot;&quot;],&quot;email_collection&quot;:[&quot;&quot;],&quot;action_bar&quot;:[&quot;&quot;],&quot;created_by&quot;:1,&quot;created_at&quot;:&quot;2026-01-05 08:20:16&quot;,&quot;updated_at&quot;:&quot;2026-01-05 08:20:16&quot;,&quot;deleted_at&quot;:&quot;&quot;,&quot;type&quot;:&quot;audio&quot;}'\n\t\tbranding='{&quot;logo&quot;:&quot;&quot;,&quot;logo_width&quot;:150,&quot;color&quot;:&quot;#000000&quot;,&quot;player_css&quot;:&quot;&quot;}'\n\t\tchapters='[]'\n\t\toverlays='[]'\n\t\ttracks='[]'\n\t\tblock-attributes='{&quot;playsInline&quot;:true,&quot;src&quot;:&quot;https:\\\/\\\/laerkeryge.maktechagency.com\\\/wp-content\\\/uploads\\\/2025\\\/12\\\/Cap-4-Normal.mp3&quot;,&quot;title&quot;:&quot;Cap-4-Normal&quot;,&quot;preset&quot;:1,&quot;id&quot;:8,&quot;attachment_id&quot;:null}'\n\t\tanalytics=''\n\t\tautomations\t\tprovider='audio'\n\t\t\t\tid=\"presto-player-2\"\n\t\tsrc=\"https:\/\/laerkeryge.maktechagency.com\/wp-content\/uploads\/2025\/12\/Cap-4-Normal.mp3\"\n\t\tmedia-title=\"Cap-4-Normal\"\n\t\tcss=\"\"\n\t\tclass=\"presto-video-id-8 presto-preset-id-1 skin-default\"\n\t\tskin=\"default\" \n\t\ticon-url=\"https:\/\/laerkeryge.maktechagency.com\/wp-content\/plugins\/presto-player\/img\/sprite.svg\" \n\t\tpreload=\"\" \n\t\tposter=\"\"\n\t\tyoutube=\"{&quot;noCookie&quot;:false,&quot;channelId&quot;:&quot;&quot;,&quot;show_count&quot;:false}\"\n\t\tprovider-video-id=\"\"\n\t\tvideo-id=\"8\"\n\t\t\t\tplaysinline \n\t\t\t\t>\n\t\t\n\n\t<\/presto-player>\n<\/figure>\t\t\t\t<\/div>\n\t\t\t\t<\/div>\n\t\t\t\t<div class=\"elementor-element elementor-element-74a15b6 elementor-widget elementor-widget-heading\" data-id=\"74a15b6\" data-element_type=\"widget\" data-widget_type=\"heading.default\">\n\t\t\t\t\t<h2 class=\"elementor-heading-title elementor-size-default\">Normal\n\n<\/h2>\t\t\t\t<\/div>\n\t\t\t\t<\/div>\n\t\t\t\t<\/div>\n\t\t\t\t<\/div>\n\t\t<div class=\"elementor-element elementor-element-38d582e e-con-full e-flex e-con e-child\" data-id=\"38d582e\" data-element_type=\"container\">\n\t\t<div class=\"elementor-element elementor-element-015a1b3 e-con-full e-flex e-con e-child\" data-id=\"015a1b3\" data-element_type=\"container\">\n\t\t<div class=\"elementor-element elementor-element-ece33ba e-con-full e-flex e-con e-child\" data-id=\"ece33ba\" data-element_type=\"container\">\n\t\t<div class=\"elementor-element elementor-element-1e94662 e-con-full e-flex e-con e-child\" data-id=\"1e94662\" data-element_type=\"container\">\n\t\t\t\t<div class=\"elementor-element elementor-element-a2a8e38 elementor-widget elementor-widget-text-editor\" data-id=\"a2a8e38\" data-element_type=\"widget\" data-widget_type=\"text-editor.default\">\n\t\t\t\t\t\t\t\t\t<p><strong>Preguntas sobre el texto<\/strong><br \/>a. \u00bfQu\u00e9 porcentaje de los j\u00f3venes espa\u00f1oles est\u00e1 en paro?<br \/>b. \u00bfPor qu\u00e9 est\u00e1 pensando el 80 por ciento de los j\u00f3venes en dejar el pa\u00eds?<br \/>c. \u00bfQu\u00e9 estudia Manuel?<br \/>d. \u00bfD\u00f3nde trabaja Manuel durante el verano?<br \/>e. \u00bfPor qu\u00e9 es complicado ser joven en M\u00e1laga, seg\u00fan Manuel?<br \/>f. \u00bfHay un futuro para Manuel en M\u00e1laga?<br \/>g. \u00bfEn qu\u00e9 ciudades espa\u00f1olas hay m\u00e1s posibilidades, seg\u00fan Manuel?<br \/>h. \u00bfQu\u00e9 destaca entre los j\u00f3venes andaluces?<br \/>i. \u00bfQu\u00e9 muestra el informe reci\u00e9n publicado?<\/p>\t\t\t\t\t\t\t\t<\/div>\n\t\t\t\t<\/div>\n\t\t<div class=\"elementor-element elementor-element-d53d4ac e-con-full e-flex e-con e-child\" data-id=\"d53d4ac\" data-element_type=\"container\" data-settings=\"{&quot;background_background&quot;:&quot;classic&quot;}\">\n\t\t<div class=\"elementor-element elementor-element-acb1dae e-con-full e-flex e-con e-child\" data-id=\"acb1dae\" data-element_type=\"container\" data-settings=\"{&quot;background_background&quot;:&quot;classic&quot;}\">\n\t\t\t\t<div class=\"elementor-element elementor-element-d262775 elementor-widget elementor-widget-text-editor\" data-id=\"d262775\" data-element_type=\"widget\" data-widget_type=\"text-editor.default\">\n\t\t\t\t\t\t\t\t\t<p><strong>\u00bfSabes que?\u00a0<\/strong><\/p>\t\t\t\t\t\t\t\t<\/div>\n\t\t\t\t<div class=\"elementor-element elementor-element-8c8d57e elementor-widget elementor-widget-text-editor\" data-id=\"8c8d57e\" data-element_type=\"widget\" data-widget_type=\"text-editor.default\">\n\t\t\t\t\t\t\t\t\t<p>Mere end halvdelen af de spanske unge under 30 \u00e5r, der har et arbejde, er ikke fastansatte. De har kun vikarlignende kontrakter, hvor de eksempelvis kun er sikret 3 m\u00e5neders arbejde. Dette betyder, at det er sv\u00e6rt for dem at flytte hjemmefra, at l\u00e5ne penge i banken m.m.<br \/>Omkring en fjerdedel\u00a0af de unge laver ikke noget som helst! Det er de s\u00e5kaldte\u00a0<em>ninis<\/em>\u00a0(hverken-eller). De hverken studerer eller arbejder \u2013\u00a0<em>ni estudian ni trabajan<\/em>.<\/p>\t\t\t\t\t\t\t\t<\/div>\n\t\t\t\t<\/div>\n\t\t\t\t<\/div>\n\t\t<div class=\"elementor-element elementor-element-82bfb38 e-con-full e-flex e-con e-child\" data-id=\"82bfb38\" data-element_type=\"container\">\n\t\t\t\t<div class=\"elementor-element elementor-element-67e8b1f elementor-widget elementor-widget-text-editor\" data-id=\"67e8b1f\" data-element_type=\"widget\" data-widget_type=\"text-editor.default\">\n\t\t\t\t\t\t\t\t\t<p><strong>\u00bfCu\u00e1l es la diferencia?\u00a0<\/strong><\/p>\t\t\t\t\t\t\t\t<\/div>\n\t\t\t\t<div class=\"elementor-element elementor-element-ecc08c1 elementor-widget elementor-widget-text-editor\" data-id=\"ecc08c1\" data-element_type=\"widget\" data-widget_type=\"text-editor.default\">\n\t\t\t\t\t\t\t\t\t<p>Forklar ordet p\u00e5 spansk uden at bruge den korrekte spanske glose.<br \/>empezar \u2013 terminar<br \/>irse de casa \u2013 quedarse en casa<br \/>joven \u2013 mayor<\/p>\t\t\t\t\t\t\t\t<\/div>\n\t\t\t\t<\/div>\n\t\t\t\t<\/div>\n\t\t<div class=\"elementor-element elementor-element-3d6bca5 e-con-full e-flex e-con e-child\" data-id=\"3d6bca5\" data-element_type=\"container\">\n\t\t<div class=\"elementor-element elementor-element-5fe9bab e-con-full e-flex e-con e-child\" data-id=\"5fe9bab\" data-element_type=\"container\">\n\t\t\t\t<div class=\"elementor-element elementor-element-8571763 elementor-widget elementor-widget-text-editor\" data-id=\"8571763\" data-element_type=\"widget\" data-widget_type=\"text-editor.default\">\n\t\t\t\t\t\t\t\t\t<p><strong>Entrenamiento de vocabulario\u00a0<\/strong><br \/>Lista completa.\u00a0Pulse\u00a0<strong><a href=\"https:\/\/quizlet.com\/_3ldoje\" target=\"_blank\" rel=\"noopener noreferrer\">aqu\u00ed<\/a>\u200b<a href=\"https:\/\/quizlet.com\/_3lcuzo\" target=\"_blank\" rel=\"noopener noreferrer\">\u200b<br \/>\u200b<\/a><\/strong>Lista reducida. Pulse\u00a0<strong><a href=\"https:\/\/quizlet.com\/_50fysm\" target=\"_blank\" rel=\"noopener noreferrer\">aqu\u00ed<\/a><\/strong><\/p>\t\t\t\t\t\t\t\t<\/div>\n\t\t\t\t<\/div>\n\t\t<div class=\"elementor-element elementor-element-37160c0 e-con-full e-flex e-con e-child\" data-id=\"37160c0\" data-element_type=\"container\">\n\t\t\t\t<div class=\"elementor-element elementor-element-9fbe7b7 elementor-widget elementor-widget-text-editor\" data-id=\"9fbe7b7\" data-element_type=\"widget\" data-widget_type=\"text-editor.default\">\n\t\t\t\t\t\t\t\t\t<p><strong>Vocabulario para el texto<\/strong><br \/>joven (m\/f): ung person<br \/>pobre: fattig<br \/>esperanza (f): h\u00e5b<br \/>por ciento (m): procent<br \/>estar en paro: at v\u00e6re arbejdsl\u00f8s<br \/>irse de casa: at flytte hjemmefra<br \/>aunque: selvom<br \/>todav\u00eda: stadigv\u00e6k<br \/>buscar: at s\u00f8ge<br \/>\u200bempezar\/ie\/: at begynde<br \/>formaci\u00f3n (f): uddannelse<br \/>desgraciadamente: desv\u00e6rre<br \/>conseguir\/i\/: at opn\u00e5<br \/>terminar: at afslutte<br \/>hoy en d\u00eda: i dag<br \/>dejar: at forlade<br \/>tanto \u2026 como: b\u00e5de \u2026 og<br \/>desaf\u00edo (m): udfordring<br \/>sue\u00f1o (m): dr\u00f8m<br \/>encontrar\/ue\/: at finde<br \/>cadena (f): k\u00e6de<br \/>situaci\u00f3n laboral (f): arbejdssituation<br \/>extranjero (m): udland<br \/>seguir\/i\/: at forts\u00e6tte<br \/>destacar: at tr\u00e6de frem<br \/>informe (m): rapport<br \/>\u200breci\u00e9n: nylig<br \/>mostrar\/ue\/: at vise<br \/>mejorar: at forbedre<\/p>\t\t\t\t\t\t\t\t<\/div>\n\t\t\t\t<\/div>\n\t\t\t\t<\/div>\n\t\t\t\t<\/div>\n\t\t\t\t<\/div>\n\t\t<div class=\"elementor-element elementor-element-7d5343a e-con-full e-flex e-con e-child\" data-id=\"7d5343a\" data-element_type=\"container\">\n\t\t\t\t<div class=\"elementor-element elementor-element-cecc9cd elementor-widget elementor-widget-text-editor\" data-id=\"cecc9cd\" data-element_type=\"widget\" data-widget_type=\"text-editor.default\">\n\t\t\t\t\t\t\t\t\t<p><strong>Quiz para el texto<\/strong>. Pulse <strong><a href=\"https:\/\/www.quia.com\/quiz\/6429420.html\" target=\"_blank\" rel=\"noopener\">aqu\u00ed<\/a><\/strong><\/p>\t\t\t\t\t\t\t\t<\/div>\n\t\t\t\t<\/div>\n\t\t\t\t<\/div>\n\t\t\t\t<\/div>\n\t\t\t\t<\/div>\n\t\t","protected":false},"excerpt":{"rendered":"<p>ARTIKEL: Los j\u00f3venes malague\u00f1os Manuel Gallardo Plaza es un t\u00edpico joven malague\u00f1o. Foto: Marie Jensen Los j\u00f3venes pobres con esperanza [&hellip;]<\/p>\n","protected":false},"author":1,"featured_media":0,"parent":0,"menu_order":0,"comment_status":"closed","ping_status":"closed","template":"elementor_header_footer","meta":{"site-sidebar-layout":"no-sidebar","site-content-layout":"","ast-site-content-layout":"full-width-container","site-content-style":"default","site-sidebar-style":"default","ast-global-header-display":"","ast-banner-title-visibility":"","ast-main-header-display":"","ast-hfb-above-header-display":"","ast-hfb-below-header-display":"","ast-hfb-mobile-header-display":"","site-post-title":"","ast-breadcrumbs-content":"","ast-featured-img":"disabled","footer-sml-layout":"","ast-disable-related-posts":"","theme-transparent-header-meta":"","adv-header-id-meta":"","stick-header-meta":"","header-above-stick-meta":"","header-main-stick-meta":"","header-below-stick-meta":"","astra-migrate-meta-layouts":"default","ast-page-background-enabled":"default","ast-page-background-meta":{"desktop":{"background-color":"var(--ast-global-color-5)","background-image":"","background-repeat":"repeat","background-position":"center center","background-size":"auto","background-attachment":"scroll","background-type":"","background-media":"","overlay-type":"","overlay-color":"","overlay-opacity":"","overlay-gradient":""},"tablet":{"background-color":"","background-image":"","background-repeat":"repeat","background-position":"center center","background-size":"auto","background-attachment":"scroll","background-type":"","background-media":"","overlay-type":"","overlay-color":"","overlay-opacity":"","overlay-gradient":""},"mobile":{"background-color":"","background-image":"","background-repeat":"repeat","background-position":"center center","background-size":"auto","background-attachment":"scroll","background-type":"","background-media":"","overlay-type":"","overlay-color":"","overlay-opacity":"","overlay-gradient":""}},"ast-content-background-meta":{"desktop":{"background-color":"var(--ast-global-color-4)","background-image":"","background-repeat":"repeat","background-position":"center center","background-size":"auto","background-attachment":"scroll","background-type":"","background-media":"","overlay-type":"","overlay-color":"","overlay-opacity":"","overlay-gradient":""},"tablet":{"background-color":"var(--ast-global-color-4)","background-image":"","background-repeat":"repeat","background-position":"center center","background-size":"auto","background-attachment":"scroll","background-type":"","background-media":"","overlay-type":"","overlay-color":"","overlay-opacity":"","overlay-gradient":""},"mobile":{"background-color":"var(--ast-global-color-4)","background-image":"","background-repeat":"repeat","background-position":"center center","background-size":"auto","background-attachment":"scroll","background-type":"","background-media":"","overlay-type":"","overlay-color":"","overlay-opacity":"","overlay-gradient":""}},"footnotes":""},"class_list":["post-47","page","type-page","status-publish","hentry"],"_links":{"self":[{"href":"https:\/\/laerkeryge.maktechagency.com\/index.php\/wp-json\/wp\/v2\/pages\/47","targetHints":{"allow":["GET"]}}],"collection":[{"href":"https:\/\/laerkeryge.maktechagency.com\/index.php\/wp-json\/wp\/v2\/pages"}],"about":[{"href":"https:\/\/laerkeryge.maktechagency.com\/index.php\/wp-json\/wp\/v2\/types\/page"}],"author":[{"embeddable":true,"href":"https:\/\/laerkeryge.maktechagency.com\/index.php\/wp-json\/wp\/v2\/users\/1"}],"replies":[{"embeddable":true,"href":"https:\/\/laerkeryge.maktechagency.com\/index.php\/wp-json\/wp\/v2\/comments?post=47"}],"version-history":[{"count":112,"href":"https:\/\/laerkeryge.maktechagency.com\/index.php\/wp-json\/wp\/v2\/pages\/47\/revisions"}],"predecessor-version":[{"id":9032,"href":"https:\/\/laerkeryge.maktechagency.com\/index.php\/wp-json\/wp\/v2\/pages\/47\/revisions\/9032"}],"wp:attachment":[{"href":"https:\/\/laerkeryge.maktechagency.com\/index.php\/wp-json\/wp\/v2\/media?parent=47"}],"curies":[{"name":"wp","href":"https:\/\/api.w.org\/{rel}","templated":true}]}}