{"id":45,"date":"2025-12-20T07:59:11","date_gmt":"2025-12-20T07:59:11","guid":{"rendered":"https:\/\/laerkeryge.maktechagency.com\/?page_id=45"},"modified":"2026-01-15T03:27:15","modified_gmt":"2026-01-15T03:27:15","slug":"cap-3","status":"publish","type":"page","link":"https:\/\/laerkeryge.maktechagency.com\/index.php\/cap-3\/","title":{"rendered":"Cap 3"},"content":{"rendered":"\t\t<div data-elementor-type=\"wp-page\" data-elementor-id=\"45\" class=\"elementor elementor-45\" data-elementor-post-type=\"page\">\n\t\t\t\t<div class=\"elementor-element elementor-element-532773e e-con-full e-flex e-con e-parent\" data-id=\"532773e\" data-element_type=\"container\" data-settings=\"{&quot;background_background&quot;:&quot;classic&quot;}\">\n\t\t\t\t<\/div>\n\t\t<div class=\"elementor-element elementor-element-65956c2 e-con-full e-flex e-con e-parent\" data-id=\"65956c2\" data-element_type=\"container\">\n\t\t<div class=\"elementor-element elementor-element-3b62b56 e-con-full e-flex e-con e-child\" data-id=\"3b62b56\" data-element_type=\"container\">\n\t\t\t\t<div class=\"elementor-element elementor-element-8f880ba elementor-widget elementor-widget-heading\" data-id=\"8f880ba\" data-element_type=\"widget\" data-widget_type=\"heading.default\">\n\t\t\t\t\t<h2 class=\"elementor-heading-title elementor-size-default\">BREV: Un d\u00eda t\u00edpico en M\u00e1laga\n\n<\/h2>\t\t\t\t<\/div>\n\t\t<div class=\"elementor-element elementor-element-2a256e3 e-con-full e-flex e-con e-child\" data-id=\"2a256e3\" data-element_type=\"container\">\n\t\t\t\t<div class=\"elementor-element elementor-element-c486409 elementor-widget elementor-widget-text-editor\" data-id=\"c486409\" data-element_type=\"widget\" data-widget_type=\"text-editor.default\">\n\t\t\t\t\t\t\t\t\t<p>M\u00e1laga, 7 de julio de 2017<\/p>\t\t\t\t\t\t\t\t<\/div>\n\t\t\t\t<\/div>\n\t\t\t\t<div class=\"elementor-element elementor-element-ea265cb elementor-widget elementor-widget-text-editor\" data-id=\"ea265cb\" data-element_type=\"widget\" data-widget_type=\"text-editor.default\">\n\t\t\t\t\t\t\t\t\t<p>Querida Helle,<\/p>\t\t\t\t\t\t\t\t<\/div>\n\t\t\t\t<div class=\"elementor-element elementor-element-d7b1176 elementor-widget elementor-widget-text-editor\" data-id=\"d7b1176\" data-element_type=\"widget\" data-widget_type=\"text-editor.default\">\n\t\t\t\t\t\t\t\t\t<p>\u00bfC\u00f3mo est\u00e1s? Yo estoy muy bien aqu\u00ed en M\u00e1laga. Antes de viajar te he prometido contar mis aventuras espa\u00f1olas, por eso ahora voy a describir un d\u00eda t\u00edpico en mi vida como estudiante de espa\u00f1ol en M\u00e1laga.<br \/>Me levanto a las siete y media de la ma\u00f1ana. Me ducho y me arreglo. Despu\u00e9s voy a la cocina y desayuno al estilo espa\u00f1ol: un caf\u00e9 con leche y una tostada con mermelada.<\/p>\t\t\t\t\t\t\t\t<\/div>\n\t\t\t\t<div class=\"elementor-element elementor-element-7c87748 elementor-widget elementor-widget-text-editor\" data-id=\"7c87748\" data-element_type=\"widget\" data-widget_type=\"text-editor.default\">\n\t\t\t\t\t\t\t\t\t<p>Normalmente voy a pie hasta la escuela, pero si hace mucho calor, voy en autob\u00fas. La escuela de idiomas est\u00e1 en el centro de M\u00e1laga muy cerca de la catedral. Es un edificio antiguo y muy bonito. Hay estudiantes de todo el mundo en la escuela y es muy divertido, y un poco raro, hablar con un japon\u00e9s en espa\u00f1ol. En mi clase somos 10 estudiantes y nuestra profesora se llama Luc\u00eda. Es muy simp\u00e1tica y entusiasta. Tenemos clases de gram\u00e1tica, clases de conversaci\u00f3n y clases de cultura y, a veces, nos vamos de excursi\u00f3n.<\/p>\t\t\t\t\t\t\t\t<\/div>\n\t\t\t\t<div class=\"elementor-element elementor-element-0f1e534 elementor-widget elementor-widget-text-editor\" data-id=\"0f1e534\" data-element_type=\"widget\" data-widget_type=\"text-editor.default\">\n\t\t\t\t\t\t\t\t\t<p>A las dos salgo de clase y me voy a casa para almorzar. Por la tarde me encuentro con mis amigos de la escuela o mis amigos espa\u00f1oles. A veces vamos a la playa o paseamos por la ciudad. Me gusta mucho el casco viejo con las calles estrechas pero tambi\u00e9n me encanta el ambiente mar\u00edtimo del puerto. Dos d\u00edas a la semana tengo clases particulares de espa\u00f1ol de cinco a ocho de la tarde.<\/p>\t\t\t\t\t\t\t\t<\/div>\n\t\t\t\t<div class=\"elementor-element elementor-element-a55911a elementor-widget elementor-widget-text-editor\" data-id=\"a55911a\" data-element_type=\"widget\" data-widget_type=\"text-editor.default\">\n\t\t\t\t\t\t\t\t\t<p>Entre semana estoy en casa por la noche. Me gusta mucho ayudar a preparar la cena. En Espa\u00f1a cenan m\u00e1s tarde que en Dinamarca, \u00a1entre las nueve y once de la noche! Despu\u00e9s veo la tele en la sala de estar, hago los deberes o paso un rato navegando por Internet. En los fines de semana me gusta salir de marcha con mis amigos.<\/p>\t\t\t\t\t\t\t\t<\/div>\n\t\t\t\t<div class=\"elementor-element elementor-element-e7d3249 elementor-widget elementor-widget-text-editor\" data-id=\"e7d3249\" data-element_type=\"widget\" data-widget_type=\"text-editor.default\">\n\t\t\t\t\t\t\t\t\t<p>Bueno. Ya es tarde, as\u00ed que voy a terminar la carta. Te vuelvo a escribir pronto.<\/p>\t\t\t\t\t\t\t\t<\/div>\n\t\t\t\t<div class=\"elementor-element elementor-element-0a8fde9 elementor-widget elementor-widget-text-editor\" data-id=\"0a8fde9\" data-element_type=\"widget\" data-widget_type=\"text-editor.default\">\n\t\t\t\t\t\t\t\t\t<p>Un abrazo<br \/>\u200bMarie<\/p>\t\t\t\t\t\t\t\t<\/div>\n\t\t\t\t<\/div>\n\t\t<div class=\"elementor-element elementor-element-cea3cad e-con-full e-flex e-con e-child\" data-id=\"cea3cad\" data-element_type=\"container\">\n\t\t<div class=\"elementor-element elementor-element-1774dc1 e-con-full e-flex e-con e-child\" data-id=\"1774dc1\" data-element_type=\"container\">\n\t\t\t\t<div class=\"elementor-element elementor-element-645e1d7 elementor-widget elementor-widget-presto_video\" data-id=\"645e1d7\" data-element_type=\"widget\" data-widget_type=\"presto_video.default\">\n\t\t\t\t<div class=\"elementor-widget-container\">\n\t\t\t\t\t<!--presto-player:video_id=5--><figure class=\"wp-block-video presto-block-video  presto-provider-audio\" style=\"--plyr-color-main: var(--presto-player-highlight-color, #000000); --presto-player-logo-width: 150px; --plyr-audio-controls-background: #000000;--plyr-audio-control-color: #ffffff;--plyr-range-thumb-background: #ffffff;--plyr-range-fill-background: #ffffff;--plyr-audio-progress-buffered-background: rgba(220,220,220,0.35); --presto-curtain-size: 25%\">\n\t<presto-player \n\t\tpreset='{&quot;id&quot;:1,&quot;name&quot;:&quot;Default&quot;,&quot;slug&quot;:&quot;default&quot;,&quot;icon&quot;:&quot;format-audio&quot;,&quot;skin&quot;:&quot;default&quot;,&quot;rewind&quot;:true,&quot;play&quot;:true,&quot;play-large&quot;:true,&quot;fast-forward&quot;:true,&quot;progress&quot;:true,&quot;current-time&quot;:true,&quot;mute&quot;:true,&quot;volume&quot;:true,&quot;speed&quot;:true,&quot;pip&quot;:false,&quot;reset_on_end&quot;:true,&quot;save_player_position&quot;:true,&quot;sticky_scroll&quot;:false,&quot;sticky_scroll_position&quot;:&quot;bottom right&quot;,&quot;on_video_end&quot;:&quot;select&quot;,&quot;play_video_viewport&quot;:false,&quot;show_time_elapsed&quot;:false,&quot;hide_logo&quot;:&quot;0&quot;,&quot;border_radius&quot;:0,&quot;background_color&quot;:&quot;&quot;,&quot;control_color&quot;:&quot;&quot;,&quot;is_locked&quot;:true,&quot;cta&quot;:[&quot;&quot;],&quot;email_collection&quot;:[&quot;&quot;],&quot;action_bar&quot;:[&quot;&quot;],&quot;created_by&quot;:1,&quot;created_at&quot;:&quot;2026-01-05 08:20:16&quot;,&quot;updated_at&quot;:&quot;2026-01-05 08:20:16&quot;,&quot;deleted_at&quot;:&quot;&quot;,&quot;type&quot;:&quot;audio&quot;}'\n\t\tbranding='{&quot;logo&quot;:&quot;&quot;,&quot;logo_width&quot;:150,&quot;color&quot;:&quot;#000000&quot;,&quot;player_css&quot;:&quot;&quot;}'\n\t\tchapters='[]'\n\t\toverlays='[]'\n\t\ttracks='[]'\n\t\tblock-attributes='{&quot;playsInline&quot;:true,&quot;src&quot;:&quot;https:\\\/\\\/laerkeryge.maktechagency.com\\\/wp-content\\\/uploads\\\/2025\\\/12\\\/Cap-3-Lento.mp3&quot;,&quot;title&quot;:&quot;Cap-3-Lento&quot;,&quot;preset&quot;:1,&quot;id&quot;:5,&quot;attachment_id&quot;:null}'\n\t\tanalytics=''\n\t\tautomations\t\tprovider='audio'\n\t\t\t\tid=\"presto-player-1\"\n\t\tsrc=\"https:\/\/laerkeryge.maktechagency.com\/wp-content\/uploads\/2025\/12\/Cap-3-Lento.mp3\"\n\t\tmedia-title=\"Cap-3-Lento\"\n\t\tcss=\"\"\n\t\tclass=\"presto-video-id-5 presto-preset-id-1 skin-default\"\n\t\tskin=\"default\" \n\t\ticon-url=\"https:\/\/laerkeryge.maktechagency.com\/wp-content\/plugins\/presto-player\/img\/sprite.svg\" \n\t\tpreload=\"\" \n\t\tposter=\"\"\n\t\tyoutube=\"{&quot;noCookie&quot;:false,&quot;channelId&quot;:&quot;&quot;,&quot;show_count&quot;:false}\"\n\t\tprovider-video-id=\"\"\n\t\tvideo-id=\"5\"\n\t\t\t\tplaysinline \n\t\t\t\t>\n\t\t\n\n\t<\/presto-player>\n<\/figure>\t\t\t\t<\/div>\n\t\t\t\t<\/div>\n\t\t\t\t<div class=\"elementor-element elementor-element-2288baa elementor-widget elementor-widget-heading\" data-id=\"2288baa\" data-element_type=\"widget\" data-widget_type=\"heading.default\">\n\t\t\t\t\t<h2 class=\"elementor-heading-title elementor-size-default\">Lento\n\n<\/h2>\t\t\t\t<\/div>\n\t\t\t\t<\/div>\n\t\t<div class=\"elementor-element elementor-element-4a82981 e-con-full e-flex e-con e-child\" data-id=\"4a82981\" data-element_type=\"container\">\n\t\t<div class=\"elementor-element elementor-element-6c0f9cf e-con-full e-flex e-con e-child\" data-id=\"6c0f9cf\" data-element_type=\"container\">\n\t\t\t\t<div class=\"elementor-element elementor-element-09bbe36 elementor-widget elementor-widget-presto_video\" data-id=\"09bbe36\" data-element_type=\"widget\" data-widget_type=\"presto_video.default\">\n\t\t\t\t<div class=\"elementor-widget-container\">\n\t\t\t\t\t<!--presto-player:video_id=6--><figure class=\"wp-block-video presto-block-video  presto-provider-audio\" style=\"--plyr-color-main: var(--presto-player-highlight-color, #000000); --presto-player-logo-width: 150px; --plyr-audio-controls-background: #000000;--plyr-audio-control-color: #ffffff;--plyr-range-thumb-background: #ffffff;--plyr-range-fill-background: #ffffff;--plyr-audio-progress-buffered-background: rgba(220,220,220,0.35); --presto-curtain-size: 25%\">\n\t<presto-player \n\t\tpreset='{&quot;id&quot;:1,&quot;name&quot;:&quot;Default&quot;,&quot;slug&quot;:&quot;default&quot;,&quot;icon&quot;:&quot;format-audio&quot;,&quot;skin&quot;:&quot;default&quot;,&quot;rewind&quot;:true,&quot;play&quot;:true,&quot;play-large&quot;:true,&quot;fast-forward&quot;:true,&quot;progress&quot;:true,&quot;current-time&quot;:true,&quot;mute&quot;:true,&quot;volume&quot;:true,&quot;speed&quot;:true,&quot;pip&quot;:false,&quot;reset_on_end&quot;:true,&quot;save_player_position&quot;:true,&quot;sticky_scroll&quot;:false,&quot;sticky_scroll_position&quot;:&quot;bottom right&quot;,&quot;on_video_end&quot;:&quot;select&quot;,&quot;play_video_viewport&quot;:false,&quot;show_time_elapsed&quot;:false,&quot;hide_logo&quot;:&quot;0&quot;,&quot;border_radius&quot;:0,&quot;background_color&quot;:&quot;&quot;,&quot;control_color&quot;:&quot;&quot;,&quot;is_locked&quot;:true,&quot;cta&quot;:[&quot;&quot;],&quot;email_collection&quot;:[&quot;&quot;],&quot;action_bar&quot;:[&quot;&quot;],&quot;created_by&quot;:1,&quot;created_at&quot;:&quot;2026-01-05 08:20:16&quot;,&quot;updated_at&quot;:&quot;2026-01-05 08:20:16&quot;,&quot;deleted_at&quot;:&quot;&quot;,&quot;type&quot;:&quot;audio&quot;}'\n\t\tbranding='{&quot;logo&quot;:&quot;&quot;,&quot;logo_width&quot;:150,&quot;color&quot;:&quot;#000000&quot;,&quot;player_css&quot;:&quot;&quot;}'\n\t\tchapters='[]'\n\t\toverlays='[]'\n\t\ttracks='[]'\n\t\tblock-attributes='{&quot;playsInline&quot;:true,&quot;src&quot;:&quot;https:\\\/\\\/laerkeryge.maktechagency.com\\\/wp-content\\\/uploads\\\/2025\\\/12\\\/Cap-3-Normal.mp3&quot;,&quot;title&quot;:&quot;Cap-3-Normal&quot;,&quot;preset&quot;:1,&quot;id&quot;:6,&quot;attachment_id&quot;:null}'\n\t\tanalytics=''\n\t\tautomations\t\tprovider='audio'\n\t\t\t\tid=\"presto-player-2\"\n\t\tsrc=\"https:\/\/laerkeryge.maktechagency.com\/wp-content\/uploads\/2025\/12\/Cap-3-Normal.mp3\"\n\t\tmedia-title=\"Cap-3-Normal\"\n\t\tcss=\"\"\n\t\tclass=\"presto-video-id-6 presto-preset-id-1 skin-default\"\n\t\tskin=\"default\" \n\t\ticon-url=\"https:\/\/laerkeryge.maktechagency.com\/wp-content\/plugins\/presto-player\/img\/sprite.svg\" \n\t\tpreload=\"\" \n\t\tposter=\"\"\n\t\tyoutube=\"{&quot;noCookie&quot;:false,&quot;channelId&quot;:&quot;&quot;,&quot;show_count&quot;:false}\"\n\t\tprovider-video-id=\"\"\n\t\tvideo-id=\"6\"\n\t\t\t\tplaysinline \n\t\t\t\t>\n\t\t\n\n\t<\/presto-player>\n<\/figure>\t\t\t\t<\/div>\n\t\t\t\t<\/div>\n\t\t\t\t<div class=\"elementor-element elementor-element-93c43fe elementor-widget elementor-widget-heading\" data-id=\"93c43fe\" data-element_type=\"widget\" data-widget_type=\"heading.default\">\n\t\t\t\t\t<h2 class=\"elementor-heading-title elementor-size-default\">Normal\n\n<\/h2>\t\t\t\t<\/div>\n\t\t\t\t<\/div>\n\t\t\t\t<\/div>\n\t\t\t\t<\/div>\n\t\t<div class=\"elementor-element elementor-element-1c10318 e-con-full e-flex e-con e-child\" data-id=\"1c10318\" data-element_type=\"container\">\n\t\t<div class=\"elementor-element elementor-element-643dcba e-con-full e-flex e-con e-child\" data-id=\"643dcba\" data-element_type=\"container\">\n\t\t<div class=\"elementor-element elementor-element-63a38e3 e-con-full e-flex e-con e-child\" data-id=\"63a38e3\" data-element_type=\"container\">\n\t\t<div class=\"elementor-element elementor-element-64b5f8d e-con-full e-flex e-con e-child\" data-id=\"64b5f8d\" data-element_type=\"container\">\n\t\t\t\t<div class=\"elementor-element elementor-element-291bcfa elementor-widget elementor-widget-image\" data-id=\"291bcfa\" data-element_type=\"widget\" data-widget_type=\"image.default\">\n\t\t\t\t\t\t\t\t\t\t\t\t\t\t\t\t<a href=\"https:\/\/laerkeryge.maktechagency.com\/wp-content\/uploads\/2025\/12\/3.Girl_harbour_ORIGINAL-1024x678-1.webp\" data-elementor-open-lightbox=\"yes\" data-e-action-hash=\"#elementor-action%3Aaction%3Dlightbox%26settings%3DeyJpZCI6NDI5OCwidXJsIjoiaHR0cHM6XC9cL2xhZXJrZXJ5Z2UubWFrdGVjaGFnZW5jeS5jb21cL3dwLWNvbnRlbnRcL3VwbG9hZHNcLzIwMjVcLzEyXC8zLkdpcmxfaGFyYm91cl9PUklHSU5BTC0xMDI0eDY3OC0xLndlYnAifQ%3D%3D\">\n\t\t\t\t\t\t\t<img fetchpriority=\"high\" decoding=\"async\" width=\"1024\" height=\"678\" src=\"https:\/\/laerkeryge.maktechagency.com\/wp-content\/uploads\/2025\/12\/3.Girl_harbour_ORIGINAL-1024x678-1.webp\" class=\"attachment-full size-full wp-image-4298\" alt=\"\" srcset=\"https:\/\/laerkeryge.maktechagency.com\/wp-content\/uploads\/2025\/12\/3.Girl_harbour_ORIGINAL-1024x678-1.webp 1024w, https:\/\/laerkeryge.maktechagency.com\/wp-content\/uploads\/2025\/12\/3.Girl_harbour_ORIGINAL-1024x678-1-300x199.webp 300w, https:\/\/laerkeryge.maktechagency.com\/wp-content\/uploads\/2025\/12\/3.Girl_harbour_ORIGINAL-1024x678-1-768x509.webp 768w\" sizes=\"(max-width: 1024px) 100vw, 1024px\" \/>\t\t\t\t\t\t\t\t<\/a>\n\t\t\t\t\t\t\t\t\t\t\t\t\t\t\t<\/div>\n\t\t\t\t<div class=\"elementor-element elementor-element-741f367 elementor-widget elementor-widget-text-editor\" data-id=\"741f367\" data-element_type=\"widget\" data-widget_type=\"text-editor.default\">\n\t\t\t\t\t\t\t\t\t<p><strong>Aqu\u00ed estoy en el casco nuevo cerca del puerto.<\/strong><\/p>\t\t\t\t\t\t\t\t<\/div>\n\t\t\t\t<\/div>\n\t\t<div class=\"elementor-element elementor-element-531377c e-con-full e-flex e-con e-child\" data-id=\"531377c\" data-element_type=\"container\">\n\t\t\t\t<div class=\"elementor-element elementor-element-578ba41 elementor-widget elementor-widget-text-editor\" data-id=\"578ba41\" data-element_type=\"widget\" data-widget_type=\"text-editor.default\">\n\t\t\t\t\t\t\t\t\t<p><strong>Preguntas sobre el texto<\/strong><br \/>1. \u00bfA qui\u00e9n escribe Marie?<br \/>2. \u00bfA qu\u00e9 hora se levanta Marie?<br \/>3. \u00bfQu\u00e9 desayuna Marie?<br \/>4. \u00bfC\u00f3mo va Marie a la escuela de idiomas?<br \/>5. \u00bfQui\u00e9n es Luc\u00eda y c\u00f3mo es su personalidad?<br \/>6. \u00bfQu\u00e9 hace Marie por la tarde?<br \/>7. \u00bfQu\u00e9 hace Marie por la noche?<br \/>8. \u00bfQu\u00e9 le gusta hacer los fines de semana a Marie?<br \/>9. \u00bfPor qu\u00e9 termina Marie la carta?<\/p>\t\t\t\t\t\t\t\t<\/div>\n\t\t\t\t<\/div>\n\t\t<div class=\"elementor-element elementor-element-964c987 e-con-full e-flex e-con e-child\" data-id=\"964c987\" data-element_type=\"container\">\n\t\t\t\t<div class=\"elementor-element elementor-element-e267d44 elementor-widget elementor-widget-text-editor\" data-id=\"e267d44\" data-element_type=\"widget\" data-widget_type=\"text-editor.default\">\n\t\t\t\t\t\t\t\t\t<p><strong>\u00bfCu\u00e1l es la diferencia?<\/strong><br \/>Forklar overs\u00e6ttelsen p\u00e5 dansk uden at bruge den korrekte danske glose.<\/p>\t\t\t\t\t\t\t\t<\/div>\n\t\t\t\t<div class=\"elementor-element elementor-element-c41bdb6 elementor-widget elementor-widget-text-editor\" data-id=\"c41bdb6\" data-element_type=\"widget\" data-widget_type=\"text-editor.default\">\n\t\t\t\t\t\t\t\t\t<p><em>desayunar \u2013 almorzar \u2013 cenar<br \/>tomar \u2013 beber \u2013 comer<br \/>entre semana \u2013 el fin de semana<\/em><\/p>\t\t\t\t\t\t\t\t<\/div>\n\t\t\t\t<div class=\"elementor-element elementor-element-4aabbad elementor-widget elementor-widget-text-editor\" data-id=\"4aabbad\" data-element_type=\"widget\" data-widget_type=\"text-editor.default\">\n\t\t\t\t\t\t\t\t\t<p>Kan du ogs\u00e5 forklare ordene p\u00e5 spansk?<\/p>\t\t\t\t\t\t\t\t<\/div>\n\t\t\t\t<\/div>\n\t\t\t\t<\/div>\n\t\t<div class=\"elementor-element elementor-element-d497abc e-con-full e-flex e-con e-child\" data-id=\"d497abc\" data-element_type=\"container\">\n\t\t<div class=\"elementor-element elementor-element-387394a e-con-full e-flex e-con e-child\" data-id=\"387394a\" data-element_type=\"container\">\n\t\t\t\t<div class=\"elementor-element elementor-element-6dd8b17 elementor-widget elementor-widget-text-editor\" data-id=\"6dd8b17\" data-element_type=\"widget\" data-widget_type=\"text-editor.default\">\n\t\t\t\t\t\t\t\t\t<p><strong>Entrenamiento de vocabulario<\/strong><br \/>Lista completa. Pulse\u00a0<strong><a href=\"https:\/\/quizlet.com\/_3l3gyl\" target=\"_blank\" rel=\"noopener noreferrer\">aqu\u00ed<\/a><\/strong><br \/>Lista reducida. Pulse\u00a0<strong><a href=\"https:\/\/quizlet.com\/_50fx5a\" target=\"_blank\" rel=\"noopener noreferrer\">aqu\u00ed<\/a><\/strong><\/p>\t\t\t\t\t\t\t\t<\/div>\n\t\t\t\t<\/div>\n\t\t<div class=\"elementor-element elementor-element-55e28f0 e-con-full e-flex e-con e-child\" data-id=\"55e28f0\" data-element_type=\"container\">\n\t\t\t\t<div class=\"elementor-element elementor-element-4ef34d0 elementor-widget elementor-widget-text-editor\" data-id=\"4ef34d0\" data-element_type=\"widget\" data-widget_type=\"text-editor.default\">\n\t\t\t\t\t\t\t\t\t<p><strong>Vocabulario para el texto<\/strong><br \/>querido: k\u00e6re<br \/>prometer: at love<br \/>contar\/ue\/: at fort\u00e6lle<br \/>por eso: derfor<br \/>ahora: nu<br \/>levantarse: at st\u00e5 op<br \/>arreglarse: at g\u00f8re sig i stand<br \/>despu\u00e9s: bagefter<br \/>desayunar: at spise morgenmad<br \/>ir a pie: at g\u00e5 til fods<br \/>cerca de: t\u00e6t p\u00e5<br \/>edificio (m): bygning<br \/>divertido: sjovt<br \/>poco: lidt<br \/>raro: m\u00e6rkeligt<br \/>a veces: nogle gange<br \/>almorzar\/ue\/: at spise frokost<br \/>pasear: at g\u00e5 tur<br \/>el casco (m) viejo: den gamle bydel<br \/>estrecho: smal<br \/>encantar: at v\u00e6re vild med<br \/>ambiente (m): milj\u00f8<br \/>clase particular (f): privattime<br \/>entre semana (m): i hverdagene<br \/>cena (f): aftensmad<br \/>hacer los deberes: at lave lektier<br \/>pasar un rato: at tilbringe lidt tid<br \/>salir de marcha: at g\u00e5 i byen\u200b<br \/>\u200bya: allerede<\/p>\t\t\t\t\t\t\t\t<\/div>\n\t\t\t\t<\/div>\n\t\t<div class=\"elementor-element elementor-element-949020a e-con-full e-flex e-con e-child\" data-id=\"949020a\" data-element_type=\"container\" data-settings=\"{&quot;background_background&quot;:&quot;classic&quot;}\">\n\t\t<div class=\"elementor-element elementor-element-95e39f8 e-con-full e-flex e-con e-child\" data-id=\"95e39f8\" data-element_type=\"container\" data-settings=\"{&quot;background_background&quot;:&quot;classic&quot;}\">\n\t\t\t\t<div class=\"elementor-element elementor-element-7ed7a6f elementor-widget elementor-widget-text-editor\" data-id=\"7ed7a6f\" data-element_type=\"widget\" data-widget_type=\"text-editor.default\">\n\t\t\t\t\t\t\t\t\t<p><strong>\u00bfSabes que?<\/strong><\/p>\t\t\t\t\t\t\t\t<\/div>\n\t\t\t\t<div class=\"elementor-element elementor-element-931632f elementor-widget elementor-widget-text-editor\" data-id=\"931632f\" data-element_type=\"widget\" data-widget_type=\"text-editor.default\">\n\t\t\t\t\t\t\t\t\t<p>Man skriver normalt en dato s\u00e5ledes: 23 de julio de 2017 eller 23.07.2017. P\u00e5 internettet kan man se andre varianter, da mange datoangivelser er autogenererede.<\/p>\t\t\t\t\t\t\t\t<\/div>\n\t\t\t\t<\/div>\n\t\t\t\t<\/div>\n\t\t\t\t<\/div>\n\t\t\t\t<\/div>\n\t\t\t\t<\/div>\n\t\t<div class=\"elementor-element elementor-element-7097226 e-con-full e-flex e-con e-child\" data-id=\"7097226\" data-element_type=\"container\">\n\t\t\t\t<div class=\"elementor-element elementor-element-758bf9d elementor-widget elementor-widget-text-editor\" data-id=\"758bf9d\" data-element_type=\"widget\" data-widget_type=\"text-editor.default\">\n\t\t\t\t\t\t\t\t\t<p><strong>Quiz para el texto<\/strong>. Pulse <strong><a href=\"https:\/\/www.quia.com\/quiz\/6413360.html\" target=\"_blank\" rel=\"noopener\">aqu\u00ed<\/a><\/strong><\/p>\t\t\t\t\t\t\t\t<\/div>\n\t\t\t\t<\/div>\n\t\t\t\t<\/div>\n\t\t\t\t<\/div>\n\t\t","protected":false},"excerpt":{"rendered":"<p>BREV: Un d\u00eda t\u00edpico en M\u00e1laga M\u00e1laga, 7 de julio de 2017 Querida Helle, \u00bfC\u00f3mo est\u00e1s? Yo estoy muy bien [&hellip;]<\/p>\n","protected":false},"author":1,"featured_media":0,"parent":0,"menu_order":0,"comment_status":"closed","ping_status":"closed","template":"elementor_header_footer","meta":{"site-sidebar-layout":"no-sidebar","site-content-layout":"","ast-site-content-layout":"full-width-container","site-content-style":"default","site-sidebar-style":"default","ast-global-header-display":"","ast-banner-title-visibility":"","ast-main-header-display":"","ast-hfb-above-header-display":"","ast-hfb-below-header-display":"","ast-hfb-mobile-header-display":"","site-post-title":"","ast-breadcrumbs-content":"","ast-featured-img":"disabled","footer-sml-layout":"","ast-disable-related-posts":"","theme-transparent-header-meta":"","adv-header-id-meta":"","stick-header-meta":"","header-above-stick-meta":"","header-main-stick-meta":"","header-below-stick-meta":"","astra-migrate-meta-layouts":"default","ast-page-background-enabled":"default","ast-page-background-meta":{"desktop":{"background-color":"var(--ast-global-color-5)","background-image":"","background-repeat":"repeat","background-position":"center center","background-size":"auto","background-attachment":"scroll","background-type":"","background-media":"","overlay-type":"","overlay-color":"","overlay-opacity":"","overlay-gradient":""},"tablet":{"background-color":"","background-image":"","background-repeat":"repeat","background-position":"center center","background-size":"auto","background-attachment":"scroll","background-type":"","background-media":"","overlay-type":"","overlay-color":"","overlay-opacity":"","overlay-gradient":""},"mobile":{"background-color":"","background-image":"","background-repeat":"repeat","background-position":"center center","background-size":"auto","background-attachment":"scroll","background-type":"","background-media":"","overlay-type":"","overlay-color":"","overlay-opacity":"","overlay-gradient":""}},"ast-content-background-meta":{"desktop":{"background-color":"var(--ast-global-color-4)","background-image":"","background-repeat":"repeat","background-position":"center center","background-size":"auto","background-attachment":"scroll","background-type":"","background-media":"","overlay-type":"","overlay-color":"","overlay-opacity":"","overlay-gradient":""},"tablet":{"background-color":"var(--ast-global-color-4)","background-image":"","background-repeat":"repeat","background-position":"center center","background-size":"auto","background-attachment":"scroll","background-type":"","background-media":"","overlay-type":"","overlay-color":"","overlay-opacity":"","overlay-gradient":""},"mobile":{"background-color":"var(--ast-global-color-4)","background-image":"","background-repeat":"repeat","background-position":"center center","background-size":"auto","background-attachment":"scroll","background-type":"","background-media":"","overlay-type":"","overlay-color":"","overlay-opacity":"","overlay-gradient":""}},"footnotes":""},"class_list":["post-45","page","type-page","status-publish","hentry"],"_links":{"self":[{"href":"https:\/\/laerkeryge.maktechagency.com\/index.php\/wp-json\/wp\/v2\/pages\/45","targetHints":{"allow":["GET"]}}],"collection":[{"href":"https:\/\/laerkeryge.maktechagency.com\/index.php\/wp-json\/wp\/v2\/pages"}],"about":[{"href":"https:\/\/laerkeryge.maktechagency.com\/index.php\/wp-json\/wp\/v2\/types\/page"}],"author":[{"embeddable":true,"href":"https:\/\/laerkeryge.maktechagency.com\/index.php\/wp-json\/wp\/v2\/users\/1"}],"replies":[{"embeddable":true,"href":"https:\/\/laerkeryge.maktechagency.com\/index.php\/wp-json\/wp\/v2\/comments?post=45"}],"version-history":[{"count":145,"href":"https:\/\/laerkeryge.maktechagency.com\/index.php\/wp-json\/wp\/v2\/pages\/45\/revisions"}],"predecessor-version":[{"id":9023,"href":"https:\/\/laerkeryge.maktechagency.com\/index.php\/wp-json\/wp\/v2\/pages\/45\/revisions\/9023"}],"wp:attachment":[{"href":"https:\/\/laerkeryge.maktechagency.com\/index.php\/wp-json\/wp\/v2\/media?parent=45"}],"curies":[{"name":"wp","href":"https:\/\/api.w.org\/{rel}","templated":true}]}}