{"id":293,"date":"2025-12-20T09:30:04","date_gmt":"2025-12-20T09:30:04","guid":{"rendered":"https:\/\/laerkeryge.maktechagency.com\/?page_id=293"},"modified":"2026-01-17T02:48:39","modified_gmt":"2026-01-17T02:48:39","slug":"cap-6","status":"publish","type":"page","link":"https:\/\/laerkeryge.maktechagency.com\/index.php\/cap-6\/","title":{"rendered":"Cap 6"},"content":{"rendered":"\t\t<div data-elementor-type=\"wp-page\" data-elementor-id=\"293\" class=\"elementor elementor-293\" data-elementor-post-type=\"page\">\n\t\t\t\t<div class=\"elementor-element elementor-element-99b5a97 e-con-full e-flex e-con e-parent\" data-id=\"99b5a97\" data-element_type=\"container\" data-settings=\"{&quot;background_background&quot;:&quot;classic&quot;}\">\n\t\t\t\t<\/div>\n\t\t<div class=\"elementor-element elementor-element-2147698 e-con-full e-flex e-con e-parent\" data-id=\"2147698\" data-element_type=\"container\">\n\t\t<div class=\"elementor-element elementor-element-cf1afc6 e-con-full e-flex e-con e-child\" data-id=\"cf1afc6\" data-element_type=\"container\">\n\t\t<div class=\"elementor-element elementor-element-9fc2adc e-con-full e-flex e-con e-child\" data-id=\"9fc2adc\" data-element_type=\"container\">\n\t\t<div class=\"elementor-element elementor-element-d7b2559 e-con-full e-flex e-con e-child\" data-id=\"d7b2559\" data-element_type=\"container\">\n\t\t\t\t<div class=\"elementor-element elementor-element-059f2b9 elementor-widget elementor-widget-heading\" data-id=\"059f2b9\" data-element_type=\"widget\" data-widget_type=\"heading.default\">\n\t\t\t\t\t<h2 class=\"elementor-heading-title elementor-size-default\">ARTIKEL: Picasso \u2013 un gran artista\n\n<\/h2>\t\t\t\t<\/div>\n\t\t\t\t<div class=\"elementor-element elementor-element-dac4cfa elementor-widget elementor-widget-heading\" data-id=\"dac4cfa\" data-element_type=\"widget\" data-widget_type=\"heading.default\">\n\t\t\t\t\t<h2 class=\"elementor-heading-title elementor-size-default\">Picasso \u2013 el arte y las mujeres\n\n<\/h2>\t\t\t\t<\/div>\n\t\t\t\t<div class=\"elementor-element elementor-element-57dec29 elementor-widget elementor-widget-text-editor\" data-id=\"57dec29\" data-element_type=\"widget\" data-widget_type=\"text-editor.default\">\n\t\t\t\t\t\t\t\t\t<p>Marie Jensen, 15 de julio de 2017<\/p>\t\t\t\t\t\t\t\t<\/div>\n\t\t\t\t<div class=\"elementor-element elementor-element-78f58ef elementor-widget elementor-widget-text-editor\" data-id=\"78f58ef\" data-element_type=\"widget\" data-widget_type=\"text-editor.default\">\n\t\t\t\t\t\t\t\t\t<p>Picasso es un artista imposible de encajar.\u00a0Es representante del cubismo, del surrealismo,\u00a0del clasicismo y mucho m\u00e1s.<\/p>\t\t\t\t\t\t\t\t<\/div>\n\t\t\t\t<div class=\"elementor-element elementor-element-e0b1df6 elementor-widget elementor-widget-text-editor\" data-id=\"e0b1df6\" data-element_type=\"widget\" data-widget_type=\"text-editor.default\">\n\t\t\t\t\t\t\t\t\t<p>Pablo Picasso nace en M\u00e1laga en 1881.\u00a0Ya de ni\u00f1o muestra talento para el arte y pinta hasta el d\u00eda de su muerte, cuando tiene 92 a\u00f1os.<\/p>\t\t\t\t\t\t\t\t<\/div>\n\t\t\t\t<div class=\"elementor-element elementor-element-02d0211 elementor-widget elementor-widget-text-editor\" data-id=\"02d0211\" data-element_type=\"widget\" data-widget_type=\"text-editor.default\">\n\t\t\t\t\t\t\t\t\t<p>El arte de Picasso se caracteriza por su gran\u00a0variedad, como por ejemplo motivos del circo, de la\u00a0plaza de toros y mujeres con caras cuadradas.\u00a0Picasso tambi\u00e9n crea esculturas y cer\u00e1mica.\u00a0\u00a1Es un artista con muchos talentos!<\/p>\t\t\t\t\t\t\t\t<\/div>\n\t\t\t\t<div class=\"elementor-element elementor-element-7a5f7ba elementor-widget elementor-widget-text-editor\" data-id=\"7a5f7ba\" data-element_type=\"widget\" data-widget_type=\"text-editor.default\">\n\t\t\t\t\t\t\t\t\t<p><strong>Su vida y el arte<\/strong><br \/>Las pinturas de Picasso tambi\u00e9n reflejan su personalidad y vida.\u00a0En el per\u00edodo azul, los colores oscuros reflejan el dolor del suicidio de un buen amigo. En el per\u00edodo rosa, los colores c\u00e1lidos son un\u00a0resultado del optimismo del pintor<br \/>enamorado\u00a0y su obra maestra \u201cel Guernica\u201d expresa el horror\u00a0de la Guerra Civil Espa\u00f1ola.<\/p>\t\t\t\t\t\t\t\t<\/div>\n\t\t\t\t<\/div>\n\t\t<div class=\"elementor-element elementor-element-b4df143 e-con-full e-flex e-con e-child\" data-id=\"b4df143\" data-element_type=\"container\">\n\t\t\t\t<div class=\"elementor-element elementor-element-705cb94 elementor-widget elementor-widget-text-editor\" data-id=\"705cb94\" data-element_type=\"widget\" data-widget_type=\"text-editor.default\">\n\t\t\t\t\t\t\t\t\t<p><strong>Picasso y las mujeres<\/strong><br \/>A Picasso le gustan mucho las mujeres. Se casa dos veces y tiene muchas amantes antes, mientras y despu\u00e9s de estar casado. Sus relaciones son muy apasionadas y complicadas y tambi\u00e9n son muy dram\u00e1ticas. A Picasso le gusta pintar a sus mujeres y muchas de sus pinturas famosas son retratos de ellas.<br \/>Picasso muere en Francia en 1973.<\/p>\t\t\t\t\t\t\t\t<\/div>\n\t\t\t\t<div class=\"elementor-element elementor-element-6521cfb elementor-widget elementor-widget-text-editor\" data-id=\"6521cfb\" data-element_type=\"widget\" data-widget_type=\"text-editor.default\">\n\t\t\t\t\t\t\t\t\t<p>En el Museo Picasso puedes ver algunas de sus pinturas m\u00e1s importantes.\u00a0Visita tambi\u00e9n la p\u00e1gina web del museo. Pulse\u00a0<strong><a href=\"http:\/\/www.museopicassomalaga.org\/\" target=\"_blank\" rel=\"noopener\">aqu\u00ed\u00a0<\/a><\/strong><\/p>\t\t\t\t\t\t\t\t<\/div>\n\t\t<div class=\"elementor-element elementor-element-207fcad e-con-full e-flex e-con e-child\" data-id=\"207fcad\" data-element_type=\"container\">\n\t\t<div class=\"elementor-element elementor-element-e7549ff e-con-full e-flex e-con e-child\" data-id=\"e7549ff\" data-element_type=\"container\">\n\t\t\t\t<div class=\"elementor-element elementor-element-bc2b9aa elementor-widget elementor-widget-text-editor\" data-id=\"bc2b9aa\" data-element_type=\"widget\" data-widget_type=\"text-editor.default\">\n\t\t\t\t\t\t\t\t\t<p><em>Soy Marie Jensen de Dinamarca. Me encanta el arte y Picasso es uno de mis pintores favoritos.<\/em><\/p>\t\t\t\t\t\t\t\t<\/div>\n\t\t\t\t<\/div>\n\t\t<div class=\"elementor-element elementor-element-989038c e-con-full e-flex e-con e-child\" data-id=\"989038c\" data-element_type=\"container\">\n\t\t\t\t<div class=\"elementor-element elementor-element-d6e0ac6 elementor-widget elementor-widget-image\" data-id=\"d6e0ac6\" data-element_type=\"widget\" data-widget_type=\"image.default\">\n\t\t\t\t\t\t\t\t\t\t\t\t\t\t\t\t<a href=\"https:\/\/laerkeryge.maktechagency.com\/wp-content\/uploads\/2025\/12\/Cap.6.girl_-300x300-1.webp\" data-elementor-open-lightbox=\"yes\" data-e-action-hash=\"#elementor-action%3Aaction%3Dlightbox%26settings%3DeyJpZCI6NDg2NSwidXJsIjoiaHR0cHM6XC9cL2xhZXJrZXJ5Z2UubWFrdGVjaGFnZW5jeS5jb21cL3dwLWNvbnRlbnRcL3VwbG9hZHNcLzIwMjVcLzEyXC9DYXAuNi5naXJsXy0zMDB4MzAwLTEud2VicCJ9\">\n\t\t\t\t\t\t\t<img fetchpriority=\"high\" decoding=\"async\" width=\"300\" height=\"300\" src=\"https:\/\/laerkeryge.maktechagency.com\/wp-content\/uploads\/2025\/12\/Cap.6.girl_-300x300-1.webp\" class=\"attachment-full size-full wp-image-4865\" alt=\"\" srcset=\"https:\/\/laerkeryge.maktechagency.com\/wp-content\/uploads\/2025\/12\/Cap.6.girl_-300x300-1.webp 300w, https:\/\/laerkeryge.maktechagency.com\/wp-content\/uploads\/2025\/12\/Cap.6.girl_-300x300-1-150x150.webp 150w\" sizes=\"(max-width: 300px) 100vw, 300px\" \/>\t\t\t\t\t\t\t\t<\/a>\n\t\t\t\t\t\t\t\t\t\t\t\t\t\t\t<\/div>\n\t\t\t\t<\/div>\n\t\t\t\t<\/div>\n\t\t\t\t<\/div>\n\t\t\t\t<\/div>\n\t\t\t\t<\/div>\n\t\t<div class=\"elementor-element elementor-element-3c95261 e-con-full e-flex e-con e-child\" data-id=\"3c95261\" data-element_type=\"container\">\n\t\t<div class=\"elementor-element elementor-element-3cbaa06 e-con-full e-flex e-con e-child\" data-id=\"3cbaa06\" data-element_type=\"container\">\n\t\t\t\t<div class=\"elementor-element elementor-element-7f7fd4f elementor-widget elementor-widget-presto_video\" data-id=\"7f7fd4f\" data-element_type=\"widget\" data-widget_type=\"presto_video.default\">\n\t\t\t\t<div class=\"elementor-widget-container\">\n\t\t\t\t\t<!--presto-player:video_id=11--><figure class=\"wp-block-video presto-block-video  presto-provider-audio\" style=\"--plyr-color-main: var(--presto-player-highlight-color, #000000); --presto-player-logo-width: 150px; --plyr-audio-controls-background: #000000;--plyr-audio-control-color: #ffffff;--plyr-range-thumb-background: #ffffff;--plyr-range-fill-background: #ffffff;--plyr-audio-progress-buffered-background: rgba(220,220,220,0.35); --presto-curtain-size: 25%\">\n\t<presto-player \n\t\tpreset='{&quot;id&quot;:1,&quot;name&quot;:&quot;Default&quot;,&quot;slug&quot;:&quot;default&quot;,&quot;icon&quot;:&quot;format-audio&quot;,&quot;skin&quot;:&quot;default&quot;,&quot;rewind&quot;:true,&quot;play&quot;:true,&quot;play-large&quot;:true,&quot;fast-forward&quot;:true,&quot;progress&quot;:true,&quot;current-time&quot;:true,&quot;mute&quot;:true,&quot;volume&quot;:true,&quot;speed&quot;:true,&quot;pip&quot;:false,&quot;reset_on_end&quot;:true,&quot;save_player_position&quot;:true,&quot;sticky_scroll&quot;:false,&quot;sticky_scroll_position&quot;:&quot;bottom right&quot;,&quot;on_video_end&quot;:&quot;select&quot;,&quot;play_video_viewport&quot;:false,&quot;show_time_elapsed&quot;:false,&quot;hide_logo&quot;:&quot;0&quot;,&quot;border_radius&quot;:0,&quot;background_color&quot;:&quot;&quot;,&quot;control_color&quot;:&quot;&quot;,&quot;is_locked&quot;:true,&quot;cta&quot;:[&quot;&quot;],&quot;email_collection&quot;:[&quot;&quot;],&quot;action_bar&quot;:[&quot;&quot;],&quot;created_by&quot;:1,&quot;created_at&quot;:&quot;2026-01-05 08:20:16&quot;,&quot;updated_at&quot;:&quot;2026-01-05 08:20:16&quot;,&quot;deleted_at&quot;:&quot;&quot;,&quot;type&quot;:&quot;audio&quot;}'\n\t\tbranding='{&quot;logo&quot;:&quot;&quot;,&quot;logo_width&quot;:150,&quot;color&quot;:&quot;#000000&quot;,&quot;player_css&quot;:&quot;&quot;}'\n\t\tchapters='[]'\n\t\toverlays='[]'\n\t\ttracks='[]'\n\t\tblock-attributes='{&quot;playsInline&quot;:true,&quot;src&quot;:&quot;https:\\\/\\\/laerkeryge.maktechagency.com\\\/wp-content\\\/uploads\\\/2025\\\/12\\\/Cap-6-Lento.mp3&quot;,&quot;title&quot;:&quot;Cap-6-Lento&quot;,&quot;preset&quot;:1,&quot;id&quot;:11,&quot;attachment_id&quot;:null}'\n\t\tanalytics=''\n\t\tautomations\t\tprovider='audio'\n\t\t\t\tid=\"presto-player-1\"\n\t\tsrc=\"https:\/\/laerkeryge.maktechagency.com\/wp-content\/uploads\/2025\/12\/Cap-6-Lento.mp3\"\n\t\tmedia-title=\"Cap-6-Lento\"\n\t\tcss=\"\"\n\t\tclass=\"presto-video-id-11 presto-preset-id-1 skin-default\"\n\t\tskin=\"default\" \n\t\ticon-url=\"https:\/\/laerkeryge.maktechagency.com\/wp-content\/plugins\/presto-player\/img\/sprite.svg\" \n\t\tpreload=\"\" \n\t\tposter=\"\"\n\t\tyoutube=\"{&quot;noCookie&quot;:false,&quot;channelId&quot;:&quot;&quot;,&quot;show_count&quot;:false}\"\n\t\tprovider-video-id=\"\"\n\t\tvideo-id=\"11\"\n\t\t\t\tplaysinline \n\t\t\t\t>\n\t\t\n\n\t<\/presto-player>\n<\/figure>\t\t\t\t<\/div>\n\t\t\t\t<\/div>\n\t\t\t\t<div class=\"elementor-element elementor-element-03cdfab elementor-widget elementor-widget-heading\" data-id=\"03cdfab\" data-element_type=\"widget\" data-widget_type=\"heading.default\">\n\t\t\t\t\t<h2 class=\"elementor-heading-title elementor-size-default\">Lento\n\n<\/h2>\t\t\t\t<\/div>\n\t\t\t\t<\/div>\n\t\t<div class=\"elementor-element elementor-element-c03363d e-con-full e-flex e-con e-child\" data-id=\"c03363d\" data-element_type=\"container\">\n\t\t<div class=\"elementor-element elementor-element-b27ce0e e-con-full e-flex e-con e-child\" data-id=\"b27ce0e\" data-element_type=\"container\">\n\t\t\t\t<div class=\"elementor-element elementor-element-1e02dcd elementor-widget elementor-widget-presto_video\" data-id=\"1e02dcd\" data-element_type=\"widget\" data-widget_type=\"presto_video.default\">\n\t\t\t\t<div class=\"elementor-widget-container\">\n\t\t\t\t\t<!--presto-player:video_id=12--><figure class=\"wp-block-video presto-block-video  presto-provider-audio\" style=\"--plyr-color-main: var(--presto-player-highlight-color, #000000); --presto-player-logo-width: 150px; --plyr-audio-controls-background: #000000;--plyr-audio-control-color: #ffffff;--plyr-range-thumb-background: #ffffff;--plyr-range-fill-background: #ffffff;--plyr-audio-progress-buffered-background: rgba(220,220,220,0.35); --presto-curtain-size: 25%\">\n\t<presto-player \n\t\tpreset='{&quot;id&quot;:1,&quot;name&quot;:&quot;Default&quot;,&quot;slug&quot;:&quot;default&quot;,&quot;icon&quot;:&quot;format-audio&quot;,&quot;skin&quot;:&quot;default&quot;,&quot;rewind&quot;:true,&quot;play&quot;:true,&quot;play-large&quot;:true,&quot;fast-forward&quot;:true,&quot;progress&quot;:true,&quot;current-time&quot;:true,&quot;mute&quot;:true,&quot;volume&quot;:true,&quot;speed&quot;:true,&quot;pip&quot;:false,&quot;reset_on_end&quot;:true,&quot;save_player_position&quot;:true,&quot;sticky_scroll&quot;:false,&quot;sticky_scroll_position&quot;:&quot;bottom right&quot;,&quot;on_video_end&quot;:&quot;select&quot;,&quot;play_video_viewport&quot;:false,&quot;show_time_elapsed&quot;:false,&quot;hide_logo&quot;:&quot;0&quot;,&quot;border_radius&quot;:0,&quot;background_color&quot;:&quot;&quot;,&quot;control_color&quot;:&quot;&quot;,&quot;is_locked&quot;:true,&quot;cta&quot;:[&quot;&quot;],&quot;email_collection&quot;:[&quot;&quot;],&quot;action_bar&quot;:[&quot;&quot;],&quot;created_by&quot;:1,&quot;created_at&quot;:&quot;2026-01-05 08:20:16&quot;,&quot;updated_at&quot;:&quot;2026-01-05 08:20:16&quot;,&quot;deleted_at&quot;:&quot;&quot;,&quot;type&quot;:&quot;audio&quot;}'\n\t\tbranding='{&quot;logo&quot;:&quot;&quot;,&quot;logo_width&quot;:150,&quot;color&quot;:&quot;#000000&quot;,&quot;player_css&quot;:&quot;&quot;}'\n\t\tchapters='[]'\n\t\toverlays='[]'\n\t\ttracks='[]'\n\t\tblock-attributes='{&quot;playsInline&quot;:true,&quot;src&quot;:&quot;https:\\\/\\\/laerkeryge.maktechagency.com\\\/wp-content\\\/uploads\\\/2025\\\/12\\\/Cap-6-Normal.mp3&quot;,&quot;title&quot;:&quot;Cap-6-Normal&quot;,&quot;preset&quot;:1,&quot;id&quot;:12,&quot;attachment_id&quot;:null}'\n\t\tanalytics=''\n\t\tautomations\t\tprovider='audio'\n\t\t\t\tid=\"presto-player-2\"\n\t\tsrc=\"https:\/\/laerkeryge.maktechagency.com\/wp-content\/uploads\/2025\/12\/Cap-6-Normal.mp3\"\n\t\tmedia-title=\"Cap-6-Normal\"\n\t\tcss=\"\"\n\t\tclass=\"presto-video-id-12 presto-preset-id-1 skin-default\"\n\t\tskin=\"default\" \n\t\ticon-url=\"https:\/\/laerkeryge.maktechagency.com\/wp-content\/plugins\/presto-player\/img\/sprite.svg\" \n\t\tpreload=\"\" \n\t\tposter=\"\"\n\t\tyoutube=\"{&quot;noCookie&quot;:false,&quot;channelId&quot;:&quot;&quot;,&quot;show_count&quot;:false}\"\n\t\tprovider-video-id=\"\"\n\t\tvideo-id=\"12\"\n\t\t\t\tplaysinline \n\t\t\t\t>\n\t\t\n\n\t<\/presto-player>\n<\/figure>\t\t\t\t<\/div>\n\t\t\t\t<\/div>\n\t\t\t\t<div class=\"elementor-element elementor-element-54214ff elementor-widget elementor-widget-heading\" data-id=\"54214ff\" data-element_type=\"widget\" data-widget_type=\"heading.default\">\n\t\t\t\t\t<h2 class=\"elementor-heading-title elementor-size-default\">Normal\n\n<\/h2>\t\t\t\t<\/div>\n\t\t\t\t<\/div>\n\t\t\t\t<\/div>\n\t\t\t\t<\/div>\n\t\t<div class=\"elementor-element elementor-element-930bcab e-con-full e-flex e-con e-child\" data-id=\"930bcab\" data-element_type=\"container\">\n\t\t<div class=\"elementor-element elementor-element-a7a11eb e-con-full e-flex e-con e-child\" data-id=\"a7a11eb\" data-element_type=\"container\">\n\t\t<div class=\"elementor-element elementor-element-af2ebf3 e-con-full e-flex e-con e-child\" data-id=\"af2ebf3\" data-element_type=\"container\">\n\t\t<div class=\"elementor-element elementor-element-cf4e1e5 e-con-full e-flex e-con e-child\" data-id=\"cf4e1e5\" data-element_type=\"container\">\n\t\t\t\t<div class=\"elementor-element elementor-element-f38355c elementor-widget elementor-widget-image\" data-id=\"f38355c\" data-element_type=\"widget\" data-widget_type=\"image.default\">\n\t\t\t\t\t\t\t\t\t\t\t\t\t\t\t\t<a href=\"https:\/\/laerkeryge.maktechagency.com\/wp-content\/uploads\/2025\/12\/6.Frontpage.museoPicasso_ORIGINAL-1024x678-1.webp\" data-elementor-open-lightbox=\"yes\" data-e-action-hash=\"#elementor-action%3Aaction%3Dlightbox%26settings%3DeyJpZCI6NDg4NCwidXJsIjoiaHR0cHM6XC9cL2xhZXJrZXJ5Z2UubWFrdGVjaGFnZW5jeS5jb21cL3dwLWNvbnRlbnRcL3VwbG9hZHNcLzIwMjVcLzEyXC82LkZyb250cGFnZS5tdXNlb1BpY2Fzc29fT1JJR0lOQUwtMTAyNHg2NzgtMS53ZWJwIn0%3D\">\n\t\t\t\t\t\t\t<img decoding=\"async\" width=\"1024\" height=\"678\" src=\"https:\/\/laerkeryge.maktechagency.com\/wp-content\/uploads\/2025\/12\/6.Frontpage.museoPicasso_ORIGINAL-1024x678-1.webp\" class=\"attachment-full size-full wp-image-4884\" alt=\"\" srcset=\"https:\/\/laerkeryge.maktechagency.com\/wp-content\/uploads\/2025\/12\/6.Frontpage.museoPicasso_ORIGINAL-1024x678-1.webp 1024w, https:\/\/laerkeryge.maktechagency.com\/wp-content\/uploads\/2025\/12\/6.Frontpage.museoPicasso_ORIGINAL-1024x678-1-300x199.webp 300w, https:\/\/laerkeryge.maktechagency.com\/wp-content\/uploads\/2025\/12\/6.Frontpage.museoPicasso_ORIGINAL-1024x678-1-768x509.webp 768w\" sizes=\"(max-width: 1024px) 100vw, 1024px\" \/>\t\t\t\t\t\t\t\t<\/a>\n\t\t\t\t\t\t\t\t\t\t\t\t\t\t\t<\/div>\n\t\t\t\t<\/div>\n\t\t<div class=\"elementor-element elementor-element-280361e e-con-full e-flex e-con e-child\" data-id=\"280361e\" data-element_type=\"container\">\n\t\t\t\t<div class=\"elementor-element elementor-element-c2c9e96 elementor-widget elementor-widget-text-editor\" data-id=\"c2c9e96\" data-element_type=\"widget\" data-widget_type=\"text-editor.default\">\n\t\t\t\t\t\t\t\t\t<p><strong>Preguntas sobre el texto<\/strong><br \/>a. \u00bfCu\u00e1ndo nace Pablo Picasso?<br \/>b. \u00bfD\u00f3nde nace Pablo Picasso?<br \/>c. \u00bfC\u00f3mo se caracteriza el arte de Picasso?<br \/>d. \u00bfPor qu\u00e9 es un artista con muchos talentos?<br \/>e. Da un ejemplo de c\u00f3mo el arte de Picasso refleja su vida.<br \/>f. \u00bfCu\u00e1ntas veces se casa Picasso?<br \/>g. \u00bfC\u00f3mo son sus relaciones?<br \/>h. \u00bfCu\u00e1ndo muere Picasso?<br \/>i. \u00bfD\u00f3nde muere Picasso?<br \/>j. \u00bfQui\u00e9n es el pintor favorito de Marie?<\/p>\t\t\t\t\t\t\t\t<\/div>\n\t\t\t\t<\/div>\n\t\t\t\t<\/div>\n\t\t<div class=\"elementor-element elementor-element-56c54cb e-con-full e-flex e-con e-child\" data-id=\"56c54cb\" data-element_type=\"container\">\n\t\t<div class=\"elementor-element elementor-element-39c3722 e-con-full e-flex e-con e-child\" data-id=\"39c3722\" data-element_type=\"container\">\n\t\t\t\t<div class=\"elementor-element elementor-element-0e8ed53 elementor-widget elementor-widget-text-editor\" data-id=\"0e8ed53\" data-element_type=\"widget\" data-widget_type=\"text-editor.default\">\n\t\t\t\t\t\t\t\t\t<p><strong>Entrenamiento de vocabulari<\/strong><strong>o<br \/><\/strong>Lista completa.\u00a0Pulse\u00a0<strong><a href=\"https:\/\/quizlet.com\/216832739\/kap-6-picasso-el-arte-y-las-mujeres-flash-cards\/\" target=\"_blank\" rel=\"noopener noreferrer\">aqu\u00ed<br \/><\/a><\/strong>Lista reducida. Pulse\u00a0<strong><a href=\"https:\/\/quizlet.com\/_50fxqn\" target=\"_blank\" rel=\"noopener noreferrer\">aqu\u00ed<\/a><\/strong><\/p>\t\t\t\t\t\t\t\t<\/div>\n\t\t\t\t<\/div>\n\t\t<div class=\"elementor-element elementor-element-07047b3 e-con-full e-flex e-con e-child\" data-id=\"07047b3\" data-element_type=\"container\">\n\t\t\t\t<div class=\"elementor-element elementor-element-69a7eb7 elementor-widget elementor-widget-text-editor\" data-id=\"69a7eb7\" data-element_type=\"widget\" data-widget_type=\"text-editor.default\">\n\t\t\t\t\t\t\t\t\t<p><strong>Vocabulario para el texto<\/strong><br \/>encajar: at s\u00e6tte i b\u00e5s<br \/>nacer: at blive f\u00f8dt<br \/>ya: allerede<br \/>\u200bmostrar\/ue\/: at vise<br \/>\u200bhasta: indtil<br \/>circo (m): cirkus<br \/>plaza de toros (f): tyref\u00e6gterarena<br \/>cara (f): ansigt<br \/>cuadrado: firkantet<br \/>reflejar: at afspejle<br \/>oscuro: m\u00f8rk<br \/>dolor (m): smerte<br \/>suicidio (m): selvmord<br \/>c\u00e1lido: varm<br \/>enamorado: forelsket<br \/>obra maestra (f): mesterv\u00e6rk<br \/>guerra civil (f): borgerkrig<br \/>casarse: at gifte sig<br \/>\u200bvez (f): gang<br \/>amante (f): elskerinde<br \/>mientras: imens<br \/>\u200bestar casado: at v\u00e6re gift<br \/>retrato (m): portr\u00e6t<\/p>\t\t\t\t\t\t\t\t<\/div>\n\t\t\t\t<\/div>\n\t\t\t\t<\/div>\n\t\t\t\t<\/div>\n\t\t\t\t<\/div>\n\t\t<div class=\"elementor-element elementor-element-0447f00 e-con-full e-flex e-con e-child\" data-id=\"0447f00\" data-element_type=\"container\">\n\t\t\t\t<div class=\"elementor-element elementor-element-5a8cc60 elementor-widget elementor-widget-text-editor\" data-id=\"5a8cc60\" data-element_type=\"widget\" data-widget_type=\"text-editor.default\">\n\t\t\t\t\t\t\t\t\t<p><strong>Quiz para el texto<\/strong>. Pulse <strong><a href=\"http:\/\/www.quia.com\/quiz\/6414710.html\" target=\"_blank\" rel=\"noopener\">aqu\u00ed<\/a><\/strong><\/p>\t\t\t\t\t\t\t\t<\/div>\n\t\t\t\t<\/div>\n\t\t\t\t<\/div>\n\t\t\t\t<\/div>\n\t\t","protected":false},"excerpt":{"rendered":"<p>ARTIKEL: Picasso \u2013 un gran artista Picasso \u2013 el arte y las mujeres Marie Jensen, 15 de julio de 2017 [&hellip;]<\/p>\n","protected":false},"author":1,"featured_media":0,"parent":0,"menu_order":0,"comment_status":"closed","ping_status":"closed","template":"elementor_header_footer","meta":{"site-sidebar-layout":"no-sidebar","site-content-layout":"","ast-site-content-layout":"full-width-container","site-content-style":"default","site-sidebar-style":"default","ast-global-header-display":"","ast-banner-title-visibility":"","ast-main-header-display":"","ast-hfb-above-header-display":"","ast-hfb-below-header-display":"","ast-hfb-mobile-header-display":"","site-post-title":"","ast-breadcrumbs-content":"","ast-featured-img":"disabled","footer-sml-layout":"","ast-disable-related-posts":"","theme-transparent-header-meta":"","adv-header-id-meta":"","stick-header-meta":"","header-above-stick-meta":"","header-main-stick-meta":"","header-below-stick-meta":"","astra-migrate-meta-layouts":"default","ast-page-background-enabled":"default","ast-page-background-meta":{"desktop":{"background-color":"var(--ast-global-color-5)","background-image":"","background-repeat":"repeat","background-position":"center center","background-size":"auto","background-attachment":"scroll","background-type":"","background-media":"","overlay-type":"","overlay-color":"","overlay-opacity":"","overlay-gradient":""},"tablet":{"background-color":"","background-image":"","background-repeat":"repeat","background-position":"center center","background-size":"auto","background-attachment":"scroll","background-type":"","background-media":"","overlay-type":"","overlay-color":"","overlay-opacity":"","overlay-gradient":""},"mobile":{"background-color":"","background-image":"","background-repeat":"repeat","background-position":"center center","background-size":"auto","background-attachment":"scroll","background-type":"","background-media":"","overlay-type":"","overlay-color":"","overlay-opacity":"","overlay-gradient":""}},"ast-content-background-meta":{"desktop":{"background-color":"var(--ast-global-color-4)","background-image":"","background-repeat":"repeat","background-position":"center center","background-size":"auto","background-attachment":"scroll","background-type":"","background-media":"","overlay-type":"","overlay-color":"","overlay-opacity":"","overlay-gradient":""},"tablet":{"background-color":"var(--ast-global-color-4)","background-image":"","background-repeat":"repeat","background-position":"center center","background-size":"auto","background-attachment":"scroll","background-type":"","background-media":"","overlay-type":"","overlay-color":"","overlay-opacity":"","overlay-gradient":""},"mobile":{"background-color":"var(--ast-global-color-4)","background-image":"","background-repeat":"repeat","background-position":"center center","background-size":"auto","background-attachment":"scroll","background-type":"","background-media":"","overlay-type":"","overlay-color":"","overlay-opacity":"","overlay-gradient":""}},"footnotes":""},"class_list":["post-293","page","type-page","status-publish","hentry"],"_links":{"self":[{"href":"https:\/\/laerkeryge.maktechagency.com\/index.php\/wp-json\/wp\/v2\/pages\/293","targetHints":{"allow":["GET"]}}],"collection":[{"href":"https:\/\/laerkeryge.maktechagency.com\/index.php\/wp-json\/wp\/v2\/pages"}],"about":[{"href":"https:\/\/laerkeryge.maktechagency.com\/index.php\/wp-json\/wp\/v2\/types\/page"}],"author":[{"embeddable":true,"href":"https:\/\/laerkeryge.maktechagency.com\/index.php\/wp-json\/wp\/v2\/users\/1"}],"replies":[{"embeddable":true,"href":"https:\/\/laerkeryge.maktechagency.com\/index.php\/wp-json\/wp\/v2\/comments?post=293"}],"version-history":[{"count":124,"href":"https:\/\/laerkeryge.maktechagency.com\/index.php\/wp-json\/wp\/v2\/pages\/293\/revisions"}],"predecessor-version":[{"id":9251,"href":"https:\/\/laerkeryge.maktechagency.com\/index.php\/wp-json\/wp\/v2\/pages\/293\/revisions\/9251"}],"wp:attachment":[{"href":"https:\/\/laerkeryge.maktechagency.com\/index.php\/wp-json\/wp\/v2\/media?parent=293"}],"curies":[{"name":"wp","href":"https:\/\/api.w.org\/{rel}","templated":true}]}}