{"id":26,"date":"2025-12-20T06:48:02","date_gmt":"2025-12-20T06:48:02","guid":{"rendered":"https:\/\/laerkeryge.maktechagency.com\/?page_id=26"},"modified":"2026-01-07T03:50:38","modified_gmt":"2026-01-07T03:50:38","slug":"faq","status":"publish","type":"page","link":"https:\/\/laerkeryge.maktechagency.com\/index.php\/faq\/","title":{"rendered":"FAQ"},"content":{"rendered":"\t\t<div data-elementor-type=\"wp-page\" data-elementor-id=\"26\" class=\"elementor elementor-26\" data-elementor-post-type=\"page\">\n\t\t\t\t<div class=\"elementor-element elementor-element-d1b825f e-con-full e-flex e-con e-parent\" data-id=\"d1b825f\" data-element_type=\"container\" data-settings=\"{&quot;background_background&quot;:&quot;classic&quot;}\">\n\t\t\t\t<\/div>\n\t\t<div class=\"elementor-element elementor-element-2732d35 e-con-full e-flex e-con e-parent\" data-id=\"2732d35\" data-element_type=\"container\">\n\t\t<div class=\"elementor-element elementor-element-bc30070 e-con-full e-flex e-con e-child\" data-id=\"bc30070\" data-element_type=\"container\">\n\t\t\t\t<div class=\"elementor-element elementor-element-3cbb07e elementor-widget elementor-widget-heading\" data-id=\"3cbb07e\" data-element_type=\"widget\" data-widget_type=\"heading.default\">\n\t\t\t\t\t<h2 class=\"elementor-heading-title elementor-size-default\">FAQ\n<\/h2>\t\t\t\t<\/div>\n\t\t\t\t<div class=\"elementor-element elementor-element-1da604c elementor-widget elementor-widget-text-editor\" data-id=\"1da604c\" data-element_type=\"widget\" data-widget_type=\"text-editor.default\">\n\t\t\t\t\t\t\t\t\tP\u00e5 denne side svarer vi p\u00e5 de oftest stillede sp\u00f8rgsm\u00e5l. Du er altid velkommen til at sende en e-mail til mitdigitalegym@gmail.com, hvis du ikke finder svar p\u00e5 dit sp\u00f8rgsm\u00e5l.\t\t\t\t\t\t\t\t<\/div>\n\t\t\t\t<div class=\"elementor-element elementor-element-df55831 elementor-widget elementor-widget-n-accordion\" data-id=\"df55831\" data-element_type=\"widget\" data-settings=\"{&quot;default_state&quot;:&quot;expanded&quot;,&quot;max_items_expended&quot;:&quot;one&quot;,&quot;n_accordion_animation_duration&quot;:{&quot;unit&quot;:&quot;ms&quot;,&quot;size&quot;:400,&quot;sizes&quot;:[]}}\" data-widget_type=\"nested-accordion.default\">\n\t\t\t\t\t\t\t<div class=\"e-n-accordion\" aria-label=\"Accordion. Open links with Enter or Space, close with Escape, and navigate with Arrow Keys\">\n\t\t\t\t\t\t<details id=\"e-n-accordion-item-2340\" class=\"e-n-accordion-item\" open>\n\t\t\t\t<summary class=\"e-n-accordion-item-title\" data-accordion-index=\"1\" tabindex=\"0\" aria-expanded=\"true\" aria-controls=\"e-n-accordion-item-2340\" >\n\t\t\t\t\t<span class='e-n-accordion-item-title-header'><div class=\"e-n-accordion-item-title-text\"> Hvilken browser er bedst at bruge?  <\/div><\/span>\n\t\t\t\t\t\t\t<span class='e-n-accordion-item-title-icon'>\n\t\t\t<span class='e-opened' ><svg class=\"ekit-svg-icon icon-download-arrow\" viewBox=\"0 0 32 32\" xmlns=\"http:\/\/www.w3.org\/2000\/svg\"><path d=\"M26.923 21.957c0.436-0.451 0.436-1.162 0-1.613-0.451-0.436-1.178-0.436-1.613 0l-8.18 8.18v-26.994c0-0.629-0.5-1.129-1.129-1.129s-1.146 0.5-1.146 1.129v26.994l-8.164-8.18c-0.451-0.436-1.162-0.436-1.613 0-0.436 0.451-0.436 1.162 0 1.613l10.117 10.117c0.436 0.436 1.162 0.436 1.613 0l10.116-10.117z\"><\/path><\/svg><\/span>\n\t\t\t<span class='e-closed'><svg class=\"ekit-svg-icon icon-arrow-up\" viewBox=\"0 0 32 32\" xmlns=\"http:\/\/www.w3.org\/2000\/svg\"><path d=\"M14.634 1.034l-9.6 9.6c-0.312 0.312-0.312 0.819 0 1.131s0.819 0.312 1.131 0l8.234-8.234v26.069c0 0.442 0.358 0.8 0.8 0.8s0.8-0.358 0.8-0.8v-26.069l8.234 8.234c0.312 0.312 0.819 0.312 1.131 0 0.156-0.156 0.234-0.361 0.234-0.566s-0.078-0.409-0.234-0.566l-9.6-9.6c-0.312-0.312-0.819-0.312-1.131 0z\"><\/path><\/svg><\/span>\n\t\t<\/span>\n\n\t\t\t\t\t\t<\/summary>\n\t\t\t\t<div role=\"region\" aria-labelledby=\"e-n-accordion-item-2340\" class=\"elementor-element elementor-element-5de433d e-con-full e-flex e-con e-child\" data-id=\"5de433d\" data-element_type=\"container\">\n\t\t\t\t<div class=\"elementor-element elementor-element-81f028c elementor-widget elementor-widget-text-editor\" data-id=\"81f028c\" data-element_type=\"widget\" data-widget_type=\"text-editor.default\">\n\t\t\t\t\t\t\t\t\tChrome er den bedste browser. Safari kan drille.\t\t\t\t\t\t\t\t<\/div>\n\t\t\t\t<\/div>\n\t\t\t\t\t<\/details>\n\t\t\t\t\t\t<details id=\"e-n-accordion-item-2341\" class=\"e-n-accordion-item\" >\n\t\t\t\t<summary class=\"e-n-accordion-item-title\" data-accordion-index=\"2\" tabindex=\"-1\" aria-expanded=\"false\" aria-controls=\"e-n-accordion-item-2341\" >\n\t\t\t\t\t<span class='e-n-accordion-item-title-header'><div class=\"e-n-accordion-item-title-text\"> Jeg kan ikke logge p\u00e5. Hvad g\u00f8r jeg? <\/div><\/span>\n\t\t\t\t\t\t\t<span class='e-n-accordion-item-title-icon'>\n\t\t\t<span class='e-opened' ><svg class=\"ekit-svg-icon icon-download-arrow\" viewBox=\"0 0 32 32\" xmlns=\"http:\/\/www.w3.org\/2000\/svg\"><path d=\"M26.923 21.957c0.436-0.451 0.436-1.162 0-1.613-0.451-0.436-1.178-0.436-1.613 0l-8.18 8.18v-26.994c0-0.629-0.5-1.129-1.129-1.129s-1.146 0.5-1.146 1.129v26.994l-8.164-8.18c-0.451-0.436-1.162-0.436-1.613 0-0.436 0.451-0.436 1.162 0 1.613l10.117 10.117c0.436 0.436 1.162 0.436 1.613 0l10.116-10.117z\"><\/path><\/svg><\/span>\n\t\t\t<span class='e-closed'><svg class=\"ekit-svg-icon icon-arrow-up\" viewBox=\"0 0 32 32\" xmlns=\"http:\/\/www.w3.org\/2000\/svg\"><path d=\"M14.634 1.034l-9.6 9.6c-0.312 0.312-0.312 0.819 0 1.131s0.819 0.312 1.131 0l8.234-8.234v26.069c0 0.442 0.358 0.8 0.8 0.8s0.8-0.358 0.8-0.8v-26.069l8.234 8.234c0.312 0.312 0.819 0.312 1.131 0 0.156-0.156 0.234-0.361 0.234-0.566s-0.078-0.409-0.234-0.566l-9.6-9.6c-0.312-0.312-0.819-0.312-1.131 0z\"><\/path><\/svg><\/span>\n\t\t<\/span>\n\n\t\t\t\t\t\t<\/summary>\n\t\t\t\t<div role=\"region\" aria-labelledby=\"e-n-accordion-item-2341\" class=\"elementor-element elementor-element-af9d724 e-con-full e-flex e-con e-child\" data-id=\"af9d724\" data-element_type=\"container\">\n\t\t\t\t<div class=\"elementor-element elementor-element-1d006a7 elementor-widget elementor-widget-text-editor\" data-id=\"1d006a7\" data-element_type=\"widget\" data-widget_type=\"text-editor.default\">\n\t\t\t\t\t\t\t\t\t<p>\u200bKlik p\u00e5 <strong><span style=\"color: #333333;\">Log p\u00e5<\/span><\/strong> i hj\u00f8rnet af sk\u00e6rmen og skriv og din email-adresse og dit selvvalgte password. Det er vigtigt, at du bruger den e-mail, som du brugte, da du registrerede dig f\u00f8rste gang. Kan du ikke huske din e-mail, s\u00e5 kontakt os p\u00e5 mitdigitalegym@gmail.com.<\/p>\t\t\t\t\t\t\t\t<\/div>\n\t\t\t\t<\/div>\n\t\t\t\t\t<\/details>\n\t\t\t\t\t\t<details id=\"e-n-accordion-item-2342\" class=\"e-n-accordion-item\" >\n\t\t\t\t<summary class=\"e-n-accordion-item-title\" data-accordion-index=\"3\" tabindex=\"-1\" aria-expanded=\"false\" aria-controls=\"e-n-accordion-item-2342\" >\n\t\t\t\t\t<span class='e-n-accordion-item-title-header'><div class=\"e-n-accordion-item-title-text\"> \u200bJeg har glemt min adgangskode: Hvad g\u00f8r jeg? <\/div><\/span>\n\t\t\t\t\t\t\t<span class='e-n-accordion-item-title-icon'>\n\t\t\t<span class='e-opened' ><svg class=\"ekit-svg-icon icon-download-arrow\" viewBox=\"0 0 32 32\" xmlns=\"http:\/\/www.w3.org\/2000\/svg\"><path d=\"M26.923 21.957c0.436-0.451 0.436-1.162 0-1.613-0.451-0.436-1.178-0.436-1.613 0l-8.18 8.18v-26.994c0-0.629-0.5-1.129-1.129-1.129s-1.146 0.5-1.146 1.129v26.994l-8.164-8.18c-0.451-0.436-1.162-0.436-1.613 0-0.436 0.451-0.436 1.162 0 1.613l10.117 10.117c0.436 0.436 1.162 0.436 1.613 0l10.116-10.117z\"><\/path><\/svg><\/span>\n\t\t\t<span class='e-closed'><svg class=\"ekit-svg-icon icon-arrow-up\" viewBox=\"0 0 32 32\" xmlns=\"http:\/\/www.w3.org\/2000\/svg\"><path d=\"M14.634 1.034l-9.6 9.6c-0.312 0.312-0.312 0.819 0 1.131s0.819 0.312 1.131 0l8.234-8.234v26.069c0 0.442 0.358 0.8 0.8 0.8s0.8-0.358 0.8-0.8v-26.069l8.234 8.234c0.312 0.312 0.819 0.312 1.131 0 0.156-0.156 0.234-0.361 0.234-0.566s-0.078-0.409-0.234-0.566l-9.6-9.6c-0.312-0.312-0.819-0.312-1.131 0z\"><\/path><\/svg><\/span>\n\t\t<\/span>\n\n\t\t\t\t\t\t<\/summary>\n\t\t\t\t<div role=\"region\" aria-labelledby=\"e-n-accordion-item-2342\" class=\"elementor-element elementor-element-3e15127 e-con-full e-flex e-con e-child\" data-id=\"3e15127\" data-element_type=\"container\">\n\t\t\t\t<div class=\"elementor-element elementor-element-903fe8b elementor-widget elementor-widget-text-editor\" data-id=\"903fe8b\" data-element_type=\"widget\" data-widget_type=\"text-editor.default\">\n\t\t\t\t\t\t\t\t\t<p>Tryk p\u00e5 <strong>Log p\u00e5<\/strong> og tryk herefter p\u00e5 GLEMT KODEORD. Her skal du indtaste den e-mail, som du benyttede, da du oprettede din konto. Tryk derefter p\u00e5 knappen NULSTIL ADGANGSKODE. Log efterf\u00f8lgende p\u00e5 din e-mail for at nulstille og \u00e6ndre din adgangskode. Det kan godt tage 5 minutter, f\u00f8r e-mailen n\u00e5r frem.<\/p>\t\t\t\t\t\t\t\t<\/div>\n\t\t\t\t<\/div>\n\t\t\t\t\t<\/details>\n\t\t\t\t\t\t<details id=\"e-n-accordion-item-2343\" class=\"e-n-accordion-item\" >\n\t\t\t\t<summary class=\"e-n-accordion-item-title\" data-accordion-index=\"4\" tabindex=\"-1\" aria-expanded=\"false\" aria-controls=\"e-n-accordion-item-2343\" >\n\t\t\t\t\t<span class='e-n-accordion-item-title-header'><div class=\"e-n-accordion-item-title-text\"> Jeg er spanskl\u00e6rer og vil gerne have mulighed for at kigge materialet igennem. Hvad g\u00f8r jeg? <\/div><\/span>\n\t\t\t\t\t\t\t<span class='e-n-accordion-item-title-icon'>\n\t\t\t<span class='e-opened' ><svg class=\"ekit-svg-icon icon-download-arrow\" viewBox=\"0 0 32 32\" xmlns=\"http:\/\/www.w3.org\/2000\/svg\"><path d=\"M26.923 21.957c0.436-0.451 0.436-1.162 0-1.613-0.451-0.436-1.178-0.436-1.613 0l-8.18 8.18v-26.994c0-0.629-0.5-1.129-1.129-1.129s-1.146 0.5-1.146 1.129v26.994l-8.164-8.18c-0.451-0.436-1.162-0.436-1.613 0-0.436 0.451-0.436 1.162 0 1.613l10.117 10.117c0.436 0.436 1.162 0.436 1.613 0l10.116-10.117z\"><\/path><\/svg><\/span>\n\t\t\t<span class='e-closed'><svg class=\"ekit-svg-icon icon-arrow-up\" viewBox=\"0 0 32 32\" xmlns=\"http:\/\/www.w3.org\/2000\/svg\"><path d=\"M14.634 1.034l-9.6 9.6c-0.312 0.312-0.312 0.819 0 1.131s0.819 0.312 1.131 0l8.234-8.234v26.069c0 0.442 0.358 0.8 0.8 0.8s0.8-0.358 0.8-0.8v-26.069l8.234 8.234c0.312 0.312 0.819 0.312 1.131 0 0.156-0.156 0.234-0.361 0.234-0.566s-0.078-0.409-0.234-0.566l-9.6-9.6c-0.312-0.312-0.819-0.312-1.131 0z\"><\/path><\/svg><\/span>\n\t\t<\/span>\n\n\t\t\t\t\t\t<\/summary>\n\t\t\t\t<div role=\"region\" aria-labelledby=\"e-n-accordion-item-2343\" class=\"elementor-element elementor-element-f62a13e e-con-full e-flex e-con e-child\" data-id=\"f62a13e\" data-element_type=\"container\">\n\t\t\t\t<div class=\"elementor-element elementor-element-0b9ced0 elementor-widget elementor-widget-text-editor\" data-id=\"0b9ced0\" data-element_type=\"widget\" data-widget_type=\"text-editor.default\">\n\t\t\t\t\t\t\t\t\tAlle spanskl\u00e6rere kan f\u00e5 en gratis pr\u00f8veadgang i 30 dage. Send en e-mail til mitdigitalegym@gmail.com og bed om 30 dages gratis pr\u00f8veadgang. Du vil inden for 24 timer modtage en e-mail fra os med log in-oplysninger. Husk du m\u00e5 ikke bruge bogen sammen med elever i pr\u00f8velicensperioden. Pr\u00f8velicensen er til kun til dig, s\u00e5 du kan finde ud af, om du har lyst til at bruge materialet med dine elever.\t\t\t\t\t\t\t\t<\/div>\n\t\t\t\t<\/div>\n\t\t\t\t\t<\/details>\n\t\t\t\t\t\t<details id=\"e-n-accordion-item-2344\" class=\"e-n-accordion-item\" >\n\t\t\t\t<summary class=\"e-n-accordion-item-title\" data-accordion-index=\"5\" tabindex=\"-1\" aria-expanded=\"false\" aria-controls=\"e-n-accordion-item-2344\" >\n\t\t\t\t\t<span class='e-n-accordion-item-title-header'><div class=\"e-n-accordion-item-title-text\"> Jeg er elev og kan nu ikke l\u00e6ngere komme ind p\u00e5 bogen. Hvad g\u00f8r jeg? <\/div><\/span>\n\t\t\t\t\t\t\t<span class='e-n-accordion-item-title-icon'>\n\t\t\t<span class='e-opened' ><svg class=\"ekit-svg-icon icon-download-arrow\" viewBox=\"0 0 32 32\" xmlns=\"http:\/\/www.w3.org\/2000\/svg\"><path d=\"M26.923 21.957c0.436-0.451 0.436-1.162 0-1.613-0.451-0.436-1.178-0.436-1.613 0l-8.18 8.18v-26.994c0-0.629-0.5-1.129-1.129-1.129s-1.146 0.5-1.146 1.129v26.994l-8.164-8.18c-0.451-0.436-1.162-0.436-1.613 0-0.436 0.451-0.436 1.162 0 1.613l10.117 10.117c0.436 0.436 1.162 0.436 1.613 0l10.116-10.117z\"><\/path><\/svg><\/span>\n\t\t\t<span class='e-closed'><svg class=\"ekit-svg-icon icon-arrow-up\" viewBox=\"0 0 32 32\" xmlns=\"http:\/\/www.w3.org\/2000\/svg\"><path d=\"M14.634 1.034l-9.6 9.6c-0.312 0.312-0.312 0.819 0 1.131s0.819 0.312 1.131 0l8.234-8.234v26.069c0 0.442 0.358 0.8 0.8 0.8s0.8-0.358 0.8-0.8v-26.069l8.234 8.234c0.312 0.312 0.819 0.312 1.131 0 0.156-0.156 0.234-0.361 0.234-0.566s-0.078-0.409-0.234-0.566l-9.6-9.6c-0.312-0.312-0.819-0.312-1.131 0z\"><\/path><\/svg><\/span>\n\t\t<\/span>\n\n\t\t\t\t\t\t<\/summary>\n\t\t\t\t<div role=\"region\" aria-labelledby=\"e-n-accordion-item-2344\" class=\"elementor-element elementor-element-905156d e-con-full e-flex e-con e-child\" data-id=\"905156d\" data-element_type=\"container\">\n\t\t\t\t<div class=\"elementor-element elementor-element-f494ef6 elementor-widget elementor-widget-text-editor\" data-id=\"f494ef6\" data-element_type=\"widget\" data-widget_type=\"text-editor.default\">\n\t\t\t\t\t\t\t\t\tBogen blev i april 2019 flyttet over p\u00e5 en ny platform, og alle elever skal derfor genregistreres, hvis du fortsat \u00f8nsker at kunne tilg\u00e5 bogen. Din l\u00e6rer har en ny unik klassekode til dig. Kontakt din l\u00e6rer.\t\t\t\t\t\t\t\t<\/div>\n\t\t\t\t<\/div>\n\t\t\t\t\t<\/details>\n\t\t\t\t\t\t<details id=\"e-n-accordion-item-2345\" class=\"e-n-accordion-item\" >\n\t\t\t\t<summary class=\"e-n-accordion-item-title\" data-accordion-index=\"6\" tabindex=\"-1\" aria-expanded=\"false\" aria-controls=\"e-n-accordion-item-2345\" >\n\t\t\t\t\t<span class='e-n-accordion-item-title-header'><div class=\"e-n-accordion-item-title-text\"> Jeg er elev, og jeg vil gerne selv k\u00f8be bogen. Hvad g\u00f8r jeg? <\/div><\/span>\n\t\t\t\t\t\t\t<span class='e-n-accordion-item-title-icon'>\n\t\t\t<span class='e-opened' ><svg class=\"ekit-svg-icon icon-download-arrow\" viewBox=\"0 0 32 32\" xmlns=\"http:\/\/www.w3.org\/2000\/svg\"><path d=\"M26.923 21.957c0.436-0.451 0.436-1.162 0-1.613-0.451-0.436-1.178-0.436-1.613 0l-8.18 8.18v-26.994c0-0.629-0.5-1.129-1.129-1.129s-1.146 0.5-1.146 1.129v26.994l-8.164-8.18c-0.451-0.436-1.162-0.436-1.613 0-0.436 0.451-0.436 1.162 0 1.613l10.117 10.117c0.436 0.436 1.162 0.436 1.613 0l10.116-10.117z\"><\/path><\/svg><\/span>\n\t\t\t<span class='e-closed'><svg class=\"ekit-svg-icon icon-arrow-up\" viewBox=\"0 0 32 32\" xmlns=\"http:\/\/www.w3.org\/2000\/svg\"><path d=\"M14.634 1.034l-9.6 9.6c-0.312 0.312-0.312 0.819 0 1.131s0.819 0.312 1.131 0l8.234-8.234v26.069c0 0.442 0.358 0.8 0.8 0.8s0.8-0.358 0.8-0.8v-26.069l8.234 8.234c0.312 0.312 0.819 0.312 1.131 0 0.156-0.156 0.234-0.361 0.234-0.566s-0.078-0.409-0.234-0.566l-9.6-9.6c-0.312-0.312-0.819-0.312-1.131 0z\"><\/path><\/svg><\/span>\n\t\t<\/span>\n\n\t\t\t\t\t\t<\/summary>\n\t\t\t\t<div role=\"region\" aria-labelledby=\"e-n-accordion-item-2345\" class=\"elementor-element elementor-element-83fcae4 e-con-full e-flex e-con e-child\" data-id=\"83fcae4\" data-element_type=\"container\">\n\t\t\t\t<div class=\"elementor-element elementor-element-aba6249 elementor-widget elementor-widget-text-editor\" data-id=\"aba6249\" data-element_type=\"widget\" data-widget_type=\"text-editor.default\">\n\t\t\t\t\t\t\t\t\tDet er desv\u00e6rre ikke muligt for enkelte elever selv at k\u00f8be bogen. Vi s\u00e6lger minimum 10 licenser ad gangen. Kontakt os evt. via mitdigitalegym@gmail.com \t\t\t\t\t\t\t\t<\/div>\n\t\t\t\t<\/div>\n\t\t\t\t\t<\/details>\n\t\t\t\t\t\t<details id=\"e-n-accordion-item-2346\" class=\"e-n-accordion-item\" >\n\t\t\t\t<summary class=\"e-n-accordion-item-title\" data-accordion-index=\"7\" tabindex=\"-1\" aria-expanded=\"false\" aria-controls=\"e-n-accordion-item-2346\" >\n\t\t\t\t\t<span class='e-n-accordion-item-title-header'><div class=\"e-n-accordion-item-title-text\"> Jeg er censor og vil gerne kigge bogen igennem i forbindelse eksamensforberedelsen. Hvad g\u00f8r jeg? <\/div><\/span>\n\t\t\t\t\t\t\t<span class='e-n-accordion-item-title-icon'>\n\t\t\t<span class='e-opened' ><svg class=\"ekit-svg-icon icon-download-arrow\" viewBox=\"0 0 32 32\" xmlns=\"http:\/\/www.w3.org\/2000\/svg\"><path d=\"M26.923 21.957c0.436-0.451 0.436-1.162 0-1.613-0.451-0.436-1.178-0.436-1.613 0l-8.18 8.18v-26.994c0-0.629-0.5-1.129-1.129-1.129s-1.146 0.5-1.146 1.129v26.994l-8.164-8.18c-0.451-0.436-1.162-0.436-1.613 0-0.436 0.451-0.436 1.162 0 1.613l10.117 10.117c0.436 0.436 1.162 0.436 1.613 0l10.116-10.117z\"><\/path><\/svg><\/span>\n\t\t\t<span class='e-closed'><svg class=\"ekit-svg-icon icon-arrow-up\" viewBox=\"0 0 32 32\" xmlns=\"http:\/\/www.w3.org\/2000\/svg\"><path d=\"M14.634 1.034l-9.6 9.6c-0.312 0.312-0.312 0.819 0 1.131s0.819 0.312 1.131 0l8.234-8.234v26.069c0 0.442 0.358 0.8 0.8 0.8s0.8-0.358 0.8-0.8v-26.069l8.234 8.234c0.312 0.312 0.819 0.312 1.131 0 0.156-0.156 0.234-0.361 0.234-0.566s-0.078-0.409-0.234-0.566l-9.6-9.6c-0.312-0.312-0.819-0.312-1.131 0z\"><\/path><\/svg><\/span>\n\t\t<\/span>\n\n\t\t\t\t\t\t<\/summary>\n\t\t\t\t<div role=\"region\" aria-labelledby=\"e-n-accordion-item-2346\" class=\"elementor-element elementor-element-e90c1c9 e-con-full e-flex e-con e-child\" data-id=\"e90c1c9\" data-element_type=\"container\">\n\t\t\t\t<div class=\"elementor-element elementor-element-bd233fd elementor-widget elementor-widget-text-editor\" data-id=\"bd233fd\" data-element_type=\"widget\" data-widget_type=\"text-editor.default\">\n\t\t\t\t\t\t\t\t\tAlle spanskl\u00e6rere kan f\u00e5 en gratis pr\u00f8veadgang i 30 dage, hvor du kan kigge materialet igennem. Send en til mitdigitalegym@gmail.co. Du vil inden for 24 timer modtage en e-mail fra os med instruktioner.\t\t\t\t\t\t\t\t<\/div>\n\t\t\t\t<\/div>\n\t\t\t\t\t<\/details>\n\t\t\t\t\t\t<details id=\"e-n-accordion-item-2347\" class=\"e-n-accordion-item\" >\n\t\t\t\t<summary class=\"e-n-accordion-item-title\" data-accordion-index=\"8\" tabindex=\"-1\" aria-expanded=\"false\" aria-controls=\"e-n-accordion-item-2347\" >\n\t\t\t\t\t<span class='e-n-accordion-item-title-header'><div class=\"e-n-accordion-item-title-text\"> Hvordan passer MitDigitaleGym p\u00e5 mine personlige oplysninger? <\/div><\/span>\n\t\t\t\t\t\t\t<span class='e-n-accordion-item-title-icon'>\n\t\t\t<span class='e-opened' ><svg class=\"ekit-svg-icon icon-download-arrow\" viewBox=\"0 0 32 32\" xmlns=\"http:\/\/www.w3.org\/2000\/svg\"><path d=\"M26.923 21.957c0.436-0.451 0.436-1.162 0-1.613-0.451-0.436-1.178-0.436-1.613 0l-8.18 8.18v-26.994c0-0.629-0.5-1.129-1.129-1.129s-1.146 0.5-1.146 1.129v26.994l-8.164-8.18c-0.451-0.436-1.162-0.436-1.613 0-0.436 0.451-0.436 1.162 0 1.613l10.117 10.117c0.436 0.436 1.162 0.436 1.613 0l10.116-10.117z\"><\/path><\/svg><\/span>\n\t\t\t<span class='e-closed'><svg class=\"ekit-svg-icon icon-arrow-up\" viewBox=\"0 0 32 32\" xmlns=\"http:\/\/www.w3.org\/2000\/svg\"><path d=\"M14.634 1.034l-9.6 9.6c-0.312 0.312-0.312 0.819 0 1.131s0.819 0.312 1.131 0l8.234-8.234v26.069c0 0.442 0.358 0.8 0.8 0.8s0.8-0.358 0.8-0.8v-26.069l8.234 8.234c0.312 0.312 0.819 0.312 1.131 0 0.156-0.156 0.234-0.361 0.234-0.566s-0.078-0.409-0.234-0.566l-9.6-9.6c-0.312-0.312-0.819-0.312-1.131 0z\"><\/path><\/svg><\/span>\n\t\t<\/span>\n\n\t\t\t\t\t\t<\/summary>\n\t\t\t\t<div role=\"region\" aria-labelledby=\"e-n-accordion-item-2347\" class=\"elementor-element elementor-element-5bb1f0d e-con-full e-flex e-con e-child\" data-id=\"5bb1f0d\" data-element_type=\"container\">\n\t\t\t\t<div class=\"elementor-element elementor-element-950afa5 elementor-widget elementor-widget-text-editor\" data-id=\"950afa5\" data-element_type=\"widget\" data-widget_type=\"text-editor.default\">\n\t\t\t\t\t\t\t\t\t<p>Du kan l\u00e6se om vores privatslivspolitik p\u00e5 denne <a href=\"https:\/\/mitdigitalegym.com\/privatlivspolitik.html\"><span style=\"color: #8d2423;\"><strong>side.<\/strong><\/span><\/a><\/p>\t\t\t\t\t\t\t\t<\/div>\n\t\t\t\t<\/div>\n\t\t\t\t\t<\/details>\n\t\t\t\t\t<\/div>\n\t\t\t\t\t\t<\/div>\n\t\t\t\t<\/div>\n\t\t\t\t<\/div>\n\t\t\t\t<\/div>\n\t\t","protected":false},"excerpt":{"rendered":"<p>FAQ P\u00e5 denne side svarer vi p\u00e5 de oftest stillede sp\u00f8rgsm\u00e5l. Du er altid velkommen til at sende en e-mail [&hellip;]<\/p>\n","protected":false},"author":1,"featured_media":0,"parent":0,"menu_order":0,"comment_status":"closed","ping_status":"closed","template":"elementor_header_footer","meta":{"site-sidebar-layout":"no-sidebar","site-content-layout":"","ast-site-content-layout":"full-width-container","site-content-style":"default","site-sidebar-style":"default","ast-global-header-display":"","ast-banner-title-visibility":"","ast-main-header-display":"","ast-hfb-above-header-display":"","ast-hfb-below-header-display":"","ast-hfb-mobile-header-display":"","site-post-title":"","ast-breadcrumbs-content":"","ast-featured-img":"disabled","footer-sml-layout":"","ast-disable-related-posts":"","theme-transparent-header-meta":"","adv-header-id-meta":"","stick-header-meta":"","header-above-stick-meta":"","header-main-stick-meta":"","header-below-stick-meta":"","astra-migrate-meta-layouts":"default","ast-page-background-enabled":"default","ast-page-background-meta":{"desktop":{"background-color":"var(--ast-global-color-5)","background-image":"","background-repeat":"repeat","background-position":"center center","background-size":"auto","background-attachment":"scroll","background-type":"","background-media":"","overlay-type":"","overlay-color":"","overlay-opacity":"","overlay-gradient":""},"tablet":{"background-color":"","background-image":"","background-repeat":"repeat","background-position":"center center","background-size":"auto","background-attachment":"scroll","background-type":"","background-media":"","overlay-type":"","overlay-color":"","overlay-opacity":"","overlay-gradient":""},"mobile":{"background-color":"","background-image":"","background-repeat":"repeat","background-position":"center center","background-size":"auto","background-attachment":"scroll","background-type":"","background-media":"","overlay-type":"","overlay-color":"","overlay-opacity":"","overlay-gradient":""}},"ast-content-background-meta":{"desktop":{"background-color":"var(--ast-global-color-4)","background-image":"","background-repeat":"repeat","background-position":"center center","background-size":"auto","background-attachment":"scroll","background-type":"","background-media":"","overlay-type":"","overlay-color":"","overlay-opacity":"","overlay-gradient":""},"tablet":{"background-color":"var(--ast-global-color-4)","background-image":"","background-repeat":"repeat","background-position":"center center","background-size":"auto","background-attachment":"scroll","background-type":"","background-media":"","overlay-type":"","overlay-color":"","overlay-opacity":"","overlay-gradient":""},"mobile":{"background-color":"var(--ast-global-color-4)","background-image":"","background-repeat":"repeat","background-position":"center center","background-size":"auto","background-attachment":"scroll","background-type":"","background-media":"","overlay-type":"","overlay-color":"","overlay-opacity":"","overlay-gradient":""}},"footnotes":""},"class_list":["post-26","page","type-page","status-publish","hentry"],"_links":{"self":[{"href":"https:\/\/laerkeryge.maktechagency.com\/index.php\/wp-json\/wp\/v2\/pages\/26","targetHints":{"allow":["GET"]}}],"collection":[{"href":"https:\/\/laerkeryge.maktechagency.com\/index.php\/wp-json\/wp\/v2\/pages"}],"about":[{"href":"https:\/\/laerkeryge.maktechagency.com\/index.php\/wp-json\/wp\/v2\/types\/page"}],"author":[{"embeddable":true,"href":"https:\/\/laerkeryge.maktechagency.com\/index.php\/wp-json\/wp\/v2\/users\/1"}],"replies":[{"embeddable":true,"href":"https:\/\/laerkeryge.maktechagency.com\/index.php\/wp-json\/wp\/v2\/comments?post=26"}],"version-history":[{"count":139,"href":"https:\/\/laerkeryge.maktechagency.com\/index.php\/wp-json\/wp\/v2\/pages\/26\/revisions"}],"predecessor-version":[{"id":8142,"href":"https:\/\/laerkeryge.maktechagency.com\/index.php\/wp-json\/wp\/v2\/pages\/26\/revisions\/8142"}],"wp:attachment":[{"href":"https:\/\/laerkeryge.maktechagency.com\/index.php\/wp-json\/wp\/v2\/media?parent=26"}],"curies":[{"name":"wp","href":"https:\/\/api.w.org\/{rel}","templated":true}]}}