{"id":24,"date":"2025-12-20T06:47:50","date_gmt":"2025-12-20T06:47:50","guid":{"rendered":"https:\/\/laerkeryge.maktechagency.com\/?page_id=24"},"modified":"2026-01-07T03:51:43","modified_gmt":"2026-01-07T03:51:43","slug":"credits","status":"publish","type":"page","link":"https:\/\/laerkeryge.maktechagency.com\/index.php\/credits\/","title":{"rendered":"Credits"},"content":{"rendered":"\t\t<div data-elementor-type=\"wp-page\" data-elementor-id=\"24\" class=\"elementor elementor-24\" data-elementor-post-type=\"page\">\n\t\t\t\t<div class=\"elementor-element elementor-element-76eb836 e-con-full e-flex e-con e-parent\" data-id=\"76eb836\" data-element_type=\"container\" data-settings=\"{&quot;background_background&quot;:&quot;classic&quot;}\">\n\t\t\t\t<\/div>\n\t\t<div class=\"elementor-element elementor-element-e5fbe26 e-con-full e-flex e-con e-parent\" data-id=\"e5fbe26\" data-element_type=\"container\">\n\t\t<div class=\"elementor-element elementor-element-7edd52a e-con-full e-flex e-con e-child\" data-id=\"7edd52a\" data-element_type=\"container\">\n\t\t\t\t<div class=\"elementor-element elementor-element-ff92cd0 elementor-widget elementor-widget-heading\" data-id=\"ff92cd0\" data-element_type=\"widget\" data-widget_type=\"heading.default\">\n\t\t\t\t\t<h2 class=\"elementor-heading-title elementor-size-default\">Billede-, foto- og videomateriale<\/h2>\t\t\t\t<\/div>\n\t\t\t\t<div class=\"elementor-element elementor-element-e123ce2 elementor-widget elementor-widget-text-editor\" data-id=\"e123ce2\" data-element_type=\"widget\" data-widget_type=\"text-editor.default\">\n\t\t\t\t\t\t\t\t\tAlle eksterne materialer, som bruges i denne bog, er enten egenproduceret, k\u00f8bt eller godkendt af producenten. Her er en liste over eksterne materialer. \t\t\t\t\t\t\t\t<\/div>\n\t\t\t\t<div class=\"elementor-element elementor-element-645e6dd elementor-widget elementor-widget-text-editor\" data-id=\"645e6dd\" data-element_type=\"widget\" data-widget_type=\"text-editor.default\">\n\t\t\t\t\t\t\t\t\t<p><strong>Forside<\/strong><br \/>3 billeder: frugt\/brilleglas\/pariserhjul:.\u00a0Fotograf\u00a0Naja Toftgaard Lauridsen<\/p>\t\t\t\t\t\t\t\t<\/div>\n\t\t\t\t<div class=\"elementor-element elementor-element-e133ed9 elementor-widget elementor-widget-text-editor\" data-id=\"e133ed9\" data-element_type=\"widget\" data-widget_type=\"text-editor.default\">\n\t\t\t\t\t\t\t\t\t<p><strong>Para el estudiante:\u00a0<\/strong><br \/>Marie med billetter. Fotograf\u00a0Naja Toftgaard Lauridsen<\/p>\t\t\t\t\t\t\t\t<\/div>\n\t\t\t\t<div class=\"elementor-element elementor-element-2013403 elementor-widget elementor-widget-text-editor\" data-id=\"2013403\" data-element_type=\"widget\" data-widget_type=\"text-editor.default\">\n\t\t\t\t\t\t\t\t\t<p><strong>\u200bPara el profesor<\/strong><br \/>Billede af businessm\u00f8de. Se<strong>\u00a0<span style=\"color: #8d2423;\"><a style=\"color: #8d2423;\" href=\"https:\/\/pixabay.com\/da\/arbejdspladsen-hold-forretningsm%C3%B8de-1245776\/\" target=\"_blank\" rel=\"noopener noreferrer\">link<\/a><\/span><\/strong><br \/>Billede af unge p\u00e5 stranden. Fotograf:\u00a0Anders Appel Rasmussen<br \/>Billeder p\u00e5 markedet:\u00a0Fotograf:\u00a0Anders Appel Rasmussen<br \/>Billede af mennesker p\u00e5 gaden.\u00a0Fotograf:\u00a0Anders Appel Rasmussen<br \/>Billede af gade med souvenirbutik. Fotograf: Camilla J\u00fcrgensen<br \/>Billede af lufthavn. Se<span style=\"color: #ff0000;\">\u00a0<strong><a style=\"color: #8d2423;\" href=\"https:\/\/pixabay.com\/es\/aeropuerto-viajeros-personas-731196\/\" target=\"_blank\" rel=\"noopener noreferrer\">link<\/a><\/strong><\/span><br \/>Billede af bedstemor og barnebarn. Se<strong>\u00a0<span style=\"color: #8d2423;\"><a style=\"color: #8d2423;\" href=\"https:\/\/pixabay.com\/da\/voksen-asien-drenge-business-1807515\/\" target=\"_blank\" rel=\"noopener noreferrer\">link<\/a><\/span><\/strong><br \/>R\u00f8de terninger \u2013 shutterstock. Se\u00a0<span style=\"color: #ff0000;\"><strong><a style=\"color: #8d2423;\" href=\"https:\/\/www.shutterstock.com\/es\/image-vector\/set-vector-dices-582967687?src=library\" target=\"_blank\" rel=\"noopener noreferrer\">link<\/a><\/strong><\/span><\/p>\t\t\t\t\t\t\t\t<\/div>\n\t\t\t\t<div class=\"elementor-element elementor-element-c5327be elementor-widget elementor-widget-text-editor\" data-id=\"c5327be\" data-element_type=\"widget\" data-widget_type=\"text-editor.default\">\n\t\t\t\t\t\t\t\t\t<p><strong>Cap. 1<\/strong><br \/>Video fra Centro Mundolengua. Se\u00a0<span style=\"color: #8d2423;\"><strong><a style=\"color: #8d2423;\" href=\"https:\/\/www.youtube.com\/watch?v=GHMFIvvswqY&amp;t=8s\" target=\"_blank\" rel=\"noopener noreferrer\">link<\/a>\u00a0<\/strong><\/span>\/<strong>\u00a0<\/strong>Videoen er produceret af denne<strong>\u00a0<span style=\"color: #8d2423;\"><a style=\"color: #8d2423;\" href=\"https:\/\/www.centromundolengua.com\/\" target=\"_blank\" rel=\"noopener noreferrer\">sprogskole<\/a><\/span><\/strong><br \/>Tre billeder fra markedet. Fotograf\u00a0Naja Toftgaard Lauridsen<br \/>Billedet med h\u00e6nder fra Pixabay. Se\u00a0<span style=\"color: #8d2423;\"><strong><a style=\"color: #8d2423;\" href=\"https:\/\/pixabay.com\/da\/h%C3%A6nder-verden-kort-globalt-jord-600497\/\" target=\"_blank\" rel=\"noopener noreferrer\">link<\/a><\/strong><\/span><br \/>Billede af terninger fra Pixabay. Se<span style=\"color: #8d2423;\">\u00a0<strong><a style=\"color: #8d2423;\" href=\"https:\/\/pixabay.com\/da\/terninger-spil-gambling-numre-held-160005\/\" target=\"_blank\" rel=\"noopener noreferrer\">link<\/a><\/strong><\/span><br \/>Tio Spanish. Se<span style=\"color: #8d2423;\"><a style=\"color: #8d2423;\" href=\"https:\/\/www.youtube.com\/watch?v=3v-RsOeURAY\" target=\"_blank\" rel=\"noopener noreferrer\">\u00a0<strong>link<\/strong><\/a><\/span><br \/>Babyradio. Se\u00a0<span style=\"color: #8d2423;\"><strong><a style=\"color: #8d2423;\" href=\"https:\/\/www.youtube.com\/watch?v=4PcHHPZM5fI&amp;t=2s\" target=\"_blank\" rel=\"noopener noreferrer\">link<\/a><\/strong><\/span><br \/>Fem vejr-billeder fra Shutterstock. Se\u00a0<strong><a href=\"https:\/\/www.shutterstock.com\/es\/image-vector\/weather-icons-set-eps-10-100829002\" target=\"_blank\" rel=\"noopener noreferrer\"><span style=\"color: #8d2423;\">link\u00a0<\/span><\/a><\/strong><\/p>\t\t\t\t\t\t\t\t<\/div>\n\t\t\t\t<div class=\"elementor-element elementor-element-4e4a8a1 elementor-widget elementor-widget-text-editor\" data-id=\"4e4a8a1\" data-element_type=\"widget\" data-widget_type=\"text-editor.default\">\n\t\t\t\t\t\t\t\t\t<p><strong>Cap. 2<\/strong><br \/>Razones para dibujar. Se\u00a0<span style=\"color: #8d2423;\"><strong><a style=\"color: #8d2423;\" href=\"http:\/\/javierroz.com\/es\/statment\/\" target=\"_blank\" rel=\"noopener noreferrer\">link<\/a><\/strong><\/span><br \/>Fotos af den spansk familie. Fotograf Silvia Cano Ponce og Javier Roz<br \/>Fotos fra freeimages.\u00a0Se<span style=\"color: #8d2423;\">\u00a0<strong><a style=\"color: #8d2423;\" href=\"http:\/\/www.freeimages.com\/photo\/portrait-of-vessy-1475041\" target=\"_blank\" rel=\"noopener noreferrer\">link<\/a><\/strong>,\u00a0<strong><a style=\"color: #8d2423;\" href=\"http:\/\/www.freeimages.com\/photo\/old-man-1534208\" target=\"_blank\" rel=\"noopener noreferrer\">link<\/a><\/strong>,\u00a0<strong><a style=\"color: #8d2423;\" href=\"http:\/\/www.freeimages.com\/photo\/medusa-1434410\" target=\"_blank\" rel=\"noopener noreferrer\">link<\/a>\u00a0<\/strong><\/span><br \/>Billede af sovev\u00e6relse fra Pixabay: Se\u00a0<span style=\"color: #8d2423;\"><a style=\"color: #8d2423;\" href=\"https:\/\/pixabay.com\/da\/sovev%C3%A6relse-bop%C3%A6l-hjem-hus-mester-2014865\/\" target=\"_blank\" rel=\"noopener noreferrer\"><strong>link<\/strong><\/a><\/span><br \/>\u200bBillede af stue fra Pixabay. Se<span style=\"color: #8d2423;\"><strong>\u00a0<a style=\"color: #8d2423;\" href=\"https:\/\/pixabay.com\/da\/interi%C3%B8r-stue-living-room-interi%C3%B8r-1961070\/\" target=\"_blank\" rel=\"noopener noreferrer\">link<\/a><\/strong><\/span><br \/>Billede af sommerhusrod fra Pixabay. Se\u00a0<strong><a href=\"https:\/\/pixabay.com\/da\/stadig-poster-ting-vintage-indl%C3%A6g-2608676\/\" target=\"_blank\" rel=\"noopener noreferrer\">link<\/a><\/strong><br \/>Video om familiemedlemmerne fra Tio Spanish. Se\u00a0<a href=\"https:\/\/www.youtube.com\/watch?v=FlKr_tC8YuU\" target=\"_blank\" rel=\"noopener noreferrer\"><strong>link<\/strong><\/a><br \/>Billede af mand med s\u00f8n. Se\u00a0<strong><a href=\"https:\/\/pixabay.com\/da\/far-barn-barcelona-spanien-1223747\/\" target=\"_blank\" rel=\"noopener noreferrer\">link<\/a><\/strong><\/p>\t\t\t\t\t\t\t\t<\/div>\n\t\t\t\t<div class=\"elementor-element elementor-element-c9c9c93 elementor-widget elementor-widget-text-editor\" data-id=\"c9c9c93\" data-element_type=\"widget\" data-widget_type=\"text-editor.default\">\n\t\t\t\t\t\t\t\t\t<p><strong>Cap. 3<\/strong><br \/>Billede af \u201cMarie\u201d ved havnen. Fotograf:\u00a0 Naja Toftgaard Lauridsen<br \/>Billede af \u201cMarie\u201d p\u00e5 gaden. Fotograf:\u00a0 Naja Toftgaard Lauridsen<br \/>Billede af ur fra Pixabay. Se\u00a0<strong><a href=\"https:\/\/pixabay.com\/da\/ur-analog-tid-watch-analogt-ur-147257\/\" target=\"_blank\" rel=\"noopener noreferrer\">link\u200b<\/a><\/strong><br \/>Billede af skilt. Fotograf: Camilla J\u00fcrgensen<\/p>\t\t\t\t\t\t\t\t<\/div>\n\t\t\t\t<div class=\"elementor-element elementor-element-adb194c elementor-widget elementor-widget-text-editor\" data-id=\"adb194c\" data-element_type=\"widget\" data-widget_type=\"text-editor.default\">\n\t\t\t\t\t\t\t\t\t<p><strong>Cap. 4<\/strong><br \/>Billede af Manuel Gallardo Plaza. Fotograf L\u00e6rke Marie Ryge<br \/>Billede af vandkamp fra Pixabay. Se\u00a0<strong><a href=\"https:\/\/pixabay.com\/da\/vandkamp-b%C3%B8rn-vand-spille-barn-442257\/\" target=\"_blank\" rel=\"noopener noreferrer\">link<\/a><\/strong><br \/>Billede af terninger fra Pixabay. Se\u00a0<strong><a href=\"https:\/\/pixabay.com\/da\/terninger-spil-gambling-numre-held-160005\/\" target=\"_blank\" rel=\"noopener noreferrer\">link<\/a><\/strong><\/p>\t\t\t\t\t\t\t\t<\/div>\n\t\t\t\t<div class=\"elementor-element elementor-element-fcb4934 elementor-widget elementor-widget-text-editor\" data-id=\"fcb4934\" data-element_type=\"widget\" data-widget_type=\"text-editor.default\">\n\t\t\t\t\t\t\t\t\t<p><strong>Cap. 5<\/strong><br \/>Billede af tapasbar fra Wikipedia Commons. Se\u00a0<strong><a href=\"https:\/\/commons.wikimedia.org\/wiki\/File:Madrid-Plaza_Mayor-Tapas_bar.jpg\" target=\"_blank\" rel=\"noopener noreferrer\">link\u00a0<\/a><\/strong><br \/>El tiempo libre. Nivel A2 \u2013\u00a0Agust\u00edn Iruela \u2013 Video ele. Se\u00a0<strong><a href=\"https:\/\/www.youtube.com\/watch?v=Y1MXr0YYqrk\" target=\"_blank\" rel=\"noopener noreferrer\">link<\/a><\/strong><br \/>Billede af restaurant Molino. Fotograf: L\u00e6rke Marie Ryge<\/p>\t\t\t\t\t\t\t\t<\/div>\n\t\t\t\t<div class=\"elementor-element elementor-element-a2c6b69 elementor-widget elementor-widget-text-editor\" data-id=\"a2c6b69\" data-element_type=\"widget\" data-widget_type=\"text-editor.default\">\n\t\t\t\t\t\t\t\t\t<p><strong>Cap. 6<\/strong><br \/>Billede af \u201cMarie\u201d og Museo Picasso. Fotograf: Naja Toftgaard Lauridsen<br \/>\u200bBillede af personer fra Shutterstock. Se\u00a0<strong><a href=\"https:\/\/www.shutterstock.com\/image-vector\/people-characters-251411428\" target=\"_blank\" rel=\"noopener noreferrer\">link\u00a0<\/a><\/strong><br \/>Billeder af fem m\u00f8nstre fra Pixabay. Se\u00a0<strong><a href=\"https:\/\/pixabay.com\/es\/copa-arriba-punto-de-vista-caf%C3%A9-2315554\/\" target=\"_blank\" rel=\"noopener noreferrer\">link<\/a>,\u00a0<a href=\"https:\/\/pixabay.com\/es\/azul-a-cuadros-plaid-tradicionales-2699776\/\" target=\"_blank\" rel=\"noopener noreferrer\">link<\/a>,\u00a0<a href=\"https:\/\/pixabay.com\/es\/patr%C3%B3n-dise%C3%B1o-textil-dise%C3%B1o-textil-854008\/\" target=\"_blank\" rel=\"noopener noreferrer\">link<\/a><\/strong>,\u00a0<strong><a href=\"https:\/\/pixabay.com\/es\/bordado-flores-artesan%C3%ADa-blusa-14333\/\" target=\"_blank\" rel=\"noopener noreferrer\">link<\/a><\/strong><strong>,<\/strong><strong>\u00a0<a href=\"https:\/\/pixabay.com\/es\/copa-arriba-punto-de-vista-caf%C3%A9-2315563\/\" target=\"_blank\" rel=\"noopener noreferrer\">link<\/a><\/strong><br \/>Billede af dreng\/krop (Quizlet) fra Shutterstock. Se\u00a0<strong><a href=\"https:\/\/l.facebook.com\/l.php?u=https%3A%2F%2Fwww.shutterstock.com%2Fda%2Fimage-vector%2Fboy-body-parts-front-back-318805547%3Fsrc%3DY9hQLKGcYCcgySzV6Qot-g-1-95&amp;h=ATOujFzsxDzXlFxX-wwe6EZI87mrKCiwVYM2TQ8xAB2DRjU4lHRWjQoEKfIzLqaI27wD6Ev1LjPTrHRqRtpmZD7EpLbw2KgYEBH4qQBOBGAQA9lmKICTltEa-0SsWgUGdPW32k0hNZVOsMeECkg\" target=\"_blank\" rel=\"noopener noreferrer\">link<\/a><\/strong><\/p>\t\t\t\t\t\t\t\t<\/div>\n\t\t\t\t<div class=\"elementor-element elementor-element-a78644a elementor-widget elementor-widget-text-editor\" data-id=\"a78644a\" data-element_type=\"widget\" data-widget_type=\"text-editor.default\">\n\t\t\t\t\t\t\t\t\t<p><strong>Cap. 7<\/strong><br \/>Billede af \u201cMarie\u201d med hunden.\u00a0Fotograf: Naja Toftgaard Lauridsen<br \/>Tre \u00e6ldre damer i bageri fra Pixabay. Se\u00a0<a href=\"https:\/\/pixabay.com\/da\/bager-obrador-br%C3%B8d-firma-hale-store-1437156\/\" target=\"_blank\" rel=\"noopener noreferrer\"><strong>link<\/strong><\/a><br \/>Tegning af l\u00e6ge fra Pixabay. Se\u00a0<strong><a href=\"https:\/\/pixabay.com\/da\/l%C3%A6ge-medicin-mand-medicinsk-2025725\/\" target=\"_blank\" rel=\"noopener noreferrer\">link<\/a><\/strong><br \/>Lille hund fra Pixabay. Se\u00a0<strong><a href=\"https:\/\/pixabay.com\/da\/hvalp-golden-retriever-hund-1207816\/\" target=\"_blank\" rel=\"noopener noreferrer\">link<\/a><\/strong><br \/>Billeder af sk\u00f8jtel\u00f8b fra Pixabay. Se\u00a0<strong><a href=\"https:\/\/pixabay.com\/da\/sk%C3%B8jtel%C3%B8b-kunstsk%C3%B8jtel%C3%B8b-vintersport-235547\/\" target=\"_blank\" rel=\"noopener noreferrer\">link<\/a><\/strong><br \/>Billeder ved springvand fra Freeimages. Se<a href=\"http:\/\/www.freeimages.com\/photo\/three-friends-1435847\" target=\"_blank\" rel=\"noopener noreferrer\">\u00a0<strong>link<\/strong><\/a><br \/>Billede p\u00e5 stranden fra Freeimages. Se\u00a0<a href=\"http:\/\/www.freeimages.com\/photo\/the-perfect-family-1407389\" target=\"_blank\" rel=\"noopener noreferrer\"><strong>link\u00a0<\/strong><\/a><\/p>\t\t\t\t\t\t\t\t<\/div>\n\t\t\t\t<div class=\"elementor-element elementor-element-82246cf elementor-widget elementor-widget-text-editor\" data-id=\"82246cf\" data-element_type=\"widget\" data-widget_type=\"text-editor.default\">\n\t\t\t\t\t\t\t\t\t<p><strong>\u200bCap. 8<\/strong><br \/>Billede af Spanien p\u00e5 forsiden. Se\u00a0<strong><a href=\"https:\/\/www.shutterstock.com\/es\/image-vector\/cartoon-map-spain-legend-icons-394697812?src=library\" target=\"_blank\" rel=\"noopener noreferrer\">link<\/a><\/strong><br \/>Video \u00bfQu\u00e9 piensan los espa\u00f1oles de los espa\u00f1oles?. Se<strong>\u00a0<a href=\"https:\/\/www.youtube.com\/watch?v=ZpYCIjhi8jg\" target=\"_blank\" rel=\"noopener noreferrer\">link<\/a><\/strong><br \/>Artikel p\u00e5 dansk om stereotyper. Se<strong>\u00a0<a href=\"http:\/\/livsstil.tv2.dk\/articledag\/id-52642208%3Avi-synes-engl%25C3%2583%25C6%2592%25C3%2586%25E2%2580%2599%25C3%2583%25C6%2592%25C3%25A2%25E2%2582%25AC%25C2%25A0%25C3%2583%25C6%2592%25C3%2586%25E2%2580%2599%25C3%2583%25C6%2592%25C3%25A2%25E2%2582%25AC%25C5%25A1ndere-er-sjove--og-franskm\" target=\"_blank\" rel=\"noopener noreferrer\">link<\/a><\/strong><\/p>\t\t\t\t\t\t\t\t<\/div>\n\t\t\t\t<div class=\"elementor-element elementor-element-796ada0 elementor-widget elementor-widget-text-editor\" data-id=\"796ada0\" data-element_type=\"widget\" data-widget_type=\"text-editor.default\">\n\t\t\t\t\t\t\t\t\t<p><strong>Cap. 9<\/strong><br \/>Billede af tigger p\u00e5 forsiden. Se\u00a0<strong><a href=\"https:\/\/pixabay.com\/da\/d%C3%A5rlig-tigger-etik-2489481\/\" target=\"_blank\" rel=\"noopener noreferrer\">link<\/a><\/strong><br \/>Video fra Los \u00c1ngeles Malague\u00f1os de la Noche. Se\u00a0<strong><a href=\"https:\/\/youtu.be\/5X-92AFVYPQ\" target=\"_blank\" rel=\"noopener noreferrer\">link<\/a><\/strong><br \/>Billeder fra Los \u00c1ngeles Malague\u00f1os de la Noche. Se\u00a0<strong><a href=\"http:\/\/www.angelesdelanoche.org\/\" target=\"_blank\" rel=\"noopener noreferrer\">link<\/a><\/strong><\/p>\t\t\t\t\t\t\t\t<\/div>\n\t\t\t\t<div class=\"elementor-element elementor-element-4dc54ec elementor-widget elementor-widget-text-editor\" data-id=\"4dc54ec\" data-element_type=\"widget\" data-widget_type=\"text-editor.default\">\n\t\t\t\t\t\t\t\t\t<p><strong>Cap. 10<\/strong><br \/>Billeder af grafitti. Fotograf: Britta Guldmann Maier Jensen<br \/>Billede af personer fra Shutterstock. Se\u00a0<strong><a href=\"https:\/\/www.shutterstock.com\/image-vector\/people-characters-251411428\" target=\"_blank\" rel=\"noopener noreferrer\">link\u00a0<\/a><\/strong><br \/>Billede af to m\u00e6nd fra Pixabay. Se\u00a0<strong><a href=\"https:\/\/pixabay.com\/da\/m%C3%A6nd-kvinder-t%C3%B8j-kvinde-mand-par-2425124\/\" target=\"_blank\" rel=\"noopener noreferrer\">link<\/a><\/strong><\/p>\t\t\t\t\t\t\t\t<\/div>\n\t\t\t\t<div class=\"elementor-element elementor-element-dbed24c elementor-widget elementor-widget-text-editor\" data-id=\"dbed24c\" data-element_type=\"widget\" data-widget_type=\"text-editor.default\">\n\t\t\t\t\t\t\t\t\t<p><strong>Cap. 11<\/strong><br \/>Billede p\u00e5 forside af souvenirbutik. Fotograf: Camilla J\u00fcrgensen<br \/>3 billeder (vocabulario). Fotograf: Camilla J\u00fcrgensen<\/p>\t\t\t\t\t\t\t\t<\/div>\n\t\t\t\t<div class=\"elementor-element elementor-element-bf8eeab elementor-widget elementor-widget-text-editor\" data-id=\"bf8eeab\" data-element_type=\"widget\" data-widget_type=\"text-editor.default\">\n\t\t\t\t\t\t\t\t\t<p><strong>Cap. 12<\/strong><br \/>Billede af b\u00f8rn. Fotograf: L\u00e6rke Marie Ryge<\/p>\t\t\t\t\t\t\t\t<\/div>\n\t\t\t\t<div class=\"elementor-element elementor-element-8677da2 elementor-widget elementor-widget-text-editor\" data-id=\"8677da2\" data-element_type=\"widget\" data-widget_type=\"text-editor.default\">\n\t\t\t\t\t\t\t\t\t<p><strong>\u200bBilleder til billedbeskrivelse\u00a0<\/strong><br \/>Alle fotos: Fotograf:\u00a0L\u00e6rke Marie Ryge og Camilla J\u00fcrgensen<\/p>\t\t\t\t\t\t\t\t<\/div>\n\t\t\t\t<div class=\"elementor-element elementor-element-ae24bd4 elementor-widget elementor-widget-text-editor\" data-id=\"ae24bd4\" data-element_type=\"widget\" data-widget_type=\"text-editor.default\">\n\t\t\t\t\t\t\t\t\t<p><strong>Interviews<\/strong><br \/>Billede af Rosa.\u00a0Fotograf:\u00a0L\u00e6rke Marie Ryge<br \/>Billede af Angela.\u00a0Fotograf:\u00a0L\u00e6rke Marie Ryge<\/p>\t\t\t\t\t\t\t\t<\/div>\n\t\t\t\t<\/div>\n\t\t\t\t<\/div>\n\t\t\t\t<\/div>\n\t\t","protected":false},"excerpt":{"rendered":"<p>Billede-, foto- og videomateriale Alle eksterne materialer, som bruges i denne bog, er enten egenproduceret, k\u00f8bt eller godkendt af producenten. [&hellip;]<\/p>\n","protected":false},"author":1,"featured_media":0,"parent":0,"menu_order":0,"comment_status":"closed","ping_status":"closed","template":"elementor_header_footer","meta":{"site-sidebar-layout":"no-sidebar","site-content-layout":"","ast-site-content-layout":"full-width-container","site-content-style":"default","site-sidebar-style":"default","ast-global-header-display":"","ast-banner-title-visibility":"","ast-main-header-display":"","ast-hfb-above-header-display":"","ast-hfb-below-header-display":"","ast-hfb-mobile-header-display":"","site-post-title":"","ast-breadcrumbs-content":"","ast-featured-img":"disabled","footer-sml-layout":"","ast-disable-related-posts":"","theme-transparent-header-meta":"","adv-header-id-meta":"","stick-header-meta":"","header-above-stick-meta":"","header-main-stick-meta":"","header-below-stick-meta":"","astra-migrate-meta-layouts":"default","ast-page-background-enabled":"default","ast-page-background-meta":{"desktop":{"background-color":"var(--ast-global-color-5)","background-image":"","background-repeat":"repeat","background-position":"center center","background-size":"auto","background-attachment":"scroll","background-type":"","background-media":"","overlay-type":"","overlay-color":"","overlay-opacity":"","overlay-gradient":""},"tablet":{"background-color":"","background-image":"","background-repeat":"repeat","background-position":"center center","background-size":"auto","background-attachment":"scroll","background-type":"","background-media":"","overlay-type":"","overlay-color":"","overlay-opacity":"","overlay-gradient":""},"mobile":{"background-color":"","background-image":"","background-repeat":"repeat","background-position":"center center","background-size":"auto","background-attachment":"scroll","background-type":"","background-media":"","overlay-type":"","overlay-color":"","overlay-opacity":"","overlay-gradient":""}},"ast-content-background-meta":{"desktop":{"background-color":"var(--ast-global-color-4)","background-image":"","background-repeat":"repeat","background-position":"center center","background-size":"auto","background-attachment":"scroll","background-type":"","background-media":"","overlay-type":"","overlay-color":"","overlay-opacity":"","overlay-gradient":""},"tablet":{"background-color":"var(--ast-global-color-4)","background-image":"","background-repeat":"repeat","background-position":"center center","background-size":"auto","background-attachment":"scroll","background-type":"","background-media":"","overlay-type":"","overlay-color":"","overlay-opacity":"","overlay-gradient":""},"mobile":{"background-color":"var(--ast-global-color-4)","background-image":"","background-repeat":"repeat","background-position":"center center","background-size":"auto","background-attachment":"scroll","background-type":"","background-media":"","overlay-type":"","overlay-color":"","overlay-opacity":"","overlay-gradient":""}},"footnotes":""},"class_list":["post-24","page","type-page","status-publish","hentry"],"_links":{"self":[{"href":"https:\/\/laerkeryge.maktechagency.com\/index.php\/wp-json\/wp\/v2\/pages\/24","targetHints":{"allow":["GET"]}}],"collection":[{"href":"https:\/\/laerkeryge.maktechagency.com\/index.php\/wp-json\/wp\/v2\/pages"}],"about":[{"href":"https:\/\/laerkeryge.maktechagency.com\/index.php\/wp-json\/wp\/v2\/types\/page"}],"author":[{"embeddable":true,"href":"https:\/\/laerkeryge.maktechagency.com\/index.php\/wp-json\/wp\/v2\/users\/1"}],"replies":[{"embeddable":true,"href":"https:\/\/laerkeryge.maktechagency.com\/index.php\/wp-json\/wp\/v2\/comments?post=24"}],"version-history":[{"count":127,"href":"https:\/\/laerkeryge.maktechagency.com\/index.php\/wp-json\/wp\/v2\/pages\/24\/revisions"}],"predecessor-version":[{"id":8151,"href":"https:\/\/laerkeryge.maktechagency.com\/index.php\/wp-json\/wp\/v2\/pages\/24\/revisions\/8151"}],"wp:attachment":[{"href":"https:\/\/laerkeryge.maktechagency.com\/index.php\/wp-json\/wp\/v2\/media?parent=24"}],"curies":[{"name":"wp","href":"https:\/\/api.w.org\/{rel}","templated":true}]}}