{"id":156,"date":"2025-12-20T08:34:35","date_gmt":"2025-12-20T08:34:35","guid":{"rendered":"https:\/\/laerkeryge.maktechagency.com\/?page_id=156"},"modified":"2026-01-07T06:13:22","modified_gmt":"2026-01-07T06:13:22","slug":"angela-b-niveau","status":"publish","type":"page","link":"https:\/\/laerkeryge.maktechagency.com\/index.php\/angela-b-niveau\/","title":{"rendered":"Angela b-niveau"},"content":{"rendered":"\t\t<div data-elementor-type=\"wp-page\" data-elementor-id=\"156\" class=\"elementor elementor-156\" data-elementor-post-type=\"page\">\n\t\t\t\t<div class=\"elementor-element elementor-element-1e27c28 e-con-full e-flex e-con e-parent\" data-id=\"1e27c28\" data-element_type=\"container\" data-settings=\"{&quot;background_background&quot;:&quot;classic&quot;}\">\n\t\t\t\t<\/div>\n\t\t<div class=\"elementor-element elementor-element-bf89e1b e-con-full e-flex e-con e-parent\" data-id=\"bf89e1b\" data-element_type=\"container\">\n\t\t<div class=\"elementor-element elementor-element-888096c e-con-full e-flex e-con e-child\" data-id=\"888096c\" data-element_type=\"container\">\n\t\t<div class=\"elementor-element elementor-element-55a5b2c e-con-full e-flex e-con e-child\" data-id=\"55a5b2c\" data-element_type=\"container\">\n\t\t<div class=\"elementor-element elementor-element-0dad7ba e-con-full e-flex e-con e-child\" data-id=\"0dad7ba\" data-element_type=\"container\">\n\t\t\t\t<div class=\"elementor-element elementor-element-a3083df elementor-widget elementor-widget-image\" data-id=\"a3083df\" data-element_type=\"widget\" data-widget_type=\"image.default\">\n\t\t\t\t\t\t\t\t\t\t\t\t\t\t\t\t<a href=\"https:\/\/laerkeryge.maktechagency.com\/wp-content\/uploads\/2025\/12\/Tekstprasentation_angela_a_niveau.webp\" data-elementor-open-lightbox=\"yes\" data-e-action-hash=\"#elementor-action%3Aaction%3Dlightbox%26settings%3DeyJpZCI6MzM0MSwidXJsIjoiaHR0cHM6XC9cL2xhZXJrZXJ5Z2UubWFrdGVjaGFnZW5jeS5jb21cL3dwLWNvbnRlbnRcL3VwbG9hZHNcLzIwMjVcLzEyXC9UZWtzdHByYXNlbnRhdGlvbl9hbmdlbGFfYV9uaXZlYXUud2VicCJ9\">\n\t\t\t\t\t\t\t<img fetchpriority=\"high\" decoding=\"async\" width=\"485\" height=\"346\" src=\"https:\/\/laerkeryge.maktechagency.com\/wp-content\/uploads\/2025\/12\/Tekstprasentation_angela_a_niveau.webp\" class=\"attachment-full size-full wp-image-3341\" alt=\"\" srcset=\"https:\/\/laerkeryge.maktechagency.com\/wp-content\/uploads\/2025\/12\/Tekstprasentation_angela_a_niveau.webp 485w, https:\/\/laerkeryge.maktechagency.com\/wp-content\/uploads\/2025\/12\/Tekstprasentation_angela_a_niveau-300x214.webp 300w\" sizes=\"(max-width: 485px) 100vw, 485px\" \/>\t\t\t\t\t\t\t\t<\/a>\n\t\t\t\t\t\t\t\t\t\t\t\t\t\t\t<\/div>\n\t\t\t\t<\/div>\n\t\t<div class=\"elementor-element elementor-element-95cbf47 e-con-full e-flex e-con e-child\" data-id=\"95cbf47\" data-element_type=\"container\">\n\t\t\t\t<div class=\"elementor-element elementor-element-7c1ae09 elementor-widget elementor-widget-heading\" data-id=\"7c1ae09\" data-element_type=\"widget\" data-widget_type=\"heading.default\">\n\t\t\t\t\t<h2 class=\"elementor-heading-title elementor-size-default\">\u00c1ngela b-niveau\n\n<\/h2>\t\t\t\t<\/div>\n\t\t\t\t<div class=\"elementor-element elementor-element-f4fcee3 elementor-widget elementor-widget-text-editor\" data-id=\"f4fcee3\" data-element_type=\"widget\" data-widget_type=\"text-editor.default\">\n\t\t\t\t\t\t\t\t\t<p><strong>Introducci\u00f3n y instrucciones<\/strong><br \/>El texto es una entrevista con \u00c1ngela Palomo Nu\u00f1ez que es una chica de M\u00e1laga.<\/p>\t\t\t\t\t\t\t\t<\/div>\n\t\t\t\t<div class=\"elementor-element elementor-element-1a67d32 elementor-widget elementor-widget-text-editor\" data-id=\"1a67d32\" data-element_type=\"widget\" data-widget_type=\"text-editor.default\">\n\t\t\t\t\t\t\t\t\t<ul><li>Describe la familia de \u00c1ngela.<\/li><li>Compara la familia de \u00c1ngela con la familia de Marie (Un mes en M\u00e1laga).<\/li><\/ul>\t\t\t\t\t\t\t\t<\/div>\n\t\t\t\t<\/div>\n\t\t\t\t<\/div>\n\t\t<div class=\"elementor-element elementor-element-8f5e32c e-con-full e-flex e-con e-child\" data-id=\"8f5e32c\" data-element_type=\"container\">\n\t\t\t\t<div class=\"elementor-element elementor-element-8d379a3 elementor-widget elementor-widget-heading\" data-id=\"8d379a3\" data-element_type=\"widget\" data-widget_type=\"heading.default\">\n\t\t\t\t\t<h2 class=\"elementor-heading-title elementor-size-default\">\u00c1ngela, una chica malague\u00f1a\n\n\n<\/h2>\t\t\t\t<\/div>\n\t\t\t\t<div class=\"elementor-element elementor-element-2da3aa5 elementor-widget elementor-widget-text-editor\" data-id=\"2da3aa5\" data-element_type=\"widget\" data-widget_type=\"text-editor.default\">\n\t\t\t\t\t\t\t\t\t<p><strong>\u00bfC\u00f3mo es tu familia?<\/strong>\u00a0Mi familia est\u00e1 compuesta por 5 miembros: yo, mis padres y mis dos hermanos. Tengo una hermana con 13 a\u00f1os y mi hermano tiene 16 a\u00f1os. Mi hermana se llama Isabel y mi hermano Francisco. Mi hermana est\u00e1 en esa edad complicada, preadolescente, es un poco rebelde. Mi hermano es muy bueno, y es muy callado \u2026vaya. Mi madre se llama Mar\u00eda \u00c1ngeles y mi padre Francisco, pero le decimos Paco. Mi padre trabaja de jardinero cerca de casa y tambi\u00e9n tiene un campo en el pueblo Colmenar cerca de M\u00e1laga, y se va los fines de semana a su campo a cultivar almendras y aceitunas\u2026 Mi madre es ama de casa, bueno, tambi\u00e9n trabaja a veces limpiando en otras casas, pero ella lleva toda su vida con nosotros, cuid\u00e1ndonos.<\/p>\t\t\t\t\t\t\t\t<\/div>\n\t\t\t\t<div class=\"elementor-element elementor-element-a1106c0 elementor-widget elementor-widget-text-editor\" data-id=\"a1106c0\" data-element_type=\"widget\" data-widget_type=\"text-editor.default\">\n\t\t\t\t\t\t\t\t\t<p><strong>\u00bfD\u00f3nde vives?<\/strong>\u00a0Vivo en un barrio que se llama el Torcal con mi familia \u2026s\u00ed, s\u00ed todav\u00eda no me he independizado. Vivimos en un piso con tres dormitorios, comparto cuarto con mi hermana.<\/p>\t\t\t\t\t\t\t\t<\/div>\n\t\t\t\t<div class=\"elementor-element elementor-element-322cc97 elementor-widget elementor-widget-text-editor\" data-id=\"322cc97\" data-element_type=\"widget\" data-widget_type=\"text-editor.default\">\n\t\t\t\t\t\t\t\t\t<p><strong>\u00bfCon qu\u00e9 sue\u00f1as?<\/strong>\u00a0Me gustar\u00eda (1) tener una familia, casarme y tener ni\u00f1os\u2026en realidad sue\u00f1o con esto. Tambi\u00e9n me gusta viajar (\u2026) pero para viajar necesitas dinero.<\/p>\t\t\t\t\t\t\t\t<\/div>\n\t\t\t\t<div class=\"elementor-element elementor-element-550c0b8 elementor-widget elementor-widget-text-editor\" data-id=\"550c0b8\" data-element_type=\"widget\" data-widget_type=\"text-editor.default\">\n\t\t\t\t\t\t\t\t\t<p><strong>Gloser:<\/strong><br \/>(1) Me gustar\u00eda \u2013 jeg kunne godt t\u00e6nke mig<\/p>\t\t\t\t\t\t\t\t<\/div>\n\t\t\t\t<div class=\"elementor-element elementor-element-f10e432 elementor-widget elementor-widget-text-editor\" data-id=\"f10e432\" data-element_type=\"widget\" data-widget_type=\"text-editor.default\">\n\t\t\t\t\t\t\t\t\t<p>(1249 anslag inkl. mellemrum)<\/p>\t\t\t\t\t\t\t\t<\/div>\n\t\t\t\t<\/div>\n\t\t\t\t<\/div>\n\t\t\t\t<\/div>\n\t\t\t\t<\/div>\n\t\t","protected":false},"excerpt":{"rendered":"<p>\u00c1ngela b-niveau Introducci\u00f3n y instruccionesEl texto es una entrevista con \u00c1ngela Palomo Nu\u00f1ez que es una chica de M\u00e1laga. Describe [&hellip;]<\/p>\n","protected":false},"author":1,"featured_media":0,"parent":0,"menu_order":0,"comment_status":"closed","ping_status":"closed","template":"elementor_header_footer","meta":{"site-sidebar-layout":"no-sidebar","site-content-layout":"","ast-site-content-layout":"full-width-container","site-content-style":"default","site-sidebar-style":"default","ast-global-header-display":"","ast-banner-title-visibility":"","ast-main-header-display":"","ast-hfb-above-header-display":"","ast-hfb-below-header-display":"","ast-hfb-mobile-header-display":"","site-post-title":"","ast-breadcrumbs-content":"","ast-featured-img":"disabled","footer-sml-layout":"","ast-disable-related-posts":"","theme-transparent-header-meta":"","adv-header-id-meta":"","stick-header-meta":"","header-above-stick-meta":"","header-main-stick-meta":"","header-below-stick-meta":"","astra-migrate-meta-layouts":"default","ast-page-background-enabled":"default","ast-page-background-meta":{"desktop":{"background-color":"var(--ast-global-color-5)","background-image":"","background-repeat":"repeat","background-position":"center center","background-size":"auto","background-attachment":"scroll","background-type":"","background-media":"","overlay-type":"","overlay-color":"","overlay-opacity":"","overlay-gradient":""},"tablet":{"background-color":"","background-image":"","background-repeat":"repeat","background-position":"center center","background-size":"auto","background-attachment":"scroll","background-type":"","background-media":"","overlay-type":"","overlay-color":"","overlay-opacity":"","overlay-gradient":""},"mobile":{"background-color":"","background-image":"","background-repeat":"repeat","background-position":"center center","background-size":"auto","background-attachment":"scroll","background-type":"","background-media":"","overlay-type":"","overlay-color":"","overlay-opacity":"","overlay-gradient":""}},"ast-content-background-meta":{"desktop":{"background-color":"var(--ast-global-color-4)","background-image":"","background-repeat":"repeat","background-position":"center center","background-size":"auto","background-attachment":"scroll","background-type":"","background-media":"","overlay-type":"","overlay-color":"","overlay-opacity":"","overlay-gradient":""},"tablet":{"background-color":"var(--ast-global-color-4)","background-image":"","background-repeat":"repeat","background-position":"center center","background-size":"auto","background-attachment":"scroll","background-type":"","background-media":"","overlay-type":"","overlay-color":"","overlay-opacity":"","overlay-gradient":""},"mobile":{"background-color":"var(--ast-global-color-4)","background-image":"","background-repeat":"repeat","background-position":"center center","background-size":"auto","background-attachment":"scroll","background-type":"","background-media":"","overlay-type":"","overlay-color":"","overlay-opacity":"","overlay-gradient":""}},"footnotes":""},"class_list":["post-156","page","type-page","status-publish","hentry"],"_links":{"self":[{"href":"https:\/\/laerkeryge.maktechagency.com\/index.php\/wp-json\/wp\/v2\/pages\/156","targetHints":{"allow":["GET"]}}],"collection":[{"href":"https:\/\/laerkeryge.maktechagency.com\/index.php\/wp-json\/wp\/v2\/pages"}],"about":[{"href":"https:\/\/laerkeryge.maktechagency.com\/index.php\/wp-json\/wp\/v2\/types\/page"}],"author":[{"embeddable":true,"href":"https:\/\/laerkeryge.maktechagency.com\/index.php\/wp-json\/wp\/v2\/users\/1"}],"replies":[{"embeddable":true,"href":"https:\/\/laerkeryge.maktechagency.com\/index.php\/wp-json\/wp\/v2\/comments?post=156"}],"version-history":[{"count":34,"href":"https:\/\/laerkeryge.maktechagency.com\/index.php\/wp-json\/wp\/v2\/pages\/156\/revisions"}],"predecessor-version":[{"id":8771,"href":"https:\/\/laerkeryge.maktechagency.com\/index.php\/wp-json\/wp\/v2\/pages\/156\/revisions\/8771"}],"wp:attachment":[{"href":"https:\/\/laerkeryge.maktechagency.com\/index.php\/wp-json\/wp\/v2\/media?parent=156"}],"curies":[{"name":"wp","href":"https:\/\/api.w.org\/{rel}","templated":true}]}}