{"id":152,"date":"2025-12-20T08:34:14","date_gmt":"2025-12-20T08:34:14","guid":{"rendered":"https:\/\/laerkeryge.maktechagency.com\/?page_id=152"},"modified":"2026-01-14T03:40:12","modified_gmt":"2026-01-14T03:40:12","slug":"rosa-a-niveau","status":"publish","type":"page","link":"https:\/\/laerkeryge.maktechagency.com\/index.php\/rosa-a-niveau\/","title":{"rendered":"Rosa a-niveau"},"content":{"rendered":"\t\t<div data-elementor-type=\"wp-page\" data-elementor-id=\"152\" class=\"elementor elementor-152\" data-elementor-post-type=\"page\">\n\t\t\t\t<div class=\"elementor-element elementor-element-c6c0b82 e-con-full e-flex e-con e-parent\" data-id=\"c6c0b82\" data-element_type=\"container\" data-settings=\"{&quot;background_background&quot;:&quot;classic&quot;}\">\n\t\t\t\t<\/div>\n\t\t<div class=\"elementor-element elementor-element-9d65c04 e-con-full e-flex e-con e-parent\" data-id=\"9d65c04\" data-element_type=\"container\">\n\t\t<div class=\"elementor-element elementor-element-012b21b e-con-full e-flex e-con e-child\" data-id=\"012b21b\" data-element_type=\"container\">\n\t\t<div class=\"elementor-element elementor-element-df31668 e-con-full e-flex e-con e-child\" data-id=\"df31668\" data-element_type=\"container\">\n\t\t<div class=\"elementor-element elementor-element-399645c e-con-full e-flex e-con e-child\" data-id=\"399645c\" data-element_type=\"container\">\n\t\t\t\t<div class=\"elementor-element elementor-element-7aadb93 elementor-widget elementor-widget-image\" data-id=\"7aadb93\" data-element_type=\"widget\" data-widget_type=\"image.default\">\n\t\t\t\t\t\t\t\t\t\t\t\t\t\t\t\t<a href=\"https:\/\/laerkeryge.maktechagency.com\/wp-content\/uploads\/2025\/12\/tekstpraesentation_rosa_a_niveau.webp\" data-elementor-open-lightbox=\"yes\" data-e-action-hash=\"#elementor-action%3Aaction%3Dlightbox%26settings%3DeyJpZCI6MzIwOSwidXJsIjoiaHR0cHM6XC9cL2xhZXJrZXJ5Z2UubWFrdGVjaGFnZW5jeS5jb21cL3dwLWNvbnRlbnRcL3VwbG9hZHNcLzIwMjVcLzEyXC90ZWtzdHByYWVzZW50YXRpb25fcm9zYV9hX25pdmVhdS53ZWJwIn0%3D\">\n\t\t\t\t\t\t\t<img fetchpriority=\"high\" decoding=\"async\" width=\"633\" height=\"390\" src=\"https:\/\/laerkeryge.maktechagency.com\/wp-content\/uploads\/2025\/12\/tekstpraesentation_rosa_a_niveau.webp\" class=\"attachment-full size-full wp-image-3209\" alt=\"\" srcset=\"https:\/\/laerkeryge.maktechagency.com\/wp-content\/uploads\/2025\/12\/tekstpraesentation_rosa_a_niveau.webp 633w, https:\/\/laerkeryge.maktechagency.com\/wp-content\/uploads\/2025\/12\/tekstpraesentation_rosa_a_niveau-300x185.webp 300w\" sizes=\"(max-width: 633px) 100vw, 633px\" \/>\t\t\t\t\t\t\t\t<\/a>\n\t\t\t\t\t\t\t\t\t\t\t\t\t\t\t<\/div>\n\t\t\t\t<\/div>\n\t\t<div class=\"elementor-element elementor-element-9477f3a e-con-full e-flex e-con e-child\" data-id=\"9477f3a\" data-element_type=\"container\">\n\t\t\t\t<div class=\"elementor-element elementor-element-11d0b3f elementor-widget elementor-widget-heading\" data-id=\"11d0b3f\" data-element_type=\"widget\" data-widget_type=\"heading.default\">\n\t\t\t\t\t<h2 class=\"elementor-heading-title elementor-size-default\">Rosa a-niveau\n\n<\/h2>\t\t\t\t<\/div>\n\t\t\t\t<div class=\"elementor-element elementor-element-6bda15d elementor-widget elementor-widget-text-editor\" data-id=\"6bda15d\" data-element_type=\"widget\" data-widget_type=\"text-editor.default\">\n\t\t\t\t\t\t\t\t\t<p><strong>Introducci\u00f3n y instrucciones<\/strong><br \/>El texto es una entrevista con Rosa Molina. Rosa vive con su novio en M\u00e1laga y tiene dos trabajos.<\/p>\t\t\t\t\t\t\t\t<\/div>\n\t\t\t\t<div class=\"elementor-element elementor-element-ae66cfa elementor-widget elementor-widget-text-editor\" data-id=\"ae66cfa\" data-element_type=\"widget\" data-widget_type=\"text-editor.default\">\n\t\t\t\t\t\t\t\t\t<ul><li>Caracteriza a Rosa Molina y su familia<\/li><li>\u200bExplica por qu\u00e9 Rosa Molina es una chica independiente.<\/li><\/ul>\t\t\t\t\t\t\t\t<\/div>\n\t\t\t\t<\/div>\n\t\t\t\t<\/div>\n\t\t<div class=\"elementor-element elementor-element-a42b42c e-con-full e-flex e-con e-child\" data-id=\"a42b42c\" data-element_type=\"container\">\n\t\t\t\t<div class=\"elementor-element elementor-element-f8f657e elementor-widget elementor-widget-heading\" data-id=\"f8f657e\" data-element_type=\"widget\" data-widget_type=\"heading.default\">\n\t\t\t\t\t<h2 class=\"elementor-heading-title elementor-size-default\">Rosa, una chica independiente\n\n<\/h2>\t\t\t\t<\/div>\n\t\t\t\t<div class=\"elementor-element elementor-element-a73989f elementor-widget elementor-widget-text-editor\" data-id=\"a73989f\" data-element_type=\"widget\" data-widget_type=\"text-editor.default\">\n\t\t\t\t\t\t\t\t\t<p><strong>\u00bfC\u00f3mo te llamas?<\/strong>\u00a0Me llamo Rosa Molina<\/p>\t\t\t\t\t\t\t\t<\/div>\n\t\t\t\t<div class=\"elementor-element elementor-element-3fc21ac elementor-widget elementor-widget-text-editor\" data-id=\"3fc21ac\" data-element_type=\"widget\" data-widget_type=\"text-editor.default\">\n\t\t\t\t\t\t\t\t\t<p><strong>\u00bfCu\u00e1ntos a\u00f1os tienes?<\/strong>\u00a0Tengo 29 a\u00f1os.<\/p>\t\t\t\t\t\t\t\t<\/div>\n\t\t\t\t<div class=\"elementor-element elementor-element-e17f14f elementor-widget elementor-widget-text-editor\" data-id=\"e17f14f\" data-element_type=\"widget\" data-widget_type=\"text-editor.default\">\n\t\t\t\t\t\t\t\t\t<p><strong>\u00bfC\u00f3mo es tu familia?<\/strong>\u00a0Tengo una hermana mayor, mi padre y madre. Mi hermana es cinco a\u00f1os mayor que yo y tiene un ni\u00f1o peque\u00f1o. Mi padre es profesor y mi madre es oficial del Registro de la Propiedad de M\u00e1laga (1). Mi hermana trabaja tambi\u00e9n con mi madre. Mi madre es una mujer muy dulce, muy buena y supertrabajadora y mi padre es una persona que ama la cultura, la pintura, la poes\u00eda, la m\u00fasica, los libros\u2026.Ahora est\u00e1 jubilado y \u00a0se dedica a viajar, a leer y a salir con sus amigos.<\/p>\t\t\t\t\t\t\t\t<\/div>\n\t\t\t\t<div class=\"elementor-element elementor-element-d1fd761 elementor-widget elementor-widget-text-editor\" data-id=\"d1fd761\" data-element_type=\"widget\" data-widget_type=\"text-editor.default\">\n\t\t\t\t\t\t\t\t\t<p><strong>\u00bfD\u00f3nde vives?<\/strong>\u00a0Vivo en una casa con mi novio y mi perra en \u201cLa Trinidad\u201d, un barrio aqu\u00ed, en M\u00e1laga, cerca del centro. Siempre he intentado vivir sola desde los 22 a\u00f1os. Siempre he querido irme de casa.<\/p>\t\t\t\t\t\t\t\t<\/div>\n\t\t\t\t<div class=\"elementor-element elementor-element-7aa62e9 elementor-widget elementor-widget-text-editor\" data-id=\"7aa62e9\" data-element_type=\"widget\" data-widget_type=\"text-editor.default\">\n\t\t\t\t\t\t\t\t\t<p><strong>\u00bfQu\u00e9 carrera tienes?<\/strong>\u00a0Bueno, yo hice dos carreras en la universidad. Soy licenciada en Arte Dram\u00e1tico y mi segunda carrera fue estudios de Asia Occidental.<\/p>\t\t\t\t\t\t\t\t<\/div>\n\t\t\t\t<div class=\"elementor-element elementor-element-41e145d elementor-widget elementor-widget-text-editor\" data-id=\"41e145d\" data-element_type=\"widget\" data-widget_type=\"text-editor.default\">\n\t\t\t\t\t\t\t\t\t<p><strong>\u00bfTrabajas?<\/strong>\u00a0Tengo dos trabajos. Trabajo como monitora (2) en la escuela de idiomas y aparte soy la coordinadora de ventas a \u00a0Asia en mi propia empresa. Vendo productos de gastronom\u00eda aqu\u00ed de Espa\u00f1a, por ejemplo carne de cerdo. Ahora tambi\u00e9n trabajamos con queso y estamos comprando cosm\u00e9tica coreana. Con la empresa nueva llevo once meses. Antes he trabajado en bares, en cafeter\u00edas, he limpiado, he sido ni\u00f1era, he dado clases de espa\u00f1ol, \u2026 he hecho \u2026\u00a1de todo!<\/p>\t\t\t\t\t\t\t\t<\/div>\n\t\t\t\t<div class=\"elementor-element elementor-element-3085be1 elementor-widget elementor-widget-text-editor\" data-id=\"3085be1\" data-element_type=\"widget\" data-widget_type=\"text-editor.default\">\n\t\t\t\t\t\t\t\t\t<p><strong>\u00bfEs dif\u00edcil encontrar un trabajo?<\/strong>\u00a0Es dif\u00edcil encontrar un buen trabajo, pero no es dif\u00edcil encontrar trabajo, depende much\u00edsimo de tu actitud y de lo que te muevas. Lo que s\u00ed es dif\u00edcil es encontrar un trabajo con contrato. Yo llevo diez a\u00f1os trabajando y solamente he tenido un contrato tres meses\u2026 as\u00ed es.<\/p>\t\t\t\t\t\t\t\t<\/div>\n\t\t\t\t<div class=\"elementor-element elementor-element-bc8aab9 elementor-widget elementor-widget-text-editor\" data-id=\"bc8aab9\" data-element_type=\"widget\" data-widget_type=\"text-editor.default\">\n\t\t\t\t\t\t\t\t\t<p><strong>\u00bfQu\u00e9 haces en tu tiempo libre?<\/strong>\u00a0Tengo muy poco tiempo libre porque tengo dos trabajos y as\u00ed que, principalmente entonces mayormente cuando tengo tiempo libre estoy siempre cansada y quiero descansar. Pero mi novio es adicto al cine as\u00ed que cuando tenemos tiempo libre vemos pel\u00edculas o una serie en casa. Me gusta mucho Strange Things, y me encanta Breaking Bad.<\/p>\t\t\t\t\t\t\t\t<\/div>\n\t\t\t\t<div class=\"elementor-element elementor-element-7c974fe elementor-widget elementor-widget-text-editor\" data-id=\"7c974fe\" data-element_type=\"widget\" data-widget_type=\"text-editor.default\">\n\t\t\t\t\t\t\t\t\t<p><strong>\u00bfTe sientes espa\u00f1ola o cosmopolita?<\/strong>\u00a0\u00a0Aunque me encanta viajar y ver otra cultura, siempre tengo una identidad muy fuerte como espa\u00f1ola.<\/p>\t\t\t\t\t\t\t\t<\/div>\n\t\t\t\t<div class=\"elementor-element elementor-element-3bad43f elementor-widget elementor-widget-text-editor\" data-id=\"3bad43f\" data-element_type=\"widget\" data-widget_type=\"text-editor.default\">\n\t\t\t\t\t\t\t\t\t<p><strong>\u00bfCon qu\u00e9 sue\u00f1as?<\/strong>\u00a0Sue\u00f1o con tener mucho tiempo libre y conocer todo el mundo, es lo \u00fanico que tengo claro. Me gustar\u00eda viajar a Nueva Zelanda o a Sudam\u00e9rica.<\/p>\t\t\t\t\t\t\t\t<\/div>\n\t\t\t\t<div class=\"elementor-element elementor-element-7b41025 elementor-widget elementor-widget-text-editor\" data-id=\"7b41025\" data-element_type=\"widget\" data-widget_type=\"text-editor.default\">\n\t\t\t\t\t\t\t\t\t<p><strong>Gloser:<\/strong><br \/>(1) Oficial del Registro de la Propiedad \u2013 kontorassistent p\u00e5 et matrikelkontor<br \/>(2) Monitora \u2013 (her) l\u00e6rerinde<\/p>\t\t\t\t\t\t\t\t<\/div>\n\t\t\t\t<div class=\"elementor-element elementor-element-801a1bd elementor-widget elementor-widget-text-editor\" data-id=\"801a1bd\" data-element_type=\"widget\" data-widget_type=\"text-editor.default\">\n\t\t\t\t\t\t\t\t\t<p>(2359 anslag inklusiv mellemrum)<\/p>\t\t\t\t\t\t\t\t<\/div>\n\t\t\t\t<\/div>\n\t\t\t\t<\/div>\n\t\t\t\t<\/div>\n\t\t\t\t<\/div>\n\t\t","protected":false},"excerpt":{"rendered":"<p>Rosa a-niveau Introducci\u00f3n y instruccionesEl texto es una entrevista con Rosa Molina. Rosa vive con su novio en M\u00e1laga y [&hellip;]<\/p>\n","protected":false},"author":1,"featured_media":0,"parent":0,"menu_order":0,"comment_status":"closed","ping_status":"closed","template":"elementor_header_footer","meta":{"site-sidebar-layout":"no-sidebar","site-content-layout":"","ast-site-content-layout":"full-width-container","site-content-style":"default","site-sidebar-style":"default","ast-global-header-display":"","ast-banner-title-visibility":"","ast-main-header-display":"","ast-hfb-above-header-display":"","ast-hfb-below-header-display":"","ast-hfb-mobile-header-display":"","site-post-title":"","ast-breadcrumbs-content":"","ast-featured-img":"disabled","footer-sml-layout":"","ast-disable-related-posts":"","theme-transparent-header-meta":"","adv-header-id-meta":"","stick-header-meta":"","header-above-stick-meta":"","header-main-stick-meta":"","header-below-stick-meta":"","astra-migrate-meta-layouts":"default","ast-page-background-enabled":"default","ast-page-background-meta":{"desktop":{"background-color":"var(--ast-global-color-5)","background-image":"","background-repeat":"repeat","background-position":"center center","background-size":"auto","background-attachment":"scroll","background-type":"","background-media":"","overlay-type":"","overlay-color":"","overlay-opacity":"","overlay-gradient":""},"tablet":{"background-color":"","background-image":"","background-repeat":"repeat","background-position":"center center","background-size":"auto","background-attachment":"scroll","background-type":"","background-media":"","overlay-type":"","overlay-color":"","overlay-opacity":"","overlay-gradient":""},"mobile":{"background-color":"","background-image":"","background-repeat":"repeat","background-position":"center center","background-size":"auto","background-attachment":"scroll","background-type":"","background-media":"","overlay-type":"","overlay-color":"","overlay-opacity":"","overlay-gradient":""}},"ast-content-background-meta":{"desktop":{"background-color":"var(--ast-global-color-4)","background-image":"","background-repeat":"repeat","background-position":"center center","background-size":"auto","background-attachment":"scroll","background-type":"","background-media":"","overlay-type":"","overlay-color":"","overlay-opacity":"","overlay-gradient":""},"tablet":{"background-color":"var(--ast-global-color-4)","background-image":"","background-repeat":"repeat","background-position":"center center","background-size":"auto","background-attachment":"scroll","background-type":"","background-media":"","overlay-type":"","overlay-color":"","overlay-opacity":"","overlay-gradient":""},"mobile":{"background-color":"var(--ast-global-color-4)","background-image":"","background-repeat":"repeat","background-position":"center center","background-size":"auto","background-attachment":"scroll","background-type":"","background-media":"","overlay-type":"","overlay-color":"","overlay-opacity":"","overlay-gradient":""}},"footnotes":""},"class_list":["post-152","page","type-page","status-publish","hentry"],"_links":{"self":[{"href":"https:\/\/laerkeryge.maktechagency.com\/index.php\/wp-json\/wp\/v2\/pages\/152","targetHints":{"allow":["GET"]}}],"collection":[{"href":"https:\/\/laerkeryge.maktechagency.com\/index.php\/wp-json\/wp\/v2\/pages"}],"about":[{"href":"https:\/\/laerkeryge.maktechagency.com\/index.php\/wp-json\/wp\/v2\/types\/page"}],"author":[{"embeddable":true,"href":"https:\/\/laerkeryge.maktechagency.com\/index.php\/wp-json\/wp\/v2\/users\/1"}],"replies":[{"embeddable":true,"href":"https:\/\/laerkeryge.maktechagency.com\/index.php\/wp-json\/wp\/v2\/comments?post=152"}],"version-history":[{"count":56,"href":"https:\/\/laerkeryge.maktechagency.com\/index.php\/wp-json\/wp\/v2\/pages\/152\/revisions"}],"predecessor-version":[{"id":8752,"href":"https:\/\/laerkeryge.maktechagency.com\/index.php\/wp-json\/wp\/v2\/pages\/152\/revisions\/8752"}],"wp:attachment":[{"href":"https:\/\/laerkeryge.maktechagency.com\/index.php\/wp-json\/wp\/v2\/media?parent=152"}],"curies":[{"name":"wp","href":"https:\/\/api.w.org\/{rel}","templated":true}]}}