{"id":150,"date":"2025-12-20T08:34:05","date_gmt":"2025-12-20T08:34:05","guid":{"rendered":"https:\/\/laerkeryge.maktechagency.com\/?page_id=150"},"modified":"2026-01-14T03:39:59","modified_gmt":"2026-01-14T03:39:59","slug":"rosa-b-niveau","status":"publish","type":"page","link":"https:\/\/laerkeryge.maktechagency.com\/index.php\/rosa-b-niveau\/","title":{"rendered":"Rosa b-niveau"},"content":{"rendered":"\t\t<div data-elementor-type=\"wp-page\" data-elementor-id=\"150\" class=\"elementor elementor-150\" data-elementor-post-type=\"page\">\n\t\t\t\t<div class=\"elementor-element elementor-element-2c8da0d e-con-full e-flex e-con e-parent\" data-id=\"2c8da0d\" data-element_type=\"container\" data-settings=\"{&quot;background_background&quot;:&quot;classic&quot;}\">\n\t\t\t\t<\/div>\n\t\t<div class=\"elementor-element elementor-element-dd1b4f5 e-con-full e-flex e-con e-parent\" data-id=\"dd1b4f5\" data-element_type=\"container\">\n\t\t<div class=\"elementor-element elementor-element-30edb17 e-con-full e-flex e-con e-child\" data-id=\"30edb17\" data-element_type=\"container\">\n\t\t<div class=\"elementor-element elementor-element-4cbbdd2 e-con-full e-flex e-con e-child\" data-id=\"4cbbdd2\" data-element_type=\"container\">\n\t\t<div class=\"elementor-element elementor-element-f5d895a e-con-full e-flex e-con e-child\" data-id=\"f5d895a\" data-element_type=\"container\">\n\t\t\t\t<div class=\"elementor-element elementor-element-cf389c2 elementor-widget elementor-widget-image\" data-id=\"cf389c2\" data-element_type=\"widget\" data-widget_type=\"image.default\">\n\t\t\t\t\t\t\t\t\t\t\t\t\t\t\t\t<a href=\"https:\/\/laerkeryge.maktechagency.com\/wp-content\/uploads\/2025\/12\/tekstpraesentation_rosa_a_niveau.webp\" data-elementor-open-lightbox=\"yes\" data-e-action-hash=\"#elementor-action%3Aaction%3Dlightbox%26settings%3DeyJpZCI6MzIwOSwidXJsIjoiaHR0cHM6XC9cL2xhZXJrZXJ5Z2UubWFrdGVjaGFnZW5jeS5jb21cL3dwLWNvbnRlbnRcL3VwbG9hZHNcLzIwMjVcLzEyXC90ZWtzdHByYWVzZW50YXRpb25fcm9zYV9hX25pdmVhdS53ZWJwIn0%3D\">\n\t\t\t\t\t\t\t<img fetchpriority=\"high\" decoding=\"async\" width=\"633\" height=\"390\" src=\"https:\/\/laerkeryge.maktechagency.com\/wp-content\/uploads\/2025\/12\/tekstpraesentation_rosa_a_niveau.webp\" class=\"attachment-full size-full wp-image-3209\" alt=\"\" srcset=\"https:\/\/laerkeryge.maktechagency.com\/wp-content\/uploads\/2025\/12\/tekstpraesentation_rosa_a_niveau.webp 633w, https:\/\/laerkeryge.maktechagency.com\/wp-content\/uploads\/2025\/12\/tekstpraesentation_rosa_a_niveau-300x185.webp 300w\" sizes=\"(max-width: 633px) 100vw, 633px\" \/>\t\t\t\t\t\t\t\t<\/a>\n\t\t\t\t\t\t\t\t\t\t\t\t\t\t\t<\/div>\n\t\t\t\t<\/div>\n\t\t<div class=\"elementor-element elementor-element-bc56073 e-con-full e-flex e-con e-child\" data-id=\"bc56073\" data-element_type=\"container\">\n\t\t\t\t<div class=\"elementor-element elementor-element-e569fb7 elementor-widget elementor-widget-heading\" data-id=\"e569fb7\" data-element_type=\"widget\" data-widget_type=\"heading.default\">\n\t\t\t\t\t<h2 class=\"elementor-heading-title elementor-size-default\">Rosa b-niveau\n\n<\/h2>\t\t\t\t<\/div>\n\t\t\t\t<div class=\"elementor-element elementor-element-448120d elementor-widget elementor-widget-text-editor\" data-id=\"448120d\" data-element_type=\"widget\" data-widget_type=\"text-editor.default\">\n\t\t\t\t\t\t\t\t\t<p><strong>Introducci\u00f3n y instrucciones<\/strong><br \/>El texto es una entrevista con Rosa Molina. Rosa vive con su novio en M\u00e1laga y tiene dos trabajos.<\/p>\t\t\t\t\t\t\t\t<\/div>\n\t\t\t\t<div class=\"elementor-element elementor-element-17eeaf1 elementor-widget elementor-widget-text-editor\" data-id=\"17eeaf1\" data-element_type=\"widget\" data-widget_type=\"text-editor.default\">\n\t\t\t\t\t\t\t\t\t<ul><li>Caracteriza a Rosa Molina y su familia<\/li><li>Explica por qu\u00e9 Rosa Molina es una chica independiente.<\/li><\/ul>\t\t\t\t\t\t\t\t<\/div>\n\t\t\t\t<\/div>\n\t\t\t\t<\/div>\n\t\t<div class=\"elementor-element elementor-element-9a292ae e-con-full e-flex e-con e-child\" data-id=\"9a292ae\" data-element_type=\"container\">\n\t\t\t\t<div class=\"elementor-element elementor-element-a6e5916 elementor-widget elementor-widget-heading\" data-id=\"a6e5916\" data-element_type=\"widget\" data-widget_type=\"heading.default\">\n\t\t\t\t\t<h2 class=\"elementor-heading-title elementor-size-default\">Rosa, una chica independiente\n\n<\/h2>\t\t\t\t<\/div>\n\t\t\t\t<div class=\"elementor-element elementor-element-1de645c elementor-widget elementor-widget-text-editor\" data-id=\"1de645c\" data-element_type=\"widget\" data-widget_type=\"text-editor.default\">\n\t\t\t\t\t\t\t\t\t<p><strong>\u00bfC\u00f3mo te llamas?<\/strong>\u00a0Me llamo Rosa Molina.<\/p>\t\t\t\t\t\t\t\t<\/div>\n\t\t\t\t<div class=\"elementor-element elementor-element-62b2865 elementor-widget elementor-widget-text-editor\" data-id=\"62b2865\" data-element_type=\"widget\" data-widget_type=\"text-editor.default\">\n\t\t\t\t\t\t\t\t\t<p><strong>\u00bfCu\u00e1ntos a\u00f1os tienes?<\/strong>\u00a0Tengo 29 a\u00f1os.<\/p>\t\t\t\t\t\t\t\t<\/div>\n\t\t\t\t<div class=\"elementor-element elementor-element-c4a124a elementor-widget elementor-widget-text-editor\" data-id=\"c4a124a\" data-element_type=\"widget\" data-widget_type=\"text-editor.default\">\n\t\t\t\t\t\t\t\t\t<p><strong>\u00bfC\u00f3mo es tu familia?<\/strong>\u00a0Tengo una hermana mayor, mi padre y madre. Mi hermana es cinco a\u00f1os mayor que yo y tiene un ni\u00f1o peque\u00f1o. Mi padre es profesor y mi madre es oficial del Registro de la Propiedad (1) de M\u00e1laga. Mi hermana trabaja con mi madre. Mi madre es una mujer muy dulce, muy buena y supertrabajadora y mi padre es una persona que ama la cultura, la pintura, la poes\u00eda, la m\u00fasica, los libros\u2026.Ahora est\u00e1 jubilado y \u00a0se dedica a viajar, a leer y a salir con sus amigos.<\/p>\t\t\t\t\t\t\t\t<\/div>\n\t\t\t\t<div class=\"elementor-element elementor-element-e6d8cc8 elementor-widget elementor-widget-text-editor\" data-id=\"e6d8cc8\" data-element_type=\"widget\" data-widget_type=\"text-editor.default\">\n\t\t\t\t\t\t\t\t\t<p><strong>\u00bfD\u00f3nde vives?<\/strong>\u00a0Vivo en una casa con mi novio y mi perra en \u201cLa Trinidad\u201d, un barrio aqu\u00ed, en M\u00e1laga, cerca del centro. Siempre he intentado vivir sola desde los 22 a\u00f1os. Siempre he querido irme de casa.<\/p>\t\t\t\t\t\t\t\t<\/div>\n\t\t\t\t<div class=\"elementor-element elementor-element-2871327 elementor-widget elementor-widget-text-editor\" data-id=\"2871327\" data-element_type=\"widget\" data-widget_type=\"text-editor.default\">\n\t\t\t\t\t\t\t\t\t<p><strong>\u00bfTrabajas?<\/strong>\u00a0Tengo dos trabajos. Trabajo como monitora (2) en la escuela de idiomas y aparte soy la coordinadora de ventas a Asia en mi propia empresa. Vendo productos de gastronom\u00eda aqu\u00ed de Espa\u00f1a, por ejemplo carne de cerdo. Ahora tambi\u00e9n trabajamos con queso y estamos comprando cosm\u00e9tica coreana. Antes he trabajado en bares, he limpiado, he sido ni\u00f1era, he dado clases de espa\u00f1ol, \u2026 he hecho \u2026\u00a1de todo!<\/p>\t\t\t\t\t\t\t\t<\/div>\n\t\t\t\t<div class=\"elementor-element elementor-element-6190395 elementor-widget elementor-widget-text-editor\" data-id=\"6190395\" data-element_type=\"widget\" data-widget_type=\"text-editor.default\">\n\t\t\t\t\t\t\t\t\t<p><strong>\u00bfCon qu\u00e9 sue\u00f1as?<\/strong>\u00a0Sue\u00f1o con tener mucho tiempo libre y conocer todo el mundo. Me gustar\u00eda (3) viajar a Nueva Zelanda o a Sudam\u00e9rica.<\/p>\t\t\t\t\t\t\t\t<\/div>\n\t\t\t\t<div class=\"elementor-element elementor-element-e65cfdc elementor-widget elementor-widget-text-editor\" data-id=\"e65cfdc\" data-element_type=\"widget\" data-widget_type=\"text-editor.default\">\n\t\t\t\t\t\t\t\t\t<p><strong>Gloser:<\/strong><br \/>(1) Oficial del Registro de la Propiedad \u2013 kontorassistent p\u00e5 et matrikelkontor<br \/>(2) Monitora \u2013 (her) l\u00e6rerinde<br \/>(3) Me gustar\u00eda \u2013 jeg kunne godt t\u00e6nke mig<br \/>(1311 anslag inkl. mellemrum)<\/p>\t\t\t\t\t\t\t\t<\/div>\n\t\t\t\t<\/div>\n\t\t\t\t<\/div>\n\t\t\t\t<\/div>\n\t\t\t\t<\/div>\n\t\t","protected":false},"excerpt":{"rendered":"<p>Rosa b-niveau Introducci\u00f3n y instruccionesEl texto es una entrevista con Rosa Molina. Rosa vive con su novio en M\u00e1laga y [&hellip;]<\/p>\n","protected":false},"author":1,"featured_media":0,"parent":0,"menu_order":0,"comment_status":"closed","ping_status":"closed","template":"elementor_header_footer","meta":{"site-sidebar-layout":"no-sidebar","site-content-layout":"","ast-site-content-layout":"full-width-container","site-content-style":"default","site-sidebar-style":"default","ast-global-header-display":"","ast-banner-title-visibility":"","ast-main-header-display":"","ast-hfb-above-header-display":"","ast-hfb-below-header-display":"","ast-hfb-mobile-header-display":"","site-post-title":"","ast-breadcrumbs-content":"","ast-featured-img":"disabled","footer-sml-layout":"","ast-disable-related-posts":"","theme-transparent-header-meta":"","adv-header-id-meta":"","stick-header-meta":"","header-above-stick-meta":"","header-main-stick-meta":"","header-below-stick-meta":"","astra-migrate-meta-layouts":"default","ast-page-background-enabled":"default","ast-page-background-meta":{"desktop":{"background-color":"var(--ast-global-color-5)","background-image":"","background-repeat":"repeat","background-position":"center center","background-size":"auto","background-attachment":"scroll","background-type":"","background-media":"","overlay-type":"","overlay-color":"","overlay-opacity":"","overlay-gradient":""},"tablet":{"background-color":"","background-image":"","background-repeat":"repeat","background-position":"center center","background-size":"auto","background-attachment":"scroll","background-type":"","background-media":"","overlay-type":"","overlay-color":"","overlay-opacity":"","overlay-gradient":""},"mobile":{"background-color":"","background-image":"","background-repeat":"repeat","background-position":"center center","background-size":"auto","background-attachment":"scroll","background-type":"","background-media":"","overlay-type":"","overlay-color":"","overlay-opacity":"","overlay-gradient":""}},"ast-content-background-meta":{"desktop":{"background-color":"var(--ast-global-color-4)","background-image":"","background-repeat":"repeat","background-position":"center center","background-size":"auto","background-attachment":"scroll","background-type":"","background-media":"","overlay-type":"","overlay-color":"","overlay-opacity":"","overlay-gradient":""},"tablet":{"background-color":"var(--ast-global-color-4)","background-image":"","background-repeat":"repeat","background-position":"center center","background-size":"auto","background-attachment":"scroll","background-type":"","background-media":"","overlay-type":"","overlay-color":"","overlay-opacity":"","overlay-gradient":""},"mobile":{"background-color":"var(--ast-global-color-4)","background-image":"","background-repeat":"repeat","background-position":"center center","background-size":"auto","background-attachment":"scroll","background-type":"","background-media":"","overlay-type":"","overlay-color":"","overlay-opacity":"","overlay-gradient":""}},"footnotes":""},"class_list":["post-150","page","type-page","status-publish","hentry"],"_links":{"self":[{"href":"https:\/\/laerkeryge.maktechagency.com\/index.php\/wp-json\/wp\/v2\/pages\/150","targetHints":{"allow":["GET"]}}],"collection":[{"href":"https:\/\/laerkeryge.maktechagency.com\/index.php\/wp-json\/wp\/v2\/pages"}],"about":[{"href":"https:\/\/laerkeryge.maktechagency.com\/index.php\/wp-json\/wp\/v2\/types\/page"}],"author":[{"embeddable":true,"href":"https:\/\/laerkeryge.maktechagency.com\/index.php\/wp-json\/wp\/v2\/users\/1"}],"replies":[{"embeddable":true,"href":"https:\/\/laerkeryge.maktechagency.com\/index.php\/wp-json\/wp\/v2\/comments?post=150"}],"version-history":[{"count":158,"href":"https:\/\/laerkeryge.maktechagency.com\/index.php\/wp-json\/wp\/v2\/pages\/150\/revisions"}],"predecessor-version":[{"id":8755,"href":"https:\/\/laerkeryge.maktechagency.com\/index.php\/wp-json\/wp\/v2\/pages\/150\/revisions\/8755"}],"wp:attachment":[{"href":"https:\/\/laerkeryge.maktechagency.com\/index.php\/wp-json\/wp\/v2\/media?parent=150"}],"curies":[{"name":"wp","href":"https:\/\/api.w.org\/{rel}","templated":true}]}}