{"id":142,"date":"2025-12-20T08:31:11","date_gmt":"2025-12-20T08:31:11","guid":{"rendered":"https:\/\/laerkeryge.maktechagency.com\/?page_id=142"},"modified":"2026-01-15T04:28:15","modified_gmt":"2026-01-15T04:28:15","slug":"cap-11-gramatica","status":"publish","type":"page","link":"https:\/\/laerkeryge.maktechagency.com\/index.php\/cap-11-gramatica\/","title":{"rendered":"Cap 11 Gram\u00e1tica"},"content":{"rendered":"\t\t<div data-elementor-type=\"wp-page\" data-elementor-id=\"142\" class=\"elementor elementor-142\" data-elementor-post-type=\"page\">\n\t\t\t\t<div class=\"elementor-element elementor-element-2dab326 e-con-full e-flex e-con e-parent\" data-id=\"2dab326\" data-element_type=\"container\" data-settings=\"{&quot;background_background&quot;:&quot;classic&quot;}\">\n\t\t\t\t<\/div>\n\t\t<div class=\"elementor-element elementor-element-9b4998e e-con-full e-flex e-con e-parent\" data-id=\"9b4998e\" data-element_type=\"container\">\n\t\t<div class=\"elementor-element elementor-element-8193ac2 e-con-full e-flex e-con e-child\" data-id=\"8193ac2\" data-element_type=\"container\">\n\t\t<div class=\"elementor-element elementor-element-3eac500 e-con-full e-flex e-con e-child\" data-id=\"3eac500\" data-element_type=\"container\">\n\t\t<div class=\"elementor-element elementor-element-d7dd12d e-con-full e-flex e-con e-child\" data-id=\"d7dd12d\" data-element_type=\"container\">\n\t\t\t\t<div class=\"elementor-element elementor-element-6ef6c70 elementor-widget elementor-widget-heading\" data-id=\"6ef6c70\" data-element_type=\"widget\" data-widget_type=\"heading.default\">\n\t\t\t\t\t<h2 class=\"elementor-heading-title elementor-size-default\">Opgave 1: Personlige pronominer  \n\n\n\n\n\n<\/h2>\t\t\t\t<\/div>\n\t\t\t\t<div class=\"elementor-element elementor-element-6f8785a elementor-widget elementor-widget-text-editor\" data-id=\"6f8785a\" data-element_type=\"widget\" data-widget_type=\"text-editor.default\">\n\t\t\t\t\t\t\t\t\t<p>a) Overblik over formerne\u00a0\u00a0<strong>\u270f\ufe0f<\/strong><br \/>Lav et skema\u00a0med de forskellige b\u00f8jninger af det personlige pronomen som hhv. subjekt (S), direkte objekt (DO), indirekte objekt (IO) og efter pr\u00e6position (adverbialled).<\/p>\t\t\t\t\t\t\t\t<\/div>\n\t\t\t\t<div class=\"elementor-element elementor-element-af5d8f5 elementor-widget elementor-widget-text-editor\" data-id=\"af5d8f5\" data-element_type=\"widget\" data-widget_type=\"text-editor.default\">\n\t\t\t\t\t\t\t\t\t<p>b) De personlige pronominer i s\u00e6tningen <span class=\"TextRun SCXW23509110 BCX0\" lang=\"DA-DK\" xml:lang=\"DA-DK\" data-contrast=\"auto\"><span class=\"NormalTextRun SCXW23509110 BCX0\">\ud83d\udcac<\/span><\/span><br \/>Overs\u00e6t nedenst\u00e5ende s\u00e6tninger til dansk, og forklar, hvilket s\u00e6tningsled de personlige pronominer (markeret med fed) er i s\u00e6tningerne.<br \/>1. \u00a0Pedro\u00a0<strong>la<\/strong>\u00a0besa.<br \/>2. \u00a0<strong>Yo<\/strong>\u00a0estoy enamorado de\u00a0<strong>ella<\/strong>.<br \/>3. \u00a0<strong>T\u00fa<\/strong>\u00a0<strong>le<\/strong>\u00a0escribes la carta.<br \/>4. \u00bfTu regalo de cumplea\u00f1os? Ana y\u00a0<strong>yo<\/strong><strong>\u00a0lo<\/strong>\u00a0hemos comprado esta tarde.<br \/>5. \u00bf<strong>La<\/strong>\u00a0has visto esta ma\u00f1ana?<br \/>6.\u00a0\u00a0<strong>M<\/strong><strong>e\u00a0<\/strong>gusta bailar salsa.<\/p>\t\t\t\t\t\t\t\t<\/div>\n\t\t\t\t<\/div>\n\t\t<div class=\"elementor-element elementor-element-e6ebc15 e-con-full e-flex e-con e-child\" data-id=\"e6ebc15\" data-element_type=\"container\">\n\t\t\t\t<div class=\"elementor-element elementor-element-ad4affa elementor-widget elementor-widget-image\" data-id=\"ad4affa\" data-element_type=\"widget\" data-widget_type=\"image.default\">\n\t\t\t\t\t\t\t\t\t\t\t\t\t\t\t\t<a href=\"https:\/\/laerkeryge.maktechagency.com\/wp-content\/uploads\/2025\/12\/Cap.11.gram_.pers_pron.webp\" data-elementor-open-lightbox=\"yes\" data-e-action-hash=\"#elementor-action%3Aaction%3Dlightbox%26settings%3DeyJpZCI6NTg1MywidXJsIjoiaHR0cHM6XC9cL2xhZXJrZXJ5Z2UubWFrdGVjaGFnZW5jeS5jb21cL3dwLWNvbnRlbnRcL3VwbG9hZHNcLzIwMjVcLzEyXC9DYXAuMTEuZ3JhbV8ucGVyc19wcm9uLndlYnAifQ%3D%3D\">\n\t\t\t\t\t\t\t<img fetchpriority=\"high\" decoding=\"async\" width=\"871\" height=\"677\" src=\"https:\/\/laerkeryge.maktechagency.com\/wp-content\/uploads\/2025\/12\/Cap.11.gram_.pers_pron.webp\" class=\"attachment-full size-full wp-image-5853\" alt=\"\" srcset=\"https:\/\/laerkeryge.maktechagency.com\/wp-content\/uploads\/2025\/12\/Cap.11.gram_.pers_pron.webp 871w, https:\/\/laerkeryge.maktechagency.com\/wp-content\/uploads\/2025\/12\/Cap.11.gram_.pers_pron-300x233.webp 300w, https:\/\/laerkeryge.maktechagency.com\/wp-content\/uploads\/2025\/12\/Cap.11.gram_.pers_pron-768x597.webp 768w\" sizes=\"(max-width: 871px) 100vw, 871px\" \/>\t\t\t\t\t\t\t\t<\/a>\n\t\t\t\t\t\t\t\t\t\t\t\t\t\t\t<\/div>\n\t\t\t\t<\/div>\n\t\t\t\t<\/div>\n\t\t\t\t<div class=\"elementor-element elementor-element-abf9eee elementor-widget elementor-widget-text-editor\" data-id=\"abf9eee\" data-element_type=\"widget\" data-widget_type=\"text-editor.default\">\n\t\t\t\t\t\t\t\t\t<p>c) Det personlige pronomen som subjekt <span class=\"TextRun SCXW23509110 BCX0\" lang=\"DA-DK\" xml:lang=\"DA-DK\" data-contrast=\"auto\"><span class=\"NormalTextRun SCXW23509110 BCX0\">\ud83d\udcac<\/span><\/span><strong>\u00a0<\/strong><br \/>Hvorfor bruges det personlige pronomen som subjekt (yo, t\u00fa, \u00e9l osv.) ikke s\u00e5 ofte p\u00e5 spansk?<\/p>\t\t\t\t\t\t\t\t<\/div>\n\t\t\t\t<div class=\"elementor-element elementor-element-ab7d5c4 elementor-widget elementor-widget-text-editor\" data-id=\"ab7d5c4\" data-element_type=\"widget\" data-widget_type=\"text-editor.default\">\n\t\t\t\t\t\t\t\t\t<p>d) Det personlige pronomen som direkte objekt <span class=\"TextRun SCXW23509110 BCX0\" lang=\"DA-DK\" xml:lang=\"DA-DK\" data-contrast=\"auto\"><span class=\"NormalTextRun SCXW23509110 BCX0\">\ud83d\udcac<\/span><\/span><strong>\u00a0<\/strong><br \/>1. Hvor placeres det typisk i s\u00e6tningen?<br \/>2. Hvilken alternativ placering kan det have ved gerundium og infinitiv?<br \/>3. Hvilken af disse to s\u00e6tninger er grammatisk forkert og hvorfor?<br \/>a.\u00a0Ana lo besa.<br \/>b. Ana besa a \u00e9l.<\/p>\t\t\t\t\t\t\t\t<\/div>\n\t\t\t\t<div class=\"elementor-element elementor-element-5a386cb elementor-widget elementor-widget-text-editor\" data-id=\"5a386cb\" data-element_type=\"widget\" data-widget_type=\"text-editor.default\">\n\t\t\t\t\t\t\t\t\t<p>e) Det personlige pronomen som indirekte objekt <span class=\"TextRun SCXW23509110 BCX0\" lang=\"DA-DK\" xml:lang=\"DA-DK\" data-contrast=\"auto\"><span class=\"NormalTextRun SCXW23509110 BCX0\">\ud83d\udcac<\/span><\/span><strong>\u00a0<\/strong><br \/>1. Hvor placeres det typisk i s\u00e6tningen?<br \/>2. Hvilken alternativ placering kan det have ved gerundium og infinitiv?<br \/>3. Hvilken af disse to s\u00e6tninger er grammatisk forkert og hvorfor?<br \/>a. Ana le compra un coche.<br \/>b. Ana compra un coche a \u00e9l.<\/p>\t\t\t\t\t\t\t\t<\/div>\n\t\t\t\t<div class=\"elementor-element elementor-element-96a7d4b elementor-widget elementor-widget-text-editor\" data-id=\"96a7d4b\" data-element_type=\"widget\" data-widget_type=\"text-editor.default\">\n\t\t\t\t\t\t\t\t\t<p>I s\u00e6tningen\u00a0<em>Ana le compra un coche\u00a0<\/em>kan der v\u00e6re tvivl om, hvem Ana k\u00f8ber bilen til (ham eller hende). Derfor vil man ofte forst\u00e6rke det indirekte objekt med en pr\u00e6positionsforbindelse, dvs.<em>\u00a0Ana le compra el coche a \u00e9l\u00a0<\/em>eller\u00a0<em>Ana<\/em>\u00a0<em>le compra el coche a ella<\/em>. Husk, at det personlige pronomen efter pr\u00e6position (fx\u00a0<em>a \u00e9l\u00a0<\/em>eller\u00a0<em>a ella<\/em>) aldrig kan erstatte det indirekte objektspronomen (fx\u00a0<em>le<\/em>).<\/p>\t\t\t\t\t\t\t\t<\/div>\n\t\t\t\t<div class=\"elementor-element elementor-element-854d3da elementor-widget elementor-widget-text-editor\" data-id=\"854d3da\" data-element_type=\"widget\" data-widget_type=\"text-editor.default\">\n\t\t\t\t\t\t\t\t\t<p>f) Hvilken af disse to s\u00e6tninger er korrekt og hvorfor? <span class=\"TextRun SCXW23509110 BCX0\" lang=\"DA-DK\" xml:lang=\"DA-DK\" data-contrast=\"auto\"><span class=\"NormalTextRun SCXW23509110 BCX0\">\ud83d\udcac<\/span><\/span><br \/>1.\u00a0\u00bfLe has dado el libro? S\u00ed,\u00a0<strong>le<\/strong>\u00a0lo he dado.<br \/>2. \u00bfLe has dado el libro? S\u00ed,\u00a0<strong>se<\/strong>\u00a0lo he dado.<\/p>\t\t\t\t\t\t\t\t<\/div>\n\t\t\t\t<div class=\"elementor-element elementor-element-cf011df elementor-widget elementor-widget-text-editor\" data-id=\"cf011df\" data-element_type=\"widget\" data-widget_type=\"text-editor.default\">\n\t\t\t\t\t\t\t\t\t<p>g) Det personlige pronomen efter pr\u00e6position <span class=\"TextRun SCXW23509110 BCX0\" lang=\"DA-DK\" xml:lang=\"DA-DK\" data-contrast=\"auto\"><span class=\"NormalTextRun SCXW23509110 BCX0\">\ud83d\udcac<\/span><\/span><br \/>a. Kig p\u00e5 skemaet fra opgave a. Sammenlign pr\u00e6positionsformerne med subjektsformerne.<br \/>b.\u00a0Hvad er s\u00e6rligt i forbindelse med pr\u00e6positionen\u00a0<em>con<\/em>?<\/p>\t\t\t\t\t\t\t\t<\/div>\n\t\t\t\t<div class=\"elementor-element elementor-element-ba76079 elementor-widget elementor-widget-text-editor\" data-id=\"ba76079\" data-element_type=\"widget\" data-widget_type=\"text-editor.default\">\n\t\t\t\t\t\t\t\t\t<p>h) Overs\u00e6t den danske s\u00e6tning til spansk \u00a0<strong>\u270f\ufe0f<\/strong><br \/>1. La chica come la paella \u2192 Pigen spiser den\u00a0\u2192<br \/>\u200b2. Ana est\u00e1 enamorada de Luis\u00a0\u2192\u00a0Ana er forelsket i ham\u00a0\u2192<br \/>3. Marie manda la carta a Hannah\u00a0\u2192\u00a0Marie sender hende brevet\u00a0\u2192<br \/>4. Luis me da un regalo\u00a0\u2192\u00a0Luis giver mig den\u00a0\u2192<br \/>5. Marie y yo pensamos en Hannah\u00a0\u2192\u00a0Marie og jeg t\u00e6nker p\u00e5 hende\u00a0\u2192<br \/>6. Marie les cuenta un secreto a Silvia y Javier\u00a0\u2192\u00a0Marie fort\u00e6ller dem den\u00a0\u2192<\/p>\t\t\t\t\t\t\t\t<\/div>\n\t\t\t\t<div class=\"elementor-element elementor-element-1f37916 elementor-widget elementor-widget-text-editor\" data-id=\"1f37916\" data-element_type=\"widget\" data-widget_type=\"text-editor.default\">\n\t\t\t\t\t\t\t\t\t<p>i) \u00d8velser med de personlige pronominer<br \/>1. Pronominerne og deres placering i s\u00e6tningen. Pulse<a href=\"http:\/\/www.quia.com\/quiz\/6510715.html\" target=\"_blank\" rel=\"noopener noreferrer\">\u00a0<strong>aqu\u00ed<\/strong><\/a><br \/>2. Det personlige pronomen som direkte objekt. Pulse\u00a0<strong><a href=\"http:\/\/www.quia.com\/quiz\/6510720.html\" target=\"_blank\" rel=\"noopener noreferrer\">aqu\u00ed<\/a><\/strong><br \/>3. Det personlige pronomen som indirekte objekt. Pulse\u00a0<strong><a href=\"http:\/\/www.quia.com\/quiz\/6510779.html\" target=\"_blank\" rel=\"noopener noreferrer\">aqu\u00ed<\/a><\/strong><br \/>4. Det personlige pronomen som enten direkte eller indirekte objekt. Pulse\u00a0<strong><a href=\"http:\/\/www.quia.com\/quiz\/6510815.html\" target=\"_blank\" rel=\"noopener noreferrer\">aqu\u00ed\u00a0<\/a><\/strong><\/p>\t\t\t\t\t\t\t\t<\/div>\n\t\t\t\t<\/div>\n\t\t<div class=\"elementor-element elementor-element-58d766f e-con-full e-flex e-con e-child\" data-id=\"58d766f\" data-element_type=\"container\">\n\t\t<div class=\"elementor-element elementor-element-13f8aca e-con-full e-flex e-con e-child\" data-id=\"13f8aca\" data-element_type=\"container\">\n\t\t<div class=\"elementor-element elementor-element-0280229 e-con-full e-flex e-con e-child\" data-id=\"0280229\" data-element_type=\"container\">\n\t\t\t\t<div class=\"elementor-element elementor-element-6ff7a8f elementor-widget elementor-widget-text-editor\" data-id=\"6ff7a8f\" data-element_type=\"widget\" data-widget_type=\"text-editor.default\">\n\t\t\t\t\t\t\t\t\t<p><strong>Opgave 2: Folk p\u00e5 spansk\u00a0<\/strong><\/p>\t\t\t\t\t\t\t\t<\/div>\n\t\t\t\t<div class=\"elementor-element elementor-element-8fd0846 elementor-widget elementor-widget-text-editor\" data-id=\"8fd0846\" data-element_type=\"widget\" data-widget_type=\"text-editor.default\">\n\t\t\t\t\t\t\t\t\t<p>a)\u00a0<em>Gente<\/em>\u00a0er singularis og femininum<br \/>P\u00e5 spansk hedder folk\u00a0<em>la gente,\u00a0<\/em>og det m\u00f8der du n\u00e6sten altid i singularis, selvom det udtrykker noget i pluralis.<\/p>\t\t\t\t\t\t\t\t<\/div>\n\t\t\t\t<div class=\"elementor-element elementor-element-04208a8 elementor-widget elementor-widget-text-editor\" data-id=\"04208a8\" data-element_type=\"widget\" data-widget_type=\"text-editor.default\">\n\t\t\t\t\t\t\t\t\t<p>b) Entrenamiento de vocabulario<br \/>Tr\u00e6n andre udtryk, der ogs\u00e5 refererer til grupper af mennesker. Pulse\u00a0<strong><a href=\"https:\/\/quizlet.com\/_4dkz5j\" target=\"_blank\" rel=\"noopener noreferrer\">aqu\u00ed<\/a><\/strong><\/p>\t\t\t\t\t\t\t\t<\/div>\n\t\t\t\t<div class=\"elementor-element elementor-element-acb8afc elementor-widget elementor-widget-text-editor\" data-id=\"acb8afc\" data-element_type=\"widget\" data-widget_type=\"text-editor.default\">\n\t\t\t\t\t\t\t\t\t<p>\u200bc) Lav en s\u00e6tning\u00a0\u00a0<strong>\u270f\ufe0f<\/strong><br \/>Lav en s\u00e6tning med fem af ordene fra ordskyen.<\/p>\t\t\t\t\t\t\t\t<\/div>\n\t\t\t\t<\/div>\n\t\t<div class=\"elementor-element elementor-element-dec7d96 e-con-full e-flex e-con e-child\" data-id=\"dec7d96\" data-element_type=\"container\">\n\t\t\t\t<div class=\"elementor-element elementor-element-8eabe8d elementor-widget elementor-widget-image\" data-id=\"8eabe8d\" data-element_type=\"widget\" data-widget_type=\"image.default\">\n\t\t\t\t\t\t\t\t\t\t\t\t\t\t\t\t<a href=\"https:\/\/laerkeryge.maktechagency.com\/wp-content\/uploads\/2025\/12\/Cap.11.gram_.persons-1024x621-1.webp\" data-elementor-open-lightbox=\"yes\" data-e-action-hash=\"#elementor-action%3Aaction%3Dlightbox%26settings%3DeyJpZCI6NTg2OSwidXJsIjoiaHR0cHM6XC9cL2xhZXJrZXJ5Z2UubWFrdGVjaGFnZW5jeS5jb21cL3dwLWNvbnRlbnRcL3VwbG9hZHNcLzIwMjVcLzEyXC9DYXAuMTEuZ3JhbV8ucGVyc29ucy0xMDI0eDYyMS0xLndlYnAifQ%3D%3D\">\n\t\t\t\t\t\t\t<img decoding=\"async\" width=\"1024\" height=\"621\" src=\"https:\/\/laerkeryge.maktechagency.com\/wp-content\/uploads\/2025\/12\/Cap.11.gram_.persons-1024x621-1.webp\" class=\"attachment-full size-full wp-image-5869\" alt=\"\" srcset=\"https:\/\/laerkeryge.maktechagency.com\/wp-content\/uploads\/2025\/12\/Cap.11.gram_.persons-1024x621-1.webp 1024w, https:\/\/laerkeryge.maktechagency.com\/wp-content\/uploads\/2025\/12\/Cap.11.gram_.persons-1024x621-1-300x182.webp 300w, https:\/\/laerkeryge.maktechagency.com\/wp-content\/uploads\/2025\/12\/Cap.11.gram_.persons-1024x621-1-768x466.webp 768w\" sizes=\"(max-width: 1024px) 100vw, 1024px\" \/>\t\t\t\t\t\t\t\t<\/a>\n\t\t\t\t\t\t\t\t\t\t\t\t\t\t\t<\/div>\n\t\t\t\t<\/div>\n\t\t\t\t<\/div>\n\t\t\t\t<\/div>\n\t\t<div class=\"elementor-element elementor-element-913feec e-con-full e-flex e-con e-child\" data-id=\"913feec\" data-element_type=\"container\">\n\t\t<div class=\"elementor-element elementor-element-8326671 e-con-full e-flex e-con e-child\" data-id=\"8326671\" data-element_type=\"container\" data-settings=\"{&quot;background_background&quot;:&quot;classic&quot;}\">\n\t\t<div class=\"elementor-element elementor-element-4355789 e-con-full e-flex e-con e-child\" data-id=\"4355789\" data-element_type=\"container\" data-settings=\"{&quot;background_background&quot;:&quot;classic&quot;}\">\n\t\t\t\t<div class=\"elementor-element elementor-element-89be049 elementor-widget elementor-widget-text-editor\" data-id=\"89be049\" data-element_type=\"widget\" data-widget_type=\"text-editor.default\">\n\t\t\t\t\t\t\t\t\t<p><strong>\u00bfSabes que?<br \/><\/strong><\/p>\t\t\t\t\t\t\t\t<\/div>\n\t\t\t\t<div class=\"elementor-element elementor-element-a7928ad elementor-widget elementor-widget-text-editor\" data-id=\"a7928ad\" data-element_type=\"widget\" data-widget_type=\"text-editor.default\">\n\t\t\t\t\t\t\t\t\t<p><strong>\u200b<\/strong>Der er andre ord end<em>\u00a0gente<\/em>, der altid er enten singularis eller pluralis p\u00e5 spansk, selvom det ikke altid er lige indlysende.<br \/>Eksempelvis er\u00a0<em>dinero<\/em>\u00a0(penge) og\u00a0<em>ropa<\/em>\u00a0(t\u00f8j) altid singularis og\u00a0<em>las vacaciones<\/em>\u00a0(ferie),\u00a0<em>los celos<\/em>\u00a0(jalousi),\u00a0<em>las tijeras<\/em>\u00a0(saks) altid pluralis.<\/p>\t\t\t\t\t\t\t\t<\/div>\n\t\t\t\t<\/div>\n\t\t\t\t<\/div>\n\t\t\t\t<\/div>\n\t\t\t\t<\/div>\n\t\t\t\t<\/div>\n\t\t","protected":false},"excerpt":{"rendered":"<p>Opgave 1: Personlige pronominer a) Overblik over formerne\u00a0\u00a0\u270f\ufe0fLav et skema\u00a0med de forskellige b\u00f8jninger af det personlige pronomen som hhv. subjekt [&hellip;]<\/p>\n","protected":false},"author":1,"featured_media":0,"parent":0,"menu_order":0,"comment_status":"closed","ping_status":"closed","template":"elementor_header_footer","meta":{"site-sidebar-layout":"no-sidebar","site-content-layout":"","ast-site-content-layout":"full-width-container","site-content-style":"default","site-sidebar-style":"default","ast-global-header-display":"","ast-banner-title-visibility":"","ast-main-header-display":"","ast-hfb-above-header-display":"","ast-hfb-below-header-display":"","ast-hfb-mobile-header-display":"","site-post-title":"","ast-breadcrumbs-content":"","ast-featured-img":"disabled","footer-sml-layout":"","ast-disable-related-posts":"","theme-transparent-header-meta":"","adv-header-id-meta":"","stick-header-meta":"","header-above-stick-meta":"","header-main-stick-meta":"","header-below-stick-meta":"","astra-migrate-meta-layouts":"default","ast-page-background-enabled":"default","ast-page-background-meta":{"desktop":{"background-color":"var(--ast-global-color-5)","background-image":"","background-repeat":"repeat","background-position":"center center","background-size":"auto","background-attachment":"scroll","background-type":"","background-media":"","overlay-type":"","overlay-color":"","overlay-opacity":"","overlay-gradient":""},"tablet":{"background-color":"","background-image":"","background-repeat":"repeat","background-position":"center center","background-size":"auto","background-attachment":"scroll","background-type":"","background-media":"","overlay-type":"","overlay-color":"","overlay-opacity":"","overlay-gradient":""},"mobile":{"background-color":"","background-image":"","background-repeat":"repeat","background-position":"center center","background-size":"auto","background-attachment":"scroll","background-type":"","background-media":"","overlay-type":"","overlay-color":"","overlay-opacity":"","overlay-gradient":""}},"ast-content-background-meta":{"desktop":{"background-color":"var(--ast-global-color-4)","background-image":"","background-repeat":"repeat","background-position":"center center","background-size":"auto","background-attachment":"scroll","background-type":"","background-media":"","overlay-type":"","overlay-color":"","overlay-opacity":"","overlay-gradient":""},"tablet":{"background-color":"var(--ast-global-color-4)","background-image":"","background-repeat":"repeat","background-position":"center center","background-size":"auto","background-attachment":"scroll","background-type":"","background-media":"","overlay-type":"","overlay-color":"","overlay-opacity":"","overlay-gradient":""},"mobile":{"background-color":"var(--ast-global-color-4)","background-image":"","background-repeat":"repeat","background-position":"center center","background-size":"auto","background-attachment":"scroll","background-type":"","background-media":"","overlay-type":"","overlay-color":"","overlay-opacity":"","overlay-gradient":""}},"footnotes":""},"class_list":["post-142","page","type-page","status-publish","hentry"],"_links":{"self":[{"href":"https:\/\/laerkeryge.maktechagency.com\/index.php\/wp-json\/wp\/v2\/pages\/142","targetHints":{"allow":["GET"]}}],"collection":[{"href":"https:\/\/laerkeryge.maktechagency.com\/index.php\/wp-json\/wp\/v2\/pages"}],"about":[{"href":"https:\/\/laerkeryge.maktechagency.com\/index.php\/wp-json\/wp\/v2\/types\/page"}],"author":[{"embeddable":true,"href":"https:\/\/laerkeryge.maktechagency.com\/index.php\/wp-json\/wp\/v2\/users\/1"}],"replies":[{"embeddable":true,"href":"https:\/\/laerkeryge.maktechagency.com\/index.php\/wp-json\/wp\/v2\/comments?post=142"}],"version-history":[{"count":76,"href":"https:\/\/laerkeryge.maktechagency.com\/index.php\/wp-json\/wp\/v2\/pages\/142\/revisions"}],"predecessor-version":[{"id":9209,"href":"https:\/\/laerkeryge.maktechagency.com\/index.php\/wp-json\/wp\/v2\/pages\/142\/revisions\/9209"}],"wp:attachment":[{"href":"https:\/\/laerkeryge.maktechagency.com\/index.php\/wp-json\/wp\/v2\/media?parent=142"}],"curies":[{"name":"wp","href":"https:\/\/api.w.org\/{rel}","templated":true}]}}