{"id":140,"date":"2025-12-20T08:30:31","date_gmt":"2025-12-20T08:30:31","guid":{"rendered":"https:\/\/laerkeryge.maktechagency.com\/?page_id=140"},"modified":"2026-01-07T05:50:05","modified_gmt":"2026-01-07T05:50:05","slug":"cap-10-traduccion","status":"publish","type":"page","link":"https:\/\/laerkeryge.maktechagency.com\/index.php\/cap-10-traduccion\/","title":{"rendered":"Cap 10 Traducci\u00f3n"},"content":{"rendered":"\t\t<div data-elementor-type=\"wp-page\" data-elementor-id=\"140\" class=\"elementor elementor-140\" data-elementor-post-type=\"page\">\n\t\t\t\t<div class=\"elementor-element elementor-element-ec5197a e-con-full e-flex e-con e-parent\" data-id=\"ec5197a\" data-element_type=\"container\" data-settings=\"{&quot;background_background&quot;:&quot;classic&quot;}\">\n\t\t\t\t<\/div>\n\t\t<div class=\"elementor-element elementor-element-ea747ef e-con-full e-flex e-con e-parent\" data-id=\"ea747ef\" data-element_type=\"container\">\n\t\t<div class=\"elementor-element elementor-element-b001292 e-con-full e-flex e-con e-child\" data-id=\"b001292\" data-element_type=\"container\">\n\t\t\t\t<div class=\"elementor-element elementor-element-b6be659 elementor-widget elementor-widget-heading\" data-id=\"b6be659\" data-element_type=\"widget\" data-widget_type=\"heading.default\">\n\t\t\t\t\t<h2 class=\"elementor-heading-title elementor-size-default\">Opsamlende overs\u00e6ttelse til CAP. 10  \u270f\ufe0f \n\n\n\n<\/h2>\t\t\t\t<\/div>\n\t\t\t\t<div class=\"elementor-element elementor-element-fc507df elementor-widget elementor-widget-text-editor\" data-id=\"fc507df\" data-element_type=\"widget\" data-widget_type=\"text-editor.default\">\n\t\t\t\t\t\t\t\t\t<p><strong>Traducci\u00f3n normal<\/strong><br \/>1. Hvad har Marie i denne kuffert?<br \/>2. Marie har k\u00f8bt bukser, bluser, sandaler og \u00f8reringe.<br \/>3. Marie har k\u00f8bt en cardigan. Hun har k\u00f8bt den i denne forretning.<br \/>4. Denne m\u00e5ned rejser Marie til Danmark med (<em>en<\/em>) fly.<br \/>5. Dine bukser er flotte! Hvor har du k\u00f8bt dem?<br \/>6. Marie sidder p\u00e5 stolen, og Hannah ligger p\u00e5 sengen.<\/p>\t\t\t\t\t\t\t\t<\/div>\n\t\t\t\t<div class=\"elementor-element elementor-element-89ec538 elementor-widget elementor-widget-text-editor\" data-id=\"89ec538\" data-element_type=\"widget\" data-widget_type=\"text-editor.default\">\n\t\t\t\t\t\t\t\t\t<p><strong>Traducci\u00f3n avanzada<\/strong><br \/>\u200b1. Hvad har Marie i denne r\u00f8de kuffert? Hun har sorte cowboybukser og sneakers.<br \/>2. Marie har k\u00f8bt bukser, t-shirts, sandaler og smukke \u00f8reringe. Hun har ikke k\u00f8bt mange armb\u00e5nd.<br \/>3. Marie har set en s\u00f8lvfarvet (<em>de color plata<\/em>) kjole. Hun har k\u00f8bt den i denne forretning.<br \/>4. Denne m\u00e5ned vil Marie rejse til Danmark med fly for at (<em>para<\/em>) v\u00e6re sammen med sin danske familie.<br \/>5. Hvor flotte bukser! Hvor har du k\u00f8bt dem? I forretningen med de r\u00f8de st\u00f8vler?<br \/>6. Marie sidder p\u00e5 stolen, og Hannah ligger p\u00e5 sengen. Marcel og de andre venner st\u00e5r op.<\/p>\t\t\t\t\t\t\t\t<\/div>\n\t\t\t\t<\/div>\n\t\t\t\t<\/div>\n\t\t\t\t<\/div>\n\t\t","protected":false},"excerpt":{"rendered":"<p>Opsamlende overs\u00e6ttelse til CAP. 10 \u270f\ufe0f Traducci\u00f3n normal1. Hvad har Marie i denne kuffert?2. Marie har k\u00f8bt bukser, bluser, sandaler [&hellip;]<\/p>\n","protected":false},"author":1,"featured_media":0,"parent":0,"menu_order":0,"comment_status":"closed","ping_status":"closed","template":"elementor_header_footer","meta":{"site-sidebar-layout":"no-sidebar","site-content-layout":"","ast-site-content-layout":"full-width-container","site-content-style":"default","site-sidebar-style":"default","ast-global-header-display":"","ast-banner-title-visibility":"","ast-main-header-display":"","ast-hfb-above-header-display":"","ast-hfb-below-header-display":"","ast-hfb-mobile-header-display":"","site-post-title":"","ast-breadcrumbs-content":"","ast-featured-img":"disabled","footer-sml-layout":"","ast-disable-related-posts":"","theme-transparent-header-meta":"","adv-header-id-meta":"","stick-header-meta":"","header-above-stick-meta":"","header-main-stick-meta":"","header-below-stick-meta":"","astra-migrate-meta-layouts":"default","ast-page-background-enabled":"default","ast-page-background-meta":{"desktop":{"background-color":"var(--ast-global-color-5)","background-image":"","background-repeat":"repeat","background-position":"center center","background-size":"auto","background-attachment":"scroll","background-type":"","background-media":"","overlay-type":"","overlay-color":"","overlay-opacity":"","overlay-gradient":""},"tablet":{"background-color":"","background-image":"","background-repeat":"repeat","background-position":"center center","background-size":"auto","background-attachment":"scroll","background-type":"","background-media":"","overlay-type":"","overlay-color":"","overlay-opacity":"","overlay-gradient":""},"mobile":{"background-color":"","background-image":"","background-repeat":"repeat","background-position":"center center","background-size":"auto","background-attachment":"scroll","background-type":"","background-media":"","overlay-type":"","overlay-color":"","overlay-opacity":"","overlay-gradient":""}},"ast-content-background-meta":{"desktop":{"background-color":"var(--ast-global-color-4)","background-image":"","background-repeat":"repeat","background-position":"center center","background-size":"auto","background-attachment":"scroll","background-type":"","background-media":"","overlay-type":"","overlay-color":"","overlay-opacity":"","overlay-gradient":""},"tablet":{"background-color":"var(--ast-global-color-4)","background-image":"","background-repeat":"repeat","background-position":"center center","background-size":"auto","background-attachment":"scroll","background-type":"","background-media":"","overlay-type":"","overlay-color":"","overlay-opacity":"","overlay-gradient":""},"mobile":{"background-color":"var(--ast-global-color-4)","background-image":"","background-repeat":"repeat","background-position":"center center","background-size":"auto","background-attachment":"scroll","background-type":"","background-media":"","overlay-type":"","overlay-color":"","overlay-opacity":"","overlay-gradient":""}},"footnotes":""},"class_list":["post-140","page","type-page","status-publish","hentry"],"_links":{"self":[{"href":"https:\/\/laerkeryge.maktechagency.com\/index.php\/wp-json\/wp\/v2\/pages\/140","targetHints":{"allow":["GET"]}}],"collection":[{"href":"https:\/\/laerkeryge.maktechagency.com\/index.php\/wp-json\/wp\/v2\/pages"}],"about":[{"href":"https:\/\/laerkeryge.maktechagency.com\/index.php\/wp-json\/wp\/v2\/types\/page"}],"author":[{"embeddable":true,"href":"https:\/\/laerkeryge.maktechagency.com\/index.php\/wp-json\/wp\/v2\/users\/1"}],"replies":[{"embeddable":true,"href":"https:\/\/laerkeryge.maktechagency.com\/index.php\/wp-json\/wp\/v2\/comments?post=140"}],"version-history":[{"count":19,"href":"https:\/\/laerkeryge.maktechagency.com\/index.php\/wp-json\/wp\/v2\/pages\/140\/revisions"}],"predecessor-version":[{"id":8670,"href":"https:\/\/laerkeryge.maktechagency.com\/index.php\/wp-json\/wp\/v2\/pages\/140\/revisions\/8670"}],"wp:attachment":[{"href":"https:\/\/laerkeryge.maktechagency.com\/index.php\/wp-json\/wp\/v2\/media?parent=140"}],"curies":[{"name":"wp","href":"https:\/\/api.w.org\/{rel}","templated":true}]}}