{"id":138,"date":"2025-12-20T08:30:23","date_gmt":"2025-12-20T08:30:23","guid":{"rendered":"https:\/\/laerkeryge.maktechagency.com\/?page_id=138"},"modified":"2026-01-15T04:25:21","modified_gmt":"2026-01-15T04:25:21","slug":"cap-10-vocabulario","status":"publish","type":"page","link":"https:\/\/laerkeryge.maktechagency.com\/index.php\/cap-10-vocabulario\/","title":{"rendered":"Cap 10 Vocabulario"},"content":{"rendered":"\t\t<div data-elementor-type=\"wp-page\" data-elementor-id=\"138\" class=\"elementor elementor-138\" data-elementor-post-type=\"page\">\n\t\t\t\t<div class=\"elementor-element elementor-element-74769a4 e-con-full e-flex e-con e-parent\" data-id=\"74769a4\" data-element_type=\"container\" data-settings=\"{&quot;background_background&quot;:&quot;classic&quot;}\">\n\t\t\t\t<\/div>\n\t\t<div class=\"elementor-element elementor-element-3809093 e-con-full e-flex e-con e-parent\" data-id=\"3809093\" data-element_type=\"container\">\n\t\t<div class=\"elementor-element elementor-element-fea2857 e-con-full e-flex e-con e-child\" data-id=\"fea2857\" data-element_type=\"container\">\n\t\t\t\t<div class=\"elementor-element elementor-element-91015fe elementor-widget elementor-widget-heading\" data-id=\"91015fe\" data-element_type=\"widget\" data-widget_type=\"heading.default\">\n\t\t\t\t\t<h2 class=\"elementor-heading-title elementor-size-default\">Opgave 1: Hacer la maleta    \ud83d\udcac\n \n\n\n<\/h2>\t\t\t\t<\/div>\n\t\t\t\t<div class=\"elementor-element elementor-element-caebe54 elementor-widget elementor-widget-text-editor\" data-id=\"caebe54\" data-element_type=\"widget\" data-widget_type=\"text-editor.default\">\n\t\t\t\t\t\t\t\t\t<p>a) La maleta de Marie<br \/>Hvad skal Marie have med hjem i kufferten? Hvilke ord kender du i forvejen? Resten af ordene sl\u00e5r du op i ordbogen.<\/p>\t\t\t\t\t\t\t\t<\/div>\n\t\t<div class=\"elementor-element elementor-element-ab17702 e-con-full e-flex e-con e-child\" data-id=\"ab17702\" data-element_type=\"container\">\n\t\t<div class=\"elementor-element elementor-element-b0010d8 e-con-full e-flex e-con e-child\" data-id=\"b0010d8\" data-element_type=\"container\">\n\t\t\t\t<div class=\"elementor-element elementor-element-01c569e elementor-widget elementor-widget-text-editor\" data-id=\"01c569e\" data-element_type=\"widget\" data-widget_type=\"text-editor.default\">\n\t\t\t\t\t\t\t\t\t<p><strong>Cosas\u00a0<\/strong><br \/>\u200bpasaporte<br \/>billete de viaje<br \/>toalla<br \/>maquillaje<br \/>libros<br \/>cargadores<br \/>ordenador<br \/>iPad<br \/>cepillo de dientes<\/p>\t\t\t\t\t\t\t\t<\/div>\n\t\t\t\t<\/div>\n\t\t<div class=\"elementor-element elementor-element-10638cd e-con-full e-flex e-con e-child\" data-id=\"10638cd\" data-element_type=\"container\">\n\t\t\t\t<div class=\"elementor-element elementor-element-c3d1425 elementor-widget elementor-widget-text-editor\" data-id=\"c3d1425\" data-element_type=\"widget\" data-widget_type=\"text-editor.default\">\n\t\t\t\t\t\t\t\t\t<p><strong>Ropa<\/strong><br \/>camiseta<br \/>pantalones largos<br \/>pantalones cortos<br \/>camisa<br \/>calcetines<br \/>\u200bchaqueta<br \/>blusa<br \/>falda<br \/>ropa interior<br \/>vestido<br \/>rebeca<br \/>vaqueros<br \/>ba\u00f1ador<br \/>medias<br \/>joggers<br \/>top<br \/>sudadera<\/p>\t\t\t\t\t\t\t\t<\/div>\n\t\t\t\t<\/div>\n\t\t<div class=\"elementor-element elementor-element-3d0ec21 e-con-full e-flex e-con e-child\" data-id=\"3d0ec21\" data-element_type=\"container\">\n\t\t\t\t<div class=\"elementor-element elementor-element-8db0856 elementor-widget elementor-widget-text-editor\" data-id=\"8db0856\" data-element_type=\"widget\" data-widget_type=\"text-editor.default\">\n\t\t\t\t\t\t\t\t\t<p><strong>Calzado y accesorios<\/strong><br \/>zapatos\u00a0\u200b<br \/>gorra<br \/>sombrero<br \/>sandalias<br \/>zapatillas deportivas\u200b<br \/>\u200bchanclas<br \/>\u200bmochila<br \/>\u200bgafas de sol<br \/>bolso<br \/>pendientes<br \/>collar<br \/>anillo<br \/>pulsera<\/p>\t\t\t\t\t\t\t\t<\/div>\n\t\t\t\t<\/div>\n\t\t\t\t<\/div>\n\t\t\t\t<div class=\"elementor-element elementor-element-abc8ef4 elementor-widget elementor-widget-text-editor\" data-id=\"abc8ef4\" data-element_type=\"widget\" data-widget_type=\"text-editor.default\">\n\t\t\t\t\t\t\t\t\t<p>b) Entrenamiento de vocabulario<br \/>Tr\u00e6n t\u00f8jgloser. Pulse\u00a0<strong><a href=\"https:\/\/quizlet.com\/_3wa6dj\" target=\"_blank\" rel=\"noopener noreferrer\">aqu\u00ed<\/a>\u00a0<\/strong><br \/>Tr\u00e6n sko og tilbeh\u00f8r. Pulse\u00a0<strong><a href=\"https:\/\/quizlet.com\/_48nuix\" target=\"_blank\" rel=\"noopener noreferrer\">aqu\u00ed<\/a><\/strong><\/p>\t\t\t\t\t\t\t\t<\/div>\n\t\t\t\t<div class=\"elementor-element elementor-element-8bd42bc elementor-widget elementor-widget-text-editor\" data-id=\"8bd42bc\" data-element_type=\"widget\" data-widget_type=\"text-editor.default\">\n\t\t\t\t\t\t\t\t\t<p>c) La ropa de las personas<br \/>\u200bSammen med din makker beskriver du nedenst\u00e5ende syv personer.\u00a0<em>\u00bfQu\u00e9 ropa llevan las personas?<\/em>\u00a0Hj\u00e6lp hinanden.\u00a0Mangler du farvegloser, eller kan du ikke huske, hvad striber hedder,\u00a0s\u00e5 kig i Cap. 6. Pulse\u00a0<strong><a href=\"https:\/\/www.unmesenmalaga.com\/cap-6-vocabulario\" target=\"_blank\" rel=\"noopener noreferrer\">aqu\u00ed\u00a0<\/a><\/strong><\/p>\t\t\t\t\t\t\t\t<\/div>\n\t\t\t\t<div class=\"elementor-element elementor-element-cfe6199 elementor-widget elementor-widget-image\" data-id=\"cfe6199\" data-element_type=\"widget\" data-widget_type=\"image.default\">\n\t\t\t\t\t\t\t\t\t\t\t\t\t\t\t\t<a href=\"https:\/\/laerkeryge.maktechagency.com\/wp-content\/uploads\/2025\/12\/People-1024x386-1.webp\" data-elementor-open-lightbox=\"yes\" data-e-action-hash=\"#elementor-action%3Aaction%3Dlightbox%26settings%3DeyJpZCI6NTczNCwidXJsIjoiaHR0cHM6XC9cL2xhZXJrZXJ5Z2UubWFrdGVjaGFnZW5jeS5jb21cL3dwLWNvbnRlbnRcL3VwbG9hZHNcLzIwMjVcLzEyXC9QZW9wbGUtMTAyNHgzODYtMS53ZWJwIn0%3D\">\n\t\t\t\t\t\t\t<img fetchpriority=\"high\" decoding=\"async\" width=\"1024\" height=\"386\" src=\"https:\/\/laerkeryge.maktechagency.com\/wp-content\/uploads\/2025\/12\/People-1024x386-1.webp\" class=\"attachment-full size-full wp-image-5734\" alt=\"\" srcset=\"https:\/\/laerkeryge.maktechagency.com\/wp-content\/uploads\/2025\/12\/People-1024x386-1.webp 1024w, https:\/\/laerkeryge.maktechagency.com\/wp-content\/uploads\/2025\/12\/People-1024x386-1-300x113.webp 300w, https:\/\/laerkeryge.maktechagency.com\/wp-content\/uploads\/2025\/12\/People-1024x386-1-768x290.webp 768w\" sizes=\"(max-width: 1024px) 100vw, 1024px\" \/>\t\t\t\t\t\t\t\t<\/a>\n\t\t\t\t\t\t\t\t\t\t\t\t\t\t\t<\/div>\n\t\t\t\t<div class=\"elementor-element elementor-element-1493846 elementor-widget elementor-widget-text-editor\" data-id=\"1493846\" data-element_type=\"widget\" data-widget_type=\"text-editor.default\">\n\t\t\t\t\t\t\t\t\t<p>d) Descripci\u00f3n de las personas<br \/>\u200bKig p\u00e5 nedenst\u00e5ende billede. Kan du ogs\u00e5 huske, hvordan du skal beskrive mennesker? Fokus\u00e9r p\u00e5 at beskrive b\u00e5de t\u00f8jet (<em>llevar =\u00a0<\/em>at have p\u00e5) samt personernes udseende (<em>aspecto<\/em>), hvor du skal komme ind p\u00e5\u00a0<em>el cuerpo, el pelo, los ojos, la barba<\/em>. Du kan finde opskriften\u00a0i Cap. 2. Pulse\u00a0<strong><a href=\"https:\/\/www.unmesenmalaga.com\/cap-2-vocabulario\/\" target=\"_blank\" rel=\"noopener noreferrer\">aqu\u00ed<\/a><\/strong><\/p>\t\t\t\t\t\t\t\t<\/div>\n\t\t\t\t<div class=\"elementor-element elementor-element-b21acc0 elementor-widget elementor-widget-image\" data-id=\"b21acc0\" data-element_type=\"widget\" data-widget_type=\"image.default\">\n\t\t\t\t\t\t\t\t\t\t\t\t\t\t\t\t<a href=\"https:\/\/laerkeryge.maktechagency.com\/wp-content\/uploads\/2025\/12\/two-men.webp\" data-elementor-open-lightbox=\"yes\" data-e-action-hash=\"#elementor-action%3Aaction%3Dlightbox%26settings%3DeyJpZCI6NTczOCwidXJsIjoiaHR0cHM6XC9cL2xhZXJrZXJ5Z2UubWFrdGVjaGFnZW5jeS5jb21cL3dwLWNvbnRlbnRcL3VwbG9hZHNcLzIwMjVcLzEyXC90d28tbWVuLndlYnAifQ%3D%3D\">\n\t\t\t\t\t\t\t<img decoding=\"async\" width=\"1100\" height=\"734\" src=\"https:\/\/laerkeryge.maktechagency.com\/wp-content\/uploads\/2025\/12\/two-men.webp\" class=\"attachment-full size-full wp-image-5738\" alt=\"\" srcset=\"https:\/\/laerkeryge.maktechagency.com\/wp-content\/uploads\/2025\/12\/two-men.webp 1100w, https:\/\/laerkeryge.maktechagency.com\/wp-content\/uploads\/2025\/12\/two-men-300x200.webp 300w, https:\/\/laerkeryge.maktechagency.com\/wp-content\/uploads\/2025\/12\/two-men-1024x683.webp 1024w, https:\/\/laerkeryge.maktechagency.com\/wp-content\/uploads\/2025\/12\/two-men-768x512.webp 768w\" sizes=\"(max-width: 1100px) 100vw, 1100px\" \/>\t\t\t\t\t\t\t\t<\/a>\n\t\t\t\t\t\t\t\t\t\t\t\t\t\t\t<\/div>\n\t\t\t\t<\/div>\n\t\t<div class=\"elementor-element elementor-element-4cf5bdd e-con-full e-flex e-con e-child\" data-id=\"4cf5bdd\" data-element_type=\"container\">\n\t\t\t\t<div class=\"elementor-element elementor-element-dd12b14 elementor-widget elementor-widget-heading\" data-id=\"dd12b14\" data-element_type=\"widget\" data-widget_type=\"heading.default\">\n\t\t\t\t\t<h2 class=\"elementor-heading-title elementor-size-default\">Opgave 2: Las posturas del cuerpo    \ud83d\udcac  \u270f\ufe0f\n\n \n\n\n<\/h2>\t\t\t\t<\/div>\n\t\t\t\t<div class=\"elementor-element elementor-element-721b0fc elementor-widget elementor-widget-text-editor\" data-id=\"721b0fc\" data-element_type=\"widget\" data-widget_type=\"text-editor.default\">\n\t\t\t\t\t\t\t\t\t<p>Kroppen kan befinde sig i forskellige positioner. En person kan fx ligge eller sidde ned. Begge disse udtryk dannes p\u00e5 spansk af verbet\u00a0<em>estar<\/em>\u00a0+\u00a0<em>perfektum participium<\/em>\u00a0(kort till\u00e6gsform), som skal b\u00f8jes efter det substantiv, som det beskrive<\/p>\t\t\t\t\t\t\t\t<\/div>\n\t\t\t\t<div class=\"elementor-element elementor-element-d1bf5af elementor-widget elementor-widget-text-editor\" data-id=\"d1bf5af\" data-element_type=\"widget\" data-widget_type=\"text-editor.default\">\n\t\t\t\t\t\t\t\t\t<p><em>La mujer est\u00e1 sentada.<\/em>\u00a0\u2192\u00a0 Kvinden sidder ned.<br \/><em>Los hombres est\u00e1n tumbados.<\/em>\u00a0\u2192\u00a0M\u00e6ndene ligger ned.<\/p>\t\t\t\t\t\t\t\t<\/div>\n\t\t\t\t<div class=\"elementor-element elementor-element-c212e0c elementor-widget elementor-widget-text-editor\" data-id=\"c212e0c\" data-element_type=\"widget\" data-widget_type=\"text-editor.default\">\n\t\t\t\t\t\t\t\t\t<p>At v\u00e6re oprejst har sit eget faste udtryk, som hedder\u00a0<em>estar de pie<\/em>\u00a0(som direkte oversat betyder \u201cat v\u00e6re p\u00e5 fod\u201d).<\/p>\t\t\t\t\t\t\t\t<\/div>\n\t\t\t\t<div class=\"elementor-element elementor-element-2442e09 elementor-widget elementor-widget-text-editor\" data-id=\"2442e09\" data-element_type=\"widget\" data-widget_type=\"text-editor.default\">\n\t\t\t\t\t\t\t\t\t<p>a) \u00bfQu\u00e9 hacen los hombres?<br \/>Kig igen p\u00e5 billedet af de to m\u00e6nd, og overs\u00e6t f\u00f8lgende tre s\u00e6tninger:<br \/>\u200b1. M\u00e6ndene sidder p\u00e5 en b\u00e6nk.<br \/>2. M\u00e6ndene ligger ikke ned i en seng.<br \/>\u200b3. M\u00e6ndene smiler og er glade.<\/p>\t\t\t\t\t\t\t\t<\/div>\n\t\t\t\t<div class=\"elementor-element elementor-element-4a129c6 elementor-widget elementor-widget-text-editor\" data-id=\"4a129c6\" data-element_type=\"widget\" data-widget_type=\"text-editor.default\">\n\t\t\t\t\t\t\t\t\t<p>b) Entrenamiento de vocabulario<br \/>Tr\u00e6n kropspositionerne her. Pulse\u00a0<strong><a href=\"https:\/\/quizlet.com\/_48u2nv\" target=\"_blank\" rel=\"noopener noreferrer\">aqu\u00ed<\/a><\/strong><\/p>\t\t\t\t\t\t\t\t<\/div>\n\t\t\t\t<\/div>\n\t\t<div class=\"elementor-element elementor-element-79f1aaa e-con-full e-flex e-con e-child\" data-id=\"79f1aaa\" data-element_type=\"container\">\n\t\t\t\t<div class=\"elementor-element elementor-element-3390530 elementor-widget elementor-widget-heading\" data-id=\"3390530\" data-element_type=\"widget\" data-widget_type=\"heading.default\">\n\t\t\t\t\t<h2 class=\"elementor-heading-title elementor-size-default\">Opgave 3: Los medios de transporte  \n\n \n\n\n<\/h2>\t\t\t\t<\/div>\n\t\t\t\t<div class=\"elementor-element elementor-element-6cfdc84 elementor-widget elementor-widget-text-editor\" data-id=\"6cfdc84\" data-element_type=\"widget\" data-widget_type=\"text-editor.default\">\n\t\t\t\t\t\t\t\t\t<p>a) Los verbos de los medios de transporte <span class=\"TextRun SCXW23509110 BCX0\" lang=\"DA-DK\" xml:lang=\"DA-DK\" data-contrast=\"auto\"><span class=\"NormalTextRun SCXW23509110 BCX0\">\ud83d\udcac<\/span><\/span><strong>\u00a0<\/strong><strong>\u00a0<\/strong><br \/>Kender du disse transportverber?\u00a0<em>ir\/viajar\/volar\/conducir\/ir a pie\/ir en bicicleta.\u00a0<\/em><br \/>Sl\u00e5 de verber op, som du ikke kender.<\/p>\t\t\t\t\t\t\t\t<\/div>\n\t\t\t\t<div class=\"elementor-element elementor-element-8480e5b elementor-widget elementor-widget-text-editor\" data-id=\"8480e5b\" data-element_type=\"widget\" data-widget_type=\"text-editor.default\">\n\t\t\t\t\t\t\t\t\t<p>b) V\u00eddeo de los medios de transporte<br \/>Se video om transportmidlerne. Pulse\u00a0<strong><a href=\"https:\/\/www.youtube.com\/watch?v=e3s9cxQL_S8\" target=\"_blank\" rel=\"noopener noreferrer\">aqu\u00ed\u00a0<\/a><\/strong><\/p>\t\t\t\t\t\t\t\t<\/div>\n\t\t\t\t<div class=\"elementor-element elementor-element-2bb7b98 elementor-widget elementor-widget-text-editor\" data-id=\"2bb7b98\" data-element_type=\"widget\" data-widget_type=\"text-editor.default\">\n\t\t\t\t\t\t\t\t\t<p>c) Entrenamiento de vocabulario<br \/>Tr\u00e6n transportmidlerne. Pulse<a href=\"https:\/\/quizlet.com\/_3w9jys\" target=\"_blank\" rel=\"noopener noreferrer\">\u00a0<strong>aqu\u00ed<\/strong><\/a><\/p>\t\t\t\t\t\t\t\t<\/div>\n\t\t\t\t<div class=\"elementor-element elementor-element-5b1ba5e elementor-widget elementor-widget-text-editor\" data-id=\"5b1ba5e\" data-element_type=\"widget\" data-widget_type=\"text-editor.default\">\n\t\t\t\t\t\t\t\t\t<p>d) Traducci\u00f3n <span class=\"TextRun SCXW23509110 BCX0\" lang=\"DA-DK\" xml:lang=\"DA-DK\" data-contrast=\"auto\"><span class=\"NormalTextRun SCXW23509110 BCX0\">\ud83d\udcac<\/span><\/span><strong>\u00a0<\/strong><strong>\u00a0 \u00a0\u270f\ufe0f<br \/>\u200b<\/strong>Du og din makker overs\u00e6tter to s\u00e6tninger hver.<br \/>1. Viajamos a Barcelona en barco.<br \/>2. Volamos a Londres.<br \/>3. Luis va a M\u00e1laga en autob\u00fas.<br \/>4. Marie va en bicicleta a la escuela de idiomas.<\/p>\t\t\t\t\t\t\t\t<\/div>\n\t\t\t\t<div class=\"elementor-element elementor-element-cf6b157 elementor-widget elementor-widget-text-editor\" data-id=\"cf6b157\" data-element_type=\"widget\" data-widget_type=\"text-editor.default\">\n\t\t\t\t\t\t\t\t\t<p>e) Las preposiciones\u00a0 \u201ca\u201d y \u201cen\u201d <span class=\"TextRun SCXW23509110 BCX0\" lang=\"DA-DK\" xml:lang=\"DA-DK\" data-contrast=\"auto\"><span class=\"NormalTextRun SCXW23509110 BCX0\">\ud83d\udcac<\/span><\/span><br \/>Alle s\u00e6tningerne indeholder pr\u00e6positionerne \u201ca\u201d og \u201cen\u201d. Kan du lave din egen huskeregel for, hvorn\u00e5r man bruger de to forskellige pr\u00e6positioner, og derefter fort\u00e6lle din makker, hvordan du selv kommer i skole?<\/p>\t\t\t\t\t\t\t\t<\/div>\n\t\t\t\t<\/div>\n\t\t\t\t<\/div>\n\t\t\t\t<\/div>\n\t\t","protected":false},"excerpt":{"rendered":"<p>Opgave 1: Hacer la maleta \ud83d\udcac a) La maleta de MarieHvad skal Marie have med hjem i kufferten? Hvilke ord [&hellip;]<\/p>\n","protected":false},"author":1,"featured_media":0,"parent":0,"menu_order":0,"comment_status":"closed","ping_status":"closed","template":"elementor_header_footer","meta":{"site-sidebar-layout":"no-sidebar","site-content-layout":"","ast-site-content-layout":"full-width-container","site-content-style":"default","site-sidebar-style":"default","ast-global-header-display":"","ast-banner-title-visibility":"","ast-main-header-display":"","ast-hfb-above-header-display":"","ast-hfb-below-header-display":"","ast-hfb-mobile-header-display":"","site-post-title":"","ast-breadcrumbs-content":"","ast-featured-img":"disabled","footer-sml-layout":"","ast-disable-related-posts":"","theme-transparent-header-meta":"","adv-header-id-meta":"","stick-header-meta":"","header-above-stick-meta":"","header-main-stick-meta":"","header-below-stick-meta":"","astra-migrate-meta-layouts":"default","ast-page-background-enabled":"default","ast-page-background-meta":{"desktop":{"background-color":"var(--ast-global-color-5)","background-image":"","background-repeat":"repeat","background-position":"center center","background-size":"auto","background-attachment":"scroll","background-type":"","background-media":"","overlay-type":"","overlay-color":"","overlay-opacity":"","overlay-gradient":""},"tablet":{"background-color":"","background-image":"","background-repeat":"repeat","background-position":"center center","background-size":"auto","background-attachment":"scroll","background-type":"","background-media":"","overlay-type":"","overlay-color":"","overlay-opacity":"","overlay-gradient":""},"mobile":{"background-color":"","background-image":"","background-repeat":"repeat","background-position":"center center","background-size":"auto","background-attachment":"scroll","background-type":"","background-media":"","overlay-type":"","overlay-color":"","overlay-opacity":"","overlay-gradient":""}},"ast-content-background-meta":{"desktop":{"background-color":"var(--ast-global-color-4)","background-image":"","background-repeat":"repeat","background-position":"center center","background-size":"auto","background-attachment":"scroll","background-type":"","background-media":"","overlay-type":"","overlay-color":"","overlay-opacity":"","overlay-gradient":""},"tablet":{"background-color":"var(--ast-global-color-4)","background-image":"","background-repeat":"repeat","background-position":"center center","background-size":"auto","background-attachment":"scroll","background-type":"","background-media":"","overlay-type":"","overlay-color":"","overlay-opacity":"","overlay-gradient":""},"mobile":{"background-color":"var(--ast-global-color-4)","background-image":"","background-repeat":"repeat","background-position":"center center","background-size":"auto","background-attachment":"scroll","background-type":"","background-media":"","overlay-type":"","overlay-color":"","overlay-opacity":"","overlay-gradient":""}},"footnotes":""},"class_list":["post-138","page","type-page","status-publish","hentry"],"_links":{"self":[{"href":"https:\/\/laerkeryge.maktechagency.com\/index.php\/wp-json\/wp\/v2\/pages\/138","targetHints":{"allow":["GET"]}}],"collection":[{"href":"https:\/\/laerkeryge.maktechagency.com\/index.php\/wp-json\/wp\/v2\/pages"}],"about":[{"href":"https:\/\/laerkeryge.maktechagency.com\/index.php\/wp-json\/wp\/v2\/types\/page"}],"author":[{"embeddable":true,"href":"https:\/\/laerkeryge.maktechagency.com\/index.php\/wp-json\/wp\/v2\/users\/1"}],"replies":[{"embeddable":true,"href":"https:\/\/laerkeryge.maktechagency.com\/index.php\/wp-json\/wp\/v2\/comments?post=138"}],"version-history":[{"count":100,"href":"https:\/\/laerkeryge.maktechagency.com\/index.php\/wp-json\/wp\/v2\/pages\/138\/revisions"}],"predecessor-version":[{"id":9200,"href":"https:\/\/laerkeryge.maktechagency.com\/index.php\/wp-json\/wp\/v2\/pages\/138\/revisions\/9200"}],"wp:attachment":[{"href":"https:\/\/laerkeryge.maktechagency.com\/index.php\/wp-json\/wp\/v2\/media?parent=138"}],"curies":[{"name":"wp","href":"https:\/\/api.w.org\/{rel}","templated":true}]}}