{"id":132,"date":"2025-12-20T08:29:15","date_gmt":"2025-12-20T08:29:15","guid":{"rendered":"https:\/\/laerkeryge.maktechagency.com\/?page_id=132"},"modified":"2026-01-15T04:19:57","modified_gmt":"2026-01-15T04:19:57","slug":"cap-9-vocabulario","status":"publish","type":"page","link":"https:\/\/laerkeryge.maktechagency.com\/index.php\/cap-9-vocabulario\/","title":{"rendered":"Cap 9 Vocabulario"},"content":{"rendered":"\t\t<div data-elementor-type=\"wp-page\" data-elementor-id=\"132\" class=\"elementor elementor-132\" data-elementor-post-type=\"page\">\n\t\t\t\t<div class=\"elementor-element elementor-element-f66bfe8 e-con-full e-flex e-con e-parent\" data-id=\"f66bfe8\" data-element_type=\"container\" data-settings=\"{&quot;background_background&quot;:&quot;classic&quot;}\">\n\t\t\t\t<\/div>\n\t\t<div class=\"elementor-element elementor-element-0444c1b e-con-full e-flex e-con e-parent\" data-id=\"0444c1b\" data-element_type=\"container\">\n\t\t<div class=\"elementor-element elementor-element-9cdaa3e e-con-full e-flex e-con e-child\" data-id=\"9cdaa3e\" data-element_type=\"container\">\n\t\t<div class=\"elementor-element elementor-element-a5cce8a e-con-full e-flex e-con e-child\" data-id=\"a5cce8a\" data-element_type=\"container\">\n\t\t<div class=\"elementor-element elementor-element-c748801 e-con-full e-flex e-con e-child\" data-id=\"c748801\" data-element_type=\"container\">\n\t\t\t\t<div class=\"elementor-element elementor-element-6f303e1 elementor-widget elementor-widget-heading\" data-id=\"6f303e1\" data-element_type=\"widget\" data-widget_type=\"heading.default\">\n\t\t\t\t\t<h2 class=\"elementor-heading-title elementor-size-default\">Opgave 1: C\u00f3mo hacer preguntas \n\n\n\n\n\n\n<\/h2>\t\t\t\t<\/div>\n\t\t\t\t<div class=\"elementor-element elementor-element-c7c8e6d elementor-widget elementor-widget-text-editor\" data-id=\"c7c8e6d\" data-element_type=\"widget\" data-widget_type=\"text-editor.default\">\n\t\t\t\t\t\t\t\t\t<p>a) Entrenamiento de vocabulario<br \/>Tr\u00e6n sp\u00f8rgeordene. Pulse\u00a0<strong><a href=\"https:\/\/quizlet.com\/_1uqzvb\" target=\"_blank\" rel=\"noopener noreferrer\">aqu\u00ed<\/a><\/strong><\/p>\t\t\t\t\t\t\t\t<\/div>\n\t\t\t\t<div class=\"elementor-element elementor-element-24f5991 elementor-widget elementor-widget-text-editor\" data-id=\"24f5991\" data-element_type=\"widget\" data-widget_type=\"text-editor.default\">\n\t\t\t\t\t\t\t\t\t<p>b) Hacer preguntas <span class=\"TextRun SCXW23509110 BCX0\" lang=\"DA-DK\" xml:lang=\"DA-DK\" data-contrast=\"auto\"><span class=\"NormalTextRun SCXW23509110 BCX0\">\ud83d\udcac<\/span><\/span><strong>\u00a0 \u00a0\u00a0<\/strong><strong>\u270f\ufe0f\u00a0<\/strong><br \/>Lav sp\u00f8rgsm\u00e5l til s\u00e6tningerne.\u00a0Fors\u00f8g at benytte s\u00e5 mange forskellige sp\u00f8rgeord som muligt.<\/p>\t\t\t\t\t\t\t\t<\/div>\n\t\t\t\t<div class=\"elementor-element elementor-element-f69db02 elementor-widget elementor-widget-text-editor\" data-id=\"f69db02\" data-element_type=\"widget\" data-widget_type=\"text-editor.default\">\n\t\t\t\t\t\t\t\t\t<p>1. La organizaci\u00f3n se llama\u00a0<em>Los \u00c1ngeles Malague\u00f1os de la Noche<\/em>.<br \/>2. La organizaci\u00f3n reparte 2500 comidas al d\u00eda.<br \/>3. El comedor social abre el 14 de mayo de 2016.<br \/>4. El comedor social est\u00e1 en la calle Fuentecilla.<br \/>5. Se funda la organizaci\u00f3n para ayudar a las personas pobres de la ciudad.<br \/>6. Felisa Castro es la fundadora de la organizaci\u00f3n.<br \/>7. Un voluntario es una persona que trabaja gratuitamente.<\/p>\t\t\t\t\t\t\t\t<\/div>\n\t\t\t\t<div class=\"elementor-element elementor-element-f07e869 elementor-widget elementor-widget-text-editor\" data-id=\"f07e869\" data-element_type=\"widget\" data-widget_type=\"text-editor.default\">\n\t\t\t\t\t\t\t\t\t<p>c) Pronombres interrogativos\u00a0 <span class=\"TextRun SCXW23509110 BCX0\" lang=\"DA-DK\" xml:lang=\"DA-DK\" data-contrast=\"auto\"><span class=\"NormalTextRun SCXW23509110 BCX0\">\ud83d\udcac<\/span><\/span><strong>\u00a0<\/strong><br \/>Kig p\u00e5 ordskyen med sp\u00f8rgeord.\u00a0Hvilke sp\u00f8rgeord er ub\u00f8jelige?\u00a0Hvilke sp\u00f8rgeord kan b\u00f8jes?<\/p>\t\t\t\t\t\t\t\t<\/div>\n\t\t\t\t<div class=\"elementor-element elementor-element-6325536 elementor-widget elementor-widget-text-editor\" data-id=\"6325536\" data-element_type=\"widget\" data-widget_type=\"text-editor.default\">\n\t\t\t\t\t\t\t\t\t<p>d) Entrevista\u00a0 <span class=\"TextRun SCXW23509110 BCX0\" lang=\"DA-DK\" xml:lang=\"DA-DK\" data-contrast=\"auto\"><span class=\"NormalTextRun SCXW23509110 BCX0\">\ud83d\udcac<\/span><\/span><strong>\u00a0 \u00a0<\/strong><strong>\u270f\ufe0f\u00a0<\/strong><br \/>\u200bLav et lille valgfrit interview\u00a0<em>en espa\u00f1ol<\/em>\u00a0med din makker. Hvem kan bruge flest forskellige sp\u00f8rgeord?<\/p>\t\t\t\t\t\t\t\t<\/div>\n\t\t\t\t<\/div>\n\t\t<div class=\"elementor-element elementor-element-fa3b338 e-con-full e-flex e-con e-child\" data-id=\"fa3b338\" data-element_type=\"container\">\n\t\t\t\t<div class=\"elementor-element elementor-element-b13dd22 elementor-widget elementor-widget-image\" data-id=\"b13dd22\" data-element_type=\"widget\" data-widget_type=\"image.default\">\n\t\t\t\t\t\t\t\t\t\t\t\t\t\t\t\t<a href=\"https:\/\/laerkeryge.maktechagency.com\/wp-content\/uploads\/2025\/12\/Cap.9.gram_.interrogativepron-1024x531-1.webp\" data-elementor-open-lightbox=\"yes\" data-e-action-hash=\"#elementor-action%3Aaction%3Dlightbox%26settings%3DeyJpZCI6NTU1OCwidXJsIjoiaHR0cHM6XC9cL2xhZXJrZXJ5Z2UubWFrdGVjaGFnZW5jeS5jb21cL3dwLWNvbnRlbnRcL3VwbG9hZHNcLzIwMjVcLzEyXC9DYXAuOS5ncmFtXy5pbnRlcnJvZ2F0aXZlcHJvbi0xMDI0eDUzMS0xLndlYnAifQ%3D%3D\">\n\t\t\t\t\t\t\t<img fetchpriority=\"high\" decoding=\"async\" width=\"1024\" height=\"531\" src=\"https:\/\/laerkeryge.maktechagency.com\/wp-content\/uploads\/2025\/12\/Cap.9.gram_.interrogativepron-1024x531-1.webp\" class=\"attachment-full size-full wp-image-5558\" alt=\"\" srcset=\"https:\/\/laerkeryge.maktechagency.com\/wp-content\/uploads\/2025\/12\/Cap.9.gram_.interrogativepron-1024x531-1.webp 1024w, https:\/\/laerkeryge.maktechagency.com\/wp-content\/uploads\/2025\/12\/Cap.9.gram_.interrogativepron-1024x531-1-300x156.webp 300w, https:\/\/laerkeryge.maktechagency.com\/wp-content\/uploads\/2025\/12\/Cap.9.gram_.interrogativepron-1024x531-1-768x398.webp 768w\" sizes=\"(max-width: 1024px) 100vw, 1024px\" \/>\t\t\t\t\t\t\t\t<\/a>\n\t\t\t\t\t\t\t\t\t\t\t\t\t\t\t<\/div>\n\t\t\t\t<\/div>\n\t\t\t\t<\/div>\n\t\t\t\t<\/div>\n\t\t<div class=\"elementor-element elementor-element-60a1940 e-con-full e-flex e-con e-child\" data-id=\"60a1940\" data-element_type=\"container\">\n\t\t\t\t<div class=\"elementor-element elementor-element-505bc80 elementor-widget elementor-widget-heading\" data-id=\"505bc80\" data-element_type=\"widget\" data-widget_type=\"heading.default\">\n\t\t\t\t\t<h2 class=\"elementor-heading-title elementor-size-default\">Opgave 2:  Los n\u00fameros y a\u00f1os    \ud83d\udcac\n \n\n\n<\/h2>\t\t\t\t<\/div>\n\t\t\t\t<div class=\"elementor-element elementor-element-2cd05e3 elementor-widget elementor-widget-text-editor\" data-id=\"2cd05e3\" data-element_type=\"widget\" data-widget_type=\"text-editor.default\">\n\t\t\t\t\t\t\t\t\t<p>a) \u00bfSabes contar?<br \/>Kan du t\u00e6lle fra 1-20 ? Ellers kan du tr\u00e6ne tallene. Pulse\u00a0<strong><a href=\"https:\/\/quizlet.com\/_3m3qg8\" target=\"_blank\" rel=\"noopener noreferrer\">aqu\u00ed<\/a>\u00a0\u00a0<\/strong><br \/>Kan du t\u00e6lle fra 21-100? Ellers kan du tr\u00e6ne tallene. Pulse\u00a0<strong><a href=\"https:\/\/quizlet.com\/_3m3qjv\" target=\"_blank\" rel=\"noopener noreferrer\">aqu\u00ed<\/a><\/strong><br \/>Kan du t\u00e6lle fra 101-1.000? Ellers kan du tr\u00e6ne tallene. Pulse\u00a0<strong><a href=\"https:\/\/quizlet.com\/_3m3qo5\" target=\"_blank\" rel=\"noopener noreferrer\">aqu\u00ed<\/a><\/strong><\/p>\t\t\t\t\t\t\t\t<\/div>\n\t\t\t\t<div class=\"elementor-element elementor-element-e0d7fa4 elementor-widget elementor-widget-text-editor\" data-id=\"e0d7fa4\" data-element_type=\"widget\" data-widget_type=\"text-editor.default\">\n\t\t\t\t\t\t\t\t\t<p>Vigtigt at huske:<\/p>\t\t\t\t\t\t\t\t<\/div>\n\t\t\t\t<div class=\"elementor-element elementor-element-1508839 elementor-widget elementor-widget-text-editor\" data-id=\"1508839\" data-element_type=\"widget\" data-widget_type=\"text-editor.default\">\n\t\t\t\t\t\t\t\t\t<ul><li><em>\u201cy\u201d<\/em>\u00a0s\u00e6ttes kun mellem tiere og enere, fx\u00a0<em>treinta y dos.<\/em><\/li><li>Hundrede hedder ciento foran tal fra 101 til 199, fx\u00a0<em>ciento ochenta y ocho.<\/em><\/li><li>Fra 200 til 999 b\u00f8jes hundrederne i k\u00f8n, hvis de st\u00e5r foran et substantiv, fx\u00a0<em>doscientas coronas.<\/em><\/li><li><em>\u201ccien\u201d\u00a0<\/em>bruges foran substantiver, fx\u00a0<em>cien coronas,\u00a0<\/em>og foran<em>\u00a0mil\u00a0<\/em>og\u00a0<em>millones,<\/em>\u00a0fx\u00a0<em>cien mil coronas.<\/em><\/li><\/ul>\t\t\t\t\t\t\t\t<\/div>\n\t\t\t\t<div class=\"elementor-element elementor-element-1c1352c elementor-widget elementor-widget-text-editor\" data-id=\"1c1352c\" data-element_type=\"widget\" data-widget_type=\"text-editor.default\">\n\t\t\t\t\t\t\t\t\t<p>b) Entrenamiento de vocabulario<br \/>Tr\u00e6n \u00e5rstallene. Pulse\u00a0<strong><a href=\"https:\/\/quizlet.com\/_3m3qvj\" target=\"_blank\" rel=\"noopener noreferrer\">aqu\u00ed<\/a><\/strong><\/p>\t\t\t\t\t\t\t\t<\/div>\n\t\t\t\t<div class=\"elementor-element elementor-element-d9b3448 elementor-widget elementor-widget-text-editor\" data-id=\"d9b3448\" data-element_type=\"widget\" data-widget_type=\"text-editor.default\">\n\t\t\t\t\t\t\t\t\t<p>c) Los a\u00f1os<br \/>1)\u00a0Hvordan siger man f\u00f8lgende \u00e5rstal?: 1492 \/1588\/1936\/1975\/2004. Husk, at p\u00e5 spansk er r\u00e6kkef\u00f8lgen: tusind-hundrede-tiere og enere, hvor vi p\u00e5 dansk siger nittenhunderede og syv og tres.<br \/>2) Unders\u00f8g p\u00e5 internettet, hvorfor ovenst\u00e5ende \u00e5rstal er vigtige for den spanske historie.<\/p>\t\t\t\t\t\t\t\t<\/div>\n\t\t\t\t<div class=\"elementor-element elementor-element-2c12678 elementor-widget elementor-widget-text-editor\" data-id=\"2c12678\" data-element_type=\"widget\" data-widget_type=\"text-editor.default\">\n\t\t\t\t\t\t\t\t\t<p>\u200bd) Los \u00c1ngeles Malague\u00f1os de la Noche \u200b<br \/>L\u00e6s f\u00f8lgende op p\u00e5 spansk for din makker med de korrekte tal. Efterf\u00f8lgende overs\u00e6tter I i f\u00e6llesskab s\u00e6tningerne til dansk.<\/p>\t\t\t\t\t\t\t\t<\/div>\n\t\t\t\t<div class=\"elementor-element elementor-element-a925361 elementor-widget elementor-widget-text-editor\" data-id=\"a925361\" data-element_type=\"widget\" data-widget_type=\"text-editor.default\">\n\t\t\t\t\t\t\t\t\t<p>\u200b2500 comidas al d\u00eda.<br \/>700 personas al d\u00eda.<br \/>M\u00e1s de 80 voluntarios.<br \/>Abierto los 365 d\u00edas al a\u00f1o.<br \/>Gastos: por ejemplo 470 euros al mes de gas butano y 130 cartones de leche al d\u00eda.<\/p>\t\t\t\t\t\t\t\t<\/div>\n\t\t\t\t<\/div>\n\t\t<div class=\"elementor-element elementor-element-62c3b52 e-con-full e-flex e-con e-child\" data-id=\"62c3b52\" data-element_type=\"container\">\n\t\t\t\t<div class=\"elementor-element elementor-element-f492879 elementor-widget elementor-widget-heading\" data-id=\"f492879\" data-element_type=\"widget\" data-widget_type=\"heading.default\">\n\t\t\t\t\t<h2 class=\"elementor-heading-title elementor-size-default\">Opgave 3: Los \u00c1ngeles Malague\u00f1os de la Noche  \n\n\n\n\n\n<\/h2>\t\t\t\t<\/div>\n\t\t\t\t<div class=\"elementor-element elementor-element-1028710 elementor-widget elementor-widget-text-editor\" data-id=\"1028710\" data-element_type=\"widget\" data-widget_type=\"text-editor.default\">\n\t\t\t\t\t\t\t\t\t<p>a) Ver el v\u00eddeo\u00a0 <span class=\"TextRun SCXW23509110 BCX0\" lang=\"DA-DK\" xml:lang=\"DA-DK\" data-contrast=\"auto\"><span class=\"NormalTextRun SCXW23509110 BCX0\">\ud83d\udcac<\/span><\/span><strong>\u00a0 \u00a0<\/strong><strong>\u270f\ufe0f\u00a0<\/strong><br \/>Se videoen og svar p\u00e5 sp\u00f8rgsm\u00e5lene.<\/p>\t\t\t\t\t\t\t\t<\/div>\n\t\t\t\t<div class=\"elementor-element elementor-element-30fa27a elementor-widget elementor-widget-text-editor\" data-id=\"30fa27a\" data-element_type=\"widget\" data-widget_type=\"text-editor.default\">\n\t\t\t\t\t\t\t\t\t<p>1. \u00bfQui\u00e9nes son las personas que reciben ayuda de\u00a0<em>Los \u00c1ngeles Malague\u00f1os de la Noche<\/em>?<br \/>2. \u00bfQui\u00e9nes son los voluntarios?<\/p>\t\t\t\t\t\t\t\t<\/div>\n\t\t<div class=\"elementor-element elementor-element-f910435 e-con-full e-flex e-con e-child\" data-id=\"f910435\" data-element_type=\"container\">\n\t\t\t\t<div class=\"elementor-element elementor-element-64d9257 elementor-widget elementor-widget-video\" data-id=\"64d9257\" data-element_type=\"widget\" data-settings=\"{&quot;youtube_url&quot;:&quot;https:\\\/\\\/www.youtube.com\\\/watch?v=hApu9tjQyv8&amp;t=5s&quot;,&quot;video_type&quot;:&quot;youtube&quot;,&quot;controls&quot;:&quot;yes&quot;}\" data-widget_type=\"video.default\">\n\t\t\t\t\t\t\t<div class=\"elementor-wrapper elementor-open-inline\">\n\t\t\t<div class=\"elementor-video\"><\/div>\t\t<\/div>\n\t\t\t\t\t\t<\/div>\n\t\t\t\t<\/div>\n\t\t\t\t<div class=\"elementor-element elementor-element-f250d9a elementor-widget elementor-widget-text-editor\" data-id=\"f250d9a\" data-element_type=\"widget\" data-widget_type=\"text-editor.default\">\n\t\t\t\t\t\t\t\t\t<p>b) Descripci\u00f3n de una foto\u00a0 <span class=\"TextRun SCXW23509110 BCX0\" lang=\"DA-DK\" xml:lang=\"DA-DK\" data-contrast=\"auto\"><span class=\"NormalTextRun SCXW23509110 BCX0\">\ud83d\udcac<\/span><\/span>\u00a0 \u00a0<strong>\u270f\ufe0f<\/strong><br \/>Lav dern\u00e6st en beskrivelse af billederne nedenfor. Du kan evt. repetere gloser til billedbeskrivelsen f\u00f8rst. Pulse\u00a0<strong><a href=\"https:\/\/quizlet.com\/_3kmm9k\" target=\"_blank\" rel=\"noopener noreferrer\">aqu\u00ed<\/a><\/strong><br \/>Din viden fra videoen om brugere og frivillige skal indg\u00e5 i din billedbeskrivelse.<\/p>\t\t\t\t\t\t\t\t<\/div>\n\t\t\t\t<div class=\"elementor-element elementor-element-6274e14 elementor-widget elementor-widget-text-editor\" data-id=\"6274e14\" data-element_type=\"widget\" data-widget_type=\"text-editor.default\">\n\t\t\t\t\t\t\t\t\t<p>c) Pobreza\u00a0 <span class=\"TextRun SCXW23509110 BCX0\" lang=\"DA-DK\" xml:lang=\"DA-DK\" data-contrast=\"auto\"><span class=\"NormalTextRun SCXW23509110 BCX0\">\ud83d\udcac<\/span><\/span><\/p><p>Er der fattigdom i Danmark? Fort\u00e6l din makker p\u00e5 spansk om fattigdom i Danmark. Du kan evt. s\u00f8ge information p\u00e5 internettet f\u00f8rst.\u00a0 S\u00f8g fx p\u00e5: \u201cfattigdom i Danmark\u201d.<\/p>\t\t\t\t\t\t\t\t<\/div>\n\t\t<div class=\"elementor-element elementor-element-6f574b3 e-grid e-con-full e-con e-child\" data-id=\"6f574b3\" data-element_type=\"container\">\n\t\t<div class=\"elementor-element elementor-element-c77fe67 e-con-full e-flex e-con e-child\" data-id=\"c77fe67\" data-element_type=\"container\">\n\t\t\t\t<div class=\"elementor-element elementor-element-41cd9fd elementor-widget elementor-widget-image\" data-id=\"41cd9fd\" data-element_type=\"widget\" data-widget_type=\"image.default\">\n\t\t\t\t\t\t\t\t\t\t\t\t\t\t\t\t<a href=\"https:\/\/laerkeryge.maktechagency.com\/wp-content\/uploads\/2025\/12\/9.voc_.womanandman_ORIGINAL.webp\" data-elementor-open-lightbox=\"yes\" data-e-action-hash=\"#elementor-action%3Aaction%3Dlightbox%26settings%3DeyJpZCI6NTU3MSwidXJsIjoiaHR0cHM6XC9cL2xhZXJrZXJ5Z2UubWFrdGVjaGFnZW5jeS5jb21cL3dwLWNvbnRlbnRcL3VwbG9hZHNcLzIwMjVcLzEyXC85LnZvY18ud29tYW5hbmRtYW5fT1JJR0lOQUwud2VicCJ9\">\n\t\t\t\t\t\t\t<img decoding=\"async\" width=\"960\" height=\"540\" src=\"https:\/\/laerkeryge.maktechagency.com\/wp-content\/uploads\/2025\/12\/9.voc_.womanandman_ORIGINAL.webp\" class=\"attachment-full size-full wp-image-5571\" alt=\"\" srcset=\"https:\/\/laerkeryge.maktechagency.com\/wp-content\/uploads\/2025\/12\/9.voc_.womanandman_ORIGINAL.webp 960w, https:\/\/laerkeryge.maktechagency.com\/wp-content\/uploads\/2025\/12\/9.voc_.womanandman_ORIGINAL-300x169.webp 300w, https:\/\/laerkeryge.maktechagency.com\/wp-content\/uploads\/2025\/12\/9.voc_.womanandman_ORIGINAL-768x432.webp 768w\" sizes=\"(max-width: 960px) 100vw, 960px\" \/>\t\t\t\t\t\t\t\t<\/a>\n\t\t\t\t\t\t\t\t\t\t\t\t\t\t\t<\/div>\n\t\t\t\t<\/div>\n\t\t<div class=\"elementor-element elementor-element-736c31e e-con-full e-flex e-con e-child\" data-id=\"736c31e\" data-element_type=\"container\">\n\t\t\t\t<div class=\"elementor-element elementor-element-c61381e elementor-widget elementor-widget-image\" data-id=\"c61381e\" data-element_type=\"widget\" data-widget_type=\"image.default\">\n\t\t\t\t\t\t\t\t\t\t\t\t\t\t\t\t<a href=\"https:\/\/laerkeryge.maktechagency.com\/wp-content\/uploads\/2025\/12\/9.voc_.peopleeating_ORIGINAL.webp\" data-elementor-open-lightbox=\"yes\" data-e-action-hash=\"#elementor-action%3Aaction%3Dlightbox%26settings%3DeyJpZCI6NTU3MiwidXJsIjoiaHR0cHM6XC9cL2xhZXJrZXJ5Z2UubWFrdGVjaGFnZW5jeS5jb21cL3dwLWNvbnRlbnRcL3VwbG9hZHNcLzIwMjVcLzEyXC85LnZvY18ucGVvcGxlZWF0aW5nX09SSUdJTkFMLndlYnAifQ%3D%3D\">\n\t\t\t\t\t\t\t<img decoding=\"async\" width=\"960\" height=\"720\" src=\"https:\/\/laerkeryge.maktechagency.com\/wp-content\/uploads\/2025\/12\/9.voc_.peopleeating_ORIGINAL.webp\" class=\"attachment-full size-full wp-image-5572\" alt=\"\" srcset=\"https:\/\/laerkeryge.maktechagency.com\/wp-content\/uploads\/2025\/12\/9.voc_.peopleeating_ORIGINAL.webp 960w, https:\/\/laerkeryge.maktechagency.com\/wp-content\/uploads\/2025\/12\/9.voc_.peopleeating_ORIGINAL-300x225.webp 300w, https:\/\/laerkeryge.maktechagency.com\/wp-content\/uploads\/2025\/12\/9.voc_.peopleeating_ORIGINAL-768x576.webp 768w\" sizes=\"(max-width: 960px) 100vw, 960px\" \/>\t\t\t\t\t\t\t\t<\/a>\n\t\t\t\t\t\t\t\t\t\t\t\t\t\t\t<\/div>\n\t\t\t\t<\/div>\n\t\t<div class=\"elementor-element elementor-element-b6cf440 e-con-full e-flex e-con e-child\" data-id=\"b6cf440\" data-element_type=\"container\">\n\t\t\t\t<div class=\"elementor-element elementor-element-5425664 elementor-widget elementor-widget-image\" data-id=\"5425664\" data-element_type=\"widget\" data-widget_type=\"image.default\">\n\t\t\t\t\t\t\t\t\t\t\t\t\t\t\t\t<a href=\"https:\/\/laerkeryge.maktechagency.com\/wp-content\/uploads\/2025\/12\/9.voc_.womanandbread_ORIGINAL-1024x726-1.webp\" data-elementor-open-lightbox=\"yes\" data-e-action-hash=\"#elementor-action%3Aaction%3Dlightbox%26settings%3DeyJpZCI6NTU3MywidXJsIjoiaHR0cHM6XC9cL2xhZXJrZXJ5Z2UubWFrdGVjaGFnZW5jeS5jb21cL3dwLWNvbnRlbnRcL3VwbG9hZHNcLzIwMjVcLzEyXC85LnZvY18ud29tYW5hbmRicmVhZF9PUklHSU5BTC0xMDI0eDcyNi0xLndlYnAifQ%3D%3D\">\n\t\t\t\t\t\t\t<img loading=\"lazy\" decoding=\"async\" width=\"1024\" height=\"726\" src=\"https:\/\/laerkeryge.maktechagency.com\/wp-content\/uploads\/2025\/12\/9.voc_.womanandbread_ORIGINAL-1024x726-1.webp\" class=\"attachment-full size-full wp-image-5573\" alt=\"\" srcset=\"https:\/\/laerkeryge.maktechagency.com\/wp-content\/uploads\/2025\/12\/9.voc_.womanandbread_ORIGINAL-1024x726-1.webp 1024w, https:\/\/laerkeryge.maktechagency.com\/wp-content\/uploads\/2025\/12\/9.voc_.womanandbread_ORIGINAL-1024x726-1-300x213.webp 300w, https:\/\/laerkeryge.maktechagency.com\/wp-content\/uploads\/2025\/12\/9.voc_.womanandbread_ORIGINAL-1024x726-1-768x545.webp 768w\" sizes=\"(max-width: 1024px) 100vw, 1024px\" \/>\t\t\t\t\t\t\t\t<\/a>\n\t\t\t\t\t\t\t\t\t\t\t\t\t\t\t<\/div>\n\t\t\t\t<\/div>\n\t\t\t\t<\/div>\n\t\t\t\t<\/div>\n\t\t\t\t<\/div>\n\t\t\t\t<\/div>\n\t\t","protected":false},"excerpt":{"rendered":"<p>Opgave 1: C\u00f3mo hacer preguntas a) Entrenamiento de vocabularioTr\u00e6n sp\u00f8rgeordene. Pulse\u00a0aqu\u00ed b) Hacer preguntas \ud83d\udcac\u00a0 \u00a0\u00a0\u270f\ufe0f\u00a0Lav sp\u00f8rgsm\u00e5l til s\u00e6tningerne.\u00a0Fors\u00f8g at [&hellip;]<\/p>\n","protected":false},"author":1,"featured_media":0,"parent":0,"menu_order":0,"comment_status":"closed","ping_status":"closed","template":"elementor_header_footer","meta":{"site-sidebar-layout":"no-sidebar","site-content-layout":"","ast-site-content-layout":"full-width-container","site-content-style":"default","site-sidebar-style":"default","ast-global-header-display":"","ast-banner-title-visibility":"","ast-main-header-display":"","ast-hfb-above-header-display":"","ast-hfb-below-header-display":"","ast-hfb-mobile-header-display":"","site-post-title":"","ast-breadcrumbs-content":"","ast-featured-img":"disabled","footer-sml-layout":"","ast-disable-related-posts":"","theme-transparent-header-meta":"","adv-header-id-meta":"","stick-header-meta":"","header-above-stick-meta":"","header-main-stick-meta":"","header-below-stick-meta":"","astra-migrate-meta-layouts":"default","ast-page-background-enabled":"default","ast-page-background-meta":{"desktop":{"background-color":"var(--ast-global-color-5)","background-image":"","background-repeat":"repeat","background-position":"center center","background-size":"auto","background-attachment":"scroll","background-type":"","background-media":"","overlay-type":"","overlay-color":"","overlay-opacity":"","overlay-gradient":""},"tablet":{"background-color":"","background-image":"","background-repeat":"repeat","background-position":"center center","background-size":"auto","background-attachment":"scroll","background-type":"","background-media":"","overlay-type":"","overlay-color":"","overlay-opacity":"","overlay-gradient":""},"mobile":{"background-color":"","background-image":"","background-repeat":"repeat","background-position":"center center","background-size":"auto","background-attachment":"scroll","background-type":"","background-media":"","overlay-type":"","overlay-color":"","overlay-opacity":"","overlay-gradient":""}},"ast-content-background-meta":{"desktop":{"background-color":"var(--ast-global-color-4)","background-image":"","background-repeat":"repeat","background-position":"center center","background-size":"auto","background-attachment":"scroll","background-type":"","background-media":"","overlay-type":"","overlay-color":"","overlay-opacity":"","overlay-gradient":""},"tablet":{"background-color":"var(--ast-global-color-4)","background-image":"","background-repeat":"repeat","background-position":"center center","background-size":"auto","background-attachment":"scroll","background-type":"","background-media":"","overlay-type":"","overlay-color":"","overlay-opacity":"","overlay-gradient":""},"mobile":{"background-color":"var(--ast-global-color-4)","background-image":"","background-repeat":"repeat","background-position":"center center","background-size":"auto","background-attachment":"scroll","background-type":"","background-media":"","overlay-type":"","overlay-color":"","overlay-opacity":"","overlay-gradient":""}},"footnotes":""},"class_list":["post-132","page","type-page","status-publish","hentry"],"_links":{"self":[{"href":"https:\/\/laerkeryge.maktechagency.com\/index.php\/wp-json\/wp\/v2\/pages\/132","targetHints":{"allow":["GET"]}}],"collection":[{"href":"https:\/\/laerkeryge.maktechagency.com\/index.php\/wp-json\/wp\/v2\/pages"}],"about":[{"href":"https:\/\/laerkeryge.maktechagency.com\/index.php\/wp-json\/wp\/v2\/types\/page"}],"author":[{"embeddable":true,"href":"https:\/\/laerkeryge.maktechagency.com\/index.php\/wp-json\/wp\/v2\/users\/1"}],"replies":[{"embeddable":true,"href":"https:\/\/laerkeryge.maktechagency.com\/index.php\/wp-json\/wp\/v2\/comments?post=132"}],"version-history":[{"count":88,"href":"https:\/\/laerkeryge.maktechagency.com\/index.php\/wp-json\/wp\/v2\/pages\/132\/revisions"}],"predecessor-version":[{"id":9182,"href":"https:\/\/laerkeryge.maktechagency.com\/index.php\/wp-json\/wp\/v2\/pages\/132\/revisions\/9182"}],"wp:attachment":[{"href":"https:\/\/laerkeryge.maktechagency.com\/index.php\/wp-json\/wp\/v2\/media?parent=132"}],"curies":[{"name":"wp","href":"https:\/\/api.w.org\/{rel}","templated":true}]}}