{"id":130,"date":"2025-12-20T08:29:07","date_gmt":"2025-12-20T08:29:07","guid":{"rendered":"https:\/\/laerkeryge.maktechagency.com\/?page_id=130"},"modified":"2026-01-15T04:18:06","modified_gmt":"2026-01-15T04:18:06","slug":"cap-9-gramatica","status":"publish","type":"page","link":"https:\/\/laerkeryge.maktechagency.com\/index.php\/cap-9-gramatica\/","title":{"rendered":"Cap 9 Gram\u00e1tica"},"content":{"rendered":"\t\t<div data-elementor-type=\"wp-page\" data-elementor-id=\"130\" class=\"elementor elementor-130\" data-elementor-post-type=\"page\">\n\t\t\t\t<div class=\"elementor-element elementor-element-145c7e5 e-con-full e-flex e-con e-parent\" data-id=\"145c7e5\" data-element_type=\"container\" data-settings=\"{&quot;background_background&quot;:&quot;classic&quot;}\">\n\t\t\t\t<\/div>\n\t\t<div class=\"elementor-element elementor-element-f292c34 e-con-full e-flex e-con e-parent\" data-id=\"f292c34\" data-element_type=\"container\">\n\t\t<div class=\"elementor-element elementor-element-2c940cd e-con-full e-flex e-con e-child\" data-id=\"2c940cd\" data-element_type=\"container\">\n\t\t<div class=\"elementor-element elementor-element-eafdabe e-con-full e-flex e-con e-child\" data-id=\"eafdabe\" data-element_type=\"container\">\n\t\t<div class=\"elementor-element elementor-element-6bbf215 e-con-full e-flex e-con e-child\" data-id=\"6bbf215\" data-element_type=\"container\">\n\t\t\t\t<div class=\"elementor-element elementor-element-7816d1f elementor-widget elementor-widget-text-editor\" data-id=\"7816d1f\" data-element_type=\"widget\" data-widget_type=\"text-editor.default\">\n\t\t\t\t\t\t\t\t\t<p><strong>Opgave 1: Pr\u00e6positioner \u00a0<\/strong><\/p>\t\t\t\t\t\t\t\t<\/div>\n\t\t\t\t<div class=\"elementor-element elementor-element-df11854 elementor-widget elementor-widget-text-editor\" data-id=\"df11854\" data-element_type=\"widget\" data-widget_type=\"text-editor.default\">\n\t\t\t\t\t\t\t\t\t<p>a) Tr\u00e6n pr\u00e6positionerne\u00a0<em>a<\/em>\/<em>con<\/em>\/<em>de<\/em>\/<em>en<\/em>. Pulse\u00a0<strong><a href=\"http:\/\/www.quia.com\/quiz\/6432290.html\" target=\"_blank\" rel=\"noopener noreferrer\">aqu\u00ed<\/a><\/strong>\u00a0\u00a0<\/p>\t\t\t\t\t\t\t\t<\/div>\n\t\t\t\t<div class=\"elementor-element elementor-element-10ec0e0 elementor-widget elementor-widget-text-editor\" data-id=\"10ec0e0\" data-element_type=\"widget\" data-widget_type=\"text-editor.default\">\n\t\t\t\t\t\t\t\t\t<p>b) Tr\u00e6n pr\u00e6positioner, der h\u00f8rer til bestemte verber. Pulse\u00a0\u00a0<strong><a href=\"http:\/\/www.quia.com\/quiz\/6432288.html\" target=\"_blank\" rel=\"noopener noreferrer\">aqu\u00ed\u00a0<\/a><\/strong><\/p>\t\t\t\t\t\t\t\t<\/div>\n\t\t\t\t<div class=\"elementor-element elementor-element-193f222 elementor-widget elementor-widget-text-editor\" data-id=\"193f222\" data-element_type=\"widget\" data-widget_type=\"text-editor.default\">\n\t\t\t\t\t\t\t\t\t<p>c) Kan du dine pr\u00e6positioner? <span class=\"TextRun SCXW23509110 BCX0\" lang=\"DA-DK\" xml:lang=\"DA-DK\" data-contrast=\"auto\"><span class=\"NormalTextRun SCXW23509110 BCX0\">\ud83d\udcac<\/span><\/span><br \/>V\u00e6lg enten\u00a0<em>a<\/em>\/<em>con<\/em>\/<em>de<\/em>\/<em>en,\u00a0<\/em>s\u00e5 s\u00e6tningen giver mening. I nogle af s\u00e6tningerne kan der v\u00e6re flere muligheder.<br \/>1. Marie est\u00e1 \u2026. M\u00e1laga.<br \/>2. Marie sale mucho \u2026. sus amigos de la escuela \u2026. idiomas.<br \/>3. Marcel est\u00e1 \u2026. M\u00e1laga para aprender espa\u00f1ol.<br \/>4.\u00a0Tambi\u00e9n vive \u2026. una familia espa\u00f1ola.<br \/>5. Marcel es \u2026. una ciudad grande.<br \/>6. Los amigos quieren viajar \u2026. Sevilla.<br \/>7. Marie quiere invitar \u2026. Alejo \u2026. la fiesta.<br \/>8. \u2026. las tres Manuel va \u2026. trabajar \u2026. TGB.<\/p>\t\t\t\t\t\t\t\t<\/div>\n\t\t\t\t<div class=\"elementor-element elementor-element-68e03ec elementor-widget elementor-widget-text-editor\" data-id=\"68e03ec\" data-element_type=\"widget\" data-widget_type=\"text-editor.default\">\n\t\t\t\t\t\t\t\t\t<p>\u200bd)\u00a0Tr\u00e6n stedsangivelser. Pulse\u00a0<strong><a href=\"https:\/\/quizlet.com\/_4czh1s\" target=\"_blank\" rel=\"noopener noreferrer\">aqu\u00ed \u00a0\u00a0<\/a><\/strong><\/p>\t\t\t\t\t\t\t\t<\/div>\n\t\t\t\t<div class=\"elementor-element elementor-element-42218b3 elementor-widget elementor-widget-text-editor\" data-id=\"42218b3\" data-element_type=\"widget\" data-widget_type=\"text-editor.default\">\n\t\t\t\t\t\t\t\t\t<p>e) Tegn et hus\u00a0\u00a0<strong>\u270f\ufe0f<\/strong><br \/>Find papir og blyant frem og tegn et hus. Din l\u00e6rer eller din makker l\u00e6ser nu instruktionerne nedenfor h\u00f8jt, og du tegner efter disse instruktioner:<\/p>\t\t\t\t\t\t\t\t<\/div>\n\t\t\t\t<div class=\"elementor-element elementor-element-f51e768 elementor-widget elementor-widget-text-editor\" data-id=\"f51e768\" data-element_type=\"widget\" data-widget_type=\"text-editor.default\">\n\t\t\t\t\t\t\t\t\t<p>En el centro de la casa hay una mesa. Al lado de la mesa hay una l\u00e1mpara. Detr\u00e1s de la mesa hay una silla. Al lado de la silla hay una planta. A la derecha de la casa hay un \u00e1rbol grande. Cerca del \u00e1rbol hay un perro. A la izquierda de la casa hay un coche. Entre la casa y el coche hay rosas. Lejos de la casa hay un sol que brilla.<\/p>\t\t\t\t\t\t\t\t<\/div>\n\t\t\t\t<div class=\"elementor-element elementor-element-f0a0984 elementor-widget elementor-widget-text-editor\" data-id=\"f0a0984\" data-element_type=\"widget\" data-widget_type=\"text-editor.default\">\n\t\t\t\t\t\t\t\t\t<p>\u200bf) Lav selv instruktioner\u00a0 <span class=\"TextRun SCXW23509110 BCX0\" lang=\"DA-DK\" xml:lang=\"DA-DK\" data-contrast=\"auto\"><span class=\"NormalTextRun SCXW23509110 BCX0\">\ud83d\udcac<\/span><\/span>\u00a0 \u00a0\u00a0<strong>\u270f\ufe0f\u00a0<\/strong>\u200b<br \/>\u200bLav nu selv instruktioner til en simpel tegning, som din makker skal tegne efter dine angivelser.<\/p>\t\t\t\t\t\t\t\t<\/div>\n\t\t\t\t<\/div>\n\t\t<div class=\"elementor-element elementor-element-8c6a453 e-con-full e-flex e-con e-child\" data-id=\"8c6a453\" data-element_type=\"container\">\n\t\t<div class=\"elementor-element elementor-element-c12205f e-con-full e-flex e-con e-child\" data-id=\"c12205f\" data-element_type=\"container\" data-settings=\"{&quot;background_background&quot;:&quot;classic&quot;}\">\n\t\t<div class=\"elementor-element elementor-element-aa6d3f3 e-con-full e-flex e-con e-child\" data-id=\"aa6d3f3\" data-element_type=\"container\" data-settings=\"{&quot;background_background&quot;:&quot;classic&quot;}\">\n\t\t\t\t<div class=\"elementor-element elementor-element-063ad2d elementor-widget elementor-widget-text-editor\" data-id=\"063ad2d\" data-element_type=\"widget\" data-widget_type=\"text-editor.default\">\n\t\t\t\t\t\t\t\t\t<p><strong>\u00bfSabes que?<\/strong><\/p>\t\t\t\t\t\t\t\t<\/div>\n\t\t\t\t<div class=\"elementor-element elementor-element-83aafa5 elementor-widget elementor-widget-text-editor\" data-id=\"83aafa5\" data-element_type=\"widget\" data-widget_type=\"text-editor.default\">\n\t\t\t\t\t\t\t\t\t<p>Der er sammentr\u00e6kning ved:<br \/>a + el =&gt; al<br \/>de + el =&gt; del<\/p>\t\t\t\t\t\t\t\t<\/div>\n\t\t\t\t<div class=\"elementor-element elementor-element-fdf920a elementor-widget elementor-widget-text-editor\" data-id=\"fdf920a\" data-element_type=\"widget\" data-widget_type=\"text-editor.default\">\n\t\t\t\t\t\t\t\t\t<p>Husk ogs\u00e5 p\u00e5, at der skal s\u00e6ttes \u201ca\u201d foran det direkte objekt, n\u00e5r det betegner en bestemt person (eller et meget s\u00f8dt k\u00e6ledyr!). Fx\u00a0<em>Visito a mi abuela<\/em>\u00a0eller\u00a0<em>llevo a mi perro a pasear.\u00a0<\/em>Men\u00a0<em>he encontrado camareros para mi restaurante<\/em>\u00a0har ikke et \u201ca\u201d foran. Her er der nemlig ikke tale om bestemte personer. Hvis du vil tr\u00e6ne selv. Pulse<strong>\u00a0<a href=\"https:\/\/www.quia.com\/quiz\/6468666.html\" target=\"_blank\" rel=\"noopener noreferrer\">aqu\u00ed<\/a><\/strong><\/p>\t\t\t\t\t\t\t\t<\/div>\n\t\t\t\t<\/div>\n\t\t\t\t<\/div>\n\t\t<div class=\"elementor-element elementor-element-6f7eb75 e-con-full e-flex e-con e-child\" data-id=\"6f7eb75\" data-element_type=\"container\">\n\t\t\t\t<div class=\"elementor-element elementor-element-317d63d elementor-widget elementor-widget-image\" data-id=\"317d63d\" data-element_type=\"widget\" data-widget_type=\"image.default\">\n\t\t\t\t\t\t\t\t\t\t\t\t\t\t\t\t<a href=\"https:\/\/laerkeryge.maktechagency.com\/wp-content\/uploads\/2025\/12\/Cap.9.gram_.stedsadverbier-1024x575-1.webp\" data-elementor-open-lightbox=\"yes\" data-e-action-hash=\"#elementor-action%3Aaction%3Dlightbox%26settings%3DeyJpZCI6NTQ5OCwidXJsIjoiaHR0cHM6XC9cL2xhZXJrZXJ5Z2UubWFrdGVjaGFnZW5jeS5jb21cL3dwLWNvbnRlbnRcL3VwbG9hZHNcLzIwMjVcLzEyXC9DYXAuOS5ncmFtXy5zdGVkc2FkdmVyYmllci0xMDI0eDU3NS0xLndlYnAifQ%3D%3D\">\n\t\t\t\t\t\t\t<img fetchpriority=\"high\" decoding=\"async\" width=\"1024\" height=\"575\" src=\"https:\/\/laerkeryge.maktechagency.com\/wp-content\/uploads\/2025\/12\/Cap.9.gram_.stedsadverbier-1024x575-1.webp\" class=\"attachment-full size-full wp-image-5498\" alt=\"\" srcset=\"https:\/\/laerkeryge.maktechagency.com\/wp-content\/uploads\/2025\/12\/Cap.9.gram_.stedsadverbier-1024x575-1.webp 1024w, https:\/\/laerkeryge.maktechagency.com\/wp-content\/uploads\/2025\/12\/Cap.9.gram_.stedsadverbier-1024x575-1-300x168.webp 300w, https:\/\/laerkeryge.maktechagency.com\/wp-content\/uploads\/2025\/12\/Cap.9.gram_.stedsadverbier-1024x575-1-768x431.webp 768w\" sizes=\"(max-width: 1024px) 100vw, 1024px\" \/>\t\t\t\t\t\t\t\t<\/a>\n\t\t\t\t\t\t\t\t\t\t\t\t\t\t\t<\/div>\n\t\t\t\t<\/div>\n\t\t<div class=\"elementor-element elementor-element-25c14c4 e-con-full e-flex e-con e-child\" data-id=\"25c14c4\" data-element_type=\"container\" data-settings=\"{&quot;background_background&quot;:&quot;classic&quot;}\">\n\t\t<div class=\"elementor-element elementor-element-71be54e e-con-full e-flex e-con e-child\" data-id=\"71be54e\" data-element_type=\"container\" data-settings=\"{&quot;background_background&quot;:&quot;classic&quot;}\">\n\t\t\t\t<div class=\"elementor-element elementor-element-535ea40 elementor-widget elementor-widget-text-editor\" data-id=\"535ea40\" data-element_type=\"widget\" data-widget_type=\"text-editor.default\">\n\t\t\t\t\t\t\t\t\t<p><strong>\u00bfSabes que?<\/strong><\/p>\t\t\t\t\t\t\t\t<\/div>\n\t\t\t\t<div class=\"elementor-element elementor-element-9aef1d7 elementor-widget elementor-widget-text-editor\" data-id=\"9aef1d7\" data-element_type=\"widget\" data-widget_type=\"text-editor.default\">\n\t\t\t\t\t\t\t\t\t<p><strong>\u200b<\/strong>P\u00e5 spansk kan en s\u00e6tning ikke ende p\u00e5 en pr\u00e6position, som det ofte er tilf\u00e6ldet p\u00e5 dansk.<br \/>Hvad t\u00e6nker du p\u00e5?\u00a0\u2192\u00a0<em>\u00bfE<\/em><em>n qu\u00e9 piensas?<\/em><br \/>Hvad dr\u00f8mmer du om?\u00a0\u2192\u00a0<em>\u00bfCon qu\u00e9 sue\u00f1as?<\/em><\/p>\t\t\t\t\t\t\t\t<\/div>\n\t\t\t\t<\/div>\n\t\t\t\t<\/div>\n\t\t\t\t<\/div>\n\t\t\t\t<\/div>\n\t\t\t\t<\/div>\n\t\t<div class=\"elementor-element elementor-element-21037db e-con-full e-flex e-con e-child\" data-id=\"21037db\" data-element_type=\"container\">\n\t\t<div class=\"elementor-element elementor-element-864a623 e-con-full e-flex e-con e-child\" data-id=\"864a623\" data-element_type=\"container\">\n\t\t<div class=\"elementor-element elementor-element-8f80105 e-con-full e-flex e-con e-child\" data-id=\"8f80105\" data-element_type=\"container\">\n\t\t\t\t<div class=\"elementor-element elementor-element-8aef8b0 elementor-widget elementor-widget-heading\" data-id=\"8aef8b0\" data-element_type=\"widget\" data-widget_type=\"heading.default\">\n\t\t\t\t\t<h2 class=\"elementor-heading-title elementor-size-default\">Opgave 2: Uregelm\u00e6ssige verber  \n\n\n\n\n<\/h2>\t\t\t\t<\/div>\n\t\t\t\t<div class=\"elementor-element elementor-element-f8f379f elementor-widget elementor-widget-text-editor\" data-id=\"f8f379f\" data-element_type=\"widget\" data-widget_type=\"text-editor.default\">\n\t\t\t\t\t\t\t\t\t<p>En r\u00e6kke meget brugte verber er uregelm\u00e6ssige. Nogle af de vigtigste kan du se til h\u00f8jre.<\/p>\t\t\t\t\t\t\t\t<\/div>\n\t\t\t\t<div class=\"elementor-element elementor-element-cfba7cf elementor-widget elementor-widget-text-editor\" data-id=\"cfba7cf\" data-element_type=\"widget\" data-widget_type=\"text-editor.default\">\n\t\t\t\t\t\t\t\t\t<p>a) Kan du dine uregelm\u00e6ssige verber?<span class=\"TextRun SCXW23509110 BCX0\" lang=\"DA-DK\" xml:lang=\"DA-DK\" data-contrast=\"auto\"><span class=\"NormalTextRun SCXW23509110 BCX0\">\ud83d\udcac<\/span><\/span><br \/>Hvilke verber kender du allerede? Tr\u00e6n nu verberne, til du kan dem alle. Pulse\u00a0<strong><a href=\"https:\/\/quizlet.com\/_4czlgf\" target=\"_blank\" rel=\"noopener noreferrer\">aqu\u00ed\u00a0<\/a><\/strong>\u00a0<\/p>\t\t\t\t\t\t\t\t<\/div>\n\t\t\t\t<div class=\"elementor-element elementor-element-bd67e7c elementor-widget elementor-widget-text-editor\" data-id=\"bd67e7c\" data-element_type=\"widget\" data-widget_type=\"text-editor.default\">\n\t\t\t\t\t\t\t\t\t<p>b)\u00a0Tr\u00e6n i 1. pers.\/sing. pr\u00e6sens (nutid), estar + gerundium og perfektum (f\u00f8rnutid). Pulse\u00a0\u200b<strong><a href=\"https:\/\/quizlet.com\/_3m3poe\" target=\"_blank\" rel=\"noopener noreferrer\">aqu\u00ed<\/a>\u00a0<\/strong><\/p>\t\t\t\t\t\t\t\t<\/div>\n\t\t\t\t<div class=\"elementor-element elementor-element-d7b79fc elementor-widget elementor-widget-text-editor\" data-id=\"d7b79fc\" data-element_type=\"widget\" data-widget_type=\"text-editor.default\">\n\t\t\t\t\t\t\t\t\t<p>Husk, at verberne ikke n\u00f8dvendigvis er uregelm\u00e6ssige i alle tider!\u00a0<\/p>\t\t\t\t\t\t\t\t<\/div>\n\t\t\t\t<div class=\"elementor-element elementor-element-606a4a2 elementor-widget elementor-widget-text-editor\" data-id=\"606a4a2\" data-element_type=\"widget\" data-widget_type=\"text-editor.default\">\n\t\t\t\t\t\t\t\t\t<p>c) Makkerdyst <span class=\"TextRun SCXW23509110 BCX0\" lang=\"DA-DK\" xml:lang=\"DA-DK\" data-contrast=\"auto\"><span class=\"NormalTextRun SCXW23509110 BCX0\">\ud83d\udcac<\/span><\/span><strong><br \/>\u200b<\/strong>I skiftes til at udfordre hinanden til at b\u00f8je verberne i pr\u00e6sens (nutid), estar + gerundium og perfektum (f\u00f8rnutid) i 3. pers.\/sing. N\u00e5r det bliver for let, kan I g\u00e5 videre til at b\u00f8je verberne i de \u00f8vrige personer.<\/p>\t\t\t\t\t\t\t\t<\/div>\n\t\t\t\t<\/div>\n\t\t<div class=\"elementor-element elementor-element-797535c e-con-full e-flex e-con e-child\" data-id=\"797535c\" data-element_type=\"container\">\n\t\t\t\t<div class=\"elementor-element elementor-element-f4d1c3d elementor-widget elementor-widget-image\" data-id=\"f4d1c3d\" data-element_type=\"widget\" data-widget_type=\"image.default\">\n\t\t\t\t\t\t\t\t\t\t\t\t\t\t\t\t<a href=\"https:\/\/laerkeryge.maktechagency.com\/wp-content\/uploads\/2025\/12\/Cap.9.gram_.verbs_.webp\" data-elementor-open-lightbox=\"yes\" data-e-action-hash=\"#elementor-action%3Aaction%3Dlightbox%26settings%3DeyJpZCI6NTUxNSwidXJsIjoiaHR0cHM6XC9cL2xhZXJrZXJ5Z2UubWFrdGVjaGFnZW5jeS5jb21cL3dwLWNvbnRlbnRcL3VwbG9hZHNcLzIwMjVcLzEyXC9DYXAuOS5ncmFtXy52ZXJic18ud2VicCJ9\">\n\t\t\t\t\t\t\t<img decoding=\"async\" width=\"1003\" height=\"607\" src=\"https:\/\/laerkeryge.maktechagency.com\/wp-content\/uploads\/2025\/12\/Cap.9.gram_.verbs_.webp\" class=\"attachment-full size-full wp-image-5515\" alt=\"\" srcset=\"https:\/\/laerkeryge.maktechagency.com\/wp-content\/uploads\/2025\/12\/Cap.9.gram_.verbs_.webp 1003w, https:\/\/laerkeryge.maktechagency.com\/wp-content\/uploads\/2025\/12\/Cap.9.gram_.verbs_-300x182.webp 300w, https:\/\/laerkeryge.maktechagency.com\/wp-content\/uploads\/2025\/12\/Cap.9.gram_.verbs_-768x465.webp 768w\" sizes=\"(max-width: 1003px) 100vw, 1003px\" \/>\t\t\t\t\t\t\t\t<\/a>\n\t\t\t\t\t\t\t\t\t\t\t\t\t\t\t<\/div>\n\t\t\t\t<\/div>\n\t\t\t\t<\/div>\n\t\t\t\t<\/div>\n\t\t\t\t<\/div>\n\t\t\t\t<\/div>\n\t\t","protected":false},"excerpt":{"rendered":"<p>Opgave 1: Pr\u00e6positioner \u00a0 a) Tr\u00e6n pr\u00e6positionerne\u00a0a\/con\/de\/en. Pulse\u00a0aqu\u00ed\u00a0\u00a0 b) Tr\u00e6n pr\u00e6positioner, der h\u00f8rer til bestemte verber. Pulse\u00a0\u00a0aqu\u00ed\u00a0 c) Kan du [&hellip;]<\/p>\n","protected":false},"author":1,"featured_media":0,"parent":0,"menu_order":0,"comment_status":"closed","ping_status":"closed","template":"elementor_header_footer","meta":{"site-sidebar-layout":"no-sidebar","site-content-layout":"","ast-site-content-layout":"full-width-container","site-content-style":"default","site-sidebar-style":"default","ast-global-header-display":"","ast-banner-title-visibility":"","ast-main-header-display":"","ast-hfb-above-header-display":"","ast-hfb-below-header-display":"","ast-hfb-mobile-header-display":"","site-post-title":"","ast-breadcrumbs-content":"","ast-featured-img":"disabled","footer-sml-layout":"","ast-disable-related-posts":"","theme-transparent-header-meta":"","adv-header-id-meta":"","stick-header-meta":"","header-above-stick-meta":"","header-main-stick-meta":"","header-below-stick-meta":"","astra-migrate-meta-layouts":"default","ast-page-background-enabled":"default","ast-page-background-meta":{"desktop":{"background-color":"var(--ast-global-color-5)","background-image":"","background-repeat":"repeat","background-position":"center center","background-size":"auto","background-attachment":"scroll","background-type":"","background-media":"","overlay-type":"","overlay-color":"","overlay-opacity":"","overlay-gradient":""},"tablet":{"background-color":"","background-image":"","background-repeat":"repeat","background-position":"center center","background-size":"auto","background-attachment":"scroll","background-type":"","background-media":"","overlay-type":"","overlay-color":"","overlay-opacity":"","overlay-gradient":""},"mobile":{"background-color":"","background-image":"","background-repeat":"repeat","background-position":"center center","background-size":"auto","background-attachment":"scroll","background-type":"","background-media":"","overlay-type":"","overlay-color":"","overlay-opacity":"","overlay-gradient":""}},"ast-content-background-meta":{"desktop":{"background-color":"var(--ast-global-color-4)","background-image":"","background-repeat":"repeat","background-position":"center center","background-size":"auto","background-attachment":"scroll","background-type":"","background-media":"","overlay-type":"","overlay-color":"","overlay-opacity":"","overlay-gradient":""},"tablet":{"background-color":"var(--ast-global-color-4)","background-image":"","background-repeat":"repeat","background-position":"center center","background-size":"auto","background-attachment":"scroll","background-type":"","background-media":"","overlay-type":"","overlay-color":"","overlay-opacity":"","overlay-gradient":""},"mobile":{"background-color":"var(--ast-global-color-4)","background-image":"","background-repeat":"repeat","background-position":"center center","background-size":"auto","background-attachment":"scroll","background-type":"","background-media":"","overlay-type":"","overlay-color":"","overlay-opacity":"","overlay-gradient":""}},"footnotes":""},"class_list":["post-130","page","type-page","status-publish","hentry"],"_links":{"self":[{"href":"https:\/\/laerkeryge.maktechagency.com\/index.php\/wp-json\/wp\/v2\/pages\/130","targetHints":{"allow":["GET"]}}],"collection":[{"href":"https:\/\/laerkeryge.maktechagency.com\/index.php\/wp-json\/wp\/v2\/pages"}],"about":[{"href":"https:\/\/laerkeryge.maktechagency.com\/index.php\/wp-json\/wp\/v2\/types\/page"}],"author":[{"embeddable":true,"href":"https:\/\/laerkeryge.maktechagency.com\/index.php\/wp-json\/wp\/v2\/users\/1"}],"replies":[{"embeddable":true,"href":"https:\/\/laerkeryge.maktechagency.com\/index.php\/wp-json\/wp\/v2\/comments?post=130"}],"version-history":[{"count":118,"href":"https:\/\/laerkeryge.maktechagency.com\/index.php\/wp-json\/wp\/v2\/pages\/130\/revisions"}],"predecessor-version":[{"id":9170,"href":"https:\/\/laerkeryge.maktechagency.com\/index.php\/wp-json\/wp\/v2\/pages\/130\/revisions\/9170"}],"wp:attachment":[{"href":"https:\/\/laerkeryge.maktechagency.com\/index.php\/wp-json\/wp\/v2\/media?parent=130"}],"curies":[{"name":"wp","href":"https:\/\/api.w.org\/{rel}","templated":true}]}}