{"id":124,"date":"2025-12-20T08:26:01","date_gmt":"2025-12-20T08:26:01","guid":{"rendered":"https:\/\/laerkeryge.maktechagency.com\/?page_id=124"},"modified":"2026-01-15T04:13:35","modified_gmt":"2026-01-15T04:13:35","slug":"cap-8-vocabulario","status":"publish","type":"page","link":"https:\/\/laerkeryge.maktechagency.com\/index.php\/cap-8-vocabulario\/","title":{"rendered":"Cap 8 Vocabulario"},"content":{"rendered":"\t\t<div data-elementor-type=\"wp-page\" data-elementor-id=\"124\" class=\"elementor elementor-124\" data-elementor-post-type=\"page\">\n\t\t\t\t<div class=\"elementor-element elementor-element-6c0f859 e-con-full e-flex e-con e-parent\" data-id=\"6c0f859\" data-element_type=\"container\" data-settings=\"{&quot;background_background&quot;:&quot;classic&quot;}\">\n\t\t\t\t<\/div>\n\t\t<div class=\"elementor-element elementor-element-7bc94a4 e-con-full e-flex e-con e-parent\" data-id=\"7bc94a4\" data-element_type=\"container\">\n\t\t<div class=\"elementor-element elementor-element-300bd14 e-con-full e-flex e-con e-child\" data-id=\"300bd14\" data-element_type=\"container\">\n\t\t<div class=\"elementor-element elementor-element-44eee0e e-con-full e-flex e-con e-child\" data-id=\"44eee0e\" data-element_type=\"container\">\n\t\t<div class=\"elementor-element elementor-element-b720798 e-con-full e-flex e-con e-child\" data-id=\"b720798\" data-element_type=\"container\">\n\t\t\t\t<div class=\"elementor-element elementor-element-b8b66e9 elementor-widget elementor-widget-heading\" data-id=\"b8b66e9\" data-element_type=\"widget\" data-widget_type=\"heading.default\">\n\t\t\t\t\t<h2 class=\"elementor-heading-title elementor-size-default\">Opgave 1: \u00bfQu\u00e9 piensan los espa\u00f1oles sobre los espa\u00f1oles? \n\n\n\n\n<\/h2>\t\t\t\t<\/div>\n\t\t\t\t<div class=\"elementor-element elementor-element-28ae5c4 elementor-widget elementor-widget-text-editor\" data-id=\"28ae5c4\" data-element_type=\"widget\" data-widget_type=\"text-editor.default\">\n\t\t\t\t\t\t\t\t\t<p>\u200ba) Ver el v\u00eddeo<br \/>Se videoen.\u00a0Kan du i hovedtr\u00e6k forst\u00e5, hvad spanierne siger om sig selv?<br \/>(minuttal 0.19-0.40)<\/p>\t\t\t\t\t\t\t\t<\/div>\n\t\t\t\t<div class=\"elementor-element elementor-element-ae40847 elementor-widget elementor-widget-text-editor\" data-id=\"ae40847\" data-element_type=\"widget\" data-widget_type=\"text-editor.default\">\n\t\t\t\t\t\t\t\t\t<p>b) Explicaci\u00f3n en dan\u00e9s <span class=\"TextRun SCXW23509110 BCX0\" lang=\"DA-DK\" xml:lang=\"DA-DK\" data-contrast=\"auto\"><span class=\"NormalTextRun SCXW23509110 BCX0\">\ud83d\udcac<\/span><\/span>\u00a0\u00a0<strong>\u270f\ufe0f\u00a0<\/strong><br \/>Hvor vil mere end 40% af spanierne gerne bo? Hvad er grunden?<br \/>(minuttal 1.25-1.43)<\/p>\t\t\t\t\t\t\t\t<\/div>\n\t\t\t\t<div class=\"elementor-element elementor-element-b9b1a27 elementor-widget elementor-widget-text-editor\" data-id=\"b9b1a27\" data-element_type=\"widget\" data-widget_type=\"text-editor.default\">\n\t\t\t\t\t\t\t\t\t<p>c) Entrenamiento de vocabulario<br \/>Tr\u00e6n gloser til videoen. Pulse\u00a0<strong><a href=\"https:\/\/quizlet.com\/_3m3o37\" target=\"_blank\" rel=\"noopener noreferrer\">aqu\u00ed\u00a0<\/a><\/strong><br \/>Gense begge videosekvenser. Forst\u00e5r du flere detaljer nu?<\/p>\t\t\t\t\t\t\t\t<\/div>\n\t\t\t\t<div class=\"elementor-element elementor-element-3b46bbd elementor-widget elementor-widget-text-editor\" data-id=\"3b46bbd\" data-element_type=\"widget\" data-widget_type=\"text-editor.default\">\n\t\t\t\t\t\t\t\t\t<p>d) Hacer un v\u00eddeo <span class=\"TextRun SCXW23509110 BCX0\" lang=\"DA-DK\" xml:lang=\"DA-DK\" data-contrast=\"auto\"><span class=\"NormalTextRun SCXW23509110 BCX0\">\ud83d\udcac<\/span><\/span><br \/>Lav selv en kort optagelse p\u00e5 spansk p\u00e5 din mobil. Du skal som minimum besvare disse to sp\u00f8rgsm\u00e5l:<br \/>\u00bfC\u00f3mo somos los daneses?<br \/>\u00bfD\u00f3nde quieres vivir? \u00bfPor qu\u00e9?<\/p>\t\t\t\t\t\t\t\t<\/div>\n\t\t\t\t<\/div>\n\t\t<div class=\"elementor-element elementor-element-13d84db e-con-full e-flex e-con e-child\" data-id=\"13d84db\" data-element_type=\"container\">\n\t\t<div class=\"elementor-element elementor-element-00a76f4 e-con-full e-flex e-con e-child\" data-id=\"00a76f4\" data-element_type=\"container\">\n\t\t\t\t<div class=\"elementor-element elementor-element-c3393f9 elementor-widget elementor-widget-video\" data-id=\"c3393f9\" data-element_type=\"widget\" data-settings=\"{&quot;youtube_url&quot;:&quot;https:\\\/\\\/youtu.be\\\/ZpYCIjhi8jg&quot;,&quot;video_type&quot;:&quot;youtube&quot;,&quot;controls&quot;:&quot;yes&quot;}\" data-widget_type=\"video.default\">\n\t\t\t\t\t\t\t<div class=\"elementor-wrapper elementor-open-inline\">\n\t\t\t<div class=\"elementor-video\"><\/div>\t\t<\/div>\n\t\t\t\t\t\t<\/div>\n\t\t\t\t<\/div>\n\t\t\t\t<\/div>\n\t\t\t\t<\/div>\n\t\t\t\t<\/div>\n\t\t<div class=\"elementor-element elementor-element-eca0222 e-con-full e-flex e-con e-child\" data-id=\"eca0222\" data-element_type=\"container\">\n\t\t<div class=\"elementor-element elementor-element-7a34dc1 e-con-full e-flex e-con e-child\" data-id=\"7a34dc1\" data-element_type=\"container\">\n\t\t<div class=\"elementor-element elementor-element-89d24c3 e-con-full e-flex e-con e-child\" data-id=\"89d24c3\" data-element_type=\"container\">\n\t\t\t\t<div class=\"elementor-element elementor-element-a7131aa elementor-widget elementor-widget-heading\" data-id=\"a7131aa\" data-element_type=\"widget\" data-widget_type=\"heading.default\">\n\t\t\t\t\t<h2 class=\"elementor-heading-title elementor-size-default\">Opgave 2: Estereotipos de nacionalidades\n\n\n\n\n\n<\/h2>\t\t\t\t<\/div>\n\t\t\t\t<div class=\"elementor-element elementor-element-ade11f0 elementor-widget elementor-widget-text-editor\" data-id=\"ade11f0\" data-element_type=\"widget\" data-widget_type=\"text-editor.default\">\n\t\t\t\t\t\t\t\t\t<p>a) Vocabulario <span class=\"TextRun SCXW23509110 BCX0\" lang=\"DA-DK\" xml:lang=\"DA-DK\" data-contrast=\"auto\"><span class=\"NormalTextRun SCXW23509110 BCX0\">\ud83d\udcac<\/span><\/span><br \/>Hvilke gloser i ordskyen kender du?\u00a0Sl\u00e5 de gloser op, som du ikke kender.<\/p>\t\t\t\t\t\t\t\t<\/div>\n\t\t\t\t<div class=\"elementor-element elementor-element-fb9831e elementor-widget elementor-widget-text-editor\" data-id=\"fb9831e\" data-element_type=\"widget\" data-widget_type=\"text-editor.default\">\n\t\t\t\t\t\t\t\t\t<p>b) Contestar a las preguntas <span class=\"TextRun SCXW23509110 BCX0\" lang=\"DA-DK\" xml:lang=\"DA-DK\" data-contrast=\"auto\"><span class=\"NormalTextRun SCXW23509110 BCX0\">\ud83d\udcac<\/span><\/span><strong>\u00a0 \u00a0\u00a0<\/strong><strong>\u270f\ufe0f\u00a0<\/strong><br \/>Svar p\u00e5 sp\u00f8rgsm\u00e5lene nedenfor med adjektiver fra ordskyen. Diskut\u00e9r dit valg af adjektiver med din makker. L\u00e6g m\u00e6rke til substantivets k\u00f8n og tal.<\/p>\t\t\t\t\t\t\t\t<\/div>\n\t\t\t\t<div class=\"elementor-element elementor-element-868a95a elementor-widget elementor-widget-text-editor\" data-id=\"868a95a\" data-element_type=\"widget\" data-widget_type=\"text-editor.default\">\n\t\t\t\t\t\t\t\t\t<p>1. \u00bfC\u00f3mo son los italianos?<br \/>2. \u00bfC\u00f3mo es la inglesa?<br \/>3. \u00bfC\u00f3mo son las francesas?<br \/>4. \u00bfC\u00f3mo es el espa\u00f1ol?<br \/>5. \u00bfC\u00f3mo son los alemanes?<br \/>6. \u00bfC\u00f3mo son los estadounidenses?<br \/>7. \u00bfC\u00f3mo es el dan\u00e9s?<\/p>\t\t\t\t\t\t\t\t<\/div>\n\t\t\t\t<div class=\"elementor-element elementor-element-8578d3f elementor-widget elementor-widget-text-editor\" data-id=\"8578d3f\" data-element_type=\"widget\" data-widget_type=\"text-editor.default\">\n\t\t\t\t\t\t\t\t\t<p>c) Los estereotipos <span class=\"TextRun SCXW23509110 BCX0\" lang=\"DA-DK\" xml:lang=\"DA-DK\" data-contrast=\"auto\"><span class=\"NormalTextRun SCXW23509110 BCX0\">\ud83d\udcac<\/span><\/span><strong>\u00a0\u00a0<\/strong><br \/>L\u00e6s denne danske artikel og diskut\u00e9r p\u00e5 dansk, hvorfor stereotyper opst\u00e5r, og hvad man kan bruge dem til. Pulse\u00a0<strong><a href=\"https:\/\/www.unmesenmalaga.com\/wp-content\/uploads\/2019\/01\/cap._8_-__engl%C3%A6ndere_er_sjove_.pdf\" target=\"_blank\" rel=\"noopener noreferrer\">aqu\u00ed<\/a><\/strong><\/p>\t\t\t\t\t\t\t\t<\/div>\n\t\t\t\t<div class=\"elementor-element elementor-element-d9317c8 elementor-widget elementor-widget-text-editor\" data-id=\"d9317c8\" data-element_type=\"widget\" data-widget_type=\"text-editor.default\">\n\t\t\t\t\t\t\t\t\t<p>d) Explicar y adivinar <span class=\"TextRun SCXW23509110 BCX0\" lang=\"DA-DK\" xml:lang=\"DA-DK\" data-contrast=\"auto\"><span class=\"NormalTextRun SCXW23509110 BCX0\">\ud83d\udcac<\/span><\/span><br \/>V\u00e6lg et adjektiv fra ordskyen, og forklar adjektivets betydning for din makker p\u00e5 spansk. Kan din makker g\u00e6tte glosen? Du kan hente hj\u00e6lp i gloserne til h\u00f8jre.<\/p>\t\t\t\t\t\t\t\t<\/div>\n\t\t\t\t<\/div>\n\t\t<div class=\"elementor-element elementor-element-7f9fe6f e-con-full e-flex e-con e-child\" data-id=\"7f9fe6f\" data-element_type=\"container\">\n\t\t<div class=\"elementor-element elementor-element-1b8105c e-con-full e-flex e-con e-child\" data-id=\"1b8105c\" data-element_type=\"container\">\n\t\t\t\t<div class=\"elementor-element elementor-element-d302b9d elementor-widget elementor-widget-image\" data-id=\"d302b9d\" data-element_type=\"widget\" data-widget_type=\"image.default\">\n\t\t\t\t\t\t\t\t\t\t\t\t\t\t\t\t<a href=\"https:\/\/laerkeryge.maktechagency.com\/wp-content\/uploads\/2025\/12\/Cap.8.voc_.adjectives.webp\" data-elementor-open-lightbox=\"yes\" data-e-action-hash=\"#elementor-action%3Aaction%3Dlightbox%26settings%3DeyJpZCI6NTM2OSwidXJsIjoiaHR0cHM6XC9cL2xhZXJrZXJ5Z2UubWFrdGVjaGFnZW5jeS5jb21cL3dwLWNvbnRlbnRcL3VwbG9hZHNcLzIwMjVcLzEyXC9DYXAuOC52b2NfLmFkamVjdGl2ZXMud2VicCJ9\">\n\t\t\t\t\t\t\t<img fetchpriority=\"high\" decoding=\"async\" width=\"878\" height=\"589\" src=\"https:\/\/laerkeryge.maktechagency.com\/wp-content\/uploads\/2025\/12\/Cap.8.voc_.adjectives.webp\" class=\"attachment-full size-full wp-image-5369\" alt=\"\" srcset=\"https:\/\/laerkeryge.maktechagency.com\/wp-content\/uploads\/2025\/12\/Cap.8.voc_.adjectives.webp 878w, https:\/\/laerkeryge.maktechagency.com\/wp-content\/uploads\/2025\/12\/Cap.8.voc_.adjectives-300x201.webp 300w, https:\/\/laerkeryge.maktechagency.com\/wp-content\/uploads\/2025\/12\/Cap.8.voc_.adjectives-768x515.webp 768w\" sizes=\"(max-width: 878px) 100vw, 878px\" \/>\t\t\t\t\t\t\t\t<\/a>\n\t\t\t\t\t\t\t\t\t\t\t\t\t\t\t<\/div>\n\t\t\t\t<\/div>\n\t\t<div class=\"elementor-element elementor-element-5770e89 e-con-full e-flex e-con e-child\" data-id=\"5770e89\" data-element_type=\"container\">\n\t\t\t\t<div class=\"elementor-element elementor-element-8ae8d89 elementor-widget elementor-widget-text-editor\" data-id=\"8ae8d89\" data-element_type=\"widget\" data-widget_type=\"text-editor.default\">\n\t\t\t\t\t\t\t\t\t<p><strong>Hj\u00e6lpegloser:<\/strong><br \/><em>Es cuando<\/em>\u00a0(det er, n\u00e5r \u2026)<br \/><em>Es algo que<\/em>\u00a0(det er noget, som \u2026)<br \/><em>Es alguien que<\/em>\u00a0(det er nogen, som \u2026)<br \/><em>Es lo mismo que<\/em>\u00a0(det er det samme som \u2026)<br \/><em>Es lo contrario de<\/em>\u00a0(det er det modsatte af \u2026)<br \/><em>Es una person que<\/em>\u00a0(det er en person, som \u2026)<\/p>\t\t\t\t\t\t\t\t<\/div>\n\t\t\t\t<\/div>\n\t\t\t\t<\/div>\n\t\t\t\t<\/div>\n\t\t\t\t<\/div>\n\t\t<div class=\"elementor-element elementor-element-63eddac e-con-full e-flex e-con e-child\" data-id=\"63eddac\" data-element_type=\"container\">\n\t\t<div class=\"elementor-element elementor-element-14dddee e-con-full e-flex e-con e-child\" data-id=\"14dddee\" data-element_type=\"container\">\n\t\t<div class=\"elementor-element elementor-element-f68fa90 e-con-full e-flex e-con e-child\" data-id=\"f68fa90\" data-element_type=\"container\">\n\t\t\t\t<div class=\"elementor-element elementor-element-92134ee elementor-widget elementor-widget-heading\" data-id=\"92134ee\" data-element_type=\"widget\" data-widget_type=\"heading.default\">\n\t\t\t\t\t<h2 class=\"elementor-heading-title elementor-size-default\">Opgave 3: C\u00f3mo mantener una conversaci\u00f3n\n\n\n\n\n<\/h2>\t\t\t\t<\/div>\n\t\t\t\t<div class=\"elementor-element elementor-element-3c3a40b elementor-widget elementor-widget-text-editor\" data-id=\"3c3a40b\" data-element_type=\"widget\" data-widget_type=\"text-editor.default\">\n\t\t\t\t\t\t\t\t\t<p>Spanierne holder meget af at tale med hinanden. Det er normalt ikke uh\u00f8fligt at afbryde eller at tale i munden p\u00e5 hinanden. Spanierne er ogs\u00e5 gode til at komme med sm\u00e5 kommentarer og udbrud (s\u00e5kaldte gambitter), s\u00e5 samtalen holdes i gang. Her er nogle hyppige gambitter:<\/p>\t\t\t\t\t\t\t\t<\/div>\n\t\t\t\t<div class=\"elementor-element elementor-element-da969ee elementor-widget elementor-widget-text-editor\" data-id=\"da969ee\" data-element_type=\"widget\" data-widget_type=\"text-editor.default\">\n\t\t\t\t\t\t\t\t\t<p><em>\u00bfEs verdad?<\/em>\u00a0Er det rigtigt?<br \/>\u200b<em>Claro que s\u00ed.\u00a0<\/em>Selvf\u00f8lgelig.<br \/><em>\u00a1Vaya!<\/em>\u00a0Hold da op!<br \/><em>Bueno.\u00a0<\/em>N\u00e5 ja.<br \/><em>\u00a1Dios M<\/em><em>\u00edo!<\/em>\u00a0Du godeste!<br \/><em>Tienes raz\u00f3n.<\/em>\u00a0Du har ret.<br \/><em>\u00a1<\/em><em>Qu\u00e9 bien!\u00a0<\/em>Hvor godt!<br \/><em>\u00a1Qu\u00e9 horror!<\/em>\u00a0Hvor forf\u00e6rdeligt!<br \/><em>\u00a1Qu\u00e9<\/em>\u00a0<em>suerte<\/em>! Hvor heldigt!<\/p>\t\t\t\t\t\t\t\t<\/div>\n\t\t\t\t<div class=\"elementor-element elementor-element-c1ce224 elementor-widget elementor-widget-text-editor\" data-id=\"c1ce224\" data-element_type=\"widget\" data-widget_type=\"text-editor.default\">\n\t\t\t\t\t\t\t\t\t<p>a) Entrenamiento de vocabulario<br \/>Tr\u00e6n gambitter. Pulse\u00a0<strong><a href=\"https:\/\/quizlet.com\/_3lkl23\" target=\"_blank\" rel=\"noopener noreferrer\">aqu\u00ed\u00a0<\/a><\/strong><\/p>\t\t\t\t\t\t\t\t<\/div>\n\t\t\t\t<div class=\"elementor-element elementor-element-bac7f34 elementor-widget elementor-widget-text-editor\" data-id=\"bac7f34\" data-element_type=\"widget\" data-widget_type=\"text-editor.default\">\n\t\t\t\t\t\t\t\t\t<p>b) Contesta a las preguntas <span class=\"TextRun SCXW23509110 BCX0\" lang=\"DA-DK\" xml:lang=\"DA-DK\" data-contrast=\"auto\"><span class=\"NormalTextRun SCXW23509110 BCX0\">\ud83d\udcac<\/span><\/span><br \/>\u200bDin makker l\u00e6ser s\u00e6tningerne op, og du svarer med brug af gambitter. Dern\u00e6st bytter I roller.<\/p>\t\t\t\t\t\t\t\t<\/div>\n\t\t\t\t<div class=\"elementor-element elementor-element-6c37762 elementor-widget elementor-widget-text-editor\" data-id=\"6c37762\" data-element_type=\"widget\" data-widget_type=\"text-editor.default\">\n\t\t\t\t\t\t\t\t\t<p>1. Hannah tiene un novio espa\u00f1ol.<br \/>2. Ma\u00f1ana voy a viajar a Barcelona.<br \/>3. \u00a1M\u00e1laga es una ciudad genial!<br \/>4. Los daneses son reservados.<br \/>5. \u00a1He ganado la loter\u00eda!<br \/>6. Luis ha comprado un coche nuevo.<\/p>\t\t\t\t\t\t\t\t<\/div>\n\t\t\t\t<\/div>\n\t\t<div class=\"elementor-element elementor-element-0c91dbb e-con-full e-flex e-con e-child\" data-id=\"0c91dbb\" data-element_type=\"container\">\n\t\t<div class=\"elementor-element elementor-element-fda4fb3 e-con-full e-flex e-con e-child\" data-id=\"fda4fb3\" data-element_type=\"container\" data-settings=\"{&quot;background_background&quot;:&quot;classic&quot;}\">\n\t\t<div class=\"elementor-element elementor-element-92705ec e-con-full e-flex e-con e-child\" data-id=\"92705ec\" data-element_type=\"container\" data-settings=\"{&quot;background_background&quot;:&quot;classic&quot;}\">\n\t\t\t\t<div class=\"elementor-element elementor-element-df44756 elementor-widget elementor-widget-text-editor\" data-id=\"df44756\" data-element_type=\"widget\" data-widget_type=\"text-editor.default\">\n\t\t\t\t\t\t\t\t\t<p><strong>\u00bfSabes que?<\/strong><\/p>\t\t\t\t\t\t\t\t<\/div>\n\t\t\t\t<div class=\"elementor-element elementor-element-0eeaa08 elementor-widget elementor-widget-text-editor\" data-id=\"0eeaa08\" data-element_type=\"widget\" data-widget_type=\"text-editor.default\">\n\t\t\t\t\t\t\t\t\t<p>Hvordan griner man egentlig p\u00e5 spansk, n\u00e5r man skriver det?<\/p>\t\t\t\t\t\t\t\t<\/div>\n\t\t\t\t<div class=\"elementor-element elementor-element-9454b92 elementor-widget elementor-widget-text-editor\" data-id=\"9454b92\" data-element_type=\"widget\" data-widget_type=\"text-editor.default\">\n\t\t\t\t\t\t\t\t\t<p><strong>Jajajaja<\/strong><strong>\u00a0<\/strong>er den typiske m\u00e5de at grine p\u00e5.<\/p>\t\t\t\t\t\t\t\t<\/div>\n\t\t\t\t<div class=\"elementor-element elementor-element-d47987a elementor-widget elementor-widget-text-editor\" data-id=\"d47987a\" data-element_type=\"widget\" data-widget_type=\"text-editor.default\">\n\t\t\t\t\t\t\t\t\t<p><strong>Jijiji<\/strong><strong>\u00a0<\/strong>udtrykker, at man nok har lavet gale streger!<\/p>\t\t\t\t\t\t\t\t<\/div>\n\t\t\t\t<div class=\"elementor-element elementor-element-b7cb3e2 elementor-widget elementor-widget-text-editor\" data-id=\"b7cb3e2\" data-element_type=\"widget\" data-widget_type=\"text-editor.default\">\n\t\t\t\t\t\t\t\t\t<p><strong>Jejeje<\/strong>\u00a0udtrykker noget ironisk eller sarkastisk.<\/p>\t\t\t\t\t\t\t\t<\/div>\n\t\t\t\t<div class=\"elementor-element elementor-element-f590a14 elementor-widget elementor-widget-text-editor\" data-id=\"f590a14\" data-element_type=\"widget\" data-widget_type=\"text-editor.default\">\n\t\t\t\t\t\t\t\t\t<p><strong>Jojojo<\/strong>\u00a0er et grin, hvor man ikke har gode hensigter!<\/p>\t\t\t\t\t\t\t\t<\/div>\n\t\t\t\t<div class=\"elementor-element elementor-element-9fc3cdb elementor-widget elementor-widget-text-editor\" data-id=\"9fc3cdb\" data-element_type=\"widget\" data-widget_type=\"text-editor.default\">\n\t\t\t\t\t\t\t\t\t<p>S\u00e5 kan det m\u00e5ske resultere i gr\u00e5d, og s\u00e5 lyder det s\u00e5dan:\u00a0<strong>\u00a1B<\/strong><strong>uaaa!<\/strong><\/p>\t\t\t\t\t\t\t\t<\/div>\n\t\t\t\t<\/div>\n\t\t\t\t<\/div>\n\t\t\t\t<\/div>\n\t\t\t\t<\/div>\n\t\t\t\t<\/div>\n\t\t\t\t<\/div>\n\t\t\t\t<\/div>\n\t\t","protected":false},"excerpt":{"rendered":"<p>Opgave 1: \u00bfQu\u00e9 piensan los espa\u00f1oles sobre los espa\u00f1oles? \u200ba) Ver el v\u00eddeoSe videoen.\u00a0Kan du i hovedtr\u00e6k forst\u00e5, hvad spanierne [&hellip;]<\/p>\n","protected":false},"author":1,"featured_media":0,"parent":0,"menu_order":0,"comment_status":"closed","ping_status":"closed","template":"elementor_header_footer","meta":{"site-sidebar-layout":"no-sidebar","site-content-layout":"","ast-site-content-layout":"full-width-container","site-content-style":"default","site-sidebar-style":"default","ast-global-header-display":"","ast-banner-title-visibility":"","ast-main-header-display":"","ast-hfb-above-header-display":"","ast-hfb-below-header-display":"","ast-hfb-mobile-header-display":"","site-post-title":"","ast-breadcrumbs-content":"","ast-featured-img":"disabled","footer-sml-layout":"","ast-disable-related-posts":"","theme-transparent-header-meta":"","adv-header-id-meta":"","stick-header-meta":"","header-above-stick-meta":"","header-main-stick-meta":"","header-below-stick-meta":"","astra-migrate-meta-layouts":"default","ast-page-background-enabled":"default","ast-page-background-meta":{"desktop":{"background-color":"var(--ast-global-color-5)","background-image":"","background-repeat":"repeat","background-position":"center center","background-size":"auto","background-attachment":"scroll","background-type":"","background-media":"","overlay-type":"","overlay-color":"","overlay-opacity":"","overlay-gradient":""},"tablet":{"background-color":"","background-image":"","background-repeat":"repeat","background-position":"center center","background-size":"auto","background-attachment":"scroll","background-type":"","background-media":"","overlay-type":"","overlay-color":"","overlay-opacity":"","overlay-gradient":""},"mobile":{"background-color":"","background-image":"","background-repeat":"repeat","background-position":"center center","background-size":"auto","background-attachment":"scroll","background-type":"","background-media":"","overlay-type":"","overlay-color":"","overlay-opacity":"","overlay-gradient":""}},"ast-content-background-meta":{"desktop":{"background-color":"var(--ast-global-color-4)","background-image":"","background-repeat":"repeat","background-position":"center center","background-size":"auto","background-attachment":"scroll","background-type":"","background-media":"","overlay-type":"","overlay-color":"","overlay-opacity":"","overlay-gradient":""},"tablet":{"background-color":"var(--ast-global-color-4)","background-image":"","background-repeat":"repeat","background-position":"center center","background-size":"auto","background-attachment":"scroll","background-type":"","background-media":"","overlay-type":"","overlay-color":"","overlay-opacity":"","overlay-gradient":""},"mobile":{"background-color":"var(--ast-global-color-4)","background-image":"","background-repeat":"repeat","background-position":"center center","background-size":"auto","background-attachment":"scroll","background-type":"","background-media":"","overlay-type":"","overlay-color":"","overlay-opacity":"","overlay-gradient":""}},"footnotes":""},"class_list":["post-124","page","type-page","status-publish","hentry"],"_links":{"self":[{"href":"https:\/\/laerkeryge.maktechagency.com\/index.php\/wp-json\/wp\/v2\/pages\/124","targetHints":{"allow":["GET"]}}],"collection":[{"href":"https:\/\/laerkeryge.maktechagency.com\/index.php\/wp-json\/wp\/v2\/pages"}],"about":[{"href":"https:\/\/laerkeryge.maktechagency.com\/index.php\/wp-json\/wp\/v2\/types\/page"}],"author":[{"embeddable":true,"href":"https:\/\/laerkeryge.maktechagency.com\/index.php\/wp-json\/wp\/v2\/users\/1"}],"replies":[{"embeddable":true,"href":"https:\/\/laerkeryge.maktechagency.com\/index.php\/wp-json\/wp\/v2\/comments?post=124"}],"version-history":[{"count":76,"href":"https:\/\/laerkeryge.maktechagency.com\/index.php\/wp-json\/wp\/v2\/pages\/124\/revisions"}],"predecessor-version":[{"id":9152,"href":"https:\/\/laerkeryge.maktechagency.com\/index.php\/wp-json\/wp\/v2\/pages\/124\/revisions\/9152"}],"wp:attachment":[{"href":"https:\/\/laerkeryge.maktechagency.com\/index.php\/wp-json\/wp\/v2\/media?parent=124"}],"curies":[{"name":"wp","href":"https:\/\/api.w.org\/{rel}","templated":true}]}}