{"id":122,"date":"2025-12-20T08:25:53","date_gmt":"2025-12-20T08:25:53","guid":{"rendered":"https:\/\/laerkeryge.maktechagency.com\/?page_id=122"},"modified":"2026-01-15T04:11:35","modified_gmt":"2026-01-15T04:11:35","slug":"cap-8-gramatica","status":"publish","type":"page","link":"https:\/\/laerkeryge.maktechagency.com\/index.php\/cap-8-gramatica\/","title":{"rendered":"Cap 8 Gram\u00e1tica"},"content":{"rendered":"\t\t<div data-elementor-type=\"wp-page\" data-elementor-id=\"122\" class=\"elementor elementor-122\" data-elementor-post-type=\"page\">\n\t\t\t\t<div class=\"elementor-element elementor-element-3031894 e-con-full e-flex e-con e-parent\" data-id=\"3031894\" data-element_type=\"container\" data-settings=\"{&quot;background_background&quot;:&quot;classic&quot;}\">\n\t\t\t\t<\/div>\n\t\t<div class=\"elementor-element elementor-element-c8eb13b e-con-full e-flex e-con e-parent\" data-id=\"c8eb13b\" data-element_type=\"container\">\n\t\t<div class=\"elementor-element elementor-element-4f2fe91 e-con-full e-flex e-con e-child\" data-id=\"4f2fe91\" data-element_type=\"container\">\n\t\t<div class=\"elementor-element elementor-element-c54e8e3 e-con-full e-flex e-con e-child\" data-id=\"c54e8e3\" data-element_type=\"container\">\n\t\t<div class=\"elementor-element elementor-element-09cac10 e-con-full e-flex e-con e-child\" data-id=\"09cac10\" data-element_type=\"container\">\n\t\t\t\t<div class=\"elementor-element elementor-element-bd53e0e elementor-widget elementor-widget-heading\" data-id=\"bd53e0e\" data-element_type=\"widget\" data-widget_type=\"heading.default\">\n\t\t\t\t\t<h2 class=\"elementor-heading-title elementor-size-default\">Opgave 1: Adverbier\n\n\n\n<\/h2>\t\t\t\t<\/div>\n\t\t\t\t<div class=\"elementor-element elementor-element-c73f0ce elementor-widget elementor-widget-text-editor\" data-id=\"c73f0ce\" data-element_type=\"widget\" data-widget_type=\"text-editor.default\">\n\t\t\t\t\t\t\t\t\t<p>a) Hvad ved du om adverbier p\u00e5 dansk? Test din viden om adjektiver og adverbier p\u00e5 dansk. Pulse\u00a0<strong><a href=\"http:\/\/www.quia.com\/quiz\/6413851.html\" target=\"_blank\" rel=\"noopener noreferrer\">aqu\u00ed<\/a><\/strong><\/p>\t\t\t\t\t\t\t\t<\/div>\n\t\t\t\t<div class=\"elementor-element elementor-element-223b8eb elementor-widget elementor-widget-text-editor\" data-id=\"223b8eb\" data-element_type=\"widget\" data-widget_type=\"text-editor.default\">\n\t\t\t\t\t\t\t\t\t<p>b) Viden om adverbier <span class=\"TextRun SCXW23509110 BCX0\" lang=\"DA-DK\" xml:lang=\"DA-DK\" data-contrast=\"auto\"><span class=\"NormalTextRun SCXW23509110 BCX0\">\ud83d\udcac<\/span><\/span><br \/>Hvad ved du og din makker om spanske adverbier? Tag udgangspunkt i nedenst\u00e5ende sp\u00f8rgsm\u00e5l.<\/p>\t\t\t\t\t\t\t\t<\/div>\n\t\t\t\t<div class=\"elementor-element elementor-element-933b00e elementor-widget elementor-widget-text-editor\" data-id=\"933b00e\" data-element_type=\"widget\" data-widget_type=\"text-editor.default\">\n\t\t\t\t\t\t\t\t\t<ul><li>Hvordan b\u00f8jes adverbier?<\/li><li>Hvilken funktion har adverbierne i s\u00e6tningen?<\/li><li>Hvordan kan man danne adverbier ud fra adjektiver?<\/li><li>Hvor kan adverbiet st\u00e5 i s\u00e6tningen?<\/li><li>Hvad er vigtigt i forhold til adverbiernes placering, n\u00e5r de st\u00e5r i s\u00e6tninger, hvor verbet b\u00f8jes i perfektum (f\u00f8rnutid)?<\/li><\/ul>\t\t\t\t\t\t\t\t<\/div>\n\t\t\t\t<div class=\"elementor-element elementor-element-83d1ff6 elementor-widget elementor-widget-text-editor\" data-id=\"83d1ff6\" data-element_type=\"widget\" data-widget_type=\"text-editor.default\">\n\t\t\t\t\t\t\t\t\t<p>c) Tr\u00e6n adverbierne p\u00e5 spansk. Pulse\u00a0<strong><a href=\"http:\/\/www.quia.com\/quiz\/6413853.html\" target=\"_blank\" rel=\"noopener noreferrer\">aqu\u00ed<\/a><\/strong><\/p>\t\t\t\t\t\t\t\t<\/div>\n\t\t\t\t<div class=\"elementor-element elementor-element-fe9ca3d elementor-widget elementor-widget-text-editor\" data-id=\"fe9ca3d\" data-element_type=\"widget\" data-widget_type=\"text-editor.default\">\n\t\t\t\t\t\t\t\t\t<p>d) Lav adjektiver om til adverbier. Pulse\u00a0<strong><a href=\"http:\/\/www.quia.com\/quiz\/6413854.html\" target=\"_blank\" rel=\"noopener noreferrer\">aqu\u00ed<\/a><\/strong><\/p>\t\t\t\t\t\t\t\t<\/div>\n\t\t\t\t<div class=\"elementor-element elementor-element-3b78ce8 elementor-widget elementor-widget-text-editor\" data-id=\"3b78ce8\" data-element_type=\"widget\" data-widget_type=\"text-editor.default\">\n\t\t\t\t\t\t\t\t\t<p>e) Lav s\u00e6tninger <span class=\"TextRun SCXW23509110 BCX0\" lang=\"DA-DK\" xml:lang=\"DA-DK\" data-contrast=\"auto\"><span class=\"NormalTextRun SCXW23509110 BCX0\">\ud83d\udcac<\/span><\/span>\u00a0 \u00a0\u270f\ufe0f<br \/>Lav en s\u00e6tning med tre forskellige adverbier fra ordskyen til h\u00f8jre.<\/p>\t\t\t\t\t\t\t\t<\/div>\n\t\t\t\t<div class=\"elementor-element elementor-element-85cff63 elementor-widget elementor-widget-text-editor\" data-id=\"85cff63\" data-element_type=\"widget\" data-widget_type=\"text-editor.default\">\n\t\t\t\t\t\t\t\t\t<p>f) Kend dine adverbier<br \/>Tr\u00e6n flere adverbier. Pulse\u00a0<strong><a href=\"https:\/\/quizlet.com\/_4czs5f\" target=\"_blank\" rel=\"noopener noreferrer\">aqu\u00ed<\/a><\/strong><\/p>\t\t\t\t\t\t\t\t<\/div>\n\t\t\t\t<\/div>\n\t\t<div class=\"elementor-element elementor-element-269885c e-con-full e-flex e-con e-child\" data-id=\"269885c\" data-element_type=\"container\">\n\t\t<div class=\"elementor-element elementor-element-9df25f0 e-con-full e-flex e-con e-child\" data-id=\"9df25f0\" data-element_type=\"container\">\n\t\t\t\t<div class=\"elementor-element elementor-element-1190895 elementor-widget elementor-widget-image\" data-id=\"1190895\" data-element_type=\"widget\" data-widget_type=\"image.default\">\n\t\t\t\t\t\t\t\t\t\t\t\t\t\t\t\t<a href=\"https:\/\/laerkeryge.maktechagency.com\/wp-content\/uploads\/2025\/12\/Cap.8.gram_.adverbier-1024x630-1.webp\" data-elementor-open-lightbox=\"yes\" data-e-action-hash=\"#elementor-action%3Aaction%3Dlightbox%26settings%3DeyJpZCI6NTMzMiwidXJsIjoiaHR0cHM6XC9cL2xhZXJrZXJ5Z2UubWFrdGVjaGFnZW5jeS5jb21cL3dwLWNvbnRlbnRcL3VwbG9hZHNcLzIwMjVcLzEyXC9DYXAuOC5ncmFtXy5hZHZlcmJpZXItMTAyNHg2MzAtMS53ZWJwIn0%3D\">\n\t\t\t\t\t\t\t<img fetchpriority=\"high\" decoding=\"async\" width=\"1024\" height=\"630\" src=\"https:\/\/laerkeryge.maktechagency.com\/wp-content\/uploads\/2025\/12\/Cap.8.gram_.adverbier-1024x630-1.webp\" class=\"attachment-full size-full wp-image-5332\" alt=\"\" srcset=\"https:\/\/laerkeryge.maktechagency.com\/wp-content\/uploads\/2025\/12\/Cap.8.gram_.adverbier-1024x630-1.webp 1024w, https:\/\/laerkeryge.maktechagency.com\/wp-content\/uploads\/2025\/12\/Cap.8.gram_.adverbier-1024x630-1-300x185.webp 300w, https:\/\/laerkeryge.maktechagency.com\/wp-content\/uploads\/2025\/12\/Cap.8.gram_.adverbier-1024x630-1-768x473.webp 768w\" sizes=\"(max-width: 1024px) 100vw, 1024px\" \/>\t\t\t\t\t\t\t\t<\/a>\n\t\t\t\t\t\t\t\t\t\t\t\t\t\t\t<\/div>\n\t\t\t\t<\/div>\n\t\t\t\t<\/div>\n\t\t\t\t<\/div>\n\t\t\t\t<\/div>\n\t\t<div class=\"elementor-element elementor-element-ae92958 e-con-full e-flex e-con e-child\" data-id=\"ae92958\" data-element_type=\"container\">\n\t\t<div class=\"elementor-element elementor-element-998a985 e-con-full e-flex e-con e-child\" data-id=\"998a985\" data-element_type=\"container\">\n\t\t<div class=\"elementor-element elementor-element-8d8bcd7 e-con-full e-flex e-con e-child\" data-id=\"8d8bcd7\" data-element_type=\"container\">\n\t\t\t\t<div class=\"elementor-element elementor-element-a8dea17 elementor-widget elementor-widget-heading\" data-id=\"a8dea17\" data-element_type=\"widget\" data-widget_type=\"heading.default\">\n\t\t\t\t\t<h2 class=\"elementor-heading-title elementor-size-default\">Opgave 2:  Adjektivernes kortform\n\n\n\n<\/h2>\t\t\t\t<\/div>\n\t\t\t\t<div class=\"elementor-element elementor-element-55d893c elementor-widget elementor-widget-text-editor\" data-id=\"55d893c\" data-element_type=\"widget\" data-widget_type=\"text-editor.default\">\n\t\t\t\t\t\t\t\t\t<p>a) Hvorn\u00e5r bliver\u00a0<em>bueno<\/em>\u00a0til\u00a0<em>buen<\/em>\u00a0og\u00a0<em>malo<\/em>\u00a0til\u00a0<em>mal<\/em>?\u00a0\u00a0\u270f\ufe0f<br \/>Skriv spanske eksempler.<\/p>\t\t\t\t\t\t\t\t<\/div>\n\t\t\t\t<div class=\"elementor-element elementor-element-a408a01 elementor-widget elementor-widget-text-editor\" data-id=\"a408a01\" data-element_type=\"widget\" data-widget_type=\"text-editor.default\">\n\t\t\t\t\t\t\t\t\t<p>b) Hvorn\u00e5r bliver\u00a0<em>grande<\/em>\u00a0til\u00a0<em>gran<\/em>?\u00a0\u00a0\u270f\ufe0f<br \/>Skriv spanske eksempler.<\/p>\t\t\t\t\t\t\t\t<\/div>\n\t\t\t\t<div class=\"elementor-element elementor-element-b9d624a elementor-widget elementor-widget-text-editor\" data-id=\"b9d624a\" data-element_type=\"widget\" data-widget_type=\"text-editor.default\">\n\t\t\t\t\t\t\t\t\t<p>Tr\u00e6n adjektiverne\u00a0<em>bueno<\/em>,\u00a0<em>malo<\/em>\u00a0og\u00a0<em>grande<\/em>\u00a0og adverbiet\u00a0<em>bien<\/em>. Pulse\u00a0<strong><a href=\"http:\/\/www.quia.com\/quiz\/6431150.html\" target=\"_blank\" rel=\"noopener noreferrer\">aqu\u00ed\u00a0<\/a><\/strong><\/p>\t\t\t\t\t\t\t\t<\/div>\n\t\t\t\t<div class=\"elementor-element elementor-element-5c1d1b5 elementor-widget elementor-widget-text-editor\" data-id=\"5c1d1b5\" data-element_type=\"widget\" data-widget_type=\"text-editor.default\">\n\t\t\t\t\t\t\t\t\t<p>Bonusinfo:<br \/>1.<em>\u00a0Bueno, malo<\/em>,\u00a0<em>peque\u00f1o\u00a0<\/em>og\u00a0<em>grande<\/em>\u00a0er ofte foranstillet substantivet.<br \/>2. Enkelte adjektiver skifter betydning, alt efter om de er foran- eller efterstillet substantivet.<\/p>\t\t\t\t\t\t\t\t<\/div>\n\t\t\t\t<div class=\"elementor-element elementor-element-547a9b4 elementor-widget elementor-widget-text-editor\" data-id=\"547a9b4\" data-element_type=\"widget\" data-widget_type=\"text-editor.default\">\n\t\t\t\t\t\t\t\t\t<p>c) Placeringen kan \u00e6ndre betydningen <span class=\"TextRun SCXW23509110 BCX0\" lang=\"DA-DK\" xml:lang=\"DA-DK\" data-contrast=\"auto\"><span class=\"NormalTextRun SCXW23509110 BCX0\">\ud83d\udcac<\/span><\/span><br \/>Hvad er mon forskellen p\u00e5 fx\u00a0<em>un viejo amigo<\/em>\u00a0&gt;&lt;\u00a0<em>un amigo viejo<\/em><br \/><em>una pobre chica<\/em>\u00a0&gt;&lt;\u00a0<em>una chica pobre<br \/>un gran rey\u00a0<\/em>&gt;&lt;\u00a0<em>un rey grande<\/em><\/p>\t\t\t\t\t\t\t\t<\/div>\n\t\t\t\t<\/div>\n\t\t<div class=\"elementor-element elementor-element-f344dc1 e-con-full e-flex e-con e-child\" data-id=\"f344dc1\" data-element_type=\"container\">\n\t\t<div class=\"elementor-element elementor-element-2305771 e-con-full e-flex e-con e-child\" data-id=\"2305771\" data-element_type=\"container\" data-settings=\"{&quot;background_background&quot;:&quot;classic&quot;}\">\n\t\t<div class=\"elementor-element elementor-element-b769d8c e-con-full e-flex e-con e-child\" data-id=\"b769d8c\" data-element_type=\"container\" data-settings=\"{&quot;background_background&quot;:&quot;classic&quot;}\">\n\t\t\t\t<div class=\"elementor-element elementor-element-40fdd1a elementor-widget elementor-widget-text-editor\" data-id=\"40fdd1a\" data-element_type=\"widget\" data-widget_type=\"text-editor.default\">\n\t\t\t\t\t\t\t\t\t<strong>\u00bfSabes que? ?\u00a0<\/strong>\t\t\t\t\t\t\t\t<\/div>\n\t\t\t\t<div class=\"elementor-element elementor-element-db36c85 elementor-widget elementor-widget-text-editor\" data-id=\"db36c85\" data-element_type=\"widget\" data-widget_type=\"text-editor.default\">\n\t\t\t\t\t\t\t\t\t<p><em>Bueno<\/em>\u00a0er et adjektiv.<br \/>El vino es bueno.<\/p>\t\t\t\t\t\t\t\t<\/div>\n\t\t\t\t<div class=\"elementor-element elementor-element-d1125c1 elementor-widget elementor-widget-text-editor\" data-id=\"d1125c1\" data-element_type=\"widget\" data-widget_type=\"text-editor.default\">\n\t\t\t\t\t\t\t\t\t<p><em>Buen<\/em>\u00a0er et adjektiv (kortform).<br \/>Luis es un buen chico.<\/p>\t\t\t\t\t\t\t\t<\/div>\n\t\t\t\t<div class=\"elementor-element elementor-element-e9dd2ac elementor-widget elementor-widget-text-editor\" data-id=\"e9dd2ac\" data-element_type=\"widget\" data-widget_type=\"text-editor.default\">\n\t\t\t\t\t\t\t\t\t<p><em>Bien<\/em>\u00a0er et adverbium.<br \/>Hannah baila bien.<\/p>\t\t\t\t\t\t\t\t<\/div>\n\t\t\t\t<\/div>\n\t\t\t\t<\/div>\n\t\t\t\t<\/div>\n\t\t\t\t<\/div>\n\t\t\t\t<\/div>\n\t\t\t\t<\/div>\n\t\t\t\t<\/div>\n\t\t","protected":false},"excerpt":{"rendered":"<p>Opgave 1: Adverbier a) Hvad ved du om adverbier p\u00e5 dansk? Test din viden om adjektiver og adverbier p\u00e5 dansk. [&hellip;]<\/p>\n","protected":false},"author":1,"featured_media":0,"parent":0,"menu_order":0,"comment_status":"closed","ping_status":"closed","template":"elementor_header_footer","meta":{"site-sidebar-layout":"no-sidebar","site-content-layout":"","ast-site-content-layout":"full-width-container","site-content-style":"default","site-sidebar-style":"default","ast-global-header-display":"","ast-banner-title-visibility":"","ast-main-header-display":"","ast-hfb-above-header-display":"","ast-hfb-below-header-display":"","ast-hfb-mobile-header-display":"","site-post-title":"","ast-breadcrumbs-content":"","ast-featured-img":"disabled","footer-sml-layout":"","ast-disable-related-posts":"","theme-transparent-header-meta":"","adv-header-id-meta":"","stick-header-meta":"","header-above-stick-meta":"","header-main-stick-meta":"","header-below-stick-meta":"","astra-migrate-meta-layouts":"default","ast-page-background-enabled":"default","ast-page-background-meta":{"desktop":{"background-color":"var(--ast-global-color-5)","background-image":"","background-repeat":"repeat","background-position":"center center","background-size":"auto","background-attachment":"scroll","background-type":"","background-media":"","overlay-type":"","overlay-color":"","overlay-opacity":"","overlay-gradient":""},"tablet":{"background-color":"","background-image":"","background-repeat":"repeat","background-position":"center center","background-size":"auto","background-attachment":"scroll","background-type":"","background-media":"","overlay-type":"","overlay-color":"","overlay-opacity":"","overlay-gradient":""},"mobile":{"background-color":"","background-image":"","background-repeat":"repeat","background-position":"center center","background-size":"auto","background-attachment":"scroll","background-type":"","background-media":"","overlay-type":"","overlay-color":"","overlay-opacity":"","overlay-gradient":""}},"ast-content-background-meta":{"desktop":{"background-color":"var(--ast-global-color-4)","background-image":"","background-repeat":"repeat","background-position":"center center","background-size":"auto","background-attachment":"scroll","background-type":"","background-media":"","overlay-type":"","overlay-color":"","overlay-opacity":"","overlay-gradient":""},"tablet":{"background-color":"var(--ast-global-color-4)","background-image":"","background-repeat":"repeat","background-position":"center center","background-size":"auto","background-attachment":"scroll","background-type":"","background-media":"","overlay-type":"","overlay-color":"","overlay-opacity":"","overlay-gradient":""},"mobile":{"background-color":"var(--ast-global-color-4)","background-image":"","background-repeat":"repeat","background-position":"center center","background-size":"auto","background-attachment":"scroll","background-type":"","background-media":"","overlay-type":"","overlay-color":"","overlay-opacity":"","overlay-gradient":""}},"footnotes":""},"class_list":["post-122","page","type-page","status-publish","hentry"],"_links":{"self":[{"href":"https:\/\/laerkeryge.maktechagency.com\/index.php\/wp-json\/wp\/v2\/pages\/122","targetHints":{"allow":["GET"]}}],"collection":[{"href":"https:\/\/laerkeryge.maktechagency.com\/index.php\/wp-json\/wp\/v2\/pages"}],"about":[{"href":"https:\/\/laerkeryge.maktechagency.com\/index.php\/wp-json\/wp\/v2\/types\/page"}],"author":[{"embeddable":true,"href":"https:\/\/laerkeryge.maktechagency.com\/index.php\/wp-json\/wp\/v2\/users\/1"}],"replies":[{"embeddable":true,"href":"https:\/\/laerkeryge.maktechagency.com\/index.php\/wp-json\/wp\/v2\/comments?post=122"}],"version-history":[{"count":88,"href":"https:\/\/laerkeryge.maktechagency.com\/index.php\/wp-json\/wp\/v2\/pages\/122\/revisions"}],"predecessor-version":[{"id":9149,"href":"https:\/\/laerkeryge.maktechagency.com\/index.php\/wp-json\/wp\/v2\/pages\/122\/revisions\/9149"}],"wp:attachment":[{"href":"https:\/\/laerkeryge.maktechagency.com\/index.php\/wp-json\/wp\/v2\/media?parent=122"}],"curies":[{"name":"wp","href":"https:\/\/api.w.org\/{rel}","templated":true}]}}