{"id":120,"date":"2025-12-20T08:25:23","date_gmt":"2025-12-20T08:25:23","guid":{"rendered":"https:\/\/laerkeryge.maktechagency.com\/?page_id=120"},"modified":"2026-01-07T05:41:16","modified_gmt":"2026-01-07T05:41:16","slug":"cap-7-traduccion","status":"publish","type":"page","link":"https:\/\/laerkeryge.maktechagency.com\/index.php\/cap-7-traduccion\/","title":{"rendered":"Cap 7 Traducci\u00f3n"},"content":{"rendered":"\t\t<div data-elementor-type=\"wp-page\" data-elementor-id=\"120\" class=\"elementor elementor-120\" data-elementor-post-type=\"page\">\n\t\t\t\t<div class=\"elementor-element elementor-element-54bae50 e-con-full e-flex e-con e-parent\" data-id=\"54bae50\" data-element_type=\"container\" data-settings=\"{&quot;background_background&quot;:&quot;classic&quot;}\">\n\t\t\t\t<\/div>\n\t\t<div class=\"elementor-element elementor-element-9727ad4 e-con-full e-flex e-con e-parent\" data-id=\"9727ad4\" data-element_type=\"container\">\n\t\t<div class=\"elementor-element elementor-element-43f9ddf e-con-full e-flex e-con e-child\" data-id=\"43f9ddf\" data-element_type=\"container\">\n\t\t\t\t<div class=\"elementor-element elementor-element-2c7277e elementor-widget elementor-widget-heading\" data-id=\"2c7277e\" data-element_type=\"widget\" data-widget_type=\"heading.default\">\n\t\t\t\t\t<h2 class=\"elementor-heading-title elementor-size-default\">Opsamlende overs\u00e6ttelse til CAP. 7  \u270f\ufe0f \n\n\n<\/h2>\t\t\t\t<\/div>\n\t\t\t\t<div class=\"elementor-element elementor-element-6d9f840 elementor-widget elementor-widget-text-editor\" data-id=\"6d9f840\" data-element_type=\"widget\" data-widget_type=\"text-editor.default\">\n\t\t\t\t\t\t\t\t\t<p><strong>Traducci\u00f3n normal<\/strong><br \/>\u200b1. Man er n\u00f8dt til at tilpasse sig (<em>adaptarse<\/em>) som udl\u00e6nding.<br \/>2. Mange \u00e6ldre (<em>mayor m.<\/em>) holder ikke op med at tale med bageren.<br \/>3. Marie er lige ankommet til M\u00e1laga.<br \/>4. Turisterne b\u00f8r have pr\u00e6sentabelt t\u00f8j p\u00e5 (<em>llevar<\/em>) ligesom spanierne.<br \/>5. Man kan ikke betale med kroner (<em>corona f.<\/em>) i Spanien.<br \/>6. Marie krammer (<em>abrazar<\/em>) Samuels hund, som hedder Oxford.<\/p>\t\t\t\t\t\t\t\t<\/div>\n\t\t\t\t<div class=\"elementor-element elementor-element-6e84fe5 elementor-widget elementor-widget-text-editor\" data-id=\"6e84fe5\" data-element_type=\"widget\" data-widget_type=\"text-editor.default\">\n\t\t\t\t\t\t\t\t\t<p><strong>Traducci\u00f3n avanzada\u200b<\/strong><br \/>1. Man er n\u00f8dt til tilpasse sig som udl\u00e6nding, og man skal v\u00e6re venlig.<br \/>2. Mange \u00e6ldre (<em>mayor<\/em>) holder ikke op med at tale med bageren, som arbejder i bageren.<br \/>3. Marie er lige ankommet til M\u00e1laga, og lidt efter lidt tilpasser hun sig den spanske kultur.<br \/>4. \u00a0Turisterne b\u00f8r have pr\u00e6sentabelt t\u00f8j p\u00e5 (<em>llevar<\/em>) ligesom spanierne, og de b\u00f8r huske (<em>recordar<\/em>) at sige\u00a0De\u00a0til de \u00e6ldre.<br \/>5. Man kan ikke betale med kroner (<em>corona\u00a0f.<\/em>) i Spanien, som man kan g\u00f8re (<em>hacer<\/em>) i Danmark.<br \/>\u200b6. Marie krammer (<em>abrazar<\/em>) Samuels lille nuttede hund, som ligger og sover i sofaen.<\/p>\t\t\t\t\t\t\t\t<\/div>\n\t\t\t\t<\/div>\n\t\t\t\t<\/div>\n\t\t\t\t<\/div>\n\t\t","protected":false},"excerpt":{"rendered":"<p>Opsamlende overs\u00e6ttelse til CAP. 7 \u270f\ufe0f Traducci\u00f3n normal\u200b1. Man er n\u00f8dt til at tilpasse sig (adaptarse) som udl\u00e6nding.2. Mange \u00e6ldre [&hellip;]<\/p>\n","protected":false},"author":1,"featured_media":0,"parent":0,"menu_order":0,"comment_status":"closed","ping_status":"closed","template":"elementor_header_footer","meta":{"site-sidebar-layout":"no-sidebar","site-content-layout":"","ast-site-content-layout":"full-width-container","site-content-style":"default","site-sidebar-style":"default","ast-global-header-display":"","ast-banner-title-visibility":"","ast-main-header-display":"","ast-hfb-above-header-display":"","ast-hfb-below-header-display":"","ast-hfb-mobile-header-display":"","site-post-title":"","ast-breadcrumbs-content":"","ast-featured-img":"disabled","footer-sml-layout":"","ast-disable-related-posts":"","theme-transparent-header-meta":"","adv-header-id-meta":"","stick-header-meta":"","header-above-stick-meta":"","header-main-stick-meta":"","header-below-stick-meta":"","astra-migrate-meta-layouts":"default","ast-page-background-enabled":"default","ast-page-background-meta":{"desktop":{"background-color":"var(--ast-global-color-5)","background-image":"","background-repeat":"repeat","background-position":"center center","background-size":"auto","background-attachment":"scroll","background-type":"","background-media":"","overlay-type":"","overlay-color":"","overlay-opacity":"","overlay-gradient":""},"tablet":{"background-color":"","background-image":"","background-repeat":"repeat","background-position":"center center","background-size":"auto","background-attachment":"scroll","background-type":"","background-media":"","overlay-type":"","overlay-color":"","overlay-opacity":"","overlay-gradient":""},"mobile":{"background-color":"","background-image":"","background-repeat":"repeat","background-position":"center center","background-size":"auto","background-attachment":"scroll","background-type":"","background-media":"","overlay-type":"","overlay-color":"","overlay-opacity":"","overlay-gradient":""}},"ast-content-background-meta":{"desktop":{"background-color":"var(--ast-global-color-4)","background-image":"","background-repeat":"repeat","background-position":"center center","background-size":"auto","background-attachment":"scroll","background-type":"","background-media":"","overlay-type":"","overlay-color":"","overlay-opacity":"","overlay-gradient":""},"tablet":{"background-color":"var(--ast-global-color-4)","background-image":"","background-repeat":"repeat","background-position":"center center","background-size":"auto","background-attachment":"scroll","background-type":"","background-media":"","overlay-type":"","overlay-color":"","overlay-opacity":"","overlay-gradient":""},"mobile":{"background-color":"var(--ast-global-color-4)","background-image":"","background-repeat":"repeat","background-position":"center center","background-size":"auto","background-attachment":"scroll","background-type":"","background-media":"","overlay-type":"","overlay-color":"","overlay-opacity":"","overlay-gradient":""}},"footnotes":""},"class_list":["post-120","page","type-page","status-publish","hentry"],"_links":{"self":[{"href":"https:\/\/laerkeryge.maktechagency.com\/index.php\/wp-json\/wp\/v2\/pages\/120","targetHints":{"allow":["GET"]}}],"collection":[{"href":"https:\/\/laerkeryge.maktechagency.com\/index.php\/wp-json\/wp\/v2\/pages"}],"about":[{"href":"https:\/\/laerkeryge.maktechagency.com\/index.php\/wp-json\/wp\/v2\/types\/page"}],"author":[{"embeddable":true,"href":"https:\/\/laerkeryge.maktechagency.com\/index.php\/wp-json\/wp\/v2\/users\/1"}],"replies":[{"embeddable":true,"href":"https:\/\/laerkeryge.maktechagency.com\/index.php\/wp-json\/wp\/v2\/comments?post=120"}],"version-history":[{"count":19,"href":"https:\/\/laerkeryge.maktechagency.com\/index.php\/wp-json\/wp\/v2\/pages\/120\/revisions"}],"predecessor-version":[{"id":8583,"href":"https:\/\/laerkeryge.maktechagency.com\/index.php\/wp-json\/wp\/v2\/pages\/120\/revisions\/8583"}],"wp:attachment":[{"href":"https:\/\/laerkeryge.maktechagency.com\/index.php\/wp-json\/wp\/v2\/media?parent=120"}],"curies":[{"name":"wp","href":"https:\/\/api.w.org\/{rel}","templated":true}]}}