{"id":118,"date":"2025-12-20T08:25:09","date_gmt":"2025-12-20T08:25:09","guid":{"rendered":"https:\/\/laerkeryge.maktechagency.com\/?page_id=118"},"modified":"2026-01-15T04:04:45","modified_gmt":"2026-01-15T04:04:45","slug":"cap-7-vocabulario","status":"publish","type":"page","link":"https:\/\/laerkeryge.maktechagency.com\/index.php\/cap-7-vocabulario\/","title":{"rendered":"Cap 7 Vocabulario"},"content":{"rendered":"\t\t<div data-elementor-type=\"wp-page\" data-elementor-id=\"118\" class=\"elementor elementor-118\" data-elementor-post-type=\"page\">\n\t\t\t\t<div class=\"elementor-element elementor-element-6a00fd0 e-con-full e-flex e-con e-parent\" data-id=\"6a00fd0\" data-element_type=\"container\" data-settings=\"{&quot;background_background&quot;:&quot;classic&quot;}\">\n\t\t\t\t<\/div>\n\t\t<div class=\"elementor-element elementor-element-30a32c2 e-con-full e-flex e-con e-parent\" data-id=\"30a32c2\" data-element_type=\"container\">\n\t\t<div class=\"elementor-element elementor-element-940fabc e-con-full e-flex e-con e-child\" data-id=\"940fabc\" data-element_type=\"container\">\n\t\t<div class=\"elementor-element elementor-element-48c4c65 e-con-full e-flex e-con e-child\" data-id=\"48c4c65\" data-element_type=\"container\">\n\t\t<div class=\"elementor-element elementor-element-dde10e0 e-con-full e-flex e-con e-child\" data-id=\"dde10e0\" data-element_type=\"container\">\n\t\t\t\t<div class=\"elementor-element elementor-element-f8aa52d elementor-widget elementor-widget-heading\" data-id=\"f8aa52d\" data-element_type=\"widget\" data-widget_type=\"heading.default\">\n\t\t\t\t\t<h2 class=\"elementor-heading-title elementor-size-default\">Opgave 1: Las profesiones  \ud83d\udcac\n\n\n\n<\/h2>\t\t\t\t<\/div>\n\t\t\t\t<div class=\"elementor-element elementor-element-964e896 elementor-widget elementor-widget-text-editor\" data-id=\"964e896\" data-element_type=\"widget\" data-widget_type=\"text-editor.default\">\n\t\t\t\t\t\t\t\t\t<p>a) Traducci\u00f3n<br \/>Overs\u00e6t f\u00f8lgende ord til dansk:\u00a0dentista, enfermero, artista, profesor, estudiante, m\u00e9dico, periodista, actor, contador, panadero, abogado, camarero, ingeniero.<\/p>\t\t\t\t\t\t\t\t<\/div>\n\t\t\t\t<div class=\"elementor-element elementor-element-528d907 elementor-widget elementor-widget-text-editor\" data-id=\"528d907\" data-element_type=\"widget\" data-widget_type=\"text-editor.default\">\n\t\t\t\t\t\t\t\t\t<p>b)\u00a0Tr\u00e6n ordene. Pulse\u00a0<strong><a href=\"https:\/\/quizlet.com\/_4dawsm\" target=\"_blank\" rel=\"noopener noreferrer\">aqu\u00ed<\/a><\/strong><\/p>\t\t\t\t\t\t\t\t<\/div>\n\t\t\t\t<div class=\"elementor-element elementor-element-d52e282 elementor-widget elementor-widget-text-editor\" data-id=\"d52e282\" data-element_type=\"widget\" data-widget_type=\"text-editor.default\">\n\t\t\t\t\t\t\t\t\t<p>c) Las profesiones de las mujeres<br \/>P\u00e5 spansk \u00e6ndres nogle af disse stillingsbetegnelser, n\u00e5r det er en kvinde, der besidder stillingen. Hvad hedder hunk\u00f8nsformerne p\u00e5 spansk af samme stillingsbetegnelser<\/p>\t\t\t\t\t\t\t\t<\/div>\n\t\t\t\t<div class=\"elementor-element elementor-element-3237ec0 elementor-widget elementor-widget-text-editor\" data-id=\"3237ec0\" data-element_type=\"widget\" data-widget_type=\"text-editor.default\">\n\t\t\t\t\t\t\t\t\t<p>d) \u00bfHay un sistema?<br \/>Kan du se et system i disse \u00e6ndringer?<\/p>\t\t\t\t\t\t\t\t<\/div>\n\t\t\t\t<\/div>\n\t\t<div class=\"elementor-element elementor-element-c09f3e8 e-con-full e-flex e-con e-child\" data-id=\"c09f3e8\" data-element_type=\"container\">\n\t\t\t\t<div class=\"elementor-element elementor-element-4266bca elementor-widget elementor-widget-image\" data-id=\"4266bca\" data-element_type=\"widget\" data-widget_type=\"image.default\">\n\t\t\t\t\t\t\t\t\t\t\t\t\t\t\t\t<a href=\"https:\/\/laerkeryge.maktechagency.com\/wp-content\/uploads\/2025\/12\/doctor-ORIGINAL-150x300-1.webp\" data-elementor-open-lightbox=\"yes\" data-e-action-hash=\"#elementor-action%3Aaction%3Dlightbox%26settings%3DeyJpZCI6NTIxMSwidXJsIjoiaHR0cHM6XC9cL2xhZXJrZXJ5Z2UubWFrdGVjaGFnZW5jeS5jb21cL3dwLWNvbnRlbnRcL3VwbG9hZHNcLzIwMjVcLzEyXC9kb2N0b3ItT1JJR0lOQUwtMTUweDMwMC0xLndlYnAifQ%3D%3D\">\n\t\t\t\t\t\t\t<img decoding=\"async\" width=\"150\" height=\"300\" src=\"https:\/\/laerkeryge.maktechagency.com\/wp-content\/uploads\/2025\/12\/doctor-ORIGINAL-150x300-1.webp\" class=\"attachment-full size-full wp-image-5211\" alt=\"\" \/>\t\t\t\t\t\t\t\t<\/a>\n\t\t\t\t\t\t\t\t\t\t\t\t\t\t\t<\/div>\n\t\t\t\t<\/div>\n\t\t\t\t<\/div>\n\t\t\t\t<div class=\"elementor-element elementor-element-995ee0d elementor-widget elementor-widget-text-editor\" data-id=\"995ee0d\" data-element_type=\"widget\" data-widget_type=\"text-editor.default\">\n\t\t\t\t\t\t\t\t\t<p>e) Cinco personas que conoces<br \/>T\u00e6nk p\u00e5 fem personer, som du kender, der har et arbejde. Fort\u00e6l din sidemand, hvad personerne laver, og hvor de arbejder.\u00a0Husk at v\u00e6lge den korrekte stillingsbetegnelse, alt efter om der er tale om en mand eller en kvinde. Fx\u00a0<em>Mi madre es cajera en un supermercado<\/em>\u00a0(min mor er kassedame i et supermarked). Bliver det for nemt, kan du udvide opgaven ved at inkludere en personbeskrivelse med udgangspunkt i opskriften fra\u00a0<strong><a href=\"https:\/\/www.unmesenmalaga.com\/cap-2-vocabulario\" target=\"_blank\" rel=\"noopener noreferrer\">Cap. 2<\/a><\/strong><\/p>\t\t\t\t\t\t\t\t<\/div>\n\t\t\t\t<\/div>\n\t\t<div class=\"elementor-element elementor-element-d737bde e-con-full e-flex e-con e-child\" data-id=\"d737bde\" data-element_type=\"container\">\n\t\t<div class=\"elementor-element elementor-element-e487608 e-con-full e-flex e-con e-child\" data-id=\"e487608\" data-element_type=\"container\">\n\t\t<div class=\"elementor-element elementor-element-f687118 e-con-full e-flex e-con e-child\" data-id=\"f687118\" data-element_type=\"container\">\n\t\t\t\t<div class=\"elementor-element elementor-element-a07f676 elementor-widget elementor-widget-heading\" data-id=\"a07f676\" data-element_type=\"widget\" data-widget_type=\"heading.default\">\n\t\t\t\t\t<h2 class=\"elementor-heading-title elementor-size-default\">Opgave 2: Que y como  \ud83d\udcac \u270f\ufe0f\n\n\n\n<\/h2>\t\t\t\t<\/div>\n\t\t\t\t<div class=\"elementor-element elementor-element-86d455a elementor-widget elementor-widget-text-editor\" data-id=\"86d455a\" data-element_type=\"widget\" data-widget_type=\"text-editor.default\">\n\t\t\t\t\t\t\t\t\t<p><strong>Kend dit que<\/strong><br \/>Qu\u00e9: sp\u00f8rgeord eller udr\u00e5bsord<br \/>Que: som\/der (relativt pronomen)<br \/>at (bis\u00e6tningsindleder)<br \/>Que: end (ved sammenligning)<\/p>\t\t\t\t\t\t\t\t<\/div>\n\t\t\t\t<div class=\"elementor-element elementor-element-11f2906 elementor-widget elementor-widget-text-editor\" data-id=\"11f2906\" data-element_type=\"widget\" data-widget_type=\"text-editor.default\">\n\t\t\t\t\t\t\t\t\t<p>a) Traducci\u00f3n de una carta<br \/>Overs\u00e6t f\u00f8lgende brev til dansk med fokus p\u00e5 korrekt overs\u00e6ttelse af\u00a0<em>qu\u00e9<\/em>\u00a0og\u00a0<em>que<\/em>:<\/p>\t\t\t\t\t\t\t\t<\/div>\n\t\t\t\t<div class=\"elementor-element elementor-element-655eb3e elementor-widget elementor-widget-text-editor\" data-id=\"655eb3e\" data-element_type=\"widget\" data-widget_type=\"text-editor.default\">\n\t\t\t\t\t\t\t\t\t<p>Hola Laura<br \/>\u00a1Qu\u00e9 semana tan interesante! \u00bfQu\u00e9 has hecho en Alemania? \u00bfHas visitado a Heinz que vive en Berl\u00edn?<br \/>\u200bPienso que es muy importante viajar.<br \/>Un abrazo,<br \/>Marie.<\/p>\t\t\t\t\t\t\t\t<\/div>\n\t\t\t\t<div class=\"elementor-element elementor-element-3aedf29 elementor-widget elementor-widget-text-editor\" data-id=\"3aedf29\" data-element_type=\"widget\" data-widget_type=\"text-editor.default\">\n\t\t\t\t\t\t\t\t\t<p><strong>Bonusinfo:<\/strong>\u00a0Husk, (at) bis\u00e6tningsindlederen\u00a0<em>at<\/em>\u00a0ALDRIG m\u00e5 udelades p\u00e5 spansk.<br \/>P\u00e5 dansk m\u00e5 vi i mange tilf\u00e6lde gerne udelade den.<br \/>Dansk: Jeg tror, (at) han bor i Madrid.<br \/>Spansk: Creo que vive en Madrid.<\/p>\t\t\t\t\t\t\t\t<\/div>\n\t\t\t\t<div class=\"elementor-element elementor-element-a626ace elementor-widget elementor-widget-text-editor\" data-id=\"a626ace\" data-element_type=\"widget\" data-widget_type=\"text-editor.default\">\n\t\t\t\t\t\t\t\t\t<p><strong>Kend dit como<\/strong><br \/>Blander du ogs\u00e5\u00a0<em>que<\/em>\u00a0og\u00a0<em>como<\/em>\u00a0sammen?\u00a0Kan<em>\u00a0<\/em><em>som<\/em>\u00a0erstattes med\u00a0<em>s\u00e5dan\u00a0<\/em><em>som\/ligesom\/i egenskab af<\/em>, skal du bruge\u00a0<em>como<\/em>.<br \/>Overs\u00e6t eksemplerne herunder.<br \/>1. Javier trabaja\u00a0como artista.<br \/>2. Vivo como un rey.<\/p>\t\t\t\t\t\t\t\t<\/div>\n\t\t\t\t<div class=\"elementor-element elementor-element-9ab3220 elementor-widget elementor-widget-text-editor\" data-id=\"9ab3220\" data-element_type=\"widget\" data-widget_type=\"text-editor.default\">\n\t\t\t\t\t\t\t\t\t<p>\u200b<strong>Bonusinfo:\u00a0<\/strong>Ordet\u00a0<em>c\u00f3mo<\/em>\u00a0(med trykstreg) betyder\u00a0<em>hvordan<\/em>\u00a0og er et sp\u00f8rgeord. Kan du g\u00e6tte, hvad denne dialog betyder?<br \/>\u00bfC\u00f3mo comes?<br \/>\u00a1Como como, como!\u200b<\/p>\t\t\t\t\t\t\t\t<\/div>\n\t\t\t\t<div class=\"elementor-element elementor-element-bce58b0 elementor-widget elementor-widget-text-editor\" data-id=\"bce58b0\" data-element_type=\"widget\" data-widget_type=\"text-editor.default\">\n\t\t\t\t\t\t\t\t\t<p>b) Las diferencias entre que\/qu\u00e9 y\u00a0como\/c\u00f3mo<br \/>Har du styr p\u00e5 dit que\/qu\u00e9 og como\/c\u00f3mo?\u00a0Pulse\u00a0<strong><a href=\"https:\/\/www.quia.com\/quiz\/6592295.html\" target=\"_blank\" rel=\"noopener noreferrer\">aqu\u00ed\u00a0<\/a><\/strong><\/p>\t\t\t\t\t\t\t\t<\/div>\n\t\t\t\t<\/div>\n\t\t<div class=\"elementor-element elementor-element-bc69edc e-con-full e-flex e-con e-child\" data-id=\"bc69edc\" data-element_type=\"container\">\n\t\t\t\t<div class=\"elementor-element elementor-element-9900c43 elementor-widget elementor-widget-image\" data-id=\"9900c43\" data-element_type=\"widget\" data-widget_type=\"image.default\">\n\t\t\t\t\t\t\t\t\t\t\t\t\t\t\t\t<a href=\"https:\/\/laerkeryge.maktechagency.com\/wp-content\/uploads\/2025\/12\/wordcloud-2-180x173-1.png\" data-elementor-open-lightbox=\"yes\" data-e-action-hash=\"#elementor-action%3Aaction%3Dlightbox%26settings%3DeyJpZCI6NTIyNywidXJsIjoiaHR0cHM6XC9cL2xhZXJrZXJ5Z2UubWFrdGVjaGFnZW5jeS5jb21cL3dwLWNvbnRlbnRcL3VwbG9hZHNcLzIwMjVcLzEyXC93b3JkY2xvdWQtMi0xODB4MTczLTEucG5nIn0%3D\">\n\t\t\t\t\t\t\t<img decoding=\"async\" width=\"180\" height=\"173\" src=\"https:\/\/laerkeryge.maktechagency.com\/wp-content\/uploads\/2025\/12\/wordcloud-2-180x173-1.png\" class=\"attachment-full size-full wp-image-5227\" alt=\"\" \/>\t\t\t\t\t\t\t\t<\/a>\n\t\t\t\t\t\t\t\t\t\t\t\t\t\t\t<\/div>\n\t\t\t\t<\/div>\n\t\t\t\t<\/div>\n\t\t\t\t<\/div>\n\t\t<div class=\"elementor-element elementor-element-ac68ef2 e-con-full e-flex e-con e-child\" data-id=\"ac68ef2\" data-element_type=\"container\">\n\t\t<div class=\"elementor-element elementor-element-f274adb e-con-full e-flex e-con e-child\" data-id=\"f274adb\" data-element_type=\"container\">\n\t\t<div class=\"elementor-element elementor-element-d9133d0 e-con-full e-flex e-con e-child\" data-id=\"d9133d0\" data-element_type=\"container\">\n\t\t\t\t<div class=\"elementor-element elementor-element-478d843 elementor-widget elementor-widget-image\" data-id=\"478d843\" data-element_type=\"widget\" data-widget_type=\"image.default\">\n\t\t\t\t\t\t\t\t\t\t\t\t\t\t\t\t<a href=\"https:\/\/laerkeryge.maktechagency.com\/wp-content\/uploads\/2025\/12\/puppy-ORIGINAL-1024x739-1.webp\" data-elementor-open-lightbox=\"yes\" data-e-action-hash=\"#elementor-action%3Aaction%3Dlightbox%26settings%3DeyJpZCI6NTIzNCwidXJsIjoiaHR0cHM6XC9cL2xhZXJrZXJ5Z2UubWFrdGVjaGFnZW5jeS5jb21cL3dwLWNvbnRlbnRcL3VwbG9hZHNcLzIwMjVcLzEyXC9wdXBweS1PUklHSU5BTC0xMDI0eDczOS0xLndlYnAifQ%3D%3D\">\n\t\t\t\t\t\t\t<img fetchpriority=\"high\" decoding=\"async\" width=\"1024\" height=\"739\" src=\"https:\/\/laerkeryge.maktechagency.com\/wp-content\/uploads\/2025\/12\/puppy-ORIGINAL-1024x739-1.webp\" class=\"attachment-full size-full wp-image-5234\" alt=\"\" srcset=\"https:\/\/laerkeryge.maktechagency.com\/wp-content\/uploads\/2025\/12\/puppy-ORIGINAL-1024x739-1.webp 1024w, https:\/\/laerkeryge.maktechagency.com\/wp-content\/uploads\/2025\/12\/puppy-ORIGINAL-1024x739-1-300x217.webp 300w, https:\/\/laerkeryge.maktechagency.com\/wp-content\/uploads\/2025\/12\/puppy-ORIGINAL-1024x739-1-768x554.webp 768w\" sizes=\"(max-width: 1024px) 100vw, 1024px\" \/>\t\t\t\t\t\t\t\t<\/a>\n\t\t\t\t\t\t\t\t\t\t\t\t\t\t\t<\/div>\n\t\t\t\t<div class=\"elementor-element elementor-element-9c10e3e elementor-widget elementor-widget-text-editor\" data-id=\"9c10e3e\" data-element_type=\"widget\" data-widget_type=\"text-editor.default\">\n\t\t\t\t\t\t\t\t\t<div class=\"wpb_column vc_column_container vc_col-sm-4\"><div class=\"vc_column-inner\"><div class=\"wpb_wrapper\"><div class=\"vc_row wpb_row vc_inner vc_row-fluid min-height-346 vc_custom_1551792828451 vc_row-has-fill\"><div class=\"wpb_column vc_column_container vc_col-sm-12\"><div class=\"vc_column-inner\"><div class=\"wpb_wrapper\"><div class=\"wpb_text_column wpb_content_element \"><div class=\"wpb_wrapper\"><p><strong>\u00a1Qu\u00e9 perrito peque\u00f1ito!<\/strong><\/p><\/div><\/div><\/div><\/div><\/div><\/div><\/div><\/div><\/div>\t\t\t\t\t\t\t\t<\/div>\n\t\t\t\t<\/div>\n\t\t<div class=\"elementor-element elementor-element-327c6c8 e-con-full e-flex e-con e-child\" data-id=\"327c6c8\" data-element_type=\"container\">\n\t\t<div class=\"elementor-element elementor-element-7777b7a e-con-full e-flex e-con e-child\" data-id=\"7777b7a\" data-element_type=\"container\" data-settings=\"{&quot;background_background&quot;:&quot;classic&quot;}\">\n\t\t<div class=\"elementor-element elementor-element-3b855af e-con-full e-flex e-con e-child\" data-id=\"3b855af\" data-element_type=\"container\" data-settings=\"{&quot;background_background&quot;:&quot;classic&quot;}\">\n\t\t\t\t<div class=\"elementor-element elementor-element-a30e63d elementor-widget elementor-widget-text-editor\" data-id=\"a30e63d\" data-element_type=\"widget\" data-widget_type=\"text-editor.default\">\n\t\t\t\t\t\t\t\t\t<p><strong>\u00bfSabes que?\u00a0<\/strong><\/p>\t\t\t\t\t\t\t\t<\/div>\n\t\t\t\t<div class=\"elementor-element elementor-element-2e91616 elementor-widget elementor-widget-text-editor\" data-id=\"2e91616\" data-element_type=\"widget\" data-widget_type=\"text-editor.default\">\n\t\t\t\t\t\t\t\t\t<p>Du kan s\u00e6tte den s\u00e6rlige endelse\u00a0<em>-ito<\/em>\u00a0p\u00e5 spanske substantiver og adjektiver, hvis du gerne vil till\u00e6gge betydningen af ordet noget mindre, s\u00f8dt og m\u00e5ske endda lidt hyggeligt eller k\u00e6rligt. Endelsen skal b\u00f8jes i k\u00f8n og tal.<\/p>\t\t\t\t\t\t\t\t<\/div>\n\t\t\t\t<div class=\"elementor-element elementor-element-743d045 elementor-widget elementor-widget-text-editor\" data-id=\"743d045\" data-element_type=\"widget\" data-widget_type=\"text-editor.default\">\n\t\t\t\t\t\t\t\t\t<p>Substantiver:<br \/>Es un perrito\u00a0\u2192 Det er en lille (nuttet) hund.<br \/>Quiero un besito\u00a0 \u2192\u00a0Jeg vil have et lille (rart) kys.<\/p>\t\t\t\t\t\t\t\t<\/div>\n\t\t\t\t<div class=\"elementor-element elementor-element-384e70a elementor-widget elementor-widget-text-editor\" data-id=\"384e70a\" data-element_type=\"widget\" data-widget_type=\"text-editor.default\">\n\t\t\t\t\t\t\t\t\t<p>Adjektiver:<br \/>Mi hermana es gordita \u2192\u00a0Min s\u00f8ster er lidt buttet.<br \/>Mi hermano es bajito\u00a0\u2192 Min bror er lidt lav.<\/p>\t\t\t\t\t\t\t\t<\/div>\n\t\t\t\t<\/div>\n\t\t\t\t<\/div>\n\t\t\t\t<\/div>\n\t\t\t\t<\/div>\n\t\t\t\t<\/div>\n\t\t\t\t<\/div>\n\t\t\t\t<\/div>\n\t\t","protected":false},"excerpt":{"rendered":"<p>Opgave 1: Las profesiones \ud83d\udcac a) Traducci\u00f3nOvers\u00e6t f\u00f8lgende ord til dansk:\u00a0dentista, enfermero, artista, profesor, estudiante, m\u00e9dico, periodista, actor, contador, panadero, [&hellip;]<\/p>\n","protected":false},"author":1,"featured_media":0,"parent":0,"menu_order":0,"comment_status":"closed","ping_status":"closed","template":"elementor_header_footer","meta":{"site-sidebar-layout":"no-sidebar","site-content-layout":"","ast-site-content-layout":"full-width-container","site-content-style":"default","site-sidebar-style":"default","ast-global-header-display":"","ast-banner-title-visibility":"","ast-main-header-display":"","ast-hfb-above-header-display":"","ast-hfb-below-header-display":"","ast-hfb-mobile-header-display":"","site-post-title":"","ast-breadcrumbs-content":"","ast-featured-img":"disabled","footer-sml-layout":"","ast-disable-related-posts":"","theme-transparent-header-meta":"","adv-header-id-meta":"","stick-header-meta":"","header-above-stick-meta":"","header-main-stick-meta":"","header-below-stick-meta":"","astra-migrate-meta-layouts":"default","ast-page-background-enabled":"default","ast-page-background-meta":{"desktop":{"background-color":"var(--ast-global-color-5)","background-image":"","background-repeat":"repeat","background-position":"center center","background-size":"auto","background-attachment":"scroll","background-type":"","background-media":"","overlay-type":"","overlay-color":"","overlay-opacity":"","overlay-gradient":""},"tablet":{"background-color":"","background-image":"","background-repeat":"repeat","background-position":"center center","background-size":"auto","background-attachment":"scroll","background-type":"","background-media":"","overlay-type":"","overlay-color":"","overlay-opacity":"","overlay-gradient":""},"mobile":{"background-color":"","background-image":"","background-repeat":"repeat","background-position":"center center","background-size":"auto","background-attachment":"scroll","background-type":"","background-media":"","overlay-type":"","overlay-color":"","overlay-opacity":"","overlay-gradient":""}},"ast-content-background-meta":{"desktop":{"background-color":"var(--ast-global-color-4)","background-image":"","background-repeat":"repeat","background-position":"center center","background-size":"auto","background-attachment":"scroll","background-type":"","background-media":"","overlay-type":"","overlay-color":"","overlay-opacity":"","overlay-gradient":""},"tablet":{"background-color":"var(--ast-global-color-4)","background-image":"","background-repeat":"repeat","background-position":"center center","background-size":"auto","background-attachment":"scroll","background-type":"","background-media":"","overlay-type":"","overlay-color":"","overlay-opacity":"","overlay-gradient":""},"mobile":{"background-color":"var(--ast-global-color-4)","background-image":"","background-repeat":"repeat","background-position":"center center","background-size":"auto","background-attachment":"scroll","background-type":"","background-media":"","overlay-type":"","overlay-color":"","overlay-opacity":"","overlay-gradient":""}},"footnotes":""},"class_list":["post-118","page","type-page","status-publish","hentry"],"_links":{"self":[{"href":"https:\/\/laerkeryge.maktechagency.com\/index.php\/wp-json\/wp\/v2\/pages\/118","targetHints":{"allow":["GET"]}}],"collection":[{"href":"https:\/\/laerkeryge.maktechagency.com\/index.php\/wp-json\/wp\/v2\/pages"}],"about":[{"href":"https:\/\/laerkeryge.maktechagency.com\/index.php\/wp-json\/wp\/v2\/types\/page"}],"author":[{"embeddable":true,"href":"https:\/\/laerkeryge.maktechagency.com\/index.php\/wp-json\/wp\/v2\/users\/1"}],"replies":[{"embeddable":true,"href":"https:\/\/laerkeryge.maktechagency.com\/index.php\/wp-json\/wp\/v2\/comments?post=118"}],"version-history":[{"count":121,"href":"https:\/\/laerkeryge.maktechagency.com\/index.php\/wp-json\/wp\/v2\/pages\/118\/revisions"}],"predecessor-version":[{"id":9119,"href":"https:\/\/laerkeryge.maktechagency.com\/index.php\/wp-json\/wp\/v2\/pages\/118\/revisions\/9119"}],"wp:attachment":[{"href":"https:\/\/laerkeryge.maktechagency.com\/index.php\/wp-json\/wp\/v2\/media?parent=118"}],"curies":[{"name":"wp","href":"https:\/\/api.w.org\/{rel}","templated":true}]}}