{"id":116,"date":"2025-12-20T08:25:00","date_gmt":"2025-12-20T08:25:00","guid":{"rendered":"https:\/\/laerkeryge.maktechagency.com\/?page_id=116"},"modified":"2026-01-15T04:03:32","modified_gmt":"2026-01-15T04:03:32","slug":"cap-7-gramatica","status":"publish","type":"page","link":"https:\/\/laerkeryge.maktechagency.com\/index.php\/cap-7-gramatica\/","title":{"rendered":"Cap 7 Gram\u00e1tica"},"content":{"rendered":"\t\t<div data-elementor-type=\"wp-page\" data-elementor-id=\"116\" class=\"elementor elementor-116\" data-elementor-post-type=\"page\">\n\t\t\t\t<div class=\"elementor-element elementor-element-6750d19 e-con-full e-flex e-con e-parent\" data-id=\"6750d19\" data-element_type=\"container\" data-settings=\"{&quot;background_background&quot;:&quot;classic&quot;}\">\n\t\t\t\t<\/div>\n\t\t<div class=\"elementor-element elementor-element-946f5be e-con-full e-flex e-con e-parent\" data-id=\"946f5be\" data-element_type=\"container\">\n\t\t<div class=\"elementor-element elementor-element-493cb55 e-con-full e-flex e-con e-child\" data-id=\"493cb55\" data-element_type=\"container\">\n\t\t\t\t<div class=\"elementor-element elementor-element-5ddc87d elementor-widget elementor-widget-heading\" data-id=\"5ddc87d\" data-element_type=\"widget\" data-widget_type=\"heading.default\">\n\t\t\t\t\t<h2 class=\"elementor-heading-title elementor-size-default\">Opgave 1: Verbalperifraser  \n\n\n<\/h2>\t\t\t\t<\/div>\n\t\t\t\t<div class=\"elementor-element elementor-element-36c4238 elementor-widget elementor-widget-text-editor\" data-id=\"36c4238\" data-element_type=\"widget\" data-widget_type=\"text-editor.default\">\n\t\t\t\t\t\t\t\t\t<p>\u200bEn verbalperifrase er et sammensat verballed, der best\u00e5r af:<\/p>\t\t\t\t\t\t\t\t<\/div>\n\t\t\t\t<div class=\"elementor-element elementor-element-51c9f74 elementor-widget elementor-widget-image\" data-id=\"51c9f74\" data-element_type=\"widget\" data-widget_type=\"image.default\">\n\t\t\t\t\t\t\t\t\t\t\t\t\t\t\t\t<a href=\"https:\/\/laerkeryge.maktechagency.com\/wp-content\/uploads\/2025\/12\/Wordcloud-1-300x226-1.webp\" data-elementor-open-lightbox=\"yes\" data-e-action-hash=\"#elementor-action%3Aaction%3Dlightbox%26settings%3DeyJpZCI6NTEzMywidXJsIjoiaHR0cHM6XC9cL2xhZXJrZXJ5Z2UubWFrdGVjaGFnZW5jeS5jb21cL3dwLWNvbnRlbnRcL3VwbG9hZHNcLzIwMjVcLzEyXC9Xb3JkY2xvdWQtMS0zMDB4MjI2LTEud2VicCJ9\">\n\t\t\t\t\t\t\t<img fetchpriority=\"high\" decoding=\"async\" width=\"300\" height=\"226\" src=\"https:\/\/laerkeryge.maktechagency.com\/wp-content\/uploads\/2025\/12\/Wordcloud-1-300x226-1.webp\" class=\"attachment-full size-full wp-image-5133\" alt=\"\" \/>\t\t\t\t\t\t\t\t<\/a>\n\t\t\t\t\t\t\t\t\t\t\t\t\t\t\t<\/div>\n\t\t\t\t<div class=\"elementor-element elementor-element-eb8b688 elementor-widget elementor-widget-text-editor\" data-id=\"eb8b688\" data-element_type=\"widget\" data-widget_type=\"text-editor.default\">\n\t\t\t\t\t\t\t\t\t<p>\u200bEn verbalperifrase er et sammensat verballed, der best\u00e5r af:<\/p>\t\t\t\t\t\t\t\t<\/div>\n\t\t\t\t<div class=\"elementor-element elementor-element-a2a028f elementor-widget elementor-widget-text-editor\" data-id=\"a2a028f\" data-element_type=\"widget\" data-widget_type=\"text-editor.default\">\n\t\t\t\t\t\t\t\t\t<p>En verbalperifrase er s\u00e5ledes en slags fast formel, hvor det personb\u00f8jende verbum mister sin grundbetydning, og en helt ny betydning opst\u00e5r. Du har allerede m\u00f8dt i alt fire verbalperifraser\u00a0i tidligere kapitler:<\/p>\t\t\t\t\t\t\t\t<\/div>\n\t\t\t\t<div class=\"elementor-element elementor-element-f07e797 elementor-widget elementor-widget-text-editor\" data-id=\"f07e797\" data-element_type=\"widget\" data-widget_type=\"text-editor.default\">\n\t\t\t\t\t\t\t\t\t<p><em>ir a + infinitiv<\/em>\u00a0(n\u00e6r fremtid) i\u00a0<span style=\"font-size: 16px; font-style: normal; font-weight: 400;\">\u00a0<\/span><strong><a href=\"https:\/\/laerkeryge.maktechagency.com\/index.php\/cap-1-gramatica\/\" target=\"_blank\" rel=\"noopener noreferrer\">Cap. 1<\/a><\/strong><br \/><em>estar + gerundium<\/em>\u00a0(den igangv\u00e6rende handling) i\u00a0<strong><a href=\"https:\/\/laerkeryge.maktechagency.com\/index.php\/cap-2-gramatica\/\" target=\"_blank\" rel=\"noopener noreferrer\">Cap. 2<\/a>\u00a0<\/strong><br \/><em>ir + gerundium<\/em>\u00a0(den gradvise handling) i\u00a0<strong><a href=\"https:\/\/laerkeryge.maktechagency.com\/index.php\/cap-2-gramatica\/\" target=\"_blank\" rel=\"noopener noreferrer\">Cap. 2<\/a><\/strong><br \/><em>tener que + infinitiv<\/em>\u00a0(at blive n\u00f8dt til) i\u00a0<strong><a href=\"https:\/\/laerkeryge.maktechagency.com\/index.php\/cap-2-gramatica\/\" target=\"_blank\" rel=\"noopener noreferrer\">Cap. 2<\/a><\/strong><\/p>\t\t\t\t\t\t\t\t<\/div>\n\t\t\t\t<div class=\"elementor-element elementor-element-0f7050b elementor-widget elementor-widget-text-editor\" data-id=\"0f7050b\" data-element_type=\"widget\" data-widget_type=\"text-editor.default\">\n\t\t\t\t\t\t\t\t\ta) Find verbalperifraserne\u00a0 <span class=\"TextRun SCXW51554709 BCX0\" lang=\"DA-DK\" xml:lang=\"DA-DK\" data-contrast=\"auto\"><span class=\"NormalTextRun SCXW51554709 BCX0\">\ud83d\udcac<\/span><\/span><\/br>\u200bI l\u00e6serbrevet \u201c\u00a1Los extranjeros nos debemos adaptar a la cultura malague\u00f1a!\u201d\u00a0st\u00f8der du p\u00e5 tre forskellige verbalperifraser. Kan du finde de tre verbalperifraser i nedenst\u00e5ende to s\u00e6tninger?\t\t\t\t\t\t\t\t<\/div>\n\t\t\t\t<div class=\"elementor-element elementor-element-9d6ffac elementor-widget elementor-widget-text-editor\" data-id=\"9d6ffac\" data-element_type=\"widget\" data-widget_type=\"text-editor.default\">\n\t\t\t\t\t\t\t\t\t<div class=\"wpb_text_column wpb_content_element \"><div class=\"wpb_wrapper\"><ol><li>Tambi\u00e9n hay que tratar diferentemente a los ancianos \u2026<\/li><li>Por eso \u2013\u00a0queridos amigos extranjeros \u2013\u00a0tenemos que dejar de quejarnos \u2026<\/li><\/ol><\/div><\/div>\t\t\t\t\t\t\t\t<\/div>\n\t\t\t\t<div class=\"elementor-element elementor-element-8cb38c5 elementor-widget elementor-widget-text-editor\" data-id=\"8cb38c5\" data-element_type=\"widget\" data-widget_type=\"text-editor.default\">\n\t\t\t\t\t\t\t\t\t<p>b) Overs\u00e6t verbalperifraser\u00a0\u00a0\u270f\ufe0f<br \/>Overs\u00e6t nedenst\u00e5ende verbalperifraser (brug ordbog), og skriv et valgfrit eksempel med hver.<\/p>\t\t\t\t\t\t\t\t<\/div>\n\t\t\t\t<div class=\"elementor-element elementor-element-7ffe0f3 elementor-widget elementor-widget-text-editor\" data-id=\"7ffe0f3\" data-element_type=\"widget\" data-widget_type=\"text-editor.default\">\n\t\t\t\t\t\t\t\t\t<p>1. Acabar de + infinitiv<br \/>2. Dejar de + infinitiv<br \/>3. Empezar a + infinitiv<br \/>4.\u00a0Ir a + infinitiv<br \/>5. Ponerse a + infinitiv<br \/>6. Tener que + infinitiv<br \/>7. Volver a + infinitiv<br \/>8. Hay que + infinitiv<br \/>9. Estar + gerundium<br \/>10. Ir + gerundium<\/p>\t\t\t\t\t\t\t\t<\/div>\n\t\t\t\t<div class=\"elementor-element elementor-element-08caddc elementor-widget elementor-widget-text-editor\" data-id=\"08caddc\" data-element_type=\"widget\" data-widget_type=\"text-editor.default\">\n\t\t\t\t\t\t\t\t\t<p>c) Tr\u00e6n verbalperifraser. Pulse\u00a0<strong><a href=\"https:\/\/quizlet.com\/_3ne8n2\" target=\"_blank\" rel=\"noopener noreferrer\">aqu\u00ed<\/a>\u00a0<\/strong><\/p>\t\t\t\t\t\t\t\t<\/div>\n\t\t\t\t<div class=\"elementor-element elementor-element-06d4394 elementor-widget elementor-widget-text-editor\" data-id=\"06d4394\" data-element_type=\"widget\" data-widget_type=\"text-editor.default\">\n\t\t\t\t\t\t\t\t\t<p>Lagde du m\u00e6rke til, at\u00a0<em>hay que + infinitiv<\/em>\u00a0og\u00a0<em>tener que + infinitiv<\/em>\u00a0betyder mere eller mindre det samme?<br \/>Du skal benytte\u00a0<em>hay que + infinitiv<\/em>, n\u00e5r du snakker om almengyldige sandheder, fx \u201c<em>Hay que comer para sobrevivir\u201d.\u00a0<\/em><br \/><em>Hay que + infinitiv<\/em>\u00a0overs\u00e6ttes derfor ofte med\u00a0<em>man m\u00e5<\/em>\u00a0eller\u00a0<em>man skal.<\/em><\/p>\t\t\t\t\t\t\t\t<\/div>\n\t\t\t\t<div class=\"elementor-element elementor-element-f6b4abc elementor-widget elementor-widget-text-editor\" data-id=\"f6b4abc\" data-element_type=\"widget\" data-widget_type=\"text-editor.default\">\n\t\t\t\t\t\t\t\t\t<p>d) Fyr l\u00f8s!\u00a0 <span class=\"TextRun SCXW51554709 BCX0\" lang=\"DA-DK\" xml:lang=\"DA-DK\" data-contrast=\"auto\"><span class=\"NormalTextRun SCXW51554709 BCX0\">\ud83d\udcac<\/span><\/span><br \/>\u200bKig p\u00e5 nedenst\u00e5ende billeder, og lav s\u00e6tninger med verbalperifraserne. Fyr l\u00f8s!<\/p>\t\t\t\t\t\t\t\t<\/div>\n\t\t<div class=\"elementor-element elementor-element-3af9af9 e-grid e-con-full e-con e-child\" data-id=\"3af9af9\" data-element_type=\"container\">\n\t\t<div class=\"elementor-element elementor-element-f4c034e e-con-full e-flex e-con e-child\" data-id=\"f4c034e\" data-element_type=\"container\">\n\t\t\t\t<div class=\"elementor-element elementor-element-53982ee elementor-widget elementor-widget-image\" data-id=\"53982ee\" data-element_type=\"widget\" data-widget_type=\"image.default\">\n\t\t\t\t\t\t\t\t\t\t\t\t\t\t\t\t<a href=\"https:\/\/laerkeryge.maktechagency.com\/wp-content\/uploads\/2025\/12\/Photo-1-ORIGINAL-1-1024x684-1.webp\" data-elementor-open-lightbox=\"yes\" data-e-action-hash=\"#elementor-action%3Aaction%3Dlightbox%26settings%3DeyJpZCI6NTE0OSwidXJsIjoiaHR0cHM6XC9cL2xhZXJrZXJ5Z2UubWFrdGVjaGFnZW5jeS5jb21cL3dwLWNvbnRlbnRcL3VwbG9hZHNcLzIwMjVcLzEyXC9QaG90by0xLU9SSUdJTkFMLTEtMTAyNHg2ODQtMS53ZWJwIn0%3D\">\n\t\t\t\t\t\t\t<img decoding=\"async\" width=\"1024\" height=\"684\" src=\"https:\/\/laerkeryge.maktechagency.com\/wp-content\/uploads\/2025\/12\/Photo-1-ORIGINAL-1-1024x684-1.webp\" class=\"attachment-full size-full wp-image-5149\" alt=\"\" srcset=\"https:\/\/laerkeryge.maktechagency.com\/wp-content\/uploads\/2025\/12\/Photo-1-ORIGINAL-1-1024x684-1.webp 1024w, https:\/\/laerkeryge.maktechagency.com\/wp-content\/uploads\/2025\/12\/Photo-1-ORIGINAL-1-1024x684-1-300x200.webp 300w, https:\/\/laerkeryge.maktechagency.com\/wp-content\/uploads\/2025\/12\/Photo-1-ORIGINAL-1-1024x684-1-768x513.webp 768w\" sizes=\"(max-width: 1024px) 100vw, 1024px\" \/>\t\t\t\t\t\t\t\t<\/a>\n\t\t\t\t\t\t\t\t\t\t\t\t\t\t\t<\/div>\n\t\t\t\t<\/div>\n\t\t<div class=\"elementor-element elementor-element-06b786a e-con-full e-flex e-con e-child\" data-id=\"06b786a\" data-element_type=\"container\">\n\t\t\t\t<div class=\"elementor-element elementor-element-cf670f9 elementor-widget elementor-widget-image\" data-id=\"cf670f9\" data-element_type=\"widget\" data-widget_type=\"image.default\">\n\t\t\t\t\t\t\t\t\t\t\t\t\t\t\t\t<a href=\"https:\/\/laerkeryge.maktechagency.com\/wp-content\/uploads\/2025\/12\/Photo-2-ORIGINAL-1-1024x768-1.webp\" data-elementor-open-lightbox=\"yes\" data-e-action-hash=\"#elementor-action%3Aaction%3Dlightbox%26settings%3DeyJpZCI6NTE1MCwidXJsIjoiaHR0cHM6XC9cL2xhZXJrZXJ5Z2UubWFrdGVjaGFnZW5jeS5jb21cL3dwLWNvbnRlbnRcL3VwbG9hZHNcLzIwMjVcLzEyXC9QaG90by0yLU9SSUdJTkFMLTEtMTAyNHg3NjgtMS53ZWJwIn0%3D\">\n\t\t\t\t\t\t\t<img decoding=\"async\" width=\"1024\" height=\"768\" src=\"https:\/\/laerkeryge.maktechagency.com\/wp-content\/uploads\/2025\/12\/Photo-2-ORIGINAL-1-1024x768-1.webp\" class=\"attachment-full size-full wp-image-5150\" alt=\"\" srcset=\"https:\/\/laerkeryge.maktechagency.com\/wp-content\/uploads\/2025\/12\/Photo-2-ORIGINAL-1-1024x768-1.webp 1024w, https:\/\/laerkeryge.maktechagency.com\/wp-content\/uploads\/2025\/12\/Photo-2-ORIGINAL-1-1024x768-1-300x225.webp 300w, https:\/\/laerkeryge.maktechagency.com\/wp-content\/uploads\/2025\/12\/Photo-2-ORIGINAL-1-1024x768-1-768x576.webp 768w\" sizes=\"(max-width: 1024px) 100vw, 1024px\" \/>\t\t\t\t\t\t\t\t<\/a>\n\t\t\t\t\t\t\t\t\t\t\t\t\t\t\t<\/div>\n\t\t\t\t<\/div>\n\t\t<div class=\"elementor-element elementor-element-7d95079 e-con-full e-flex e-con e-child\" data-id=\"7d95079\" data-element_type=\"container\">\n\t\t\t\t<div class=\"elementor-element elementor-element-ff177df elementor-widget elementor-widget-image\" data-id=\"ff177df\" data-element_type=\"widget\" data-widget_type=\"image.default\">\n\t\t\t\t\t\t\t\t\t\t\t\t\t\t\t\t<a href=\"https:\/\/laerkeryge.maktechagency.com\/wp-content\/uploads\/2025\/12\/Photo-3-original-1024x566-1.webp\" data-elementor-open-lightbox=\"yes\" data-e-action-hash=\"#elementor-action%3Aaction%3Dlightbox%26settings%3DeyJpZCI6NTE1MSwidXJsIjoiaHR0cHM6XC9cL2xhZXJrZXJ5Z2UubWFrdGVjaGFnZW5jeS5jb21cL3dwLWNvbnRlbnRcL3VwbG9hZHNcLzIwMjVcLzEyXC9QaG90by0zLW9yaWdpbmFsLTEwMjR4NTY2LTEud2VicCJ9\">\n\t\t\t\t\t\t\t<img loading=\"lazy\" decoding=\"async\" width=\"1024\" height=\"566\" src=\"https:\/\/laerkeryge.maktechagency.com\/wp-content\/uploads\/2025\/12\/Photo-3-original-1024x566-1.webp\" class=\"attachment-full size-full wp-image-5151\" alt=\"\" srcset=\"https:\/\/laerkeryge.maktechagency.com\/wp-content\/uploads\/2025\/12\/Photo-3-original-1024x566-1.webp 1024w, https:\/\/laerkeryge.maktechagency.com\/wp-content\/uploads\/2025\/12\/Photo-3-original-1024x566-1-300x166.webp 300w, https:\/\/laerkeryge.maktechagency.com\/wp-content\/uploads\/2025\/12\/Photo-3-original-1024x566-1-768x425.webp 768w\" sizes=\"(max-width: 1024px) 100vw, 1024px\" \/>\t\t\t\t\t\t\t\t<\/a>\n\t\t\t\t\t\t\t\t\t\t\t\t\t\t\t<\/div>\n\t\t\t\t<\/div>\n\t\t\t\t<\/div>\n\t\t\t\t<\/div>\n\t\t<div class=\"elementor-element elementor-element-04656fb e-con-full e-flex e-con e-child\" data-id=\"04656fb\" data-element_type=\"container\">\n\t\t\t\t<div class=\"elementor-element elementor-element-cda7fcb elementor-widget elementor-widget-heading\" data-id=\"cda7fcb\" data-element_type=\"widget\" data-widget_type=\"heading.default\">\n\t\t\t\t\t<h2 class=\"elementor-heading-title elementor-size-default\">Opgave 2: Modalkonstruktioner\n\n\n<\/h2>\t\t\t\t<\/div>\n\t\t\t\t<div class=\"elementor-element elementor-element-aa8884c elementor-widget elementor-widget-text-editor\" data-id=\"aa8884c\" data-element_type=\"widget\" data-widget_type=\"text-editor.default\">\n\t\t\t\t\t\t\t\t\t<p>\u200b\u200ba) Find personb\u00f8jede verber og infinitiver\u00a0\u00a0\u270f\ufe0f<br \/>Mark\u00e9r personb\u00f8jede verber med bl\u00e5 og infinitiver med r\u00f8d i f\u00f8lgende s\u00e6tninger. Overs\u00e6t dern\u00e6st s\u00e6tningerne til dansk.<\/p>\t\t\t\t\t\t\t\t<\/div>\n\t\t\t\t<div class=\"elementor-element elementor-element-0770f78 elementor-widget elementor-widget-text-editor\" data-id=\"0770f78\" data-element_type=\"widget\" data-widget_type=\"text-editor.default\">\n\t\t\t\t\t\t\t\t\t<p>1. Los extranjeros deben llevar ropa decente.<br \/>2. Nosotros queremos pasarlo bien.<br \/>3. Suelo respetar las normas no escritas de la casa.<br \/>4. \u00bfPuedo llamar por tel\u00e9fono?<br \/>5. Marcel quiere estudiar en Espa\u00f1a.<br \/>6. Marie y sus amigos nuevos pueden comprar todo en el mercado.<\/p>\t\t\t\t\t\t\t\t<\/div>\n\t\t\t\t<div class=\"elementor-element elementor-element-7d64900 elementor-widget elementor-widget-text-editor\" data-id=\"7d64900\" data-element_type=\"widget\" data-widget_type=\"text-editor.default\">\n\t\t\t\t\t\t\t\t\t<p>b) Forskellen p\u00e5 modalkonstruktioner og n\u00e6r fremtid med verbalperifrasen\u00a0<em>ir + a + inf <span class=\"TextRun SCXW51554709 BCX0\" lang=\"DA-DK\" xml:lang=\"DA-DK\" data-contrast=\"auto\"><span class=\"NormalTextRun SCXW51554709 BCX0\">\ud83d\udcac<\/span><\/span><\/em><br \/>Hvordan vil du overs\u00e6tte disse to s\u00e6tninger til dansk?<br \/>1. Quiero comprar un ba\u00f1ador nuevo.<br \/>2. Voy a comprar un ba\u00f1ador nuevo.<\/p>\t\t\t\t\t\t\t\t<\/div>\n\t\t\t\t<div class=\"elementor-element elementor-element-591d747 elementor-widget elementor-widget-text-editor\" data-id=\"591d747\" data-element_type=\"widget\" data-widget_type=\"text-editor.default\">\n\t\t\t\t\t\t\t\t\t<p>c) Overs\u00e6t f\u00f8lgende s\u00e6tninger til spansk\u00a0\u00a0\u270f\ufe0f<br \/>1. Vi kan rejse til M\u00e1laga.<br \/>2. Du b\u00f8r ikke tale engelsk, n\u00e5r du gerne vil l\u00e6re spansk.<br \/>3. Jeg skal snart rejse til Barcelona.<br \/>4. Kan du finde et arbejde i Spanien?<\/p>\t\t\t\t\t\t\t\t<\/div>\n\t\t\t\t<\/div>\n\t\t<div class=\"elementor-element elementor-element-13c2905 e-con-full e-flex e-con e-child\" data-id=\"13c2905\" data-element_type=\"container\">\n\t\t<div class=\"elementor-element elementor-element-fc2b50f e-con-full e-flex e-con e-child\" data-id=\"fc2b50f\" data-element_type=\"container\">\n\t\t<div class=\"elementor-element elementor-element-b2f7f2b e-con-full e-flex e-con e-child\" data-id=\"b2f7f2b\" data-element_type=\"container\">\n\t\t\t\t<div class=\"elementor-element elementor-element-3720a56 elementor-widget elementor-widget-heading\" data-id=\"3720a56\" data-element_type=\"widget\" data-widget_type=\"heading.default\">\n\t\t\t\t\t<h2 class=\"elementor-heading-title elementor-size-default\">Opgave 3: Man p\u00e5 spansk   \ud83d\udcac \u270f\ufe0f\n\n\n\n<\/h2>\t\t\t\t<\/div>\n\t\t\t\t<div class=\"elementor-element elementor-element-6787e2d elementor-widget elementor-widget-image\" data-id=\"6787e2d\" data-element_type=\"widget\" data-widget_type=\"image.default\">\n\t\t\t\t\t\t\t\t\t\t\t\t\t\t\t\t<a href=\"https:\/\/laerkeryge.maktechagency.com\/wp-content\/uploads\/2025\/12\/Wordcloud-2-300x42-1.webp\" data-elementor-open-lightbox=\"yes\" data-e-action-hash=\"#elementor-action%3Aaction%3Dlightbox%26settings%3DeyJpZCI6NTE2NCwidXJsIjoiaHR0cHM6XC9cL2xhZXJrZXJ5Z2UubWFrdGVjaGFnZW5jeS5jb21cL3dwLWNvbnRlbnRcL3VwbG9hZHNcLzIwMjVcLzEyXC9Xb3JkY2xvdWQtMi0zMDB4NDItMS53ZWJwIn0%3D\">\n\t\t\t\t\t\t\t<img loading=\"lazy\" decoding=\"async\" width=\"300\" height=\"42\" src=\"https:\/\/laerkeryge.maktechagency.com\/wp-content\/uploads\/2025\/12\/Wordcloud-2-300x42-1.webp\" class=\"attachment-full size-full wp-image-5164\" alt=\"\" \/>\t\t\t\t\t\t\t\t<\/a>\n\t\t\t\t\t\t\t\t\t\t\t\t\t\t\t<\/div>\n\t\t\t\t<div class=\"elementor-element elementor-element-335ddfa elementor-widget elementor-widget-text-editor\" data-id=\"335ddfa\" data-element_type=\"widget\" data-widget_type=\"text-editor.default\">\n\t\t\t\t\t\t\t\t\t<p>Hvordan siger man \u201cman\u201d p\u00e5 spansk?<\/p>\t\t\t\t\t\t\t\t<\/div>\n\t\t\t\t<div class=\"elementor-element elementor-element-d282c1b elementor-widget elementor-widget-text-editor\" data-id=\"d282c1b\" data-element_type=\"widget\" data-widget_type=\"text-editor.default\">\n\t\t\t\t\t\t\t\t\t<p>En opskrift er: Se + 3. pers.\/sing. af verbet.<br \/>Se come bien en M\u00e1laga (Man spiser godt i M\u00e1laga).<\/p>\t\t\t\t\t\t\t\t<\/div>\n\t\t\t\t<div class=\"elementor-element elementor-element-d3f1d66 elementor-widget elementor-widget-text-editor\" data-id=\"d3f1d66\" data-element_type=\"widget\" data-widget_type=\"text-editor.default\">\n\t\t\t\t\t\t\t\t\t<p>Overs\u00e6t disse to s\u00e6tninger:<br \/>1. I Spanien drikker man vin.<br \/>2. Man taler spansk i Spanien.<\/p>\t\t\t\t\t\t\t\t<\/div>\n\t\t\t\t<div class=\"elementor-element elementor-element-925d31b elementor-widget elementor-widget-text-editor\" data-id=\"925d31b\" data-element_type=\"widget\" data-widget_type=\"text-editor.default\">\n\t\t\t\t\t\t\t\t\t<p><strong>Bonusinfo:<\/strong>\u00a0Man kan ofte bruge et verbum i 2. pers.\/sing. til at udtrykke det samme. Overs\u00e6t selv denne s\u00e6tning fra teksten: \u201cEn Espa\u00f1a puedes encontrarte con un grupo de ancianas que bloquean una acera \u2026\u201d<\/p>\t\t\t\t\t\t\t\t<\/div>\n\t\t\t\t<\/div>\n\t\t<div class=\"elementor-element elementor-element-02e7d2a e-con-full e-flex e-con e-child\" data-id=\"02e7d2a\" data-element_type=\"container\">\n\t\t<div class=\"elementor-element elementor-element-d6a8d06 e-con-full e-flex e-con e-child\" data-id=\"d6a8d06\" data-element_type=\"container\" data-settings=\"{&quot;background_background&quot;:&quot;classic&quot;}\">\n\t\t<div class=\"elementor-element elementor-element-7017a14 e-con-full e-flex e-con e-child\" data-id=\"7017a14\" data-element_type=\"container\" data-settings=\"{&quot;background_background&quot;:&quot;classic&quot;}\">\n\t\t\t\t<div class=\"elementor-element elementor-element-1d0b8f7 elementor-widget elementor-widget-text-editor\" data-id=\"1d0b8f7\" data-element_type=\"widget\" data-widget_type=\"text-editor.default\">\n\t\t\t\t\t\t\t\t\t<p><strong>\u00bfRecuerdas que?\u00a0<\/strong><\/p>\t\t\t\t\t\t\t\t<\/div>\n\t\t\t\t<div class=\"elementor-element elementor-element-55f1e07 elementor-widget elementor-widget-text-editor\" data-id=\"55f1e07\" data-element_type=\"widget\" data-widget_type=\"text-editor.default\">\n\t\t\t\t\t\t\t\t\t<p><em>Usted<\/em>\u00a0og\u00a0<em>ustedes<\/em>\u00a0er h\u00f8flige tiltaleformer, som du b\u00f8r anvende, n\u00e5r du henvender dig til personer, som du ikke kender, og i s\u00e6rdeleshed, hvis personen er \u00e6ldre.<\/p>\t\t\t\t\t\t\t\t<\/div>\n\t\t\t\t<\/div>\n\t\t\t\t<\/div>\n\t\t\t\t<\/div>\n\t\t\t\t<\/div>\n\t\t\t\t<\/div>\n\t\t\t\t<\/div>\n\t\t\t\t<\/div>\n\t\t","protected":false},"excerpt":{"rendered":"<p>Opgave 1: Verbalperifraser \u200bEn verbalperifrase er et sammensat verballed, der best\u00e5r af: \u200bEn verbalperifrase er et sammensat verballed, der best\u00e5r [&hellip;]<\/p>\n","protected":false},"author":1,"featured_media":0,"parent":0,"menu_order":0,"comment_status":"closed","ping_status":"closed","template":"elementor_header_footer","meta":{"site-sidebar-layout":"no-sidebar","site-content-layout":"","ast-site-content-layout":"full-width-container","site-content-style":"default","site-sidebar-style":"default","ast-global-header-display":"","ast-banner-title-visibility":"","ast-main-header-display":"","ast-hfb-above-header-display":"","ast-hfb-below-header-display":"","ast-hfb-mobile-header-display":"","site-post-title":"","ast-breadcrumbs-content":"","ast-featured-img":"disabled","footer-sml-layout":"","ast-disable-related-posts":"","theme-transparent-header-meta":"","adv-header-id-meta":"","stick-header-meta":"","header-above-stick-meta":"","header-main-stick-meta":"","header-below-stick-meta":"","astra-migrate-meta-layouts":"default","ast-page-background-enabled":"default","ast-page-background-meta":{"desktop":{"background-color":"var(--ast-global-color-5)","background-image":"","background-repeat":"repeat","background-position":"center center","background-size":"auto","background-attachment":"scroll","background-type":"","background-media":"","overlay-type":"","overlay-color":"","overlay-opacity":"","overlay-gradient":""},"tablet":{"background-color":"","background-image":"","background-repeat":"repeat","background-position":"center center","background-size":"auto","background-attachment":"scroll","background-type":"","background-media":"","overlay-type":"","overlay-color":"","overlay-opacity":"","overlay-gradient":""},"mobile":{"background-color":"","background-image":"","background-repeat":"repeat","background-position":"center center","background-size":"auto","background-attachment":"scroll","background-type":"","background-media":"","overlay-type":"","overlay-color":"","overlay-opacity":"","overlay-gradient":""}},"ast-content-background-meta":{"desktop":{"background-color":"var(--ast-global-color-4)","background-image":"","background-repeat":"repeat","background-position":"center center","background-size":"auto","background-attachment":"scroll","background-type":"","background-media":"","overlay-type":"","overlay-color":"","overlay-opacity":"","overlay-gradient":""},"tablet":{"background-color":"var(--ast-global-color-4)","background-image":"","background-repeat":"repeat","background-position":"center center","background-size":"auto","background-attachment":"scroll","background-type":"","background-media":"","overlay-type":"","overlay-color":"","overlay-opacity":"","overlay-gradient":""},"mobile":{"background-color":"var(--ast-global-color-4)","background-image":"","background-repeat":"repeat","background-position":"center center","background-size":"auto","background-attachment":"scroll","background-type":"","background-media":"","overlay-type":"","overlay-color":"","overlay-opacity":"","overlay-gradient":""}},"footnotes":""},"class_list":["post-116","page","type-page","status-publish","hentry"],"_links":{"self":[{"href":"https:\/\/laerkeryge.maktechagency.com\/index.php\/wp-json\/wp\/v2\/pages\/116","targetHints":{"allow":["GET"]}}],"collection":[{"href":"https:\/\/laerkeryge.maktechagency.com\/index.php\/wp-json\/wp\/v2\/pages"}],"about":[{"href":"https:\/\/laerkeryge.maktechagency.com\/index.php\/wp-json\/wp\/v2\/types\/page"}],"author":[{"embeddable":true,"href":"https:\/\/laerkeryge.maktechagency.com\/index.php\/wp-json\/wp\/v2\/users\/1"}],"replies":[{"embeddable":true,"href":"https:\/\/laerkeryge.maktechagency.com\/index.php\/wp-json\/wp\/v2\/comments?post=116"}],"version-history":[{"count":148,"href":"https:\/\/laerkeryge.maktechagency.com\/index.php\/wp-json\/wp\/v2\/pages\/116\/revisions"}],"predecessor-version":[{"id":9113,"href":"https:\/\/laerkeryge.maktechagency.com\/index.php\/wp-json\/wp\/v2\/pages\/116\/revisions\/9113"}],"wp:attachment":[{"href":"https:\/\/laerkeryge.maktechagency.com\/index.php\/wp-json\/wp\/v2\/media?parent=116"}],"curies":[{"name":"wp","href":"https:\/\/api.w.org\/{rel}","templated":true}]}}