{"id":114,"date":"2025-12-20T08:24:00","date_gmt":"2025-12-20T08:24:00","guid":{"rendered":"https:\/\/laerkeryge.maktechagency.com\/?page_id=114"},"modified":"2026-01-07T05:37:20","modified_gmt":"2026-01-07T05:37:20","slug":"cap-6-traduccion","status":"publish","type":"page","link":"https:\/\/laerkeryge.maktechagency.com\/index.php\/cap-6-traduccion\/","title":{"rendered":"Cap 6 Traducci\u00f3n"},"content":{"rendered":"\t\t<div data-elementor-type=\"wp-page\" data-elementor-id=\"114\" class=\"elementor elementor-114\" data-elementor-post-type=\"page\">\n\t\t\t\t<div class=\"elementor-element elementor-element-38439e0 e-con-full e-flex e-con e-parent\" data-id=\"38439e0\" data-element_type=\"container\" data-settings=\"{&quot;background_background&quot;:&quot;classic&quot;}\">\n\t\t\t\t<\/div>\n\t\t<div class=\"elementor-element elementor-element-ef6c12d e-con-full e-flex e-con e-parent\" data-id=\"ef6c12d\" data-element_type=\"container\">\n\t\t<div class=\"elementor-element elementor-element-e2fe9e5 e-con-full e-flex e-con e-child\" data-id=\"e2fe9e5\" data-element_type=\"container\">\n\t\t\t\t<div class=\"elementor-element elementor-element-8bc162d elementor-widget elementor-widget-heading\" data-id=\"8bc162d\" data-element_type=\"widget\" data-widget_type=\"heading.default\">\n\t\t\t\t\t<h2 class=\"elementor-heading-title elementor-size-default\">Opsamlende overs\u00e6ttelse til CAP. 6  \u270f\ufe0f\n\n<\/h2>\t\t\t\t<\/div>\n\t\t\t\t<div class=\"elementor-element elementor-element-70a0823 elementor-widget elementor-widget-text-editor\" data-id=\"70a0823\" data-element_type=\"widget\" data-widget_type=\"text-editor.default\">\n\t\t\t\t\t\t\t\t\t<p><strong>Traducci\u00f3n normal<\/strong><br \/>\u200b1. Picasso er den vigtigste maler.<br \/>2. Jeg kan godt lide museer.<br \/>3. Kvinden p\u00e5 (<em>en<\/em>) maleriet smiler. Hun har bl\u00e5 \u00f8rer og en r\u00f8d n\u00e6se.<br \/>4. Jeg synes, at Picasso er mere interessant end Dal\u00ed.<br \/>5. Marie betragter Picassos malerier.<br \/>6. Kvinden p\u00e5 maleriet har bl\u00e5 \u00f8jne, sort h\u00e5r og lange ben.<br \/>7. Marie kan lide at lytte til musik.<\/p>\t\t\t\t\t\t\t\t<\/div>\n\t\t\t\t<div class=\"elementor-element elementor-element-0ec4ebe elementor-widget elementor-widget-text-editor\" data-id=\"0ec4ebe\" data-element_type=\"widget\" data-widget_type=\"text-editor.default\">\n\t\t\t\t\t\t\t\t\t<p><strong>Traducci\u00f3n avanzada<\/strong><br \/>1. Picasso er mere ber\u00f8mt end Javier. Han er den vigtigste maler fra M\u00e1laga.<br \/>2. Marcel kan godt lide el Museo Picasso, og malerierne interesserer ham meget.<br \/>3. Kvinden p\u00e5 (<em>en<\/em>) maleriet smiler og betragter sin s\u00f8n. Hun har bl\u00e5 \u00f8rer og en r\u00f8d n\u00e6se.<br \/>\u200b4. N\u00e5r Silvia diskuterer med sine veninder, siger hun tingene ligeud.<br \/>5. Marie kan godt lide at betragte og at tale om Picassos malerier.<br \/>6. Kvinden p\u00e5 maleriet har bl\u00e5 \u00f8jne, lange ben og enorme h\u00e6nder.<br \/>7. Marie er vild med kunst. Hun synes, at kubismen er den mest interessante stilart (<em>estilo m.<\/em>).<\/p>\t\t\t\t\t\t\t\t<\/div>\n\t\t\t\t<\/div>\n\t\t\t\t<\/div>\n\t\t\t\t<\/div>\n\t\t","protected":false},"excerpt":{"rendered":"<p>Opsamlende overs\u00e6ttelse til CAP. 6 \u270f\ufe0f Traducci\u00f3n normal\u200b1. Picasso er den vigtigste maler.2. Jeg kan godt lide museer.3. Kvinden p\u00e5 [&hellip;]<\/p>\n","protected":false},"author":1,"featured_media":0,"parent":0,"menu_order":0,"comment_status":"closed","ping_status":"closed","template":"elementor_header_footer","meta":{"site-sidebar-layout":"no-sidebar","site-content-layout":"","ast-site-content-layout":"full-width-container","site-content-style":"default","site-sidebar-style":"default","ast-global-header-display":"","ast-banner-title-visibility":"","ast-main-header-display":"","ast-hfb-above-header-display":"","ast-hfb-below-header-display":"","ast-hfb-mobile-header-display":"","site-post-title":"","ast-breadcrumbs-content":"","ast-featured-img":"disabled","footer-sml-layout":"","ast-disable-related-posts":"","theme-transparent-header-meta":"","adv-header-id-meta":"","stick-header-meta":"","header-above-stick-meta":"","header-main-stick-meta":"","header-below-stick-meta":"","astra-migrate-meta-layouts":"default","ast-page-background-enabled":"default","ast-page-background-meta":{"desktop":{"background-color":"var(--ast-global-color-5)","background-image":"","background-repeat":"repeat","background-position":"center center","background-size":"auto","background-attachment":"scroll","background-type":"","background-media":"","overlay-type":"","overlay-color":"","overlay-opacity":"","overlay-gradient":""},"tablet":{"background-color":"","background-image":"","background-repeat":"repeat","background-position":"center center","background-size":"auto","background-attachment":"scroll","background-type":"","background-media":"","overlay-type":"","overlay-color":"","overlay-opacity":"","overlay-gradient":""},"mobile":{"background-color":"","background-image":"","background-repeat":"repeat","background-position":"center center","background-size":"auto","background-attachment":"scroll","background-type":"","background-media":"","overlay-type":"","overlay-color":"","overlay-opacity":"","overlay-gradient":""}},"ast-content-background-meta":{"desktop":{"background-color":"var(--ast-global-color-4)","background-image":"","background-repeat":"repeat","background-position":"center center","background-size":"auto","background-attachment":"scroll","background-type":"","background-media":"","overlay-type":"","overlay-color":"","overlay-opacity":"","overlay-gradient":""},"tablet":{"background-color":"var(--ast-global-color-4)","background-image":"","background-repeat":"repeat","background-position":"center center","background-size":"auto","background-attachment":"scroll","background-type":"","background-media":"","overlay-type":"","overlay-color":"","overlay-opacity":"","overlay-gradient":""},"mobile":{"background-color":"var(--ast-global-color-4)","background-image":"","background-repeat":"repeat","background-position":"center center","background-size":"auto","background-attachment":"scroll","background-type":"","background-media":"","overlay-type":"","overlay-color":"","overlay-opacity":"","overlay-gradient":""}},"footnotes":""},"class_list":["post-114","page","type-page","status-publish","hentry"],"_links":{"self":[{"href":"https:\/\/laerkeryge.maktechagency.com\/index.php\/wp-json\/wp\/v2\/pages\/114","targetHints":{"allow":["GET"]}}],"collection":[{"href":"https:\/\/laerkeryge.maktechagency.com\/index.php\/wp-json\/wp\/v2\/pages"}],"about":[{"href":"https:\/\/laerkeryge.maktechagency.com\/index.php\/wp-json\/wp\/v2\/types\/page"}],"author":[{"embeddable":true,"href":"https:\/\/laerkeryge.maktechagency.com\/index.php\/wp-json\/wp\/v2\/users\/1"}],"replies":[{"embeddable":true,"href":"https:\/\/laerkeryge.maktechagency.com\/index.php\/wp-json\/wp\/v2\/comments?post=114"}],"version-history":[{"count":19,"href":"https:\/\/laerkeryge.maktechagency.com\/index.php\/wp-json\/wp\/v2\/pages\/114\/revisions"}],"predecessor-version":[{"id":8538,"href":"https:\/\/laerkeryge.maktechagency.com\/index.php\/wp-json\/wp\/v2\/pages\/114\/revisions\/8538"}],"wp:attachment":[{"href":"https:\/\/laerkeryge.maktechagency.com\/index.php\/wp-json\/wp\/v2\/media?parent=114"}],"curies":[{"name":"wp","href":"https:\/\/api.w.org\/{rel}","templated":true}]}}