{"id":110,"date":"2025-12-20T08:23:36","date_gmt":"2025-12-20T08:23:36","guid":{"rendered":"https:\/\/laerkeryge.maktechagency.com\/?page_id=110"},"modified":"2026-01-15T03:52:37","modified_gmt":"2026-01-15T03:52:37","slug":"cap-6-gramatica","status":"publish","type":"page","link":"https:\/\/laerkeryge.maktechagency.com\/index.php\/cap-6-gramatica\/","title":{"rendered":"Cap 6 Gram\u00e1tica"},"content":{"rendered":"\t\t<div data-elementor-type=\"wp-page\" data-elementor-id=\"110\" class=\"elementor elementor-110\" data-elementor-post-type=\"page\">\n\t\t\t\t<div class=\"elementor-element elementor-element-238aa51 e-con-full e-flex e-con e-parent\" data-id=\"238aa51\" data-element_type=\"container\" data-settings=\"{&quot;background_background&quot;:&quot;classic&quot;}\">\n\t\t\t\t<\/div>\n\t\t<div class=\"elementor-element elementor-element-0c5a335 e-con-full e-flex e-con e-parent\" data-id=\"0c5a335\" data-element_type=\"container\">\n\t\t<div class=\"elementor-element elementor-element-5c1e1cb e-con-full e-flex e-con e-child\" data-id=\"5c1e1cb\" data-element_type=\"container\">\n\t\t<div class=\"elementor-element elementor-element-48290bb e-con-full e-flex e-con e-child\" data-id=\"48290bb\" data-element_type=\"container\">\n\t\t<div class=\"elementor-element elementor-element-b8cee75 e-con-full e-flex e-con e-child\" data-id=\"b8cee75\" data-element_type=\"container\">\n\t\t\t\t<div class=\"elementor-element elementor-element-d6ce63d elementor-widget elementor-widget-heading\" data-id=\"d6ce63d\" data-element_type=\"widget\" data-widget_type=\"heading.default\">\n\t\t\t\t\t<h2 class=\"elementor-heading-title elementor-size-default\">Opgave 1: Dativstyrende verber: gustar m.fl.     \n\n\n<\/h2>\t\t\t\t<\/div>\n\t\t\t\t<div class=\"elementor-element elementor-element-e8ec8c6 elementor-widget elementor-widget-text-editor\" data-id=\"e8ec8c6\" data-element_type=\"widget\" data-widget_type=\"text-editor.default\">\n\t\t\t\t\t\t\t\t\t<p>a) Dativstyrende verber <span class=\"TextRun SCXW23509110 BCX0\" lang=\"DA-DK\" xml:lang=\"DA-DK\" data-contrast=\"auto\"><span class=\"NormalTextRun SCXW23509110 BCX0\">\ud83d\udcac<\/span><\/span><br \/>Angiv subjekt (S), verballed (V) og indirekte objekt (IO) i f\u00f8lgende s\u00e6tning:<br \/><em>A<\/em>\u00a0<em>Juan le<\/em><em>\u00a0gustan los tomates.\u00a0<\/em><\/p>\t\t\t\t\t\t\t\t<\/div>\n\t\t\t\t<div class=\"elementor-element elementor-element-35c2d55 elementor-widget elementor-widget-text-editor\" data-id=\"35c2d55\" data-element_type=\"widget\" data-widget_type=\"text-editor.default\">\n\t\t\t\t\t\t\t\t\t<p>1. Hvorfor skal\u00a0<em>gustar<\/em> b\u00f8jes i 3.pers.\/plur.? <span class=\"TextRun SCXW23509110 BCX0\" lang=\"DA-DK\" xml:lang=\"DA-DK\" data-contrast=\"auto\"><span class=\"NormalTextRun SCXW23509110 BCX0\">\ud83d\udcac<\/span><\/span><br \/>2. Hvad skal man altid huske at angive foran det, man kan lide (hvis det er et substantiv)?<br \/>3. Hvorfor skal der\u00a0<em>a<\/em>\u00a0foran Juan?<\/p>\t\t\t\t\t\t\t\t<\/div>\n\t\t\t\t<div class=\"elementor-element elementor-element-bb007ac elementor-widget elementor-widget-text-editor\" data-id=\"bb007ac\" data-element_type=\"widget\" data-widget_type=\"text-editor.default\">\n\t\t\t\t\t\t\t\t\t<p>b) Overs\u00e6t til spansk\u00a0\u00a0<strong>\u270f\ufe0f\u00a0<\/strong>\u00a0\u200b<br \/>Kunstnerne kan lide at male.<br \/>\u200bMarie kan lide malerierne.<br \/>Jeg kan lide museet.<\/p>\t\t\t\t\t\t\t\t<\/div>\n\t\t\t\t<div class=\"elementor-element elementor-element-1267933 elementor-widget elementor-widget-text-editor\" data-id=\"1267933\" data-element_type=\"widget\" data-widget_type=\"text-editor.default\">\n\t\t\t\t\t\t\t\t\t<p>c) Dialog med dativstyrende verber <span class=\"TextRun SCXW23509110 BCX0\" lang=\"DA-DK\" xml:lang=\"DA-DK\" data-contrast=\"auto\"><span class=\"NormalTextRun SCXW23509110 BCX0\">\ud83d\udcac<\/span><\/span><strong>\u00a0<\/strong><br \/>Lav en dialog med de dativstyrende verber\u00a0<em>gustar\/encantar\/interesar.<\/em><br \/>\u200bLad dig inspirere af eksemplet nedenfor, og brug gloserne i ordskyen til h\u00f8jre.<\/p>\t\t\t\t\t\t\t\t<\/div>\n\t\t\t\t<div class=\"elementor-element elementor-element-33d0293 elementor-widget elementor-widget-text-editor\" data-id=\"33d0293\" data-element_type=\"widget\" data-widget_type=\"text-editor.default\">\n\t\t\t\t\t\t\t\t\t<p>Di\u00e1logo:<br \/>1: \u00bfTe interesan los libros?<br \/>2: S\u00ed, me interesan los libros\/No, los libros no me interesan. \u00bfQu\u00e9 te encanta?<br \/>1: Me encanta la m\u00fasica.<\/p>\t\t\t\t\t\t\t\t<\/div>\n\t\t\t\t<div class=\"elementor-element elementor-element-e34d168 elementor-widget elementor-widget-text-editor\" data-id=\"e34d168\" data-element_type=\"widget\" data-widget_type=\"text-editor.default\">\n\t\t\t\t\t\t\t\t\t<p>d) Udvidet dialog <span class=\"TextRun SCXW23509110 BCX0\" lang=\"DA-DK\" xml:lang=\"DA-DK\" data-contrast=\"auto\"><span class=\"NormalTextRun SCXW23509110 BCX0\">\ud83d\udcac<\/span><\/span><strong>\u00a0<\/strong>\u00a0\u200b<br \/>Pr\u00f8v nu at udvide s\u00e6tningerne med f\u00f8lgende sm\u00e5ord:\u00a0<em>tampoco<\/em>\u00a0(heller ikke),\u00a0<em>tambi\u00e9n<\/em>\u00a0(ogs\u00e5),\u00a0<em>pero<\/em>\u00a0(men),\u00a0<em>a veces\u00a0<\/em>(nogle gange). Lad dig inspirere af\u00a0eksemplet nedenfor, og brug gloserne i ordskyen til h\u00f8jre.<\/p>\t\t\t\t\t\t\t\t<\/div>\n\t\t\t\t<div class=\"elementor-element elementor-element-dc17497 elementor-widget elementor-widget-text-editor\" data-id=\"dc17497\" data-element_type=\"widget\" data-widget_type=\"text-editor.default\">\n\t\t\t\t\t\t\t\t\t<p>Di\u00e1logo:\u200b<br \/>1: \u00bfTe gusta la m\u00fasica?<br \/>2: S\u00ed, me encanta la m\u00fasica. Tambi\u00e9n me gusta bailar, pero no me interesan los conciertos.\u00a0\u00bfY a ti?<br \/>1: Me gusta bailar, pero no me gusta la m\u00fasica.<\/p>\t\t\t\t\t\t\t\t<\/div>\n\t\t\t\t<\/div>\n\t\t<div class=\"elementor-element elementor-element-7746f6a e-con-full e-flex e-con e-child\" data-id=\"7746f6a\" data-element_type=\"container\">\n\t\t<div class=\"elementor-element elementor-element-206216d e-con-full e-flex e-con e-child\" data-id=\"206216d\" data-element_type=\"container\">\n\t\t\t\t<div class=\"elementor-element elementor-element-812cfd8 elementor-widget elementor-widget-text-editor\" data-id=\"812cfd8\" data-element_type=\"widget\" data-widget_type=\"text-editor.default\">\n\t\t\t\t\t\t\t\t\t<p><strong>Det personlige pronomen som indirekte objekt (IO)<br \/>\u200b<\/strong>1. me<br \/>2. te<br \/>3. le<br \/>1. nos<br \/>2. os<br \/>3. les<\/p>\t\t\t\t\t\t\t\t<\/div>\n\t\t\t\t<\/div>\n\t\t<div class=\"elementor-element elementor-element-ad3732b e-con-full e-flex e-con e-child\" data-id=\"ad3732b\" data-element_type=\"container\">\n\t\t<div class=\"elementor-element elementor-element-37c96c9 e-con-full e-flex e-con e-child\" data-id=\"37c96c9\" data-element_type=\"container\">\n\t\t\t\t<div class=\"elementor-element elementor-element-d197460 elementor-widget elementor-widget-image\" data-id=\"d197460\" data-element_type=\"widget\" data-widget_type=\"image.default\">\n\t\t\t\t\t\t\t\t\t\t\t\t\t\t\t\t<a href=\"https:\/\/laerkeryge.maktechagency.com\/wp-content\/uploads\/2025\/12\/Cap.6.gram_.verbs_.webp\" data-elementor-open-lightbox=\"yes\" data-e-action-hash=\"#elementor-action%3Aaction%3Dlightbox%26settings%3DeyJpZCI6NDkyNiwidXJsIjoiaHR0cHM6XC9cL2xhZXJrZXJ5Z2UubWFrdGVjaGFnZW5jeS5jb21cL3dwLWNvbnRlbnRcL3VwbG9hZHNcLzIwMjVcLzEyXC9DYXAuNi5ncmFtXy52ZXJic18ud2VicCJ9\">\n\t\t\t\t\t\t\t<img fetchpriority=\"high\" decoding=\"async\" width=\"990\" height=\"706\" src=\"https:\/\/laerkeryge.maktechagency.com\/wp-content\/uploads\/2025\/12\/Cap.6.gram_.verbs_.webp\" class=\"attachment-full size-full wp-image-4926\" alt=\"\" srcset=\"https:\/\/laerkeryge.maktechagency.com\/wp-content\/uploads\/2025\/12\/Cap.6.gram_.verbs_.webp 990w, https:\/\/laerkeryge.maktechagency.com\/wp-content\/uploads\/2025\/12\/Cap.6.gram_.verbs_-300x214.webp 300w, https:\/\/laerkeryge.maktechagency.com\/wp-content\/uploads\/2025\/12\/Cap.6.gram_.verbs_-768x548.webp 768w\" sizes=\"(max-width: 990px) 100vw, 990px\" \/>\t\t\t\t\t\t\t\t<\/a>\n\t\t\t\t\t\t\t\t\t\t\t\t\t\t\t<\/div>\n\t\t\t\t<\/div>\n\t\t\t\t<\/div>\n\t\t\t\t<\/div>\n\t\t\t\t<\/div>\n\t\t\t\t<\/div>\n\t\t<div class=\"elementor-element elementor-element-20f0b9e e-con-full e-flex e-con e-child\" data-id=\"20f0b9e\" data-element_type=\"container\">\n\t\t\t\t<div class=\"elementor-element elementor-element-1d3d67a elementor-widget elementor-widget-heading\" data-id=\"1d3d67a\" data-element_type=\"widget\" data-widget_type=\"heading.default\">\n\t\t\t\t\t<h2 class=\"elementor-heading-title elementor-size-default\">Opgave 2: Gradb\u00f8jning af adjektiver  \n\n\n<\/h2>\t\t\t\t<\/div>\n\t\t\t\t<div class=\"elementor-element elementor-element-d32975d elementor-widget elementor-widget-text-editor\" data-id=\"d32975d\" data-element_type=\"widget\" data-widget_type=\"text-editor.default\">\n\t\t\t\t\t\t\t\t\t<p>a) Overs\u00e6t til spansk\u00a0\u00a0<strong>\u270f\ufe0f\u00a0\u00a0<\/strong><br \/>1. Velasquez er original. Picasso er mere original. Dal\u00ed er mest original.<br \/>2. Marcel er s\u00f8d. Hannah er s\u00f8dere. Luc\u00eda er s\u00f8dest.<br \/>3. \u00a0Spanierne er glade. Italienerne er mere glade.\u00a0Danskerne\u00a0er mest glade.<\/p>\t\t\t\t\t\t\t\t<\/div>\n\t\t\t\t<div class=\"elementor-element elementor-element-a1e79cb elementor-widget elementor-widget-text-editor\" data-id=\"a1e79cb\" data-element_type=\"widget\" data-widget_type=\"text-editor.default\">\n\t\t\t\t\t\t\t\t\t<p>b) \u00a0<em>B<\/em><em>ueno\/malo\/grande\/peque\u00f1o\u00a0<\/em>har ogs\u00e5 en uregelm\u00e6ssig b\u00f8jning\u00a0\u00a0<strong>\u270f\ufe0f\u00a0\u00a0<\/strong><br \/>\u200b Skriv overs\u00e6ttelsen af den uregelm\u00e6ssige b\u00f8jning.<br \/>Bueno \u2013 mejor \u2013 el mejor<br \/>Malo \u2013 peor \u2013 el peor<br \/>Grande \u2013 mayor \u2013 el mayor<br \/>Peque\u00f1o \u2013 menor \u2013 el menor<\/p>\t\t\t\t\t\t\t\t<\/div>\n\t\t\t\t<div class=\"elementor-element elementor-element-f448387 elementor-widget elementor-widget-text-editor\" data-id=\"f448387\" data-element_type=\"widget\" data-widget_type=\"text-editor.default\">\n\t\t\t\t\t\t\t\t\t<p>c) Lav selv flere s\u00e6tninger med adjektivernes gradb\u00f8jning <span class=\"TextRun SCXW23509110 BCX0\" lang=\"DA-DK\" xml:lang=\"DA-DK\" data-contrast=\"auto\"><span class=\"NormalTextRun SCXW23509110 BCX0\">\ud83d\udcac<\/span><\/span><br \/>\u200bLav flere s\u00e6tninger med adjektivernes gradb\u00f8jning\u00a0med udgangspunkt i billedet nedenfor. Brug f\u00f8lgende gloser i dine sammenligninger:\u00a0<em>alto\/inteligente\/simp\u00e1tico\/ambicioso\/t\u00edmido<\/em><\/p>\t\t\t\t\t\t\t\t<\/div>\n\t\t\t\t<div class=\"elementor-element elementor-element-54b625a elementor-widget elementor-widget-image\" data-id=\"54b625a\" data-element_type=\"widget\" data-widget_type=\"image.default\">\n\t\t\t\t\t\t\t\t\t\t\t\t\t\t\t\t<a href=\"https:\/\/laerkeryge.maktechagency.com\/wp-content\/uploads\/2025\/12\/Cap.6.gram_.people.webp\" data-elementor-open-lightbox=\"yes\" data-e-action-hash=\"#elementor-action%3Aaction%3Dlightbox%26settings%3DeyJpZCI6NDkzOSwidXJsIjoiaHR0cHM6XC9cL2xhZXJrZXJ5Z2UubWFrdGVjaGFnZW5jeS5jb21cL3dwLWNvbnRlbnRcL3VwbG9hZHNcLzIwMjVcLzEyXC9DYXAuNi5ncmFtXy5wZW9wbGUud2VicCJ9\">\n\t\t\t\t\t\t\t<img decoding=\"async\" width=\"816\" height=\"334\" src=\"https:\/\/laerkeryge.maktechagency.com\/wp-content\/uploads\/2025\/12\/Cap.6.gram_.people.webp\" class=\"attachment-full size-full wp-image-4939\" alt=\"\" srcset=\"https:\/\/laerkeryge.maktechagency.com\/wp-content\/uploads\/2025\/12\/Cap.6.gram_.people.webp 816w, https:\/\/laerkeryge.maktechagency.com\/wp-content\/uploads\/2025\/12\/Cap.6.gram_.people-300x123.webp 300w, https:\/\/laerkeryge.maktechagency.com\/wp-content\/uploads\/2025\/12\/Cap.6.gram_.people-768x314.webp 768w\" sizes=\"(max-width: 816px) 100vw, 816px\" \/>\t\t\t\t\t\t\t\t<\/a>\n\t\t\t\t\t\t\t\t\t\t\t\t\t\t\t<\/div>\n\t\t\t\t<\/div>\n\t\t\t\t<\/div>\n\t\t\t\t<\/div>\n\t\t","protected":false},"excerpt":{"rendered":"<p>Opgave 1: Dativstyrende verber: gustar m.fl. a) Dativstyrende verber \ud83d\udcacAngiv subjekt (S), verballed (V) og indirekte objekt (IO) i f\u00f8lgende [&hellip;]<\/p>\n","protected":false},"author":1,"featured_media":0,"parent":0,"menu_order":0,"comment_status":"closed","ping_status":"closed","template":"elementor_header_footer","meta":{"site-sidebar-layout":"no-sidebar","site-content-layout":"","ast-site-content-layout":"full-width-container","site-content-style":"default","site-sidebar-style":"default","ast-global-header-display":"","ast-banner-title-visibility":"","ast-main-header-display":"","ast-hfb-above-header-display":"","ast-hfb-below-header-display":"","ast-hfb-mobile-header-display":"","site-post-title":"","ast-breadcrumbs-content":"","ast-featured-img":"disabled","footer-sml-layout":"","ast-disable-related-posts":"","theme-transparent-header-meta":"","adv-header-id-meta":"","stick-header-meta":"","header-above-stick-meta":"","header-main-stick-meta":"","header-below-stick-meta":"","astra-migrate-meta-layouts":"default","ast-page-background-enabled":"default","ast-page-background-meta":{"desktop":{"background-color":"var(--ast-global-color-5)","background-image":"","background-repeat":"repeat","background-position":"center center","background-size":"auto","background-attachment":"scroll","background-type":"","background-media":"","overlay-type":"","overlay-color":"","overlay-opacity":"","overlay-gradient":""},"tablet":{"background-color":"","background-image":"","background-repeat":"repeat","background-position":"center center","background-size":"auto","background-attachment":"scroll","background-type":"","background-media":"","overlay-type":"","overlay-color":"","overlay-opacity":"","overlay-gradient":""},"mobile":{"background-color":"","background-image":"","background-repeat":"repeat","background-position":"center center","background-size":"auto","background-attachment":"scroll","background-type":"","background-media":"","overlay-type":"","overlay-color":"","overlay-opacity":"","overlay-gradient":""}},"ast-content-background-meta":{"desktop":{"background-color":"var(--ast-global-color-4)","background-image":"","background-repeat":"repeat","background-position":"center center","background-size":"auto","background-attachment":"scroll","background-type":"","background-media":"","overlay-type":"","overlay-color":"","overlay-opacity":"","overlay-gradient":""},"tablet":{"background-color":"var(--ast-global-color-4)","background-image":"","background-repeat":"repeat","background-position":"center center","background-size":"auto","background-attachment":"scroll","background-type":"","background-media":"","overlay-type":"","overlay-color":"","overlay-opacity":"","overlay-gradient":""},"mobile":{"background-color":"var(--ast-global-color-4)","background-image":"","background-repeat":"repeat","background-position":"center center","background-size":"auto","background-attachment":"scroll","background-type":"","background-media":"","overlay-type":"","overlay-color":"","overlay-opacity":"","overlay-gradient":""}},"footnotes":""},"class_list":["post-110","page","type-page","status-publish","hentry"],"_links":{"self":[{"href":"https:\/\/laerkeryge.maktechagency.com\/index.php\/wp-json\/wp\/v2\/pages\/110","targetHints":{"allow":["GET"]}}],"collection":[{"href":"https:\/\/laerkeryge.maktechagency.com\/index.php\/wp-json\/wp\/v2\/pages"}],"about":[{"href":"https:\/\/laerkeryge.maktechagency.com\/index.php\/wp-json\/wp\/v2\/types\/page"}],"author":[{"embeddable":true,"href":"https:\/\/laerkeryge.maktechagency.com\/index.php\/wp-json\/wp\/v2\/users\/1"}],"replies":[{"embeddable":true,"href":"https:\/\/laerkeryge.maktechagency.com\/index.php\/wp-json\/wp\/v2\/comments?post=110"}],"version-history":[{"count":79,"href":"https:\/\/laerkeryge.maktechagency.com\/index.php\/wp-json\/wp\/v2\/pages\/110\/revisions"}],"predecessor-version":[{"id":9080,"href":"https:\/\/laerkeryge.maktechagency.com\/index.php\/wp-json\/wp\/v2\/pages\/110\/revisions\/9080"}],"wp:attachment":[{"href":"https:\/\/laerkeryge.maktechagency.com\/index.php\/wp-json\/wp\/v2\/media?parent=110"}],"curies":[{"name":"wp","href":"https:\/\/api.w.org\/{rel}","templated":true}]}}