{"id":11,"date":"2025-12-20T06:38:51","date_gmt":"2025-12-20T06:38:51","guid":{"rendered":"https:\/\/laerkeryge.maktechagency.com\/?page_id=11"},"modified":"2026-01-14T03:03:28","modified_gmt":"2026-01-14T03:03:28","slug":"om-udgivelsen","status":"publish","type":"page","link":"https:\/\/laerkeryge.maktechagency.com\/index.php\/om-udgivelsen\/","title":{"rendered":"Om udgivelsen"},"content":{"rendered":"\t\t<div data-elementor-type=\"wp-page\" data-elementor-id=\"11\" class=\"elementor elementor-11\" data-elementor-post-type=\"page\">\n\t\t\t\t<div class=\"elementor-element elementor-element-f0a435c e-con-full e-flex e-con e-parent\" data-id=\"f0a435c\" data-element_type=\"container\" data-settings=\"{&quot;background_background&quot;:&quot;classic&quot;}\">\n\t\t\t\t<\/div>\n\t\t<div class=\"elementor-element elementor-element-4b0cdad e-con-full e-flex e-con e-parent\" data-id=\"4b0cdad\" data-element_type=\"container\">\n\t\t<div class=\"elementor-element elementor-element-aff42cc e-con-full e-flex e-con e-child\" data-id=\"aff42cc\" data-element_type=\"container\" data-settings=\"{&quot;background_background&quot;:&quot;classic&quot;}\">\n\t\t<div class=\"elementor-element elementor-element-a0fc253 e-con-full e-flex e-con e-child\" data-id=\"a0fc253\" data-element_type=\"container\">\n\t\t<div class=\"elementor-element elementor-element-f9f8153 e-con-full e-flex e-con e-child\" data-id=\"f9f8153\" data-element_type=\"container\">\n\t\t\t\t<div class=\"elementor-element elementor-element-68746d4 elementor-widget elementor-widget-text-editor\" data-id=\"68746d4\" data-element_type=\"widget\" data-widget_type=\"text-editor.default\">\n\t\t\t\t\t\t\t\t\t<p><strong>Forfattere:<\/strong><br \/>L\u00e6rke Marie Ryge og Camilla J\u00fcrgensen (spanskl\u00e6rere ved <a href=\"https:\/\/odder-gym.dk\/\"><strong><span style=\"color: #8d2423;\">Odder Gymnasium<\/span><\/strong><\/a>) og ejere af forlaget <span style=\"color: #8d2423;\">MitDigitaleGym<\/span><\/p>\t\t\t\t\t\t\t\t<\/div>\n\t\t\t\t<div class=\"elementor-element elementor-element-849ed7c elementor-widget elementor-widget-text-editor\" data-id=\"849ed7c\" data-element_type=\"widget\" data-widget_type=\"text-editor.default\">\n\t\t\t\t\t\t\t\t\t<p><strong>Kontaktdata:<\/strong><\/p>\t\t\t\t\t\t\t\t<\/div>\n\t\t\t\t<div class=\"elementor-element elementor-element-610f25f elementor-icon-list--layout-traditional elementor-list-item-link-full_width elementor-widget elementor-widget-icon-list\" data-id=\"610f25f\" data-element_type=\"widget\" data-widget_type=\"icon-list.default\">\n\t\t\t\t\t\t\t<ul class=\"elementor-icon-list-items\">\n\t\t\t\t\t\t\t<li class=\"elementor-icon-list-item\">\n\t\t\t\t\t\t\t\t\t\t\t<a href=\"mailto:%20mitdigitalegym@gmail.com\">\n\n\t\t\t\t\t\t\t\t\t\t\t\t<span class=\"elementor-icon-list-icon\">\n\t\t\t\t\t\t\t<svg aria-hidden=\"true\" class=\"e-font-icon-svg e-fas-envelope-open-text\" viewBox=\"0 0 512 512\" xmlns=\"http:\/\/www.w3.org\/2000\/svg\"><path d=\"M176 216h160c8.84 0 16-7.16 16-16v-16c0-8.84-7.16-16-16-16H176c-8.84 0-16 7.16-16 16v16c0 8.84 7.16 16 16 16zm-16 80c0 8.84 7.16 16 16 16h160c8.84 0 16-7.16 16-16v-16c0-8.84-7.16-16-16-16H176c-8.84 0-16 7.16-16 16v16zm96 121.13c-16.42 0-32.84-5.06-46.86-15.19L0 250.86V464c0 26.51 21.49 48 48 48h416c26.51 0 48-21.49 48-48V250.86L302.86 401.94c-14.02 10.12-30.44 15.19-46.86 15.19zm237.61-254.18c-8.85-6.94-17.24-13.47-29.61-22.81V96c0-26.51-21.49-48-48-48h-77.55c-3.04-2.2-5.87-4.26-9.04-6.56C312.6 29.17 279.2-.35 256 0c-23.2-.35-56.59 29.17-73.41 41.44-3.17 2.3-6 4.36-9.04 6.56H96c-26.51 0-48 21.49-48 48v44.14c-12.37 9.33-20.76 15.87-29.61 22.81A47.995 47.995 0 0 0 0 200.72v10.65l96 69.35V96h320v184.72l96-69.35v-10.65c0-14.74-6.78-28.67-18.39-37.77z\"><\/path><\/svg>\t\t\t\t\t\t<\/span>\n\t\t\t\t\t\t\t\t\t\t<span class=\"elementor-icon-list-text\"> mitdigitalegym@gmail.com<\/span>\n\t\t\t\t\t\t\t\t\t\t\t<\/a>\n\t\t\t\t\t\t\t\t\t<\/li>\n\t\t\t\t\t\t\t\t<li class=\"elementor-icon-list-item\">\n\t\t\t\t\t\t\t\t\t\t\t<a href=\"tel:51633255\">\n\n\t\t\t\t\t\t\t\t\t\t\t\t<span class=\"elementor-icon-list-icon\">\n\t\t\t\t\t\t\t<svg class=\"ekit-svg-icon icon-phone1\" viewBox=\"0 0 32 32\" xmlns=\"http:\/\/www.w3.org\/2000\/svg\"><path d=\"M25.288 20.225c-0.656-0.681-1.444-1.044-2.281-1.044-0.831 0-1.625 0.356-2.313 1.038l-2.131 2.125c-0.175-0.094-0.35-0.181-0.519-0.269-0.244-0.119-0.475-0.238-0.669-0.356-2-1.269-3.819-2.925-5.556-5.063-0.844-1.069-1.412-1.963-1.825-2.875 0.556-0.506 1.069-1.031 1.569-1.537 0.188-0.188 0.381-0.387 0.569-0.575 1.419-1.419 1.419-3.256 0-4.675l-1.844-1.844c-0.206-0.206-0.425-0.425-0.625-0.644-0.406-0.419-0.831-0.85-1.269-1.256-0.656-0.65-1.438-0.994-2.263-0.994s-1.619 0.344-2.294 0.994c-0.006 0.006-0.006 0.006-0.013 0.013l-2.294 2.319c-0.863 0.862-1.356 1.919-1.462 3.138-0.163 1.975 0.419 3.806 0.863 5.013 1.094 2.95 2.731 5.688 5.169 8.619 2.956 3.531 6.519 6.319 10.581 8.288 1.556 0.738 3.625 1.606 5.944 1.756 0.144 0.006 0.288 0.013 0.425 0.013 1.563 0 2.869-0.563 3.9-1.675 0.006-0.012 0.019-0.019 0.025-0.031 0.35-0.425 0.756-0.813 1.181-1.225 0.288-0.275 0.587-0.569 0.875-0.869 0.669-0.694 1.019-1.506 1.019-2.337 0-0.837-0.356-1.644-1.038-2.319l-3.725-3.725zM27.706 27.337c-0.006 0-0.006 0.006 0 0-0.262 0.281-0.531 0.538-0.825 0.825-0.438 0.419-0.887 0.856-1.306 1.35-0.681 0.731-1.488 1.075-2.538 1.075-0.1 0-0.206 0-0.313-0.006-2.006-0.131-3.869-0.913-5.269-1.581-3.825-1.85-7.181-4.475-9.969-7.806-2.294-2.781-3.837-5.35-4.856-8.1-0.625-1.681-0.856-2.994-0.756-4.225 0.069-0.787 0.369-1.444 0.931-2.006l2.3-2.3c0.331-0.313 0.681-0.481 1.025-0.481 0.425 0 0.769 0.256 0.987 0.475 0.006 0.006 0.013 0.013 0.019 0.019 0.412 0.388 0.806 0.781 1.219 1.206 0.206 0.219 0.425 0.431 0.644 0.656l1.844 1.844c0.719 0.719 0.719 1.375 0 2.094-0.194 0.194-0.387 0.394-0.581 0.581-0.569 0.581-1.106 1.119-1.694 1.65-0.012 0.012-0.025 0.019-0.031 0.031-0.581 0.581-0.475 1.15-0.35 1.531 0.006 0.019 0.012 0.037 0.019 0.063 0.481 1.162 1.156 2.256 2.181 3.556l0.006 0.006c1.863 2.294 3.831 4.087 6 5.456 0.275 0.175 0.563 0.319 0.831 0.45 0.244 0.119 0.475 0.238 0.669 0.356 0.025 0.012 0.056 0.031 0.081 0.050 0.231 0.113 0.444 0.169 0.669 0.169 0.563 0 0.913-0.35 1.025-0.469l2.313-2.313c0.231-0.231 0.594-0.506 1.019-0.506 0.419 0 0.762 0.262 0.975 0.494 0.006 0.006 0.006 0.006 0.012 0.012l3.719 3.719c0.688 0.7 0.688 1.406 0 2.125zM17.294 8.012c1.769 0.3 3.375 1.137 4.662 2.419s2.113 2.894 2.419 4.662c0.075 0.444 0.456 0.756 0.9 0.756 0.056 0 0.1-0.006 0.156-0.012 0.5-0.081 0.831-0.556 0.75-1.056-0.363-2.144-1.375-4.094-2.925-5.638-1.544-1.544-3.5-2.563-5.637-2.925-0.5-0.081-0.969 0.25-1.056 0.744-0.094 0.487 0.231 0.969 0.731 1.050zM31.962 14.519c-0.6-3.525-2.262-6.731-4.813-9.287s-5.762-4.213-9.288-4.813c-0.494-0.088-0.956 0.25-1.044 0.744-0.081 0.5 0.25 0.969 0.75 1.056 3.15 0.531 6.019 2.025 8.3 4.3 2.281 2.281 3.769 5.156 4.3 8.3 0.075 0.444 0.456 0.756 0.9 0.756 0.056 0 0.1-0.006 0.156-0.012 0.488-0.081 0.825-0.556 0.738-1.044z\"><\/path><\/svg>\t\t\t\t\t\t<\/span>\n\t\t\t\t\t\t\t\t\t\t<span class=\"elementor-icon-list-text\">51633255<\/span>\n\t\t\t\t\t\t\t\t\t\t\t<\/a>\n\t\t\t\t\t\t\t\t\t<\/li>\n\t\t\t\t\t\t<\/ul>\n\t\t\t\t\t\t<\/div>\n\t\t\t\t<div class=\"elementor-element elementor-element-e12c902 elementor-widget elementor-widget-text-editor\" data-id=\"e12c902\" data-element_type=\"widget\" data-widget_type=\"text-editor.default\">\n\t\t\t\t\t\t\t\t\t<p><strong>Ekstern redakt\u00f8r og korrekturl\u00e6ser:<\/strong> Amaya Sanz (undervisningschef p\u00e5 sprogskolen <a href=\"http:\/\/www.debla.dk\/\"><strong><span style=\"color: #8d2423;\">Debla<\/span><\/strong><\/a><\/p>\t\t\t\t\t\t\t\t<\/div>\n\t\t\t\t<div class=\"elementor-element elementor-element-b301f08 elementor-widget elementor-widget-text-editor\" data-id=\"b301f08\" data-element_type=\"widget\" data-widget_type=\"text-editor.default\">\n\t\t\t\t\t\t\t\t\t<p><strong>Lydfiler:<\/strong> Julia P\u00e9rez Raboso<\/p>\t\t\t\t\t\t\t\t<\/div>\n\t\t\t\t<div class=\"elementor-element elementor-element-e103495 elementor-widget elementor-widget-text-editor\" data-id=\"e103495\" data-element_type=\"widget\" data-widget_type=\"text-editor.default\">\n\t\t\t\t\t\t\t\t\t<p><strong>\u200bUdgivelse:<\/strong> Forlaget MitDigitaleGym 2018<\/p>\t\t\t\t\t\t\t\t<\/div>\n\t\t\t\t<div class=\"elementor-element elementor-element-53e1a13 elementor-widget elementor-widget-text-editor\" data-id=\"53e1a13\" data-element_type=\"widget\" data-widget_type=\"text-editor.default\">\n\t\t\t\t\t\t\t\t\t<p><strong>S\u00e6rlig tak til:\u00a0<\/strong><br \/>Naja Toftgaard Lauridsen (fotograf)<br \/>L\u00e6rke Hvid (model)<br \/>Kristina Krogh Nielsen (korrekturl\u00e6ser)<br \/>Vibeke Ryge (elevkorrektur)<br \/>L\u00e6rere og elever p\u00e5 Silkeborg Gymnasium<br \/>Vores kolleger og elever p\u00e5 Odder Gymnasium<br \/>og sidst men ikke mindst vores meget t\u00e5lmodige familier.<\/p>\t\t\t\t\t\t\t\t<\/div>\n\t\t\t\t<\/div>\n\t\t<div class=\"elementor-element elementor-element-c1f3d5b e-con-full e-flex e-con e-child\" data-id=\"c1f3d5b\" data-element_type=\"container\">\n\t\t<div class=\"elementor-element elementor-element-7d8230a e-con-full e-flex e-con e-child\" data-id=\"7d8230a\" data-element_type=\"container\">\n\t\t<div class=\"elementor-element elementor-element-1d4ecf9 e-con-full e-flex e-con e-child\" data-id=\"1d4ecf9\" data-element_type=\"container\">\n\t\t\t\t<div class=\"elementor-element elementor-element-1aba56c elementor-widget elementor-widget-image\" data-id=\"1aba56c\" data-element_type=\"widget\" data-widget_type=\"image.default\">\n\t\t\t\t\t\t\t\t\t\t\t\t\t\t\t\t<a href=\"https:\/\/laerkeryge.maktechagency.com\/wp-content\/uploads\/2026\/01\/Laerke-Marie-Ryge-scaled.jpg\" data-elementor-open-lightbox=\"yes\" data-e-action-hash=\"#elementor-action%3Aaction%3Dlightbox%26settings%3DeyJpZCI6ODgxNSwidXJsIjoiaHR0cHM6XC9cL2xhZXJrZXJ5Z2UubWFrdGVjaGFnZW5jeS5jb21cL3dwLWNvbnRlbnRcL3VwbG9hZHNcLzIwMjZcLzAxXC9MYWVya2UtTWFyaWUtUnlnZS1zY2FsZWQuanBnIn0%3D\">\n\t\t\t\t\t\t\t<img fetchpriority=\"high\" decoding=\"async\" width=\"1962\" height=\"2560\" src=\"https:\/\/laerkeryge.maktechagency.com\/wp-content\/uploads\/2026\/01\/Laerke-Marie-Ryge-scaled.jpg\" class=\"attachment-full size-full wp-image-8815\" alt=\"\" srcset=\"https:\/\/laerkeryge.maktechagency.com\/wp-content\/uploads\/2026\/01\/Laerke-Marie-Ryge-scaled.jpg 1962w, https:\/\/laerkeryge.maktechagency.com\/wp-content\/uploads\/2026\/01\/Laerke-Marie-Ryge-230x300.jpg 230w, https:\/\/laerkeryge.maktechagency.com\/wp-content\/uploads\/2026\/01\/Laerke-Marie-Ryge-785x1024.jpg 785w, https:\/\/laerkeryge.maktechagency.com\/wp-content\/uploads\/2026\/01\/Laerke-Marie-Ryge-768x1002.jpg 768w, https:\/\/laerkeryge.maktechagency.com\/wp-content\/uploads\/2026\/01\/Laerke-Marie-Ryge-1177x1536.jpg 1177w, https:\/\/laerkeryge.maktechagency.com\/wp-content\/uploads\/2026\/01\/Laerke-Marie-Ryge-1570x2048.jpg 1570w\" sizes=\"(max-width: 1962px) 100vw, 1962px\" \/>\t\t\t\t\t\t\t\t<\/a>\n\t\t\t\t\t\t\t\t\t\t\t\t\t\t\t<\/div>\n\t\t\t\t<div class=\"elementor-element elementor-element-a1f49ea elementor-widget elementor-widget-heading\" data-id=\"a1f49ea\" data-element_type=\"widget\" data-widget_type=\"heading.default\">\n\t\t\t\t\t<h2 class=\"elementor-heading-title elementor-size-default\">L\u00e6rke Marie Ryge\n<\/h2>\t\t\t\t<\/div>\n\t\t\t\t<\/div>\n\t\t<div class=\"elementor-element elementor-element-e4739af e-con-full e-flex e-con e-child\" data-id=\"e4739af\" data-element_type=\"container\">\n\t\t\t\t<div class=\"elementor-element elementor-element-9041ebe elementor-widget elementor-widget-image\" data-id=\"9041ebe\" data-element_type=\"widget\" data-widget_type=\"image.default\">\n\t\t\t\t\t\t\t\t\t\t\t\t\t\t\t\t<a href=\"https:\/\/laerkeryge.maktechagency.com\/wp-content\/uploads\/2026\/01\/Camilla-Jurgensen-scaled.jpg\" data-elementor-open-lightbox=\"yes\" data-e-action-hash=\"#elementor-action%3Aaction%3Dlightbox%26settings%3DeyJpZCI6ODgwNSwidXJsIjoiaHR0cHM6XC9cL2xhZXJrZXJ5Z2UubWFrdGVjaGFnZW5jeS5jb21cL3dwLWNvbnRlbnRcL3VwbG9hZHNcLzIwMjZcLzAxXC9DYW1pbGxhLUp1cmdlbnNlbi1zY2FsZWQuanBnIn0%3D\">\n\t\t\t\t\t\t\t<img decoding=\"async\" width=\"1984\" height=\"2560\" src=\"https:\/\/laerkeryge.maktechagency.com\/wp-content\/uploads\/2026\/01\/Camilla-Jurgensen-scaled.jpg\" class=\"attachment-full size-full wp-image-8805\" alt=\"\" srcset=\"https:\/\/laerkeryge.maktechagency.com\/wp-content\/uploads\/2026\/01\/Camilla-Jurgensen-scaled.jpg 1984w, https:\/\/laerkeryge.maktechagency.com\/wp-content\/uploads\/2026\/01\/Camilla-Jurgensen-232x300.jpg 232w, https:\/\/laerkeryge.maktechagency.com\/wp-content\/uploads\/2026\/01\/Camilla-Jurgensen-793x1024.jpg 793w, https:\/\/laerkeryge.maktechagency.com\/wp-content\/uploads\/2026\/01\/Camilla-Jurgensen-768x991.jpg 768w, https:\/\/laerkeryge.maktechagency.com\/wp-content\/uploads\/2026\/01\/Camilla-Jurgensen-1190x1536.jpg 1190w, https:\/\/laerkeryge.maktechagency.com\/wp-content\/uploads\/2026\/01\/Camilla-Jurgensen-1587x2048.jpg 1587w\" sizes=\"(max-width: 1984px) 100vw, 1984px\" \/>\t\t\t\t\t\t\t\t<\/a>\n\t\t\t\t\t\t\t\t\t\t\t\t\t\t\t<\/div>\n\t\t\t\t<div class=\"elementor-element elementor-element-eb9c5bd elementor-widget elementor-widget-heading\" data-id=\"eb9c5bd\" data-element_type=\"widget\" data-widget_type=\"heading.default\">\n\t\t\t\t\t<h2 class=\"elementor-heading-title elementor-size-default\">Camilla J\u00fcrgensen<\/h2>\t\t\t\t<\/div>\n\t\t\t\t<\/div>\n\t\t\t\t<\/div>\n\t\t\t\t<\/div>\n\t\t\t\t<\/div>\n\t\t\t\t<\/div>\n\t\t\t\t<\/div>\n\t\t\t\t<\/div>\n\t\t","protected":false},"excerpt":{"rendered":"<p>Forfattere:L\u00e6rke Marie Ryge og Camilla J\u00fcrgensen (spanskl\u00e6rere ved Odder Gymnasium) og ejere af forlaget MitDigitaleGym Kontaktdata: mitdigitalegym@gmail.com 51633255 Ekstern redakt\u00f8r [&hellip;]<\/p>\n","protected":false},"author":1,"featured_media":0,"parent":0,"menu_order":0,"comment_status":"closed","ping_status":"closed","template":"elementor_header_footer","meta":{"site-sidebar-layout":"no-sidebar","site-content-layout":"","ast-site-content-layout":"full-width-container","site-content-style":"default","site-sidebar-style":"default","ast-global-header-display":"","ast-banner-title-visibility":"","ast-main-header-display":"","ast-hfb-above-header-display":"","ast-hfb-below-header-display":"","ast-hfb-mobile-header-display":"","site-post-title":"","ast-breadcrumbs-content":"","ast-featured-img":"disabled","footer-sml-layout":"","ast-disable-related-posts":"","theme-transparent-header-meta":"","adv-header-id-meta":"","stick-header-meta":"","header-above-stick-meta":"","header-main-stick-meta":"","header-below-stick-meta":"","astra-migrate-meta-layouts":"default","ast-page-background-enabled":"default","ast-page-background-meta":{"desktop":{"background-color":"var(--ast-global-color-5)","background-image":"","background-repeat":"repeat","background-position":"center center","background-size":"auto","background-attachment":"scroll","background-type":"","background-media":"","overlay-type":"","overlay-color":"","overlay-opacity":"","overlay-gradient":""},"tablet":{"background-color":"","background-image":"","background-repeat":"repeat","background-position":"center center","background-size":"auto","background-attachment":"scroll","background-type":"","background-media":"","overlay-type":"","overlay-color":"","overlay-opacity":"","overlay-gradient":""},"mobile":{"background-color":"","background-image":"","background-repeat":"repeat","background-position":"center center","background-size":"auto","background-attachment":"scroll","background-type":"","background-media":"","overlay-type":"","overlay-color":"","overlay-opacity":"","overlay-gradient":""}},"ast-content-background-meta":{"desktop":{"background-color":"var(--ast-global-color-4)","background-image":"","background-repeat":"repeat","background-position":"center center","background-size":"auto","background-attachment":"scroll","background-type":"","background-media":"","overlay-type":"","overlay-color":"","overlay-opacity":"","overlay-gradient":""},"tablet":{"background-color":"var(--ast-global-color-4)","background-image":"","background-repeat":"repeat","background-position":"center center","background-size":"auto","background-attachment":"scroll","background-type":"","background-media":"","overlay-type":"","overlay-color":"","overlay-opacity":"","overlay-gradient":""},"mobile":{"background-color":"var(--ast-global-color-4)","background-image":"","background-repeat":"repeat","background-position":"center center","background-size":"auto","background-attachment":"scroll","background-type":"","background-media":"","overlay-type":"","overlay-color":"","overlay-opacity":"","overlay-gradient":""}},"footnotes":""},"class_list":["post-11","page","type-page","status-publish","hentry"],"_links":{"self":[{"href":"https:\/\/laerkeryge.maktechagency.com\/index.php\/wp-json\/wp\/v2\/pages\/11","targetHints":{"allow":["GET"]}}],"collection":[{"href":"https:\/\/laerkeryge.maktechagency.com\/index.php\/wp-json\/wp\/v2\/pages"}],"about":[{"href":"https:\/\/laerkeryge.maktechagency.com\/index.php\/wp-json\/wp\/v2\/types\/page"}],"author":[{"embeddable":true,"href":"https:\/\/laerkeryge.maktechagency.com\/index.php\/wp-json\/wp\/v2\/users\/1"}],"replies":[{"embeddable":true,"href":"https:\/\/laerkeryge.maktechagency.com\/index.php\/wp-json\/wp\/v2\/comments?post=11"}],"version-history":[{"count":196,"href":"https:\/\/laerkeryge.maktechagency.com\/index.php\/wp-json\/wp\/v2\/pages\/11\/revisions"}],"predecessor-version":[{"id":8830,"href":"https:\/\/laerkeryge.maktechagency.com\/index.php\/wp-json\/wp\/v2\/pages\/11\/revisions\/8830"}],"wp:attachment":[{"href":"https:\/\/laerkeryge.maktechagency.com\/index.php\/wp-json\/wp\/v2\/media?parent=11"}],"curies":[{"name":"wp","href":"https:\/\/api.w.org\/{rel}","templated":true}]}}