{"id":108,"date":"2025-12-20T08:23:07","date_gmt":"2025-12-20T08:23:07","guid":{"rendered":"https:\/\/laerkeryge.maktechagency.com\/?page_id=108"},"modified":"2026-01-07T05:28:32","modified_gmt":"2026-01-07T05:28:32","slug":"cap-5-traduccion","status":"publish","type":"page","link":"https:\/\/laerkeryge.maktechagency.com\/index.php\/cap-5-traduccion\/","title":{"rendered":"Cap 5 Traducci\u00f3n"},"content":{"rendered":"\t\t<div data-elementor-type=\"wp-page\" data-elementor-id=\"108\" class=\"elementor elementor-108\" data-elementor-post-type=\"page\">\n\t\t\t\t<div class=\"elementor-element elementor-element-d560cb0 e-con-full e-flex e-con e-parent\" data-id=\"d560cb0\" data-element_type=\"container\" data-settings=\"{&quot;background_background&quot;:&quot;classic&quot;}\">\n\t\t\t\t<\/div>\n\t\t<div class=\"elementor-element elementor-element-b193761 e-con-full e-flex e-con e-parent\" data-id=\"b193761\" data-element_type=\"container\">\n\t\t<div class=\"elementor-element elementor-element-cac98cd e-con-full e-flex e-con e-child\" data-id=\"cac98cd\" data-element_type=\"container\">\n\t\t\t\t<div class=\"elementor-element elementor-element-e4f6af2 elementor-widget elementor-widget-heading\" data-id=\"e4f6af2\" data-element_type=\"widget\" data-widget_type=\"heading.default\">\n\t\t\t\t\t<h2 class=\"elementor-heading-title elementor-size-default\">Opsamlende overs\u00e6ttelse til CAP. 5  \u270f\ufe0f\n\n<\/h2>\t\t\t\t<\/div>\n\t\t\t\t<div class=\"elementor-element elementor-element-3cbfa42 elementor-widget elementor-widget-text-editor\" data-id=\"3cbfa42\" data-element_type=\"widget\" data-widget_type=\"text-editor.default\">\n\t\t\t\t\t\t\t\t\t<p><strong>\u200bTraducci\u00f3n normal<\/strong><br \/>1. Marie har spist p\u00e5 en restaurant. Hun har spist spansk \u00e6ggekage.<br \/>2. Luc\u00eda h\u00f8rer musik, dyrker sport og g\u00e5r ud med vennerne i sin fritid.<br \/>3. Der er mange studerende i M\u00e1laga.<br \/>4. Hannah er meget s\u00f8d (<em>simp\u00e1tico<\/em>), men hun taler meget.<br \/>5. De betaler (<em>pagar<\/em>) 10,50 euros for (<em>por<\/em>) rejerne.<br \/>6. Marie har spist morgenmad i k\u00f8kkenet.<br \/>7. Familien er kommet sent (<em>volver tarde<\/em>) hjem.<\/p>\t\t\t\t\t\t\t\t<\/div>\n\t\t\t\t<div class=\"elementor-element elementor-element-6ad1d36 elementor-widget elementor-widget-text-editor\" data-id=\"6ad1d36\" data-element_type=\"widget\" data-widget_type=\"text-editor.default\">\n\t\t\t\t\t\t\t\t\t<p><strong>Traducci\u00f3n avanzada<\/strong><br \/>1. Marie har v\u00e6ret p\u00e5 en tapasbar og har spist mange l\u00e6kre tapas.<br \/>2. Luc\u00eda har spillet fodbold i sin fritid. Nu spiller hun guitar og g\u00e5r ud med vennerne.<br \/>3. Der er mange turister i M\u00e1laga. Der er ogs\u00e5 mange spanskstuderende.<br \/>4. Der er meget varmt i Andalusien om sommeren.<br \/>5. Hvor meget bliver det? Det bliver 10,50 euros. Jeg betaler med kontanter.<br \/>6. Marie er st\u00e5et meget tidligt op (<em>levantarse<\/em>). Hun har spist morgenmad uden (<em>sin<\/em>) familien.<br \/>7. Silvia y Javier har sagt, at de er kommet sent (<em>volver tarde<\/em>) hjem.<\/p>\t\t\t\t\t\t\t\t<\/div>\n\t\t\t\t<\/div>\n\t\t\t\t<\/div>\n\t\t\t\t<\/div>\n\t\t","protected":false},"excerpt":{"rendered":"<p>Opsamlende overs\u00e6ttelse til CAP. 5 \u270f\ufe0f \u200bTraducci\u00f3n normal1. Marie har spist p\u00e5 en restaurant. Hun har spist spansk \u00e6ggekage.2. Luc\u00eda [&hellip;]<\/p>\n","protected":false},"author":1,"featured_media":0,"parent":0,"menu_order":0,"comment_status":"closed","ping_status":"closed","template":"elementor_header_footer","meta":{"site-sidebar-layout":"no-sidebar","site-content-layout":"","ast-site-content-layout":"full-width-container","site-content-style":"default","site-sidebar-style":"default","ast-global-header-display":"","ast-banner-title-visibility":"","ast-main-header-display":"","ast-hfb-above-header-display":"","ast-hfb-below-header-display":"","ast-hfb-mobile-header-display":"","site-post-title":"","ast-breadcrumbs-content":"","ast-featured-img":"disabled","footer-sml-layout":"","ast-disable-related-posts":"","theme-transparent-header-meta":"","adv-header-id-meta":"","stick-header-meta":"","header-above-stick-meta":"","header-main-stick-meta":"","header-below-stick-meta":"","astra-migrate-meta-layouts":"default","ast-page-background-enabled":"default","ast-page-background-meta":{"desktop":{"background-color":"var(--ast-global-color-5)","background-image":"","background-repeat":"repeat","background-position":"center center","background-size":"auto","background-attachment":"scroll","background-type":"","background-media":"","overlay-type":"","overlay-color":"","overlay-opacity":"","overlay-gradient":""},"tablet":{"background-color":"","background-image":"","background-repeat":"repeat","background-position":"center center","background-size":"auto","background-attachment":"scroll","background-type":"","background-media":"","overlay-type":"","overlay-color":"","overlay-opacity":"","overlay-gradient":""},"mobile":{"background-color":"","background-image":"","background-repeat":"repeat","background-position":"center center","background-size":"auto","background-attachment":"scroll","background-type":"","background-media":"","overlay-type":"","overlay-color":"","overlay-opacity":"","overlay-gradient":""}},"ast-content-background-meta":{"desktop":{"background-color":"var(--ast-global-color-4)","background-image":"","background-repeat":"repeat","background-position":"center center","background-size":"auto","background-attachment":"scroll","background-type":"","background-media":"","overlay-type":"","overlay-color":"","overlay-opacity":"","overlay-gradient":""},"tablet":{"background-color":"var(--ast-global-color-4)","background-image":"","background-repeat":"repeat","background-position":"center center","background-size":"auto","background-attachment":"scroll","background-type":"","background-media":"","overlay-type":"","overlay-color":"","overlay-opacity":"","overlay-gradient":""},"mobile":{"background-color":"var(--ast-global-color-4)","background-image":"","background-repeat":"repeat","background-position":"center center","background-size":"auto","background-attachment":"scroll","background-type":"","background-media":"","overlay-type":"","overlay-color":"","overlay-opacity":"","overlay-gradient":""}},"footnotes":""},"class_list":["post-108","page","type-page","status-publish","hentry"],"_links":{"self":[{"href":"https:\/\/laerkeryge.maktechagency.com\/index.php\/wp-json\/wp\/v2\/pages\/108","targetHints":{"allow":["GET"]}}],"collection":[{"href":"https:\/\/laerkeryge.maktechagency.com\/index.php\/wp-json\/wp\/v2\/pages"}],"about":[{"href":"https:\/\/laerkeryge.maktechagency.com\/index.php\/wp-json\/wp\/v2\/types\/page"}],"author":[{"embeddable":true,"href":"https:\/\/laerkeryge.maktechagency.com\/index.php\/wp-json\/wp\/v2\/users\/1"}],"replies":[{"embeddable":true,"href":"https:\/\/laerkeryge.maktechagency.com\/index.php\/wp-json\/wp\/v2\/comments?post=108"}],"version-history":[{"count":22,"href":"https:\/\/laerkeryge.maktechagency.com\/index.php\/wp-json\/wp\/v2\/pages\/108\/revisions"}],"predecessor-version":[{"id":8496,"href":"https:\/\/laerkeryge.maktechagency.com\/index.php\/wp-json\/wp\/v2\/pages\/108\/revisions\/8496"}],"wp:attachment":[{"href":"https:\/\/laerkeryge.maktechagency.com\/index.php\/wp-json\/wp\/v2\/media?parent=108"}],"curies":[{"name":"wp","href":"https:\/\/api.w.org\/{rel}","templated":true}]}}