{"id":105,"date":"2025-12-20T08:21:07","date_gmt":"2025-12-20T08:21:07","guid":{"rendered":"https:\/\/laerkeryge.maktechagency.com\/?page_id=105"},"modified":"2026-01-15T03:49:52","modified_gmt":"2026-01-15T03:49:52","slug":"cap-5-vocabulario","status":"publish","type":"page","link":"https:\/\/laerkeryge.maktechagency.com\/index.php\/cap-5-vocabulario\/","title":{"rendered":"Cap 5 Vocabulario"},"content":{"rendered":"\t\t<div data-elementor-type=\"wp-page\" data-elementor-id=\"105\" class=\"elementor elementor-105\" data-elementor-post-type=\"page\">\n\t\t\t\t<div class=\"elementor-element elementor-element-e186a70 e-con-full e-flex e-con e-parent\" data-id=\"e186a70\" data-element_type=\"container\" data-settings=\"{&quot;background_background&quot;:&quot;classic&quot;}\">\n\t\t\t\t<\/div>\n\t\t<div class=\"elementor-element elementor-element-2f997ae e-con-full e-flex e-con e-parent\" data-id=\"2f997ae\" data-element_type=\"container\">\n\t\t<div class=\"elementor-element elementor-element-b3aed9e e-con-full e-flex e-con e-child\" data-id=\"b3aed9e\" data-element_type=\"container\">\n\t\t\t\t<div class=\"elementor-element elementor-element-23e2af2 elementor-widget elementor-widget-heading\" data-id=\"23e2af2\" data-element_type=\"widget\" data-widget_type=\"heading.default\">\n\t\t\t\t\t<h2 class=\"elementor-heading-title elementor-size-default\">Opgave 1: El tiempo libre\n\n\n<\/h2>\t\t\t\t<\/div>\n\t\t\t\t<div class=\"elementor-element elementor-element-97f52e0 elementor-widget elementor-widget-text-editor\" data-id=\"97f52e0\" data-element_type=\"widget\" data-widget_type=\"text-editor.default\">\n\t\t\t\t\t\t\t\t\t<p>\u200ba) Actividades en el tiempo libre<br \/>Tr\u00e6n gloser til aktiviteter, du kan lave i din fritid. Pulse\u00a0<strong><a href=\"https:\/\/quizlet.com\/_3kj58q\" target=\"_blank\" rel=\"noopener noreferrer\">aqu\u00ed<\/a>\u00a0\u00a0<\/strong><\/p>\t\t\t\t\t\t\t\t<\/div>\n\t\t\t\t<div class=\"elementor-element elementor-element-827d2c6 elementor-widget elementor-widget-text-editor\" data-id=\"827d2c6\" data-element_type=\"widget\" data-widget_type=\"text-editor.default\">\n\t\t\t\t\t\t\t\t\t<p>b) Pregunta a tu compa\u00f1ero <span class=\"TextRun SCXW23509110 BCX0\" lang=\"DA-DK\" xml:lang=\"DA-DK\" data-contrast=\"auto\"><span class=\"NormalTextRun SCXW23509110 BCX0\">\ud83d\udcac<\/span><\/span><br \/>1. \u00bfQu\u00e9 haces en tu tiempo libre?<br \/>2. \u00bfQu\u00e9 hace tu amigo en su tiempo libre?<br \/>3. \u00bfQu\u00e9 te gusta m\u00e1s hacer en tu tiempo libre?<br \/>4. \u00bfQu\u00e9 te gusta menos hacer en tu tiempo libre?<\/p>\t\t\t\t\t\t\t\t<\/div>\n\t\t\t\t<div class=\"elementor-element elementor-element-b28beb4 elementor-widget elementor-widget-text-editor\" data-id=\"b28beb4\" data-element_type=\"widget\" data-widget_type=\"text-editor.default\">\n\t\t\t\t\t\t\t\t\t<p>c) Entrenamiento de vocabulario<br \/>Tr\u00e6n gloser til videoen nedenfor. Pulse\u00a0<strong><a href=\"https:\/\/quizlet.com\/_3lix96\" target=\"_blank\" rel=\"noopener noreferrer\">aqu\u00ed<\/a><\/strong><\/p>\t\t\t\t\t\t\t\t<\/div>\n\t\t\t\t<div class=\"elementor-element elementor-element-cd9c2bf elementor-widget elementor-widget-text-editor\" data-id=\"cd9c2bf\" data-element_type=\"widget\" data-widget_type=\"text-editor.default\">\n\t\t\t\t\t\t\t\t\t<p>d) Ver el v\u00eddeo con subt\u00edtulos<br \/>Se videoen med spanske undertekster og derefter evt. med engelske undertekster.<br \/>For at se videoen med undertekster skal du f\u00f8rst klikke p\u00e5 tastaturet i bj\u00e6lken nederst i videoen. Dern\u00e6st v\u00e6lger du sprog ved at klikke p\u00e5 tandhjulet.<\/p>\t\t\t\t\t\t\t\t<\/div>\n\t\t<div class=\"elementor-element elementor-element-75a79dd e-con-full e-flex e-con e-child\" data-id=\"75a79dd\" data-element_type=\"container\">\n\t\t<div class=\"elementor-element elementor-element-7d93656 e-con-full elementor-hidden-mobile e-flex e-con e-child\" data-id=\"7d93656\" data-element_type=\"container\">\n\t\t\t\t<div class=\"elementor-element elementor-element-ce6eb7c elementor-widget elementor-widget-video\" data-id=\"ce6eb7c\" data-element_type=\"widget\" data-settings=\"{&quot;youtube_url&quot;:&quot;https:\\\/\\\/www.youtube.com\\\/watch?v=Y1MXr0YYqrk&amp;t=4s&quot;,&quot;video_type&quot;:&quot;youtube&quot;,&quot;controls&quot;:&quot;yes&quot;}\" data-widget_type=\"video.default\">\n\t\t\t\t\t\t\t<div class=\"elementor-wrapper elementor-open-inline\">\n\t\t\t<div class=\"elementor-video\"><\/div>\t\t<\/div>\n\t\t\t\t\t\t<\/div>\n\t\t\t\t<\/div>\n\t\t<div class=\"elementor-element elementor-element-ba68338 e-con-full e-flex e-con e-child\" data-id=\"ba68338\" data-element_type=\"container\">\n\t\t\t\t<div class=\"elementor-element elementor-element-cfd9b9b elementor-widget elementor-widget-text-editor\" data-id=\"cfd9b9b\" data-element_type=\"widget\" data-widget_type=\"text-editor.default\">\n\t\t\t\t\t\t\t\t\t<p>e) Preguntas sobre el v\u00eddeo <span class=\"TextRun SCXW23509110 BCX0\" lang=\"DA-DK\" xml:lang=\"DA-DK\" data-contrast=\"auto\"><span class=\"NormalTextRun SCXW23509110 BCX0\">\ud83d\udcac<\/span><\/span> \u270f\ufe0f<br \/>1. \u00bfQu\u00e9 se puede hacer en un centro comercial?<br \/>2. \u00bfQu\u00e9 se puede hacer durante el fin de semana?<br \/>3. \u00bfPor qu\u00e9 hay muchos coches en el parking del supermercado los s\u00e1bados?<br \/>4.\u200b \u00bfQu\u00e9 tipo de deporte hacen las personas en el v\u00eddeo?<br \/>5. \u00bfQu\u00e9 se puede hacer en la playa?<br \/>6. \u00bfQu\u00e9 tiempo hace en Barcelona en noviembre en el v\u00eddeo?<br \/><em>Video: Agust\u00edn Iruela \u2013 Video ele<\/em><\/p>\t\t\t\t\t\t\t\t<\/div>\n\t\t\t\t<\/div>\n\t\t\t\t<\/div>\n\t\t\t\t<\/div>\n\t\t<div class=\"elementor-element elementor-element-c1f6767 e-con-full e-flex e-con e-child\" data-id=\"c1f6767\" data-element_type=\"container\">\n\t\t<div class=\"elementor-element elementor-element-c735f8f e-con-full e-flex e-con e-child\" data-id=\"c735f8f\" data-element_type=\"container\">\n\t\t<div class=\"elementor-element elementor-element-20ad107 e-con-full e-flex e-con e-child\" data-id=\"20ad107\" data-element_type=\"container\">\n\t\t\t\t<div class=\"elementor-element elementor-element-6cc5f17 elementor-widget elementor-widget-heading\" data-id=\"6cc5f17\" data-element_type=\"widget\" data-widget_type=\"heading.default\">\n\t\t\t\t\t<h2 class=\"elementor-heading-title elementor-size-default\">Opgave 2: Las tapas\n\n\n<\/h2>\t\t\t\t<\/div>\n\t\t\t\t<div class=\"elementor-element elementor-element-82ef45c elementor-widget elementor-widget-text-editor\" data-id=\"82ef45c\" data-element_type=\"widget\" data-widget_type=\"text-editor.default\">\n\t\t\t\t\t\t\t\t\t<p>a) Las tapas <span class=\"TextRun SCXW23509110 BCX0\" lang=\"DA-DK\" xml:lang=\"DA-DK\" data-contrast=\"auto\"><span class=\"NormalTextRun SCXW23509110 BCX0\">\ud83d\udcac<\/span><\/span><br \/>Der findes utallige varianter af tapas. Hvad f\u00e5r du fx, hvis du bestiller:\u00a0<em>jam\u00f3n serrano\/croquetas\/boquerones\/ensaladilla rusa\/gambas al ajillo\/patatas bravas\/queso manchego<\/em>.<br \/>Hvis du ikke ved det, kan du s\u00f8ge p\u00e5 internettet.<\/p>\t\t\t\t\t\t\t\t<\/div>\n\t\t\t\t<div class=\"elementor-element elementor-element-b2c935a elementor-widget elementor-widget-text-editor\" data-id=\"b2c935a\" data-element_type=\"widget\" data-widget_type=\"text-editor.default\">\n\t\t\t\t\t\t\t\t\t<p>b) Di\u00e1logos <span class=\"TextRun SCXW23509110 BCX0\" lang=\"DA-DK\" xml:lang=\"DA-DK\" data-contrast=\"auto\"><span class=\"NormalTextRun SCXW23509110 BCX0\">\ud83d\udcac<\/span><\/span><br \/>Lav sm\u00e5 dialoger, hvor du bestiller mad fra menukortet til h\u00f8jre. Din makker er tjener. Byt dern\u00e6st roller. Du kan bruge eksemplet nedenfor som inspiration.<\/p>\t\t\t\t\t\t\t\t<\/div>\n\t\t\t\t<div class=\"elementor-element elementor-element-ae75c6b elementor-widget elementor-widget-text-editor\" data-id=\"ae75c6b\" data-element_type=\"widget\" data-widget_type=\"text-editor.default\">\n\t\t\t\t\t\t\t\t\t<p><strong>Camarero<\/strong>: Buenas tardes. \u00bfQu\u00e9 desea pedir usted?<br \/><strong>T\u00fa:\u00a0<\/strong>Brocheta de pollo y papa canaria, por favor.<br \/><strong>Camarero:<\/strong>\u00a0\u00bfY para beber?<br \/><strong>T\u00fa:<\/strong>\u00a0Agua mineral con gas, por favor.<br \/><strong>Camarero<\/strong>: Muy bien. Enseguida lo traigo.<\/p>\t\t\t\t\t\t\t\t<\/div>\n\t\t\t\t<div class=\"elementor-element elementor-element-08a35c1 elementor-widget elementor-widget-text-editor\" data-id=\"08a35c1\" data-element_type=\"widget\" data-widget_type=\"text-editor.default\">\n\t\t\t\t\t\t\t\t\t<p>\u2026<br \/><strong>T\u00fa<\/strong>: \u00a1Se\u00f1or! La cuenta, por favor.<br \/><strong>Camarero:<\/strong>\u00a0Muy bien. \u00bfPaga usted en efectivo o con tarjeta?<br \/><strong>T\u00fa:<\/strong>\u00a0En efectivo, por favor.<br \/><strong>Camarero<\/strong>: Son 15 euros con 80 c\u00e9ntimos, por favor.<br \/><strong>T\u00fa:<\/strong>\u00a0Aqu\u00ed lo tiene. Adi\u00f3s.<br \/><strong>Camarero:<\/strong>\u00a0Adi\u00f3s.<\/p>\t\t\t\t\t\t\t\t<\/div>\n\t\t\t\t<\/div>\n\t\t<div class=\"elementor-element elementor-element-29f3806 e-con-full e-flex e-con e-child\" data-id=\"29f3806\" data-element_type=\"container\">\n\t\t\t\t<div class=\"elementor-element elementor-element-537f9da elementor-widget elementor-widget-image\" data-id=\"537f9da\" data-element_type=\"widget\" data-widget_type=\"image.default\">\n\t\t\t\t\t\t\t\t\t\t\t\t\t\t\t\t<a href=\"https:\/\/laerkeryge.maktechagency.com\/wp-content\/uploads\/2025\/12\/Cap.5.voc_menu.webp\" data-elementor-open-lightbox=\"yes\" data-e-action-hash=\"#elementor-action%3Aaction%3Dlightbox%26settings%3DeyJpZCI6NDgyMSwidXJsIjoiaHR0cHM6XC9cL2xhZXJrZXJ5Z2UubWFrdGVjaGFnZW5jeS5jb21cL3dwLWNvbnRlbnRcL3VwbG9hZHNcLzIwMjVcLzEyXC9DYXAuNS52b2NfbWVudS53ZWJwIn0%3D\">\n\t\t\t\t\t\t\t<img fetchpriority=\"high\" decoding=\"async\" width=\"499\" height=\"711\" src=\"https:\/\/laerkeryge.maktechagency.com\/wp-content\/uploads\/2025\/12\/Cap.5.voc_menu.webp\" class=\"attachment-full size-full wp-image-4821\" alt=\"\" srcset=\"https:\/\/laerkeryge.maktechagency.com\/wp-content\/uploads\/2025\/12\/Cap.5.voc_menu.webp 499w, https:\/\/laerkeryge.maktechagency.com\/wp-content\/uploads\/2025\/12\/Cap.5.voc_menu-211x300.webp 211w\" sizes=\"(max-width: 499px) 100vw, 499px\" \/>\t\t\t\t\t\t\t\t<\/a>\n\t\t\t\t\t\t\t\t\t\t\t\t\t\t\t<\/div>\n\t\t\t\t<\/div>\n\t\t\t\t<\/div>\n\t\t\t\t<\/div>\n\t\t<div class=\"elementor-element elementor-element-7e71e9f e-con-full e-flex e-con e-child\" data-id=\"7e71e9f\" data-element_type=\"container\">\n\t\t<div class=\"elementor-element elementor-element-7f414f1 e-con-full e-flex e-con e-child\" data-id=\"7f414f1\" data-element_type=\"container\">\n\t\t<div class=\"elementor-element elementor-element-9439b92 e-con-full e-flex e-con e-child\" data-id=\"9439b92\" data-element_type=\"container\">\n\t\t<div class=\"elementor-element elementor-element-ddcae26 e-con-full e-flex e-con e-child\" data-id=\"ddcae26\" data-element_type=\"container\" data-settings=\"{&quot;background_background&quot;:&quot;classic&quot;}\">\n\t\t<div class=\"elementor-element elementor-element-8f9cbf6 e-con-full e-flex e-con e-child\" data-id=\"8f9cbf6\" data-element_type=\"container\" data-settings=\"{&quot;background_background&quot;:&quot;classic&quot;}\">\n\t\t\t\t<div class=\"elementor-element elementor-element-cc71dde elementor-widget elementor-widget-text-editor\" data-id=\"cc71dde\" data-element_type=\"widget\" data-widget_type=\"text-editor.default\">\n\t\t\t\t\t\t\t\t\t<p><strong>\u00bfSabes que?\u00a0<\/strong><\/p>\t\t\t\t\t\t\t\t<\/div>\n\t\t\t\t<div class=\"elementor-element elementor-element-edffc35 elementor-widget elementor-widget-text-editor\" data-id=\"edffc35\" data-element_type=\"widget\" data-widget_type=\"text-editor.default\">\n\t\t\t\t\t\t\t\t\t<p>I Spanien kan man ofte f\u00e5 samme ret i forskellige st\u00f8rrelser:<br \/>Tapa\u00a0= en snack<br \/>Raci\u00f3n = en lille portion<br \/>Plato = en hovedret<\/p>\t\t\t\t\t\t\t\t<\/div>\n\t\t\t\t<\/div>\n\t\t\t\t<\/div>\n\t\t\t\t<\/div>\n\t\t<div class=\"elementor-element elementor-element-d5202de e-con-full e-flex e-con e-child\" data-id=\"d5202de\" data-element_type=\"container\">\n\t\t<div class=\"elementor-element elementor-element-b7092f1 e-con-full e-flex e-con e-child\" data-id=\"b7092f1\" data-element_type=\"container\" data-settings=\"{&quot;background_background&quot;:&quot;classic&quot;}\">\n\t\t<div class=\"elementor-element elementor-element-adef5b9 e-con-full e-flex e-con e-child\" data-id=\"adef5b9\" data-element_type=\"container\" data-settings=\"{&quot;background_background&quot;:&quot;classic&quot;}\">\n\t\t\t\t<div class=\"elementor-element elementor-element-93c6111 elementor-widget elementor-widget-text-editor\" data-id=\"93c6111\" data-element_type=\"widget\" data-widget_type=\"text-editor.default\">\n\t\t\t\t\t\t\t\t\t<p><strong>\u00a1Recuerda la\u00a0propina!<\/strong><\/p>\t\t\t\t\t\t\t\t<\/div>\n\t\t\t\t<div class=\"elementor-element elementor-element-0e2db86 elementor-widget elementor-widget-text-editor\" data-id=\"0e2db86\" data-element_type=\"widget\" data-widget_type=\"text-editor.default\">\n\t\t\t\t\t\t\t\t\t<p>Det er god stil at l\u00e6gge ca.\u00a010% af regningen oveni prisen som drikkepenge (<em>propina<\/em>).<br \/>Det er en del af l\u00f8nnen for mange tjenere i Spanien.<\/p>\t\t\t\t\t\t\t\t<\/div>\n\t\t\t\t<\/div>\n\t\t\t\t<\/div>\n\t\t\t\t<\/div>\n\t\t\t\t<\/div>\n\t\t\t\t<\/div>\n\t\t\t\t<\/div>\n\t\t\t\t<\/div>\n\t\t","protected":false},"excerpt":{"rendered":"<p>Opgave 1: El tiempo libre \u200ba) Actividades en el tiempo libreTr\u00e6n gloser til aktiviteter, du kan lave i din fritid. [&hellip;]<\/p>\n","protected":false},"author":1,"featured_media":0,"parent":0,"menu_order":0,"comment_status":"closed","ping_status":"closed","template":"elementor_header_footer","meta":{"site-sidebar-layout":"no-sidebar","site-content-layout":"","ast-site-content-layout":"full-width-container","site-content-style":"default","site-sidebar-style":"default","ast-global-header-display":"","ast-banner-title-visibility":"","ast-main-header-display":"","ast-hfb-above-header-display":"","ast-hfb-below-header-display":"","ast-hfb-mobile-header-display":"","site-post-title":"","ast-breadcrumbs-content":"","ast-featured-img":"disabled","footer-sml-layout":"","ast-disable-related-posts":"","theme-transparent-header-meta":"","adv-header-id-meta":"","stick-header-meta":"","header-above-stick-meta":"","header-main-stick-meta":"","header-below-stick-meta":"","astra-migrate-meta-layouts":"default","ast-page-background-enabled":"default","ast-page-background-meta":{"desktop":{"background-color":"var(--ast-global-color-5)","background-image":"","background-repeat":"repeat","background-position":"center center","background-size":"auto","background-attachment":"scroll","background-type":"","background-media":"","overlay-type":"","overlay-color":"","overlay-opacity":"","overlay-gradient":""},"tablet":{"background-color":"","background-image":"","background-repeat":"repeat","background-position":"center center","background-size":"auto","background-attachment":"scroll","background-type":"","background-media":"","overlay-type":"","overlay-color":"","overlay-opacity":"","overlay-gradient":""},"mobile":{"background-color":"","background-image":"","background-repeat":"repeat","background-position":"center center","background-size":"auto","background-attachment":"scroll","background-type":"","background-media":"","overlay-type":"","overlay-color":"","overlay-opacity":"","overlay-gradient":""}},"ast-content-background-meta":{"desktop":{"background-color":"var(--ast-global-color-4)","background-image":"","background-repeat":"repeat","background-position":"center center","background-size":"auto","background-attachment":"scroll","background-type":"","background-media":"","overlay-type":"","overlay-color":"","overlay-opacity":"","overlay-gradient":""},"tablet":{"background-color":"var(--ast-global-color-4)","background-image":"","background-repeat":"repeat","background-position":"center center","background-size":"auto","background-attachment":"scroll","background-type":"","background-media":"","overlay-type":"","overlay-color":"","overlay-opacity":"","overlay-gradient":""},"mobile":{"background-color":"var(--ast-global-color-4)","background-image":"","background-repeat":"repeat","background-position":"center center","background-size":"auto","background-attachment":"scroll","background-type":"","background-media":"","overlay-type":"","overlay-color":"","overlay-opacity":"","overlay-gradient":""}},"footnotes":""},"class_list":["post-105","page","type-page","status-publish","hentry"],"_links":{"self":[{"href":"https:\/\/laerkeryge.maktechagency.com\/index.php\/wp-json\/wp\/v2\/pages\/105","targetHints":{"allow":["GET"]}}],"collection":[{"href":"https:\/\/laerkeryge.maktechagency.com\/index.php\/wp-json\/wp\/v2\/pages"}],"about":[{"href":"https:\/\/laerkeryge.maktechagency.com\/index.php\/wp-json\/wp\/v2\/types\/page"}],"author":[{"embeddable":true,"href":"https:\/\/laerkeryge.maktechagency.com\/index.php\/wp-json\/wp\/v2\/users\/1"}],"replies":[{"embeddable":true,"href":"https:\/\/laerkeryge.maktechagency.com\/index.php\/wp-json\/wp\/v2\/comments?post=105"}],"version-history":[{"count":85,"href":"https:\/\/laerkeryge.maktechagency.com\/index.php\/wp-json\/wp\/v2\/pages\/105\/revisions"}],"predecessor-version":[{"id":9071,"href":"https:\/\/laerkeryge.maktechagency.com\/index.php\/wp-json\/wp\/v2\/pages\/105\/revisions\/9071"}],"wp:attachment":[{"href":"https:\/\/laerkeryge.maktechagency.com\/index.php\/wp-json\/wp\/v2\/media?parent=105"}],"curies":[{"name":"wp","href":"https:\/\/api.w.org\/{rel}","templated":true}]}}