{"id":103,"date":"2025-12-20T08:20:41","date_gmt":"2025-12-20T08:20:41","guid":{"rendered":"https:\/\/laerkeryge.maktechagency.com\/?page_id=103"},"modified":"2026-01-15T03:45:07","modified_gmt":"2026-01-15T03:45:07","slug":"cap-5-gramatica","status":"publish","type":"page","link":"https:\/\/laerkeryge.maktechagency.com\/index.php\/cap-5-gramatica\/","title":{"rendered":"Cap 5 Gram\u00e1tica"},"content":{"rendered":"\t\t<div data-elementor-type=\"wp-page\" data-elementor-id=\"103\" class=\"elementor elementor-103\" data-elementor-post-type=\"page\">\n\t\t\t\t<div class=\"elementor-element elementor-element-0e8c993 e-con-full e-flex e-con e-parent\" data-id=\"0e8c993\" data-element_type=\"container\" data-settings=\"{&quot;background_background&quot;:&quot;classic&quot;}\">\n\t\t\t\t<\/div>\n\t\t<div class=\"elementor-element elementor-element-9d97e0c e-con-full e-flex e-con e-parent\" data-id=\"9d97e0c\" data-element_type=\"container\">\n\t\t<div class=\"elementor-element elementor-element-5fde107 e-con-full e-flex e-con e-child\" data-id=\"5fde107\" data-element_type=\"container\">\n\t\t<div class=\"elementor-element elementor-element-7ae124c e-con-full e-flex e-con e-child\" data-id=\"7ae124c\" data-element_type=\"container\">\n\t\t<div class=\"elementor-element elementor-element-5873622 e-con-full e-flex e-con e-child\" data-id=\"5873622\" data-element_type=\"container\">\n\t\t<div class=\"elementor-element elementor-element-e0987c0 e-con-full e-flex e-con e-child\" data-id=\"e0987c0\" data-element_type=\"container\">\n\t\t\t\t<div class=\"elementor-element elementor-element-71c407b elementor-widget elementor-widget-heading\" data-id=\"71c407b\" data-element_type=\"widget\" data-widget_type=\"heading.default\">\n\t\t\t\t\t<h2 class=\"elementor-heading-title elementor-size-default\">Opgave 1: Muy og mucho    \n\n<\/h2>\t\t\t\t<\/div>\n\t\t\t\t<div class=\"elementor-element elementor-element-3001b34 elementor-widget elementor-widget-text-editor\" data-id=\"3001b34\" data-element_type=\"widget\" data-widget_type=\"text-editor.default\">\n\t\t\t\t\t\t\t\t\t<p>Hvorn\u00e5r bruges\u00a0<em>muy<\/em>?<br \/>Hvorn\u00e5r bruges\u00a0<em>mucho<\/em>?<\/p>\t\t\t\t\t\t\t\t<\/div>\n\t\t\t\t<div class=\"elementor-element elementor-element-c9cc411 elementor-widget elementor-widget-text-editor\" data-id=\"c9cc411\" data-element_type=\"widget\" data-widget_type=\"text-editor.default\">\n\t\t\t\t\t\t\t\t\t<p>a)\u00a0<em>Mucho<\/em> foran et substantiv <span class=\"TextRun SCXW23509110 BCX0\" lang=\"DA-DK\" xml:lang=\"DA-DK\" data-contrast=\"auto\"><span class=\"NormalTextRun SCXW23509110 BCX0\">\ud83d\udcac<\/span><\/span><br \/>Hvad skal man v\u00e6re s\u00e6rligt opm\u00e6rksom p\u00e5, n\u00e5r\u00a0<em>mucho<\/em>\u00a0st\u00e5r foran et substantiv? fx\u00a0<em>hay muchas tapas con pescado y marisco.<\/em><\/p>\t\t\t\t\t\t\t\t<\/div>\n\t\t\t\t<div class=\"elementor-element elementor-element-cc4bb26 elementor-widget elementor-widget-text-editor\" data-id=\"cc4bb26\" data-element_type=\"widget\" data-widget_type=\"text-editor.default\">\n\t\t\t\t\t\t\t\t\t<p>b) Forklar brugen af\u00a0<em>muy<\/em>\u00a0og\u00a0<em>mucho<\/em> i disse s\u00e6tninger <span class=\"TextRun SCXW23509110 BCX0\" lang=\"DA-DK\" xml:lang=\"DA-DK\" data-contrast=\"auto\"><span class=\"NormalTextRun SCXW23509110 BCX0\">\ud83d\udcac<\/span><\/span><\/p>\t\t\t\t\t\t\t\t<\/div>\n\t\t\t\t<div class=\"elementor-element elementor-element-6bbbccd elementor-widget elementor-widget-text-editor\" data-id=\"6bbbccd\" data-element_type=\"widget\" data-widget_type=\"text-editor.default\">\n\t\t\t\t\t\t\t\t\t<ul><li>Hoy ha sido otro d\u00eda muy bueno.<\/li><li>Hay muchos lugares fant\u00e1sticos para comer tapas.<\/li><li>Es una manera muy social de comer.<\/li><li>Me encanta la costumbre de pedir muchas tapas\u00a0diferentes.<\/li><\/ul>\t\t\t\t\t\t\t\t<\/div>\n\t\t\t\t<div class=\"elementor-element elementor-element-ac34401 elementor-widget elementor-widget-text-editor\" data-id=\"ac34401\" data-element_type=\"widget\" data-widget_type=\"text-editor.default\">\n\t\t\t\t\t\t\t\t\t<p>c) S\u00e6tninger med\u00a0<em>muy<\/em>\u00a0og\u00a0<em>mucho<\/em>\u00a0\u00a0<strong>\u270f\ufe0f\u00a0\u00a0<\/strong><br \/>Skriv 3 s\u00e6tninger med hhv.\u00a0<em>muy\u00a0<\/em>og\u00a0<em>mucho<\/em>,\u00a0og l\u00e6s dem h\u00f8jt for din makker.<\/p>\t\t\t\t\t\t\t\t<\/div>\n\t\t\t\t<div class=\"elementor-element elementor-element-bef2bef elementor-widget elementor-widget-text-editor\" data-id=\"bef2bef\" data-element_type=\"widget\" data-widget_type=\"text-editor.default\">\n\t\t\t\t\t\t\t\t\t<p>d) Tr\u00e6n flere opgaver med\u00a0<em>muy\u00a0<\/em>og\u00a0<em>mucho.<\/em>\u00a0Pulse\u00a0<strong><a href=\"http:\/\/www.quia.com\/quiz\/6413867.html\" target=\"_blank\" rel=\"noopener noreferrer\">aqu\u00ed<\/a><\/strong><\/p>\t\t\t\t\t\t\t\t<\/div>\n\t\t\t\t<\/div>\n\t\t\t\t<\/div>\n\t\t<div class=\"elementor-element elementor-element-d553cc4 e-con-full e-flex e-con e-child\" data-id=\"d553cc4\" data-element_type=\"container\">\n\t\t<div class=\"elementor-element elementor-element-b2d299a e-con-full e-flex e-con e-child\" data-id=\"b2d299a\" data-element_type=\"container\" data-settings=\"{&quot;background_background&quot;:&quot;classic&quot;}\">\n\t\t<div class=\"elementor-element elementor-element-7b4d524 e-con-full e-flex e-con e-child\" data-id=\"7b4d524\" data-element_type=\"container\" data-settings=\"{&quot;background_background&quot;:&quot;classic&quot;}\">\n\t\t\t\t<div class=\"elementor-element elementor-element-a69234d elementor-widget elementor-widget-text-editor\" data-id=\"a69234d\" data-element_type=\"widget\" data-widget_type=\"text-editor.default\">\n\t\t\t\t\t\t\t\t\t<p><strong>\u00bfSabes que?\u00a0<\/strong><\/p>\t\t\t\t\t\t\t\t<\/div>\n\t\t\t\t<div class=\"elementor-element elementor-element-b613dcd elementor-widget elementor-widget-text-editor\" data-id=\"b613dcd\" data-element_type=\"widget\" data-widget_type=\"text-editor.default\">\n\t\t\t\t\t\t\t\t\t<p>Har du sv\u00e6rt ved at huske, hvorn\u00e5r du skal bruge\u00a0<em>muy\u00a0<\/em>eller\u00a0<em>mucho<\/em>? S\u00e5 kan det m\u00e5ske hj\u00e6lpe at huske p\u00e5, at<em>\u00a0muy<\/em>\u00a0ofte svarer til det engelske\u00a0<em>very\u00a0<\/em>og\u00a0<em>mucho<\/em>\u00a0til det engelske\u00a0<em>a lot\/many.<\/em><\/p>\t\t\t\t\t\t\t\t<\/div>\n\t\t\t\t<\/div>\n\t\t\t\t<\/div>\n\t\t<div class=\"elementor-element elementor-element-886c57f e-con-full e-flex e-con e-child\" data-id=\"886c57f\" data-element_type=\"container\" data-settings=\"{&quot;background_background&quot;:&quot;classic&quot;}\">\n\t\t<div class=\"elementor-element elementor-element-5b6eb02 e-con-full e-flex e-con e-child\" data-id=\"5b6eb02\" data-element_type=\"container\" data-settings=\"{&quot;background_background&quot;:&quot;classic&quot;}\">\n\t\t\t\t<div class=\"elementor-element elementor-element-b50e78c elementor-widget elementor-widget-text-editor\" data-id=\"b50e78c\" data-element_type=\"widget\" data-widget_type=\"text-editor.default\">\n\t\t\t\t\t\t\t\t\t<p><strong>\u00bfSabes que?\u00a0<\/strong><\/p>\t\t\t\t\t\t\t\t<\/div>\n\t\t\t\t<div class=\"elementor-element elementor-element-0e72f5c elementor-widget elementor-widget-text-editor\" data-id=\"0e72f5c\" data-element_type=\"widget\" data-widget_type=\"text-editor.default\">\n\t\t\t\t\t\t\t\t\t<p>Nogle gange skal man p\u00e5 spansk bruge en bestemt artikel, hvor man ikke skal p\u00e5 dansk. Det g\u00e6lder bl.a. den s\u00e5kaldte artsartikel. Fx\u00a0<em>la tapa favorita de Silvia es la tortilla espa\u00f1ola\u00a0<\/em>\u2192\u00a0<em>Silvias yndlingstapa er kartoffel\u00e6ggekage.\u00a0<\/em><\/p>\t\t\t\t\t\t\t\t<\/div>\n\t\t\t\t<div class=\"elementor-element elementor-element-ddb0dec elementor-widget elementor-widget-text-editor\" data-id=\"ddb0dec\" data-element_type=\"widget\" data-widget_type=\"text-editor.default\">\n\t\t\t\t\t\t\t\t\t<p>Faktisk bruger man den bestemte form oftere p\u00e5 spansk end p\u00e5 dansk.<\/p>\t\t\t\t\t\t\t\t<\/div>\n\t\t\t\t<\/div>\n\t\t\t\t<\/div>\n\t\t\t\t<\/div>\n\t\t\t\t<\/div>\n\t\t\t\t<\/div>\n\t\t<div class=\"elementor-element elementor-element-4f73f55 e-con-full e-flex e-con e-child\" data-id=\"4f73f55\" data-element_type=\"container\">\n\t\t\t\t<div class=\"elementor-element elementor-element-ddef2ae elementor-widget elementor-widget-text-editor\" data-id=\"ddef2ae\" data-element_type=\"widget\" data-widget_type=\"text-editor.default\">\n\t\t\t\t\t\t\t\t\t<p><strong>Opgave 2: Perfektum \u00a0 \u00a0<\/strong><\/p>\t\t\t\t\t\t\t\t<\/div>\n\t\t\t\t<div class=\"elementor-element elementor-element-50c641f elementor-widget elementor-widget-text-editor\" data-id=\"50c641f\" data-element_type=\"widget\" data-widget_type=\"text-editor.default\">\n\t\t\t\t\t\t\t\t\t<p>a) Tal med din makker om perfektum (f\u00f8rnutid) <span class=\"TextRun SCXW23509110 BCX0\" lang=\"DA-DK\" xml:lang=\"DA-DK\" data-contrast=\"auto\"><span class=\"NormalTextRun SCXW23509110 BCX0\">\ud83d\udcac<\/span><\/span><\/p>\t\t\t\t\t\t\t\t<\/div>\n\t\t\t\t<div class=\"elementor-element elementor-element-d62d9ef elementor-icon-list--layout-traditional elementor-list-item-link-full_width elementor-widget elementor-widget-icon-list\" data-id=\"d62d9ef\" data-element_type=\"widget\" data-widget_type=\"icon-list.default\">\n\t\t\t\t\t\t\t<ul class=\"elementor-icon-list-items\">\n\t\t\t\t\t\t\t<li class=\"elementor-icon-list-item\">\n\t\t\t\t\t\t\t\t\t\t\t<span class=\"elementor-icon-list-icon\">\n\t\t\t\t\t\t\t<svg aria-hidden=\"true\" class=\"e-font-icon-svg e-fas-circle\" viewBox=\"0 0 512 512\" xmlns=\"http:\/\/www.w3.org\/2000\/svg\"><path d=\"M256 8C119 8 8 119 8 256s111 248 248 248 248-111 248-248S393 8 256 8z\"><\/path><\/svg>\t\t\t\t\t\t<\/span>\n\t\t\t\t\t\t\t\t\t\t<span class=\"elementor-icon-list-text\">Lav to s\u00e6tninger i perfektum p\u00e5 dansk.<\/span>\n\t\t\t\t\t\t\t\t\t<\/li>\n\t\t\t\t\t\t\t\t<li class=\"elementor-icon-list-item\">\n\t\t\t\t\t\t\t\t\t\t\t<span class=\"elementor-icon-list-icon\">\n\t\t\t\t\t\t\t<svg aria-hidden=\"true\" class=\"e-font-icon-svg e-fas-circle\" viewBox=\"0 0 512 512\" xmlns=\"http:\/\/www.w3.org\/2000\/svg\"><path d=\"M256 8C119 8 8 119 8 256s111 248 248 248 248-111 248-248S393 8 256 8z\"><\/path><\/svg>\t\t\t\t\t\t<\/span>\n\t\t\t\t\t\t\t\t\t\t<span class=\"elementor-icon-list-text\">Hvilke to hj\u00e6lpeverber kan vi bruge til at danne perfektum p\u00e5 dansk?<\/span>\n\t\t\t\t\t\t\t\t\t<\/li>\n\t\t\t\t\t\t\t\t<li class=\"elementor-icon-list-item\">\n\t\t\t\t\t\t\t\t\t\t\t<span class=\"elementor-icon-list-icon\">\n\t\t\t\t\t\t\t<svg aria-hidden=\"true\" class=\"e-font-icon-svg e-fas-circle\" viewBox=\"0 0 512 512\" xmlns=\"http:\/\/www.w3.org\/2000\/svg\"><path d=\"M256 8C119 8 8 119 8 256s111 248 248 248 248-111 248-248S393 8 256 8z\"><\/path><\/svg>\t\t\t\t\t\t<\/span>\n\t\t\t\t\t\t\t\t\t\t<span class=\"elementor-icon-list-text\">\u200bHvad hedder det hj\u00e6lpeverbum (der er kun \u00e9t), som man bruger til at lave en perfektum p\u00e5 spansk?<\/span>\n\t\t\t\t\t\t\t\t\t<\/li>\n\t\t\t\t\t\t\t\t<li class=\"elementor-icon-list-item\">\n\t\t\t\t\t\t\t\t\t\t\t<span class=\"elementor-icon-list-icon\">\n\t\t\t\t\t\t\t<svg aria-hidden=\"true\" class=\"e-font-icon-svg e-fas-circle\" viewBox=\"0 0 512 512\" xmlns=\"http:\/\/www.w3.org\/2000\/svg\"><path d=\"M256 8C119 8 8 119 8 256s111 248 248 248 248-111 248-248S393 8 256 8z\"><\/path><\/svg>\t\t\t\t\t\t<\/span>\n\t\t\t\t\t\t\t\t\t\t<span class=\"elementor-icon-list-text\">Hvilken endelse f\u00e5r f\u00f8lgende verber i perfektum: bailar\/beber\/vivir.<\/span>\n\t\t\t\t\t\t\t\t\t<\/li>\n\t\t\t\t\t\t\t\t<li class=\"elementor-icon-list-item\">\n\t\t\t\t\t\t\t\t\t\t\t<span class=\"elementor-icon-list-icon\">\n\t\t\t\t\t\t\t<svg aria-hidden=\"true\" class=\"e-font-icon-svg e-fas-circle\" viewBox=\"0 0 512 512\" xmlns=\"http:\/\/www.w3.org\/2000\/svg\"><path d=\"M256 8C119 8 8 119 8 256s111 248 248 248 248-111 248-248S393 8 256 8z\"><\/path><\/svg>\t\t\t\t\t\t<\/span>\n\t\t\t\t\t\t\t\t\t\t<span class=\"elementor-icon-list-text\">Hvilken endelse f\u00e5r disse uregelm\u00e6ssige verber i perfektum: abrir\/decir\/escribir\/hacer\/morir\/poner\/ver\/volver.   <\/span>\n\t\t\t\t\t\t\t\t\t<\/li>\n\t\t\t\t\t\t\t\t<li class=\"elementor-icon-list-item\">\n\t\t\t\t\t\t\t\t\t\t\t<span class=\"elementor-icon-list-icon\">\n\t\t\t\t\t\t\t<svg aria-hidden=\"true\" class=\"e-font-icon-svg e-fas-circle\" viewBox=\"0 0 512 512\" xmlns=\"http:\/\/www.w3.org\/2000\/svg\"><path d=\"M256 8C119 8 8 119 8 256s111 248 248 248 248-111 248-248S393 8 256 8z\"><\/path><\/svg>\t\t\t\t\t\t<\/span>\n\t\t\t\t\t\t\t\t\t\t<span class=\"elementor-icon-list-text\">Hvor placeres det refleksive pronomen, n\u00e5r det refleksive verbum b\u00f8jes i perfektum? Pr\u00f8v at b\u00f8je levantarse i 1. pers.\/sing. i perfektum.<\/span>\n\t\t\t\t\t\t\t\t\t<\/li>\n\t\t\t\t\t\t<\/ul>\n\t\t\t\t\t\t<\/div>\n\t\t<div class=\"elementor-element elementor-element-3d9c7aa e-con-full e-flex e-con e-child\" data-id=\"3d9c7aa\" data-element_type=\"container\">\n\t\t<div class=\"elementor-element elementor-element-4c79887 e-con-full e-flex e-con e-child\" data-id=\"4c79887\" data-element_type=\"container\">\n\t\t\t\t<div class=\"elementor-element elementor-element-cfacd93 elementor-widget elementor-widget-text-editor\" data-id=\"cfacd93\" data-element_type=\"widget\" data-widget_type=\"text-editor.default\">\n\t\t\t\t\t\t\t\t\t<p>b) Pr\u00e6sens til perfektum\u00a0 <span class=\"TextRun SCXW23509110 BCX0\" lang=\"DA-DK\" xml:lang=\"DA-DK\" data-contrast=\"auto\"><span class=\"NormalTextRun SCXW23509110 BCX0\">\ud83d\udcac<\/span><\/span>\u00a0 \u00a0 \u270f\ufe0f<br \/>Lav s\u00e6tningerne i pr\u00e6sens (nutid) om til perfektum (f\u00f8rnutid).<br \/>1. Hannah baila mucho\u00a0\u2192<br \/>2. Ellos comen tapas en el restaurante\u00a0\u2192<br \/>3. Vosotros viv\u00eds en el centro de M\u00e1laga\u00a0\u2192<br \/>4. Javier se levanta temprano\u00a0\u2192<br \/>5. Nosotros escribimos postales\u00a0\u2192<br \/>6. Javier hace la comida hoy\u00a0\u2192<\/p>\t\t\t\t\t\t\t\t<\/div>\n\t\t\t\t<div class=\"elementor-element elementor-element-0c00b7b elementor-widget elementor-widget-text-editor\" data-id=\"0c00b7b\" data-element_type=\"widget\" data-widget_type=\"text-editor.default\">\n\t\t\t\t\t\t\t\t\t<p>c)\u00a0Tr\u00e6n perfektum. Pulse\u00a0<strong><a href=\"http:\/\/www.quia.com\/quiz\/6413873.html\" target=\"_blank\" rel=\"noopener noreferrer\">aqu\u00ed<\/a><\/strong><\/p>\t\t\t\t\t\t\t\t<\/div>\n\t\t\t\t<div class=\"elementor-element elementor-element-a63ab2c elementor-widget elementor-widget-text-editor\" data-id=\"a63ab2c\" data-element_type=\"widget\" data-widget_type=\"text-editor.default\">\n\t\t\t\t\t\t\t\t\t<p>\u200bd) Din dag <span class=\"TextRun SCXW23509110 BCX0\" lang=\"DA-DK\" xml:lang=\"DA-DK\" data-contrast=\"auto\"><span class=\"NormalTextRun SCXW23509110 BCX0\">\ud83d\udcac<\/span><\/span><br \/>Fort\u00e6l din makker, hvad du har lavet i dag i perfektum (f\u00f8rnutid).<br \/>Husk, at \u201ci dag\u201d hedder\u00a0<em>hoy<\/em>.<strong>\u00a0<\/strong><br \/>Du kan tage udgangspunkt i gloserne til h\u00f8jre.<\/p>\t\t\t\t\t\t\t\t<\/div>\n\t\t\t\t<\/div>\n\t\t<div class=\"elementor-element elementor-element-acb7c40 e-con-full e-flex e-con e-child\" data-id=\"acb7c40\" data-element_type=\"container\">\n\t\t\t\t<div class=\"elementor-element elementor-element-0676081 elementor-widget elementor-widget-image\" data-id=\"0676081\" data-element_type=\"widget\" data-widget_type=\"image.default\">\n\t\t\t\t\t\t\t\t\t\t\t\t\t\t\t\t<a href=\"https:\/\/laerkeryge.maktechagency.com\/wp-content\/uploads\/2025\/12\/Cap.5.wordcloud_verbs-1024x604-1.webp\" data-elementor-open-lightbox=\"yes\" data-e-action-hash=\"#elementor-action%3Aaction%3Dlightbox%26settings%3DeyJpZCI6NDc2OSwidXJsIjoiaHR0cHM6XC9cL2xhZXJrZXJ5Z2UubWFrdGVjaGFnZW5jeS5jb21cL3dwLWNvbnRlbnRcL3VwbG9hZHNcLzIwMjVcLzEyXC9DYXAuNS53b3JkY2xvdWRfdmVyYnMtMTAyNHg2MDQtMS53ZWJwIn0%3D\">\n\t\t\t\t\t\t\t<img fetchpriority=\"high\" decoding=\"async\" width=\"1024\" height=\"604\" src=\"https:\/\/laerkeryge.maktechagency.com\/wp-content\/uploads\/2025\/12\/Cap.5.wordcloud_verbs-1024x604-1.webp\" class=\"attachment-full size-full wp-image-4769\" alt=\"\" srcset=\"https:\/\/laerkeryge.maktechagency.com\/wp-content\/uploads\/2025\/12\/Cap.5.wordcloud_verbs-1024x604-1.webp 1024w, https:\/\/laerkeryge.maktechagency.com\/wp-content\/uploads\/2025\/12\/Cap.5.wordcloud_verbs-1024x604-1-300x177.webp 300w, https:\/\/laerkeryge.maktechagency.com\/wp-content\/uploads\/2025\/12\/Cap.5.wordcloud_verbs-1024x604-1-768x453.webp 768w\" sizes=\"(max-width: 1024px) 100vw, 1024px\" \/>\t\t\t\t\t\t\t\t<\/a>\n\t\t\t\t\t\t\t\t\t\t\t\t\t\t\t<\/div>\n\t\t\t\t<\/div>\n\t\t\t\t<\/div>\n\t\t\t\t<\/div>\n\t\t\t\t<\/div>\n\t\t\t\t<\/div>\n\t\t","protected":false},"excerpt":{"rendered":"<p>Opgave 1: Muy og mucho Hvorn\u00e5r bruges\u00a0muy?Hvorn\u00e5r bruges\u00a0mucho? a)\u00a0Mucho foran et substantiv \ud83d\udcacHvad skal man v\u00e6re s\u00e6rligt opm\u00e6rksom p\u00e5, n\u00e5r\u00a0mucho\u00a0st\u00e5r [&hellip;]<\/p>\n","protected":false},"author":1,"featured_media":0,"parent":0,"menu_order":0,"comment_status":"closed","ping_status":"closed","template":"elementor_header_footer","meta":{"site-sidebar-layout":"no-sidebar","site-content-layout":"","ast-site-content-layout":"full-width-container","site-content-style":"default","site-sidebar-style":"default","ast-global-header-display":"","ast-banner-title-visibility":"","ast-main-header-display":"","ast-hfb-above-header-display":"","ast-hfb-below-header-display":"","ast-hfb-mobile-header-display":"","site-post-title":"","ast-breadcrumbs-content":"","ast-featured-img":"disabled","footer-sml-layout":"","ast-disable-related-posts":"","theme-transparent-header-meta":"","adv-header-id-meta":"","stick-header-meta":"","header-above-stick-meta":"","header-main-stick-meta":"","header-below-stick-meta":"","astra-migrate-meta-layouts":"default","ast-page-background-enabled":"default","ast-page-background-meta":{"desktop":{"background-color":"var(--ast-global-color-5)","background-image":"","background-repeat":"repeat","background-position":"center center","background-size":"auto","background-attachment":"scroll","background-type":"","background-media":"","overlay-type":"","overlay-color":"","overlay-opacity":"","overlay-gradient":""},"tablet":{"background-color":"","background-image":"","background-repeat":"repeat","background-position":"center center","background-size":"auto","background-attachment":"scroll","background-type":"","background-media":"","overlay-type":"","overlay-color":"","overlay-opacity":"","overlay-gradient":""},"mobile":{"background-color":"","background-image":"","background-repeat":"repeat","background-position":"center center","background-size":"auto","background-attachment":"scroll","background-type":"","background-media":"","overlay-type":"","overlay-color":"","overlay-opacity":"","overlay-gradient":""}},"ast-content-background-meta":{"desktop":{"background-color":"var(--ast-global-color-4)","background-image":"","background-repeat":"repeat","background-position":"center center","background-size":"auto","background-attachment":"scroll","background-type":"","background-media":"","overlay-type":"","overlay-color":"","overlay-opacity":"","overlay-gradient":""},"tablet":{"background-color":"var(--ast-global-color-4)","background-image":"","background-repeat":"repeat","background-position":"center center","background-size":"auto","background-attachment":"scroll","background-type":"","background-media":"","overlay-type":"","overlay-color":"","overlay-opacity":"","overlay-gradient":""},"mobile":{"background-color":"var(--ast-global-color-4)","background-image":"","background-repeat":"repeat","background-position":"center center","background-size":"auto","background-attachment":"scroll","background-type":"","background-media":"","overlay-type":"","overlay-color":"","overlay-opacity":"","overlay-gradient":""}},"footnotes":""},"class_list":["post-103","page","type-page","status-publish","hentry"],"_links":{"self":[{"href":"https:\/\/laerkeryge.maktechagency.com\/index.php\/wp-json\/wp\/v2\/pages\/103","targetHints":{"allow":["GET"]}}],"collection":[{"href":"https:\/\/laerkeryge.maktechagency.com\/index.php\/wp-json\/wp\/v2\/pages"}],"about":[{"href":"https:\/\/laerkeryge.maktechagency.com\/index.php\/wp-json\/wp\/v2\/types\/page"}],"author":[{"embeddable":true,"href":"https:\/\/laerkeryge.maktechagency.com\/index.php\/wp-json\/wp\/v2\/users\/1"}],"replies":[{"embeddable":true,"href":"https:\/\/laerkeryge.maktechagency.com\/index.php\/wp-json\/wp\/v2\/comments?post=103"}],"version-history":[{"count":118,"href":"https:\/\/laerkeryge.maktechagency.com\/index.php\/wp-json\/wp\/v2\/pages\/103\/revisions"}],"predecessor-version":[{"id":9062,"href":"https:\/\/laerkeryge.maktechagency.com\/index.php\/wp-json\/wp\/v2\/pages\/103\/revisions\/9062"}],"wp:attachment":[{"href":"https:\/\/laerkeryge.maktechagency.com\/index.php\/wp-json\/wp\/v2\/media?parent=103"}],"curies":[{"name":"wp","href":"https:\/\/api.w.org\/{rel}","templated":true}]}}