{"id":101,"date":"2025-12-20T08:19:10","date_gmt":"2025-12-20T08:19:10","guid":{"rendered":"https:\/\/laerkeryge.maktechagency.com\/?page_id=101"},"modified":"2026-01-07T05:23:34","modified_gmt":"2026-01-07T05:23:34","slug":"cap-4-traduccion","status":"publish","type":"page","link":"https:\/\/laerkeryge.maktechagency.com\/index.php\/cap-4-traduccion\/","title":{"rendered":"Cap 4 Traducci\u00f3n"},"content":{"rendered":"\t\t<div data-elementor-type=\"wp-page\" data-elementor-id=\"101\" class=\"elementor elementor-101\" data-elementor-post-type=\"page\">\n\t\t\t\t<div class=\"elementor-element elementor-element-7be3ef0 e-con-full e-flex e-con e-parent\" data-id=\"7be3ef0\" data-element_type=\"container\" data-settings=\"{&quot;background_background&quot;:&quot;classic&quot;}\">\n\t\t\t\t<\/div>\n\t\t<div class=\"elementor-element elementor-element-3d9d20b e-con-full e-flex e-con e-parent\" data-id=\"3d9d20b\" data-element_type=\"container\">\n\t\t<div class=\"elementor-element elementor-element-6b8ac80 e-con-full e-flex e-con e-child\" data-id=\"6b8ac80\" data-element_type=\"container\">\n\t\t\t\t<div class=\"elementor-element elementor-element-56fcfb9 elementor-widget elementor-widget-heading\" data-id=\"56fcfb9\" data-element_type=\"widget\" data-widget_type=\"heading.default\">\n\t\t\t\t\t<h2 class=\"elementor-heading-title elementor-size-default\">Opsamlende overs\u00e6ttelse til CAP. 4 \u270f\ufe0f  \n\n<\/h2>\t\t\t\t<\/div>\n\t\t\t\t<div class=\"elementor-element elementor-element-a9edd52 elementor-widget elementor-widget-text-editor\" data-id=\"a9edd52\" data-element_type=\"widget\" data-widget_type=\"text-editor.default\">\n\t\t\t\t\t\t\t\t\t<p>Traducci\u00f3n normal<br \/>1. Maries familie m\u00f8der (<em>encontrar a<\/em>) hendes veninder.<br \/>2. Manuel kan ikke finde et interessant arbejde.<br \/>\u200b3. 43 % af de unge har ikke et arbejde.<br \/>4. Manuel synes, at M\u00e1laga er interessant, fordi byen har meget kultur.<br \/>5. P\u00e5 den ene side er Manuel bekymret (<em>estar preocupado<\/em>), men p\u00e5 den anden side er han en positiv person.<br \/>6. De unge i Andalusien forf\u00f8lger (<em>perseguir<\/em>) deres dr\u00f8mme.<br \/>7. Marie tror, at hendes spanskl\u00e6rerinde bor i centrum.<br \/>8. \u00bfHvorfor dr\u00f8mmer du om at l\u00e6re (<em>aprender<\/em>) spansk?<\/p>\t\t\t\t\t\t\t\t<\/div>\n\t\t\t\t<div class=\"elementor-element elementor-element-7cbf530 elementor-widget elementor-widget-text-editor\" data-id=\"7cbf530\" data-element_type=\"widget\" data-widget_type=\"text-editor.default\">\n\t\t\t\t\t\t\t\t\t<p>Traducci\u00f3n avanzada<br \/>1. Maries spanske familie m\u00f8der hendes veninder, og Silvia synes, at de er s\u00f8de (<em>simp\u00e1tico<\/em>).<br \/>2. Manuel kan ikke finde et interessant arbejde, fordi arbejdssituationen (<em>situaci\u00f3n laboral f.<\/em>) er kompliceret.<br \/>3. 43% af de unge spaniere kan ikke finde et arbejde. Det er n\u00e6sten halvdelen af de unge.<br \/>4. Manuel synes, at byen er interessant, fordi den har meget kultur og en anderledes historie.<br \/>5. P\u00e5 den ene side er Manuel bekymret (<em>estar preocupado<\/em>), men p\u00e5 den anden side er han en positiv person med mange dr\u00f8mme.<br \/>6. St\u00f8rstedelen af de unge i Andalusien forf\u00f8lger (<em>perseguir<\/em>) deres dr\u00f8mme.<br \/>7. Marie tror, at hendes spanskl\u00e6rerinde bor i byens centrum.<br \/>8. \u00bfHvorfor dr\u00f8mmer du om at l\u00e6re (<em>aprender<\/em>) spansk, n\u00e5r du allerede (<em>ya<\/em>) taler engelsk?<\/p>\t\t\t\t\t\t\t\t<\/div>\n\t\t\t\t<\/div>\n\t\t\t\t<\/div>\n\t\t\t\t<\/div>\n\t\t","protected":false},"excerpt":{"rendered":"<p>Opsamlende overs\u00e6ttelse til CAP. 4 \u270f\ufe0f Traducci\u00f3n normal1. Maries familie m\u00f8der (encontrar a) hendes veninder.2. Manuel kan ikke finde et [&hellip;]<\/p>\n","protected":false},"author":1,"featured_media":0,"parent":0,"menu_order":0,"comment_status":"closed","ping_status":"closed","template":"elementor_header_footer","meta":{"site-sidebar-layout":"no-sidebar","site-content-layout":"","ast-site-content-layout":"full-width-container","site-content-style":"default","site-sidebar-style":"default","ast-global-header-display":"","ast-banner-title-visibility":"","ast-main-header-display":"","ast-hfb-above-header-display":"","ast-hfb-below-header-display":"","ast-hfb-mobile-header-display":"","site-post-title":"","ast-breadcrumbs-content":"","ast-featured-img":"disabled","footer-sml-layout":"","ast-disable-related-posts":"","theme-transparent-header-meta":"","adv-header-id-meta":"","stick-header-meta":"","header-above-stick-meta":"","header-main-stick-meta":"","header-below-stick-meta":"","astra-migrate-meta-layouts":"default","ast-page-background-enabled":"default","ast-page-background-meta":{"desktop":{"background-color":"var(--ast-global-color-5)","background-image":"","background-repeat":"repeat","background-position":"center center","background-size":"auto","background-attachment":"scroll","background-type":"","background-media":"","overlay-type":"","overlay-color":"","overlay-opacity":"","overlay-gradient":""},"tablet":{"background-color":"","background-image":"","background-repeat":"repeat","background-position":"center center","background-size":"auto","background-attachment":"scroll","background-type":"","background-media":"","overlay-type":"","overlay-color":"","overlay-opacity":"","overlay-gradient":""},"mobile":{"background-color":"","background-image":"","background-repeat":"repeat","background-position":"center center","background-size":"auto","background-attachment":"scroll","background-type":"","background-media":"","overlay-type":"","overlay-color":"","overlay-opacity":"","overlay-gradient":""}},"ast-content-background-meta":{"desktop":{"background-color":"var(--ast-global-color-4)","background-image":"","background-repeat":"repeat","background-position":"center center","background-size":"auto","background-attachment":"scroll","background-type":"","background-media":"","overlay-type":"","overlay-color":"","overlay-opacity":"","overlay-gradient":""},"tablet":{"background-color":"var(--ast-global-color-4)","background-image":"","background-repeat":"repeat","background-position":"center center","background-size":"auto","background-attachment":"scroll","background-type":"","background-media":"","overlay-type":"","overlay-color":"","overlay-opacity":"","overlay-gradient":""},"mobile":{"background-color":"var(--ast-global-color-4)","background-image":"","background-repeat":"repeat","background-position":"center center","background-size":"auto","background-attachment":"scroll","background-type":"","background-media":"","overlay-type":"","overlay-color":"","overlay-opacity":"","overlay-gradient":""}},"footnotes":""},"class_list":["post-101","page","type-page","status-publish","hentry"],"_links":{"self":[{"href":"https:\/\/laerkeryge.maktechagency.com\/index.php\/wp-json\/wp\/v2\/pages\/101","targetHints":{"allow":["GET"]}}],"collection":[{"href":"https:\/\/laerkeryge.maktechagency.com\/index.php\/wp-json\/wp\/v2\/pages"}],"about":[{"href":"https:\/\/laerkeryge.maktechagency.com\/index.php\/wp-json\/wp\/v2\/types\/page"}],"author":[{"embeddable":true,"href":"https:\/\/laerkeryge.maktechagency.com\/index.php\/wp-json\/wp\/v2\/users\/1"}],"replies":[{"embeddable":true,"href":"https:\/\/laerkeryge.maktechagency.com\/index.php\/wp-json\/wp\/v2\/comments?post=101"}],"version-history":[{"count":19,"href":"https:\/\/laerkeryge.maktechagency.com\/index.php\/wp-json\/wp\/v2\/pages\/101\/revisions"}],"predecessor-version":[{"id":8463,"href":"https:\/\/laerkeryge.maktechagency.com\/index.php\/wp-json\/wp\/v2\/pages\/101\/revisions\/8463"}],"wp:attachment":[{"href":"https:\/\/laerkeryge.maktechagency.com\/index.php\/wp-json\/wp\/v2\/media?parent=101"}],"curies":[{"name":"wp","href":"https:\/\/api.w.org\/{rel}","templated":true}]}}